{"id":8899,"date":"2024-04-18T19:26:14","date_gmt":"2024-04-18T19:26:14","guid":{"rendered":"http:\/\/glareone.eu\/produkt\/glareone-uchwyt-na-lampe-reporterska-pionowy-mocowanie-bowens\/"},"modified":"2024-05-13T10:12:18","modified_gmt":"2024-05-13T10:12:18","slug":"glareone-l-shaped-bracket-with-bowens-adapter-for-speedlight","status":"publish","type":"product","link":"https:\/\/glareone.eu\/nl\/product\/glareone-l-shaped-bracket-with-bowens-adapter-for-speedlight\/","title":{"rendered":"GlareOne L-Shaped bracket with Bowens adapter for speedlight"},"content":{"rendered":"<p>Deze GlareOne beugel maakt het mogelijk om modifiers zoals bowls en softboxen met een Bowens mount te gebruiken met reporter lampen. De solide metalen constructie zal grote modifiers zoals een 70 cm beauty dish of een 90 cm achthoekige softbox vasthouden. De reporter lamp wordt gemonteerd op een klemglijbaan. De kantelhoek binnen het bereik van -15\u00b0 tot +90\u00b0 wordt vergrendeld met een solide schroef.<\/p>\n<p>De verstelbare positie van de reporter lamp zowel verticaal als horizontaal maakt gebruik van bijna elke reporter lamp uitgerust met een ISO schoen mogelijk. Lampen met Sony\/Minolta standaard lamp schoen passen niet.<\/p>\n<p>De meegeleverde adapter met 3\/8&#8243; en 1\/4&#8243; schroefdraad maakt het mogelijk om de beugel niet alleen op verlichtingsstatieven, maar ook op fotografische te monteren.<\/p>\n","protected":false},"excerpt":{"rendered":"<p>Deze GlareOne beugel maakt het mogelijk om modifiers zoals bowls en softboxen met een Bowens mount te gebruiken met reporter lampen. De solide metalen constructie zal grote modifiers zoals een 70 cm beauty dish of een 90 cm achthoekige softbox vasthouden. De reporter lamp wordt gemonteerd op een klemglijbaan. De kantelhoek binnen het bereik van [&hellip;]<\/p>\n","protected":false},"featured_media":8896,"template":"","meta":[],"product_brand":[],"product_cat":[443],"product_tag":[],"class_list":{"0":"post-8899","1":"product","2":"type-product","3":"status-publish","4":"has-post-thumbnail","6":"product_cat-accessoires-nl","8":"first","9":"instock","10":"product-type-simple"},"yoast_head":"<!-- This site is optimized with the Yoast SEO plugin v27.2 - https:\/\/yoast.com\/product\/yoast-seo-wordpress\/ -->\n<title>GlareOne Uchwyt na lamp\u0119 reportersk\u0105 - pionowy, mocowanie Bowens<\/title>\n<meta name=\"description\" content=\"GlareOne Uchwyt na lamp\u0119 reportersk\u0105 - pionowy, mocowanie Bowens\" \/>\n<meta name=\"robots\" content=\"index, follow, max-snippet:-1, max-image-preview:large, max-video-preview:-1\" \/>\n<link rel=\"canonical\" href=\"https:\/\/glareone.eu\/nl\/product\/glareone-l-shaped-bracket-with-bowens-adapter-for-speedlight\/\" \/>\n<meta property=\"og:locale\" content=\"nl_NL\" \/>\n<meta property=\"og:type\" content=\"article\" \/>\n<meta property=\"og:title\" content=\"GlareOne Uchwyt na lamp\u0119 reportersk\u0105 - pionowy, mocowanie Bowens\" \/>\n<meta property=\"og:description\" content=\"GlareOne Uchwyt na lamp\u0119 reportersk\u0105 - pionowy, mocowanie Bowens\" \/>\n<meta property=\"og:url\" content=\"https:\/\/glareone.eu\/nl\/product\/glareone-l-shaped-bracket-with-bowens-adapter-for-speedlight\/\" \/>\n<meta property=\"og:site_name\" content=\"GlareOne\" \/>\n<meta property=\"article:publisher\" content=\"https:\/\/www.facebook.com\/GlareOneLighting\" \/>\n<meta property=\"article:modified_time\" content=\"2024-05-13T10:12:18+00:00\" \/>\n<meta property=\"og:image\" content=\"https:\/\/glareone.eu\/wp-content\/uploads\/2024\/04\/SBBOW_001.jpg\" \/>\n\t<meta property=\"og:image:width\" content=\"1000\" \/>\n\t<meta property=\"og:image:height\" content=\"1000\" \/>\n\t<meta property=\"og:image:type\" content=\"image\/jpeg\" \/>\n<meta name=\"twitter:card\" content=\"summary_large_image\" \/>\n<meta name=\"twitter:title\" content=\"GlareOne Uchwyt na lamp\u0119 reportersk\u0105 - pionowy, mocowanie Bowens\" \/>\n<meta name=\"twitter:label1\" content=\"Geschatte leestijd\" \/>\n\t<meta name=\"twitter:data1\" content=\"1 minuut\" \/>\n<script type=\"application\/ld+json\" class=\"yoast-schema-graph\">{\"@context\":\"https:\/\/schema.org\",\"@graph\":[{\"@type\":\"WebPage\",\"@id\":\"https:\/\/glareone.eu\/nl\/product\/glareone-l-shaped-bracket-with-bowens-adapter-for-speedlight\/\",\"url\":\"https:\/\/glareone.eu\/nl\/product\/glareone-l-shaped-bracket-with-bowens-adapter-for-speedlight\/\",\"name\":\"GlareOne Uchwyt na lamp\u0119 reportersk\u0105 - pionowy, mocowanie Bowens\",\"isPartOf\":{\"@id\":\"https:\/\/glareone.eu\/nl\/en\/#website\"},\"primaryImageOfPage\":{\"@id\":\"https:\/\/glareone.eu\/nl\/product\/glareone-l-shaped-bracket-with-bowens-adapter-for-speedlight\/#primaryimage\"},\"image\":{\"@id\":\"https:\/\/glareone.eu\/nl\/product\/glareone-l-shaped-bracket-with-bowens-adapter-for-speedlight\/#primaryimage\"},\"thumbnailUrl\":\"https:\/\/glareone.eu\/wp-content\/uploads\/2024\/04\/SBBOW_001.jpg\",\"datePublished\":\"2024-04-18T19:26:14+00:00\",\"dateModified\":\"2024-05-13T10:12:18+00:00\",\"description\":\"GlareOne Uchwyt na lamp\u0119 reportersk\u0105 - pionowy, mocowanie Bowens\",\"breadcrumb\":{\"@id\":\"https:\/\/glareone.eu\/nl\/product\/glareone-l-shaped-bracket-with-bowens-adapter-for-speedlight\/#breadcrumb\"},\"inLanguage\":\"nl-NL\",\"potentialAction\":[{\"@type\":\"ReadAction\",\"target\":[\"https:\/\/glareone.eu\/nl\/product\/glareone-l-shaped-bracket-with-bowens-adapter-for-speedlight\/\"]}]},{\"@type\":\"ImageObject\",\"inLanguage\":\"nl-NL\",\"@id\":\"https:\/\/glareone.eu\/nl\/product\/glareone-l-shaped-bracket-with-bowens-adapter-for-speedlight\/#primaryimage\",\"url\":\"https:\/\/glareone.eu\/wp-content\/uploads\/2024\/04\/SBBOW_001.jpg\",\"contentUrl\":\"https:\/\/glareone.eu\/wp-content\/uploads\/2024\/04\/SBBOW_001.jpg\",\"width\":1000,\"height\":1000},{\"@type\":\"BreadcrumbList\",\"@id\":\"https:\/\/glareone.eu\/nl\/product\/glareone-l-shaped-bracket-with-bowens-adapter-for-speedlight\/#breadcrumb\",\"itemListElement\":[{\"@type\":\"ListItem\",\"position\":1,\"name\":\"Strona g\u0142\u00f3wna\",\"item\":\"https:\/\/glareone.eu\/nl\/\"},{\"@type\":\"ListItem\",\"position\":2,\"name\":\"Alle producten\",\"item\":\"https:\/\/glareone.eu\/nl\/producten\/alle-producten\/\"},{\"@type\":\"ListItem\",\"position\":3,\"name\":\"GlareOne L-Shaped bracket with Bowens adapter for speedlight\"}]},{\"@type\":\"WebSite\",\"@id\":\"https:\/\/glareone.eu\/nl\/en\/#website\",\"url\":\"https:\/\/glareone.eu\/nl\/en\/\",\"name\":\"GlareOne\",\"description\":\"Wyposa\u017cenie Studia\",\"publisher\":{\"@id\":\"https:\/\/glareone.eu\/nl\/en\/#organization\"},\"potentialAction\":[{\"@type\":\"SearchAction\",\"target\":{\"@type\":\"EntryPoint\",\"urlTemplate\":\"https:\/\/glareone.eu\/nl\/en\/?s={search_term_string}\"},\"query-input\":{\"@type\":\"PropertyValueSpecification\",\"valueRequired\":true,\"valueName\":\"search_term_string\"}}],\"inLanguage\":\"nl-NL\"},{\"@type\":\"Organization\",\"@id\":\"https:\/\/glareone.eu\/nl\/en\/#organization\",\"name\":\"GlareOne\",\"url\":\"https:\/\/glareone.eu\/nl\/en\/\",\"logo\":{\"@type\":\"ImageObject\",\"inLanguage\":\"nl-NL\",\"@id\":\"https:\/\/glareone.eu\/nl\/en\/#\/schema\/logo\/image\/\",\"url\":\"http:\/\/glareone.eu\/wp-content\/uploads\/2024\/05\/glareone_logo2020_RGB-01-e1715773127189.png\",\"contentUrl\":\"http:\/\/glareone.eu\/wp-content\/uploads\/2024\/05\/glareone_logo2020_RGB-01-e1715773127189.png\",\"width\":1270,\"height\":321,\"caption\":\"GlareOne\"},\"image\":{\"@id\":\"https:\/\/glareone.eu\/nl\/en\/#\/schema\/logo\/image\/\"},\"sameAs\":[\"https:\/\/www.facebook.com\/GlareOneLighting\",\"https:\/\/www.instagram.com\/glareonelighting\/\",\"https:\/\/www.youtube.com\/@GlareOneTV\"]}]}<\/script>\n<!-- \/ Yoast SEO plugin. -->","yoast_head_json":{"title":"GlareOne Uchwyt na lamp\u0119 reportersk\u0105 - pionowy, mocowanie Bowens","description":"GlareOne Uchwyt na lamp\u0119 reportersk\u0105 - pionowy, mocowanie Bowens","robots":{"index":"index","follow":"follow","max-snippet":"max-snippet:-1","max-image-preview":"max-image-preview:large","max-video-preview":"max-video-preview:-1"},"canonical":"https:\/\/glareone.eu\/nl\/product\/glareone-l-shaped-bracket-with-bowens-adapter-for-speedlight\/","og_locale":"nl_NL","og_type":"article","og_title":"GlareOne Uchwyt na lamp\u0119 reportersk\u0105 - pionowy, mocowanie Bowens","og_description":"GlareOne Uchwyt na lamp\u0119 reportersk\u0105 - pionowy, mocowanie Bowens","og_url":"https:\/\/glareone.eu\/nl\/product\/glareone-l-shaped-bracket-with-bowens-adapter-for-speedlight\/","og_site_name":"GlareOne","article_publisher":"https:\/\/www.facebook.com\/GlareOneLighting","article_modified_time":"2024-05-13T10:12:18+00:00","og_image":[{"width":1000,"height":1000,"url":"https:\/\/glareone.eu\/wp-content\/uploads\/2024\/04\/SBBOW_001.jpg","type":"image\/jpeg"}],"twitter_card":"summary_large_image","twitter_title":"GlareOne Uchwyt na lamp\u0119 reportersk\u0105 - pionowy, mocowanie Bowens","twitter_misc":{"Geschatte leestijd":"1 minuut"},"schema":{"@context":"https:\/\/schema.org","@graph":[{"@type":"WebPage","@id":"https:\/\/glareone.eu\/nl\/product\/glareone-l-shaped-bracket-with-bowens-adapter-for-speedlight\/","url":"https:\/\/glareone.eu\/nl\/product\/glareone-l-shaped-bracket-with-bowens-adapter-for-speedlight\/","name":"GlareOne Uchwyt na lamp\u0119 reportersk\u0105 - pionowy, mocowanie Bowens","isPartOf":{"@id":"https:\/\/glareone.eu\/nl\/en\/#website"},"primaryImageOfPage":{"@id":"https:\/\/glareone.eu\/nl\/product\/glareone-l-shaped-bracket-with-bowens-adapter-for-speedlight\/#primaryimage"},"image":{"@id":"https:\/\/glareone.eu\/nl\/product\/glareone-l-shaped-bracket-with-bowens-adapter-for-speedlight\/#primaryimage"},"thumbnailUrl":"https:\/\/glareone.eu\/wp-content\/uploads\/2024\/04\/SBBOW_001.jpg","datePublished":"2024-04-18T19:26:14+00:00","dateModified":"2024-05-13T10:12:18+00:00","description":"GlareOne Uchwyt na lamp\u0119 reportersk\u0105 - pionowy, mocowanie Bowens","breadcrumb":{"@id":"https:\/\/glareone.eu\/nl\/product\/glareone-l-shaped-bracket-with-bowens-adapter-for-speedlight\/#breadcrumb"},"inLanguage":"nl-NL","potentialAction":[{"@type":"ReadAction","target":["https:\/\/glareone.eu\/nl\/product\/glareone-l-shaped-bracket-with-bowens-adapter-for-speedlight\/"]}]},{"@type":"ImageObject","inLanguage":"nl-NL","@id":"https:\/\/glareone.eu\/nl\/product\/glareone-l-shaped-bracket-with-bowens-adapter-for-speedlight\/#primaryimage","url":"https:\/\/glareone.eu\/wp-content\/uploads\/2024\/04\/SBBOW_001.jpg","contentUrl":"https:\/\/glareone.eu\/wp-content\/uploads\/2024\/04\/SBBOW_001.jpg","width":1000,"height":1000},{"@type":"BreadcrumbList","@id":"https:\/\/glareone.eu\/nl\/product\/glareone-l-shaped-bracket-with-bowens-adapter-for-speedlight\/#breadcrumb","itemListElement":[{"@type":"ListItem","position":1,"name":"Strona g\u0142\u00f3wna","item":"https:\/\/glareone.eu\/nl\/"},{"@type":"ListItem","position":2,"name":"Alle producten","item":"https:\/\/glareone.eu\/nl\/producten\/alle-producten\/"},{"@type":"ListItem","position":3,"name":"GlareOne L-Shaped bracket with Bowens adapter for speedlight"}]},{"@type":"WebSite","@id":"https:\/\/glareone.eu\/nl\/en\/#website","url":"https:\/\/glareone.eu\/nl\/en\/","name":"GlareOne","description":"Wyposa\u017cenie Studia","publisher":{"@id":"https:\/\/glareone.eu\/nl\/en\/#organization"},"potentialAction":[{"@type":"SearchAction","target":{"@type":"EntryPoint","urlTemplate":"https:\/\/glareone.eu\/nl\/en\/?s={search_term_string}"},"query-input":{"@type":"PropertyValueSpecification","valueRequired":true,"valueName":"search_term_string"}}],"inLanguage":"nl-NL"},{"@type":"Organization","@id":"https:\/\/glareone.eu\/nl\/en\/#organization","name":"GlareOne","url":"https:\/\/glareone.eu\/nl\/en\/","logo":{"@type":"ImageObject","inLanguage":"nl-NL","@id":"https:\/\/glareone.eu\/nl\/en\/#\/schema\/logo\/image\/","url":"http:\/\/glareone.eu\/wp-content\/uploads\/2024\/05\/glareone_logo2020_RGB-01-e1715773127189.png","contentUrl":"http:\/\/glareone.eu\/wp-content\/uploads\/2024\/05\/glareone_logo2020_RGB-01-e1715773127189.png","width":1270,"height":321,"caption":"GlareOne"},"image":{"@id":"https:\/\/glareone.eu\/nl\/en\/#\/schema\/logo\/image\/"},"sameAs":["https:\/\/www.facebook.com\/GlareOneLighting","https:\/\/www.instagram.com\/glareonelighting\/","https:\/\/www.youtube.com\/@GlareOneTV"]}]}},"_links":{"self":[{"href":"https:\/\/glareone.eu\/nl\/wp-json\/wp\/v2\/product\/8899","targetHints":{"allow":["GET"]}}],"collection":[{"href":"https:\/\/glareone.eu\/nl\/wp-json\/wp\/v2\/product"}],"about":[{"href":"https:\/\/glareone.eu\/nl\/wp-json\/wp\/v2\/types\/product"}],"wp:featuredmedia":[{"embeddable":true,"href":"https:\/\/glareone.eu\/nl\/wp-json\/wp\/v2\/media\/8896"}],"wp:attachment":[{"href":"https:\/\/glareone.eu\/nl\/wp-json\/wp\/v2\/media?parent=8899"}],"wp:term":[{"taxonomy":"product_brand","embeddable":true,"href":"https:\/\/glareone.eu\/nl\/wp-json\/wp\/v2\/product_brand?post=8899"},{"taxonomy":"product_cat","embeddable":true,"href":"https:\/\/glareone.eu\/nl\/wp-json\/wp\/v2\/product_cat?post=8899"},{"taxonomy":"product_tag","embeddable":true,"href":"https:\/\/glareone.eu\/nl\/wp-json\/wp\/v2\/product_tag?post=8899"}],"curies":[{"name":"wp","href":"https:\/\/api.w.org\/{rel}","templated":true}]}}