{"id":8578,"date":"2024-04-18T19:26:24","date_gmt":"2024-04-18T19:26:24","guid":{"rendered":"http:\/\/glareone.eu\/produkt\/glareone-glide-kit\/"},"modified":"2024-05-13T07:49:27","modified_gmt":"2024-05-13T07:49:27","slug":"glareone-glide-kit","status":"publish","type":"product","link":"https:\/\/glareone.eu\/nl\/product\/glareone-glide-kit\/","title":{"rendered":"GlareOne Glide Kit"},"content":{"rendered":"<h3>Convenience<\/h3>\n<p>Het gemakkelijker verplaatsen van een statief op de set, vooral met een opgehangen lamp, samen met lichtmodelleringsaccessoires, is een droom van elke fotograaf. Zo&#8217;n volledige werkset kan veel meer wegen dan 10 kg, dus het is veel gemakkelijker om het over de vloer te rollen dan om het in handen te dragen. De oplossing voor dit probleem is echter heel eenvoudig &#8211; wielen.<\/p>\n<h3>Veiligheid<\/h3>\n<p>Het uitrusten van een statief met wielen maakt het werk niet alleen comfortabeler, maar ook veiliger. De zwenkwielen maken het mogelijk om het statief gemakkelijk te verplaatsen zonder het van de grond te tillen, wat de kans op vallen of struikelen vermindert.<\/p>\n<h3>Constructie<\/h3>\n<p>De Glide Kit-zwenkwielen zijn ontworpen om te werken met Fatboy-statief, maar kunnen worden gebruikt met elk statief waarvan de poot niet groter is dan 30 mm in diameter. De statiefophanging is volledig van metaal voor een hoge belastbaarheid en mechanische sterkte. Elk wiel is uitgerust met een rem waarmee u het kunt vergrendelen.<\/p>\n<h3>Productkenmerken:<\/h3>\n<ul>\n<li>Biedt meer veiligheid tijdens uw sessie<\/li>\n<li>Ophanging gemaakt van metaal en wielen gemaakt van plastic<\/li>\n<li>Past op ronde poten met een maximale diameter van 30 mm<\/li>\n<li>Uitgerust met remmen<\/li>\n<li>Montage is zeer eenvoudig en vereist geen extra gereedschap<\/li>\n<\/ul>\n","protected":false},"excerpt":{"rendered":"<p>Convenience Het gemakkelijker verplaatsen van een statief op de set, vooral met een opgehangen lamp, samen met lichtmodelleringsaccessoires, is een droom van elke fotograaf. Zo&#8217;n volledige werkset kan veel meer wegen dan 10 kg, dus het is veel gemakkelijker om het over de vloer te rollen dan om het in handen te dragen. De oplossing [&hellip;]<\/p>\n","protected":false},"featured_media":8563,"template":"","meta":[],"product_brand":[],"product_cat":[443],"product_tag":[],"class_list":{"0":"post-8578","1":"product","2":"type-product","3":"status-publish","4":"has-post-thumbnail","6":"product_cat-accessoires-nl","8":"first","9":"instock","10":"product-type-simple"},"yoast_head":"<!-- This site is optimized with the Yoast SEO plugin v27.2 - https:\/\/yoast.com\/product\/yoast-seo-wordpress\/ -->\n<title>GlareOne Glide Kit - zestaw k\u00f3\u0142ek do statyw\u00f3w Fatboy<\/title>\n<meta name=\"description\" content=\"GlareOne Glide Kit - zestaw k\u00f3\u0142ek do statyw\u00f3w Fatboy\" \/>\n<meta name=\"robots\" content=\"index, follow, max-snippet:-1, max-image-preview:large, max-video-preview:-1\" \/>\n<link rel=\"canonical\" href=\"https:\/\/glareone.eu\/nl\/product\/glareone-glide-kit\/\" \/>\n<meta property=\"og:locale\" content=\"nl_NL\" \/>\n<meta property=\"og:type\" content=\"article\" \/>\n<meta property=\"og:title\" content=\"GlareOne Glide Kit - zestaw k\u00f3\u0142ek do statyw\u00f3w Fatboy\" \/>\n<meta property=\"og:description\" content=\"GlareOne Glide Kit - zestaw k\u00f3\u0142ek do statyw\u00f3w Fatboy\" \/>\n<meta property=\"og:url\" content=\"https:\/\/glareone.eu\/nl\/product\/glareone-glide-kit\/\" \/>\n<meta property=\"og:site_name\" content=\"GlareOne\" \/>\n<meta property=\"article:publisher\" content=\"https:\/\/www.facebook.com\/GlareOneLighting\" \/>\n<meta property=\"article:modified_time\" content=\"2024-05-13T07:49:27+00:00\" \/>\n<meta property=\"og:image\" content=\"https:\/\/glareone.eu\/wp-content\/uploads\/2024\/04\/GlareOne-Glide-Kit-18-1.jpg\" \/>\n\t<meta property=\"og:image:width\" content=\"1200\" \/>\n\t<meta property=\"og:image:height\" content=\"1200\" \/>\n\t<meta property=\"og:image:type\" content=\"image\/jpeg\" \/>\n<meta name=\"twitter:card\" content=\"summary_large_image\" \/>\n<meta name=\"twitter:title\" content=\"GlareOne Glide Kit - zestaw k\u00f3\u0142ek do statyw\u00f3w Fatboy\" \/>\n<meta name=\"twitter:label1\" content=\"Geschatte leestijd\" \/>\n\t<meta name=\"twitter:data1\" content=\"2 minuten\" \/>\n<script type=\"application\/ld+json\" class=\"yoast-schema-graph\">{\"@context\":\"https:\/\/schema.org\",\"@graph\":[{\"@type\":\"WebPage\",\"@id\":\"https:\/\/glareone.eu\/nl\/product\/glareone-glide-kit\/\",\"url\":\"https:\/\/glareone.eu\/nl\/product\/glareone-glide-kit\/\",\"name\":\"GlareOne Glide Kit - zestaw k\u00f3\u0142ek do statyw\u00f3w Fatboy\",\"isPartOf\":{\"@id\":\"https:\/\/glareone.eu\/nl\/en\/#website\"},\"primaryImageOfPage\":{\"@id\":\"https:\/\/glareone.eu\/nl\/product\/glareone-glide-kit\/#primaryimage\"},\"image\":{\"@id\":\"https:\/\/glareone.eu\/nl\/product\/glareone-glide-kit\/#primaryimage\"},\"thumbnailUrl\":\"https:\/\/glareone.eu\/wp-content\/uploads\/2024\/04\/GlareOne-Glide-Kit-18-1.jpg\",\"datePublished\":\"2024-04-18T19:26:24+00:00\",\"dateModified\":\"2024-05-13T07:49:27+00:00\",\"description\":\"GlareOne Glide Kit - zestaw k\u00f3\u0142ek do statyw\u00f3w Fatboy\",\"breadcrumb\":{\"@id\":\"https:\/\/glareone.eu\/nl\/product\/glareone-glide-kit\/#breadcrumb\"},\"inLanguage\":\"nl-NL\",\"potentialAction\":[{\"@type\":\"ReadAction\",\"target\":[\"https:\/\/glareone.eu\/nl\/product\/glareone-glide-kit\/\"]}]},{\"@type\":\"ImageObject\",\"inLanguage\":\"nl-NL\",\"@id\":\"https:\/\/glareone.eu\/nl\/product\/glareone-glide-kit\/#primaryimage\",\"url\":\"https:\/\/glareone.eu\/wp-content\/uploads\/2024\/04\/GlareOne-Glide-Kit-18-1.jpg\",\"contentUrl\":\"https:\/\/glareone.eu\/wp-content\/uploads\/2024\/04\/GlareOne-Glide-Kit-18-1.jpg\",\"width\":1200,\"height\":1200},{\"@type\":\"BreadcrumbList\",\"@id\":\"https:\/\/glareone.eu\/nl\/product\/glareone-glide-kit\/#breadcrumb\",\"itemListElement\":[{\"@type\":\"ListItem\",\"position\":1,\"name\":\"Strona g\u0142\u00f3wna\",\"item\":\"https:\/\/glareone.eu\/nl\/\"},{\"@type\":\"ListItem\",\"position\":2,\"name\":\"Alle producten\",\"item\":\"https:\/\/glareone.eu\/nl\/producten\/alle-producten\/\"},{\"@type\":\"ListItem\",\"position\":3,\"name\":\"GlareOne Glide Kit\"}]},{\"@type\":\"WebSite\",\"@id\":\"https:\/\/glareone.eu\/nl\/en\/#website\",\"url\":\"https:\/\/glareone.eu\/nl\/en\/\",\"name\":\"GlareOne\",\"description\":\"Wyposa\u017cenie Studia\",\"publisher\":{\"@id\":\"https:\/\/glareone.eu\/nl\/en\/#organization\"},\"potentialAction\":[{\"@type\":\"SearchAction\",\"target\":{\"@type\":\"EntryPoint\",\"urlTemplate\":\"https:\/\/glareone.eu\/nl\/en\/?s={search_term_string}\"},\"query-input\":{\"@type\":\"PropertyValueSpecification\",\"valueRequired\":true,\"valueName\":\"search_term_string\"}}],\"inLanguage\":\"nl-NL\"},{\"@type\":\"Organization\",\"@id\":\"https:\/\/glareone.eu\/nl\/en\/#organization\",\"name\":\"GlareOne\",\"url\":\"https:\/\/glareone.eu\/nl\/en\/\",\"logo\":{\"@type\":\"ImageObject\",\"inLanguage\":\"nl-NL\",\"@id\":\"https:\/\/glareone.eu\/nl\/en\/#\/schema\/logo\/image\/\",\"url\":\"http:\/\/glareone.eu\/wp-content\/uploads\/2024\/05\/glareone_logo2020_RGB-01-e1715773127189.png\",\"contentUrl\":\"http:\/\/glareone.eu\/wp-content\/uploads\/2024\/05\/glareone_logo2020_RGB-01-e1715773127189.png\",\"width\":1270,\"height\":321,\"caption\":\"GlareOne\"},\"image\":{\"@id\":\"https:\/\/glareone.eu\/nl\/en\/#\/schema\/logo\/image\/\"},\"sameAs\":[\"https:\/\/www.facebook.com\/GlareOneLighting\",\"https:\/\/www.instagram.com\/glareonelighting\/\",\"https:\/\/www.youtube.com\/@GlareOneTV\"]}]}<\/script>\n<!-- \/ Yoast SEO plugin. -->","yoast_head_json":{"title":"GlareOne Glide Kit - zestaw k\u00f3\u0142ek do statyw\u00f3w Fatboy","description":"GlareOne Glide Kit - zestaw k\u00f3\u0142ek do statyw\u00f3w Fatboy","robots":{"index":"index","follow":"follow","max-snippet":"max-snippet:-1","max-image-preview":"max-image-preview:large","max-video-preview":"max-video-preview:-1"},"canonical":"https:\/\/glareone.eu\/nl\/product\/glareone-glide-kit\/","og_locale":"nl_NL","og_type":"article","og_title":"GlareOne Glide Kit - zestaw k\u00f3\u0142ek do statyw\u00f3w Fatboy","og_description":"GlareOne Glide Kit - zestaw k\u00f3\u0142ek do statyw\u00f3w Fatboy","og_url":"https:\/\/glareone.eu\/nl\/product\/glareone-glide-kit\/","og_site_name":"GlareOne","article_publisher":"https:\/\/www.facebook.com\/GlareOneLighting","article_modified_time":"2024-05-13T07:49:27+00:00","og_image":[{"width":1200,"height":1200,"url":"https:\/\/glareone.eu\/wp-content\/uploads\/2024\/04\/GlareOne-Glide-Kit-18-1.jpg","type":"image\/jpeg"}],"twitter_card":"summary_large_image","twitter_title":"GlareOne Glide Kit - zestaw k\u00f3\u0142ek do statyw\u00f3w Fatboy","twitter_misc":{"Geschatte leestijd":"2 minuten"},"schema":{"@context":"https:\/\/schema.org","@graph":[{"@type":"WebPage","@id":"https:\/\/glareone.eu\/nl\/product\/glareone-glide-kit\/","url":"https:\/\/glareone.eu\/nl\/product\/glareone-glide-kit\/","name":"GlareOne Glide Kit - zestaw k\u00f3\u0142ek do statyw\u00f3w Fatboy","isPartOf":{"@id":"https:\/\/glareone.eu\/nl\/en\/#website"},"primaryImageOfPage":{"@id":"https:\/\/glareone.eu\/nl\/product\/glareone-glide-kit\/#primaryimage"},"image":{"@id":"https:\/\/glareone.eu\/nl\/product\/glareone-glide-kit\/#primaryimage"},"thumbnailUrl":"https:\/\/glareone.eu\/wp-content\/uploads\/2024\/04\/GlareOne-Glide-Kit-18-1.jpg","datePublished":"2024-04-18T19:26:24+00:00","dateModified":"2024-05-13T07:49:27+00:00","description":"GlareOne Glide Kit - zestaw k\u00f3\u0142ek do statyw\u00f3w Fatboy","breadcrumb":{"@id":"https:\/\/glareone.eu\/nl\/product\/glareone-glide-kit\/#breadcrumb"},"inLanguage":"nl-NL","potentialAction":[{"@type":"ReadAction","target":["https:\/\/glareone.eu\/nl\/product\/glareone-glide-kit\/"]}]},{"@type":"ImageObject","inLanguage":"nl-NL","@id":"https:\/\/glareone.eu\/nl\/product\/glareone-glide-kit\/#primaryimage","url":"https:\/\/glareone.eu\/wp-content\/uploads\/2024\/04\/GlareOne-Glide-Kit-18-1.jpg","contentUrl":"https:\/\/glareone.eu\/wp-content\/uploads\/2024\/04\/GlareOne-Glide-Kit-18-1.jpg","width":1200,"height":1200},{"@type":"BreadcrumbList","@id":"https:\/\/glareone.eu\/nl\/product\/glareone-glide-kit\/#breadcrumb","itemListElement":[{"@type":"ListItem","position":1,"name":"Strona g\u0142\u00f3wna","item":"https:\/\/glareone.eu\/nl\/"},{"@type":"ListItem","position":2,"name":"Alle producten","item":"https:\/\/glareone.eu\/nl\/producten\/alle-producten\/"},{"@type":"ListItem","position":3,"name":"GlareOne Glide Kit"}]},{"@type":"WebSite","@id":"https:\/\/glareone.eu\/nl\/en\/#website","url":"https:\/\/glareone.eu\/nl\/en\/","name":"GlareOne","description":"Wyposa\u017cenie Studia","publisher":{"@id":"https:\/\/glareone.eu\/nl\/en\/#organization"},"potentialAction":[{"@type":"SearchAction","target":{"@type":"EntryPoint","urlTemplate":"https:\/\/glareone.eu\/nl\/en\/?s={search_term_string}"},"query-input":{"@type":"PropertyValueSpecification","valueRequired":true,"valueName":"search_term_string"}}],"inLanguage":"nl-NL"},{"@type":"Organization","@id":"https:\/\/glareone.eu\/nl\/en\/#organization","name":"GlareOne","url":"https:\/\/glareone.eu\/nl\/en\/","logo":{"@type":"ImageObject","inLanguage":"nl-NL","@id":"https:\/\/glareone.eu\/nl\/en\/#\/schema\/logo\/image\/","url":"http:\/\/glareone.eu\/wp-content\/uploads\/2024\/05\/glareone_logo2020_RGB-01-e1715773127189.png","contentUrl":"http:\/\/glareone.eu\/wp-content\/uploads\/2024\/05\/glareone_logo2020_RGB-01-e1715773127189.png","width":1270,"height":321,"caption":"GlareOne"},"image":{"@id":"https:\/\/glareone.eu\/nl\/en\/#\/schema\/logo\/image\/"},"sameAs":["https:\/\/www.facebook.com\/GlareOneLighting","https:\/\/www.instagram.com\/glareonelighting\/","https:\/\/www.youtube.com\/@GlareOneTV"]}]}},"_links":{"self":[{"href":"https:\/\/glareone.eu\/nl\/wp-json\/wp\/v2\/product\/8578","targetHints":{"allow":["GET"]}}],"collection":[{"href":"https:\/\/glareone.eu\/nl\/wp-json\/wp\/v2\/product"}],"about":[{"href":"https:\/\/glareone.eu\/nl\/wp-json\/wp\/v2\/types\/product"}],"wp:featuredmedia":[{"embeddable":true,"href":"https:\/\/glareone.eu\/nl\/wp-json\/wp\/v2\/media\/8563"}],"wp:attachment":[{"href":"https:\/\/glareone.eu\/nl\/wp-json\/wp\/v2\/media?parent=8578"}],"wp:term":[{"taxonomy":"product_brand","embeddable":true,"href":"https:\/\/glareone.eu\/nl\/wp-json\/wp\/v2\/product_brand?post=8578"},{"taxonomy":"product_cat","embeddable":true,"href":"https:\/\/glareone.eu\/nl\/wp-json\/wp\/v2\/product_cat?post=8578"},{"taxonomy":"product_tag","embeddable":true,"href":"https:\/\/glareone.eu\/nl\/wp-json\/wp\/v2\/product_tag?post=8578"}],"curies":[{"name":"wp","href":"https:\/\/api.w.org\/{rel}","templated":true}]}}