{"id":7794,"date":"2024-04-18T19:26:16","date_gmt":"2024-04-18T19:26:16","guid":{"rendered":"http:\/\/glareone.eu\/produkt\/glareone-stol-bezcieniowy-60x130-cm-szybki-montaz\/"},"modified":"2025-10-30T09:51:38","modified_gmt":"2025-10-30T09:51:38","slug":"glareone-light-table-60x130-cm-quick-mount","status":"publish","type":"product","link":"https:\/\/glareone.eu\/nl\/product\/glareone-light-table-60x130-cm-quick-mount\/","title":{"rendered":"GlareOne Light Table 60&#215;130 cm, Quick Mount"},"content":{"rendered":"<p>De GlareOne lichttafel met snelle montagefunctie verspreidt effectief het licht en laat zelfs de kleinste details van het gefotografeerde object zien. Het is onmisbaar voor product-, technische of reclamefotografie.<\/p>\n<h3>Voordelen van GlareOne schaduwloze tafels:<\/h3>\n<ul>\n<li>effectief verspreiden van het licht, waardoor zelfs de kleinste details van het gefotografeerde object zichtbaar worden<\/li>\n<li>onvervangbaar in het geval van product-, technische en reclamefotografie<\/li>\n<li>aanbevolen voor zowel professionals als beginners<\/li>\n<li>dankzij de mogelijkheid om licht van opzij of van onderen te gebruiken, zorgen ze voor geen ongewenste schaduwen en onooglijke reflecties<\/li>\n<li>lichtgewicht en duurzame aluminium constructie<\/li>\n<li>verwijderbaar werkoppervlak gemaakt van krasbestendig, semi-doorlatend wit acryl<\/li>\n<li>universele klemmen met een 16 mm pin en 1\/4&#8243; schroefdraad maken het mogelijk om lampen, camera of andere fotografische accessoires op elke plaats van het rek te monteren<\/li>\n<li>instelbare hoek van de achterkant van de tafel<\/li>\n<li>compleet met hoes om de schaduwvrije tafel tijdens transport te beschermen<\/li>\n<\/ul>\n<h3>Beschikbare versies van GlareOne schaduwloze tafels:<\/h3>\n<ul>\n<li>schaduwloze tafel GLAREONE 60&#215;130 cm<\/li>\n<li>schaduwloze tafel GLAREONE 100&#215;200 cm<\/li>\n<li>schaduwloze tafel GLAREONE 60&#215;100 &#8211; snelle montage<\/li>\n<li>GLAREONE Schaduwloze Tafel 60&#215;130 cm &#8211; snelle montage<\/li>\n<\/ul>\n","protected":false},"excerpt":{"rendered":"<p><span style=\"color: #ff0000;\">Gearchiveerd product.<\/span><\/p>\n","protected":false},"featured_media":7787,"template":"","meta":[],"product_brand":[],"product_cat":[449],"product_tag":[],"class_list":{"0":"post-7794","1":"product","2":"type-product","3":"status-publish","4":"has-post-thumbnail","6":"product_cat-schaduwloze-fotografie","8":"first","9":"instock","10":"product-type-simple"},"yoast_head":"<!-- This site is optimized with the Yoast SEO plugin v27.2 - https:\/\/yoast.com\/product\/yoast-seo-wordpress\/ -->\n<title>GlareOne St\u00f3\u0142 bezcieniowy 60x130 cm, szybki monta\u017c<\/title>\n<meta name=\"description\" content=\"GlareOne St\u00f3\u0142 bezcieniowy 60x130 cm, szybki monta\u017c\" \/>\n<meta name=\"robots\" content=\"index, follow, max-snippet:-1, max-image-preview:large, max-video-preview:-1\" \/>\n<link rel=\"canonical\" href=\"https:\/\/glareone.eu\/nl\/product\/glareone-light-table-60x130-cm-quick-mount\/\" \/>\n<meta property=\"og:locale\" content=\"nl_NL\" \/>\n<meta property=\"og:type\" content=\"article\" \/>\n<meta property=\"og:title\" content=\"GlareOne St\u00f3\u0142 bezcieniowy 60x130 cm, szybki monta\u017c\" \/>\n<meta property=\"og:description\" content=\"GlareOne St\u00f3\u0142 bezcieniowy 60x130 cm, szybki monta\u017c\" \/>\n<meta property=\"og:url\" content=\"https:\/\/glareone.eu\/nl\/product\/glareone-light-table-60x130-cm-quick-mount\/\" \/>\n<meta property=\"og:site_name\" content=\"GlareOne\" \/>\n<meta property=\"article:publisher\" content=\"https:\/\/www.facebook.com\/GlareOneLighting\" \/>\n<meta property=\"article:modified_time\" content=\"2025-10-30T09:51:38+00:00\" \/>\n<meta property=\"og:image\" content=\"https:\/\/glareone.eu\/wp-content\/uploads\/2024\/04\/SST60X130_01.jpg\" \/>\n\t<meta property=\"og:image:width\" content=\"1000\" \/>\n\t<meta property=\"og:image:height\" content=\"1000\" \/>\n\t<meta property=\"og:image:type\" content=\"image\/jpeg\" \/>\n<meta name=\"twitter:card\" content=\"summary_large_image\" \/>\n<meta name=\"twitter:title\" content=\"GlareOne St\u00f3\u0142 bezcieniowy 60x130 cm, szybki monta\u017c\" \/>\n<meta name=\"twitter:label1\" content=\"Geschatte leestijd\" \/>\n\t<meta name=\"twitter:data1\" content=\"1 minuut\" \/>\n<script type=\"application\/ld+json\" class=\"yoast-schema-graph\">{\"@context\":\"https:\/\/schema.org\",\"@graph\":[{\"@type\":\"WebPage\",\"@id\":\"https:\/\/glareone.eu\/nl\/product\/glareone-light-table-60x130-cm-quick-mount\/\",\"url\":\"https:\/\/glareone.eu\/nl\/product\/glareone-light-table-60x130-cm-quick-mount\/\",\"name\":\"GlareOne St\u00f3\u0142 bezcieniowy 60x130 cm, szybki monta\u017c\",\"isPartOf\":{\"@id\":\"https:\/\/glareone.eu\/nl\/en\/#website\"},\"primaryImageOfPage\":{\"@id\":\"https:\/\/glareone.eu\/nl\/product\/glareone-light-table-60x130-cm-quick-mount\/#primaryimage\"},\"image\":{\"@id\":\"https:\/\/glareone.eu\/nl\/product\/glareone-light-table-60x130-cm-quick-mount\/#primaryimage\"},\"thumbnailUrl\":\"https:\/\/glareone.eu\/wp-content\/uploads\/2024\/04\/SST60X130_01.jpg\",\"datePublished\":\"2024-04-18T19:26:16+00:00\",\"dateModified\":\"2025-10-30T09:51:38+00:00\",\"description\":\"GlareOne St\u00f3\u0142 bezcieniowy 60x130 cm, szybki monta\u017c\",\"breadcrumb\":{\"@id\":\"https:\/\/glareone.eu\/nl\/product\/glareone-light-table-60x130-cm-quick-mount\/#breadcrumb\"},\"inLanguage\":\"nl-NL\",\"potentialAction\":[{\"@type\":\"ReadAction\",\"target\":[\"https:\/\/glareone.eu\/nl\/product\/glareone-light-table-60x130-cm-quick-mount\/\"]}]},{\"@type\":\"ImageObject\",\"inLanguage\":\"nl-NL\",\"@id\":\"https:\/\/glareone.eu\/nl\/product\/glareone-light-table-60x130-cm-quick-mount\/#primaryimage\",\"url\":\"https:\/\/glareone.eu\/wp-content\/uploads\/2024\/04\/SST60X130_01.jpg\",\"contentUrl\":\"https:\/\/glareone.eu\/wp-content\/uploads\/2024\/04\/SST60X130_01.jpg\",\"width\":1000,\"height\":1000},{\"@type\":\"BreadcrumbList\",\"@id\":\"https:\/\/glareone.eu\/nl\/product\/glareone-light-table-60x130-cm-quick-mount\/#breadcrumb\",\"itemListElement\":[{\"@type\":\"ListItem\",\"position\":1,\"name\":\"Strona g\u0142\u00f3wna\",\"item\":\"https:\/\/glareone.eu\/nl\/\"},{\"@type\":\"ListItem\",\"position\":2,\"name\":\"Alle producten\",\"item\":\"https:\/\/glareone.eu\/nl\/producten\/alle-producten\/\"},{\"@type\":\"ListItem\",\"position\":3,\"name\":\"GlareOne Light Table 60&#215;130 cm, Quick Mount\"}]},{\"@type\":\"WebSite\",\"@id\":\"https:\/\/glareone.eu\/nl\/en\/#website\",\"url\":\"https:\/\/glareone.eu\/nl\/en\/\",\"name\":\"GlareOne\",\"description\":\"Wyposa\u017cenie Studia\",\"publisher\":{\"@id\":\"https:\/\/glareone.eu\/nl\/en\/#organization\"},\"potentialAction\":[{\"@type\":\"SearchAction\",\"target\":{\"@type\":\"EntryPoint\",\"urlTemplate\":\"https:\/\/glareone.eu\/nl\/en\/?s={search_term_string}\"},\"query-input\":{\"@type\":\"PropertyValueSpecification\",\"valueRequired\":true,\"valueName\":\"search_term_string\"}}],\"inLanguage\":\"nl-NL\"},{\"@type\":\"Organization\",\"@id\":\"https:\/\/glareone.eu\/nl\/en\/#organization\",\"name\":\"GlareOne\",\"url\":\"https:\/\/glareone.eu\/nl\/en\/\",\"logo\":{\"@type\":\"ImageObject\",\"inLanguage\":\"nl-NL\",\"@id\":\"https:\/\/glareone.eu\/nl\/en\/#\/schema\/logo\/image\/\",\"url\":\"http:\/\/glareone.eu\/wp-content\/uploads\/2024\/05\/glareone_logo2020_RGB-01-e1715773127189.png\",\"contentUrl\":\"http:\/\/glareone.eu\/wp-content\/uploads\/2024\/05\/glareone_logo2020_RGB-01-e1715773127189.png\",\"width\":1270,\"height\":321,\"caption\":\"GlareOne\"},\"image\":{\"@id\":\"https:\/\/glareone.eu\/nl\/en\/#\/schema\/logo\/image\/\"},\"sameAs\":[\"https:\/\/www.facebook.com\/GlareOneLighting\",\"https:\/\/www.instagram.com\/glareonelighting\/\",\"https:\/\/www.youtube.com\/@GlareOneTV\"]}]}<\/script>\n<!-- \/ Yoast SEO plugin. -->","yoast_head_json":{"title":"GlareOne St\u00f3\u0142 bezcieniowy 60x130 cm, szybki monta\u017c","description":"GlareOne St\u00f3\u0142 bezcieniowy 60x130 cm, szybki monta\u017c","robots":{"index":"index","follow":"follow","max-snippet":"max-snippet:-1","max-image-preview":"max-image-preview:large","max-video-preview":"max-video-preview:-1"},"canonical":"https:\/\/glareone.eu\/nl\/product\/glareone-light-table-60x130-cm-quick-mount\/","og_locale":"nl_NL","og_type":"article","og_title":"GlareOne St\u00f3\u0142 bezcieniowy 60x130 cm, szybki monta\u017c","og_description":"GlareOne St\u00f3\u0142 bezcieniowy 60x130 cm, szybki monta\u017c","og_url":"https:\/\/glareone.eu\/nl\/product\/glareone-light-table-60x130-cm-quick-mount\/","og_site_name":"GlareOne","article_publisher":"https:\/\/www.facebook.com\/GlareOneLighting","article_modified_time":"2025-10-30T09:51:38+00:00","og_image":[{"width":1000,"height":1000,"url":"https:\/\/glareone.eu\/wp-content\/uploads\/2024\/04\/SST60X130_01.jpg","type":"image\/jpeg"}],"twitter_card":"summary_large_image","twitter_title":"GlareOne St\u00f3\u0142 bezcieniowy 60x130 cm, szybki monta\u017c","twitter_misc":{"Geschatte leestijd":"1 minuut"},"schema":{"@context":"https:\/\/schema.org","@graph":[{"@type":"WebPage","@id":"https:\/\/glareone.eu\/nl\/product\/glareone-light-table-60x130-cm-quick-mount\/","url":"https:\/\/glareone.eu\/nl\/product\/glareone-light-table-60x130-cm-quick-mount\/","name":"GlareOne St\u00f3\u0142 bezcieniowy 60x130 cm, szybki monta\u017c","isPartOf":{"@id":"https:\/\/glareone.eu\/nl\/en\/#website"},"primaryImageOfPage":{"@id":"https:\/\/glareone.eu\/nl\/product\/glareone-light-table-60x130-cm-quick-mount\/#primaryimage"},"image":{"@id":"https:\/\/glareone.eu\/nl\/product\/glareone-light-table-60x130-cm-quick-mount\/#primaryimage"},"thumbnailUrl":"https:\/\/glareone.eu\/wp-content\/uploads\/2024\/04\/SST60X130_01.jpg","datePublished":"2024-04-18T19:26:16+00:00","dateModified":"2025-10-30T09:51:38+00:00","description":"GlareOne St\u00f3\u0142 bezcieniowy 60x130 cm, szybki monta\u017c","breadcrumb":{"@id":"https:\/\/glareone.eu\/nl\/product\/glareone-light-table-60x130-cm-quick-mount\/#breadcrumb"},"inLanguage":"nl-NL","potentialAction":[{"@type":"ReadAction","target":["https:\/\/glareone.eu\/nl\/product\/glareone-light-table-60x130-cm-quick-mount\/"]}]},{"@type":"ImageObject","inLanguage":"nl-NL","@id":"https:\/\/glareone.eu\/nl\/product\/glareone-light-table-60x130-cm-quick-mount\/#primaryimage","url":"https:\/\/glareone.eu\/wp-content\/uploads\/2024\/04\/SST60X130_01.jpg","contentUrl":"https:\/\/glareone.eu\/wp-content\/uploads\/2024\/04\/SST60X130_01.jpg","width":1000,"height":1000},{"@type":"BreadcrumbList","@id":"https:\/\/glareone.eu\/nl\/product\/glareone-light-table-60x130-cm-quick-mount\/#breadcrumb","itemListElement":[{"@type":"ListItem","position":1,"name":"Strona g\u0142\u00f3wna","item":"https:\/\/glareone.eu\/nl\/"},{"@type":"ListItem","position":2,"name":"Alle producten","item":"https:\/\/glareone.eu\/nl\/producten\/alle-producten\/"},{"@type":"ListItem","position":3,"name":"GlareOne Light Table 60&#215;130 cm, Quick Mount"}]},{"@type":"WebSite","@id":"https:\/\/glareone.eu\/nl\/en\/#website","url":"https:\/\/glareone.eu\/nl\/en\/","name":"GlareOne","description":"Wyposa\u017cenie Studia","publisher":{"@id":"https:\/\/glareone.eu\/nl\/en\/#organization"},"potentialAction":[{"@type":"SearchAction","target":{"@type":"EntryPoint","urlTemplate":"https:\/\/glareone.eu\/nl\/en\/?s={search_term_string}"},"query-input":{"@type":"PropertyValueSpecification","valueRequired":true,"valueName":"search_term_string"}}],"inLanguage":"nl-NL"},{"@type":"Organization","@id":"https:\/\/glareone.eu\/nl\/en\/#organization","name":"GlareOne","url":"https:\/\/glareone.eu\/nl\/en\/","logo":{"@type":"ImageObject","inLanguage":"nl-NL","@id":"https:\/\/glareone.eu\/nl\/en\/#\/schema\/logo\/image\/","url":"http:\/\/glareone.eu\/wp-content\/uploads\/2024\/05\/glareone_logo2020_RGB-01-e1715773127189.png","contentUrl":"http:\/\/glareone.eu\/wp-content\/uploads\/2024\/05\/glareone_logo2020_RGB-01-e1715773127189.png","width":1270,"height":321,"caption":"GlareOne"},"image":{"@id":"https:\/\/glareone.eu\/nl\/en\/#\/schema\/logo\/image\/"},"sameAs":["https:\/\/www.facebook.com\/GlareOneLighting","https:\/\/www.instagram.com\/glareonelighting\/","https:\/\/www.youtube.com\/@GlareOneTV"]}]}},"_links":{"self":[{"href":"https:\/\/glareone.eu\/nl\/wp-json\/wp\/v2\/product\/7794","targetHints":{"allow":["GET"]}}],"collection":[{"href":"https:\/\/glareone.eu\/nl\/wp-json\/wp\/v2\/product"}],"about":[{"href":"https:\/\/glareone.eu\/nl\/wp-json\/wp\/v2\/types\/product"}],"wp:featuredmedia":[{"embeddable":true,"href":"https:\/\/glareone.eu\/nl\/wp-json\/wp\/v2\/media\/7787"}],"wp:attachment":[{"href":"https:\/\/glareone.eu\/nl\/wp-json\/wp\/v2\/media?parent=7794"}],"wp:term":[{"taxonomy":"product_brand","embeddable":true,"href":"https:\/\/glareone.eu\/nl\/wp-json\/wp\/v2\/product_brand?post=7794"},{"taxonomy":"product_cat","embeddable":true,"href":"https:\/\/glareone.eu\/nl\/wp-json\/wp\/v2\/product_cat?post=7794"},{"taxonomy":"product_tag","embeddable":true,"href":"https:\/\/glareone.eu\/nl\/wp-json\/wp\/v2\/product_tag?post=7794"}],"curies":[{"name":"wp","href":"https:\/\/api.w.org\/{rel}","templated":true}]}}