{"id":6553,"date":"2024-04-18T19:26:20","date_gmt":"2024-04-18T19:26:20","guid":{"rendered":"http:\/\/glareone.eu\/produkt\/glareone-parasolka-orb-srebrna-135\/"},"modified":"2025-10-30T09:40:36","modified_gmt":"2025-10-30T09:40:36","slug":"glareone-orb-135-zilver","status":"publish","type":"product","link":"https:\/\/glareone.eu\/nl\/product\/glareone-orb-135-zilver\/","title":{"rendered":"GlareOne ORB 135 Zilver"},"content":{"rendered":"<p>De GlareOne Orb 135 Silver is een diepe paraplu met een grote diameter, gekenmerkt door een zilveren reflecterend oppervlak en een diffuser die bij de set is inbegrepen.<\/p>\n<h3>Multifunctioneel<\/h3>\n<p>Het vindt toepassing in veel fotografische situaties, zowel in de studio als buiten. Het zilveren reflecterende oppervlak cre\u00ebert sterk en contrastrijk licht, wat bijvoorbeeld handig is in de modefotografie. Na het bevestigen van de diffuser wordt het licht zacht en diffuus &#8211; perfect voor delicate portretten. Dankzij de constructie met 16 panelen heeft de paraplu een vorm die dicht bij een cirkel komt, waardoor natuurlijke reflecties in de ogen van gefotografeerde personen worden gegarandeerd.<\/p>\n<h3>Gemakkelijk te gebruiken<\/h3>\n<p>Vouw het gewoon uit als een gewone regenparaplu en bevestig het aan de lamp, geschikt voor zowel flits- als continuverlichtingsbronnen.<\/p>\n<h3>Diep<\/h3>\n<p>De grote diepte van de paraplu maakt het gemakkelijker om de verlichting van de sc\u00e8ne te controleren en het gewenste effect te bereiken. De GlareOne Orb richt het licht aanzienlijk meer dan zijn ondiepe tegenhangers.<\/p>\n<h3>Productkenmerken:<\/h3>\n<ul>\n<li>Werkt succesvol zowel in de studio als buiten<\/li>\n<li>Maakt het mogelijk om contrastrijke verlichting te bereiken<\/li>\n<li>16-zijdige vorm zorgt voor natuurlijke reflecties in de ogen van gefotografeerde personen<\/li>\n<li>Biedt uitstekende controle over licht dankzij zijn diepe profiel<\/li>\n<li>Uitgerust met een extra lichtverzachtende diffuser<\/li>\n<li>Snel op te zetten en op te vouwen<\/li>\n<li>Draagbaar, lichtgewicht en gemakkelijk te vervoeren<\/li>\n<li>Gebaseerd op een frame van glasvezel<\/li>\n<li>Metalen schacht past op bijna elke studiolamp<\/li>\n<li>Wordt geleverd met een handige draagtas<\/li>\n<\/ul>\n","protected":false},"excerpt":{"rendered":"<p><span style=\"color: #ff0000;\">Gearchiveerd product.<\/span><\/p>\n","protected":false},"featured_media":6537,"template":"","meta":[],"product_brand":[],"product_cat":[459],"product_tag":[],"class_list":{"0":"post-6553","1":"product","2":"type-product","3":"status-publish","4":"has-post-thumbnail","6":"product_cat-orb-nl","8":"first","9":"instock","10":"product-type-simple"},"yoast_head":"<!-- This site is optimized with the Yoast SEO plugin v27.2 - https:\/\/yoast.com\/product\/yoast-seo-wordpress\/ -->\n<title>GlareOne Parasolka ORB srebrna 135 - g\u0142\u0119boki parasol z dyfuzorem<\/title>\n<meta name=\"description\" content=\"GlareOne Parasolka ORB srebrna 135 - g\u0142\u0119boki parasol z dyfuzorem\" \/>\n<meta name=\"robots\" content=\"index, follow, max-snippet:-1, max-image-preview:large, max-video-preview:-1\" \/>\n<link rel=\"canonical\" href=\"https:\/\/glareone.eu\/nl\/product\/glareone-orb-135-zilver\/\" \/>\n<meta property=\"og:locale\" content=\"nl_NL\" \/>\n<meta property=\"og:type\" content=\"article\" \/>\n<meta property=\"og:title\" content=\"GlareOne Parasolka ORB srebrna 135 - g\u0142\u0119boki parasol z dyfuzorem\" \/>\n<meta property=\"og:description\" content=\"GlareOne Parasolka ORB srebrna 135 - g\u0142\u0119boki parasol z dyfuzorem\" \/>\n<meta property=\"og:url\" content=\"https:\/\/glareone.eu\/nl\/product\/glareone-orb-135-zilver\/\" \/>\n<meta property=\"og:site_name\" content=\"GlareOne\" \/>\n<meta property=\"article:publisher\" content=\"https:\/\/www.facebook.com\/GlareOneLighting\" \/>\n<meta property=\"article:modified_time\" content=\"2025-10-30T09:40:36+00:00\" \/>\n<meta property=\"og:image\" content=\"https:\/\/glareone.eu\/wp-content\/uploads\/2024\/04\/GlareOne-Orb-135-Silver-1_sm.jpg\" \/>\n\t<meta property=\"og:image:width\" content=\"1000\" \/>\n\t<meta property=\"og:image:height\" content=\"1000\" \/>\n\t<meta property=\"og:image:type\" content=\"image\/jpeg\" \/>\n<meta name=\"twitter:card\" content=\"summary_large_image\" \/>\n<meta name=\"twitter:title\" content=\"GlareOne Parasolka ORB srebrna 135 - g\u0142\u0119boki parasol z dyfuzorem\" \/>\n<meta name=\"twitter:label1\" content=\"Geschatte leestijd\" \/>\n\t<meta name=\"twitter:data1\" content=\"2 minuten\" \/>\n<script type=\"application\/ld+json\" class=\"yoast-schema-graph\">{\"@context\":\"https:\/\/schema.org\",\"@graph\":[{\"@type\":\"WebPage\",\"@id\":\"https:\/\/glareone.eu\/nl\/product\/glareone-orb-135-zilver\/\",\"url\":\"https:\/\/glareone.eu\/nl\/product\/glareone-orb-135-zilver\/\",\"name\":\"GlareOne Parasolka ORB srebrna 135 - g\u0142\u0119boki parasol z dyfuzorem\",\"isPartOf\":{\"@id\":\"https:\/\/glareone.eu\/nl\/en\/#website\"},\"primaryImageOfPage\":{\"@id\":\"https:\/\/glareone.eu\/nl\/product\/glareone-orb-135-zilver\/#primaryimage\"},\"image\":{\"@id\":\"https:\/\/glareone.eu\/nl\/product\/glareone-orb-135-zilver\/#primaryimage\"},\"thumbnailUrl\":\"https:\/\/glareone.eu\/wp-content\/uploads\/2024\/04\/GlareOne-Orb-135-Silver-1_sm.jpg\",\"datePublished\":\"2024-04-18T19:26:20+00:00\",\"dateModified\":\"2025-10-30T09:40:36+00:00\",\"description\":\"GlareOne Parasolka ORB srebrna 135 - g\u0142\u0119boki parasol z dyfuzorem\",\"breadcrumb\":{\"@id\":\"https:\/\/glareone.eu\/nl\/product\/glareone-orb-135-zilver\/#breadcrumb\"},\"inLanguage\":\"nl-NL\",\"potentialAction\":[{\"@type\":\"ReadAction\",\"target\":[\"https:\/\/glareone.eu\/nl\/product\/glareone-orb-135-zilver\/\"]}]},{\"@type\":\"ImageObject\",\"inLanguage\":\"nl-NL\",\"@id\":\"https:\/\/glareone.eu\/nl\/product\/glareone-orb-135-zilver\/#primaryimage\",\"url\":\"https:\/\/glareone.eu\/wp-content\/uploads\/2024\/04\/GlareOne-Orb-135-Silver-1_sm.jpg\",\"contentUrl\":\"https:\/\/glareone.eu\/wp-content\/uploads\/2024\/04\/GlareOne-Orb-135-Silver-1_sm.jpg\",\"width\":1000,\"height\":1000},{\"@type\":\"BreadcrumbList\",\"@id\":\"https:\/\/glareone.eu\/nl\/product\/glareone-orb-135-zilver\/#breadcrumb\",\"itemListElement\":[{\"@type\":\"ListItem\",\"position\":1,\"name\":\"Strona g\u0142\u00f3wna\",\"item\":\"https:\/\/glareone.eu\/nl\/\"},{\"@type\":\"ListItem\",\"position\":2,\"name\":\"Alle producten\",\"item\":\"https:\/\/glareone.eu\/nl\/producten\/alle-producten\/\"},{\"@type\":\"ListItem\",\"position\":3,\"name\":\"GlareOne ORB 135 Zilver\"}]},{\"@type\":\"WebSite\",\"@id\":\"https:\/\/glareone.eu\/nl\/en\/#website\",\"url\":\"https:\/\/glareone.eu\/nl\/en\/\",\"name\":\"GlareOne\",\"description\":\"Wyposa\u017cenie Studia\",\"publisher\":{\"@id\":\"https:\/\/glareone.eu\/nl\/en\/#organization\"},\"potentialAction\":[{\"@type\":\"SearchAction\",\"target\":{\"@type\":\"EntryPoint\",\"urlTemplate\":\"https:\/\/glareone.eu\/nl\/en\/?s={search_term_string}\"},\"query-input\":{\"@type\":\"PropertyValueSpecification\",\"valueRequired\":true,\"valueName\":\"search_term_string\"}}],\"inLanguage\":\"nl-NL\"},{\"@type\":\"Organization\",\"@id\":\"https:\/\/glareone.eu\/nl\/en\/#organization\",\"name\":\"GlareOne\",\"url\":\"https:\/\/glareone.eu\/nl\/en\/\",\"logo\":{\"@type\":\"ImageObject\",\"inLanguage\":\"nl-NL\",\"@id\":\"https:\/\/glareone.eu\/nl\/en\/#\/schema\/logo\/image\/\",\"url\":\"http:\/\/glareone.eu\/wp-content\/uploads\/2024\/05\/glareone_logo2020_RGB-01-e1715773127189.png\",\"contentUrl\":\"http:\/\/glareone.eu\/wp-content\/uploads\/2024\/05\/glareone_logo2020_RGB-01-e1715773127189.png\",\"width\":1270,\"height\":321,\"caption\":\"GlareOne\"},\"image\":{\"@id\":\"https:\/\/glareone.eu\/nl\/en\/#\/schema\/logo\/image\/\"},\"sameAs\":[\"https:\/\/www.facebook.com\/GlareOneLighting\",\"https:\/\/www.instagram.com\/glareonelighting\/\",\"https:\/\/www.youtube.com\/@GlareOneTV\"]}]}<\/script>\n<!-- \/ Yoast SEO plugin. -->","yoast_head_json":{"title":"GlareOne Parasolka ORB srebrna 135 - g\u0142\u0119boki parasol z dyfuzorem","description":"GlareOne Parasolka ORB srebrna 135 - g\u0142\u0119boki parasol z dyfuzorem","robots":{"index":"index","follow":"follow","max-snippet":"max-snippet:-1","max-image-preview":"max-image-preview:large","max-video-preview":"max-video-preview:-1"},"canonical":"https:\/\/glareone.eu\/nl\/product\/glareone-orb-135-zilver\/","og_locale":"nl_NL","og_type":"article","og_title":"GlareOne Parasolka ORB srebrna 135 - g\u0142\u0119boki parasol z dyfuzorem","og_description":"GlareOne Parasolka ORB srebrna 135 - g\u0142\u0119boki parasol z dyfuzorem","og_url":"https:\/\/glareone.eu\/nl\/product\/glareone-orb-135-zilver\/","og_site_name":"GlareOne","article_publisher":"https:\/\/www.facebook.com\/GlareOneLighting","article_modified_time":"2025-10-30T09:40:36+00:00","og_image":[{"width":1000,"height":1000,"url":"https:\/\/glareone.eu\/wp-content\/uploads\/2024\/04\/GlareOne-Orb-135-Silver-1_sm.jpg","type":"image\/jpeg"}],"twitter_card":"summary_large_image","twitter_title":"GlareOne Parasolka ORB srebrna 135 - g\u0142\u0119boki parasol z dyfuzorem","twitter_misc":{"Geschatte leestijd":"2 minuten"},"schema":{"@context":"https:\/\/schema.org","@graph":[{"@type":"WebPage","@id":"https:\/\/glareone.eu\/nl\/product\/glareone-orb-135-zilver\/","url":"https:\/\/glareone.eu\/nl\/product\/glareone-orb-135-zilver\/","name":"GlareOne Parasolka ORB srebrna 135 - g\u0142\u0119boki parasol z dyfuzorem","isPartOf":{"@id":"https:\/\/glareone.eu\/nl\/en\/#website"},"primaryImageOfPage":{"@id":"https:\/\/glareone.eu\/nl\/product\/glareone-orb-135-zilver\/#primaryimage"},"image":{"@id":"https:\/\/glareone.eu\/nl\/product\/glareone-orb-135-zilver\/#primaryimage"},"thumbnailUrl":"https:\/\/glareone.eu\/wp-content\/uploads\/2024\/04\/GlareOne-Orb-135-Silver-1_sm.jpg","datePublished":"2024-04-18T19:26:20+00:00","dateModified":"2025-10-30T09:40:36+00:00","description":"GlareOne Parasolka ORB srebrna 135 - g\u0142\u0119boki parasol z dyfuzorem","breadcrumb":{"@id":"https:\/\/glareone.eu\/nl\/product\/glareone-orb-135-zilver\/#breadcrumb"},"inLanguage":"nl-NL","potentialAction":[{"@type":"ReadAction","target":["https:\/\/glareone.eu\/nl\/product\/glareone-orb-135-zilver\/"]}]},{"@type":"ImageObject","inLanguage":"nl-NL","@id":"https:\/\/glareone.eu\/nl\/product\/glareone-orb-135-zilver\/#primaryimage","url":"https:\/\/glareone.eu\/wp-content\/uploads\/2024\/04\/GlareOne-Orb-135-Silver-1_sm.jpg","contentUrl":"https:\/\/glareone.eu\/wp-content\/uploads\/2024\/04\/GlareOne-Orb-135-Silver-1_sm.jpg","width":1000,"height":1000},{"@type":"BreadcrumbList","@id":"https:\/\/glareone.eu\/nl\/product\/glareone-orb-135-zilver\/#breadcrumb","itemListElement":[{"@type":"ListItem","position":1,"name":"Strona g\u0142\u00f3wna","item":"https:\/\/glareone.eu\/nl\/"},{"@type":"ListItem","position":2,"name":"Alle producten","item":"https:\/\/glareone.eu\/nl\/producten\/alle-producten\/"},{"@type":"ListItem","position":3,"name":"GlareOne ORB 135 Zilver"}]},{"@type":"WebSite","@id":"https:\/\/glareone.eu\/nl\/en\/#website","url":"https:\/\/glareone.eu\/nl\/en\/","name":"GlareOne","description":"Wyposa\u017cenie Studia","publisher":{"@id":"https:\/\/glareone.eu\/nl\/en\/#organization"},"potentialAction":[{"@type":"SearchAction","target":{"@type":"EntryPoint","urlTemplate":"https:\/\/glareone.eu\/nl\/en\/?s={search_term_string}"},"query-input":{"@type":"PropertyValueSpecification","valueRequired":true,"valueName":"search_term_string"}}],"inLanguage":"nl-NL"},{"@type":"Organization","@id":"https:\/\/glareone.eu\/nl\/en\/#organization","name":"GlareOne","url":"https:\/\/glareone.eu\/nl\/en\/","logo":{"@type":"ImageObject","inLanguage":"nl-NL","@id":"https:\/\/glareone.eu\/nl\/en\/#\/schema\/logo\/image\/","url":"http:\/\/glareone.eu\/wp-content\/uploads\/2024\/05\/glareone_logo2020_RGB-01-e1715773127189.png","contentUrl":"http:\/\/glareone.eu\/wp-content\/uploads\/2024\/05\/glareone_logo2020_RGB-01-e1715773127189.png","width":1270,"height":321,"caption":"GlareOne"},"image":{"@id":"https:\/\/glareone.eu\/nl\/en\/#\/schema\/logo\/image\/"},"sameAs":["https:\/\/www.facebook.com\/GlareOneLighting","https:\/\/www.instagram.com\/glareonelighting\/","https:\/\/www.youtube.com\/@GlareOneTV"]}]}},"_links":{"self":[{"href":"https:\/\/glareone.eu\/nl\/wp-json\/wp\/v2\/product\/6553","targetHints":{"allow":["GET"]}}],"collection":[{"href":"https:\/\/glareone.eu\/nl\/wp-json\/wp\/v2\/product"}],"about":[{"href":"https:\/\/glareone.eu\/nl\/wp-json\/wp\/v2\/types\/product"}],"wp:featuredmedia":[{"embeddable":true,"href":"https:\/\/glareone.eu\/nl\/wp-json\/wp\/v2\/media\/6537"}],"wp:attachment":[{"href":"https:\/\/glareone.eu\/nl\/wp-json\/wp\/v2\/media?parent=6553"}],"wp:term":[{"taxonomy":"product_brand","embeddable":true,"href":"https:\/\/glareone.eu\/nl\/wp-json\/wp\/v2\/product_brand?post=6553"},{"taxonomy":"product_cat","embeddable":true,"href":"https:\/\/glareone.eu\/nl\/wp-json\/wp\/v2\/product_cat?post=6553"},{"taxonomy":"product_tag","embeddable":true,"href":"https:\/\/glareone.eu\/nl\/wp-json\/wp\/v2\/product_tag?post=6553"}],"curies":[{"name":"wp","href":"https:\/\/api.w.org\/{rel}","templated":true}]}}