{"id":6525,"date":"2024-04-18T19:26:20","date_gmt":"2024-04-18T19:26:20","guid":{"rendered":"http:\/\/glareone.eu\/produkt\/glareone-system-zawieszania-tla-z-poprzeczka-teleskopowa-oraz-pokrowcem\/"},"modified":"2024-05-07T11:30:58","modified_gmt":"2024-05-07T11:30:58","slug":"glareone-achtergrondondersteuningskit","status":"publish","type":"product","link":"https:\/\/glareone.eu\/nl\/product\/glareone-achtergrondondersteuningskit\/","title":{"rendered":"GlareOne Achtergrondondersteuningskit met telescopische dwarsbalk en tas"},"content":{"rendered":"<p><span data-mce-type=\"bookmark\" style=\"display: inline-block; width: 0px; overflow: hidden; line-height: 0;\" class=\"mce_SELRES_start\">\ufeff<\/span>Het inklapbare achtergrondsysteem maakt het eenvoudig en snel ophangen van een foto- of videobackdrop mogelijk.<\/p>\n<p>Het systeem kenmerkt zich door een eenvoudige en intu\u00eftieve installatie. Dankzij de eenvoudige montage en de mogelijkheid om het hele systeem in delen te demonteren, is het perfect voor buiten- en incidentele sessies, evenals voor locaties waar we niet veel ruimte hebben voor de achtergrond en deze af en toe gebruiken.<\/p>\n<p>Telescopische dwarsbalk voor het ophangen van achtergronden met een werkingsbereik van 114 cm tot 300 cm. Montage op een verlichtingsstatief met 16 mm opname. Het is ontworpen voor het ophangen van fotografische achtergronden met een maximale breedte van 300 cm. De balk heeft drie segmenten, elk kan op elke grootte worden vergrendeld, dit maakt het mogelijk om de breedte van de dwarsbalk goed af te stellen op de achtergrond of de beperkte ruimte voor het ophangsysteem van de achtergrond.<\/p>\n<h4><strong>Het systeem bestaat uit:<\/strong><\/h4>\n<ul>\n<li>2 x verlichtingsstatief met een maximale hoogte van 260 cm<\/li>\n<li>telescopische dwarsbalk met een werkingsbereik van 114 cm tot 300 cm<\/li>\n<li>grote comfortabele draagtas<\/li>\n<\/ul>\n","protected":false},"excerpt":{"rendered":"<p>\ufeffHet inklapbare achtergrondsysteem maakt het eenvoudig en snel ophangen van een foto- of videobackdrop mogelijk. Het systeem kenmerkt zich door een eenvoudige en intu\u00eftieve installatie. Dankzij de eenvoudige montage en de mogelijkheid om het hele systeem in delen te demonteren, is het perfect voor buiten- en incidentele sessies, evenals voor locaties waar we niet veel [&hellip;]<\/p>\n","protected":false},"featured_media":6510,"template":"","meta":[],"product_brand":[],"product_cat":[441],"product_tag":[],"class_list":{"0":"post-6525","1":"product","2":"type-product","3":"status-publish","4":"has-post-thumbnail","6":"product_cat-achtergrondsysteem","8":"first","9":"instock","10":"product-type-simple"},"yoast_head":"<!-- This site is optimized with the Yoast SEO plugin v27.2 - https:\/\/yoast.com\/product\/yoast-seo-wordpress\/ -->\n<title>GlareOne System zawieszania t\u0142a z poprzeczk\u0105 teleskopow\u0105 oraz pokrowcem<\/title>\n<meta name=\"description\" content=\"GlareOne System zawieszania t\u0142a z poprzeczk\u0105 teleskopow\u0105 oraz pokrowcem\" \/>\n<meta name=\"robots\" content=\"index, follow, max-snippet:-1, max-image-preview:large, max-video-preview:-1\" \/>\n<link rel=\"canonical\" href=\"https:\/\/glareone.eu\/nl\/product\/glareone-achtergrondondersteuningskit\/\" \/>\n<meta property=\"og:locale\" content=\"nl_NL\" \/>\n<meta property=\"og:type\" content=\"article\" \/>\n<meta property=\"og:title\" content=\"GlareOne System zawieszania t\u0142a z poprzeczk\u0105 teleskopow\u0105 oraz pokrowcem\" \/>\n<meta property=\"og:description\" content=\"GlareOne System zawieszania t\u0142a z poprzeczk\u0105 teleskopow\u0105 oraz pokrowcem\" \/>\n<meta property=\"og:url\" content=\"https:\/\/glareone.eu\/nl\/product\/glareone-achtergrondondersteuningskit\/\" \/>\n<meta property=\"og:site_name\" content=\"GlareOne\" \/>\n<meta property=\"article:publisher\" content=\"https:\/\/www.facebook.com\/GlareOneLighting\" \/>\n<meta property=\"article:modified_time\" content=\"2024-05-07T11:30:58+00:00\" \/>\n<meta property=\"og:image\" content=\"https:\/\/glareone.eu\/wp-content\/uploads\/2024\/04\/BS901AS_001.jpg\" \/>\n\t<meta property=\"og:image:width\" content=\"1000\" \/>\n\t<meta property=\"og:image:height\" content=\"1000\" \/>\n\t<meta property=\"og:image:type\" content=\"image\/jpeg\" \/>\n<meta name=\"twitter:card\" content=\"summary_large_image\" \/>\n<meta name=\"twitter:title\" content=\"GlareOne System zawieszania t\u0142a z poprzeczk\u0105 teleskopow\u0105 oraz pokrowcem\" \/>\n<script type=\"application\/ld+json\" class=\"yoast-schema-graph\">{\"@context\":\"https:\/\/schema.org\",\"@graph\":[{\"@type\":\"WebPage\",\"@id\":\"https:\/\/glareone.eu\/nl\/product\/glareone-achtergrondondersteuningskit\/\",\"url\":\"https:\/\/glareone.eu\/nl\/product\/glareone-achtergrondondersteuningskit\/\",\"name\":\"GlareOne System zawieszania t\u0142a z poprzeczk\u0105 teleskopow\u0105 oraz pokrowcem\",\"isPartOf\":{\"@id\":\"https:\/\/glareone.eu\/nl\/en\/#website\"},\"primaryImageOfPage\":{\"@id\":\"https:\/\/glareone.eu\/nl\/product\/glareone-achtergrondondersteuningskit\/#primaryimage\"},\"image\":{\"@id\":\"https:\/\/glareone.eu\/nl\/product\/glareone-achtergrondondersteuningskit\/#primaryimage\"},\"thumbnailUrl\":\"https:\/\/glareone.eu\/wp-content\/uploads\/2024\/04\/BS901AS_001.jpg\",\"datePublished\":\"2024-04-18T19:26:20+00:00\",\"dateModified\":\"2024-05-07T11:30:58+00:00\",\"description\":\"GlareOne System zawieszania t\u0142a z poprzeczk\u0105 teleskopow\u0105 oraz pokrowcem\",\"breadcrumb\":{\"@id\":\"https:\/\/glareone.eu\/nl\/product\/glareone-achtergrondondersteuningskit\/#breadcrumb\"},\"inLanguage\":\"nl-NL\",\"potentialAction\":[{\"@type\":\"ReadAction\",\"target\":[\"https:\/\/glareone.eu\/nl\/product\/glareone-achtergrondondersteuningskit\/\"]}]},{\"@type\":\"ImageObject\",\"inLanguage\":\"nl-NL\",\"@id\":\"https:\/\/glareone.eu\/nl\/product\/glareone-achtergrondondersteuningskit\/#primaryimage\",\"url\":\"https:\/\/glareone.eu\/wp-content\/uploads\/2024\/04\/BS901AS_001.jpg\",\"contentUrl\":\"https:\/\/glareone.eu\/wp-content\/uploads\/2024\/04\/BS901AS_001.jpg\",\"width\":1000,\"height\":1000},{\"@type\":\"BreadcrumbList\",\"@id\":\"https:\/\/glareone.eu\/nl\/product\/glareone-achtergrondondersteuningskit\/#breadcrumb\",\"itemListElement\":[{\"@type\":\"ListItem\",\"position\":1,\"name\":\"Strona g\u0142\u00f3wna\",\"item\":\"https:\/\/glareone.eu\/nl\/\"},{\"@type\":\"ListItem\",\"position\":2,\"name\":\"Alle producten\",\"item\":\"https:\/\/glareone.eu\/nl\/producten\/alle-producten\/\"},{\"@type\":\"ListItem\",\"position\":3,\"name\":\"GlareOne Achtergrondondersteuningskit met telescopische dwarsbalk en tas\"}]},{\"@type\":\"WebSite\",\"@id\":\"https:\/\/glareone.eu\/nl\/en\/#website\",\"url\":\"https:\/\/glareone.eu\/nl\/en\/\",\"name\":\"GlareOne\",\"description\":\"Wyposa\u017cenie Studia\",\"publisher\":{\"@id\":\"https:\/\/glareone.eu\/nl\/en\/#organization\"},\"potentialAction\":[{\"@type\":\"SearchAction\",\"target\":{\"@type\":\"EntryPoint\",\"urlTemplate\":\"https:\/\/glareone.eu\/nl\/en\/?s={search_term_string}\"},\"query-input\":{\"@type\":\"PropertyValueSpecification\",\"valueRequired\":true,\"valueName\":\"search_term_string\"}}],\"inLanguage\":\"nl-NL\"},{\"@type\":\"Organization\",\"@id\":\"https:\/\/glareone.eu\/nl\/en\/#organization\",\"name\":\"GlareOne\",\"url\":\"https:\/\/glareone.eu\/nl\/en\/\",\"logo\":{\"@type\":\"ImageObject\",\"inLanguage\":\"nl-NL\",\"@id\":\"https:\/\/glareone.eu\/nl\/en\/#\/schema\/logo\/image\/\",\"url\":\"http:\/\/glareone.eu\/wp-content\/uploads\/2024\/05\/glareone_logo2020_RGB-01-e1715773127189.png\",\"contentUrl\":\"http:\/\/glareone.eu\/wp-content\/uploads\/2024\/05\/glareone_logo2020_RGB-01-e1715773127189.png\",\"width\":1270,\"height\":321,\"caption\":\"GlareOne\"},\"image\":{\"@id\":\"https:\/\/glareone.eu\/nl\/en\/#\/schema\/logo\/image\/\"},\"sameAs\":[\"https:\/\/www.facebook.com\/GlareOneLighting\",\"https:\/\/www.instagram.com\/glareonelighting\/\",\"https:\/\/www.youtube.com\/@GlareOneTV\"]}]}<\/script>\n<!-- \/ Yoast SEO plugin. -->","yoast_head_json":{"title":"GlareOne System zawieszania t\u0142a z poprzeczk\u0105 teleskopow\u0105 oraz pokrowcem","description":"GlareOne System zawieszania t\u0142a z poprzeczk\u0105 teleskopow\u0105 oraz pokrowcem","robots":{"index":"index","follow":"follow","max-snippet":"max-snippet:-1","max-image-preview":"max-image-preview:large","max-video-preview":"max-video-preview:-1"},"canonical":"https:\/\/glareone.eu\/nl\/product\/glareone-achtergrondondersteuningskit\/","og_locale":"nl_NL","og_type":"article","og_title":"GlareOne System zawieszania t\u0142a z poprzeczk\u0105 teleskopow\u0105 oraz pokrowcem","og_description":"GlareOne System zawieszania t\u0142a z poprzeczk\u0105 teleskopow\u0105 oraz pokrowcem","og_url":"https:\/\/glareone.eu\/nl\/product\/glareone-achtergrondondersteuningskit\/","og_site_name":"GlareOne","article_publisher":"https:\/\/www.facebook.com\/GlareOneLighting","article_modified_time":"2024-05-07T11:30:58+00:00","og_image":[{"width":1000,"height":1000,"url":"https:\/\/glareone.eu\/wp-content\/uploads\/2024\/04\/BS901AS_001.jpg","type":"image\/jpeg"}],"twitter_card":"summary_large_image","twitter_title":"GlareOne System zawieszania t\u0142a z poprzeczk\u0105 teleskopow\u0105 oraz pokrowcem","schema":{"@context":"https:\/\/schema.org","@graph":[{"@type":"WebPage","@id":"https:\/\/glareone.eu\/nl\/product\/glareone-achtergrondondersteuningskit\/","url":"https:\/\/glareone.eu\/nl\/product\/glareone-achtergrondondersteuningskit\/","name":"GlareOne System zawieszania t\u0142a z poprzeczk\u0105 teleskopow\u0105 oraz pokrowcem","isPartOf":{"@id":"https:\/\/glareone.eu\/nl\/en\/#website"},"primaryImageOfPage":{"@id":"https:\/\/glareone.eu\/nl\/product\/glareone-achtergrondondersteuningskit\/#primaryimage"},"image":{"@id":"https:\/\/glareone.eu\/nl\/product\/glareone-achtergrondondersteuningskit\/#primaryimage"},"thumbnailUrl":"https:\/\/glareone.eu\/wp-content\/uploads\/2024\/04\/BS901AS_001.jpg","datePublished":"2024-04-18T19:26:20+00:00","dateModified":"2024-05-07T11:30:58+00:00","description":"GlareOne System zawieszania t\u0142a z poprzeczk\u0105 teleskopow\u0105 oraz pokrowcem","breadcrumb":{"@id":"https:\/\/glareone.eu\/nl\/product\/glareone-achtergrondondersteuningskit\/#breadcrumb"},"inLanguage":"nl-NL","potentialAction":[{"@type":"ReadAction","target":["https:\/\/glareone.eu\/nl\/product\/glareone-achtergrondondersteuningskit\/"]}]},{"@type":"ImageObject","inLanguage":"nl-NL","@id":"https:\/\/glareone.eu\/nl\/product\/glareone-achtergrondondersteuningskit\/#primaryimage","url":"https:\/\/glareone.eu\/wp-content\/uploads\/2024\/04\/BS901AS_001.jpg","contentUrl":"https:\/\/glareone.eu\/wp-content\/uploads\/2024\/04\/BS901AS_001.jpg","width":1000,"height":1000},{"@type":"BreadcrumbList","@id":"https:\/\/glareone.eu\/nl\/product\/glareone-achtergrondondersteuningskit\/#breadcrumb","itemListElement":[{"@type":"ListItem","position":1,"name":"Strona g\u0142\u00f3wna","item":"https:\/\/glareone.eu\/nl\/"},{"@type":"ListItem","position":2,"name":"Alle producten","item":"https:\/\/glareone.eu\/nl\/producten\/alle-producten\/"},{"@type":"ListItem","position":3,"name":"GlareOne Achtergrondondersteuningskit met telescopische dwarsbalk en tas"}]},{"@type":"WebSite","@id":"https:\/\/glareone.eu\/nl\/en\/#website","url":"https:\/\/glareone.eu\/nl\/en\/","name":"GlareOne","description":"Wyposa\u017cenie Studia","publisher":{"@id":"https:\/\/glareone.eu\/nl\/en\/#organization"},"potentialAction":[{"@type":"SearchAction","target":{"@type":"EntryPoint","urlTemplate":"https:\/\/glareone.eu\/nl\/en\/?s={search_term_string}"},"query-input":{"@type":"PropertyValueSpecification","valueRequired":true,"valueName":"search_term_string"}}],"inLanguage":"nl-NL"},{"@type":"Organization","@id":"https:\/\/glareone.eu\/nl\/en\/#organization","name":"GlareOne","url":"https:\/\/glareone.eu\/nl\/en\/","logo":{"@type":"ImageObject","inLanguage":"nl-NL","@id":"https:\/\/glareone.eu\/nl\/en\/#\/schema\/logo\/image\/","url":"http:\/\/glareone.eu\/wp-content\/uploads\/2024\/05\/glareone_logo2020_RGB-01-e1715773127189.png","contentUrl":"http:\/\/glareone.eu\/wp-content\/uploads\/2024\/05\/glareone_logo2020_RGB-01-e1715773127189.png","width":1270,"height":321,"caption":"GlareOne"},"image":{"@id":"https:\/\/glareone.eu\/nl\/en\/#\/schema\/logo\/image\/"},"sameAs":["https:\/\/www.facebook.com\/GlareOneLighting","https:\/\/www.instagram.com\/glareonelighting\/","https:\/\/www.youtube.com\/@GlareOneTV"]}]}},"_links":{"self":[{"href":"https:\/\/glareone.eu\/nl\/wp-json\/wp\/v2\/product\/6525","targetHints":{"allow":["GET"]}}],"collection":[{"href":"https:\/\/glareone.eu\/nl\/wp-json\/wp\/v2\/product"}],"about":[{"href":"https:\/\/glareone.eu\/nl\/wp-json\/wp\/v2\/types\/product"}],"wp:featuredmedia":[{"embeddable":true,"href":"https:\/\/glareone.eu\/nl\/wp-json\/wp\/v2\/media\/6510"}],"wp:attachment":[{"href":"https:\/\/glareone.eu\/nl\/wp-json\/wp\/v2\/media?parent=6525"}],"wp:term":[{"taxonomy":"product_brand","embeddable":true,"href":"https:\/\/glareone.eu\/nl\/wp-json\/wp\/v2\/product_brand?post=6525"},{"taxonomy":"product_cat","embeddable":true,"href":"https:\/\/glareone.eu\/nl\/wp-json\/wp\/v2\/product_cat?post=6525"},{"taxonomy":"product_tag","embeddable":true,"href":"https:\/\/glareone.eu\/nl\/wp-json\/wp\/v2\/product_tag?post=6525"}],"curies":[{"name":"wp","href":"https:\/\/api.w.org\/{rel}","templated":true}]}}