{"id":6490,"date":"2024-04-18T19:26:20","date_gmt":"2024-04-18T19:26:20","guid":{"rendered":"http:\/\/glareone.eu\/produkt\/glareone-parasolka-orb-srebrna-110\/"},"modified":"2025-08-11T10:24:46","modified_gmt":"2025-08-11T10:24:46","slug":"glareone-orb-110-zilver","status":"publish","type":"product","link":"https:\/\/glareone.eu\/nl\/product\/glareone-orb-110-zilver\/","title":{"rendered":"GlareOne ORB 110 Zilver"},"content":{"rendered":"<h3>Multifunctioneel<\/h3>\n<p>Het kan worden gebruikt in vele opnamesituaties, zowel in de studio als buiten. Het zilveren reflecterende scherm maakt het licht sterk en contrasterend, wat bijvoorbeeld handig is bij modelfotografie. Na het bevestigen van de diffuser wordt het licht zacht en diffuus &#8211; perfect voor delicate portretten. Dankzij de constructie met 16 panelen heeft de paraplu een vorm die lijkt op een cirkel, wat natuurlijke reflecties in de ogen van gefotografeerde personen garandeert.<\/p>\n<h3>Gemakkelijk te gebruiken<\/h3>\n<p>Vouw het gewoon uit als een normale regenparaplu en bevestig het aan uw flitser, en het past op elke flitser of continu licht.<\/p>\n<h3>Diep<\/h3>\n<p>De grote diepte van de paraplu maakt het gemakkelijker om de belichting van de sc\u00e8ne te regelen en daardoor gemakkelijker om het gewenste effect te bereiken. De GlareOne Orb richt het licht veel beter dan zijn ondiepe tegenhangers.<\/p>\n<h3>Productkenmerken:<\/h3>\n<ul>\n<li>Werkt goed zowel binnen als buiten de studio<\/li>\n<li>Maakt het verkrijgen van contrastrijke belichting mogelijk<\/li>\n<li>16-zijdige vorm zorgt voor natuurlijke reflecties in de ogen van gefotografeerde personen<\/li>\n<li>Dankzij het diepe profiel geeft het zeer goede controle over het licht<\/li>\n<li>Uitgerust met een extra diffuser die het licht verzacht<\/li>\n<li>Kan snel worden uitgevouwen en opgevouwen<\/li>\n<li>Handig, lichtgewicht en gemakkelijk te vervoeren<\/li>\n<li>Gebaseerd op een frame van glasvezel<\/li>\n<li>Metalen steel past op bijna elke studiolamp<\/li>\n<li>Wordt geleverd in een handige draagtas<\/li>\n<\/ul>\n","protected":false},"excerpt":{"rendered":"<p>Multifunctioneel Het kan worden gebruikt in vele opnamesituaties, zowel in de studio als buiten. Het zilveren reflecterende scherm maakt het licht sterk en contrasterend, wat bijvoorbeeld handig is bij modelfotografie. Na het bevestigen van de diffuser wordt het licht zacht en diffuus &#8211; perfect voor delicate portretten. Dankzij de constructie met 16 panelen heeft de [&hellip;]<\/p>\n","protected":false},"featured_media":6474,"template":"","meta":[],"product_brand":[],"product_cat":[459],"product_tag":[],"class_list":{"0":"post-6490","1":"product","2":"type-product","3":"status-publish","4":"has-post-thumbnail","6":"product_cat-orb-nl","8":"first","9":"instock","10":"product-type-simple"},"yoast_head":"<!-- This site is optimized with the Yoast SEO plugin v27.2 - https:\/\/yoast.com\/product\/yoast-seo-wordpress\/ -->\n<title>GlareOne Parasolka ORB srebrna 110 - g\u0142\u0119boki parasol z dyfuzorem<\/title>\n<meta name=\"description\" content=\"GlareOne Parasolka ORB srebrna 110 - g\u0142\u0119boki parasol z dyfuzorem\" \/>\n<meta name=\"robots\" content=\"index, follow, max-snippet:-1, max-image-preview:large, max-video-preview:-1\" \/>\n<link rel=\"canonical\" href=\"https:\/\/glareone.eu\/nl\/product\/glareone-orb-110-zilver\/\" \/>\n<meta property=\"og:locale\" content=\"nl_NL\" \/>\n<meta property=\"og:type\" content=\"article\" \/>\n<meta property=\"og:title\" content=\"GlareOne Parasolka ORB srebrna 110 - g\u0142\u0119boki parasol z dyfuzorem\" \/>\n<meta property=\"og:description\" content=\"GlareOne Parasolka ORB srebrna 110 - g\u0142\u0119boki parasol z dyfuzorem\" \/>\n<meta property=\"og:url\" content=\"https:\/\/glareone.eu\/nl\/product\/glareone-orb-110-zilver\/\" \/>\n<meta property=\"og:site_name\" content=\"GlareOne\" \/>\n<meta property=\"article:publisher\" content=\"https:\/\/www.facebook.com\/GlareOneLighting\" \/>\n<meta property=\"article:modified_time\" content=\"2025-08-11T10:24:46+00:00\" \/>\n<meta property=\"og:image\" content=\"https:\/\/glareone.eu\/wp-content\/uploads\/2024\/04\/GlareOne-Orb-110-Silver-1_2k.jpg\" \/>\n\t<meta property=\"og:image:width\" content=\"2000\" \/>\n\t<meta property=\"og:image:height\" content=\"2000\" \/>\n\t<meta property=\"og:image:type\" content=\"image\/jpeg\" \/>\n<meta name=\"twitter:card\" content=\"summary_large_image\" \/>\n<meta name=\"twitter:title\" content=\"GlareOne Parasolka ORB srebrna 110 - g\u0142\u0119boki parasol z dyfuzorem\" \/>\n<meta name=\"twitter:label1\" content=\"Geschatte leestijd\" \/>\n\t<meta name=\"twitter:data1\" content=\"1 minuut\" \/>\n<script type=\"application\/ld+json\" class=\"yoast-schema-graph\">{\"@context\":\"https:\/\/schema.org\",\"@graph\":[{\"@type\":\"WebPage\",\"@id\":\"https:\/\/glareone.eu\/nl\/product\/glareone-orb-110-zilver\/\",\"url\":\"https:\/\/glareone.eu\/nl\/product\/glareone-orb-110-zilver\/\",\"name\":\"GlareOne Parasolka ORB srebrna 110 - g\u0142\u0119boki parasol z dyfuzorem\",\"isPartOf\":{\"@id\":\"https:\/\/glareone.eu\/nl\/en\/#website\"},\"primaryImageOfPage\":{\"@id\":\"https:\/\/glareone.eu\/nl\/product\/glareone-orb-110-zilver\/#primaryimage\"},\"image\":{\"@id\":\"https:\/\/glareone.eu\/nl\/product\/glareone-orb-110-zilver\/#primaryimage\"},\"thumbnailUrl\":\"https:\/\/glareone.eu\/wp-content\/uploads\/2024\/04\/GlareOne-Orb-110-Silver-1_2k.jpg\",\"datePublished\":\"2024-04-18T19:26:20+00:00\",\"dateModified\":\"2025-08-11T10:24:46+00:00\",\"description\":\"GlareOne Parasolka ORB srebrna 110 - g\u0142\u0119boki parasol z dyfuzorem\",\"breadcrumb\":{\"@id\":\"https:\/\/glareone.eu\/nl\/product\/glareone-orb-110-zilver\/#breadcrumb\"},\"inLanguage\":\"nl-NL\",\"potentialAction\":[{\"@type\":\"ReadAction\",\"target\":[\"https:\/\/glareone.eu\/nl\/product\/glareone-orb-110-zilver\/\"]}]},{\"@type\":\"ImageObject\",\"inLanguage\":\"nl-NL\",\"@id\":\"https:\/\/glareone.eu\/nl\/product\/glareone-orb-110-zilver\/#primaryimage\",\"url\":\"https:\/\/glareone.eu\/wp-content\/uploads\/2024\/04\/GlareOne-Orb-110-Silver-1_2k.jpg\",\"contentUrl\":\"https:\/\/glareone.eu\/wp-content\/uploads\/2024\/04\/GlareOne-Orb-110-Silver-1_2k.jpg\",\"width\":2000,\"height\":2000},{\"@type\":\"BreadcrumbList\",\"@id\":\"https:\/\/glareone.eu\/nl\/product\/glareone-orb-110-zilver\/#breadcrumb\",\"itemListElement\":[{\"@type\":\"ListItem\",\"position\":1,\"name\":\"Strona g\u0142\u00f3wna\",\"item\":\"https:\/\/glareone.eu\/nl\/\"},{\"@type\":\"ListItem\",\"position\":2,\"name\":\"Alle producten\",\"item\":\"https:\/\/glareone.eu\/nl\/producten\/alle-producten\/\"},{\"@type\":\"ListItem\",\"position\":3,\"name\":\"GlareOne ORB 110 Zilver\"}]},{\"@type\":\"WebSite\",\"@id\":\"https:\/\/glareone.eu\/nl\/en\/#website\",\"url\":\"https:\/\/glareone.eu\/nl\/en\/\",\"name\":\"GlareOne\",\"description\":\"Wyposa\u017cenie Studia\",\"publisher\":{\"@id\":\"https:\/\/glareone.eu\/nl\/en\/#organization\"},\"potentialAction\":[{\"@type\":\"SearchAction\",\"target\":{\"@type\":\"EntryPoint\",\"urlTemplate\":\"https:\/\/glareone.eu\/nl\/en\/?s={search_term_string}\"},\"query-input\":{\"@type\":\"PropertyValueSpecification\",\"valueRequired\":true,\"valueName\":\"search_term_string\"}}],\"inLanguage\":\"nl-NL\"},{\"@type\":\"Organization\",\"@id\":\"https:\/\/glareone.eu\/nl\/en\/#organization\",\"name\":\"GlareOne\",\"url\":\"https:\/\/glareone.eu\/nl\/en\/\",\"logo\":{\"@type\":\"ImageObject\",\"inLanguage\":\"nl-NL\",\"@id\":\"https:\/\/glareone.eu\/nl\/en\/#\/schema\/logo\/image\/\",\"url\":\"http:\/\/glareone.eu\/wp-content\/uploads\/2024\/05\/glareone_logo2020_RGB-01-e1715773127189.png\",\"contentUrl\":\"http:\/\/glareone.eu\/wp-content\/uploads\/2024\/05\/glareone_logo2020_RGB-01-e1715773127189.png\",\"width\":1270,\"height\":321,\"caption\":\"GlareOne\"},\"image\":{\"@id\":\"https:\/\/glareone.eu\/nl\/en\/#\/schema\/logo\/image\/\"},\"sameAs\":[\"https:\/\/www.facebook.com\/GlareOneLighting\",\"https:\/\/www.instagram.com\/glareonelighting\/\",\"https:\/\/www.youtube.com\/@GlareOneTV\"]}]}<\/script>\n<!-- \/ Yoast SEO plugin. -->","yoast_head_json":{"title":"GlareOne Parasolka ORB srebrna 110 - g\u0142\u0119boki parasol z dyfuzorem","description":"GlareOne Parasolka ORB srebrna 110 - g\u0142\u0119boki parasol z dyfuzorem","robots":{"index":"index","follow":"follow","max-snippet":"max-snippet:-1","max-image-preview":"max-image-preview:large","max-video-preview":"max-video-preview:-1"},"canonical":"https:\/\/glareone.eu\/nl\/product\/glareone-orb-110-zilver\/","og_locale":"nl_NL","og_type":"article","og_title":"GlareOne Parasolka ORB srebrna 110 - g\u0142\u0119boki parasol z dyfuzorem","og_description":"GlareOne Parasolka ORB srebrna 110 - g\u0142\u0119boki parasol z dyfuzorem","og_url":"https:\/\/glareone.eu\/nl\/product\/glareone-orb-110-zilver\/","og_site_name":"GlareOne","article_publisher":"https:\/\/www.facebook.com\/GlareOneLighting","article_modified_time":"2025-08-11T10:24:46+00:00","og_image":[{"width":2000,"height":2000,"url":"https:\/\/glareone.eu\/wp-content\/uploads\/2024\/04\/GlareOne-Orb-110-Silver-1_2k.jpg","type":"image\/jpeg"}],"twitter_card":"summary_large_image","twitter_title":"GlareOne Parasolka ORB srebrna 110 - g\u0142\u0119boki parasol z dyfuzorem","twitter_misc":{"Geschatte leestijd":"1 minuut"},"schema":{"@context":"https:\/\/schema.org","@graph":[{"@type":"WebPage","@id":"https:\/\/glareone.eu\/nl\/product\/glareone-orb-110-zilver\/","url":"https:\/\/glareone.eu\/nl\/product\/glareone-orb-110-zilver\/","name":"GlareOne Parasolka ORB srebrna 110 - g\u0142\u0119boki parasol z dyfuzorem","isPartOf":{"@id":"https:\/\/glareone.eu\/nl\/en\/#website"},"primaryImageOfPage":{"@id":"https:\/\/glareone.eu\/nl\/product\/glareone-orb-110-zilver\/#primaryimage"},"image":{"@id":"https:\/\/glareone.eu\/nl\/product\/glareone-orb-110-zilver\/#primaryimage"},"thumbnailUrl":"https:\/\/glareone.eu\/wp-content\/uploads\/2024\/04\/GlareOne-Orb-110-Silver-1_2k.jpg","datePublished":"2024-04-18T19:26:20+00:00","dateModified":"2025-08-11T10:24:46+00:00","description":"GlareOne Parasolka ORB srebrna 110 - g\u0142\u0119boki parasol z dyfuzorem","breadcrumb":{"@id":"https:\/\/glareone.eu\/nl\/product\/glareone-orb-110-zilver\/#breadcrumb"},"inLanguage":"nl-NL","potentialAction":[{"@type":"ReadAction","target":["https:\/\/glareone.eu\/nl\/product\/glareone-orb-110-zilver\/"]}]},{"@type":"ImageObject","inLanguage":"nl-NL","@id":"https:\/\/glareone.eu\/nl\/product\/glareone-orb-110-zilver\/#primaryimage","url":"https:\/\/glareone.eu\/wp-content\/uploads\/2024\/04\/GlareOne-Orb-110-Silver-1_2k.jpg","contentUrl":"https:\/\/glareone.eu\/wp-content\/uploads\/2024\/04\/GlareOne-Orb-110-Silver-1_2k.jpg","width":2000,"height":2000},{"@type":"BreadcrumbList","@id":"https:\/\/glareone.eu\/nl\/product\/glareone-orb-110-zilver\/#breadcrumb","itemListElement":[{"@type":"ListItem","position":1,"name":"Strona g\u0142\u00f3wna","item":"https:\/\/glareone.eu\/nl\/"},{"@type":"ListItem","position":2,"name":"Alle producten","item":"https:\/\/glareone.eu\/nl\/producten\/alle-producten\/"},{"@type":"ListItem","position":3,"name":"GlareOne ORB 110 Zilver"}]},{"@type":"WebSite","@id":"https:\/\/glareone.eu\/nl\/en\/#website","url":"https:\/\/glareone.eu\/nl\/en\/","name":"GlareOne","description":"Wyposa\u017cenie Studia","publisher":{"@id":"https:\/\/glareone.eu\/nl\/en\/#organization"},"potentialAction":[{"@type":"SearchAction","target":{"@type":"EntryPoint","urlTemplate":"https:\/\/glareone.eu\/nl\/en\/?s={search_term_string}"},"query-input":{"@type":"PropertyValueSpecification","valueRequired":true,"valueName":"search_term_string"}}],"inLanguage":"nl-NL"},{"@type":"Organization","@id":"https:\/\/glareone.eu\/nl\/en\/#organization","name":"GlareOne","url":"https:\/\/glareone.eu\/nl\/en\/","logo":{"@type":"ImageObject","inLanguage":"nl-NL","@id":"https:\/\/glareone.eu\/nl\/en\/#\/schema\/logo\/image\/","url":"http:\/\/glareone.eu\/wp-content\/uploads\/2024\/05\/glareone_logo2020_RGB-01-e1715773127189.png","contentUrl":"http:\/\/glareone.eu\/wp-content\/uploads\/2024\/05\/glareone_logo2020_RGB-01-e1715773127189.png","width":1270,"height":321,"caption":"GlareOne"},"image":{"@id":"https:\/\/glareone.eu\/nl\/en\/#\/schema\/logo\/image\/"},"sameAs":["https:\/\/www.facebook.com\/GlareOneLighting","https:\/\/www.instagram.com\/glareonelighting\/","https:\/\/www.youtube.com\/@GlareOneTV"]}]}},"_links":{"self":[{"href":"https:\/\/glareone.eu\/nl\/wp-json\/wp\/v2\/product\/6490","targetHints":{"allow":["GET"]}}],"collection":[{"href":"https:\/\/glareone.eu\/nl\/wp-json\/wp\/v2\/product"}],"about":[{"href":"https:\/\/glareone.eu\/nl\/wp-json\/wp\/v2\/types\/product"}],"wp:featuredmedia":[{"embeddable":true,"href":"https:\/\/glareone.eu\/nl\/wp-json\/wp\/v2\/media\/6474"}],"wp:attachment":[{"href":"https:\/\/glareone.eu\/nl\/wp-json\/wp\/v2\/media?parent=6490"}],"wp:term":[{"taxonomy":"product_brand","embeddable":true,"href":"https:\/\/glareone.eu\/nl\/wp-json\/wp\/v2\/product_brand?post=6490"},{"taxonomy":"product_cat","embeddable":true,"href":"https:\/\/glareone.eu\/nl\/wp-json\/wp\/v2\/product_cat?post=6490"},{"taxonomy":"product_tag","embeddable":true,"href":"https:\/\/glareone.eu\/nl\/wp-json\/wp\/v2\/product_tag?post=6490"}],"curies":[{"name":"wp","href":"https:\/\/api.w.org\/{rel}","templated":true}]}}