{"id":6073,"date":"2024-04-18T19:26:22","date_gmt":"2024-04-18T19:26:22","guid":{"rendered":"http:\/\/glareone.eu\/produkt\/glareone-green-screen-1-8x3-m\/"},"modified":"2024-05-07T08:24:35","modified_gmt":"2024-05-07T08:24:35","slug":"glareone-green-screen-1-8x3-m","status":"publish","type":"product","link":"https:\/\/glareone.eu\/nl\/product\/glareone-green-screen-1-8x3-m\/","title":{"rendered":"GlareOne Green Screen &#8211; Stoffen achtergrond 1.8&#215;3 m"},"content":{"rendered":"<p>Groen achtergronddoek gemaakt van 140 g\/m2 katoen, voorzien van een mouw voor eenvoudige bevestiging aan achtergrondsysteem met een dwarsbalk.<\/p>\n<h3>Productkenmerken:<\/h3>\n<ul>\n<li>Gemaakt van katoen met een gewicht van 140 g\/m2<\/li>\n<li>Gekenmerkt door zeer goede kleuring van het materiaal<\/li>\n<li>Geschikt als achtergrond voor keying (groen scherm)<\/li>\n<li>Heeft een glad, gelijkmatige structuur en veroorzaakt geen lichtreflecties<\/li>\n<li>Voorzien van een mouw voor bevestiging aan de dwarsbalk<\/li>\n<li>Heeft gezoomde randen<\/li>\n<li>Kan met de hand of in de wasmachine worden gewassen<\/li>\n<\/ul>\n","protected":false},"excerpt":{"rendered":"<p>Groen achtergronddoek gemaakt van 140 g\/m2 katoen, voorzien van een mouw voor eenvoudige bevestiging aan achtergrondsysteem met een dwarsbalk. Productkenmerken: Gemaakt van katoen met een gewicht van 140 g\/m2 Gekenmerkt door zeer goede kleuring van het materiaal Geschikt als achtergrond voor keying (groen scherm) Heeft een glad, gelijkmatige structuur en veroorzaakt geen lichtreflecties Voorzien van [&hellip;]<\/p>\n","protected":false},"featured_media":6070,"template":"","meta":[],"product_brand":[],"product_cat":[437],"product_tag":[],"class_list":{"0":"post-6073","1":"product","2":"type-product","3":"status-publish","4":"has-post-thumbnail","6":"product_cat-achtergronden","8":"first","9":"instock","10":"product-type-simple"},"yoast_head":"<!-- This site is optimized with the Yoast SEO plugin v27.4 - https:\/\/yoast.com\/product\/yoast-seo-wordpress\/ -->\n<title>GlareOne Green Screen - zielone t\u0142o materia\u0142owe 1.8x3 m<\/title>\n<meta name=\"description\" content=\"GlareOne Green Screen - zielone t\u0142o materia\u0142owe 1.8x3 m\" \/>\n<meta name=\"robots\" content=\"index, follow, max-snippet:-1, max-image-preview:large, max-video-preview:-1\" \/>\n<link rel=\"canonical\" href=\"https:\/\/glareone.eu\/nl\/product\/glareone-green-screen-1-8x3-m\/\" \/>\n<meta property=\"og:locale\" content=\"nl_NL\" \/>\n<meta property=\"og:type\" content=\"article\" \/>\n<meta property=\"og:title\" content=\"GlareOne Green Screen - zielone t\u0142o materia\u0142owe 1.8x3 m\" \/>\n<meta property=\"og:description\" content=\"GlareOne Green Screen - zielone t\u0142o materia\u0142owe 1.8x3 m\" \/>\n<meta property=\"og:url\" content=\"https:\/\/glareone.eu\/nl\/product\/glareone-green-screen-1-8x3-m\/\" \/>\n<meta property=\"og:site_name\" content=\"GlareOne\" \/>\n<meta property=\"article:publisher\" content=\"https:\/\/www.facebook.com\/GlareOneLighting\" \/>\n<meta property=\"article:modified_time\" content=\"2024-05-07T08:24:35+00:00\" \/>\n<meta property=\"og:image\" content=\"https:\/\/glareone.eu\/wp-content\/uploads\/2024\/04\/SBAGRE18X3-01_tn.jpg\" \/>\n\t<meta property=\"og:image:width\" content=\"1200\" \/>\n\t<meta property=\"og:image:height\" content=\"1200\" \/>\n\t<meta property=\"og:image:type\" content=\"image\/jpeg\" \/>\n<meta name=\"twitter:card\" content=\"summary_large_image\" \/>\n<meta name=\"twitter:title\" content=\"GlareOne Green Screen - zielone t\u0142o materia\u0142owe 1.8x3 m\" \/>\n<meta name=\"twitter:label1\" content=\"Geschatte leestijd\" \/>\n\t<meta name=\"twitter:data1\" content=\"1 minuut\" \/>\n<script type=\"application\/ld+json\" class=\"yoast-schema-graph\">{\"@context\":\"https:\\\/\\\/schema.org\",\"@graph\":[{\"@type\":\"WebPage\",\"@id\":\"https:\\\/\\\/glareone.eu\\\/nl\\\/product\\\/glareone-green-screen-1-8x3-m\\\/\",\"url\":\"https:\\\/\\\/glareone.eu\\\/nl\\\/product\\\/glareone-green-screen-1-8x3-m\\\/\",\"name\":\"GlareOne Green Screen - zielone t\u0142o materia\u0142owe 1.8x3 m\",\"isPartOf\":{\"@id\":\"https:\\\/\\\/glareone.eu\\\/nl\\\/en\\\/#website\"},\"primaryImageOfPage\":{\"@id\":\"https:\\\/\\\/glareone.eu\\\/nl\\\/product\\\/glareone-green-screen-1-8x3-m\\\/#primaryimage\"},\"image\":{\"@id\":\"https:\\\/\\\/glareone.eu\\\/nl\\\/product\\\/glareone-green-screen-1-8x3-m\\\/#primaryimage\"},\"thumbnailUrl\":\"https:\\\/\\\/glareone.eu\\\/wp-content\\\/uploads\\\/2024\\\/04\\\/SBAGRE18X3-01_tn.jpg\",\"datePublished\":\"2024-04-18T19:26:22+00:00\",\"dateModified\":\"2024-05-07T08:24:35+00:00\",\"description\":\"GlareOne Green Screen - zielone t\u0142o materia\u0142owe 1.8x3 m\",\"breadcrumb\":{\"@id\":\"https:\\\/\\\/glareone.eu\\\/nl\\\/product\\\/glareone-green-screen-1-8x3-m\\\/#breadcrumb\"},\"inLanguage\":\"nl-NL\",\"potentialAction\":[{\"@type\":\"ReadAction\",\"target\":[\"https:\\\/\\\/glareone.eu\\\/nl\\\/product\\\/glareone-green-screen-1-8x3-m\\\/\"]}]},{\"@type\":\"ImageObject\",\"inLanguage\":\"nl-NL\",\"@id\":\"https:\\\/\\\/glareone.eu\\\/nl\\\/product\\\/glareone-green-screen-1-8x3-m\\\/#primaryimage\",\"url\":\"https:\\\/\\\/glareone.eu\\\/wp-content\\\/uploads\\\/2024\\\/04\\\/SBAGRE18X3-01_tn.jpg\",\"contentUrl\":\"https:\\\/\\\/glareone.eu\\\/wp-content\\\/uploads\\\/2024\\\/04\\\/SBAGRE18X3-01_tn.jpg\",\"width\":1200,\"height\":1200},{\"@type\":\"BreadcrumbList\",\"@id\":\"https:\\\/\\\/glareone.eu\\\/nl\\\/product\\\/glareone-green-screen-1-8x3-m\\\/#breadcrumb\",\"itemListElement\":[{\"@type\":\"ListItem\",\"position\":1,\"name\":\"Strona g\u0142\u00f3wna\",\"item\":\"https:\\\/\\\/glareone.eu\\\/nl\\\/\"},{\"@type\":\"ListItem\",\"position\":2,\"name\":\"Alle producten\",\"item\":\"https:\\\/\\\/glareone.eu\\\/nl\\\/producten\\\/alle-producten\\\/\"},{\"@type\":\"ListItem\",\"position\":3,\"name\":\"GlareOne Green Screen &#8211; Stoffen achtergrond 1.8&#215;3 m\"}]},{\"@type\":\"WebSite\",\"@id\":\"https:\\\/\\\/glareone.eu\\\/nl\\\/en\\\/#website\",\"url\":\"https:\\\/\\\/glareone.eu\\\/nl\\\/en\\\/\",\"name\":\"GlareOne\",\"description\":\"Wyposa\u017cenie Studia\",\"publisher\":{\"@id\":\"https:\\\/\\\/glareone.eu\\\/nl\\\/en\\\/#organization\"},\"potentialAction\":[{\"@type\":\"SearchAction\",\"target\":{\"@type\":\"EntryPoint\",\"urlTemplate\":\"https:\\\/\\\/glareone.eu\\\/nl\\\/en\\\/?s={search_term_string}\"},\"query-input\":{\"@type\":\"PropertyValueSpecification\",\"valueRequired\":true,\"valueName\":\"search_term_string\"}}],\"inLanguage\":\"nl-NL\"},{\"@type\":\"Organization\",\"@id\":\"https:\\\/\\\/glareone.eu\\\/nl\\\/en\\\/#organization\",\"name\":\"GlareOne\",\"url\":\"https:\\\/\\\/glareone.eu\\\/nl\\\/en\\\/\",\"logo\":{\"@type\":\"ImageObject\",\"inLanguage\":\"nl-NL\",\"@id\":\"https:\\\/\\\/glareone.eu\\\/nl\\\/en\\\/#\\\/schema\\\/logo\\\/image\\\/\",\"url\":\"http:\\\/\\\/glareone.eu\\\/wp-content\\\/uploads\\\/2024\\\/05\\\/glareone_logo2020_RGB-01-e1715773127189.png\",\"contentUrl\":\"http:\\\/\\\/glareone.eu\\\/wp-content\\\/uploads\\\/2024\\\/05\\\/glareone_logo2020_RGB-01-e1715773127189.png\",\"width\":1270,\"height\":321,\"caption\":\"GlareOne\"},\"image\":{\"@id\":\"https:\\\/\\\/glareone.eu\\\/nl\\\/en\\\/#\\\/schema\\\/logo\\\/image\\\/\"},\"sameAs\":[\"https:\\\/\\\/www.facebook.com\\\/GlareOneLighting\",\"https:\\\/\\\/www.instagram.com\\\/glareonelighting\\\/\",\"https:\\\/\\\/www.youtube.com\\\/@GlareOneTV\"]}]}<\/script>\n<!-- \/ Yoast SEO plugin. -->","yoast_head_json":{"title":"GlareOne Green Screen - zielone t\u0142o materia\u0142owe 1.8x3 m","description":"GlareOne Green Screen - zielone t\u0142o materia\u0142owe 1.8x3 m","robots":{"index":"index","follow":"follow","max-snippet":"max-snippet:-1","max-image-preview":"max-image-preview:large","max-video-preview":"max-video-preview:-1"},"canonical":"https:\/\/glareone.eu\/nl\/product\/glareone-green-screen-1-8x3-m\/","og_locale":"nl_NL","og_type":"article","og_title":"GlareOne Green Screen - zielone t\u0142o materia\u0142owe 1.8x3 m","og_description":"GlareOne Green Screen - zielone t\u0142o materia\u0142owe 1.8x3 m","og_url":"https:\/\/glareone.eu\/nl\/product\/glareone-green-screen-1-8x3-m\/","og_site_name":"GlareOne","article_publisher":"https:\/\/www.facebook.com\/GlareOneLighting","article_modified_time":"2024-05-07T08:24:35+00:00","og_image":[{"width":1200,"height":1200,"url":"https:\/\/glareone.eu\/wp-content\/uploads\/2024\/04\/SBAGRE18X3-01_tn.jpg","type":"image\/jpeg"}],"twitter_card":"summary_large_image","twitter_title":"GlareOne Green Screen - zielone t\u0142o materia\u0142owe 1.8x3 m","twitter_misc":{"Geschatte leestijd":"1 minuut"},"schema":{"@context":"https:\/\/schema.org","@graph":[{"@type":"WebPage","@id":"https:\/\/glareone.eu\/nl\/product\/glareone-green-screen-1-8x3-m\/","url":"https:\/\/glareone.eu\/nl\/product\/glareone-green-screen-1-8x3-m\/","name":"GlareOne Green Screen - zielone t\u0142o materia\u0142owe 1.8x3 m","isPartOf":{"@id":"https:\/\/glareone.eu\/nl\/en\/#website"},"primaryImageOfPage":{"@id":"https:\/\/glareone.eu\/nl\/product\/glareone-green-screen-1-8x3-m\/#primaryimage"},"image":{"@id":"https:\/\/glareone.eu\/nl\/product\/glareone-green-screen-1-8x3-m\/#primaryimage"},"thumbnailUrl":"https:\/\/glareone.eu\/wp-content\/uploads\/2024\/04\/SBAGRE18X3-01_tn.jpg","datePublished":"2024-04-18T19:26:22+00:00","dateModified":"2024-05-07T08:24:35+00:00","description":"GlareOne Green Screen - zielone t\u0142o materia\u0142owe 1.8x3 m","breadcrumb":{"@id":"https:\/\/glareone.eu\/nl\/product\/glareone-green-screen-1-8x3-m\/#breadcrumb"},"inLanguage":"nl-NL","potentialAction":[{"@type":"ReadAction","target":["https:\/\/glareone.eu\/nl\/product\/glareone-green-screen-1-8x3-m\/"]}]},{"@type":"ImageObject","inLanguage":"nl-NL","@id":"https:\/\/glareone.eu\/nl\/product\/glareone-green-screen-1-8x3-m\/#primaryimage","url":"https:\/\/glareone.eu\/wp-content\/uploads\/2024\/04\/SBAGRE18X3-01_tn.jpg","contentUrl":"https:\/\/glareone.eu\/wp-content\/uploads\/2024\/04\/SBAGRE18X3-01_tn.jpg","width":1200,"height":1200},{"@type":"BreadcrumbList","@id":"https:\/\/glareone.eu\/nl\/product\/glareone-green-screen-1-8x3-m\/#breadcrumb","itemListElement":[{"@type":"ListItem","position":1,"name":"Strona g\u0142\u00f3wna","item":"https:\/\/glareone.eu\/nl\/"},{"@type":"ListItem","position":2,"name":"Alle producten","item":"https:\/\/glareone.eu\/nl\/producten\/alle-producten\/"},{"@type":"ListItem","position":3,"name":"GlareOne Green Screen &#8211; Stoffen achtergrond 1.8&#215;3 m"}]},{"@type":"WebSite","@id":"https:\/\/glareone.eu\/nl\/en\/#website","url":"https:\/\/glareone.eu\/nl\/en\/","name":"GlareOne","description":"Wyposa\u017cenie Studia","publisher":{"@id":"https:\/\/glareone.eu\/nl\/en\/#organization"},"potentialAction":[{"@type":"SearchAction","target":{"@type":"EntryPoint","urlTemplate":"https:\/\/glareone.eu\/nl\/en\/?s={search_term_string}"},"query-input":{"@type":"PropertyValueSpecification","valueRequired":true,"valueName":"search_term_string"}}],"inLanguage":"nl-NL"},{"@type":"Organization","@id":"https:\/\/glareone.eu\/nl\/en\/#organization","name":"GlareOne","url":"https:\/\/glareone.eu\/nl\/en\/","logo":{"@type":"ImageObject","inLanguage":"nl-NL","@id":"https:\/\/glareone.eu\/nl\/en\/#\/schema\/logo\/image\/","url":"http:\/\/glareone.eu\/wp-content\/uploads\/2024\/05\/glareone_logo2020_RGB-01-e1715773127189.png","contentUrl":"http:\/\/glareone.eu\/wp-content\/uploads\/2024\/05\/glareone_logo2020_RGB-01-e1715773127189.png","width":1270,"height":321,"caption":"GlareOne"},"image":{"@id":"https:\/\/glareone.eu\/nl\/en\/#\/schema\/logo\/image\/"},"sameAs":["https:\/\/www.facebook.com\/GlareOneLighting","https:\/\/www.instagram.com\/glareonelighting\/","https:\/\/www.youtube.com\/@GlareOneTV"]}]}},"_links":{"self":[{"href":"https:\/\/glareone.eu\/nl\/wp-json\/wp\/v2\/product\/6073","targetHints":{"allow":["GET"]}}],"collection":[{"href":"https:\/\/glareone.eu\/nl\/wp-json\/wp\/v2\/product"}],"about":[{"href":"https:\/\/glareone.eu\/nl\/wp-json\/wp\/v2\/types\/product"}],"wp:featuredmedia":[{"embeddable":true,"href":"https:\/\/glareone.eu\/nl\/wp-json\/wp\/v2\/media\/6070"}],"wp:attachment":[{"href":"https:\/\/glareone.eu\/nl\/wp-json\/wp\/v2\/media?parent=6073"}],"wp:term":[{"taxonomy":"product_brand","embeddable":true,"href":"https:\/\/glareone.eu\/nl\/wp-json\/wp\/v2\/product_brand?post=6073"},{"taxonomy":"product_cat","embeddable":true,"href":"https:\/\/glareone.eu\/nl\/wp-json\/wp\/v2\/product_cat?post=6073"},{"taxonomy":"product_tag","embeddable":true,"href":"https:\/\/glareone.eu\/nl\/wp-json\/wp\/v2\/product_tag?post=6073"}],"curies":[{"name":"wp","href":"https:\/\/api.w.org\/{rel}","templated":true}]}}