{"id":6040,"date":"2024-04-18T19:26:29","date_gmt":"2024-04-18T19:26:29","guid":{"rendered":"http:\/\/glareone.eu\/produkt\/glareone-mini-glide\/"},"modified":"2024-05-07T08:01:23","modified_gmt":"2024-05-07T08:01:23","slug":"glareone-mini-glide","status":"publish","type":"product","link":"https:\/\/glareone.eu\/nl\/product\/glareone-mini-glide\/","title":{"rendered":"GlareOne Mini Glide &#8211; Studiostandaard"},"content":{"rendered":"<p>Niski statyw z odpinan\u0105 kolumn\u0105 centraln\u0105.<\/p>\n<h3>Niezb\u0119dnik<\/h3>\n<p>Niski statyw, taki jak GlareOne Mini Glide, to obowi\u0105zkowy element wyposa\u017cenia ka\u017cdego studia fotograficznego i filmowego. Pozwala na umieszczenie lampy bardzo blisko pod\u0142o\u017ca, dzi\u0119ki czemu gwarantuje ogromn\u0105 swobod\u0119 podczas pracy z o\u015bwietleniem. Mini Glide mo\u017ce s\u0142u\u017cy\u0107 jako podstawa o\u015bwietlenia t\u0142a czy spodu sto\u0142u bezcieniowego. Podczas sesji portretowych &#8211; szczeg\u00f3lnie typu beauty &#8211; pozwoli na umieszczenie lampy wype\u0142niaj\u0105cej cienie od spodu.<\/p>\n<h3>Detale<\/h3>\n<p>Mini Glide jest wyposa\u017cony w k\u00f3\u0142ka o \u015brednicy 40 mm, kt\u00f3re u\u0142atwiaj\u0105 przesuwanie statywu z zamontowan\u0105 lamp\u0105 i softboxem. Je\u017celi zachodzi potrzeba, mo\u017cna u\u017cy\u0107 wbudowanego hamulca, kt\u00f3ry zabezpieczy statyw przed przypadkowym przesuwaniem si\u0119. G\u0142owica jest metalowa i pozwala na monta\u017c trzpienia w pozycji pionowej i poziomej. Sam trzpie\u0144 jest odwracalny i ma dwa punkty monta\u017cowe: 1\/4\u201d i 3\/8\u201d. Nogi wykonane s\u0105 z zamkni\u0119tych profili stalowych i mo\u017cna je sk\u0142ada\u0107 do pozycji pionowej. Jedna z n\u00f3g posiada \u015brub\u0119, dzi\u0119ki czemu mo\u017cna zmieni\u0107 k\u0105t nogi i wypoziomowa\u0107 statyw.<\/p>\n<h3>Trwa\u0142y<\/h3>\n<p>Statyw jest niemal w ca\u0142o\u015bci wykonany z element\u00f3w metalowych, co powoduje, \u017ce jego \u017cywotno\u015b\u0107 jest wysoka. Jedynymi niemetalowymi cz\u0119\u015bciami s\u0105 uchwyty \u015brub blokuj\u0105cych po\u0142o\u017cenie sekcji oraz k\u00f3\u0142ka. Wszystkie pozosta\u0142e &#8211; kluczowe dla wytrzyma\u0142o\u015bci konstrukcji fragmenty &#8211; wykonano ze stali i\u00a0 aluminum.<\/p>\n<h3>Cechy produktu:<\/h3>\n<ul>\n<li>Kolumna centralna ma regulacj\u0119 wysoko\u015bci w zakresie 68~48 cm.<\/li>\n<li>Ma szeroki rozstaw n\u00f3g i nisko po\u0142o\u017cony \u015brodek ci\u0119\u017cko\u015bci.<\/li>\n<li>Nogi oraz ich \u0142\u0105cznik jest wykonany ze stali.<\/li>\n<li>Jedna z n\u00f3g pozwala na regulacj\u0119 k\u0105ta pochylenia.<\/li>\n<li>Trzpie\u0144 monta\u017cowy jest odwracalny i odpinany.<\/li>\n<li>Minimalna wysoko\u015b\u0107 to 19 cm (po odpi\u0119ciu kolumny centralnej).<\/li>\n<li>Jest dostarczany wraz z kompletem k\u00f3\u0142ek.<\/li>\n<li>D\u017awiga do 6 kg.<\/li>\n<\/ul>\n<p>Lage standaard met afneembare middenkolom.<\/p>\n<h3>Je hebt het nodig<\/h3>\n<p>De Mini Glide is een onmisbaar gereedschap in elke studio. Dankzij deze kleine standaard kun je je licht dicht bij de grond plaatsen en een heleboel unieke mogelijkheden krijgen bij het opzetten van de hele sc\u00e8ne. De Mini Glide kan je achtergrondlicht verbergen achter het onderwerp of invullicht net onder het lensgezichtsveld houden bij het maken van portretten.<\/p>\n<h3>Details<\/h3>\n<p>De Mini Glide is uitgerust met 40 mm wielen waardoor het gemakkelijk is om de standaard met het licht en de softbox te verplaatsen. Je kunt de ingebouwde rem gebruiken om deze tegen onbedoelde beweging te beveiligen. De spigot heeft twee montagepunten: 1\/4&#8243; en 3\/8&#8243; en kan zowel verticaal als horizontaal worden gemonteerd. Je kunt een van de poten op en neer kantelen om de hoek van de hele standaard te veranderen en deze in de rechte positie te houden.<\/p>\n<h3>Duurzaam<\/h3>\n<p>Poten, gewrichten en buizen zijn gemaakt van metaal om duurzaamheid, stijfheid en een lange levensduur te garanderen. De enige niet-metalen onderdelen zijn de schroefgrepen die de positie van de secties en de wielen vergrendelen.<\/p>\n<h3>Productkenmerken:<\/h3>\n<ul>\n<li>Middenkolom verstelbaar van 68~48 cm<\/li>\n<li>Breed onderstel en laag zwaartepunt<\/li>\n<li>Poten en hun connector zijn gemaakt van staal<\/li>\n<li>E\u00e9n poot maakt het mogelijk om de hoek van de standaard aan te passen<\/li>\n<li>De montage spigot is omkeerbaar en afneembaar<\/li>\n<li>De minimale hoogte is 19 cm (zonder middenkolom)<\/li>\n<li>Set wielen inbegrepen<\/li>\n<li>Laadvermogen tot 6 kg<\/li>\n<\/ul>\n","protected":false},"excerpt":{"rendered":"<p>Niski statyw z odpinan\u0105 kolumn\u0105 centraln\u0105. Niezb\u0119dnik Niski statyw, taki jak GlareOne Mini Glide, to obowi\u0105zkowy element wyposa\u017cenia ka\u017cdego studia fotograficznego i filmowego. Pozwala na umieszczenie lampy bardzo blisko pod\u0142o\u017ca, dzi\u0119ki czemu gwarantuje ogromn\u0105 swobod\u0119 podczas pracy z o\u015bwietleniem. Mini Glide mo\u017ce s\u0142u\u017cy\u0107 jako podstawa o\u015bwietlenia t\u0142a czy spodu sto\u0142u bezcieniowego. Podczas sesji portretowych &#8211; [&hellip;]<\/p>\n","protected":false},"featured_media":6021,"template":"","meta":[],"product_brand":[],"product_cat":[412],"product_tag":[],"class_list":{"0":"post-6040","1":"product","2":"type-product","3":"status-publish","4":"has-post-thumbnail","6":"product_cat-glide-nl","8":"first","9":"instock","10":"product-type-simple"},"yoast_head":"<!-- This site is optimized with the Yoast SEO plugin v27.2 - https:\/\/yoast.com\/product\/yoast-seo-wordpress\/ -->\n<title>GlareOne Mini Glide - niski statyw o\u015bwietleniowy<\/title>\n<meta name=\"description\" content=\"GlareOne Mini Glide - niski statyw o\u015bwietleniowy\" \/>\n<meta name=\"robots\" content=\"index, follow, max-snippet:-1, max-image-preview:large, max-video-preview:-1\" \/>\n<link rel=\"canonical\" href=\"https:\/\/glareone.eu\/nl\/product\/glareone-mini-glide\/\" \/>\n<meta property=\"og:locale\" content=\"nl_NL\" \/>\n<meta property=\"og:type\" content=\"article\" \/>\n<meta property=\"og:title\" content=\"GlareOne Mini Glide - niski statyw o\u015bwietleniowy\" \/>\n<meta property=\"og:description\" content=\"GlareOne Mini Glide - niski statyw o\u015bwietleniowy\" \/>\n<meta property=\"og:url\" content=\"https:\/\/glareone.eu\/nl\/product\/glareone-mini-glide\/\" \/>\n<meta property=\"og:site_name\" content=\"GlareOne\" \/>\n<meta property=\"article:publisher\" content=\"https:\/\/www.facebook.com\/GlareOneLighting\" \/>\n<meta property=\"article:modified_time\" content=\"2024-05-07T08:01:23+00:00\" \/>\n<meta property=\"og:image\" content=\"https:\/\/glareone.eu\/wp-content\/uploads\/2024\/04\/GlareOne-Mini-Glide-01.jpg\" \/>\n\t<meta property=\"og:image:width\" content=\"1200\" \/>\n\t<meta property=\"og:image:height\" content=\"1200\" \/>\n\t<meta property=\"og:image:type\" content=\"image\/jpeg\" \/>\n<meta name=\"twitter:card\" content=\"summary_large_image\" \/>\n<meta name=\"twitter:title\" content=\"GlareOne Mini Glide - niski statyw o\u015bwietleniowy\" \/>\n<meta name=\"twitter:label1\" content=\"Geschatte leestijd\" \/>\n\t<meta name=\"twitter:data1\" content=\"3 minuten\" \/>\n<script type=\"application\/ld+json\" class=\"yoast-schema-graph\">{\"@context\":\"https:\/\/schema.org\",\"@graph\":[{\"@type\":\"WebPage\",\"@id\":\"https:\/\/glareone.eu\/nl\/product\/glareone-mini-glide\/\",\"url\":\"https:\/\/glareone.eu\/nl\/product\/glareone-mini-glide\/\",\"name\":\"GlareOne Mini Glide - niski statyw o\u015bwietleniowy\",\"isPartOf\":{\"@id\":\"https:\/\/glareone.eu\/nl\/en\/#website\"},\"primaryImageOfPage\":{\"@id\":\"https:\/\/glareone.eu\/nl\/product\/glareone-mini-glide\/#primaryimage\"},\"image\":{\"@id\":\"https:\/\/glareone.eu\/nl\/product\/glareone-mini-glide\/#primaryimage\"},\"thumbnailUrl\":\"https:\/\/glareone.eu\/wp-content\/uploads\/2024\/04\/GlareOne-Mini-Glide-01.jpg\",\"datePublished\":\"2024-04-18T19:26:29+00:00\",\"dateModified\":\"2024-05-07T08:01:23+00:00\",\"description\":\"GlareOne Mini Glide - niski statyw o\u015bwietleniowy\",\"breadcrumb\":{\"@id\":\"https:\/\/glareone.eu\/nl\/product\/glareone-mini-glide\/#breadcrumb\"},\"inLanguage\":\"nl-NL\",\"potentialAction\":[{\"@type\":\"ReadAction\",\"target\":[\"https:\/\/glareone.eu\/nl\/product\/glareone-mini-glide\/\"]}]},{\"@type\":\"ImageObject\",\"inLanguage\":\"nl-NL\",\"@id\":\"https:\/\/glareone.eu\/nl\/product\/glareone-mini-glide\/#primaryimage\",\"url\":\"https:\/\/glareone.eu\/wp-content\/uploads\/2024\/04\/GlareOne-Mini-Glide-01.jpg\",\"contentUrl\":\"https:\/\/glareone.eu\/wp-content\/uploads\/2024\/04\/GlareOne-Mini-Glide-01.jpg\",\"width\":1200,\"height\":1200},{\"@type\":\"BreadcrumbList\",\"@id\":\"https:\/\/glareone.eu\/nl\/product\/glareone-mini-glide\/#breadcrumb\",\"itemListElement\":[{\"@type\":\"ListItem\",\"position\":1,\"name\":\"Strona g\u0142\u00f3wna\",\"item\":\"https:\/\/glareone.eu\/nl\/\"},{\"@type\":\"ListItem\",\"position\":2,\"name\":\"Alle producten\",\"item\":\"https:\/\/glareone.eu\/nl\/producten\/alle-producten\/\"},{\"@type\":\"ListItem\",\"position\":3,\"name\":\"GlareOne Mini Glide &#8211; Studiostandaard\"}]},{\"@type\":\"WebSite\",\"@id\":\"https:\/\/glareone.eu\/nl\/en\/#website\",\"url\":\"https:\/\/glareone.eu\/nl\/en\/\",\"name\":\"GlareOne\",\"description\":\"Wyposa\u017cenie Studia\",\"publisher\":{\"@id\":\"https:\/\/glareone.eu\/nl\/en\/#organization\"},\"potentialAction\":[{\"@type\":\"SearchAction\",\"target\":{\"@type\":\"EntryPoint\",\"urlTemplate\":\"https:\/\/glareone.eu\/nl\/en\/?s={search_term_string}\"},\"query-input\":{\"@type\":\"PropertyValueSpecification\",\"valueRequired\":true,\"valueName\":\"search_term_string\"}}],\"inLanguage\":\"nl-NL\"},{\"@type\":\"Organization\",\"@id\":\"https:\/\/glareone.eu\/nl\/en\/#organization\",\"name\":\"GlareOne\",\"url\":\"https:\/\/glareone.eu\/nl\/en\/\",\"logo\":{\"@type\":\"ImageObject\",\"inLanguage\":\"nl-NL\",\"@id\":\"https:\/\/glareone.eu\/nl\/en\/#\/schema\/logo\/image\/\",\"url\":\"http:\/\/glareone.eu\/wp-content\/uploads\/2024\/05\/glareone_logo2020_RGB-01-e1715773127189.png\",\"contentUrl\":\"http:\/\/glareone.eu\/wp-content\/uploads\/2024\/05\/glareone_logo2020_RGB-01-e1715773127189.png\",\"width\":1270,\"height\":321,\"caption\":\"GlareOne\"},\"image\":{\"@id\":\"https:\/\/glareone.eu\/nl\/en\/#\/schema\/logo\/image\/\"},\"sameAs\":[\"https:\/\/www.facebook.com\/GlareOneLighting\",\"https:\/\/www.instagram.com\/glareonelighting\/\",\"https:\/\/www.youtube.com\/@GlareOneTV\"]}]}<\/script>\n<!-- \/ Yoast SEO plugin. -->","yoast_head_json":{"title":"GlareOne Mini Glide - niski statyw o\u015bwietleniowy","description":"GlareOne Mini Glide - niski statyw o\u015bwietleniowy","robots":{"index":"index","follow":"follow","max-snippet":"max-snippet:-1","max-image-preview":"max-image-preview:large","max-video-preview":"max-video-preview:-1"},"canonical":"https:\/\/glareone.eu\/nl\/product\/glareone-mini-glide\/","og_locale":"nl_NL","og_type":"article","og_title":"GlareOne Mini Glide - niski statyw o\u015bwietleniowy","og_description":"GlareOne Mini Glide - niski statyw o\u015bwietleniowy","og_url":"https:\/\/glareone.eu\/nl\/product\/glareone-mini-glide\/","og_site_name":"GlareOne","article_publisher":"https:\/\/www.facebook.com\/GlareOneLighting","article_modified_time":"2024-05-07T08:01:23+00:00","og_image":[{"width":1200,"height":1200,"url":"https:\/\/glareone.eu\/wp-content\/uploads\/2024\/04\/GlareOne-Mini-Glide-01.jpg","type":"image\/jpeg"}],"twitter_card":"summary_large_image","twitter_title":"GlareOne Mini Glide - niski statyw o\u015bwietleniowy","twitter_misc":{"Geschatte leestijd":"3 minuten"},"schema":{"@context":"https:\/\/schema.org","@graph":[{"@type":"WebPage","@id":"https:\/\/glareone.eu\/nl\/product\/glareone-mini-glide\/","url":"https:\/\/glareone.eu\/nl\/product\/glareone-mini-glide\/","name":"GlareOne Mini Glide - niski statyw o\u015bwietleniowy","isPartOf":{"@id":"https:\/\/glareone.eu\/nl\/en\/#website"},"primaryImageOfPage":{"@id":"https:\/\/glareone.eu\/nl\/product\/glareone-mini-glide\/#primaryimage"},"image":{"@id":"https:\/\/glareone.eu\/nl\/product\/glareone-mini-glide\/#primaryimage"},"thumbnailUrl":"https:\/\/glareone.eu\/wp-content\/uploads\/2024\/04\/GlareOne-Mini-Glide-01.jpg","datePublished":"2024-04-18T19:26:29+00:00","dateModified":"2024-05-07T08:01:23+00:00","description":"GlareOne Mini Glide - niski statyw o\u015bwietleniowy","breadcrumb":{"@id":"https:\/\/glareone.eu\/nl\/product\/glareone-mini-glide\/#breadcrumb"},"inLanguage":"nl-NL","potentialAction":[{"@type":"ReadAction","target":["https:\/\/glareone.eu\/nl\/product\/glareone-mini-glide\/"]}]},{"@type":"ImageObject","inLanguage":"nl-NL","@id":"https:\/\/glareone.eu\/nl\/product\/glareone-mini-glide\/#primaryimage","url":"https:\/\/glareone.eu\/wp-content\/uploads\/2024\/04\/GlareOne-Mini-Glide-01.jpg","contentUrl":"https:\/\/glareone.eu\/wp-content\/uploads\/2024\/04\/GlareOne-Mini-Glide-01.jpg","width":1200,"height":1200},{"@type":"BreadcrumbList","@id":"https:\/\/glareone.eu\/nl\/product\/glareone-mini-glide\/#breadcrumb","itemListElement":[{"@type":"ListItem","position":1,"name":"Strona g\u0142\u00f3wna","item":"https:\/\/glareone.eu\/nl\/"},{"@type":"ListItem","position":2,"name":"Alle producten","item":"https:\/\/glareone.eu\/nl\/producten\/alle-producten\/"},{"@type":"ListItem","position":3,"name":"GlareOne Mini Glide &#8211; Studiostandaard"}]},{"@type":"WebSite","@id":"https:\/\/glareone.eu\/nl\/en\/#website","url":"https:\/\/glareone.eu\/nl\/en\/","name":"GlareOne","description":"Wyposa\u017cenie Studia","publisher":{"@id":"https:\/\/glareone.eu\/nl\/en\/#organization"},"potentialAction":[{"@type":"SearchAction","target":{"@type":"EntryPoint","urlTemplate":"https:\/\/glareone.eu\/nl\/en\/?s={search_term_string}"},"query-input":{"@type":"PropertyValueSpecification","valueRequired":true,"valueName":"search_term_string"}}],"inLanguage":"nl-NL"},{"@type":"Organization","@id":"https:\/\/glareone.eu\/nl\/en\/#organization","name":"GlareOne","url":"https:\/\/glareone.eu\/nl\/en\/","logo":{"@type":"ImageObject","inLanguage":"nl-NL","@id":"https:\/\/glareone.eu\/nl\/en\/#\/schema\/logo\/image\/","url":"http:\/\/glareone.eu\/wp-content\/uploads\/2024\/05\/glareone_logo2020_RGB-01-e1715773127189.png","contentUrl":"http:\/\/glareone.eu\/wp-content\/uploads\/2024\/05\/glareone_logo2020_RGB-01-e1715773127189.png","width":1270,"height":321,"caption":"GlareOne"},"image":{"@id":"https:\/\/glareone.eu\/nl\/en\/#\/schema\/logo\/image\/"},"sameAs":["https:\/\/www.facebook.com\/GlareOneLighting","https:\/\/www.instagram.com\/glareonelighting\/","https:\/\/www.youtube.com\/@GlareOneTV"]}]}},"_links":{"self":[{"href":"https:\/\/glareone.eu\/nl\/wp-json\/wp\/v2\/product\/6040","targetHints":{"allow":["GET"]}}],"collection":[{"href":"https:\/\/glareone.eu\/nl\/wp-json\/wp\/v2\/product"}],"about":[{"href":"https:\/\/glareone.eu\/nl\/wp-json\/wp\/v2\/types\/product"}],"wp:featuredmedia":[{"embeddable":true,"href":"https:\/\/glareone.eu\/nl\/wp-json\/wp\/v2\/media\/6021"}],"wp:attachment":[{"href":"https:\/\/glareone.eu\/nl\/wp-json\/wp\/v2\/media?parent=6040"}],"wp:term":[{"taxonomy":"product_brand","embeddable":true,"href":"https:\/\/glareone.eu\/nl\/wp-json\/wp\/v2\/product_brand?post=6040"},{"taxonomy":"product_cat","embeddable":true,"href":"https:\/\/glareone.eu\/nl\/wp-json\/wp\/v2\/product_cat?post=6040"},{"taxonomy":"product_tag","embeddable":true,"href":"https:\/\/glareone.eu\/nl\/wp-json\/wp\/v2\/product_tag?post=6040"}],"curies":[{"name":"wp","href":"https:\/\/api.w.org\/{rel}","templated":true}]}}