{"id":5617,"date":"2024-04-18T19:26:11","date_gmt":"2024-04-18T19:26:11","guid":{"rendered":"http:\/\/glareone.eu\/produkt\/glareone-fb1520-bw-tlo-skladane-czarno-biale-150x200-cm\/"},"modified":"2024-05-06T12:08:16","modified_gmt":"2024-05-06T12:08:16","slug":"glareone-fb1520-bw-zwart-en-wit-150x200-cm","status":"publish","type":"product","link":"https:\/\/glareone.eu\/nl\/product\/glareone-fb1520-bw-zwart-en-wit-150x200-cm\/","title":{"rendered":"GlareOne FB1520 B&#038;W &#8211; Vouwbare fotobackground zwart en wit 150&#215;200 cm"},"content":{"rendered":"<p>Vouwbare fotobackground op een uitrekkend frame, 150 x 200 cm, zwart en wit. Vouwbare structuur net als fotografische reflectoren, opgevouwen afmetingen: \u00f8 67 x 5 cm. Perfect als achtergrond voor filmopnames, kan ook worden gebruikt als fotografische reflector.<\/p>\n<h3>2 verschillende schermen &#8211; GlareOne achtergrond bekledingen.<\/h3>\n<ol>\n<li>Wit &#8211; reflecteert en verzacht natuurlijk licht zonder de kleurtemperatuur te veranderen<\/li>\n<li>Zwart &#8211; vermindert ongewenste reflecties en verhoogt het contrast door overtollig licht te absorberen, soms gebruikt als zwarte achtergrond of wand\/verduistering om lichtoutput te beperken<\/li>\n<\/ol>\n<h3>Voordelen van GlareOne 2-in-1 zwart en wit achtergronden:<\/h3>\n<ul>\n<li>Perfecte oplossing voor kleine studio&#8217;s voor vloggers, youtubers.<\/li>\n<li>Twee verschillende schermen voor verschillende effecten.<\/li>\n<li>Flexibel ontwerp stelt u in staat om de achtergrond te buigen zoals u wilt.<\/li>\n<li>Solide constructie werkt goed zelfs in moeilijke buitenomstandigheden.<\/li>\n<li>De achtergrond kan worden opgehangen aan een speciale lus.<\/li>\n<li>Duurzaam, flexibel frame garandeert veilig vouwen en uitvouwen van de achtergrond zonder zorgen te maken over barsten, chippen of buigen.<\/li>\n<li>De set bevat een hoes die de achtergrond beschermt tegen beschadiging tijdens transport.<\/li>\n<\/ul>\n","protected":false},"excerpt":{"rendered":"<p>Vouwbare fotobackground op een uitrekkend frame, 150 x 200 cm, zwart en wit. Vouwbare structuur net als fotografische reflectoren, opgevouwen afmetingen: \u00f8 67 x 5 cm. Perfect als achtergrond voor filmopnames, kan ook worden gebruikt als fotografische reflector. 2 verschillende schermen &#8211; GlareOne achtergrond bekledingen. Wit &#8211; reflecteert en verzacht natuurlijk licht zonder de kleurtemperatuur [&hellip;]<\/p>\n","protected":false},"featured_media":5606,"template":"","meta":[],"product_brand":[],"product_cat":[437],"product_tag":[],"class_list":{"0":"post-5617","1":"product","2":"type-product","3":"status-publish","4":"has-post-thumbnail","6":"product_cat-achtergronden","8":"first","9":"instock","10":"product-type-simple"},"yoast_head":"<!-- This site is optimized with the Yoast SEO plugin v27.2 - https:\/\/yoast.com\/product\/yoast-seo-wordpress\/ -->\n<title>GlareOne FB1520 B&amp;W - t\u0142o sk\u0142adane czarno\/bia\u0142e 150x200 cm<\/title>\n<meta name=\"description\" content=\"GlareOne FB1520 B&amp;W - t\u0142o sk\u0142adane czarno\/bia\u0142e 150x200 cm\" \/>\n<meta name=\"robots\" content=\"index, follow, max-snippet:-1, max-image-preview:large, max-video-preview:-1\" \/>\n<link rel=\"canonical\" href=\"https:\/\/glareone.eu\/nl\/product\/glareone-fb1520-bw-zwart-en-wit-150x200-cm\/\" \/>\n<meta property=\"og:locale\" content=\"nl_NL\" \/>\n<meta property=\"og:type\" content=\"article\" \/>\n<meta property=\"og:title\" content=\"GlareOne FB1520 B&amp;W - t\u0142o sk\u0142adane czarno\/bia\u0142e 150x200 cm\" \/>\n<meta property=\"og:description\" content=\"GlareOne FB1520 B&amp;W - t\u0142o sk\u0142adane czarno\/bia\u0142e 150x200 cm\" \/>\n<meta property=\"og:url\" content=\"https:\/\/glareone.eu\/nl\/product\/glareone-fb1520-bw-zwart-en-wit-150x200-cm\/\" \/>\n<meta property=\"og:site_name\" content=\"GlareOne\" \/>\n<meta property=\"article:publisher\" content=\"https:\/\/www.facebook.com\/GlareOneLighting\" \/>\n<meta property=\"article:modified_time\" content=\"2024-05-06T12:08:16+00:00\" \/>\n<meta property=\"og:image\" content=\"https:\/\/glareone.eu\/wp-content\/uploads\/2024\/04\/SBRBWO150X200_001.jpg\" \/>\n\t<meta property=\"og:image:width\" content=\"1000\" \/>\n\t<meta property=\"og:image:height\" content=\"1000\" \/>\n\t<meta property=\"og:image:type\" content=\"image\/jpeg\" \/>\n<meta name=\"twitter:card\" content=\"summary_large_image\" \/>\n<meta name=\"twitter:title\" content=\"GlareOne FB1520 B&amp;W - t\u0142o sk\u0142adane czarno\/bia\u0142e 150x200 cm\" \/>\n<meta name=\"twitter:label1\" content=\"Geschatte leestijd\" \/>\n\t<meta name=\"twitter:data1\" content=\"1 minuut\" \/>\n<script type=\"application\/ld+json\" class=\"yoast-schema-graph\">{\"@context\":\"https:\/\/schema.org\",\"@graph\":[{\"@type\":\"WebPage\",\"@id\":\"https:\/\/glareone.eu\/nl\/product\/glareone-fb1520-bw-zwart-en-wit-150x200-cm\/\",\"url\":\"https:\/\/glareone.eu\/nl\/product\/glareone-fb1520-bw-zwart-en-wit-150x200-cm\/\",\"name\":\"GlareOne FB1520 B&W - t\u0142o sk\u0142adane czarno\/bia\u0142e 150x200 cm\",\"isPartOf\":{\"@id\":\"https:\/\/glareone.eu\/nl\/en\/#website\"},\"primaryImageOfPage\":{\"@id\":\"https:\/\/glareone.eu\/nl\/product\/glareone-fb1520-bw-zwart-en-wit-150x200-cm\/#primaryimage\"},\"image\":{\"@id\":\"https:\/\/glareone.eu\/nl\/product\/glareone-fb1520-bw-zwart-en-wit-150x200-cm\/#primaryimage\"},\"thumbnailUrl\":\"https:\/\/glareone.eu\/wp-content\/uploads\/2024\/04\/SBRBWO150X200_001.jpg\",\"datePublished\":\"2024-04-18T19:26:11+00:00\",\"dateModified\":\"2024-05-06T12:08:16+00:00\",\"description\":\"GlareOne FB1520 B&W - t\u0142o sk\u0142adane czarno\/bia\u0142e 150x200 cm\",\"breadcrumb\":{\"@id\":\"https:\/\/glareone.eu\/nl\/product\/glareone-fb1520-bw-zwart-en-wit-150x200-cm\/#breadcrumb\"},\"inLanguage\":\"nl-NL\",\"potentialAction\":[{\"@type\":\"ReadAction\",\"target\":[\"https:\/\/glareone.eu\/nl\/product\/glareone-fb1520-bw-zwart-en-wit-150x200-cm\/\"]}]},{\"@type\":\"ImageObject\",\"inLanguage\":\"nl-NL\",\"@id\":\"https:\/\/glareone.eu\/nl\/product\/glareone-fb1520-bw-zwart-en-wit-150x200-cm\/#primaryimage\",\"url\":\"https:\/\/glareone.eu\/wp-content\/uploads\/2024\/04\/SBRBWO150X200_001.jpg\",\"contentUrl\":\"https:\/\/glareone.eu\/wp-content\/uploads\/2024\/04\/SBRBWO150X200_001.jpg\",\"width\":1000,\"height\":1000},{\"@type\":\"BreadcrumbList\",\"@id\":\"https:\/\/glareone.eu\/nl\/product\/glareone-fb1520-bw-zwart-en-wit-150x200-cm\/#breadcrumb\",\"itemListElement\":[{\"@type\":\"ListItem\",\"position\":1,\"name\":\"Strona g\u0142\u00f3wna\",\"item\":\"https:\/\/glareone.eu\/nl\/\"},{\"@type\":\"ListItem\",\"position\":2,\"name\":\"Alle producten\",\"item\":\"https:\/\/glareone.eu\/nl\/producten\/alle-producten\/\"},{\"@type\":\"ListItem\",\"position\":3,\"name\":\"GlareOne FB1520 B&#038;W &#8211; Vouwbare fotobackground zwart en wit 150&#215;200 cm\"}]},{\"@type\":\"WebSite\",\"@id\":\"https:\/\/glareone.eu\/nl\/en\/#website\",\"url\":\"https:\/\/glareone.eu\/nl\/en\/\",\"name\":\"GlareOne\",\"description\":\"Wyposa\u017cenie Studia\",\"publisher\":{\"@id\":\"https:\/\/glareone.eu\/nl\/en\/#organization\"},\"potentialAction\":[{\"@type\":\"SearchAction\",\"target\":{\"@type\":\"EntryPoint\",\"urlTemplate\":\"https:\/\/glareone.eu\/nl\/en\/?s={search_term_string}\"},\"query-input\":{\"@type\":\"PropertyValueSpecification\",\"valueRequired\":true,\"valueName\":\"search_term_string\"}}],\"inLanguage\":\"nl-NL\"},{\"@type\":\"Organization\",\"@id\":\"https:\/\/glareone.eu\/nl\/en\/#organization\",\"name\":\"GlareOne\",\"url\":\"https:\/\/glareone.eu\/nl\/en\/\",\"logo\":{\"@type\":\"ImageObject\",\"inLanguage\":\"nl-NL\",\"@id\":\"https:\/\/glareone.eu\/nl\/en\/#\/schema\/logo\/image\/\",\"url\":\"http:\/\/glareone.eu\/wp-content\/uploads\/2024\/05\/glareone_logo2020_RGB-01-e1715773127189.png\",\"contentUrl\":\"http:\/\/glareone.eu\/wp-content\/uploads\/2024\/05\/glareone_logo2020_RGB-01-e1715773127189.png\",\"width\":1270,\"height\":321,\"caption\":\"GlareOne\"},\"image\":{\"@id\":\"https:\/\/glareone.eu\/nl\/en\/#\/schema\/logo\/image\/\"},\"sameAs\":[\"https:\/\/www.facebook.com\/GlareOneLighting\",\"https:\/\/www.instagram.com\/glareonelighting\/\",\"https:\/\/www.youtube.com\/@GlareOneTV\"]}]}<\/script>\n<!-- \/ Yoast SEO plugin. -->","yoast_head_json":{"title":"GlareOne FB1520 B&W - t\u0142o sk\u0142adane czarno\/bia\u0142e 150x200 cm","description":"GlareOne FB1520 B&W - t\u0142o sk\u0142adane czarno\/bia\u0142e 150x200 cm","robots":{"index":"index","follow":"follow","max-snippet":"max-snippet:-1","max-image-preview":"max-image-preview:large","max-video-preview":"max-video-preview:-1"},"canonical":"https:\/\/glareone.eu\/nl\/product\/glareone-fb1520-bw-zwart-en-wit-150x200-cm\/","og_locale":"nl_NL","og_type":"article","og_title":"GlareOne FB1520 B&W - t\u0142o sk\u0142adane czarno\/bia\u0142e 150x200 cm","og_description":"GlareOne FB1520 B&W - t\u0142o sk\u0142adane czarno\/bia\u0142e 150x200 cm","og_url":"https:\/\/glareone.eu\/nl\/product\/glareone-fb1520-bw-zwart-en-wit-150x200-cm\/","og_site_name":"GlareOne","article_publisher":"https:\/\/www.facebook.com\/GlareOneLighting","article_modified_time":"2024-05-06T12:08:16+00:00","og_image":[{"width":1000,"height":1000,"url":"https:\/\/glareone.eu\/wp-content\/uploads\/2024\/04\/SBRBWO150X200_001.jpg","type":"image\/jpeg"}],"twitter_card":"summary_large_image","twitter_title":"GlareOne FB1520 B&W - t\u0142o sk\u0142adane czarno\/bia\u0142e 150x200 cm","twitter_misc":{"Geschatte leestijd":"1 minuut"},"schema":{"@context":"https:\/\/schema.org","@graph":[{"@type":"WebPage","@id":"https:\/\/glareone.eu\/nl\/product\/glareone-fb1520-bw-zwart-en-wit-150x200-cm\/","url":"https:\/\/glareone.eu\/nl\/product\/glareone-fb1520-bw-zwart-en-wit-150x200-cm\/","name":"GlareOne FB1520 B&W - t\u0142o sk\u0142adane czarno\/bia\u0142e 150x200 cm","isPartOf":{"@id":"https:\/\/glareone.eu\/nl\/en\/#website"},"primaryImageOfPage":{"@id":"https:\/\/glareone.eu\/nl\/product\/glareone-fb1520-bw-zwart-en-wit-150x200-cm\/#primaryimage"},"image":{"@id":"https:\/\/glareone.eu\/nl\/product\/glareone-fb1520-bw-zwart-en-wit-150x200-cm\/#primaryimage"},"thumbnailUrl":"https:\/\/glareone.eu\/wp-content\/uploads\/2024\/04\/SBRBWO150X200_001.jpg","datePublished":"2024-04-18T19:26:11+00:00","dateModified":"2024-05-06T12:08:16+00:00","description":"GlareOne FB1520 B&W - t\u0142o sk\u0142adane czarno\/bia\u0142e 150x200 cm","breadcrumb":{"@id":"https:\/\/glareone.eu\/nl\/product\/glareone-fb1520-bw-zwart-en-wit-150x200-cm\/#breadcrumb"},"inLanguage":"nl-NL","potentialAction":[{"@type":"ReadAction","target":["https:\/\/glareone.eu\/nl\/product\/glareone-fb1520-bw-zwart-en-wit-150x200-cm\/"]}]},{"@type":"ImageObject","inLanguage":"nl-NL","@id":"https:\/\/glareone.eu\/nl\/product\/glareone-fb1520-bw-zwart-en-wit-150x200-cm\/#primaryimage","url":"https:\/\/glareone.eu\/wp-content\/uploads\/2024\/04\/SBRBWO150X200_001.jpg","contentUrl":"https:\/\/glareone.eu\/wp-content\/uploads\/2024\/04\/SBRBWO150X200_001.jpg","width":1000,"height":1000},{"@type":"BreadcrumbList","@id":"https:\/\/glareone.eu\/nl\/product\/glareone-fb1520-bw-zwart-en-wit-150x200-cm\/#breadcrumb","itemListElement":[{"@type":"ListItem","position":1,"name":"Strona g\u0142\u00f3wna","item":"https:\/\/glareone.eu\/nl\/"},{"@type":"ListItem","position":2,"name":"Alle producten","item":"https:\/\/glareone.eu\/nl\/producten\/alle-producten\/"},{"@type":"ListItem","position":3,"name":"GlareOne FB1520 B&#038;W &#8211; Vouwbare fotobackground zwart en wit 150&#215;200 cm"}]},{"@type":"WebSite","@id":"https:\/\/glareone.eu\/nl\/en\/#website","url":"https:\/\/glareone.eu\/nl\/en\/","name":"GlareOne","description":"Wyposa\u017cenie Studia","publisher":{"@id":"https:\/\/glareone.eu\/nl\/en\/#organization"},"potentialAction":[{"@type":"SearchAction","target":{"@type":"EntryPoint","urlTemplate":"https:\/\/glareone.eu\/nl\/en\/?s={search_term_string}"},"query-input":{"@type":"PropertyValueSpecification","valueRequired":true,"valueName":"search_term_string"}}],"inLanguage":"nl-NL"},{"@type":"Organization","@id":"https:\/\/glareone.eu\/nl\/en\/#organization","name":"GlareOne","url":"https:\/\/glareone.eu\/nl\/en\/","logo":{"@type":"ImageObject","inLanguage":"nl-NL","@id":"https:\/\/glareone.eu\/nl\/en\/#\/schema\/logo\/image\/","url":"http:\/\/glareone.eu\/wp-content\/uploads\/2024\/05\/glareone_logo2020_RGB-01-e1715773127189.png","contentUrl":"http:\/\/glareone.eu\/wp-content\/uploads\/2024\/05\/glareone_logo2020_RGB-01-e1715773127189.png","width":1270,"height":321,"caption":"GlareOne"},"image":{"@id":"https:\/\/glareone.eu\/nl\/en\/#\/schema\/logo\/image\/"},"sameAs":["https:\/\/www.facebook.com\/GlareOneLighting","https:\/\/www.instagram.com\/glareonelighting\/","https:\/\/www.youtube.com\/@GlareOneTV"]}]}},"_links":{"self":[{"href":"https:\/\/glareone.eu\/nl\/wp-json\/wp\/v2\/product\/5617","targetHints":{"allow":["GET"]}}],"collection":[{"href":"https:\/\/glareone.eu\/nl\/wp-json\/wp\/v2\/product"}],"about":[{"href":"https:\/\/glareone.eu\/nl\/wp-json\/wp\/v2\/types\/product"}],"wp:featuredmedia":[{"embeddable":true,"href":"https:\/\/glareone.eu\/nl\/wp-json\/wp\/v2\/media\/5606"}],"wp:attachment":[{"href":"https:\/\/glareone.eu\/nl\/wp-json\/wp\/v2\/media?parent=5617"}],"wp:term":[{"taxonomy":"product_brand","embeddable":true,"href":"https:\/\/glareone.eu\/nl\/wp-json\/wp\/v2\/product_brand?post=5617"},{"taxonomy":"product_cat","embeddable":true,"href":"https:\/\/glareone.eu\/nl\/wp-json\/wp\/v2\/product_cat?post=5617"},{"taxonomy":"product_tag","embeddable":true,"href":"https:\/\/glareone.eu\/nl\/wp-json\/wp\/v2\/product_tag?post=5617"}],"curies":[{"name":"wp","href":"https:\/\/api.w.org\/{rel}","templated":true}]}}