{"id":4530,"date":"2024-04-18T19:26:27","date_gmt":"2024-04-18T19:26:27","guid":{"rendered":"http:\/\/glareone.eu\/produkt\/glareone-tlo-pvc-60x130cm-biale-lustrzane\/"},"modified":"2024-05-06T08:20:25","modified_gmt":"2024-05-06T08:20:25","slug":"glareone-tlo-pvc-achtergrond-60x130cm-wit-gespiegeld","status":"publish","type":"product","link":"https:\/\/glareone.eu\/nl\/product\/glareone-tlo-pvc-achtergrond-60x130cm-wit-gespiegeld\/","title":{"rendered":"GlareOne PVC achtergrond 60x130cm &#8211; wit, gespiegeld"},"content":{"rendered":"<p>Spiegelwitte achtergrond gemaakt van PVC met een dikte van 0.4 ~ 0.5 mm, speciaal ontworpen voor de 60&#215;130 opnametafel, wat een perfecte set cre\u00ebert voor productfotografie. Het materiaal maakt de achtergrond duurzaam en kreukvrij. Het oppervlak is gemakkelijk schoon te maken, waardoor de achtergrond lang meegaat. De textuur is gespiegeld en cre\u00ebert een spiegelbeeld van het gefotografeerde object. Het is verkrijgbaar in 11 kleurvarianten.<\/p>\n<h3>Productkenmerken:<\/h3>\n<ul>\n<li>Duurzaam<\/li>\n<li>Gemakkelijk schoon te maken<\/li>\n<li>Flexibel en eenvoudig te plaatsen<\/li>\n<li>Gespiegeld oppervlak<\/li>\n<li>Perfect voor productfotografie<\/li>\n<\/ul>\n<h3>Beschikbare kleuren:<\/h3>\n<ul>\n<li>Zwart<\/li>\n<li>Gespiegeld zwart<\/li>\n<li>Wit<\/li>\n<li>Gespiegeld wit<\/li>\n<li>Grijs<\/li>\n<li>Blauw<\/li>\n<li>Koffie<\/li>\n<li>Groen<\/li>\n<li>Oranje<\/li>\n<li>Roze<\/li>\n<li>Rood<\/li>\n<\/ul>\n","protected":false},"excerpt":{"rendered":"<p>Spiegelwitte achtergrond gemaakt van PVC met een dikte van 0.4 ~ 0.5 mm, speciaal ontworpen voor de 60&#215;130 opnametafel, wat een perfecte set cre\u00ebert voor productfotografie. Het materiaal maakt de achtergrond duurzaam en kreukvrij. Het oppervlak is gemakkelijk schoon te maken, waardoor de achtergrond lang meegaat. De textuur is gespiegeld en cre\u00ebert een spiegelbeeld van [&hellip;]<\/p>\n","protected":false},"featured_media":4523,"template":"","meta":[],"product_brand":[],"product_cat":[437],"product_tag":[],"class_list":{"0":"post-4530","1":"product","2":"type-product","3":"status-publish","4":"has-post-thumbnail","6":"product_cat-achtergronden","8":"first","9":"instock","10":"product-type-simple"},"yoast_head":"<!-- This site is optimized with the Yoast SEO plugin v27.2 - https:\/\/yoast.com\/product\/yoast-seo-wordpress\/ -->\n<title>GlareOne t\u0142o PVC 60x130cm - bia\u0142e, lustrzane<\/title>\n<meta name=\"description\" content=\"GlareOne t\u0142o PVC 60x130cm - bia\u0142e, lustrzane\" \/>\n<meta name=\"robots\" content=\"index, follow, max-snippet:-1, max-image-preview:large, max-video-preview:-1\" \/>\n<link rel=\"canonical\" href=\"https:\/\/glareone.eu\/nl\/product\/glareone-tlo-pvc-achtergrond-60x130cm-wit-gespiegeld\/\" \/>\n<meta property=\"og:locale\" content=\"nl_NL\" \/>\n<meta property=\"og:type\" content=\"article\" \/>\n<meta property=\"og:title\" content=\"GlareOne t\u0142o PVC 60x130cm - bia\u0142e, lustrzane\" \/>\n<meta property=\"og:description\" content=\"GlareOne t\u0142o PVC 60x130cm - bia\u0142e, lustrzane\" \/>\n<meta property=\"og:url\" content=\"https:\/\/glareone.eu\/nl\/product\/glareone-tlo-pvc-achtergrond-60x130cm-wit-gespiegeld\/\" \/>\n<meta property=\"og:site_name\" content=\"GlareOne\" \/>\n<meta property=\"article:publisher\" content=\"https:\/\/www.facebook.com\/GlareOneLighting\" \/>\n<meta property=\"article:modified_time\" content=\"2024-05-06T08:20:25+00:00\" \/>\n<meta property=\"og:image\" content=\"https:\/\/glareone.eu\/wp-content\/uploads\/2024\/04\/SBAPVC60X130MW_01.jpg\" \/>\n\t<meta property=\"og:image:width\" content=\"1200\" \/>\n\t<meta property=\"og:image:height\" content=\"1200\" \/>\n\t<meta property=\"og:image:type\" content=\"image\/jpeg\" \/>\n<meta name=\"twitter:card\" content=\"summary_large_image\" \/>\n<meta name=\"twitter:title\" content=\"GlareOne t\u0142o PVC 60x130cm - bia\u0142e, lustrzane\" \/>\n<meta name=\"twitter:label1\" content=\"Geschatte leestijd\" \/>\n\t<meta name=\"twitter:data1\" content=\"1 minuut\" \/>\n<script type=\"application\/ld+json\" class=\"yoast-schema-graph\">{\"@context\":\"https:\/\/schema.org\",\"@graph\":[{\"@type\":\"WebPage\",\"@id\":\"https:\/\/glareone.eu\/nl\/product\/glareone-tlo-pvc-achtergrond-60x130cm-wit-gespiegeld\/\",\"url\":\"https:\/\/glareone.eu\/nl\/product\/glareone-tlo-pvc-achtergrond-60x130cm-wit-gespiegeld\/\",\"name\":\"GlareOne t\u0142o PVC 60x130cm - bia\u0142e, lustrzane\",\"isPartOf\":{\"@id\":\"https:\/\/glareone.eu\/nl\/en\/#website\"},\"primaryImageOfPage\":{\"@id\":\"https:\/\/glareone.eu\/nl\/product\/glareone-tlo-pvc-achtergrond-60x130cm-wit-gespiegeld\/#primaryimage\"},\"image\":{\"@id\":\"https:\/\/glareone.eu\/nl\/product\/glareone-tlo-pvc-achtergrond-60x130cm-wit-gespiegeld\/#primaryimage\"},\"thumbnailUrl\":\"https:\/\/glareone.eu\/wp-content\/uploads\/2024\/04\/SBAPVC60X130MW_01.jpg\",\"datePublished\":\"2024-04-18T19:26:27+00:00\",\"dateModified\":\"2024-05-06T08:20:25+00:00\",\"description\":\"GlareOne t\u0142o PVC 60x130cm - bia\u0142e, lustrzane\",\"breadcrumb\":{\"@id\":\"https:\/\/glareone.eu\/nl\/product\/glareone-tlo-pvc-achtergrond-60x130cm-wit-gespiegeld\/#breadcrumb\"},\"inLanguage\":\"nl-NL\",\"potentialAction\":[{\"@type\":\"ReadAction\",\"target\":[\"https:\/\/glareone.eu\/nl\/product\/glareone-tlo-pvc-achtergrond-60x130cm-wit-gespiegeld\/\"]}]},{\"@type\":\"ImageObject\",\"inLanguage\":\"nl-NL\",\"@id\":\"https:\/\/glareone.eu\/nl\/product\/glareone-tlo-pvc-achtergrond-60x130cm-wit-gespiegeld\/#primaryimage\",\"url\":\"https:\/\/glareone.eu\/wp-content\/uploads\/2024\/04\/SBAPVC60X130MW_01.jpg\",\"contentUrl\":\"https:\/\/glareone.eu\/wp-content\/uploads\/2024\/04\/SBAPVC60X130MW_01.jpg\",\"width\":1200,\"height\":1200},{\"@type\":\"BreadcrumbList\",\"@id\":\"https:\/\/glareone.eu\/nl\/product\/glareone-tlo-pvc-achtergrond-60x130cm-wit-gespiegeld\/#breadcrumb\",\"itemListElement\":[{\"@type\":\"ListItem\",\"position\":1,\"name\":\"Strona g\u0142\u00f3wna\",\"item\":\"https:\/\/glareone.eu\/nl\/\"},{\"@type\":\"ListItem\",\"position\":2,\"name\":\"Alle producten\",\"item\":\"https:\/\/glareone.eu\/nl\/producten\/alle-producten\/\"},{\"@type\":\"ListItem\",\"position\":3,\"name\":\"GlareOne PVC achtergrond 60x130cm &#8211; wit, gespiegeld\"}]},{\"@type\":\"WebSite\",\"@id\":\"https:\/\/glareone.eu\/nl\/en\/#website\",\"url\":\"https:\/\/glareone.eu\/nl\/en\/\",\"name\":\"GlareOne\",\"description\":\"Wyposa\u017cenie Studia\",\"publisher\":{\"@id\":\"https:\/\/glareone.eu\/nl\/en\/#organization\"},\"potentialAction\":[{\"@type\":\"SearchAction\",\"target\":{\"@type\":\"EntryPoint\",\"urlTemplate\":\"https:\/\/glareone.eu\/nl\/en\/?s={search_term_string}\"},\"query-input\":{\"@type\":\"PropertyValueSpecification\",\"valueRequired\":true,\"valueName\":\"search_term_string\"}}],\"inLanguage\":\"nl-NL\"},{\"@type\":\"Organization\",\"@id\":\"https:\/\/glareone.eu\/nl\/en\/#organization\",\"name\":\"GlareOne\",\"url\":\"https:\/\/glareone.eu\/nl\/en\/\",\"logo\":{\"@type\":\"ImageObject\",\"inLanguage\":\"nl-NL\",\"@id\":\"https:\/\/glareone.eu\/nl\/en\/#\/schema\/logo\/image\/\",\"url\":\"http:\/\/glareone.eu\/wp-content\/uploads\/2024\/05\/glareone_logo2020_RGB-01-e1715773127189.png\",\"contentUrl\":\"http:\/\/glareone.eu\/wp-content\/uploads\/2024\/05\/glareone_logo2020_RGB-01-e1715773127189.png\",\"width\":1270,\"height\":321,\"caption\":\"GlareOne\"},\"image\":{\"@id\":\"https:\/\/glareone.eu\/nl\/en\/#\/schema\/logo\/image\/\"},\"sameAs\":[\"https:\/\/www.facebook.com\/GlareOneLighting\",\"https:\/\/www.instagram.com\/glareonelighting\/\",\"https:\/\/www.youtube.com\/@GlareOneTV\"]}]}<\/script>\n<!-- \/ Yoast SEO plugin. -->","yoast_head_json":{"title":"GlareOne t\u0142o PVC 60x130cm - bia\u0142e, lustrzane","description":"GlareOne t\u0142o PVC 60x130cm - bia\u0142e, lustrzane","robots":{"index":"index","follow":"follow","max-snippet":"max-snippet:-1","max-image-preview":"max-image-preview:large","max-video-preview":"max-video-preview:-1"},"canonical":"https:\/\/glareone.eu\/nl\/product\/glareone-tlo-pvc-achtergrond-60x130cm-wit-gespiegeld\/","og_locale":"nl_NL","og_type":"article","og_title":"GlareOne t\u0142o PVC 60x130cm - bia\u0142e, lustrzane","og_description":"GlareOne t\u0142o PVC 60x130cm - bia\u0142e, lustrzane","og_url":"https:\/\/glareone.eu\/nl\/product\/glareone-tlo-pvc-achtergrond-60x130cm-wit-gespiegeld\/","og_site_name":"GlareOne","article_publisher":"https:\/\/www.facebook.com\/GlareOneLighting","article_modified_time":"2024-05-06T08:20:25+00:00","og_image":[{"width":1200,"height":1200,"url":"https:\/\/glareone.eu\/wp-content\/uploads\/2024\/04\/SBAPVC60X130MW_01.jpg","type":"image\/jpeg"}],"twitter_card":"summary_large_image","twitter_title":"GlareOne t\u0142o PVC 60x130cm - bia\u0142e, lustrzane","twitter_misc":{"Geschatte leestijd":"1 minuut"},"schema":{"@context":"https:\/\/schema.org","@graph":[{"@type":"WebPage","@id":"https:\/\/glareone.eu\/nl\/product\/glareone-tlo-pvc-achtergrond-60x130cm-wit-gespiegeld\/","url":"https:\/\/glareone.eu\/nl\/product\/glareone-tlo-pvc-achtergrond-60x130cm-wit-gespiegeld\/","name":"GlareOne t\u0142o PVC 60x130cm - bia\u0142e, lustrzane","isPartOf":{"@id":"https:\/\/glareone.eu\/nl\/en\/#website"},"primaryImageOfPage":{"@id":"https:\/\/glareone.eu\/nl\/product\/glareone-tlo-pvc-achtergrond-60x130cm-wit-gespiegeld\/#primaryimage"},"image":{"@id":"https:\/\/glareone.eu\/nl\/product\/glareone-tlo-pvc-achtergrond-60x130cm-wit-gespiegeld\/#primaryimage"},"thumbnailUrl":"https:\/\/glareone.eu\/wp-content\/uploads\/2024\/04\/SBAPVC60X130MW_01.jpg","datePublished":"2024-04-18T19:26:27+00:00","dateModified":"2024-05-06T08:20:25+00:00","description":"GlareOne t\u0142o PVC 60x130cm - bia\u0142e, lustrzane","breadcrumb":{"@id":"https:\/\/glareone.eu\/nl\/product\/glareone-tlo-pvc-achtergrond-60x130cm-wit-gespiegeld\/#breadcrumb"},"inLanguage":"nl-NL","potentialAction":[{"@type":"ReadAction","target":["https:\/\/glareone.eu\/nl\/product\/glareone-tlo-pvc-achtergrond-60x130cm-wit-gespiegeld\/"]}]},{"@type":"ImageObject","inLanguage":"nl-NL","@id":"https:\/\/glareone.eu\/nl\/product\/glareone-tlo-pvc-achtergrond-60x130cm-wit-gespiegeld\/#primaryimage","url":"https:\/\/glareone.eu\/wp-content\/uploads\/2024\/04\/SBAPVC60X130MW_01.jpg","contentUrl":"https:\/\/glareone.eu\/wp-content\/uploads\/2024\/04\/SBAPVC60X130MW_01.jpg","width":1200,"height":1200},{"@type":"BreadcrumbList","@id":"https:\/\/glareone.eu\/nl\/product\/glareone-tlo-pvc-achtergrond-60x130cm-wit-gespiegeld\/#breadcrumb","itemListElement":[{"@type":"ListItem","position":1,"name":"Strona g\u0142\u00f3wna","item":"https:\/\/glareone.eu\/nl\/"},{"@type":"ListItem","position":2,"name":"Alle producten","item":"https:\/\/glareone.eu\/nl\/producten\/alle-producten\/"},{"@type":"ListItem","position":3,"name":"GlareOne PVC achtergrond 60x130cm &#8211; wit, gespiegeld"}]},{"@type":"WebSite","@id":"https:\/\/glareone.eu\/nl\/en\/#website","url":"https:\/\/glareone.eu\/nl\/en\/","name":"GlareOne","description":"Wyposa\u017cenie Studia","publisher":{"@id":"https:\/\/glareone.eu\/nl\/en\/#organization"},"potentialAction":[{"@type":"SearchAction","target":{"@type":"EntryPoint","urlTemplate":"https:\/\/glareone.eu\/nl\/en\/?s={search_term_string}"},"query-input":{"@type":"PropertyValueSpecification","valueRequired":true,"valueName":"search_term_string"}}],"inLanguage":"nl-NL"},{"@type":"Organization","@id":"https:\/\/glareone.eu\/nl\/en\/#organization","name":"GlareOne","url":"https:\/\/glareone.eu\/nl\/en\/","logo":{"@type":"ImageObject","inLanguage":"nl-NL","@id":"https:\/\/glareone.eu\/nl\/en\/#\/schema\/logo\/image\/","url":"http:\/\/glareone.eu\/wp-content\/uploads\/2024\/05\/glareone_logo2020_RGB-01-e1715773127189.png","contentUrl":"http:\/\/glareone.eu\/wp-content\/uploads\/2024\/05\/glareone_logo2020_RGB-01-e1715773127189.png","width":1270,"height":321,"caption":"GlareOne"},"image":{"@id":"https:\/\/glareone.eu\/nl\/en\/#\/schema\/logo\/image\/"},"sameAs":["https:\/\/www.facebook.com\/GlareOneLighting","https:\/\/www.instagram.com\/glareonelighting\/","https:\/\/www.youtube.com\/@GlareOneTV"]}]}},"_links":{"self":[{"href":"https:\/\/glareone.eu\/nl\/wp-json\/wp\/v2\/product\/4530","targetHints":{"allow":["GET"]}}],"collection":[{"href":"https:\/\/glareone.eu\/nl\/wp-json\/wp\/v2\/product"}],"about":[{"href":"https:\/\/glareone.eu\/nl\/wp-json\/wp\/v2\/types\/product"}],"wp:featuredmedia":[{"embeddable":true,"href":"https:\/\/glareone.eu\/nl\/wp-json\/wp\/v2\/media\/4523"}],"wp:attachment":[{"href":"https:\/\/glareone.eu\/nl\/wp-json\/wp\/v2\/media?parent=4530"}],"wp:term":[{"taxonomy":"product_brand","embeddable":true,"href":"https:\/\/glareone.eu\/nl\/wp-json\/wp\/v2\/product_brand?post=4530"},{"taxonomy":"product_cat","embeddable":true,"href":"https:\/\/glareone.eu\/nl\/wp-json\/wp\/v2\/product_cat?post=4530"},{"taxonomy":"product_tag","embeddable":true,"href":"https:\/\/glareone.eu\/nl\/wp-json\/wp\/v2\/product_tag?post=4530"}],"curies":[{"name":"wp","href":"https:\/\/api.w.org\/{rel}","templated":true}]}}