{"id":2732,"date":"2024-04-18T19:26:31","date_gmt":"2024-04-18T19:26:31","guid":{"rendered":"http:\/\/glareone.eu\/produkt\/glareone-lantern-softbox-120-pro\/"},"modified":"2024-04-24T08:19:43","modified_gmt":"2024-04-24T08:19:43","slug":"glareone-lantern-softbox-120-pro","status":"publish","type":"product","link":"https:\/\/glareone.eu\/nl\/product\/glareone-lantern-softbox-120-pro\/","title":{"rendered":"GlareOne Lantern Softbox 120 PRO"},"content":{"rendered":"<p>Een sferische softbox uitgerust met een snelkoppelingmechanisme, een rok om licht te beperken en te verdelen, en een hoes.<\/p>\n<h3>Sferisch<\/h3>\n<p>De Lantern valt op door zijn unieke sferische constructie, die sterk verschilt van andere softboxen. Deze vorm zorgt ervoor dat het licht gelijkmatig wordt verspreid over een groot gebied, waardoor de Lantern ideaal is als bron van invullicht.<\/p>\n<h3>Lichtcontrole<\/h3>\n<p>De primaire functie van een softbox zoals de Lantern is om omnidirectioneel invullicht te bieden dat nodig is op elke set. Tegelijkertijd is goede controle over het lichtspill noodzakelijk, daarom is de Lantern uitgerust met een rok. Met deze functie kunt u de verspreiding van het licht controleren en specifieke delen van de sc\u00e8ne markeren. De rok is niet \u00e9\u00e9n stuk stof maar bestaat uit vier onafhankelijke panelen die gesloten en geopend kunnen worden, afhankelijk van de situatie.<\/p>\n<h3>Gemakkelijk te gebruiken<\/h3>\n<p>De Lantern is gebaseerd op het eenvoudig op te zetten parapluframe. De rok is bevestigd met klittenband, wat snelheid en eenvoud van gebruik garandeert. De softbox wordt geleverd met een handige draagtas.<\/p>\n<h3>Verfijnd<\/h3>\n<p>De rok is aan de binnenkant gelamineerd met een zilverkleurig reflectiescherm. Het buitenoppervlak is zwart (mat). De diffuser die verantwoordelijk is voor het diffuus maken van het licht is gemaakt van lichtgewicht en schadebestendig rip-stop nylon. Alle materialen worden individueel geselecteerd. Hun kleurneutraliteit wordt behouden, zodat de softbox de kwaliteit van het licht niet negatief be\u00efnvloedt. De montage ring is gemaakt van geanodiseerd aluminium en de frame staven zijn van staal.<\/p>\n<h3>Productkenmerken:<\/h3>\n<ul>\n<li>Gemakkelijk en snel op te zetten.<\/li>\n<li>Het geeft zacht en sterk diffuus licht.<\/li>\n<li>Diameter van 120 cm en een sferische vorm.<\/li>\n<li>Uitgerust met een rok die controle geeft over de lichtverdeling.<\/li>\n<li>Gemaakt van hoogwaardige materialen.<\/li>\n<li>Het frame is volledig van metaal.<\/li>\n<li>Het heeft een Bowens-type montage.<\/li>\n<li>Wordt geleverd in een handige draagtas.<\/li>\n<\/ul>\n","protected":false},"excerpt":{"rendered":"<p>Een sferische softbox uitgerust met een snelkoppelingmechanisme, een rok om licht te beperken en te verdelen, en een hoes. Sferisch De Lantern valt op door zijn unieke sferische constructie, die sterk verschilt van andere softboxen. Deze vorm zorgt ervoor dat het licht gelijkmatig wordt verspreid over een groot gebied, waardoor de Lantern ideaal is als [&hellip;]<\/p>\n","protected":false},"featured_media":2292,"template":"","meta":[],"product_brand":[],"product_cat":[370],"product_tag":[],"class_list":{"0":"post-2732","1":"product","2":"type-product","3":"status-publish","4":"has-post-thumbnail","6":"product_cat-pro-nl","8":"first","9":"instock","10":"product-type-simple"},"yoast_head":"<!-- This site is optimized with the Yoast SEO plugin v27.2 - https:\/\/yoast.com\/product\/yoast-seo-wordpress\/ -->\n<title>GlareOne Lantern Softbox 120 PRO - zestaw z fartuchem<\/title>\n<meta name=\"description\" content=\"GlareOne Lantern Softbox 120 PRO - zestaw z fartuchem\" \/>\n<meta name=\"robots\" content=\"index, follow, max-snippet:-1, max-image-preview:large, max-video-preview:-1\" \/>\n<link rel=\"canonical\" href=\"https:\/\/glareone.eu\/nl\/product\/glareone-lantern-softbox-120-pro\/\" \/>\n<meta property=\"og:locale\" content=\"nl_NL\" \/>\n<meta property=\"og:type\" content=\"article\" \/>\n<meta property=\"og:title\" content=\"GlareOne Lantern Softbox 120 PRO - zestaw z fartuchem\" \/>\n<meta property=\"og:description\" content=\"GlareOne Lantern Softbox 120 PRO - zestaw z fartuchem\" \/>\n<meta property=\"og:url\" content=\"https:\/\/glareone.eu\/nl\/product\/glareone-lantern-softbox-120-pro\/\" \/>\n<meta property=\"og:site_name\" content=\"GlareOne\" \/>\n<meta property=\"article:publisher\" content=\"https:\/\/www.facebook.com\/GlareOneLighting\" \/>\n<meta property=\"article:modified_time\" content=\"2024-04-24T08:19:43+00:00\" \/>\n<meta property=\"og:image\" content=\"https:\/\/glareone.eu\/wp-content\/uploads\/2024\/04\/GlareOne-Lantern-Softbox-120-PRO-01.jpg\" \/>\n\t<meta property=\"og:image:width\" content=\"1200\" \/>\n\t<meta property=\"og:image:height\" content=\"1200\" \/>\n\t<meta property=\"og:image:type\" content=\"image\/jpeg\" \/>\n<meta name=\"twitter:card\" content=\"summary_large_image\" \/>\n<meta name=\"twitter:title\" content=\"GlareOne Lantern Softbox 120 PRO - zestaw z fartuchem\" \/>\n<meta name=\"twitter:label1\" content=\"Geschatte leestijd\" \/>\n\t<meta name=\"twitter:data1\" content=\"2 minuten\" \/>\n<script type=\"application\/ld+json\" class=\"yoast-schema-graph\">{\"@context\":\"https:\/\/schema.org\",\"@graph\":[{\"@type\":\"WebPage\",\"@id\":\"https:\/\/glareone.eu\/nl\/product\/glareone-lantern-softbox-120-pro\/\",\"url\":\"https:\/\/glareone.eu\/nl\/product\/glareone-lantern-softbox-120-pro\/\",\"name\":\"GlareOne Lantern Softbox 120 PRO - zestaw z fartuchem\",\"isPartOf\":{\"@id\":\"https:\/\/glareone.eu\/nl\/en\/#website\"},\"primaryImageOfPage\":{\"@id\":\"https:\/\/glareone.eu\/nl\/product\/glareone-lantern-softbox-120-pro\/#primaryimage\"},\"image\":{\"@id\":\"https:\/\/glareone.eu\/nl\/product\/glareone-lantern-softbox-120-pro\/#primaryimage\"},\"thumbnailUrl\":\"https:\/\/glareone.eu\/wp-content\/uploads\/2024\/04\/GlareOne-Lantern-Softbox-120-PRO-01.jpg\",\"datePublished\":\"2024-04-18T19:26:31+00:00\",\"dateModified\":\"2024-04-24T08:19:43+00:00\",\"description\":\"GlareOne Lantern Softbox 120 PRO - zestaw z fartuchem\",\"breadcrumb\":{\"@id\":\"https:\/\/glareone.eu\/nl\/product\/glareone-lantern-softbox-120-pro\/#breadcrumb\"},\"inLanguage\":\"nl-NL\",\"potentialAction\":[{\"@type\":\"ReadAction\",\"target\":[\"https:\/\/glareone.eu\/nl\/product\/glareone-lantern-softbox-120-pro\/\"]}]},{\"@type\":\"ImageObject\",\"inLanguage\":\"nl-NL\",\"@id\":\"https:\/\/glareone.eu\/nl\/product\/glareone-lantern-softbox-120-pro\/#primaryimage\",\"url\":\"https:\/\/glareone.eu\/wp-content\/uploads\/2024\/04\/GlareOne-Lantern-Softbox-120-PRO-01.jpg\",\"contentUrl\":\"https:\/\/glareone.eu\/wp-content\/uploads\/2024\/04\/GlareOne-Lantern-Softbox-120-PRO-01.jpg\",\"width\":1200,\"height\":1200},{\"@type\":\"BreadcrumbList\",\"@id\":\"https:\/\/glareone.eu\/nl\/product\/glareone-lantern-softbox-120-pro\/#breadcrumb\",\"itemListElement\":[{\"@type\":\"ListItem\",\"position\":1,\"name\":\"Strona g\u0142\u00f3wna\",\"item\":\"https:\/\/glareone.eu\/nl\/\"},{\"@type\":\"ListItem\",\"position\":2,\"name\":\"Alle producten\",\"item\":\"https:\/\/glareone.eu\/nl\/producten\/alle-producten\/\"},{\"@type\":\"ListItem\",\"position\":3,\"name\":\"GlareOne Lantern Softbox 120 PRO\"}]},{\"@type\":\"WebSite\",\"@id\":\"https:\/\/glareone.eu\/nl\/en\/#website\",\"url\":\"https:\/\/glareone.eu\/nl\/en\/\",\"name\":\"GlareOne\",\"description\":\"Wyposa\u017cenie Studia\",\"publisher\":{\"@id\":\"https:\/\/glareone.eu\/nl\/en\/#organization\"},\"potentialAction\":[{\"@type\":\"SearchAction\",\"target\":{\"@type\":\"EntryPoint\",\"urlTemplate\":\"https:\/\/glareone.eu\/nl\/en\/?s={search_term_string}\"},\"query-input\":{\"@type\":\"PropertyValueSpecification\",\"valueRequired\":true,\"valueName\":\"search_term_string\"}}],\"inLanguage\":\"nl-NL\"},{\"@type\":\"Organization\",\"@id\":\"https:\/\/glareone.eu\/nl\/en\/#organization\",\"name\":\"GlareOne\",\"url\":\"https:\/\/glareone.eu\/nl\/en\/\",\"logo\":{\"@type\":\"ImageObject\",\"inLanguage\":\"nl-NL\",\"@id\":\"https:\/\/glareone.eu\/nl\/en\/#\/schema\/logo\/image\/\",\"url\":\"http:\/\/glareone.eu\/wp-content\/uploads\/2024\/05\/glareone_logo2020_RGB-01-e1715773127189.png\",\"contentUrl\":\"http:\/\/glareone.eu\/wp-content\/uploads\/2024\/05\/glareone_logo2020_RGB-01-e1715773127189.png\",\"width\":1270,\"height\":321,\"caption\":\"GlareOne\"},\"image\":{\"@id\":\"https:\/\/glareone.eu\/nl\/en\/#\/schema\/logo\/image\/\"},\"sameAs\":[\"https:\/\/www.facebook.com\/GlareOneLighting\",\"https:\/\/www.instagram.com\/glareonelighting\/\",\"https:\/\/www.youtube.com\/@GlareOneTV\"]}]}<\/script>\n<!-- \/ Yoast SEO plugin. -->","yoast_head_json":{"title":"GlareOne Lantern Softbox 120 PRO - zestaw z fartuchem","description":"GlareOne Lantern Softbox 120 PRO - zestaw z fartuchem","robots":{"index":"index","follow":"follow","max-snippet":"max-snippet:-1","max-image-preview":"max-image-preview:large","max-video-preview":"max-video-preview:-1"},"canonical":"https:\/\/glareone.eu\/nl\/product\/glareone-lantern-softbox-120-pro\/","og_locale":"nl_NL","og_type":"article","og_title":"GlareOne Lantern Softbox 120 PRO - zestaw z fartuchem","og_description":"GlareOne Lantern Softbox 120 PRO - zestaw z fartuchem","og_url":"https:\/\/glareone.eu\/nl\/product\/glareone-lantern-softbox-120-pro\/","og_site_name":"GlareOne","article_publisher":"https:\/\/www.facebook.com\/GlareOneLighting","article_modified_time":"2024-04-24T08:19:43+00:00","og_image":[{"width":1200,"height":1200,"url":"https:\/\/glareone.eu\/wp-content\/uploads\/2024\/04\/GlareOne-Lantern-Softbox-120-PRO-01.jpg","type":"image\/jpeg"}],"twitter_card":"summary_large_image","twitter_title":"GlareOne Lantern Softbox 120 PRO - zestaw z fartuchem","twitter_misc":{"Geschatte leestijd":"2 minuten"},"schema":{"@context":"https:\/\/schema.org","@graph":[{"@type":"WebPage","@id":"https:\/\/glareone.eu\/nl\/product\/glareone-lantern-softbox-120-pro\/","url":"https:\/\/glareone.eu\/nl\/product\/glareone-lantern-softbox-120-pro\/","name":"GlareOne Lantern Softbox 120 PRO - zestaw z fartuchem","isPartOf":{"@id":"https:\/\/glareone.eu\/nl\/en\/#website"},"primaryImageOfPage":{"@id":"https:\/\/glareone.eu\/nl\/product\/glareone-lantern-softbox-120-pro\/#primaryimage"},"image":{"@id":"https:\/\/glareone.eu\/nl\/product\/glareone-lantern-softbox-120-pro\/#primaryimage"},"thumbnailUrl":"https:\/\/glareone.eu\/wp-content\/uploads\/2024\/04\/GlareOne-Lantern-Softbox-120-PRO-01.jpg","datePublished":"2024-04-18T19:26:31+00:00","dateModified":"2024-04-24T08:19:43+00:00","description":"GlareOne Lantern Softbox 120 PRO - zestaw z fartuchem","breadcrumb":{"@id":"https:\/\/glareone.eu\/nl\/product\/glareone-lantern-softbox-120-pro\/#breadcrumb"},"inLanguage":"nl-NL","potentialAction":[{"@type":"ReadAction","target":["https:\/\/glareone.eu\/nl\/product\/glareone-lantern-softbox-120-pro\/"]}]},{"@type":"ImageObject","inLanguage":"nl-NL","@id":"https:\/\/glareone.eu\/nl\/product\/glareone-lantern-softbox-120-pro\/#primaryimage","url":"https:\/\/glareone.eu\/wp-content\/uploads\/2024\/04\/GlareOne-Lantern-Softbox-120-PRO-01.jpg","contentUrl":"https:\/\/glareone.eu\/wp-content\/uploads\/2024\/04\/GlareOne-Lantern-Softbox-120-PRO-01.jpg","width":1200,"height":1200},{"@type":"BreadcrumbList","@id":"https:\/\/glareone.eu\/nl\/product\/glareone-lantern-softbox-120-pro\/#breadcrumb","itemListElement":[{"@type":"ListItem","position":1,"name":"Strona g\u0142\u00f3wna","item":"https:\/\/glareone.eu\/nl\/"},{"@type":"ListItem","position":2,"name":"Alle producten","item":"https:\/\/glareone.eu\/nl\/producten\/alle-producten\/"},{"@type":"ListItem","position":3,"name":"GlareOne Lantern Softbox 120 PRO"}]},{"@type":"WebSite","@id":"https:\/\/glareone.eu\/nl\/en\/#website","url":"https:\/\/glareone.eu\/nl\/en\/","name":"GlareOne","description":"Wyposa\u017cenie Studia","publisher":{"@id":"https:\/\/glareone.eu\/nl\/en\/#organization"},"potentialAction":[{"@type":"SearchAction","target":{"@type":"EntryPoint","urlTemplate":"https:\/\/glareone.eu\/nl\/en\/?s={search_term_string}"},"query-input":{"@type":"PropertyValueSpecification","valueRequired":true,"valueName":"search_term_string"}}],"inLanguage":"nl-NL"},{"@type":"Organization","@id":"https:\/\/glareone.eu\/nl\/en\/#organization","name":"GlareOne","url":"https:\/\/glareone.eu\/nl\/en\/","logo":{"@type":"ImageObject","inLanguage":"nl-NL","@id":"https:\/\/glareone.eu\/nl\/en\/#\/schema\/logo\/image\/","url":"http:\/\/glareone.eu\/wp-content\/uploads\/2024\/05\/glareone_logo2020_RGB-01-e1715773127189.png","contentUrl":"http:\/\/glareone.eu\/wp-content\/uploads\/2024\/05\/glareone_logo2020_RGB-01-e1715773127189.png","width":1270,"height":321,"caption":"GlareOne"},"image":{"@id":"https:\/\/glareone.eu\/nl\/en\/#\/schema\/logo\/image\/"},"sameAs":["https:\/\/www.facebook.com\/GlareOneLighting","https:\/\/www.instagram.com\/glareonelighting\/","https:\/\/www.youtube.com\/@GlareOneTV"]}]}},"_links":{"self":[{"href":"https:\/\/glareone.eu\/nl\/wp-json\/wp\/v2\/product\/2732","targetHints":{"allow":["GET"]}}],"collection":[{"href":"https:\/\/glareone.eu\/nl\/wp-json\/wp\/v2\/product"}],"about":[{"href":"https:\/\/glareone.eu\/nl\/wp-json\/wp\/v2\/types\/product"}],"wp:featuredmedia":[{"embeddable":true,"href":"https:\/\/glareone.eu\/nl\/wp-json\/wp\/v2\/media\/2292"}],"wp:attachment":[{"href":"https:\/\/glareone.eu\/nl\/wp-json\/wp\/v2\/media?parent=2732"}],"wp:term":[{"taxonomy":"product_brand","embeddable":true,"href":"https:\/\/glareone.eu\/nl\/wp-json\/wp\/v2\/product_brand?post=2732"},{"taxonomy":"product_cat","embeddable":true,"href":"https:\/\/glareone.eu\/nl\/wp-json\/wp\/v2\/product_cat?post=2732"},{"taxonomy":"product_tag","embeddable":true,"href":"https:\/\/glareone.eu\/nl\/wp-json\/wp\/v2\/product_tag?post=2732"}],"curies":[{"name":"wp","href":"https:\/\/api.w.org\/{rel}","templated":true}]}}