{"id":23071,"date":"2025-12-12T10:51:46","date_gmt":"2025-12-12T10:51:46","guid":{"rendered":"https:\/\/glareone.eu\/?post_type=product&#038;p=23071"},"modified":"2025-12-15T09:00:46","modified_gmt":"2025-12-15T09:00:46","slug":"glareone-b400600bp-botis-400-botis-600-battery-74wh","status":"publish","type":"product","link":"https:\/\/glareone.eu\/nl\/product\/glareone-b400600bp-botis-400-botis-600-battery-74wh\/","title":{"rendered":"GlareOne B400600BP &#8211; Botis 400 &#038; Botis 600 battery 74Wh"},"content":{"rendered":"<p><span style=\"font-weight: 400;\">Der GlareOne B400600BP ist ein Lithium-Ionen-Akku, der speziell f\u00fcr die Leuchten GlareOne Botis 400 und Botis 600 entwickelt wurde.<\/span><\/p>\n<p><span style=\"font-weight: 400;\">Der Akku hat eine Kapazit\u00e4t von 2500 mAh und eine konstante Spannung von 29,6 V. Die Verwendung hochwertiger Materialien und Zellen gew\u00e4hrleistet seine Langlebigkeit und zuverl\u00e4ssige Funktion. Er eignet sich ideal als Ersatzakku und erm\u00f6glicht einen l\u00e4ngeren Betrieb und mehr Aufnahmen mit den Blitzger\u00e4ten GlareOne Botis 400 und Botis 600.<\/span><\/p>\n<h4><b>Merkmale:<\/b><\/h4>\n<ul>\n<li style=\"font-weight: 400;\" aria-level=\"1\"><span style=\"font-weight: 400;\">Kompatibel mit GlareOne Botis 400 und Botis 600,<\/span><\/li>\n<li style=\"font-weight: 400;\" aria-level=\"1\"><span style=\"font-weight: 400;\">erm\u00f6glicht zus\u00e4tzliche 500 Blitze bei voller Leistung f\u00fcr den Botis 400 und 380 Blitze f\u00fcr den Botis 600.<\/span><\/li>\n<\/ul>\n","protected":false},"excerpt":{"rendered":"<p>Der GlareOne B400600BP ist ein Lithium-Ionen-Akku, der speziell f\u00fcr die Leuchten GlareOne Botis 400 und Botis 600 entwickelt wurde. Der Akku hat eine Kapazit\u00e4t von 2500 mAh und eine konstante Spannung von 29,6 V. Die Verwendung hochwertiger Materialien und Zellen gew\u00e4hrleistet seine Langlebigkeit und zuverl\u00e4ssige Funktion. Er eignet sich ideal als Ersatzakku und erm\u00f6glicht einen [&hellip;]<\/p>\n","protected":false},"featured_media":23075,"template":"","meta":[],"product_brand":[],"product_cat":[524],"product_tag":[],"class_list":{"0":"post-23071","1":"product","2":"type-product","3":"status-publish","4":"has-post-thumbnail","6":"product_cat-batterijflitser","8":"first","9":"instock","10":"shipping-taxable","11":"product-type-simple"},"yoast_head":"<!-- This site is optimized with the Yoast SEO plugin v27.2 - https:\/\/yoast.com\/product\/yoast-seo-wordpress\/ -->\n<title>GlareOne B400600BP - Botis 400 &amp; Botis 600 battery 74Wh - GlareOne<\/title>\n<meta name=\"robots\" content=\"index, follow, max-snippet:-1, max-image-preview:large, max-video-preview:-1\" \/>\n<link rel=\"canonical\" href=\"https:\/\/glareone.eu\/nl\/product\/glareone-b400600bp-botis-400-botis-600-battery-74wh\/\" \/>\n<meta property=\"og:locale\" content=\"nl_NL\" \/>\n<meta property=\"og:type\" content=\"article\" \/>\n<meta property=\"og:title\" content=\"GlareOne B400600BP - Botis 400 &amp; Botis 600 battery 74Wh - GlareOne\" \/>\n<meta property=\"og:description\" content=\"Der GlareOne B400600BP ist ein Lithium-Ionen-Akku, der speziell f\u00fcr die Leuchten GlareOne Botis 400 und Botis 600 entwickelt wurde. Der Akku hat eine Kapazit\u00e4t von 2500 mAh und eine konstante Spannung von 29,6 V. Die Verwendung hochwertiger Materialien und Zellen gew\u00e4hrleistet seine Langlebigkeit und zuverl\u00e4ssige Funktion. Er eignet sich ideal als Ersatzakku und erm\u00f6glicht einen [&hellip;]\" \/>\n<meta property=\"og:url\" content=\"https:\/\/glareone.eu\/nl\/product\/glareone-b400600bp-botis-400-botis-600-battery-74wh\/\" \/>\n<meta property=\"og:site_name\" content=\"GlareOne\" \/>\n<meta property=\"article:publisher\" content=\"https:\/\/www.facebook.com\/GlareOneLighting\" \/>\n<meta property=\"article:modified_time\" content=\"2025-12-15T09:00:46+00:00\" \/>\n<meta property=\"og:image\" content=\"https:\/\/glareone.eu\/wp-content\/uploads\/2025\/12\/SB400600BP_01-1.jpg\" \/>\n\t<meta property=\"og:image:width\" content=\"1200\" \/>\n\t<meta property=\"og:image:height\" content=\"1200\" \/>\n\t<meta property=\"og:image:type\" content=\"image\/jpeg\" \/>\n<meta name=\"twitter:card\" content=\"summary_large_image\" \/>\n<meta name=\"twitter:label1\" content=\"Geschatte leestijd\" \/>\n\t<meta name=\"twitter:data1\" content=\"1 minuut\" \/>\n<script type=\"application\/ld+json\" class=\"yoast-schema-graph\">{\"@context\":\"https:\/\/schema.org\",\"@graph\":[{\"@type\":\"WebPage\",\"@id\":\"https:\/\/glareone.eu\/nl\/product\/glareone-b400600bp-botis-400-botis-600-battery-74wh\/\",\"url\":\"https:\/\/glareone.eu\/nl\/product\/glareone-b400600bp-botis-400-botis-600-battery-74wh\/\",\"name\":\"GlareOne B400600BP - Botis 400 & Botis 600 battery 74Wh - GlareOne\",\"isPartOf\":{\"@id\":\"https:\/\/glareone.eu\/nl\/en\/#website\"},\"primaryImageOfPage\":{\"@id\":\"https:\/\/glareone.eu\/nl\/product\/glareone-b400600bp-botis-400-botis-600-battery-74wh\/#primaryimage\"},\"image\":{\"@id\":\"https:\/\/glareone.eu\/nl\/product\/glareone-b400600bp-botis-400-botis-600-battery-74wh\/#primaryimage\"},\"thumbnailUrl\":\"https:\/\/glareone.eu\/wp-content\/uploads\/2025\/12\/SB400600BP_01-1.jpg\",\"datePublished\":\"2025-12-12T10:51:46+00:00\",\"dateModified\":\"2025-12-15T09:00:46+00:00\",\"breadcrumb\":{\"@id\":\"https:\/\/glareone.eu\/nl\/product\/glareone-b400600bp-botis-400-botis-600-battery-74wh\/#breadcrumb\"},\"inLanguage\":\"nl-NL\",\"potentialAction\":[{\"@type\":\"ReadAction\",\"target\":[\"https:\/\/glareone.eu\/nl\/product\/glareone-b400600bp-botis-400-botis-600-battery-74wh\/\"]}]},{\"@type\":\"ImageObject\",\"inLanguage\":\"nl-NL\",\"@id\":\"https:\/\/glareone.eu\/nl\/product\/glareone-b400600bp-botis-400-botis-600-battery-74wh\/#primaryimage\",\"url\":\"https:\/\/glareone.eu\/wp-content\/uploads\/2025\/12\/SB400600BP_01-1.jpg\",\"contentUrl\":\"https:\/\/glareone.eu\/wp-content\/uploads\/2025\/12\/SB400600BP_01-1.jpg\",\"width\":1200,\"height\":1200},{\"@type\":\"BreadcrumbList\",\"@id\":\"https:\/\/glareone.eu\/nl\/product\/glareone-b400600bp-botis-400-botis-600-battery-74wh\/#breadcrumb\",\"itemListElement\":[{\"@type\":\"ListItem\",\"position\":1,\"name\":\"Strona g\u0142\u00f3wna\",\"item\":\"https:\/\/glareone.eu\/nl\/\"},{\"@type\":\"ListItem\",\"position\":2,\"name\":\"Alle producten\",\"item\":\"https:\/\/glareone.eu\/nl\/producten\/alle-producten\/\"},{\"@type\":\"ListItem\",\"position\":3,\"name\":\"GlareOne B400600BP &#8211; Botis 400 &#038; Botis 600 battery 74Wh\"}]},{\"@type\":\"WebSite\",\"@id\":\"https:\/\/glareone.eu\/nl\/en\/#website\",\"url\":\"https:\/\/glareone.eu\/nl\/en\/\",\"name\":\"GlareOne\",\"description\":\"Wyposa\u017cenie Studia\",\"publisher\":{\"@id\":\"https:\/\/glareone.eu\/nl\/en\/#organization\"},\"potentialAction\":[{\"@type\":\"SearchAction\",\"target\":{\"@type\":\"EntryPoint\",\"urlTemplate\":\"https:\/\/glareone.eu\/nl\/en\/?s={search_term_string}\"},\"query-input\":{\"@type\":\"PropertyValueSpecification\",\"valueRequired\":true,\"valueName\":\"search_term_string\"}}],\"inLanguage\":\"nl-NL\"},{\"@type\":\"Organization\",\"@id\":\"https:\/\/glareone.eu\/nl\/en\/#organization\",\"name\":\"GlareOne\",\"url\":\"https:\/\/glareone.eu\/nl\/en\/\",\"logo\":{\"@type\":\"ImageObject\",\"inLanguage\":\"nl-NL\",\"@id\":\"https:\/\/glareone.eu\/nl\/en\/#\/schema\/logo\/image\/\",\"url\":\"http:\/\/glareone.eu\/wp-content\/uploads\/2024\/05\/glareone_logo2020_RGB-01-e1715773127189.png\",\"contentUrl\":\"http:\/\/glareone.eu\/wp-content\/uploads\/2024\/05\/glareone_logo2020_RGB-01-e1715773127189.png\",\"width\":1270,\"height\":321,\"caption\":\"GlareOne\"},\"image\":{\"@id\":\"https:\/\/glareone.eu\/nl\/en\/#\/schema\/logo\/image\/\"},\"sameAs\":[\"https:\/\/www.facebook.com\/GlareOneLighting\",\"https:\/\/www.instagram.com\/glareonelighting\/\",\"https:\/\/www.youtube.com\/@GlareOneTV\"]}]}<\/script>\n<!-- \/ Yoast SEO plugin. -->","yoast_head_json":{"title":"GlareOne B400600BP - Botis 400 & Botis 600 battery 74Wh - GlareOne","robots":{"index":"index","follow":"follow","max-snippet":"max-snippet:-1","max-image-preview":"max-image-preview:large","max-video-preview":"max-video-preview:-1"},"canonical":"https:\/\/glareone.eu\/nl\/product\/glareone-b400600bp-botis-400-botis-600-battery-74wh\/","og_locale":"nl_NL","og_type":"article","og_title":"GlareOne B400600BP - Botis 400 & Botis 600 battery 74Wh - GlareOne","og_description":"Der GlareOne B400600BP ist ein Lithium-Ionen-Akku, der speziell f\u00fcr die Leuchten GlareOne Botis 400 und Botis 600 entwickelt wurde. Der Akku hat eine Kapazit\u00e4t von 2500 mAh und eine konstante Spannung von 29,6 V. Die Verwendung hochwertiger Materialien und Zellen gew\u00e4hrleistet seine Langlebigkeit und zuverl\u00e4ssige Funktion. Er eignet sich ideal als Ersatzakku und erm\u00f6glicht einen [&hellip;]","og_url":"https:\/\/glareone.eu\/nl\/product\/glareone-b400600bp-botis-400-botis-600-battery-74wh\/","og_site_name":"GlareOne","article_publisher":"https:\/\/www.facebook.com\/GlareOneLighting","article_modified_time":"2025-12-15T09:00:46+00:00","og_image":[{"width":1200,"height":1200,"url":"https:\/\/glareone.eu\/wp-content\/uploads\/2025\/12\/SB400600BP_01-1.jpg","type":"image\/jpeg"}],"twitter_card":"summary_large_image","twitter_misc":{"Geschatte leestijd":"1 minuut"},"schema":{"@context":"https:\/\/schema.org","@graph":[{"@type":"WebPage","@id":"https:\/\/glareone.eu\/nl\/product\/glareone-b400600bp-botis-400-botis-600-battery-74wh\/","url":"https:\/\/glareone.eu\/nl\/product\/glareone-b400600bp-botis-400-botis-600-battery-74wh\/","name":"GlareOne B400600BP - Botis 400 & Botis 600 battery 74Wh - GlareOne","isPartOf":{"@id":"https:\/\/glareone.eu\/nl\/en\/#website"},"primaryImageOfPage":{"@id":"https:\/\/glareone.eu\/nl\/product\/glareone-b400600bp-botis-400-botis-600-battery-74wh\/#primaryimage"},"image":{"@id":"https:\/\/glareone.eu\/nl\/product\/glareone-b400600bp-botis-400-botis-600-battery-74wh\/#primaryimage"},"thumbnailUrl":"https:\/\/glareone.eu\/wp-content\/uploads\/2025\/12\/SB400600BP_01-1.jpg","datePublished":"2025-12-12T10:51:46+00:00","dateModified":"2025-12-15T09:00:46+00:00","breadcrumb":{"@id":"https:\/\/glareone.eu\/nl\/product\/glareone-b400600bp-botis-400-botis-600-battery-74wh\/#breadcrumb"},"inLanguage":"nl-NL","potentialAction":[{"@type":"ReadAction","target":["https:\/\/glareone.eu\/nl\/product\/glareone-b400600bp-botis-400-botis-600-battery-74wh\/"]}]},{"@type":"ImageObject","inLanguage":"nl-NL","@id":"https:\/\/glareone.eu\/nl\/product\/glareone-b400600bp-botis-400-botis-600-battery-74wh\/#primaryimage","url":"https:\/\/glareone.eu\/wp-content\/uploads\/2025\/12\/SB400600BP_01-1.jpg","contentUrl":"https:\/\/glareone.eu\/wp-content\/uploads\/2025\/12\/SB400600BP_01-1.jpg","width":1200,"height":1200},{"@type":"BreadcrumbList","@id":"https:\/\/glareone.eu\/nl\/product\/glareone-b400600bp-botis-400-botis-600-battery-74wh\/#breadcrumb","itemListElement":[{"@type":"ListItem","position":1,"name":"Strona g\u0142\u00f3wna","item":"https:\/\/glareone.eu\/nl\/"},{"@type":"ListItem","position":2,"name":"Alle producten","item":"https:\/\/glareone.eu\/nl\/producten\/alle-producten\/"},{"@type":"ListItem","position":3,"name":"GlareOne B400600BP &#8211; Botis 400 &#038; Botis 600 battery 74Wh"}]},{"@type":"WebSite","@id":"https:\/\/glareone.eu\/nl\/en\/#website","url":"https:\/\/glareone.eu\/nl\/en\/","name":"GlareOne","description":"Wyposa\u017cenie Studia","publisher":{"@id":"https:\/\/glareone.eu\/nl\/en\/#organization"},"potentialAction":[{"@type":"SearchAction","target":{"@type":"EntryPoint","urlTemplate":"https:\/\/glareone.eu\/nl\/en\/?s={search_term_string}"},"query-input":{"@type":"PropertyValueSpecification","valueRequired":true,"valueName":"search_term_string"}}],"inLanguage":"nl-NL"},{"@type":"Organization","@id":"https:\/\/glareone.eu\/nl\/en\/#organization","name":"GlareOne","url":"https:\/\/glareone.eu\/nl\/en\/","logo":{"@type":"ImageObject","inLanguage":"nl-NL","@id":"https:\/\/glareone.eu\/nl\/en\/#\/schema\/logo\/image\/","url":"http:\/\/glareone.eu\/wp-content\/uploads\/2024\/05\/glareone_logo2020_RGB-01-e1715773127189.png","contentUrl":"http:\/\/glareone.eu\/wp-content\/uploads\/2024\/05\/glareone_logo2020_RGB-01-e1715773127189.png","width":1270,"height":321,"caption":"GlareOne"},"image":{"@id":"https:\/\/glareone.eu\/nl\/en\/#\/schema\/logo\/image\/"},"sameAs":["https:\/\/www.facebook.com\/GlareOneLighting","https:\/\/www.instagram.com\/glareonelighting\/","https:\/\/www.youtube.com\/@GlareOneTV"]}]}},"_links":{"self":[{"href":"https:\/\/glareone.eu\/nl\/wp-json\/wp\/v2\/product\/23071","targetHints":{"allow":["GET"]}}],"collection":[{"href":"https:\/\/glareone.eu\/nl\/wp-json\/wp\/v2\/product"}],"about":[{"href":"https:\/\/glareone.eu\/nl\/wp-json\/wp\/v2\/types\/product"}],"wp:featuredmedia":[{"embeddable":true,"href":"https:\/\/glareone.eu\/nl\/wp-json\/wp\/v2\/media\/23075"}],"wp:attachment":[{"href":"https:\/\/glareone.eu\/nl\/wp-json\/wp\/v2\/media?parent=23071"}],"wp:term":[{"taxonomy":"product_brand","embeddable":true,"href":"https:\/\/glareone.eu\/nl\/wp-json\/wp\/v2\/product_brand?post=23071"},{"taxonomy":"product_cat","embeddable":true,"href":"https:\/\/glareone.eu\/nl\/wp-json\/wp\/v2\/product_cat?post=23071"},{"taxonomy":"product_tag","embeddable":true,"href":"https:\/\/glareone.eu\/nl\/wp-json\/wp\/v2\/product_tag?post=23071"}],"curies":[{"name":"wp","href":"https:\/\/api.w.org\/{rel}","templated":true}]}}