{"id":22424,"date":"2025-11-17T12:22:34","date_gmt":"2025-11-17T12:22:34","guid":{"rendered":"https:\/\/glareone.eu\/?post_type=product&#038;p=22424"},"modified":"2025-12-15T08:32:16","modified_gmt":"2025-12-15T08:32:16","slug":"glareone-botis-600","status":"publish","type":"product","link":"https:\/\/glareone.eu\/nl\/product\/glareone-botis-600\/","title":{"rendered":"GlareOne Botis 600"},"content":{"rendered":"<p><span style=\"font-weight: 400;\">De GlareOne Botis 600 is een flitser van 600 Ws die krachtig licht biedt voor professionals en ook beschikt over een 40 W BiColor LED-modelleringslicht. Dankzij de effici\u00ebnte Li-Ion-batterij kan het apparaat tot 380 flitsen op vol vermogen leveren op \u00e9\u00e9n enkele lading. Ingebouwde TTL- en HSS-functies zorgen voor een nauwkeurige belichting in elke situatie.<\/span><\/p>\n<p style=\"margin: 1cm 4cm;\">\n<div class='avia-iframe-wrap'><iframe loading=\"lazy\" title=\"GlareOne Botis 400 i 600 - prezentacja lamp\" width=\"1500\" height=\"844\" src=\"https:\/\/www.youtube.com\/embed\/6ciD6qxtX40?feature=oembed\" frameborder=\"0\" allow=\"accelerometer; autoplay; clipboard-write; encrypted-media; gyroscope; picture-in-picture; web-share\" referrerpolicy=\"strict-origin-when-cross-origin\" allowfullscreen><\/iframe><\/div>\n<\/p>\n<h4>Vermogen, effici\u00ebntie en technologie<\/h4>\n<p><span style=\"font-weight: 400;\">De GlareOne Botis 600 is een flitser met een maximaal vermogen van 600 Ws, maar het is niet alleen het getal op de behuizing dat de prestaties bepaalt. Wat echt telt, is de geavanceerde technologie die in het apparaat is ingebouwd en het ontwerp van de flitsbuis, waardoor het betere resultaten levert dan veel concurrerende modellen van 500 of zelfs 600 Ws. <\/span><\/p>\n<p><span style=\"font-weight: 400;\">De krachtige lichtbron presteert perfect in zowel veeleisende studiosessies als buitenshoots, vooral bij gebruik van reflectoren, waar de lichteffici\u00ebntie tot 1,5 EV*<\/span><span style=\"font-weight: 400;\"> hoger is in vergelijking met lampen van andere fabrikanten. Dankzij het effici\u00ebnte koelsysteem kan de lamp uitgebreid worden gebruikt tijdens dynamische opnames, waardoor continu tot 150 flitsen op vol vermogen kunnen worden afgevuurd zonder onderbreking. De herlaadtijd bij maximale output is slechts 0,9 seconden, waardoor een snelle workflow mogelijk is zonder ook maar \u00e9\u00e9n opname te missen.<\/span><\/p>\n<h4>Lichtkwaliteit<\/h4>\n<p><span style=\"font-weight: 400;\">De lamp is uitgerust met een grote, uitstekende open flitsbuis die zorgt voor een gelijkmatige lichtverdeling. Hierdoor werkt de Botis 600 perfect samen met verschillende lichtmodificatoren, zoals softboxen, paraplu&#8217;s, reflectoren, snoots en beauty dishes. De kleurtemperatuur en het lichtspectrum komen overeen met natuurlijk daglicht, wat zorgt voor een uitstekende kleurnauwkeurigheid en detailweergave in foto&#8217;s. De lamp biedt ook een hoge stabiliteit en consistentie van flitsen. De Botis 600-flitsbuis wordt beschermd door een glazen koepel die hem tegen beschadiging beschermt.<\/span><\/p>\n<h4>Korte flitsduur<\/h4>\n<p><span style=\"font-weight: 400;\">De Botis 600 beschikt over een Freeze-modus, waarmee flitsduur van 1\/1000 s tot 1\/27000 s (t0,5) mogelijk is. Deze functie is essentieel voor het vastleggen van beweging met flitsfotografie. Het display toont de exacte flitsduur die overeenkomt met het geselecteerde vermogensniveau. Door de juiste flitsduur te gebruiken, bent u verzekerd van scherpe beelden wanneer het vastleggen van het perfecte moment absoluut cruciaal is.<\/span><\/p>\n<h4>Accessoires<\/h4>\n<p><span style=\"font-weight: 400;\">De Botis 600 wordt geleverd als een set met een reflector, raster en kleurenfilters, waardoor nauwkeurige lichtregeling of creatieve kleureffecten mogelijk zijn. Er wordt ook een handige draagtas meegeleverd voor veilig en gemakkelijk transport. De Botis 600 is voorzien van een Bowens-type bevestiging, die compatibel is met een breed scala aan modifiers en accessoires van GlareOne en vele andere fabrikanten.<\/span><\/p>\n<h4>Compatibiliteit met afstandsbediening en trigger<\/h4>\n<p><span style=\"font-weight: 400;\">De GlareOne Botis 600 beschikt over een SLAVE-modus, waardoor hij op afstand kan worden geactiveerd door andere Master-apparaten binnen het GlareOne-flitssysteem. Dit biedt volledige vrijheid bij het vormgeven van belichtingsopstellingen op de set. De Botis 600 is volledig compatibel met alle GlareOne-triggers, waardoor hij gemakkelijk kan worden ge\u00efntegreerd met andere lampen van hetzelfde merk en een gemakkelijke en flexibele bediening garandeert.<\/span><\/p>\n<h4>Geavanceerde kanaal- en groepsinstellingen<\/h4>\n<p><span style=\"font-weight: 400;\">De GlareOne Botis 600 ondersteunt werking in 16 groepen en 32 kanalen, waardoor een breed scala aan configuratie- en bedieningsopties voor meerdere lampen in verschillende opnameomstandigheden mogelijk is. Hierdoor kunnen de verlichtingsparameters nauwkeurig worden aangepast.<\/span><\/p>\n<h4>HSS en TTL<\/h4>\n<p><span style=\"font-weight: 400;\">De flitser ondersteunt High-Speed Sync (HSS), waardoor synchronisatie met extreem korte sluitertijden mogelijk is \u2014 vooral handig voor buitenopnames en portretfotografie met een geringe scherptediepte. De TTL automatische lichtmeting zorgt voor een perfecte belichting zonder dat handmatige aanpassingen nodig zijn, wat het werk aanzienlijk vergemakkelijkt en kostbare tijd bespaart.<\/span><\/p>\n<h4>Batterij<\/h4>\n<p><span style=\"font-weight: 400;\">Dankzij de lithium-ionbatterij kan de GlareOne Botis 600 tot 380 flitsen leveren op \u00e9\u00e9n enkele lading, wat zorgt voor langdurige en betrouwbare prestaties, zelfs tijdens intensieve fotosessies.<\/span><\/p>\n<h4>Flitsvermogen aanpassen<\/h4>\n<p><span style=\"font-weight: 400;\">Het licht biedt een flitsvermogensregeling over 9 f-stops, waardoor de lichtopbrengst nauwkeurig kan worden geregeld.<\/span><\/p>\n<h4>Kenmerken van de GlareOne Botis 600 en verschillen ten opzichte van de Botis 400:<\/h4>\n<table dir=\"ltr\" border=\"1\" cellspacing=\"0\" cellpadding=\"0\" data-sheets-root=\"1\" data-sheets-baot=\"1\">\n<colgroup>\n<col width=\"100\" \/>\n<col width=\"100\" \/><\/colgroup>\n<tbody>\n<tr>\n<td><strong>Botis 400<\/strong><\/td>\n<td><strong>Botis 600<\/strong><\/td>\n<\/tr>\n<tr>\n<td>\u2022 compacte<strong> 400 Ws<\/strong> flitser,<\/td>\n<td>\n<div>\n<div>\u2022 compacte <strong>600 Ws<\/strong> flitser,<\/div>\n<\/div>\n<\/td>\n<\/tr>\n<tr>\n<td>\u2022 automatische TTL- en HSS-modus tot 1\/8000 s,<\/td>\n<td>\n<div>\n<div>\u2022 automatische TTL- en HSS-modus tot 1\/8000 s,<\/div>\n<\/div>\n<\/td>\n<\/tr>\n<tr>\n<td>\u2022 <strong>500 flitsen<\/strong> op volle kracht met \u00e9\u00e9n enkele batterijlading,<\/td>\n<td>\n<div>\n<div>\u2022<strong> 380 flitsen<\/strong> op volle kracht met \u00e9\u00e9n enkele batterijlading,<\/div>\n<\/div>\n<\/td>\n<\/tr>\n<tr>\n<td>\u2022 recyclingtijd 0,01 \u2013 0,9 s,<\/td>\n<td>\n<div>\n<div>\u2022 recyclingtijd 0,01 \u2013 0,9 s,<\/div>\n<\/div>\n<\/td>\n<\/tr>\n<tr>\n<td>\u2022 <strong>180<\/strong> opeenvolgende flitsen op vol vermogen bij burst-opnamen,<\/td>\n<td>\n<div>\n<div>\u2022 <strong>150<\/strong> opeenvolgende flitsen op vol vermogen bij burst-opnamen,<\/div>\n<\/div>\n<\/td>\n<\/tr>\n<tr>\n<td>\u2022 vermogensbereik 2,0 &#8211; 10,0,<\/td>\n<td>\n<div>\n<div>\u2022 vermogensbereik 2,0 &#8211; 10,0,<\/div>\n<\/div>\n<\/td>\n<\/tr>\n<tr>\n<td>\u2022 stabiele kleurtemperatuur 5500 K \u00b1 75 K,<\/td>\n<td>\n<div>\n<div>\u2022 stabiele kleurtemperatuur 5500 K \u00b1 75 K,<\/div>\n<\/div>\n<\/td>\n<\/tr>\n<tr>\n<td>\u2022 flitsduur t0,5 = <strong>1\/530 \u2013 1\/20200<\/strong>,<\/td>\n<td>\n<div>\n<div>\u2022 flitsduur t0,5 = <strong>1\/1000 \u2013 1\/27000,<\/strong><\/div>\n<\/div>\n<\/td>\n<\/tr>\n<tr>\n<td>\u2022 drie flitsmodi: NORMAL, MULTI en FREEZE,<\/td>\n<td>\n<div>\n<div>\u2022 drie flitsmodi: NORMAL, MULTI en FREEZE,<\/div>\n<\/div>\n<\/td>\n<\/tr>\n<tr>\n<td>\u2022 EasyCap-objectmaskeerfunctie,<\/td>\n<td>\n<div>\n<div>\u2022 EasyCap-objectmaskeerfunctie,<\/div>\n<\/div>\n<\/td>\n<\/tr>\n<tr>\n<td>\u2022 compatibel met het GlareOne draadloze systeem,<\/td>\n<td>\n<div>\n<div>\u2022 compatibel met het GlareOne draadloze systeem,<\/div>\n<\/div>\n<\/td>\n<\/tr>\n<tr>\n<td>\u2022 16 groepen en 32 kanalen,<\/td>\n<td>\n<div>\n<div>\u2022 16 groepen en 32 kanalen,<\/div>\n<\/div>\n<\/td>\n<\/tr>\n<tr>\n<td>\u2022 visuele groepsindicator op de lampbehuizing,<\/td>\n<td>\n<div>\n<div>\u2022 visuele groepsindicator op de lampbehuizing,<\/div>\n<\/div>\n<\/td>\n<\/tr>\n<tr>\n<td>\u2022 <strong>30 W<\/strong> Bi-Color LED (2700 K \u2013 6500 K \u00b1 200 K),<\/td>\n<td>\n<div>\n<div>\u2022 <strong>40 W<\/strong> Bi-Color LED (2700 K \u2013 6500 K \u00b1 200 K),<\/div>\n<\/div>\n<\/td>\n<\/tr>\n<tr>\n<td>\u2022 Bowens-bevestiging,<\/td>\n<td>\n<div>\n<div>\u2022 Bowens-bevestiging,<\/div>\n<\/div>\n<\/td>\n<\/tr>\n<tr>\n<td>\u2022 touchscreen-display.<\/td>\n<td>\n<div>\n<div>\u2022 touchscreen-display.<\/div>\n<\/div>\n<\/td>\n<\/tr>\n<\/tbody>\n<\/table>\n<h4>Inbegrepen in de doos:<\/h4>\n<ul>\n<li>1x GlareOne Botis 600<\/li>\n<li>1x B400600BP batterij<\/li>\n<li>1x B400600CH oplader<\/li>\n<li>1x EU-voedingskabel<\/li>\n<li>1x Britse stroomkabel<\/li>\n<li>1x reflector<\/li>\n<li>1x set kleurenfilters<\/li>\n<li>1x gebruikershandleiding<\/li>\n<li>1x draagtas<\/li>\n<\/ul>\n<p>*<span style=\"font-weight: 400;\">\u00a0Gebaseerd op interne tests waarbij de volgende modellen zijn vergeleken: Godox AD600 PRO TTL, Profoto B10, Elinchrom ELC 500, Quadralite Atlas 600 PRO TTL en Botis 400. Status per 1 oktober 2025. Meetparameters: Sekonic L858D (1\/125, ISO 100), 18 cm reflector, afstand 1 m<\/span><span style=\"font-weight: 400;\">.\u00a0<\/span><\/p>\n","protected":false},"excerpt":{"rendered":"<p>De GlareOne Botis 600 is een flitser van 600 Ws die krachtig licht biedt voor professionals en ook beschikt over een 40 W BiColor LED-modelleringslicht. Dankzij de effici\u00ebnte Li-Ion-batterij kan het apparaat tot 380 flitsen op vol vermogen leveren op \u00e9\u00e9n enkele lading. Ingebouwde TTL- en HSS-functies zorgen voor een nauwkeurige belichting in elke situatie. [&hellip;]<\/p>\n","protected":false},"featured_media":22427,"template":"","meta":[],"product_brand":[],"product_cat":[524],"product_tag":[],"class_list":{"0":"post-22424","1":"product","2":"type-product","3":"status-publish","4":"has-post-thumbnail","6":"product_cat-batterijflitser","8":"first","9":"instock","10":"product-type-simple"},"yoast_head":"<!-- This site is optimized with the Yoast SEO plugin v27.2 - https:\/\/yoast.com\/product\/yoast-seo-wordpress\/ -->\n<title>GlareOne Botis 600<\/title>\n<meta name=\"description\" content=\"GlareOne Botis 600\" \/>\n<meta name=\"robots\" content=\"index, follow, max-snippet:-1, max-image-preview:large, max-video-preview:-1\" \/>\n<link rel=\"canonical\" href=\"https:\/\/glareone.eu\/nl\/product\/glareone-botis-600\/\" \/>\n<meta property=\"og:locale\" content=\"nl_NL\" \/>\n<meta property=\"og:type\" content=\"article\" \/>\n<meta property=\"og:title\" content=\"GlareOne Botis 400\" \/>\n<meta property=\"og:description\" content=\"GlareOne Botis 600\" \/>\n<meta property=\"og:url\" content=\"https:\/\/glareone.eu\/nl\/product\/glareone-botis-600\/\" \/>\n<meta property=\"og:site_name\" content=\"GlareOne\" \/>\n<meta property=\"article:publisher\" content=\"https:\/\/www.facebook.com\/GlareOneLighting\" \/>\n<meta property=\"article:modified_time\" content=\"2025-12-15T08:32:16+00:00\" \/>\n<meta property=\"og:image\" content=\"https:\/\/glareone.eu\/wp-content\/uploads\/2025\/11\/SBOTIS600_01.jpg\" \/>\n\t<meta property=\"og:image:width\" content=\"1200\" \/>\n\t<meta property=\"og:image:height\" content=\"1200\" \/>\n\t<meta property=\"og:image:type\" content=\"image\/jpeg\" \/>\n<meta name=\"twitter:card\" content=\"summary_large_image\" \/>\n<meta name=\"twitter:title\" content=\"GlareOne Botis 400\" \/>\n<script type=\"application\/ld+json\" class=\"yoast-schema-graph\">{\"@context\":\"https:\/\/schema.org\",\"@graph\":[{\"@type\":\"WebPage\",\"@id\":\"https:\/\/glareone.eu\/nl\/product\/glareone-botis-600\/\",\"url\":\"https:\/\/glareone.eu\/nl\/product\/glareone-botis-600\/\",\"name\":\"GlareOne Botis 600\",\"isPartOf\":{\"@id\":\"https:\/\/glareone.eu\/nl\/en\/#website\"},\"primaryImageOfPage\":{\"@id\":\"https:\/\/glareone.eu\/nl\/product\/glareone-botis-600\/#primaryimage\"},\"image\":{\"@id\":\"https:\/\/glareone.eu\/nl\/product\/glareone-botis-600\/#primaryimage\"},\"thumbnailUrl\":\"https:\/\/glareone.eu\/wp-content\/uploads\/2025\/11\/SBOTIS600_01.jpg\",\"datePublished\":\"2025-11-17T12:22:34+00:00\",\"dateModified\":\"2025-12-15T08:32:16+00:00\",\"description\":\"GlareOne Botis 600\",\"breadcrumb\":{\"@id\":\"https:\/\/glareone.eu\/nl\/product\/glareone-botis-600\/#breadcrumb\"},\"inLanguage\":\"nl-NL\",\"potentialAction\":[{\"@type\":\"ReadAction\",\"target\":[\"https:\/\/glareone.eu\/nl\/product\/glareone-botis-600\/\"]}]},{\"@type\":\"ImageObject\",\"inLanguage\":\"nl-NL\",\"@id\":\"https:\/\/glareone.eu\/nl\/product\/glareone-botis-600\/#primaryimage\",\"url\":\"https:\/\/glareone.eu\/wp-content\/uploads\/2025\/11\/SBOTIS600_01.jpg\",\"contentUrl\":\"https:\/\/glareone.eu\/wp-content\/uploads\/2025\/11\/SBOTIS600_01.jpg\",\"width\":1200,\"height\":1200},{\"@type\":\"BreadcrumbList\",\"@id\":\"https:\/\/glareone.eu\/nl\/product\/glareone-botis-600\/#breadcrumb\",\"itemListElement\":[{\"@type\":\"ListItem\",\"position\":1,\"name\":\"Strona g\u0142\u00f3wna\",\"item\":\"https:\/\/glareone.eu\/nl\/\"},{\"@type\":\"ListItem\",\"position\":2,\"name\":\"Alle producten\",\"item\":\"https:\/\/glareone.eu\/nl\/producten\/alle-producten\/\"},{\"@type\":\"ListItem\",\"position\":3,\"name\":\"GlareOne Botis 600\"}]},{\"@type\":\"WebSite\",\"@id\":\"https:\/\/glareone.eu\/nl\/en\/#website\",\"url\":\"https:\/\/glareone.eu\/nl\/en\/\",\"name\":\"GlareOne\",\"description\":\"Wyposa\u017cenie Studia\",\"publisher\":{\"@id\":\"https:\/\/glareone.eu\/nl\/en\/#organization\"},\"potentialAction\":[{\"@type\":\"SearchAction\",\"target\":{\"@type\":\"EntryPoint\",\"urlTemplate\":\"https:\/\/glareone.eu\/nl\/en\/?s={search_term_string}\"},\"query-input\":{\"@type\":\"PropertyValueSpecification\",\"valueRequired\":true,\"valueName\":\"search_term_string\"}}],\"inLanguage\":\"nl-NL\"},{\"@type\":\"Organization\",\"@id\":\"https:\/\/glareone.eu\/nl\/en\/#organization\",\"name\":\"GlareOne\",\"url\":\"https:\/\/glareone.eu\/nl\/en\/\",\"logo\":{\"@type\":\"ImageObject\",\"inLanguage\":\"nl-NL\",\"@id\":\"https:\/\/glareone.eu\/nl\/en\/#\/schema\/logo\/image\/\",\"url\":\"http:\/\/glareone.eu\/wp-content\/uploads\/2024\/05\/glareone_logo2020_RGB-01-e1715773127189.png\",\"contentUrl\":\"http:\/\/glareone.eu\/wp-content\/uploads\/2024\/05\/glareone_logo2020_RGB-01-e1715773127189.png\",\"width\":1270,\"height\":321,\"caption\":\"GlareOne\"},\"image\":{\"@id\":\"https:\/\/glareone.eu\/nl\/en\/#\/schema\/logo\/image\/\"},\"sameAs\":[\"https:\/\/www.facebook.com\/GlareOneLighting\",\"https:\/\/www.instagram.com\/glareonelighting\/\",\"https:\/\/www.youtube.com\/@GlareOneTV\"]}]}<\/script>\n<!-- \/ Yoast SEO plugin. -->","yoast_head_json":{"title":"GlareOne Botis 600","description":"GlareOne Botis 600","robots":{"index":"index","follow":"follow","max-snippet":"max-snippet:-1","max-image-preview":"max-image-preview:large","max-video-preview":"max-video-preview:-1"},"canonical":"https:\/\/glareone.eu\/nl\/product\/glareone-botis-600\/","og_locale":"nl_NL","og_type":"article","og_title":"GlareOne Botis 400","og_description":"GlareOne Botis 600","og_url":"https:\/\/glareone.eu\/nl\/product\/glareone-botis-600\/","og_site_name":"GlareOne","article_publisher":"https:\/\/www.facebook.com\/GlareOneLighting","article_modified_time":"2025-12-15T08:32:16+00:00","og_image":[{"width":1200,"height":1200,"url":"https:\/\/glareone.eu\/wp-content\/uploads\/2025\/11\/SBOTIS600_01.jpg","type":"image\/jpeg"}],"twitter_card":"summary_large_image","twitter_title":"GlareOne Botis 400","schema":{"@context":"https:\/\/schema.org","@graph":[{"@type":"WebPage","@id":"https:\/\/glareone.eu\/nl\/product\/glareone-botis-600\/","url":"https:\/\/glareone.eu\/nl\/product\/glareone-botis-600\/","name":"GlareOne Botis 600","isPartOf":{"@id":"https:\/\/glareone.eu\/nl\/en\/#website"},"primaryImageOfPage":{"@id":"https:\/\/glareone.eu\/nl\/product\/glareone-botis-600\/#primaryimage"},"image":{"@id":"https:\/\/glareone.eu\/nl\/product\/glareone-botis-600\/#primaryimage"},"thumbnailUrl":"https:\/\/glareone.eu\/wp-content\/uploads\/2025\/11\/SBOTIS600_01.jpg","datePublished":"2025-11-17T12:22:34+00:00","dateModified":"2025-12-15T08:32:16+00:00","description":"GlareOne Botis 600","breadcrumb":{"@id":"https:\/\/glareone.eu\/nl\/product\/glareone-botis-600\/#breadcrumb"},"inLanguage":"nl-NL","potentialAction":[{"@type":"ReadAction","target":["https:\/\/glareone.eu\/nl\/product\/glareone-botis-600\/"]}]},{"@type":"ImageObject","inLanguage":"nl-NL","@id":"https:\/\/glareone.eu\/nl\/product\/glareone-botis-600\/#primaryimage","url":"https:\/\/glareone.eu\/wp-content\/uploads\/2025\/11\/SBOTIS600_01.jpg","contentUrl":"https:\/\/glareone.eu\/wp-content\/uploads\/2025\/11\/SBOTIS600_01.jpg","width":1200,"height":1200},{"@type":"BreadcrumbList","@id":"https:\/\/glareone.eu\/nl\/product\/glareone-botis-600\/#breadcrumb","itemListElement":[{"@type":"ListItem","position":1,"name":"Strona g\u0142\u00f3wna","item":"https:\/\/glareone.eu\/nl\/"},{"@type":"ListItem","position":2,"name":"Alle producten","item":"https:\/\/glareone.eu\/nl\/producten\/alle-producten\/"},{"@type":"ListItem","position":3,"name":"GlareOne Botis 600"}]},{"@type":"WebSite","@id":"https:\/\/glareone.eu\/nl\/en\/#website","url":"https:\/\/glareone.eu\/nl\/en\/","name":"GlareOne","description":"Wyposa\u017cenie Studia","publisher":{"@id":"https:\/\/glareone.eu\/nl\/en\/#organization"},"potentialAction":[{"@type":"SearchAction","target":{"@type":"EntryPoint","urlTemplate":"https:\/\/glareone.eu\/nl\/en\/?s={search_term_string}"},"query-input":{"@type":"PropertyValueSpecification","valueRequired":true,"valueName":"search_term_string"}}],"inLanguage":"nl-NL"},{"@type":"Organization","@id":"https:\/\/glareone.eu\/nl\/en\/#organization","name":"GlareOne","url":"https:\/\/glareone.eu\/nl\/en\/","logo":{"@type":"ImageObject","inLanguage":"nl-NL","@id":"https:\/\/glareone.eu\/nl\/en\/#\/schema\/logo\/image\/","url":"http:\/\/glareone.eu\/wp-content\/uploads\/2024\/05\/glareone_logo2020_RGB-01-e1715773127189.png","contentUrl":"http:\/\/glareone.eu\/wp-content\/uploads\/2024\/05\/glareone_logo2020_RGB-01-e1715773127189.png","width":1270,"height":321,"caption":"GlareOne"},"image":{"@id":"https:\/\/glareone.eu\/nl\/en\/#\/schema\/logo\/image\/"},"sameAs":["https:\/\/www.facebook.com\/GlareOneLighting","https:\/\/www.instagram.com\/glareonelighting\/","https:\/\/www.youtube.com\/@GlareOneTV"]}]}},"_links":{"self":[{"href":"https:\/\/glareone.eu\/nl\/wp-json\/wp\/v2\/product\/22424","targetHints":{"allow":["GET"]}}],"collection":[{"href":"https:\/\/glareone.eu\/nl\/wp-json\/wp\/v2\/product"}],"about":[{"href":"https:\/\/glareone.eu\/nl\/wp-json\/wp\/v2\/types\/product"}],"wp:featuredmedia":[{"embeddable":true,"href":"https:\/\/glareone.eu\/nl\/wp-json\/wp\/v2\/media\/22427"}],"wp:attachment":[{"href":"https:\/\/glareone.eu\/nl\/wp-json\/wp\/v2\/media?parent=22424"}],"wp:term":[{"taxonomy":"product_brand","embeddable":true,"href":"https:\/\/glareone.eu\/nl\/wp-json\/wp\/v2\/product_brand?post=22424"},{"taxonomy":"product_cat","embeddable":true,"href":"https:\/\/glareone.eu\/nl\/wp-json\/wp\/v2\/product_cat?post=22424"},{"taxonomy":"product_tag","embeddable":true,"href":"https:\/\/glareone.eu\/nl\/wp-json\/wp\/v2\/product_tag?post=22424"}],"curies":[{"name":"wp","href":"https:\/\/api.w.org\/{rel}","templated":true}]}}