{"id":14020,"date":"2024-04-18T19:26:42","date_gmt":"2024-04-18T19:26:42","guid":{"rendered":"https:\/\/glareone.eu\/?post_type=product&#038;p=14020"},"modified":"2026-01-21T11:46:14","modified_gmt":"2026-01-21T11:46:14","slug":"glareone-apus-48-s","status":"publish","type":"product","link":"https:\/\/glareone.eu\/nl\/product\/glareone-apus-48-s\/","title":{"rendered":"GlareOne Apus 48 S"},"content":{"rendered":"<p>De GlareOne Apus 48 S is een compacte reportagespeedlite met hoog vermogen, HSS- en TTL-modi, langdurige prestaties op \u00e9\u00e9n batterijlading en intu\u00eftieve bediening via het touchscreen. De compatibiliteit met veel camera&#8217;s en de functies voor afstandsbediening maken het een uitstekende keuze voor fotografen die een betrouwbare en flexibele lichtbron nodig hebben in verschillende omstandigheden.<\/p>\n<p style=\"margin: 1cm 4cm;\">\n<div class='avia-iframe-wrap'><iframe loading=\"lazy\" title=\"GlareOne Apus 48 i 48 S - prezentacja lampy speedlite\" width=\"1500\" height=\"844\" src=\"https:\/\/www.youtube.com\/embed\/ZIvy2nycO3Y?feature=oembed\" frameborder=\"0\" allow=\"accelerometer; autoplay; clipboard-write; encrypted-media; gyroscope; picture-in-picture; web-share\" referrerpolicy=\"strict-origin-when-cross-origin\" allowfullscreen><\/iframe><\/div>\n<\/p>\n<h3>Compatibiliteit<\/h3>\n<p>De GlareOne Apus 48 S flitser is alleen compatibel met Sony, via de Sony Multi Interface schoen.<\/p>\n<h3>Touchscreen<\/h3>\n<p>De speedlite is uitgerust met een touchscreen voor een eenvoudige en intu\u00eftieve bediening. Met een eenvoudige interface kan de gebruiker snel alle instellingen aanpassen, wat de workflow in dynamische omstandigheden aanzienlijk verbetert.<\/p>\n<h3>Bedieningsmodi en afstandsbediening<\/h3>\n<p>De GlareOne Apus 48 S biedt zowel de MASTER- als de SLAVE-modus. In de MASTER-modus kan de speedlite werken als afstandsbediening voor andere flitsers. In de SLAVE-modus kan de speedlite op afstand worden getriggerd door andere apparaten, waardoor volledige flexibiliteit wordt geboden bij het maken van lichtopstellingen op de fotoset.<\/p>\n<h3>Trigger compatibiliteit<\/h3>\n<p>De GlareOne Apus 48 S werkt met alle GlareOne triggers, waardoor eenvoudige integratie met andere flitsers van het merk GlareOne mogelijk is, wat zorgt voor gemak en flexibiliteit in het werk.<\/p>\n<h3>Geavanceerde kanaal- en groepsinstellingen<\/h3>\n<p>De GlareOne Apus 48 S kan worden gebruikt in 16 groepen en op 32 kanalen, wat een breed scala aan configuratie- en besturingsopties biedt voor meerdere flitsers in verschillende omstandigheden. Dit maakt nauwkeurige lichtparameteraanpassingen mogelijk.<\/p>\n<h3>TTL en HSS synchronisatie<\/h3>\n<p>De flitser biedt synchronisatie met zeer korte sluitertijden (HSS), wat belangrijk is voor buitenwerk en portretfotografie met geringe scherptediepte. Bovendien zorgt de automatische TTL-lichtmeting voor een optimale belichting zonder dat er handmatige parameteraanpassingen nodig zijn, wat handig is en tijd bespaart.<\/p>\n<h3>Levensduur van de batterij<\/h3>\n<p>Dankzij het gebruik van een lithium-ion batterij, kan de GlareOne Apus 48 S tot 550 flitsen uitvoeren op een enkele lading, wat zorgt voor een langdurige en betrouwbare werking, zelfs tijdens intensieve fotosessies.<\/p>\n<h3>Aanpassing flitsvermogen<\/h3>\n<p>De flitser biedt de mogelijkheid om het flitsvermogen in te stellen over 9 diafragmastops, zodat het flitsvermogen nauwkeurig kan worden aangepast.<\/p>\n<h3>Snelle oplaadtijd<\/h3>\n<p>De oplaadtijd van de GlareOne Apus 48 S varieert van 0,05 tot 1,7 seconden, waardoor je je snel en effici\u00ebnt kunt voorbereiden op de volgende opnamen zonder lange onderbrekingen.<\/p>\n<h3>Kenmerken van de GlareOne Apus 48 S:<\/h3>\n<ul>\n<li>Compatibel met Sony<\/li>\n<li>Uitgerust met een touchscreen<\/li>\n<li>Tot 550 flitsen op \u00e9\u00e9n batterijlading<\/li>\n<li>HSS synchronisatie met korte sluitertijden<\/li>\n<li>Automatische TTL lichtmeting<\/li>\n<li>Kan werken als afstandsbediening voor andere flitsers (MASTER-modus)<\/li>\n<li>Kan op afstand worden bestuurd en getriggerd (SLAVE-modus)<\/li>\n<li>Compatibel met alle GlareOne triggers<\/li>\n<li>16 groepen \/ 32 kanalen<\/li>\n<li>Werkt samen met de lampen Vega, Antares, Apus, Botis<\/li>\n<li>Flitsvermogen instelbaar over 9 diafragmastops<\/li>\n<li>Maximaal vermogen 48Ws<\/li>\n<li>Oplaadtijd 0,05 ~ 1,7s<\/li>\n<\/ul>\n<h3>De doos bevat:<\/h3>\n<p>1x GlareOne Apus 48 S<br \/>\n1x diffusor<br \/>\n1x A48BP batterij<br \/>\n1x A48CH oplaadadapter<br \/>\n1x USB-C oplaadkabel<br \/>\n1x etui<br \/>\n1x gebruiksaanwijzing<br \/>\n1x statiefschoen<\/p>\n","protected":false},"excerpt":{"rendered":"<p>De GlareOne Apus 48 S is een compacte reportagespeedlite met hoog vermogen, HSS- en TTL-modi, langdurige prestaties op \u00e9\u00e9n batterijlading en intu\u00eftieve bediening via het touchscreen. De compatibiliteit met veel camera&#8217;s en de functies voor afstandsbediening maken het een uitstekende keuze voor fotografen die een betrouwbare en flexibele lichtbron nodig hebben in verschillende omstandigheden. Compatibiliteit [&hellip;]<\/p>\n","protected":false},"featured_media":14807,"template":"","meta":[],"product_brand":[],"product_cat":[524],"product_tag":[],"class_list":{"0":"post-14020","1":"product","2":"type-product","3":"status-publish","4":"has-post-thumbnail","6":"product_cat-batterijflitser","8":"first","9":"instock","10":"product-type-simple"},"yoast_head":"<!-- This site is optimized with the Yoast SEO plugin v27.2 - https:\/\/yoast.com\/product\/yoast-seo-wordpress\/ -->\n<title>GlareOne Apus 48 S<\/title>\n<meta name=\"description\" content=\"GlareOne Apus 48 S\" \/>\n<meta name=\"robots\" content=\"index, follow, max-snippet:-1, max-image-preview:large, max-video-preview:-1\" \/>\n<link rel=\"canonical\" href=\"https:\/\/glareone.eu\/nl\/product\/glareone-apus-48-s\/\" \/>\n<meta property=\"og:locale\" content=\"nl_NL\" \/>\n<meta property=\"og:type\" content=\"article\" \/>\n<meta property=\"og:title\" content=\"GlareOne Apus 48 S\" \/>\n<meta property=\"og:description\" content=\"GlareOne Apus 48 S\" \/>\n<meta property=\"og:url\" content=\"https:\/\/glareone.eu\/nl\/product\/glareone-apus-48-s\/\" \/>\n<meta property=\"og:site_name\" content=\"GlareOne\" \/>\n<meta property=\"article:publisher\" content=\"https:\/\/www.facebook.com\/GlareOneLighting\" \/>\n<meta property=\"article:modified_time\" content=\"2026-01-21T11:46:14+00:00\" \/>\n<meta property=\"og:image\" content=\"https:\/\/glareone.eu\/wp-content\/uploads\/2024\/04\/SAPUS48S_10.jpg\" \/>\n\t<meta property=\"og:image:width\" content=\"1200\" \/>\n\t<meta property=\"og:image:height\" content=\"1200\" \/>\n\t<meta property=\"og:image:type\" content=\"image\/jpeg\" \/>\n<meta name=\"twitter:card\" content=\"summary_large_image\" \/>\n<meta name=\"twitter:title\" content=\"GlareOne Apus 48 S\" \/>\n<meta name=\"twitter:label1\" content=\"Geschatte leestijd\" \/>\n\t<meta name=\"twitter:data1\" content=\"3 minuten\" \/>\n<script type=\"application\/ld+json\" class=\"yoast-schema-graph\">{\"@context\":\"https:\/\/schema.org\",\"@graph\":[{\"@type\":\"WebPage\",\"@id\":\"https:\/\/glareone.eu\/nl\/product\/glareone-apus-48-s\/\",\"url\":\"https:\/\/glareone.eu\/nl\/product\/glareone-apus-48-s\/\",\"name\":\"GlareOne Apus 48 S\",\"isPartOf\":{\"@id\":\"https:\/\/glareone.eu\/nl\/en\/#website\"},\"primaryImageOfPage\":{\"@id\":\"https:\/\/glareone.eu\/nl\/product\/glareone-apus-48-s\/#primaryimage\"},\"image\":{\"@id\":\"https:\/\/glareone.eu\/nl\/product\/glareone-apus-48-s\/#primaryimage\"},\"thumbnailUrl\":\"https:\/\/glareone.eu\/wp-content\/uploads\/2024\/04\/SAPUS48S_10.jpg\",\"datePublished\":\"2024-04-18T19:26:42+00:00\",\"dateModified\":\"2026-01-21T11:46:14+00:00\",\"description\":\"GlareOne Apus 48 S\",\"breadcrumb\":{\"@id\":\"https:\/\/glareone.eu\/nl\/product\/glareone-apus-48-s\/#breadcrumb\"},\"inLanguage\":\"nl-NL\",\"potentialAction\":[{\"@type\":\"ReadAction\",\"target\":[\"https:\/\/glareone.eu\/nl\/product\/glareone-apus-48-s\/\"]}]},{\"@type\":\"ImageObject\",\"inLanguage\":\"nl-NL\",\"@id\":\"https:\/\/glareone.eu\/nl\/product\/glareone-apus-48-s\/#primaryimage\",\"url\":\"https:\/\/glareone.eu\/wp-content\/uploads\/2024\/04\/SAPUS48S_10.jpg\",\"contentUrl\":\"https:\/\/glareone.eu\/wp-content\/uploads\/2024\/04\/SAPUS48S_10.jpg\",\"width\":1200,\"height\":1200},{\"@type\":\"BreadcrumbList\",\"@id\":\"https:\/\/glareone.eu\/nl\/product\/glareone-apus-48-s\/#breadcrumb\",\"itemListElement\":[{\"@type\":\"ListItem\",\"position\":1,\"name\":\"Strona g\u0142\u00f3wna\",\"item\":\"https:\/\/glareone.eu\/nl\/\"},{\"@type\":\"ListItem\",\"position\":2,\"name\":\"Alle producten\",\"item\":\"https:\/\/glareone.eu\/nl\/producten\/alle-producten\/\"},{\"@type\":\"ListItem\",\"position\":3,\"name\":\"GlareOne Apus 48 S\"}]},{\"@type\":\"WebSite\",\"@id\":\"https:\/\/glareone.eu\/nl\/en\/#website\",\"url\":\"https:\/\/glareone.eu\/nl\/en\/\",\"name\":\"GlareOne\",\"description\":\"Wyposa\u017cenie Studia\",\"publisher\":{\"@id\":\"https:\/\/glareone.eu\/nl\/en\/#organization\"},\"potentialAction\":[{\"@type\":\"SearchAction\",\"target\":{\"@type\":\"EntryPoint\",\"urlTemplate\":\"https:\/\/glareone.eu\/nl\/en\/?s={search_term_string}\"},\"query-input\":{\"@type\":\"PropertyValueSpecification\",\"valueRequired\":true,\"valueName\":\"search_term_string\"}}],\"inLanguage\":\"nl-NL\"},{\"@type\":\"Organization\",\"@id\":\"https:\/\/glareone.eu\/nl\/en\/#organization\",\"name\":\"GlareOne\",\"url\":\"https:\/\/glareone.eu\/nl\/en\/\",\"logo\":{\"@type\":\"ImageObject\",\"inLanguage\":\"nl-NL\",\"@id\":\"https:\/\/glareone.eu\/nl\/en\/#\/schema\/logo\/image\/\",\"url\":\"http:\/\/glareone.eu\/wp-content\/uploads\/2024\/05\/glareone_logo2020_RGB-01-e1715773127189.png\",\"contentUrl\":\"http:\/\/glareone.eu\/wp-content\/uploads\/2024\/05\/glareone_logo2020_RGB-01-e1715773127189.png\",\"width\":1270,\"height\":321,\"caption\":\"GlareOne\"},\"image\":{\"@id\":\"https:\/\/glareone.eu\/nl\/en\/#\/schema\/logo\/image\/\"},\"sameAs\":[\"https:\/\/www.facebook.com\/GlareOneLighting\",\"https:\/\/www.instagram.com\/glareonelighting\/\",\"https:\/\/www.youtube.com\/@GlareOneTV\"]}]}<\/script>\n<!-- \/ Yoast SEO plugin. -->","yoast_head_json":{"title":"GlareOne Apus 48 S","description":"GlareOne Apus 48 S","robots":{"index":"index","follow":"follow","max-snippet":"max-snippet:-1","max-image-preview":"max-image-preview:large","max-video-preview":"max-video-preview:-1"},"canonical":"https:\/\/glareone.eu\/nl\/product\/glareone-apus-48-s\/","og_locale":"nl_NL","og_type":"article","og_title":"GlareOne Apus 48 S","og_description":"GlareOne Apus 48 S","og_url":"https:\/\/glareone.eu\/nl\/product\/glareone-apus-48-s\/","og_site_name":"GlareOne","article_publisher":"https:\/\/www.facebook.com\/GlareOneLighting","article_modified_time":"2026-01-21T11:46:14+00:00","og_image":[{"width":1200,"height":1200,"url":"https:\/\/glareone.eu\/wp-content\/uploads\/2024\/04\/SAPUS48S_10.jpg","type":"image\/jpeg"}],"twitter_card":"summary_large_image","twitter_title":"GlareOne Apus 48 S","twitter_misc":{"Geschatte leestijd":"3 minuten"},"schema":{"@context":"https:\/\/schema.org","@graph":[{"@type":"WebPage","@id":"https:\/\/glareone.eu\/nl\/product\/glareone-apus-48-s\/","url":"https:\/\/glareone.eu\/nl\/product\/glareone-apus-48-s\/","name":"GlareOne Apus 48 S","isPartOf":{"@id":"https:\/\/glareone.eu\/nl\/en\/#website"},"primaryImageOfPage":{"@id":"https:\/\/glareone.eu\/nl\/product\/glareone-apus-48-s\/#primaryimage"},"image":{"@id":"https:\/\/glareone.eu\/nl\/product\/glareone-apus-48-s\/#primaryimage"},"thumbnailUrl":"https:\/\/glareone.eu\/wp-content\/uploads\/2024\/04\/SAPUS48S_10.jpg","datePublished":"2024-04-18T19:26:42+00:00","dateModified":"2026-01-21T11:46:14+00:00","description":"GlareOne Apus 48 S","breadcrumb":{"@id":"https:\/\/glareone.eu\/nl\/product\/glareone-apus-48-s\/#breadcrumb"},"inLanguage":"nl-NL","potentialAction":[{"@type":"ReadAction","target":["https:\/\/glareone.eu\/nl\/product\/glareone-apus-48-s\/"]}]},{"@type":"ImageObject","inLanguage":"nl-NL","@id":"https:\/\/glareone.eu\/nl\/product\/glareone-apus-48-s\/#primaryimage","url":"https:\/\/glareone.eu\/wp-content\/uploads\/2024\/04\/SAPUS48S_10.jpg","contentUrl":"https:\/\/glareone.eu\/wp-content\/uploads\/2024\/04\/SAPUS48S_10.jpg","width":1200,"height":1200},{"@type":"BreadcrumbList","@id":"https:\/\/glareone.eu\/nl\/product\/glareone-apus-48-s\/#breadcrumb","itemListElement":[{"@type":"ListItem","position":1,"name":"Strona g\u0142\u00f3wna","item":"https:\/\/glareone.eu\/nl\/"},{"@type":"ListItem","position":2,"name":"Alle producten","item":"https:\/\/glareone.eu\/nl\/producten\/alle-producten\/"},{"@type":"ListItem","position":3,"name":"GlareOne Apus 48 S"}]},{"@type":"WebSite","@id":"https:\/\/glareone.eu\/nl\/en\/#website","url":"https:\/\/glareone.eu\/nl\/en\/","name":"GlareOne","description":"Wyposa\u017cenie Studia","publisher":{"@id":"https:\/\/glareone.eu\/nl\/en\/#organization"},"potentialAction":[{"@type":"SearchAction","target":{"@type":"EntryPoint","urlTemplate":"https:\/\/glareone.eu\/nl\/en\/?s={search_term_string}"},"query-input":{"@type":"PropertyValueSpecification","valueRequired":true,"valueName":"search_term_string"}}],"inLanguage":"nl-NL"},{"@type":"Organization","@id":"https:\/\/glareone.eu\/nl\/en\/#organization","name":"GlareOne","url":"https:\/\/glareone.eu\/nl\/en\/","logo":{"@type":"ImageObject","inLanguage":"nl-NL","@id":"https:\/\/glareone.eu\/nl\/en\/#\/schema\/logo\/image\/","url":"http:\/\/glareone.eu\/wp-content\/uploads\/2024\/05\/glareone_logo2020_RGB-01-e1715773127189.png","contentUrl":"http:\/\/glareone.eu\/wp-content\/uploads\/2024\/05\/glareone_logo2020_RGB-01-e1715773127189.png","width":1270,"height":321,"caption":"GlareOne"},"image":{"@id":"https:\/\/glareone.eu\/nl\/en\/#\/schema\/logo\/image\/"},"sameAs":["https:\/\/www.facebook.com\/GlareOneLighting","https:\/\/www.instagram.com\/glareonelighting\/","https:\/\/www.youtube.com\/@GlareOneTV"]}]}},"_links":{"self":[{"href":"https:\/\/glareone.eu\/nl\/wp-json\/wp\/v2\/product\/14020","targetHints":{"allow":["GET"]}}],"collection":[{"href":"https:\/\/glareone.eu\/nl\/wp-json\/wp\/v2\/product"}],"about":[{"href":"https:\/\/glareone.eu\/nl\/wp-json\/wp\/v2\/types\/product"}],"wp:featuredmedia":[{"embeddable":true,"href":"https:\/\/glareone.eu\/nl\/wp-json\/wp\/v2\/media\/14807"}],"wp:attachment":[{"href":"https:\/\/glareone.eu\/nl\/wp-json\/wp\/v2\/media?parent=14020"}],"wp:term":[{"taxonomy":"product_brand","embeddable":true,"href":"https:\/\/glareone.eu\/nl\/wp-json\/wp\/v2\/product_brand?post=14020"},{"taxonomy":"product_cat","embeddable":true,"href":"https:\/\/glareone.eu\/nl\/wp-json\/wp\/v2\/product_cat?post=14020"},{"taxonomy":"product_tag","embeddable":true,"href":"https:\/\/glareone.eu\/nl\/wp-json\/wp\/v2\/product_tag?post=14020"}],"curies":[{"name":"wp","href":"https:\/\/api.w.org\/{rel}","templated":true}]}}