{"id":13157,"date":"2024-04-18T19:26:40","date_gmt":"2024-04-18T19:26:40","guid":{"rendered":"https:\/\/glareone.eu\/product\/glareone-air-glide-150\/"},"modified":"2024-09-18T07:22:04","modified_gmt":"2024-09-18T07:22:04","slug":"glareone-air-glide-150","status":"publish","type":"product","link":"https:\/\/glareone.eu\/nl\/product\/glareone-air-glide-150\/","title":{"rendered":"GlareOne Air Glide 150"},"content":{"rendered":"<p>Tweedelig, luchtgeveerd statief, plat op te zetten en voorzien van wielen.<\/p>\n<h3>Gebruikerscomfort<\/h3>\n<p>Het grootste voordeel van de GlareOne Air Glide 150 standaard is het gebruikerscomfort. De platte basis maakt het mogelijk om de standaard uit te rusten met de meegeleverde wielen, wat hem licht, comfortabel en veilig in gebruik maakt. De lage hoogte van de basis maakt het eenvoudig om de Air Glide standaard te manoeuvreren tussen andere standaards of setelementen. De Air Glide is perfect voor locaties zoals foto- en filmstudio&#8217;s, schoonheidssalons of tattoostudio&#8217;s.<\/p>\n<h3>Standaardkolom<\/h3>\n<p>De GlareOne Air Glide 150 standaard is uitgerust met een kolom die is afgeleid van de lichte standaards van de Air-serie. De kolom biedt luchtvering voor elke sectie van de standaard. De Air Glide 150 versie kan worden uitgeschoven tot een maximale hoogte van 150 cm (een 275 cm versie, de Air Glide 275, is ook beschikbaar). De kop van de kolom heeft een afneembare montagepen die verticaal of horizontaal kan worden gepositioneerd, wat de veelzijdigheid van de standaard vergroot.<\/p>\n<h3>Stabiliteit<\/h3>\n<p>De kolom is gemonteerd op een platte basis met drie wielen, wat het zwaartepunt verlaagt. De wielen zijn 42 cm van de as van de kolom geplaatst, wat zorgt voor stabiliteit en veilig gebruik. De wielen met een diameter van 75 mm maken het gemakkelijk om de standaard te verplaatsen, zelfs op oneffen oppervlakken.<\/p>\n<h3>Productkenmerken:<\/h3>\n<ul>\n<li>verstelbare hoogte van 85 &#8211; 150 cm,<\/li>\n<li>uitgerust met luchtvering,<\/li>\n<li>voorzien van een 3\/8&#8243; (16 mm) montagepen en een 1\/4&#8243; schroefdraad,<\/li>\n<li>uitgerust met grote wielen van 75 mm diameter,<\/li>\n<li>wielen met vergrendelingsmogelijkheid,<\/li>\n<li>draagvermogen tot 8 kg.<\/li>\n<\/ul>\n<h3>Wat veilig op de Air Glide standaard kan worden gemonteerd:<\/h3>\n<table>\n<tbody>\n<tr>\n<td><\/td>\n<td><b>Air Glide 150<\/b><\/td>\n<td><span style=\"font-weight: 400;\">Air Glide 275<\/span><\/td>\n<\/tr>\n<tr>\n<td><span style=\"font-weight: 400;\">Speedlite lampen<\/span><\/td>\n<td><b>X<\/b><\/td>\n<td><span style=\"font-weight: 400;\">X<\/span><\/td>\n<\/tr>\n<tr>\n<td><span style=\"font-weight: 400;\">LED ringverlichting<\/span><\/td>\n<td><b>X<\/b><\/td>\n<td><span style=\"font-weight: 400;\">X<\/span><\/td>\n<\/tr>\n<tr>\n<td><span style=\"font-weight: 400;\">Vega 200\/400 + parasol Orb 100<\/span><\/td>\n<td><b>X<\/b><\/td>\n<td><span style=\"font-weight: 400;\">X<\/span><\/td>\n<\/tr>\n<tr>\n<td><span style=\"font-weight: 400;\">Vega 200\/400 + parasol Orb 150<\/span><\/td>\n<td><b>X<\/b><\/td>\n<td><span style=\"font-weight: 400;\">X<\/span><\/td>\n<\/tr>\n<tr>\n<td><span style=\"font-weight: 400;\">Vega 200\/400 + Octa 100 Pro<\/span><\/td>\n<td><b>X<\/b><\/td>\n<td><span style=\"font-weight: 400;\">X<\/span><\/td>\n<\/tr>\n<tr>\n<td><span style=\"font-weight: 400;\">Vega 200\/400 + Octa 120 Pro<\/span><\/td>\n<td><\/td>\n<td><span style=\"font-weight: 400;\">X<\/span><\/td>\n<\/tr>\n<tr>\n<td><span style=\"font-weight: 400;\">LED 80\/120 + Octa 100 Pro\u00a0<\/span><\/td>\n<td><b>X<\/b><\/td>\n<td><span style=\"font-weight: 400;\">X<\/span><\/td>\n<\/tr>\n<tr>\n<td><span style=\"font-weight: 400;\">LED 80\/120 + Octa 120 Pro\u00a0<\/span><\/td>\n<td><\/td>\n<td><span style=\"font-weight: 400;\">X<\/span><\/td>\n<\/tr>\n<tr>\n<td><span style=\"font-weight: 400;\">Antares 600 + Octa 150 Pro<\/span><\/td>\n<td><\/td>\n<td><span style=\"font-weight: 400;\">X<\/span><\/td>\n<\/tr>\n<tr>\n<td><span style=\"font-weight: 400;\">Antares 600 + Hexa 120 Pro<\/span><\/td>\n<td><\/td>\n<td><span style=\"font-weight: 400;\">X<\/span><\/td>\n<\/tr>\n<tr>\n<td><span style=\"font-weight: 400;\">LED 160 + Octa 120 Pro<\/span><\/td>\n<td><b>X<\/b><\/td>\n<td><span style=\"font-weight: 400;\">X<\/span><\/td>\n<\/tr>\n<tr>\n<td><span style=\"font-weight: 400;\">LED 300 + Octa 150 Pro<\/span><\/td>\n<td><\/td>\n<td><span style=\"font-weight: 400;\">X<\/span><\/td>\n<\/tr>\n<tr>\n<td><span style=\"font-weight: 400;\">LED 300 + Hexa 120 Pro<\/span><\/td>\n<td><\/td>\n<td><span style=\"font-weight: 400;\">X<\/span><\/td>\n<\/tr>\n<\/tbody>\n<\/table>\n","protected":false},"excerpt":{"rendered":"<p>Tweedelig, luchtgeveerd statief, plat op te zetten en voorzien van wielen. Gebruikerscomfort Het grootste voordeel van de GlareOne Air Glide 150 standaard is het gebruikerscomfort. De platte basis maakt het mogelijk om de standaard uit te rusten met de meegeleverde wielen, wat hem licht, comfortabel en veilig in gebruik maakt. De lage hoogte van de [&hellip;]<\/p>\n","protected":false},"featured_media":13138,"template":"","meta":[],"product_brand":[],"product_cat":[473],"product_tag":[],"class_list":{"0":"post-13157","1":"product","2":"type-product","3":"status-publish","4":"has-post-thumbnail","6":"product_cat-klassieke-statieven","8":"first","9":"instock","10":"product-type-simple"},"yoast_head":"<!-- This site is optimized with the Yoast SEO plugin v27.2 - https:\/\/yoast.com\/product\/yoast-seo-wordpress\/ -->\n<title>GlareOne Air Glide 150<\/title>\n<meta name=\"description\" content=\"GlareOne Air Glide 150 - Tweedelig, luchtgeveerd statief, plat op te zetten en voorzien van wielen.\" \/>\n<meta name=\"robots\" content=\"index, follow, max-snippet:-1, max-image-preview:large, max-video-preview:-1\" \/>\n<link rel=\"canonical\" href=\"https:\/\/glareone.eu\/nl\/product\/glareone-air-glide-150\/\" \/>\n<meta property=\"og:locale\" content=\"nl_NL\" \/>\n<meta property=\"og:type\" content=\"article\" \/>\n<meta property=\"og:title\" content=\"GlareOne Air Glide 150 - statyw z k\u00f3lkami i amortyzacj\u0105 powietrzn\u0105\" \/>\n<meta property=\"og:description\" content=\"GlareOne Air Glide 150 - Tweedelig, luchtgeveerd statief, plat op te zetten en voorzien van wielen.\" \/>\n<meta property=\"og:url\" content=\"https:\/\/glareone.eu\/nl\/product\/glareone-air-glide-150\/\" \/>\n<meta property=\"og:site_name\" content=\"GlareOne\" \/>\n<meta property=\"article:publisher\" content=\"https:\/\/www.facebook.com\/GlareOneLighting\" \/>\n<meta property=\"article:modified_time\" content=\"2024-09-18T07:22:04+00:00\" \/>\n<meta property=\"og:image\" content=\"https:\/\/glareone.eu\/wp-content\/uploads\/2024\/04\/SLSA150G_01-min.jpg\" \/>\n\t<meta property=\"og:image:width\" content=\"1200\" \/>\n\t<meta property=\"og:image:height\" content=\"1200\" \/>\n\t<meta property=\"og:image:type\" content=\"image\/jpeg\" \/>\n<meta name=\"twitter:card\" content=\"summary_large_image\" \/>\n<meta name=\"twitter:title\" content=\"GlareOne Air Glide 150 - statyw z k\u00f3lkami i amortyzacj\u0105 powietrzn\u0105\" \/>\n<meta name=\"twitter:label1\" content=\"Geschatte leestijd\" \/>\n\t<meta name=\"twitter:data1\" content=\"2 minuten\" \/>\n<script type=\"application\/ld+json\" class=\"yoast-schema-graph\">{\"@context\":\"https:\/\/schema.org\",\"@graph\":[{\"@type\":\"WebPage\",\"@id\":\"https:\/\/glareone.eu\/nl\/product\/glareone-air-glide-150\/\",\"url\":\"https:\/\/glareone.eu\/nl\/product\/glareone-air-glide-150\/\",\"name\":\"GlareOne Air Glide 150\",\"isPartOf\":{\"@id\":\"https:\/\/glareone.eu\/nl\/en\/#website\"},\"primaryImageOfPage\":{\"@id\":\"https:\/\/glareone.eu\/nl\/product\/glareone-air-glide-150\/#primaryimage\"},\"image\":{\"@id\":\"https:\/\/glareone.eu\/nl\/product\/glareone-air-glide-150\/#primaryimage\"},\"thumbnailUrl\":\"https:\/\/glareone.eu\/wp-content\/uploads\/2024\/04\/SLSA150G_01-min.jpg\",\"datePublished\":\"2024-04-18T19:26:40+00:00\",\"dateModified\":\"2024-09-18T07:22:04+00:00\",\"description\":\"GlareOne Air Glide 150 - Tweedelig, luchtgeveerd statief, plat op te zetten en voorzien van wielen.\",\"breadcrumb\":{\"@id\":\"https:\/\/glareone.eu\/nl\/product\/glareone-air-glide-150\/#breadcrumb\"},\"inLanguage\":\"nl-NL\",\"potentialAction\":[{\"@type\":\"ReadAction\",\"target\":[\"https:\/\/glareone.eu\/nl\/product\/glareone-air-glide-150\/\"]}]},{\"@type\":\"ImageObject\",\"inLanguage\":\"nl-NL\",\"@id\":\"https:\/\/glareone.eu\/nl\/product\/glareone-air-glide-150\/#primaryimage\",\"url\":\"https:\/\/glareone.eu\/wp-content\/uploads\/2024\/04\/SLSA150G_01-min.jpg\",\"contentUrl\":\"https:\/\/glareone.eu\/wp-content\/uploads\/2024\/04\/SLSA150G_01-min.jpg\",\"width\":1200,\"height\":1200},{\"@type\":\"BreadcrumbList\",\"@id\":\"https:\/\/glareone.eu\/nl\/product\/glareone-air-glide-150\/#breadcrumb\",\"itemListElement\":[{\"@type\":\"ListItem\",\"position\":1,\"name\":\"Strona g\u0142\u00f3wna\",\"item\":\"https:\/\/glareone.eu\/nl\/\"},{\"@type\":\"ListItem\",\"position\":2,\"name\":\"Alle producten\",\"item\":\"https:\/\/glareone.eu\/nl\/producten\/alle-producten\/\"},{\"@type\":\"ListItem\",\"position\":3,\"name\":\"GlareOne Air Glide 150\"}]},{\"@type\":\"WebSite\",\"@id\":\"https:\/\/glareone.eu\/nl\/en\/#website\",\"url\":\"https:\/\/glareone.eu\/nl\/en\/\",\"name\":\"GlareOne\",\"description\":\"Wyposa\u017cenie Studia\",\"publisher\":{\"@id\":\"https:\/\/glareone.eu\/nl\/en\/#organization\"},\"potentialAction\":[{\"@type\":\"SearchAction\",\"target\":{\"@type\":\"EntryPoint\",\"urlTemplate\":\"https:\/\/glareone.eu\/nl\/en\/?s={search_term_string}\"},\"query-input\":{\"@type\":\"PropertyValueSpecification\",\"valueRequired\":true,\"valueName\":\"search_term_string\"}}],\"inLanguage\":\"nl-NL\"},{\"@type\":\"Organization\",\"@id\":\"https:\/\/glareone.eu\/nl\/en\/#organization\",\"name\":\"GlareOne\",\"url\":\"https:\/\/glareone.eu\/nl\/en\/\",\"logo\":{\"@type\":\"ImageObject\",\"inLanguage\":\"nl-NL\",\"@id\":\"https:\/\/glareone.eu\/nl\/en\/#\/schema\/logo\/image\/\",\"url\":\"http:\/\/glareone.eu\/wp-content\/uploads\/2024\/05\/glareone_logo2020_RGB-01-e1715773127189.png\",\"contentUrl\":\"http:\/\/glareone.eu\/wp-content\/uploads\/2024\/05\/glareone_logo2020_RGB-01-e1715773127189.png\",\"width\":1270,\"height\":321,\"caption\":\"GlareOne\"},\"image\":{\"@id\":\"https:\/\/glareone.eu\/nl\/en\/#\/schema\/logo\/image\/\"},\"sameAs\":[\"https:\/\/www.facebook.com\/GlareOneLighting\",\"https:\/\/www.instagram.com\/glareonelighting\/\",\"https:\/\/www.youtube.com\/@GlareOneTV\"]}]}<\/script>\n<!-- \/ Yoast SEO plugin. -->","yoast_head_json":{"title":"GlareOne Air Glide 150","description":"GlareOne Air Glide 150 - Tweedelig, luchtgeveerd statief, plat op te zetten en voorzien van wielen.","robots":{"index":"index","follow":"follow","max-snippet":"max-snippet:-1","max-image-preview":"max-image-preview:large","max-video-preview":"max-video-preview:-1"},"canonical":"https:\/\/glareone.eu\/nl\/product\/glareone-air-glide-150\/","og_locale":"nl_NL","og_type":"article","og_title":"GlareOne Air Glide 150 - statyw z k\u00f3lkami i amortyzacj\u0105 powietrzn\u0105","og_description":"GlareOne Air Glide 150 - Tweedelig, luchtgeveerd statief, plat op te zetten en voorzien van wielen.","og_url":"https:\/\/glareone.eu\/nl\/product\/glareone-air-glide-150\/","og_site_name":"GlareOne","article_publisher":"https:\/\/www.facebook.com\/GlareOneLighting","article_modified_time":"2024-09-18T07:22:04+00:00","og_image":[{"width":1200,"height":1200,"url":"https:\/\/glareone.eu\/wp-content\/uploads\/2024\/04\/SLSA150G_01-min.jpg","type":"image\/jpeg"}],"twitter_card":"summary_large_image","twitter_title":"GlareOne Air Glide 150 - statyw z k\u00f3lkami i amortyzacj\u0105 powietrzn\u0105","twitter_misc":{"Geschatte leestijd":"2 minuten"},"schema":{"@context":"https:\/\/schema.org","@graph":[{"@type":"WebPage","@id":"https:\/\/glareone.eu\/nl\/product\/glareone-air-glide-150\/","url":"https:\/\/glareone.eu\/nl\/product\/glareone-air-glide-150\/","name":"GlareOne Air Glide 150","isPartOf":{"@id":"https:\/\/glareone.eu\/nl\/en\/#website"},"primaryImageOfPage":{"@id":"https:\/\/glareone.eu\/nl\/product\/glareone-air-glide-150\/#primaryimage"},"image":{"@id":"https:\/\/glareone.eu\/nl\/product\/glareone-air-glide-150\/#primaryimage"},"thumbnailUrl":"https:\/\/glareone.eu\/wp-content\/uploads\/2024\/04\/SLSA150G_01-min.jpg","datePublished":"2024-04-18T19:26:40+00:00","dateModified":"2024-09-18T07:22:04+00:00","description":"GlareOne Air Glide 150 - Tweedelig, luchtgeveerd statief, plat op te zetten en voorzien van wielen.","breadcrumb":{"@id":"https:\/\/glareone.eu\/nl\/product\/glareone-air-glide-150\/#breadcrumb"},"inLanguage":"nl-NL","potentialAction":[{"@type":"ReadAction","target":["https:\/\/glareone.eu\/nl\/product\/glareone-air-glide-150\/"]}]},{"@type":"ImageObject","inLanguage":"nl-NL","@id":"https:\/\/glareone.eu\/nl\/product\/glareone-air-glide-150\/#primaryimage","url":"https:\/\/glareone.eu\/wp-content\/uploads\/2024\/04\/SLSA150G_01-min.jpg","contentUrl":"https:\/\/glareone.eu\/wp-content\/uploads\/2024\/04\/SLSA150G_01-min.jpg","width":1200,"height":1200},{"@type":"BreadcrumbList","@id":"https:\/\/glareone.eu\/nl\/product\/glareone-air-glide-150\/#breadcrumb","itemListElement":[{"@type":"ListItem","position":1,"name":"Strona g\u0142\u00f3wna","item":"https:\/\/glareone.eu\/nl\/"},{"@type":"ListItem","position":2,"name":"Alle producten","item":"https:\/\/glareone.eu\/nl\/producten\/alle-producten\/"},{"@type":"ListItem","position":3,"name":"GlareOne Air Glide 150"}]},{"@type":"WebSite","@id":"https:\/\/glareone.eu\/nl\/en\/#website","url":"https:\/\/glareone.eu\/nl\/en\/","name":"GlareOne","description":"Wyposa\u017cenie Studia","publisher":{"@id":"https:\/\/glareone.eu\/nl\/en\/#organization"},"potentialAction":[{"@type":"SearchAction","target":{"@type":"EntryPoint","urlTemplate":"https:\/\/glareone.eu\/nl\/en\/?s={search_term_string}"},"query-input":{"@type":"PropertyValueSpecification","valueRequired":true,"valueName":"search_term_string"}}],"inLanguage":"nl-NL"},{"@type":"Organization","@id":"https:\/\/glareone.eu\/nl\/en\/#organization","name":"GlareOne","url":"https:\/\/glareone.eu\/nl\/en\/","logo":{"@type":"ImageObject","inLanguage":"nl-NL","@id":"https:\/\/glareone.eu\/nl\/en\/#\/schema\/logo\/image\/","url":"http:\/\/glareone.eu\/wp-content\/uploads\/2024\/05\/glareone_logo2020_RGB-01-e1715773127189.png","contentUrl":"http:\/\/glareone.eu\/wp-content\/uploads\/2024\/05\/glareone_logo2020_RGB-01-e1715773127189.png","width":1270,"height":321,"caption":"GlareOne"},"image":{"@id":"https:\/\/glareone.eu\/nl\/en\/#\/schema\/logo\/image\/"},"sameAs":["https:\/\/www.facebook.com\/GlareOneLighting","https:\/\/www.instagram.com\/glareonelighting\/","https:\/\/www.youtube.com\/@GlareOneTV"]}]}},"_links":{"self":[{"href":"https:\/\/glareone.eu\/nl\/wp-json\/wp\/v2\/product\/13157","targetHints":{"allow":["GET"]}}],"collection":[{"href":"https:\/\/glareone.eu\/nl\/wp-json\/wp\/v2\/product"}],"about":[{"href":"https:\/\/glareone.eu\/nl\/wp-json\/wp\/v2\/types\/product"}],"wp:featuredmedia":[{"embeddable":true,"href":"https:\/\/glareone.eu\/nl\/wp-json\/wp\/v2\/media\/13138"}],"wp:attachment":[{"href":"https:\/\/glareone.eu\/nl\/wp-json\/wp\/v2\/media?parent=13157"}],"wp:term":[{"taxonomy":"product_brand","embeddable":true,"href":"https:\/\/glareone.eu\/nl\/wp-json\/wp\/v2\/product_brand?post=13157"},{"taxonomy":"product_cat","embeddable":true,"href":"https:\/\/glareone.eu\/nl\/wp-json\/wp\/v2\/product_cat?post=13157"},{"taxonomy":"product_tag","embeddable":true,"href":"https:\/\/glareone.eu\/nl\/wp-json\/wp\/v2\/product_tag?post=13157"}],"curies":[{"name":"wp","href":"https:\/\/api.w.org\/{rel}","templated":true}]}}