{"id":9082,"date":"2024-04-18T19:26:11","date_gmt":"2024-04-18T19:26:11","guid":{"rendered":"http:\/\/glareone.eu\/produkt\/glareone-trzpien-maly-meski-1-4-meski-3-8\/"},"modified":"2024-05-13T11:01:13","modified_gmt":"2024-05-13T11:01:13","slug":"glareone-spigot-small-male-1-4-male-3-8","status":"publish","type":"product","link":"https:\/\/glareone.eu\/de\/product\/glareone-spigot-small-male-1-4-male-3-8\/","title":{"rendered":"GlareOne Spigot Small Male 1\/4&#8243; &#8211; Male 3\/8&#8243;"},"content":{"rendered":"<p>Dieser 1\/4&#8243;-3\/8&#8243; universelle Bolzen von GlareOne erm\u00f6glicht es Ihnen, fotografisches Zubeh\u00f6r, einschlie\u00dflich Studiolampen, an verschiedenen Halterungen oder Armen zu befestigen und dient dazu, verschiedene Zubeh\u00f6rteile mit unterschiedlichen Buchsen zu verbinden.<\/p>\n<p>Das 1\/4&#8243;-Gewinde passt auf die meisten Kameras und Camcorder.<\/p>\n<p>Das 3\/8&#8243;-Gewinde wird am h\u00e4ufigsten in fotografischen K\u00f6pfen verwendet.<\/p>\n","protected":false},"excerpt":{"rendered":"<p>Dieser 1\/4&#8243;-3\/8&#8243; universelle Bolzen von GlareOne erm\u00f6glicht es Ihnen, fotografisches Zubeh\u00f6r, einschlie\u00dflich Studiolampen, an verschiedenen Halterungen oder Armen zu befestigen und dient dazu, verschiedene Zubeh\u00f6rteile mit unterschiedlichen Buchsen zu verbinden. Das 1\/4&#8243;-Gewinde passt auf die meisten Kameras und Camcorder. Das 3\/8&#8243;-Gewinde wird am h\u00e4ufigsten in fotografischen K\u00f6pfen verwendet.<\/p>\n","protected":false},"featured_media":9059,"template":"","meta":[],"product_brand":[],"product_cat":[445],"product_tag":[],"class_list":{"0":"post-9082","1":"product","2":"type-product","3":"status-publish","4":"has-post-thumbnail","6":"product_cat-zubehor-de","8":"first","9":"instock","10":"product-type-simple"},"yoast_head":"<!-- This site is optimized with the Yoast SEO plugin v27.2 - https:\/\/yoast.com\/product\/yoast-seo-wordpress\/ -->\n<title>GlareOne Trzpie\u0144 ma\u0142y m\u0119ski 1\/4&quot; - m\u0119ski 3\/8&quot;<\/title>\n<meta name=\"description\" content=\"GlareOne Trzpie\u0144 ma\u0142y m\u0119ski 1\/4&quot; - m\u0119ski 3\/8&quot;\" \/>\n<meta name=\"robots\" content=\"index, follow, max-snippet:-1, max-image-preview:large, max-video-preview:-1\" \/>\n<link rel=\"canonical\" href=\"https:\/\/glareone.eu\/de\/product\/glareone-spigot-small-male-1-4-male-3-8\/\" \/>\n<meta property=\"og:locale\" content=\"de_DE\" \/>\n<meta property=\"og:type\" content=\"article\" \/>\n<meta property=\"og:title\" content=\"GlareOne Trzpie\u0144 ma\u0142y m\u0119ski 1\/4&quot; - m\u0119ski 3\/8&quot;\" \/>\n<meta property=\"og:description\" content=\"GlareOne Trzpie\u0144 ma\u0142y m\u0119ski 1\/4&quot; - m\u0119ski 3\/8&quot;\" \/>\n<meta property=\"og:url\" content=\"https:\/\/glareone.eu\/de\/product\/glareone-spigot-small-male-1-4-male-3-8\/\" \/>\n<meta property=\"og:site_name\" content=\"GlareOne\" \/>\n<meta property=\"article:publisher\" content=\"https:\/\/www.facebook.com\/GlareOneLighting\" \/>\n<meta property=\"article:modified_time\" content=\"2024-05-13T11:01:13+00:00\" \/>\n<meta property=\"og:image\" content=\"https:\/\/glareone.eu\/wp-content\/uploads\/2024\/04\/SSAMM14M38_001.jpg\" \/>\n\t<meta property=\"og:image:width\" content=\"800\" \/>\n\t<meta property=\"og:image:height\" content=\"800\" \/>\n\t<meta property=\"og:image:type\" content=\"image\/jpeg\" \/>\n<meta name=\"twitter:card\" content=\"summary_large_image\" \/>\n<meta name=\"twitter:title\" content=\"GlareOne Trzpie\u0144 ma\u0142y m\u0119ski 1\/4&quot; - m\u0119ski 3\/8&quot;\" \/>\n<meta name=\"twitter:label1\" content=\"Gesch\u00e4tzte Lesezeit\" \/>\n\t<meta name=\"twitter:data1\" content=\"1\u00a0Minute\" \/>\n<script type=\"application\/ld+json\" class=\"yoast-schema-graph\">{\"@context\":\"https:\/\/schema.org\",\"@graph\":[{\"@type\":\"WebPage\",\"@id\":\"https:\/\/glareone.eu\/de\/product\/glareone-spigot-small-male-1-4-male-3-8\/\",\"url\":\"https:\/\/glareone.eu\/de\/product\/glareone-spigot-small-male-1-4-male-3-8\/\",\"name\":\"GlareOne Trzpie\u0144 ma\u0142y m\u0119ski 1\/4\\\" - m\u0119ski 3\/8\\\"\",\"isPartOf\":{\"@id\":\"https:\/\/glareone.eu\/de\/en\/#website\"},\"primaryImageOfPage\":{\"@id\":\"https:\/\/glareone.eu\/de\/product\/glareone-spigot-small-male-1-4-male-3-8\/#primaryimage\"},\"image\":{\"@id\":\"https:\/\/glareone.eu\/de\/product\/glareone-spigot-small-male-1-4-male-3-8\/#primaryimage\"},\"thumbnailUrl\":\"https:\/\/glareone.eu\/wp-content\/uploads\/2024\/04\/SSAMM14M38_001.jpg\",\"datePublished\":\"2024-04-18T19:26:11+00:00\",\"dateModified\":\"2024-05-13T11:01:13+00:00\",\"description\":\"GlareOne Trzpie\u0144 ma\u0142y m\u0119ski 1\/4\\\" - m\u0119ski 3\/8\\\"\",\"breadcrumb\":{\"@id\":\"https:\/\/glareone.eu\/de\/product\/glareone-spigot-small-male-1-4-male-3-8\/#breadcrumb\"},\"inLanguage\":\"de\",\"potentialAction\":[{\"@type\":\"ReadAction\",\"target\":[\"https:\/\/glareone.eu\/de\/product\/glareone-spigot-small-male-1-4-male-3-8\/\"]}]},{\"@type\":\"ImageObject\",\"inLanguage\":\"de\",\"@id\":\"https:\/\/glareone.eu\/de\/product\/glareone-spigot-small-male-1-4-male-3-8\/#primaryimage\",\"url\":\"https:\/\/glareone.eu\/wp-content\/uploads\/2024\/04\/SSAMM14M38_001.jpg\",\"contentUrl\":\"https:\/\/glareone.eu\/wp-content\/uploads\/2024\/04\/SSAMM14M38_001.jpg\",\"width\":800,\"height\":800},{\"@type\":\"BreadcrumbList\",\"@id\":\"https:\/\/glareone.eu\/de\/product\/glareone-spigot-small-male-1-4-male-3-8\/#breadcrumb\",\"itemListElement\":[{\"@type\":\"ListItem\",\"position\":1,\"name\":\"Strona g\u0142\u00f3wna\",\"item\":\"https:\/\/glareone.eu\/de\/\"},{\"@type\":\"ListItem\",\"position\":2,\"name\":\"Alle Produkte\",\"item\":\"https:\/\/glareone.eu\/de\/produkte\/alle-produkte\/\"},{\"@type\":\"ListItem\",\"position\":3,\"name\":\"GlareOne Spigot Small Male 1\/4&#8243; &#8211; Male 3\/8&#8243;\"}]},{\"@type\":\"WebSite\",\"@id\":\"https:\/\/glareone.eu\/de\/en\/#website\",\"url\":\"https:\/\/glareone.eu\/de\/en\/\",\"name\":\"GlareOne\",\"description\":\"Wyposa\u017cenie Studia\",\"publisher\":{\"@id\":\"https:\/\/glareone.eu\/de\/en\/#organization\"},\"potentialAction\":[{\"@type\":\"SearchAction\",\"target\":{\"@type\":\"EntryPoint\",\"urlTemplate\":\"https:\/\/glareone.eu\/de\/en\/?s={search_term_string}\"},\"query-input\":{\"@type\":\"PropertyValueSpecification\",\"valueRequired\":true,\"valueName\":\"search_term_string\"}}],\"inLanguage\":\"de\"},{\"@type\":\"Organization\",\"@id\":\"https:\/\/glareone.eu\/de\/en\/#organization\",\"name\":\"GlareOne\",\"url\":\"https:\/\/glareone.eu\/de\/en\/\",\"logo\":{\"@type\":\"ImageObject\",\"inLanguage\":\"de\",\"@id\":\"https:\/\/glareone.eu\/de\/en\/#\/schema\/logo\/image\/\",\"url\":\"http:\/\/glareone.eu\/wp-content\/uploads\/2024\/05\/glareone_logo2020_RGB-01-e1715773127189.png\",\"contentUrl\":\"http:\/\/glareone.eu\/wp-content\/uploads\/2024\/05\/glareone_logo2020_RGB-01-e1715773127189.png\",\"width\":1270,\"height\":321,\"caption\":\"GlareOne\"},\"image\":{\"@id\":\"https:\/\/glareone.eu\/de\/en\/#\/schema\/logo\/image\/\"},\"sameAs\":[\"https:\/\/www.facebook.com\/GlareOneLighting\",\"https:\/\/www.instagram.com\/glareonelighting\/\",\"https:\/\/www.youtube.com\/@GlareOneTV\"]}]}<\/script>\n<!-- \/ Yoast SEO plugin. -->","yoast_head_json":{"title":"GlareOne Trzpie\u0144 ma\u0142y m\u0119ski 1\/4\" - m\u0119ski 3\/8\"","description":"GlareOne Trzpie\u0144 ma\u0142y m\u0119ski 1\/4\" - m\u0119ski 3\/8\"","robots":{"index":"index","follow":"follow","max-snippet":"max-snippet:-1","max-image-preview":"max-image-preview:large","max-video-preview":"max-video-preview:-1"},"canonical":"https:\/\/glareone.eu\/de\/product\/glareone-spigot-small-male-1-4-male-3-8\/","og_locale":"de_DE","og_type":"article","og_title":"GlareOne Trzpie\u0144 ma\u0142y m\u0119ski 1\/4\" - m\u0119ski 3\/8\"","og_description":"GlareOne Trzpie\u0144 ma\u0142y m\u0119ski 1\/4\" - m\u0119ski 3\/8\"","og_url":"https:\/\/glareone.eu\/de\/product\/glareone-spigot-small-male-1-4-male-3-8\/","og_site_name":"GlareOne","article_publisher":"https:\/\/www.facebook.com\/GlareOneLighting","article_modified_time":"2024-05-13T11:01:13+00:00","og_image":[{"width":800,"height":800,"url":"https:\/\/glareone.eu\/wp-content\/uploads\/2024\/04\/SSAMM14M38_001.jpg","type":"image\/jpeg"}],"twitter_card":"summary_large_image","twitter_title":"GlareOne Trzpie\u0144 ma\u0142y m\u0119ski 1\/4\" - m\u0119ski 3\/8\"","twitter_misc":{"Gesch\u00e4tzte Lesezeit":"1\u00a0Minute"},"schema":{"@context":"https:\/\/schema.org","@graph":[{"@type":"WebPage","@id":"https:\/\/glareone.eu\/de\/product\/glareone-spigot-small-male-1-4-male-3-8\/","url":"https:\/\/glareone.eu\/de\/product\/glareone-spigot-small-male-1-4-male-3-8\/","name":"GlareOne Trzpie\u0144 ma\u0142y m\u0119ski 1\/4\" - m\u0119ski 3\/8\"","isPartOf":{"@id":"https:\/\/glareone.eu\/de\/en\/#website"},"primaryImageOfPage":{"@id":"https:\/\/glareone.eu\/de\/product\/glareone-spigot-small-male-1-4-male-3-8\/#primaryimage"},"image":{"@id":"https:\/\/glareone.eu\/de\/product\/glareone-spigot-small-male-1-4-male-3-8\/#primaryimage"},"thumbnailUrl":"https:\/\/glareone.eu\/wp-content\/uploads\/2024\/04\/SSAMM14M38_001.jpg","datePublished":"2024-04-18T19:26:11+00:00","dateModified":"2024-05-13T11:01:13+00:00","description":"GlareOne Trzpie\u0144 ma\u0142y m\u0119ski 1\/4\" - m\u0119ski 3\/8\"","breadcrumb":{"@id":"https:\/\/glareone.eu\/de\/product\/glareone-spigot-small-male-1-4-male-3-8\/#breadcrumb"},"inLanguage":"de","potentialAction":[{"@type":"ReadAction","target":["https:\/\/glareone.eu\/de\/product\/glareone-spigot-small-male-1-4-male-3-8\/"]}]},{"@type":"ImageObject","inLanguage":"de","@id":"https:\/\/glareone.eu\/de\/product\/glareone-spigot-small-male-1-4-male-3-8\/#primaryimage","url":"https:\/\/glareone.eu\/wp-content\/uploads\/2024\/04\/SSAMM14M38_001.jpg","contentUrl":"https:\/\/glareone.eu\/wp-content\/uploads\/2024\/04\/SSAMM14M38_001.jpg","width":800,"height":800},{"@type":"BreadcrumbList","@id":"https:\/\/glareone.eu\/de\/product\/glareone-spigot-small-male-1-4-male-3-8\/#breadcrumb","itemListElement":[{"@type":"ListItem","position":1,"name":"Strona g\u0142\u00f3wna","item":"https:\/\/glareone.eu\/de\/"},{"@type":"ListItem","position":2,"name":"Alle Produkte","item":"https:\/\/glareone.eu\/de\/produkte\/alle-produkte\/"},{"@type":"ListItem","position":3,"name":"GlareOne Spigot Small Male 1\/4&#8243; &#8211; Male 3\/8&#8243;"}]},{"@type":"WebSite","@id":"https:\/\/glareone.eu\/de\/en\/#website","url":"https:\/\/glareone.eu\/de\/en\/","name":"GlareOne","description":"Wyposa\u017cenie Studia","publisher":{"@id":"https:\/\/glareone.eu\/de\/en\/#organization"},"potentialAction":[{"@type":"SearchAction","target":{"@type":"EntryPoint","urlTemplate":"https:\/\/glareone.eu\/de\/en\/?s={search_term_string}"},"query-input":{"@type":"PropertyValueSpecification","valueRequired":true,"valueName":"search_term_string"}}],"inLanguage":"de"},{"@type":"Organization","@id":"https:\/\/glareone.eu\/de\/en\/#organization","name":"GlareOne","url":"https:\/\/glareone.eu\/de\/en\/","logo":{"@type":"ImageObject","inLanguage":"de","@id":"https:\/\/glareone.eu\/de\/en\/#\/schema\/logo\/image\/","url":"http:\/\/glareone.eu\/wp-content\/uploads\/2024\/05\/glareone_logo2020_RGB-01-e1715773127189.png","contentUrl":"http:\/\/glareone.eu\/wp-content\/uploads\/2024\/05\/glareone_logo2020_RGB-01-e1715773127189.png","width":1270,"height":321,"caption":"GlareOne"},"image":{"@id":"https:\/\/glareone.eu\/de\/en\/#\/schema\/logo\/image\/"},"sameAs":["https:\/\/www.facebook.com\/GlareOneLighting","https:\/\/www.instagram.com\/glareonelighting\/","https:\/\/www.youtube.com\/@GlareOneTV"]}]}},"_links":{"self":[{"href":"https:\/\/glareone.eu\/de\/wp-json\/wp\/v2\/product\/9082","targetHints":{"allow":["GET"]}}],"collection":[{"href":"https:\/\/glareone.eu\/de\/wp-json\/wp\/v2\/product"}],"about":[{"href":"https:\/\/glareone.eu\/de\/wp-json\/wp\/v2\/types\/product"}],"wp:featuredmedia":[{"embeddable":true,"href":"https:\/\/glareone.eu\/de\/wp-json\/wp\/v2\/media\/9059"}],"wp:attachment":[{"href":"https:\/\/glareone.eu\/de\/wp-json\/wp\/v2\/media?parent=9082"}],"wp:term":[{"taxonomy":"product_brand","embeddable":true,"href":"https:\/\/glareone.eu\/de\/wp-json\/wp\/v2\/product_brand?post=9082"},{"taxonomy":"product_cat","embeddable":true,"href":"https:\/\/glareone.eu\/de\/wp-json\/wp\/v2\/product_cat?post=9082"},{"taxonomy":"product_tag","embeddable":true,"href":"https:\/\/glareone.eu\/de\/wp-json\/wp\/v2\/product_tag?post=9082"}],"curies":[{"name":"wp","href":"https:\/\/api.w.org\/{rel}","templated":true}]}}