{"id":8845,"date":"2024-04-18T19:26:14","date_gmt":"2024-04-18T19:26:14","guid":{"rendered":"http:\/\/glareone.eu\/produkt\/glareone-snoot-strumienica-z-plastrem-miodu-i-4-filtrami\/"},"modified":"2024-05-13T10:04:01","modified_gmt":"2024-05-13T10:04:01","slug":"glareone-snoot-with-grid-and-4-filters","status":"publish","type":"product","link":"https:\/\/glareone.eu\/de\/product\/glareone-snoot-with-grid-and-4-filters\/","title":{"rendered":"GlareOne Snoot with grid and 4 filters"},"content":{"rendered":"<p>Der Lichtstrahl wird in der Regel f\u00fcr spezielle Aufgaben verwendet. Er wird in der Produkt- und Portr\u00e4tfotografie eingesetzt, um den Hintergrund, Figuren, Gesichter und Haare zu beleuchten. Beim Beleuchten des Gesichts ist zu erkennen, dass nur ein kleiner Teil des Rahmens beleuchtet wird, was durch ein kleines Austrittsloch verursacht wird.<\/p>\n<p>Ein wichtiges Merkmal des Produkts ist seine R\u00fcckenkonstruktion, die eine ausreichende Bel\u00fcftung f\u00fcr die Lampenfackel und das Modellierlicht bietet. Dadurch erhitzt sich der Strahler nicht so stark wie andere Produkte dieser Art.<\/p>\n<p>Der endg\u00fcltige Effekt des Modifikators kann durch die Verwendung der mitgelieferten Zubeh\u00f6rteile ver\u00e4ndert werden:<\/p>\n<ul>\n<li>Gitter &#8211; zur Lenkung des Lichts<\/li>\n<li>Farbfilter &#8211; um die gew\u00fcnschte Lichtfarbe zu erhalten<\/li>\n<\/ul>\n","protected":false},"excerpt":{"rendered":"<p>Der Lichtstrahl wird in der Regel f\u00fcr spezielle Aufgaben verwendet. Er wird in der Produkt- und Portr\u00e4tfotografie eingesetzt, um den Hintergrund, Figuren, Gesichter und Haare zu beleuchten. Beim Beleuchten des Gesichts ist zu erkennen, dass nur ein kleiner Teil des Rahmens beleuchtet wird, was durch ein kleines Austrittsloch verursacht wird. Ein wichtiges Merkmal des Produkts [&hellip;]<\/p>\n","protected":false},"featured_media":8822,"template":"","meta":[],"product_brand":[],"product_cat":[489],"product_tag":[],"class_list":{"0":"post-8845","1":"product","2":"type-product","3":"status-publish","4":"has-post-thumbnail","6":"product_cat-reflectors-de","8":"first","9":"instock","10":"product-type-simple"},"yoast_head":"<!-- This site is optimized with the Yoast SEO plugin v27.4 - https:\/\/yoast.com\/product\/yoast-seo-wordpress\/ -->\n<title>GlareOne Snoot - strumienica z plastrem miodu i 4 filtrami<\/title>\n<meta name=\"description\" content=\"GlareOne Snoot - strumienica z plastrem miodu i 4 filtrami\" \/>\n<meta name=\"robots\" content=\"index, follow, max-snippet:-1, max-image-preview:large, max-video-preview:-1\" \/>\n<link rel=\"canonical\" href=\"https:\/\/glareone.eu\/de\/product\/glareone-snoot-with-grid-and-4-filters\/\" \/>\n<meta property=\"og:locale\" content=\"de_DE\" \/>\n<meta property=\"og:type\" content=\"article\" \/>\n<meta property=\"og:title\" content=\"GlareOne Snoot - strumienica z plastrem miodu i 4 filtrami\" \/>\n<meta property=\"og:description\" content=\"GlareOne Snoot - strumienica z plastrem miodu i 4 filtrami\" \/>\n<meta property=\"og:url\" content=\"https:\/\/glareone.eu\/de\/product\/glareone-snoot-with-grid-and-4-filters\/\" \/>\n<meta property=\"og:site_name\" content=\"GlareOne\" \/>\n<meta property=\"article:publisher\" content=\"https:\/\/www.facebook.com\/GlareOneLighting\" \/>\n<meta property=\"article:modified_time\" content=\"2024-05-13T10:04:01+00:00\" \/>\n<meta property=\"og:image\" content=\"https:\/\/glareone.eu\/wp-content\/uploads\/2024\/04\/SSNOOTBW_001.jpg\" \/>\n\t<meta property=\"og:image:width\" content=\"1000\" \/>\n\t<meta property=\"og:image:height\" content=\"1000\" \/>\n\t<meta property=\"og:image:type\" content=\"image\/jpeg\" \/>\n<meta name=\"twitter:card\" content=\"summary_large_image\" \/>\n<meta name=\"twitter:title\" content=\"GlareOne Snoot - strumienica z plastrem miodu i 4 filtrami\" \/>\n<meta name=\"twitter:label1\" content=\"Gesch\u00e4tzte Lesezeit\" \/>\n\t<meta name=\"twitter:data1\" content=\"1\u00a0Minute\" \/>\n<script type=\"application\/ld+json\" class=\"yoast-schema-graph\">{\"@context\":\"https:\\\/\\\/schema.org\",\"@graph\":[{\"@type\":\"WebPage\",\"@id\":\"https:\\\/\\\/glareone.eu\\\/de\\\/product\\\/glareone-snoot-with-grid-and-4-filters\\\/\",\"url\":\"https:\\\/\\\/glareone.eu\\\/de\\\/product\\\/glareone-snoot-with-grid-and-4-filters\\\/\",\"name\":\"GlareOne Snoot - strumienica z plastrem miodu i 4 filtrami\",\"isPartOf\":{\"@id\":\"https:\\\/\\\/glareone.eu\\\/de\\\/en\\\/#website\"},\"primaryImageOfPage\":{\"@id\":\"https:\\\/\\\/glareone.eu\\\/de\\\/product\\\/glareone-snoot-with-grid-and-4-filters\\\/#primaryimage\"},\"image\":{\"@id\":\"https:\\\/\\\/glareone.eu\\\/de\\\/product\\\/glareone-snoot-with-grid-and-4-filters\\\/#primaryimage\"},\"thumbnailUrl\":\"https:\\\/\\\/glareone.eu\\\/wp-content\\\/uploads\\\/2024\\\/04\\\/SSNOOTBW_001.jpg\",\"datePublished\":\"2024-04-18T19:26:14+00:00\",\"dateModified\":\"2024-05-13T10:04:01+00:00\",\"description\":\"GlareOne Snoot - strumienica z plastrem miodu i 4 filtrami\",\"breadcrumb\":{\"@id\":\"https:\\\/\\\/glareone.eu\\\/de\\\/product\\\/glareone-snoot-with-grid-and-4-filters\\\/#breadcrumb\"},\"inLanguage\":\"de\",\"potentialAction\":[{\"@type\":\"ReadAction\",\"target\":[\"https:\\\/\\\/glareone.eu\\\/de\\\/product\\\/glareone-snoot-with-grid-and-4-filters\\\/\"]}]},{\"@type\":\"ImageObject\",\"inLanguage\":\"de\",\"@id\":\"https:\\\/\\\/glareone.eu\\\/de\\\/product\\\/glareone-snoot-with-grid-and-4-filters\\\/#primaryimage\",\"url\":\"https:\\\/\\\/glareone.eu\\\/wp-content\\\/uploads\\\/2024\\\/04\\\/SSNOOTBW_001.jpg\",\"contentUrl\":\"https:\\\/\\\/glareone.eu\\\/wp-content\\\/uploads\\\/2024\\\/04\\\/SSNOOTBW_001.jpg\",\"width\":1000,\"height\":1000},{\"@type\":\"BreadcrumbList\",\"@id\":\"https:\\\/\\\/glareone.eu\\\/de\\\/product\\\/glareone-snoot-with-grid-and-4-filters\\\/#breadcrumb\",\"itemListElement\":[{\"@type\":\"ListItem\",\"position\":1,\"name\":\"Strona g\u0142\u00f3wna\",\"item\":\"https:\\\/\\\/glareone.eu\\\/de\\\/\"},{\"@type\":\"ListItem\",\"position\":2,\"name\":\"Alle Produkte\",\"item\":\"https:\\\/\\\/glareone.eu\\\/de\\\/produkte\\\/alle-produkte\\\/\"},{\"@type\":\"ListItem\",\"position\":3,\"name\":\"GlareOne Snoot with grid and 4 filters\"}]},{\"@type\":\"WebSite\",\"@id\":\"https:\\\/\\\/glareone.eu\\\/de\\\/en\\\/#website\",\"url\":\"https:\\\/\\\/glareone.eu\\\/de\\\/en\\\/\",\"name\":\"GlareOne\",\"description\":\"Wyposa\u017cenie Studia\",\"publisher\":{\"@id\":\"https:\\\/\\\/glareone.eu\\\/de\\\/en\\\/#organization\"},\"potentialAction\":[{\"@type\":\"SearchAction\",\"target\":{\"@type\":\"EntryPoint\",\"urlTemplate\":\"https:\\\/\\\/glareone.eu\\\/de\\\/en\\\/?s={search_term_string}\"},\"query-input\":{\"@type\":\"PropertyValueSpecification\",\"valueRequired\":true,\"valueName\":\"search_term_string\"}}],\"inLanguage\":\"de\"},{\"@type\":\"Organization\",\"@id\":\"https:\\\/\\\/glareone.eu\\\/de\\\/en\\\/#organization\",\"name\":\"GlareOne\",\"url\":\"https:\\\/\\\/glareone.eu\\\/de\\\/en\\\/\",\"logo\":{\"@type\":\"ImageObject\",\"inLanguage\":\"de\",\"@id\":\"https:\\\/\\\/glareone.eu\\\/de\\\/en\\\/#\\\/schema\\\/logo\\\/image\\\/\",\"url\":\"http:\\\/\\\/glareone.eu\\\/wp-content\\\/uploads\\\/2024\\\/05\\\/glareone_logo2020_RGB-01-e1715773127189.png\",\"contentUrl\":\"http:\\\/\\\/glareone.eu\\\/wp-content\\\/uploads\\\/2024\\\/05\\\/glareone_logo2020_RGB-01-e1715773127189.png\",\"width\":1270,\"height\":321,\"caption\":\"GlareOne\"},\"image\":{\"@id\":\"https:\\\/\\\/glareone.eu\\\/de\\\/en\\\/#\\\/schema\\\/logo\\\/image\\\/\"},\"sameAs\":[\"https:\\\/\\\/www.facebook.com\\\/GlareOneLighting\",\"https:\\\/\\\/www.instagram.com\\\/glareonelighting\\\/\",\"https:\\\/\\\/www.youtube.com\\\/@GlareOneTV\"]}]}<\/script>\n<!-- \/ Yoast SEO plugin. -->","yoast_head_json":{"title":"GlareOne Snoot - strumienica z plastrem miodu i 4 filtrami","description":"GlareOne Snoot - strumienica z plastrem miodu i 4 filtrami","robots":{"index":"index","follow":"follow","max-snippet":"max-snippet:-1","max-image-preview":"max-image-preview:large","max-video-preview":"max-video-preview:-1"},"canonical":"https:\/\/glareone.eu\/de\/product\/glareone-snoot-with-grid-and-4-filters\/","og_locale":"de_DE","og_type":"article","og_title":"GlareOne Snoot - strumienica z plastrem miodu i 4 filtrami","og_description":"GlareOne Snoot - strumienica z plastrem miodu i 4 filtrami","og_url":"https:\/\/glareone.eu\/de\/product\/glareone-snoot-with-grid-and-4-filters\/","og_site_name":"GlareOne","article_publisher":"https:\/\/www.facebook.com\/GlareOneLighting","article_modified_time":"2024-05-13T10:04:01+00:00","og_image":[{"width":1000,"height":1000,"url":"https:\/\/glareone.eu\/wp-content\/uploads\/2024\/04\/SSNOOTBW_001.jpg","type":"image\/jpeg"}],"twitter_card":"summary_large_image","twitter_title":"GlareOne Snoot - strumienica z plastrem miodu i 4 filtrami","twitter_misc":{"Gesch\u00e4tzte Lesezeit":"1\u00a0Minute"},"schema":{"@context":"https:\/\/schema.org","@graph":[{"@type":"WebPage","@id":"https:\/\/glareone.eu\/de\/product\/glareone-snoot-with-grid-and-4-filters\/","url":"https:\/\/glareone.eu\/de\/product\/glareone-snoot-with-grid-and-4-filters\/","name":"GlareOne Snoot - strumienica z plastrem miodu i 4 filtrami","isPartOf":{"@id":"https:\/\/glareone.eu\/de\/en\/#website"},"primaryImageOfPage":{"@id":"https:\/\/glareone.eu\/de\/product\/glareone-snoot-with-grid-and-4-filters\/#primaryimage"},"image":{"@id":"https:\/\/glareone.eu\/de\/product\/glareone-snoot-with-grid-and-4-filters\/#primaryimage"},"thumbnailUrl":"https:\/\/glareone.eu\/wp-content\/uploads\/2024\/04\/SSNOOTBW_001.jpg","datePublished":"2024-04-18T19:26:14+00:00","dateModified":"2024-05-13T10:04:01+00:00","description":"GlareOne Snoot - strumienica z plastrem miodu i 4 filtrami","breadcrumb":{"@id":"https:\/\/glareone.eu\/de\/product\/glareone-snoot-with-grid-and-4-filters\/#breadcrumb"},"inLanguage":"de","potentialAction":[{"@type":"ReadAction","target":["https:\/\/glareone.eu\/de\/product\/glareone-snoot-with-grid-and-4-filters\/"]}]},{"@type":"ImageObject","inLanguage":"de","@id":"https:\/\/glareone.eu\/de\/product\/glareone-snoot-with-grid-and-4-filters\/#primaryimage","url":"https:\/\/glareone.eu\/wp-content\/uploads\/2024\/04\/SSNOOTBW_001.jpg","contentUrl":"https:\/\/glareone.eu\/wp-content\/uploads\/2024\/04\/SSNOOTBW_001.jpg","width":1000,"height":1000},{"@type":"BreadcrumbList","@id":"https:\/\/glareone.eu\/de\/product\/glareone-snoot-with-grid-and-4-filters\/#breadcrumb","itemListElement":[{"@type":"ListItem","position":1,"name":"Strona g\u0142\u00f3wna","item":"https:\/\/glareone.eu\/de\/"},{"@type":"ListItem","position":2,"name":"Alle Produkte","item":"https:\/\/glareone.eu\/de\/produkte\/alle-produkte\/"},{"@type":"ListItem","position":3,"name":"GlareOne Snoot with grid and 4 filters"}]},{"@type":"WebSite","@id":"https:\/\/glareone.eu\/de\/en\/#website","url":"https:\/\/glareone.eu\/de\/en\/","name":"GlareOne","description":"Wyposa\u017cenie Studia","publisher":{"@id":"https:\/\/glareone.eu\/de\/en\/#organization"},"potentialAction":[{"@type":"SearchAction","target":{"@type":"EntryPoint","urlTemplate":"https:\/\/glareone.eu\/de\/en\/?s={search_term_string}"},"query-input":{"@type":"PropertyValueSpecification","valueRequired":true,"valueName":"search_term_string"}}],"inLanguage":"de"},{"@type":"Organization","@id":"https:\/\/glareone.eu\/de\/en\/#organization","name":"GlareOne","url":"https:\/\/glareone.eu\/de\/en\/","logo":{"@type":"ImageObject","inLanguage":"de","@id":"https:\/\/glareone.eu\/de\/en\/#\/schema\/logo\/image\/","url":"http:\/\/glareone.eu\/wp-content\/uploads\/2024\/05\/glareone_logo2020_RGB-01-e1715773127189.png","contentUrl":"http:\/\/glareone.eu\/wp-content\/uploads\/2024\/05\/glareone_logo2020_RGB-01-e1715773127189.png","width":1270,"height":321,"caption":"GlareOne"},"image":{"@id":"https:\/\/glareone.eu\/de\/en\/#\/schema\/logo\/image\/"},"sameAs":["https:\/\/www.facebook.com\/GlareOneLighting","https:\/\/www.instagram.com\/glareonelighting\/","https:\/\/www.youtube.com\/@GlareOneTV"]}]}},"_links":{"self":[{"href":"https:\/\/glareone.eu\/de\/wp-json\/wp\/v2\/product\/8845","targetHints":{"allow":["GET"]}}],"collection":[{"href":"https:\/\/glareone.eu\/de\/wp-json\/wp\/v2\/product"}],"about":[{"href":"https:\/\/glareone.eu\/de\/wp-json\/wp\/v2\/types\/product"}],"wp:featuredmedia":[{"embeddable":true,"href":"https:\/\/glareone.eu\/de\/wp-json\/wp\/v2\/media\/8822"}],"wp:attachment":[{"href":"https:\/\/glareone.eu\/de\/wp-json\/wp\/v2\/media?parent=8845"}],"wp:term":[{"taxonomy":"product_brand","embeddable":true,"href":"https:\/\/glareone.eu\/de\/wp-json\/wp\/v2\/product_brand?post=8845"},{"taxonomy":"product_cat","embeddable":true,"href":"https:\/\/glareone.eu\/de\/wp-json\/wp\/v2\/product_cat?post=8845"},{"taxonomy":"product_tag","embeddable":true,"href":"https:\/\/glareone.eu\/de\/wp-json\/wp\/v2\/product_tag?post=8845"}],"curies":[{"name":"wp","href":"https:\/\/api.w.org\/{rel}","templated":true}]}}