{"id":8694,"date":"2024-04-18T19:26:20","date_gmt":"2024-04-18T19:26:20","guid":{"rendered":"http:\/\/glareone.eu\/produkt\/glareone-mini-glowica-z-goraca-stopka\/"},"modified":"2024-05-13T08:26:53","modified_gmt":"2024-05-13T08:26:53","slug":"glareone-mini-ballhead","status":"publish","type":"product","link":"https:\/\/glareone.eu\/de\/product\/glareone-mini-ballhead\/","title":{"rendered":"GlareOne Mini Ballhead"},"content":{"rendered":"<p>Der GlareOne Mini-Kugelkopf ist ein kleiner Kugelkopf, der in jedem Fotografen- oder Filmstudio n\u00fctzlich sein wird. Er erm\u00f6glicht es Ihnen, zus\u00e4tzliches Licht direkt an der Kamera oder am Camcorder zu montieren, das LED-Panel auf dem Stativ einzubetten oder eine zus\u00e4tzliche Action-Kamera anzubringen und dabei deren Position anzupassen. Es gibt viele m\u00f6gliche Anwendungen f\u00fcr diesen Kopf.<\/p>\n<p>Der Kopf ist mit einem abschraubbaren Adapter ausgestattet, so dass er direkt an den Zubeh\u00f6rschuh fast aller DSLR-Kameras, spiegellosen Kameras und Videokameras befestigt werden kann. Neben dem Fu\u00dfadapter stehen zwei 1\/4&#8243;-20 Montagegewinde (m\u00e4nnlich und weiblich) zur Verf\u00fcgung, dank denen der Kopf an nahezu jedes Stativ angebracht werden kann.<\/p>\n<p>Der GlareOne Mini-Kugelkopf ist aus Metall gefertigt, was eine hohe Haltbarkeit gew\u00e4hrleistet. Die maximale Tragf\u00e4higkeit betr\u00e4gt etwa 500 g. Die Kugel ist mit einer Positionsklemme und einem vertikalen Positionsverriegelung ausgestattet.<\/p>\n<h3>Produktmerkmale:<\/h3>\n<ul>\n<li>Einfach zu bedienender und kompakter Kugelkopf zur Befestigung von Lichtzubeh\u00f6r<\/li>\n<li>Kann mit DSLR-Kameras, spiegellosen Kameras und Camcordern verwendet werden<\/li>\n<li>Passt auch auf Stative, einschlie\u00dflich Studiostative<\/li>\n<li>Ausgestattet mit einer Kugelpositionssperre<\/li>\n<li>Hat einen gro\u00dfen vertikalen Verstellbereich: -90\u00b0\/+40\u00b0<\/li>\n<li>Zwei integrierte Montagepunkte 1\/4&#8243;-20 (m\u00e4nnlich und weiblich)<\/li>\n<li>Wird mit einem Cold-Shoe-Adapter geliefert<\/li>\n<\/ul>\n","protected":false},"excerpt":{"rendered":"<p>Der GlareOne Mini-Kugelkopf ist ein kleiner Kugelkopf, der in jedem Fotografen- oder Filmstudio n\u00fctzlich sein wird. Er erm\u00f6glicht es Ihnen, zus\u00e4tzliches Licht direkt an der Kamera oder am Camcorder zu montieren, das LED-Panel auf dem Stativ einzubetten oder eine zus\u00e4tzliche Action-Kamera anzubringen und dabei deren Position anzupassen. Es gibt viele m\u00f6gliche Anwendungen f\u00fcr diesen Kopf. [&hellip;]<\/p>\n","protected":false},"featured_media":8683,"template":"","meta":[],"product_brand":[],"product_cat":[445],"product_tag":[],"class_list":{"0":"post-8694","1":"product","2":"type-product","3":"status-publish","4":"has-post-thumbnail","6":"product_cat-zubehor-de","8":"first","9":"instock","10":"product-type-simple"},"yoast_head":"<!-- This site is optimized with the Yoast SEO plugin v27.2 - https:\/\/yoast.com\/product\/yoast-seo-wordpress\/ -->\n<title>GlareOne Mini g\u0142owica z gor\u0105c\u0105 stopk\u0105<\/title>\n<meta name=\"description\" content=\"GlareOne Mini g\u0142owica z gor\u0105c\u0105 stopk\u0105\" \/>\n<meta name=\"robots\" content=\"index, follow, max-snippet:-1, max-image-preview:large, max-video-preview:-1\" \/>\n<link rel=\"canonical\" href=\"https:\/\/glareone.eu\/de\/product\/glareone-mini-ballhead\/\" \/>\n<meta property=\"og:locale\" content=\"de_DE\" \/>\n<meta property=\"og:type\" content=\"article\" \/>\n<meta property=\"og:title\" content=\"GlareOne Mini g\u0142owica z gor\u0105c\u0105 stopk\u0105\" \/>\n<meta property=\"og:description\" content=\"GlareOne Mini g\u0142owica z gor\u0105c\u0105 stopk\u0105\" \/>\n<meta property=\"og:url\" content=\"https:\/\/glareone.eu\/de\/product\/glareone-mini-ballhead\/\" \/>\n<meta property=\"og:site_name\" content=\"GlareOne\" \/>\n<meta property=\"article:publisher\" content=\"https:\/\/www.facebook.com\/GlareOneLighting\" \/>\n<meta property=\"article:modified_time\" content=\"2024-05-13T08:26:53+00:00\" \/>\n<meta property=\"og:image\" content=\"https:\/\/glareone.eu\/wp-content\/uploads\/2024\/04\/SBMIN2-02.jpg\" \/>\n\t<meta property=\"og:image:width\" content=\"1000\" \/>\n\t<meta property=\"og:image:height\" content=\"1000\" \/>\n\t<meta property=\"og:image:type\" content=\"image\/jpeg\" \/>\n<meta name=\"twitter:card\" content=\"summary_large_image\" \/>\n<meta name=\"twitter:title\" content=\"GlareOne Mini g\u0142owica z gor\u0105c\u0105 stopk\u0105\" \/>\n<meta name=\"twitter:label1\" content=\"Gesch\u00e4tzte Lesezeit\" \/>\n\t<meta name=\"twitter:data1\" content=\"2\u00a0Minuten\" \/>\n<script type=\"application\/ld+json\" class=\"yoast-schema-graph\">{\"@context\":\"https:\/\/schema.org\",\"@graph\":[{\"@type\":\"WebPage\",\"@id\":\"https:\/\/glareone.eu\/de\/product\/glareone-mini-ballhead\/\",\"url\":\"https:\/\/glareone.eu\/de\/product\/glareone-mini-ballhead\/\",\"name\":\"GlareOne Mini g\u0142owica z gor\u0105c\u0105 stopk\u0105\",\"isPartOf\":{\"@id\":\"https:\/\/glareone.eu\/de\/en\/#website\"},\"primaryImageOfPage\":{\"@id\":\"https:\/\/glareone.eu\/de\/product\/glareone-mini-ballhead\/#primaryimage\"},\"image\":{\"@id\":\"https:\/\/glareone.eu\/de\/product\/glareone-mini-ballhead\/#primaryimage\"},\"thumbnailUrl\":\"https:\/\/glareone.eu\/wp-content\/uploads\/2024\/04\/SBMIN2-02.jpg\",\"datePublished\":\"2024-04-18T19:26:20+00:00\",\"dateModified\":\"2024-05-13T08:26:53+00:00\",\"description\":\"GlareOne Mini g\u0142owica z gor\u0105c\u0105 stopk\u0105\",\"breadcrumb\":{\"@id\":\"https:\/\/glareone.eu\/de\/product\/glareone-mini-ballhead\/#breadcrumb\"},\"inLanguage\":\"de\",\"potentialAction\":[{\"@type\":\"ReadAction\",\"target\":[\"https:\/\/glareone.eu\/de\/product\/glareone-mini-ballhead\/\"]}]},{\"@type\":\"ImageObject\",\"inLanguage\":\"de\",\"@id\":\"https:\/\/glareone.eu\/de\/product\/glareone-mini-ballhead\/#primaryimage\",\"url\":\"https:\/\/glareone.eu\/wp-content\/uploads\/2024\/04\/SBMIN2-02.jpg\",\"contentUrl\":\"https:\/\/glareone.eu\/wp-content\/uploads\/2024\/04\/SBMIN2-02.jpg\",\"width\":1000,\"height\":1000,\"caption\":\"PLATINSTUDIO.COM\"},{\"@type\":\"BreadcrumbList\",\"@id\":\"https:\/\/glareone.eu\/de\/product\/glareone-mini-ballhead\/#breadcrumb\",\"itemListElement\":[{\"@type\":\"ListItem\",\"position\":1,\"name\":\"Strona g\u0142\u00f3wna\",\"item\":\"https:\/\/glareone.eu\/de\/\"},{\"@type\":\"ListItem\",\"position\":2,\"name\":\"Alle Produkte\",\"item\":\"https:\/\/glareone.eu\/de\/produkte\/alle-produkte\/\"},{\"@type\":\"ListItem\",\"position\":3,\"name\":\"GlareOne Mini Ballhead\"}]},{\"@type\":\"WebSite\",\"@id\":\"https:\/\/glareone.eu\/de\/en\/#website\",\"url\":\"https:\/\/glareone.eu\/de\/en\/\",\"name\":\"GlareOne\",\"description\":\"Wyposa\u017cenie Studia\",\"publisher\":{\"@id\":\"https:\/\/glareone.eu\/de\/en\/#organization\"},\"potentialAction\":[{\"@type\":\"SearchAction\",\"target\":{\"@type\":\"EntryPoint\",\"urlTemplate\":\"https:\/\/glareone.eu\/de\/en\/?s={search_term_string}\"},\"query-input\":{\"@type\":\"PropertyValueSpecification\",\"valueRequired\":true,\"valueName\":\"search_term_string\"}}],\"inLanguage\":\"de\"},{\"@type\":\"Organization\",\"@id\":\"https:\/\/glareone.eu\/de\/en\/#organization\",\"name\":\"GlareOne\",\"url\":\"https:\/\/glareone.eu\/de\/en\/\",\"logo\":{\"@type\":\"ImageObject\",\"inLanguage\":\"de\",\"@id\":\"https:\/\/glareone.eu\/de\/en\/#\/schema\/logo\/image\/\",\"url\":\"http:\/\/glareone.eu\/wp-content\/uploads\/2024\/05\/glareone_logo2020_RGB-01-e1715773127189.png\",\"contentUrl\":\"http:\/\/glareone.eu\/wp-content\/uploads\/2024\/05\/glareone_logo2020_RGB-01-e1715773127189.png\",\"width\":1270,\"height\":321,\"caption\":\"GlareOne\"},\"image\":{\"@id\":\"https:\/\/glareone.eu\/de\/en\/#\/schema\/logo\/image\/\"},\"sameAs\":[\"https:\/\/www.facebook.com\/GlareOneLighting\",\"https:\/\/www.instagram.com\/glareonelighting\/\",\"https:\/\/www.youtube.com\/@GlareOneTV\"]}]}<\/script>\n<!-- \/ Yoast SEO plugin. -->","yoast_head_json":{"title":"GlareOne Mini g\u0142owica z gor\u0105c\u0105 stopk\u0105","description":"GlareOne Mini g\u0142owica z gor\u0105c\u0105 stopk\u0105","robots":{"index":"index","follow":"follow","max-snippet":"max-snippet:-1","max-image-preview":"max-image-preview:large","max-video-preview":"max-video-preview:-1"},"canonical":"https:\/\/glareone.eu\/de\/product\/glareone-mini-ballhead\/","og_locale":"de_DE","og_type":"article","og_title":"GlareOne Mini g\u0142owica z gor\u0105c\u0105 stopk\u0105","og_description":"GlareOne Mini g\u0142owica z gor\u0105c\u0105 stopk\u0105","og_url":"https:\/\/glareone.eu\/de\/product\/glareone-mini-ballhead\/","og_site_name":"GlareOne","article_publisher":"https:\/\/www.facebook.com\/GlareOneLighting","article_modified_time":"2024-05-13T08:26:53+00:00","og_image":[{"width":1000,"height":1000,"url":"https:\/\/glareone.eu\/wp-content\/uploads\/2024\/04\/SBMIN2-02.jpg","type":"image\/jpeg"}],"twitter_card":"summary_large_image","twitter_title":"GlareOne Mini g\u0142owica z gor\u0105c\u0105 stopk\u0105","twitter_misc":{"Gesch\u00e4tzte Lesezeit":"2\u00a0Minuten"},"schema":{"@context":"https:\/\/schema.org","@graph":[{"@type":"WebPage","@id":"https:\/\/glareone.eu\/de\/product\/glareone-mini-ballhead\/","url":"https:\/\/glareone.eu\/de\/product\/glareone-mini-ballhead\/","name":"GlareOne Mini g\u0142owica z gor\u0105c\u0105 stopk\u0105","isPartOf":{"@id":"https:\/\/glareone.eu\/de\/en\/#website"},"primaryImageOfPage":{"@id":"https:\/\/glareone.eu\/de\/product\/glareone-mini-ballhead\/#primaryimage"},"image":{"@id":"https:\/\/glareone.eu\/de\/product\/glareone-mini-ballhead\/#primaryimage"},"thumbnailUrl":"https:\/\/glareone.eu\/wp-content\/uploads\/2024\/04\/SBMIN2-02.jpg","datePublished":"2024-04-18T19:26:20+00:00","dateModified":"2024-05-13T08:26:53+00:00","description":"GlareOne Mini g\u0142owica z gor\u0105c\u0105 stopk\u0105","breadcrumb":{"@id":"https:\/\/glareone.eu\/de\/product\/glareone-mini-ballhead\/#breadcrumb"},"inLanguage":"de","potentialAction":[{"@type":"ReadAction","target":["https:\/\/glareone.eu\/de\/product\/glareone-mini-ballhead\/"]}]},{"@type":"ImageObject","inLanguage":"de","@id":"https:\/\/glareone.eu\/de\/product\/glareone-mini-ballhead\/#primaryimage","url":"https:\/\/glareone.eu\/wp-content\/uploads\/2024\/04\/SBMIN2-02.jpg","contentUrl":"https:\/\/glareone.eu\/wp-content\/uploads\/2024\/04\/SBMIN2-02.jpg","width":1000,"height":1000,"caption":"PLATINSTUDIO.COM"},{"@type":"BreadcrumbList","@id":"https:\/\/glareone.eu\/de\/product\/glareone-mini-ballhead\/#breadcrumb","itemListElement":[{"@type":"ListItem","position":1,"name":"Strona g\u0142\u00f3wna","item":"https:\/\/glareone.eu\/de\/"},{"@type":"ListItem","position":2,"name":"Alle Produkte","item":"https:\/\/glareone.eu\/de\/produkte\/alle-produkte\/"},{"@type":"ListItem","position":3,"name":"GlareOne Mini Ballhead"}]},{"@type":"WebSite","@id":"https:\/\/glareone.eu\/de\/en\/#website","url":"https:\/\/glareone.eu\/de\/en\/","name":"GlareOne","description":"Wyposa\u017cenie Studia","publisher":{"@id":"https:\/\/glareone.eu\/de\/en\/#organization"},"potentialAction":[{"@type":"SearchAction","target":{"@type":"EntryPoint","urlTemplate":"https:\/\/glareone.eu\/de\/en\/?s={search_term_string}"},"query-input":{"@type":"PropertyValueSpecification","valueRequired":true,"valueName":"search_term_string"}}],"inLanguage":"de"},{"@type":"Organization","@id":"https:\/\/glareone.eu\/de\/en\/#organization","name":"GlareOne","url":"https:\/\/glareone.eu\/de\/en\/","logo":{"@type":"ImageObject","inLanguage":"de","@id":"https:\/\/glareone.eu\/de\/en\/#\/schema\/logo\/image\/","url":"http:\/\/glareone.eu\/wp-content\/uploads\/2024\/05\/glareone_logo2020_RGB-01-e1715773127189.png","contentUrl":"http:\/\/glareone.eu\/wp-content\/uploads\/2024\/05\/glareone_logo2020_RGB-01-e1715773127189.png","width":1270,"height":321,"caption":"GlareOne"},"image":{"@id":"https:\/\/glareone.eu\/de\/en\/#\/schema\/logo\/image\/"},"sameAs":["https:\/\/www.facebook.com\/GlareOneLighting","https:\/\/www.instagram.com\/glareonelighting\/","https:\/\/www.youtube.com\/@GlareOneTV"]}]}},"_links":{"self":[{"href":"https:\/\/glareone.eu\/de\/wp-json\/wp\/v2\/product\/8694","targetHints":{"allow":["GET"]}}],"collection":[{"href":"https:\/\/glareone.eu\/de\/wp-json\/wp\/v2\/product"}],"about":[{"href":"https:\/\/glareone.eu\/de\/wp-json\/wp\/v2\/types\/product"}],"wp:featuredmedia":[{"embeddable":true,"href":"https:\/\/glareone.eu\/de\/wp-json\/wp\/v2\/media\/8683"}],"wp:attachment":[{"href":"https:\/\/glareone.eu\/de\/wp-json\/wp\/v2\/media?parent=8694"}],"wp:term":[{"taxonomy":"product_brand","embeddable":true,"href":"https:\/\/glareone.eu\/de\/wp-json\/wp\/v2\/product_brand?post=8694"},{"taxonomy":"product_cat","embeddable":true,"href":"https:\/\/glareone.eu\/de\/wp-json\/wp\/v2\/product_cat?post=8694"},{"taxonomy":"product_tag","embeddable":true,"href":"https:\/\/glareone.eu\/de\/wp-json\/wp\/v2\/product_tag?post=8694"}],"curies":[{"name":"wp","href":"https:\/\/api.w.org\/{rel}","templated":true}]}}