{"id":8637,"date":"2024-04-18T19:26:24","date_gmt":"2024-04-18T19:26:24","guid":{"rendered":"http:\/\/glareone.eu\/produkt\/glareone-hightower-grip-head\/"},"modified":"2024-05-13T08:06:21","modified_gmt":"2024-05-13T08:06:21","slug":"glareone-hightower-grip-head","status":"publish","type":"product","link":"https:\/\/glareone.eu\/de\/product\/glareone-hightower-grip-head\/","title":{"rendered":"GlareOne Hightower Grip Head"},"content":{"rendered":"<p>Das Hightower Grip Head erm\u00f6glicht es Ihnen, zus\u00e4tzliche Lichter oder Zubeh\u00f6rteile an einem Hightower-S\u00e4ulenstativ anzubringen. Der Kopf hat eine sehr charakteristische Pistolenform und sperrt seine Position an der Mittels\u00e4ule, um an einen Ausl\u00f6sezungen zu erinnern. Der 16 mm Durchmesser Stamm ist umkehrbar, abnehmbar und hat einen Gewinde-Montagepunkt mit 1\/4&#8243;, an den Sie Ihre Kamera, Camcorder, Mikrofon usw. befestigen k\u00f6nnen.<\/p>\n<h3>Produktmerkmale:<\/h3>\n<ul>\n<li>Passend f\u00fcr GlareOne Hightower-Stativ<\/li>\n<li>Erm\u00f6glicht die Befestigung zus\u00e4tzlicher Lichter und Zubeh\u00f6rteile am Stativ<\/li>\n<li>Hergestellt aus Aluminium<\/li>\n<li>Hat einen abnehmbaren 16 mm (5\/8&#8243;) Stahlpfosten mit 1\/4&#8243; Gewinde<\/li>\n<li>Kann bis zu 6 kg Ausr\u00fcstung tragen<\/li>\n<\/ul>\n","protected":false},"excerpt":{"rendered":"<p>Das Hightower Grip Head erm\u00f6glicht es Ihnen, zus\u00e4tzliche Lichter oder Zubeh\u00f6rteile an einem Hightower-S\u00e4ulenstativ anzubringen. Der Kopf hat eine sehr charakteristische Pistolenform und sperrt seine Position an der Mittels\u00e4ule, um an einen Ausl\u00f6sezungen zu erinnern. Der 16 mm Durchmesser Stamm ist umkehrbar, abnehmbar und hat einen Gewinde-Montagepunkt mit 1\/4&#8243;, an den Sie Ihre Kamera, Camcorder, [&hellip;]<\/p>\n","protected":false},"featured_media":8626,"template":"","meta":[],"product_brand":[],"product_cat":[445],"product_tag":[],"class_list":{"0":"post-8637","1":"product","2":"type-product","3":"status-publish","4":"has-post-thumbnail","6":"product_cat-zubehor-de","8":"first","9":"instock","10":"product-type-simple"},"yoast_head":"<!-- This site is optimized with the Yoast SEO plugin v27.4 - https:\/\/yoast.com\/product\/yoast-seo-wordpress\/ -->\n<title>GlareOne Hightower Grip Head - g\u0142owica do statywu kolumnowego<\/title>\n<meta name=\"description\" content=\"GlareOne Hightower Grip Head - g\u0142owica do statywu kolumnowego\" \/>\n<meta name=\"robots\" content=\"index, follow, max-snippet:-1, max-image-preview:large, max-video-preview:-1\" \/>\n<link rel=\"canonical\" href=\"https:\/\/glareone.eu\/de\/product\/glareone-hightower-grip-head\/\" \/>\n<meta property=\"og:locale\" content=\"de_DE\" \/>\n<meta property=\"og:type\" content=\"article\" \/>\n<meta property=\"og:title\" content=\"GlareOne Hightower Grip Head - g\u0142owica do statywu kolumnowego\" \/>\n<meta property=\"og:description\" content=\"GlareOne Hightower Grip Head - g\u0142owica do statywu kolumnowego\" \/>\n<meta property=\"og:url\" content=\"https:\/\/glareone.eu\/de\/product\/glareone-hightower-grip-head\/\" \/>\n<meta property=\"og:site_name\" content=\"GlareOne\" \/>\n<meta property=\"article:publisher\" content=\"https:\/\/www.facebook.com\/GlareOneLighting\" \/>\n<meta property=\"article:modified_time\" content=\"2024-05-13T08:06:21+00:00\" \/>\n<meta property=\"og:image\" content=\"https:\/\/glareone.eu\/wp-content\/uploads\/2024\/04\/GlareOne-Hightower-Grip-Head-24-1.jpg\" \/>\n\t<meta property=\"og:image:width\" content=\"1200\" \/>\n\t<meta property=\"og:image:height\" content=\"1200\" \/>\n\t<meta property=\"og:image:type\" content=\"image\/jpeg\" \/>\n<meta name=\"twitter:card\" content=\"summary_large_image\" \/>\n<meta name=\"twitter:title\" content=\"GlareOne Hightower Grip Head - g\u0142owica do statywu kolumnowego\" \/>\n<script type=\"application\/ld+json\" class=\"yoast-schema-graph\">{\"@context\":\"https:\\\/\\\/schema.org\",\"@graph\":[{\"@type\":\"WebPage\",\"@id\":\"https:\\\/\\\/glareone.eu\\\/de\\\/product\\\/glareone-hightower-grip-head\\\/\",\"url\":\"https:\\\/\\\/glareone.eu\\\/de\\\/product\\\/glareone-hightower-grip-head\\\/\",\"name\":\"GlareOne Hightower Grip Head - g\u0142owica do statywu kolumnowego\",\"isPartOf\":{\"@id\":\"https:\\\/\\\/glareone.eu\\\/de\\\/en\\\/#website\"},\"primaryImageOfPage\":{\"@id\":\"https:\\\/\\\/glareone.eu\\\/de\\\/product\\\/glareone-hightower-grip-head\\\/#primaryimage\"},\"image\":{\"@id\":\"https:\\\/\\\/glareone.eu\\\/de\\\/product\\\/glareone-hightower-grip-head\\\/#primaryimage\"},\"thumbnailUrl\":\"https:\\\/\\\/glareone.eu\\\/wp-content\\\/uploads\\\/2024\\\/04\\\/GlareOne-Hightower-Grip-Head-24-1.jpg\",\"datePublished\":\"2024-04-18T19:26:24+00:00\",\"dateModified\":\"2024-05-13T08:06:21+00:00\",\"description\":\"GlareOne Hightower Grip Head - g\u0142owica do statywu kolumnowego\",\"breadcrumb\":{\"@id\":\"https:\\\/\\\/glareone.eu\\\/de\\\/product\\\/glareone-hightower-grip-head\\\/#breadcrumb\"},\"inLanguage\":\"de\",\"potentialAction\":[{\"@type\":\"ReadAction\",\"target\":[\"https:\\\/\\\/glareone.eu\\\/de\\\/product\\\/glareone-hightower-grip-head\\\/\"]}]},{\"@type\":\"ImageObject\",\"inLanguage\":\"de\",\"@id\":\"https:\\\/\\\/glareone.eu\\\/de\\\/product\\\/glareone-hightower-grip-head\\\/#primaryimage\",\"url\":\"https:\\\/\\\/glareone.eu\\\/wp-content\\\/uploads\\\/2024\\\/04\\\/GlareOne-Hightower-Grip-Head-24-1.jpg\",\"contentUrl\":\"https:\\\/\\\/glareone.eu\\\/wp-content\\\/uploads\\\/2024\\\/04\\\/GlareOne-Hightower-Grip-Head-24-1.jpg\",\"width\":1200,\"height\":1200},{\"@type\":\"BreadcrumbList\",\"@id\":\"https:\\\/\\\/glareone.eu\\\/de\\\/product\\\/glareone-hightower-grip-head\\\/#breadcrumb\",\"itemListElement\":[{\"@type\":\"ListItem\",\"position\":1,\"name\":\"Strona g\u0142\u00f3wna\",\"item\":\"https:\\\/\\\/glareone.eu\\\/de\\\/\"},{\"@type\":\"ListItem\",\"position\":2,\"name\":\"Alle Produkte\",\"item\":\"https:\\\/\\\/glareone.eu\\\/de\\\/produkte\\\/alle-produkte\\\/\"},{\"@type\":\"ListItem\",\"position\":3,\"name\":\"GlareOne Hightower Grip Head\"}]},{\"@type\":\"WebSite\",\"@id\":\"https:\\\/\\\/glareone.eu\\\/de\\\/en\\\/#website\",\"url\":\"https:\\\/\\\/glareone.eu\\\/de\\\/en\\\/\",\"name\":\"GlareOne\",\"description\":\"Wyposa\u017cenie Studia\",\"publisher\":{\"@id\":\"https:\\\/\\\/glareone.eu\\\/de\\\/en\\\/#organization\"},\"potentialAction\":[{\"@type\":\"SearchAction\",\"target\":{\"@type\":\"EntryPoint\",\"urlTemplate\":\"https:\\\/\\\/glareone.eu\\\/de\\\/en\\\/?s={search_term_string}\"},\"query-input\":{\"@type\":\"PropertyValueSpecification\",\"valueRequired\":true,\"valueName\":\"search_term_string\"}}],\"inLanguage\":\"de\"},{\"@type\":\"Organization\",\"@id\":\"https:\\\/\\\/glareone.eu\\\/de\\\/en\\\/#organization\",\"name\":\"GlareOne\",\"url\":\"https:\\\/\\\/glareone.eu\\\/de\\\/en\\\/\",\"logo\":{\"@type\":\"ImageObject\",\"inLanguage\":\"de\",\"@id\":\"https:\\\/\\\/glareone.eu\\\/de\\\/en\\\/#\\\/schema\\\/logo\\\/image\\\/\",\"url\":\"http:\\\/\\\/glareone.eu\\\/wp-content\\\/uploads\\\/2024\\\/05\\\/glareone_logo2020_RGB-01-e1715773127189.png\",\"contentUrl\":\"http:\\\/\\\/glareone.eu\\\/wp-content\\\/uploads\\\/2024\\\/05\\\/glareone_logo2020_RGB-01-e1715773127189.png\",\"width\":1270,\"height\":321,\"caption\":\"GlareOne\"},\"image\":{\"@id\":\"https:\\\/\\\/glareone.eu\\\/de\\\/en\\\/#\\\/schema\\\/logo\\\/image\\\/\"},\"sameAs\":[\"https:\\\/\\\/www.facebook.com\\\/GlareOneLighting\",\"https:\\\/\\\/www.instagram.com\\\/glareonelighting\\\/\",\"https:\\\/\\\/www.youtube.com\\\/@GlareOneTV\"]}]}<\/script>\n<!-- \/ Yoast SEO plugin. -->","yoast_head_json":{"title":"GlareOne Hightower Grip Head - g\u0142owica do statywu kolumnowego","description":"GlareOne Hightower Grip Head - g\u0142owica do statywu kolumnowego","robots":{"index":"index","follow":"follow","max-snippet":"max-snippet:-1","max-image-preview":"max-image-preview:large","max-video-preview":"max-video-preview:-1"},"canonical":"https:\/\/glareone.eu\/de\/product\/glareone-hightower-grip-head\/","og_locale":"de_DE","og_type":"article","og_title":"GlareOne Hightower Grip Head - g\u0142owica do statywu kolumnowego","og_description":"GlareOne Hightower Grip Head - g\u0142owica do statywu kolumnowego","og_url":"https:\/\/glareone.eu\/de\/product\/glareone-hightower-grip-head\/","og_site_name":"GlareOne","article_publisher":"https:\/\/www.facebook.com\/GlareOneLighting","article_modified_time":"2024-05-13T08:06:21+00:00","og_image":[{"width":1200,"height":1200,"url":"https:\/\/glareone.eu\/wp-content\/uploads\/2024\/04\/GlareOne-Hightower-Grip-Head-24-1.jpg","type":"image\/jpeg"}],"twitter_card":"summary_large_image","twitter_title":"GlareOne Hightower Grip Head - g\u0142owica do statywu kolumnowego","schema":{"@context":"https:\/\/schema.org","@graph":[{"@type":"WebPage","@id":"https:\/\/glareone.eu\/de\/product\/glareone-hightower-grip-head\/","url":"https:\/\/glareone.eu\/de\/product\/glareone-hightower-grip-head\/","name":"GlareOne Hightower Grip Head - g\u0142owica do statywu kolumnowego","isPartOf":{"@id":"https:\/\/glareone.eu\/de\/en\/#website"},"primaryImageOfPage":{"@id":"https:\/\/glareone.eu\/de\/product\/glareone-hightower-grip-head\/#primaryimage"},"image":{"@id":"https:\/\/glareone.eu\/de\/product\/glareone-hightower-grip-head\/#primaryimage"},"thumbnailUrl":"https:\/\/glareone.eu\/wp-content\/uploads\/2024\/04\/GlareOne-Hightower-Grip-Head-24-1.jpg","datePublished":"2024-04-18T19:26:24+00:00","dateModified":"2024-05-13T08:06:21+00:00","description":"GlareOne Hightower Grip Head - g\u0142owica do statywu kolumnowego","breadcrumb":{"@id":"https:\/\/glareone.eu\/de\/product\/glareone-hightower-grip-head\/#breadcrumb"},"inLanguage":"de","potentialAction":[{"@type":"ReadAction","target":["https:\/\/glareone.eu\/de\/product\/glareone-hightower-grip-head\/"]}]},{"@type":"ImageObject","inLanguage":"de","@id":"https:\/\/glareone.eu\/de\/product\/glareone-hightower-grip-head\/#primaryimage","url":"https:\/\/glareone.eu\/wp-content\/uploads\/2024\/04\/GlareOne-Hightower-Grip-Head-24-1.jpg","contentUrl":"https:\/\/glareone.eu\/wp-content\/uploads\/2024\/04\/GlareOne-Hightower-Grip-Head-24-1.jpg","width":1200,"height":1200},{"@type":"BreadcrumbList","@id":"https:\/\/glareone.eu\/de\/product\/glareone-hightower-grip-head\/#breadcrumb","itemListElement":[{"@type":"ListItem","position":1,"name":"Strona g\u0142\u00f3wna","item":"https:\/\/glareone.eu\/de\/"},{"@type":"ListItem","position":2,"name":"Alle Produkte","item":"https:\/\/glareone.eu\/de\/produkte\/alle-produkte\/"},{"@type":"ListItem","position":3,"name":"GlareOne Hightower Grip Head"}]},{"@type":"WebSite","@id":"https:\/\/glareone.eu\/de\/en\/#website","url":"https:\/\/glareone.eu\/de\/en\/","name":"GlareOne","description":"Wyposa\u017cenie Studia","publisher":{"@id":"https:\/\/glareone.eu\/de\/en\/#organization"},"potentialAction":[{"@type":"SearchAction","target":{"@type":"EntryPoint","urlTemplate":"https:\/\/glareone.eu\/de\/en\/?s={search_term_string}"},"query-input":{"@type":"PropertyValueSpecification","valueRequired":true,"valueName":"search_term_string"}}],"inLanguage":"de"},{"@type":"Organization","@id":"https:\/\/glareone.eu\/de\/en\/#organization","name":"GlareOne","url":"https:\/\/glareone.eu\/de\/en\/","logo":{"@type":"ImageObject","inLanguage":"de","@id":"https:\/\/glareone.eu\/de\/en\/#\/schema\/logo\/image\/","url":"http:\/\/glareone.eu\/wp-content\/uploads\/2024\/05\/glareone_logo2020_RGB-01-e1715773127189.png","contentUrl":"http:\/\/glareone.eu\/wp-content\/uploads\/2024\/05\/glareone_logo2020_RGB-01-e1715773127189.png","width":1270,"height":321,"caption":"GlareOne"},"image":{"@id":"https:\/\/glareone.eu\/de\/en\/#\/schema\/logo\/image\/"},"sameAs":["https:\/\/www.facebook.com\/GlareOneLighting","https:\/\/www.instagram.com\/glareonelighting\/","https:\/\/www.youtube.com\/@GlareOneTV"]}]}},"_links":{"self":[{"href":"https:\/\/glareone.eu\/de\/wp-json\/wp\/v2\/product\/8637","targetHints":{"allow":["GET"]}}],"collection":[{"href":"https:\/\/glareone.eu\/de\/wp-json\/wp\/v2\/product"}],"about":[{"href":"https:\/\/glareone.eu\/de\/wp-json\/wp\/v2\/types\/product"}],"wp:featuredmedia":[{"embeddable":true,"href":"https:\/\/glareone.eu\/de\/wp-json\/wp\/v2\/media\/8626"}],"wp:attachment":[{"href":"https:\/\/glareone.eu\/de\/wp-json\/wp\/v2\/media?parent=8637"}],"wp:term":[{"taxonomy":"product_brand","embeddable":true,"href":"https:\/\/glareone.eu\/de\/wp-json\/wp\/v2\/product_brand?post=8637"},{"taxonomy":"product_cat","embeddable":true,"href":"https:\/\/glareone.eu\/de\/wp-json\/wp\/v2\/product_cat?post=8637"},{"taxonomy":"product_tag","embeddable":true,"href":"https:\/\/glareone.eu\/de\/wp-json\/wp\/v2\/product_tag?post=8637"}],"curies":[{"name":"wp","href":"https:\/\/api.w.org\/{rel}","templated":true}]}}