{"id":8618,"date":"2024-04-18T19:26:24","date_gmt":"2024-04-18T19:26:24","guid":{"rendered":"http:\/\/glareone.eu\/produkt\/glareone-grip-head\/"},"modified":"2024-05-13T08:01:30","modified_gmt":"2024-05-13T08:01:30","slug":"glareone-grip-head","status":"publish","type":"product","link":"https:\/\/glareone.eu\/de\/product\/glareone-grip-head\/","title":{"rendered":"GlareOne Grip Head"},"content":{"rendered":"<h3>Sicherer Griff<\/h3>\n<p>Der Kopf besteht aus zwei Aluminiumscheiben, die in ihrer Position unendlich eingestellt werden k\u00f6nnen. Die Scheiben sind mit Kiefer\u00f6ffnungen im Profil des Buchstabens &#8222;V&#8220; ausgestattet, die zus\u00e4tzlich mit Z\u00e4hnen versehen sind. Diese Konstruktion macht den Kopf stabil und sicher, um alles zu halten, was zwischen seine Kiefer geklemmt wird, ohne die Gefahr, dass die Fahne oder der Arm sich um seine Achse dreht.<\/p>\n<h3>Haltbarkeit<\/h3>\n<p>Der Kopf besteht vollst\u00e4ndig aus Metall und ist so konstruiert, dass maximale Langlebigkeit und Haltbarkeit gew\u00e4hrleistet sind. Der zentrale Bolzen, auf dem die Kopfstruktur basiert, besteht aus Stahl. Die Kieferplatten, das Stativgewinde sowie die Griffe und Kn\u00f6pfe bestehen aus gegossenem Aluminium.<\/p>\n<h3>Details<\/h3>\n<p>Der Knopf, der die Scheiben klemmt, ist \u00fcberdimensioniert und hat die Form eines &#8222;T&#8220;, um den sichersten Griff zu gew\u00e4hrleisten. Die Klemmschraube ist mit einem Druckkugellager ausgestattet, das eine hohe Klemmeffizienz und eine hohe Betriebskultur gew\u00e4hrleistet. Die M\u00f6glichkeit, die Scheiben unendlich zu drehen, bietet gro\u00dfe Flexibilit\u00e4t bei der Einstellung von Fahnen, Versprechungen usw.<\/p>\n<h3>Produktmerkmale:<\/h3>\n<ul>\n<li>Wird zum Anbringen von Zubeh\u00f6r an Stativen verwendet<\/li>\n<li>Verf\u00fcgt \u00fcber vier Kiefer\u00f6ffnungen<\/li>\n<li>Kann auf einem Standard-Stativstiel montiert werden<\/li>\n<li>Die Kiefer sind &#8222;V&#8220;-f\u00f6rmig und haben Z\u00e4hne<\/li>\n<li>Der Griff der Klemmschraube ist gro\u00df und hat die Form eines &#8222;T&#8220;<\/li>\n<li>Er besteht aus gegossenem Aluminium und der zentrale Schrauben ist aus Stahl<\/li>\n<li>Die Klemmschraube ist mit einem Kugellager ausgestattet<\/li>\n<li>Die Kieferplatten k\u00f6nnen um 360\u00b0 (unendlich) gedreht werden<\/li>\n<\/ul>\n","protected":false},"excerpt":{"rendered":"<p>Sicherer Griff Der Kopf besteht aus zwei Aluminiumscheiben, die in ihrer Position unendlich eingestellt werden k\u00f6nnen. Die Scheiben sind mit Kiefer\u00f6ffnungen im Profil des Buchstabens &#8222;V&#8220; ausgestattet, die zus\u00e4tzlich mit Z\u00e4hnen versehen sind. Diese Konstruktion macht den Kopf stabil und sicher, um alles zu halten, was zwischen seine Kiefer geklemmt wird, ohne die Gefahr, dass [&hellip;]<\/p>\n","protected":false},"featured_media":8603,"template":"","meta":[],"product_brand":[],"product_cat":[445],"product_tag":[],"class_list":{"0":"post-8618","1":"product","2":"type-product","3":"status-publish","4":"has-post-thumbnail","6":"product_cat-zubehor-de","8":"first","9":"instock","10":"product-type-simple"},"yoast_head":"<!-- This site is optimized with the Yoast SEO plugin v27.2 - https:\/\/yoast.com\/product\/yoast-seo-wordpress\/ -->\n<title>GlareOne Grip Head - g\u0142owica do statyw\u00f3w<\/title>\n<meta name=\"description\" content=\"GlareOne Grip Head - g\u0142owica do statyw\u00f3w\" \/>\n<meta name=\"robots\" content=\"index, follow, max-snippet:-1, max-image-preview:large, max-video-preview:-1\" \/>\n<link rel=\"canonical\" href=\"https:\/\/glareone.eu\/de\/product\/glareone-grip-head\/\" \/>\n<meta property=\"og:locale\" content=\"de_DE\" \/>\n<meta property=\"og:type\" content=\"article\" \/>\n<meta property=\"og:title\" content=\"GlareOne Grip Head - g\u0142owica do statyw\u00f3w\" \/>\n<meta property=\"og:description\" content=\"GlareOne Grip Head - g\u0142owica do statyw\u00f3w\" \/>\n<meta property=\"og:url\" content=\"https:\/\/glareone.eu\/de\/product\/glareone-grip-head\/\" \/>\n<meta property=\"og:site_name\" content=\"GlareOne\" \/>\n<meta property=\"article:publisher\" content=\"https:\/\/www.facebook.com\/GlareOneLighting\" \/>\n<meta property=\"article:modified_time\" content=\"2024-05-13T08:01:30+00:00\" \/>\n<meta property=\"og:image\" content=\"https:\/\/glareone.eu\/wp-content\/uploads\/2024\/04\/GlareOne-Grip-Head-18-1.jpg\" \/>\n\t<meta property=\"og:image:width\" content=\"1200\" \/>\n\t<meta property=\"og:image:height\" content=\"1200\" \/>\n\t<meta property=\"og:image:type\" content=\"image\/jpeg\" \/>\n<meta name=\"twitter:card\" content=\"summary_large_image\" \/>\n<meta name=\"twitter:title\" content=\"GlareOne Grip Head - g\u0142owica do statyw\u00f3w\" \/>\n<meta name=\"twitter:label1\" content=\"Gesch\u00e4tzte Lesezeit\" \/>\n\t<meta name=\"twitter:data1\" content=\"2\u00a0Minuten\" \/>\n<script type=\"application\/ld+json\" class=\"yoast-schema-graph\">{\"@context\":\"https:\/\/schema.org\",\"@graph\":[{\"@type\":\"WebPage\",\"@id\":\"https:\/\/glareone.eu\/de\/product\/glareone-grip-head\/\",\"url\":\"https:\/\/glareone.eu\/de\/product\/glareone-grip-head\/\",\"name\":\"GlareOne Grip Head - g\u0142owica do statyw\u00f3w\",\"isPartOf\":{\"@id\":\"https:\/\/glareone.eu\/de\/en\/#website\"},\"primaryImageOfPage\":{\"@id\":\"https:\/\/glareone.eu\/de\/product\/glareone-grip-head\/#primaryimage\"},\"image\":{\"@id\":\"https:\/\/glareone.eu\/de\/product\/glareone-grip-head\/#primaryimage\"},\"thumbnailUrl\":\"https:\/\/glareone.eu\/wp-content\/uploads\/2024\/04\/GlareOne-Grip-Head-18-1.jpg\",\"datePublished\":\"2024-04-18T19:26:24+00:00\",\"dateModified\":\"2024-05-13T08:01:30+00:00\",\"description\":\"GlareOne Grip Head - g\u0142owica do statyw\u00f3w\",\"breadcrumb\":{\"@id\":\"https:\/\/glareone.eu\/de\/product\/glareone-grip-head\/#breadcrumb\"},\"inLanguage\":\"de\",\"potentialAction\":[{\"@type\":\"ReadAction\",\"target\":[\"https:\/\/glareone.eu\/de\/product\/glareone-grip-head\/\"]}]},{\"@type\":\"ImageObject\",\"inLanguage\":\"de\",\"@id\":\"https:\/\/glareone.eu\/de\/product\/glareone-grip-head\/#primaryimage\",\"url\":\"https:\/\/glareone.eu\/wp-content\/uploads\/2024\/04\/GlareOne-Grip-Head-18-1.jpg\",\"contentUrl\":\"https:\/\/glareone.eu\/wp-content\/uploads\/2024\/04\/GlareOne-Grip-Head-18-1.jpg\",\"width\":1200,\"height\":1200},{\"@type\":\"BreadcrumbList\",\"@id\":\"https:\/\/glareone.eu\/de\/product\/glareone-grip-head\/#breadcrumb\",\"itemListElement\":[{\"@type\":\"ListItem\",\"position\":1,\"name\":\"Strona g\u0142\u00f3wna\",\"item\":\"https:\/\/glareone.eu\/de\/\"},{\"@type\":\"ListItem\",\"position\":2,\"name\":\"Alle Produkte\",\"item\":\"https:\/\/glareone.eu\/de\/produkte\/alle-produkte\/\"},{\"@type\":\"ListItem\",\"position\":3,\"name\":\"GlareOne Grip Head\"}]},{\"@type\":\"WebSite\",\"@id\":\"https:\/\/glareone.eu\/de\/en\/#website\",\"url\":\"https:\/\/glareone.eu\/de\/en\/\",\"name\":\"GlareOne\",\"description\":\"Wyposa\u017cenie Studia\",\"publisher\":{\"@id\":\"https:\/\/glareone.eu\/de\/en\/#organization\"},\"potentialAction\":[{\"@type\":\"SearchAction\",\"target\":{\"@type\":\"EntryPoint\",\"urlTemplate\":\"https:\/\/glareone.eu\/de\/en\/?s={search_term_string}\"},\"query-input\":{\"@type\":\"PropertyValueSpecification\",\"valueRequired\":true,\"valueName\":\"search_term_string\"}}],\"inLanguage\":\"de\"},{\"@type\":\"Organization\",\"@id\":\"https:\/\/glareone.eu\/de\/en\/#organization\",\"name\":\"GlareOne\",\"url\":\"https:\/\/glareone.eu\/de\/en\/\",\"logo\":{\"@type\":\"ImageObject\",\"inLanguage\":\"de\",\"@id\":\"https:\/\/glareone.eu\/de\/en\/#\/schema\/logo\/image\/\",\"url\":\"http:\/\/glareone.eu\/wp-content\/uploads\/2024\/05\/glareone_logo2020_RGB-01-e1715773127189.png\",\"contentUrl\":\"http:\/\/glareone.eu\/wp-content\/uploads\/2024\/05\/glareone_logo2020_RGB-01-e1715773127189.png\",\"width\":1270,\"height\":321,\"caption\":\"GlareOne\"},\"image\":{\"@id\":\"https:\/\/glareone.eu\/de\/en\/#\/schema\/logo\/image\/\"},\"sameAs\":[\"https:\/\/www.facebook.com\/GlareOneLighting\",\"https:\/\/www.instagram.com\/glareonelighting\/\",\"https:\/\/www.youtube.com\/@GlareOneTV\"]}]}<\/script>\n<!-- \/ Yoast SEO plugin. -->","yoast_head_json":{"title":"GlareOne Grip Head - g\u0142owica do statyw\u00f3w","description":"GlareOne Grip Head - g\u0142owica do statyw\u00f3w","robots":{"index":"index","follow":"follow","max-snippet":"max-snippet:-1","max-image-preview":"max-image-preview:large","max-video-preview":"max-video-preview:-1"},"canonical":"https:\/\/glareone.eu\/de\/product\/glareone-grip-head\/","og_locale":"de_DE","og_type":"article","og_title":"GlareOne Grip Head - g\u0142owica do statyw\u00f3w","og_description":"GlareOne Grip Head - g\u0142owica do statyw\u00f3w","og_url":"https:\/\/glareone.eu\/de\/product\/glareone-grip-head\/","og_site_name":"GlareOne","article_publisher":"https:\/\/www.facebook.com\/GlareOneLighting","article_modified_time":"2024-05-13T08:01:30+00:00","og_image":[{"width":1200,"height":1200,"url":"https:\/\/glareone.eu\/wp-content\/uploads\/2024\/04\/GlareOne-Grip-Head-18-1.jpg","type":"image\/jpeg"}],"twitter_card":"summary_large_image","twitter_title":"GlareOne Grip Head - g\u0142owica do statyw\u00f3w","twitter_misc":{"Gesch\u00e4tzte Lesezeit":"2\u00a0Minuten"},"schema":{"@context":"https:\/\/schema.org","@graph":[{"@type":"WebPage","@id":"https:\/\/glareone.eu\/de\/product\/glareone-grip-head\/","url":"https:\/\/glareone.eu\/de\/product\/glareone-grip-head\/","name":"GlareOne Grip Head - g\u0142owica do statyw\u00f3w","isPartOf":{"@id":"https:\/\/glareone.eu\/de\/en\/#website"},"primaryImageOfPage":{"@id":"https:\/\/glareone.eu\/de\/product\/glareone-grip-head\/#primaryimage"},"image":{"@id":"https:\/\/glareone.eu\/de\/product\/glareone-grip-head\/#primaryimage"},"thumbnailUrl":"https:\/\/glareone.eu\/wp-content\/uploads\/2024\/04\/GlareOne-Grip-Head-18-1.jpg","datePublished":"2024-04-18T19:26:24+00:00","dateModified":"2024-05-13T08:01:30+00:00","description":"GlareOne Grip Head - g\u0142owica do statyw\u00f3w","breadcrumb":{"@id":"https:\/\/glareone.eu\/de\/product\/glareone-grip-head\/#breadcrumb"},"inLanguage":"de","potentialAction":[{"@type":"ReadAction","target":["https:\/\/glareone.eu\/de\/product\/glareone-grip-head\/"]}]},{"@type":"ImageObject","inLanguage":"de","@id":"https:\/\/glareone.eu\/de\/product\/glareone-grip-head\/#primaryimage","url":"https:\/\/glareone.eu\/wp-content\/uploads\/2024\/04\/GlareOne-Grip-Head-18-1.jpg","contentUrl":"https:\/\/glareone.eu\/wp-content\/uploads\/2024\/04\/GlareOne-Grip-Head-18-1.jpg","width":1200,"height":1200},{"@type":"BreadcrumbList","@id":"https:\/\/glareone.eu\/de\/product\/glareone-grip-head\/#breadcrumb","itemListElement":[{"@type":"ListItem","position":1,"name":"Strona g\u0142\u00f3wna","item":"https:\/\/glareone.eu\/de\/"},{"@type":"ListItem","position":2,"name":"Alle Produkte","item":"https:\/\/glareone.eu\/de\/produkte\/alle-produkte\/"},{"@type":"ListItem","position":3,"name":"GlareOne Grip Head"}]},{"@type":"WebSite","@id":"https:\/\/glareone.eu\/de\/en\/#website","url":"https:\/\/glareone.eu\/de\/en\/","name":"GlareOne","description":"Wyposa\u017cenie Studia","publisher":{"@id":"https:\/\/glareone.eu\/de\/en\/#organization"},"potentialAction":[{"@type":"SearchAction","target":{"@type":"EntryPoint","urlTemplate":"https:\/\/glareone.eu\/de\/en\/?s={search_term_string}"},"query-input":{"@type":"PropertyValueSpecification","valueRequired":true,"valueName":"search_term_string"}}],"inLanguage":"de"},{"@type":"Organization","@id":"https:\/\/glareone.eu\/de\/en\/#organization","name":"GlareOne","url":"https:\/\/glareone.eu\/de\/en\/","logo":{"@type":"ImageObject","inLanguage":"de","@id":"https:\/\/glareone.eu\/de\/en\/#\/schema\/logo\/image\/","url":"http:\/\/glareone.eu\/wp-content\/uploads\/2024\/05\/glareone_logo2020_RGB-01-e1715773127189.png","contentUrl":"http:\/\/glareone.eu\/wp-content\/uploads\/2024\/05\/glareone_logo2020_RGB-01-e1715773127189.png","width":1270,"height":321,"caption":"GlareOne"},"image":{"@id":"https:\/\/glareone.eu\/de\/en\/#\/schema\/logo\/image\/"},"sameAs":["https:\/\/www.facebook.com\/GlareOneLighting","https:\/\/www.instagram.com\/glareonelighting\/","https:\/\/www.youtube.com\/@GlareOneTV"]}]}},"_links":{"self":[{"href":"https:\/\/glareone.eu\/de\/wp-json\/wp\/v2\/product\/8618","targetHints":{"allow":["GET"]}}],"collection":[{"href":"https:\/\/glareone.eu\/de\/wp-json\/wp\/v2\/product"}],"about":[{"href":"https:\/\/glareone.eu\/de\/wp-json\/wp\/v2\/types\/product"}],"wp:featuredmedia":[{"embeddable":true,"href":"https:\/\/glareone.eu\/de\/wp-json\/wp\/v2\/media\/8603"}],"wp:attachment":[{"href":"https:\/\/glareone.eu\/de\/wp-json\/wp\/v2\/media?parent=8618"}],"wp:term":[{"taxonomy":"product_brand","embeddable":true,"href":"https:\/\/glareone.eu\/de\/wp-json\/wp\/v2\/product_brand?post=8618"},{"taxonomy":"product_cat","embeddable":true,"href":"https:\/\/glareone.eu\/de\/wp-json\/wp\/v2\/product_cat?post=8618"},{"taxonomy":"product_tag","embeddable":true,"href":"https:\/\/glareone.eu\/de\/wp-json\/wp\/v2\/product_tag?post=8618"}],"curies":[{"name":"wp","href":"https:\/\/api.w.org\/{rel}","templated":true}]}}