{"id":8580,"date":"2024-04-18T19:26:24","date_gmt":"2024-04-18T19:26:24","guid":{"rendered":"http:\/\/glareone.eu\/produkt\/glareone-glide-kit\/"},"modified":"2024-05-13T07:50:17","modified_gmt":"2024-05-13T07:50:17","slug":"glareone-glide-kit","status":"publish","type":"product","link":"https:\/\/glareone.eu\/de\/product\/glareone-glide-kit\/","title":{"rendered":"GlareOne Glide Kit &#8211; zestaw k\u00f3\u0142ek do statyw\u00f3w Fatboy"},"content":{"rendered":"<h3>Bequemlichkeit<\/h3>\n<p>Eine leichtere Bewegung eines Statives am Set, insbesondere mit einer aufgeh\u00e4ngten Lampe zusammen mit Lichtmodellierungsaccessoires, ist der Traum eines jeden Fotografen. Ein solcher vollst\u00e4ndiger Arbeitsbereich kann deutlich mehr als 10 kg wiegen, daher ist es viel einfacher, ihn \u00fcber den Boden zu rollen, als ihn in den H\u00e4nden zu tragen. Die L\u00f6sung f\u00fcr dieses Problem ist jedoch sehr einfach &#8211; Rollen.<\/p>\n<h3>Sicherheit<\/h3>\n<p>Die Ausstattung eines Statives mit Rollen macht die Arbeit nicht nur komfortabler, sondern auch sicherer. Die Rollen erm\u00f6glichen es Ihnen, das Stativ leicht zu bewegen, ohne es vom Boden zu ziehen, was die Gefahr des Umkippens oder Stolperns verringert.<\/p>\n<h3>Konstruktion<\/h3>\n<p>Die Glide Kit Rollen sind f\u00fcr die Arbeit mit Fatboy-Stativen konzipiert, k\u00f6nnen aber mit jedem Stativ verwendet werden, dessen Bein einen Durchmesser von 30 mm nicht \u00fcberschreitet. Die Stativaufh\u00e4ngung besteht vollst\u00e4ndig aus Metall f\u00fcr hohe Tragf\u00e4higkeit und mechanische Festigkeit. Jedes Rad ist mit einer Bremse ausgestattet, die es erm\u00f6glicht, es zu verriegeln.<\/p>\n<h3>Produktmerkmale:<\/h3>\n<ul>\n<li>Bietet mehr Sicherheit w\u00e4hrend Ihrer Session<\/li>\n<li>Aufh\u00e4ngung aus Metall und Rollen aus Kunststoff<\/li>\n<li>Passend f\u00fcr runde Beine mit einem maximalen Durchmesser von 30 mm<\/li>\n<li>Mit Bremsen ausgestattet<\/li>\n<li>Die Montage ist sehr einfach und erfordert kein zus\u00e4tzliches Werkzeug<\/li>\n<\/ul>\n","protected":false},"excerpt":{"rendered":"<p>Bequemlichkeit Eine leichtere Bewegung eines Statives am Set, insbesondere mit einer aufgeh\u00e4ngten Lampe zusammen mit Lichtmodellierungsaccessoires, ist der Traum eines jeden Fotografen. Ein solcher vollst\u00e4ndiger Arbeitsbereich kann deutlich mehr als 10 kg wiegen, daher ist es viel einfacher, ihn \u00fcber den Boden zu rollen, als ihn in den H\u00e4nden zu tragen. Die L\u00f6sung f\u00fcr dieses [&hellip;]<\/p>\n","protected":false},"featured_media":8565,"template":"","meta":[],"product_brand":[],"product_cat":[445],"product_tag":[],"class_list":{"0":"post-8580","1":"product","2":"type-product","3":"status-publish","4":"has-post-thumbnail","6":"product_cat-zubehor-de","8":"first","9":"instock","10":"product-type-simple"},"yoast_head":"<!-- This site is optimized with the Yoast SEO plugin v27.2 - https:\/\/yoast.com\/product\/yoast-seo-wordpress\/ -->\n<title>GlareOne Glide Kit - zestaw k\u00f3\u0142ek do statyw\u00f3w Fatboy<\/title>\n<meta name=\"description\" content=\"GlareOne Glide Kit - zestaw k\u00f3\u0142ek do statyw\u00f3w Fatboy\" \/>\n<meta name=\"robots\" content=\"index, follow, max-snippet:-1, max-image-preview:large, max-video-preview:-1\" \/>\n<link rel=\"canonical\" href=\"https:\/\/glareone.eu\/de\/product\/glareone-glide-kit\/\" \/>\n<meta property=\"og:locale\" content=\"de_DE\" \/>\n<meta property=\"og:type\" content=\"article\" \/>\n<meta property=\"og:title\" content=\"GlareOne Glide Kit - zestaw k\u00f3\u0142ek do statyw\u00f3w Fatboy\" \/>\n<meta property=\"og:description\" content=\"GlareOne Glide Kit - zestaw k\u00f3\u0142ek do statyw\u00f3w Fatboy\" \/>\n<meta property=\"og:url\" content=\"https:\/\/glareone.eu\/de\/product\/glareone-glide-kit\/\" \/>\n<meta property=\"og:site_name\" content=\"GlareOne\" \/>\n<meta property=\"article:publisher\" content=\"https:\/\/www.facebook.com\/GlareOneLighting\" \/>\n<meta property=\"article:modified_time\" content=\"2024-05-13T07:50:17+00:00\" \/>\n<meta property=\"og:image\" content=\"https:\/\/glareone.eu\/wp-content\/uploads\/2024\/04\/GlareOne-Glide-Kit-18-1.jpg\" \/>\n\t<meta property=\"og:image:width\" content=\"1200\" \/>\n\t<meta property=\"og:image:height\" content=\"1200\" \/>\n\t<meta property=\"og:image:type\" content=\"image\/jpeg\" \/>\n<meta name=\"twitter:card\" content=\"summary_large_image\" \/>\n<meta name=\"twitter:title\" content=\"GlareOne Glide Kit - zestaw k\u00f3\u0142ek do statyw\u00f3w Fatboy\" \/>\n<meta name=\"twitter:label1\" content=\"Gesch\u00e4tzte Lesezeit\" \/>\n\t<meta name=\"twitter:data1\" content=\"2\u00a0Minuten\" \/>\n<script type=\"application\/ld+json\" class=\"yoast-schema-graph\">{\"@context\":\"https:\/\/schema.org\",\"@graph\":[{\"@type\":\"WebPage\",\"@id\":\"https:\/\/glareone.eu\/de\/product\/glareone-glide-kit\/\",\"url\":\"https:\/\/glareone.eu\/de\/product\/glareone-glide-kit\/\",\"name\":\"GlareOne Glide Kit - zestaw k\u00f3\u0142ek do statyw\u00f3w Fatboy\",\"isPartOf\":{\"@id\":\"https:\/\/glareone.eu\/de\/en\/#website\"},\"primaryImageOfPage\":{\"@id\":\"https:\/\/glareone.eu\/de\/product\/glareone-glide-kit\/#primaryimage\"},\"image\":{\"@id\":\"https:\/\/glareone.eu\/de\/product\/glareone-glide-kit\/#primaryimage\"},\"thumbnailUrl\":\"https:\/\/glareone.eu\/wp-content\/uploads\/2024\/04\/GlareOne-Glide-Kit-18-1.jpg\",\"datePublished\":\"2024-04-18T19:26:24+00:00\",\"dateModified\":\"2024-05-13T07:50:17+00:00\",\"description\":\"GlareOne Glide Kit - zestaw k\u00f3\u0142ek do statyw\u00f3w Fatboy\",\"breadcrumb\":{\"@id\":\"https:\/\/glareone.eu\/de\/product\/glareone-glide-kit\/#breadcrumb\"},\"inLanguage\":\"de\",\"potentialAction\":[{\"@type\":\"ReadAction\",\"target\":[\"https:\/\/glareone.eu\/de\/product\/glareone-glide-kit\/\"]}]},{\"@type\":\"ImageObject\",\"inLanguage\":\"de\",\"@id\":\"https:\/\/glareone.eu\/de\/product\/glareone-glide-kit\/#primaryimage\",\"url\":\"https:\/\/glareone.eu\/wp-content\/uploads\/2024\/04\/GlareOne-Glide-Kit-18-1.jpg\",\"contentUrl\":\"https:\/\/glareone.eu\/wp-content\/uploads\/2024\/04\/GlareOne-Glide-Kit-18-1.jpg\",\"width\":1200,\"height\":1200},{\"@type\":\"BreadcrumbList\",\"@id\":\"https:\/\/glareone.eu\/de\/product\/glareone-glide-kit\/#breadcrumb\",\"itemListElement\":[{\"@type\":\"ListItem\",\"position\":1,\"name\":\"Strona g\u0142\u00f3wna\",\"item\":\"https:\/\/glareone.eu\/de\/\"},{\"@type\":\"ListItem\",\"position\":2,\"name\":\"Alle Produkte\",\"item\":\"https:\/\/glareone.eu\/de\/produkte\/alle-produkte\/\"},{\"@type\":\"ListItem\",\"position\":3,\"name\":\"GlareOne Glide Kit &#8211; zestaw k\u00f3\u0142ek do statyw\u00f3w Fatboy\"}]},{\"@type\":\"WebSite\",\"@id\":\"https:\/\/glareone.eu\/de\/en\/#website\",\"url\":\"https:\/\/glareone.eu\/de\/en\/\",\"name\":\"GlareOne\",\"description\":\"Wyposa\u017cenie Studia\",\"publisher\":{\"@id\":\"https:\/\/glareone.eu\/de\/en\/#organization\"},\"potentialAction\":[{\"@type\":\"SearchAction\",\"target\":{\"@type\":\"EntryPoint\",\"urlTemplate\":\"https:\/\/glareone.eu\/de\/en\/?s={search_term_string}\"},\"query-input\":{\"@type\":\"PropertyValueSpecification\",\"valueRequired\":true,\"valueName\":\"search_term_string\"}}],\"inLanguage\":\"de\"},{\"@type\":\"Organization\",\"@id\":\"https:\/\/glareone.eu\/de\/en\/#organization\",\"name\":\"GlareOne\",\"url\":\"https:\/\/glareone.eu\/de\/en\/\",\"logo\":{\"@type\":\"ImageObject\",\"inLanguage\":\"de\",\"@id\":\"https:\/\/glareone.eu\/de\/en\/#\/schema\/logo\/image\/\",\"url\":\"http:\/\/glareone.eu\/wp-content\/uploads\/2024\/05\/glareone_logo2020_RGB-01-e1715773127189.png\",\"contentUrl\":\"http:\/\/glareone.eu\/wp-content\/uploads\/2024\/05\/glareone_logo2020_RGB-01-e1715773127189.png\",\"width\":1270,\"height\":321,\"caption\":\"GlareOne\"},\"image\":{\"@id\":\"https:\/\/glareone.eu\/de\/en\/#\/schema\/logo\/image\/\"},\"sameAs\":[\"https:\/\/www.facebook.com\/GlareOneLighting\",\"https:\/\/www.instagram.com\/glareonelighting\/\",\"https:\/\/www.youtube.com\/@GlareOneTV\"]}]}<\/script>\n<!-- \/ Yoast SEO plugin. -->","yoast_head_json":{"title":"GlareOne Glide Kit - zestaw k\u00f3\u0142ek do statyw\u00f3w Fatboy","description":"GlareOne Glide Kit - zestaw k\u00f3\u0142ek do statyw\u00f3w Fatboy","robots":{"index":"index","follow":"follow","max-snippet":"max-snippet:-1","max-image-preview":"max-image-preview:large","max-video-preview":"max-video-preview:-1"},"canonical":"https:\/\/glareone.eu\/de\/product\/glareone-glide-kit\/","og_locale":"de_DE","og_type":"article","og_title":"GlareOne Glide Kit - zestaw k\u00f3\u0142ek do statyw\u00f3w Fatboy","og_description":"GlareOne Glide Kit - zestaw k\u00f3\u0142ek do statyw\u00f3w Fatboy","og_url":"https:\/\/glareone.eu\/de\/product\/glareone-glide-kit\/","og_site_name":"GlareOne","article_publisher":"https:\/\/www.facebook.com\/GlareOneLighting","article_modified_time":"2024-05-13T07:50:17+00:00","og_image":[{"width":1200,"height":1200,"url":"https:\/\/glareone.eu\/wp-content\/uploads\/2024\/04\/GlareOne-Glide-Kit-18-1.jpg","type":"image\/jpeg"}],"twitter_card":"summary_large_image","twitter_title":"GlareOne Glide Kit - zestaw k\u00f3\u0142ek do statyw\u00f3w Fatboy","twitter_misc":{"Gesch\u00e4tzte Lesezeit":"2\u00a0Minuten"},"schema":{"@context":"https:\/\/schema.org","@graph":[{"@type":"WebPage","@id":"https:\/\/glareone.eu\/de\/product\/glareone-glide-kit\/","url":"https:\/\/glareone.eu\/de\/product\/glareone-glide-kit\/","name":"GlareOne Glide Kit - zestaw k\u00f3\u0142ek do statyw\u00f3w Fatboy","isPartOf":{"@id":"https:\/\/glareone.eu\/de\/en\/#website"},"primaryImageOfPage":{"@id":"https:\/\/glareone.eu\/de\/product\/glareone-glide-kit\/#primaryimage"},"image":{"@id":"https:\/\/glareone.eu\/de\/product\/glareone-glide-kit\/#primaryimage"},"thumbnailUrl":"https:\/\/glareone.eu\/wp-content\/uploads\/2024\/04\/GlareOne-Glide-Kit-18-1.jpg","datePublished":"2024-04-18T19:26:24+00:00","dateModified":"2024-05-13T07:50:17+00:00","description":"GlareOne Glide Kit - zestaw k\u00f3\u0142ek do statyw\u00f3w Fatboy","breadcrumb":{"@id":"https:\/\/glareone.eu\/de\/product\/glareone-glide-kit\/#breadcrumb"},"inLanguage":"de","potentialAction":[{"@type":"ReadAction","target":["https:\/\/glareone.eu\/de\/product\/glareone-glide-kit\/"]}]},{"@type":"ImageObject","inLanguage":"de","@id":"https:\/\/glareone.eu\/de\/product\/glareone-glide-kit\/#primaryimage","url":"https:\/\/glareone.eu\/wp-content\/uploads\/2024\/04\/GlareOne-Glide-Kit-18-1.jpg","contentUrl":"https:\/\/glareone.eu\/wp-content\/uploads\/2024\/04\/GlareOne-Glide-Kit-18-1.jpg","width":1200,"height":1200},{"@type":"BreadcrumbList","@id":"https:\/\/glareone.eu\/de\/product\/glareone-glide-kit\/#breadcrumb","itemListElement":[{"@type":"ListItem","position":1,"name":"Strona g\u0142\u00f3wna","item":"https:\/\/glareone.eu\/de\/"},{"@type":"ListItem","position":2,"name":"Alle Produkte","item":"https:\/\/glareone.eu\/de\/produkte\/alle-produkte\/"},{"@type":"ListItem","position":3,"name":"GlareOne Glide Kit &#8211; zestaw k\u00f3\u0142ek do statyw\u00f3w Fatboy"}]},{"@type":"WebSite","@id":"https:\/\/glareone.eu\/de\/en\/#website","url":"https:\/\/glareone.eu\/de\/en\/","name":"GlareOne","description":"Wyposa\u017cenie Studia","publisher":{"@id":"https:\/\/glareone.eu\/de\/en\/#organization"},"potentialAction":[{"@type":"SearchAction","target":{"@type":"EntryPoint","urlTemplate":"https:\/\/glareone.eu\/de\/en\/?s={search_term_string}"},"query-input":{"@type":"PropertyValueSpecification","valueRequired":true,"valueName":"search_term_string"}}],"inLanguage":"de"},{"@type":"Organization","@id":"https:\/\/glareone.eu\/de\/en\/#organization","name":"GlareOne","url":"https:\/\/glareone.eu\/de\/en\/","logo":{"@type":"ImageObject","inLanguage":"de","@id":"https:\/\/glareone.eu\/de\/en\/#\/schema\/logo\/image\/","url":"http:\/\/glareone.eu\/wp-content\/uploads\/2024\/05\/glareone_logo2020_RGB-01-e1715773127189.png","contentUrl":"http:\/\/glareone.eu\/wp-content\/uploads\/2024\/05\/glareone_logo2020_RGB-01-e1715773127189.png","width":1270,"height":321,"caption":"GlareOne"},"image":{"@id":"https:\/\/glareone.eu\/de\/en\/#\/schema\/logo\/image\/"},"sameAs":["https:\/\/www.facebook.com\/GlareOneLighting","https:\/\/www.instagram.com\/glareonelighting\/","https:\/\/www.youtube.com\/@GlareOneTV"]}]}},"_links":{"self":[{"href":"https:\/\/glareone.eu\/de\/wp-json\/wp\/v2\/product\/8580","targetHints":{"allow":["GET"]}}],"collection":[{"href":"https:\/\/glareone.eu\/de\/wp-json\/wp\/v2\/product"}],"about":[{"href":"https:\/\/glareone.eu\/de\/wp-json\/wp\/v2\/types\/product"}],"wp:featuredmedia":[{"embeddable":true,"href":"https:\/\/glareone.eu\/de\/wp-json\/wp\/v2\/media\/8565"}],"wp:attachment":[{"href":"https:\/\/glareone.eu\/de\/wp-json\/wp\/v2\/media?parent=8580"}],"wp:term":[{"taxonomy":"product_brand","embeddable":true,"href":"https:\/\/glareone.eu\/de\/wp-json\/wp\/v2\/product_brand?post=8580"},{"taxonomy":"product_cat","embeddable":true,"href":"https:\/\/glareone.eu\/de\/wp-json\/wp\/v2\/product_cat?post=8580"},{"taxonomy":"product_tag","embeddable":true,"href":"https:\/\/glareone.eu\/de\/wp-json\/wp\/v2\/product_tag?post=8580"}],"curies":[{"name":"wp","href":"https:\/\/api.w.org\/{rel}","templated":true}]}}