{"id":8557,"date":"2024-04-18T19:26:27","date_gmt":"2024-04-18T19:26:27","guid":{"rendered":"http:\/\/glareone.eu\/produkt\/glareone-long-stick\/"},"modified":"2024-05-13T07:34:43","modified_gmt":"2024-05-13T07:34:43","slug":"glareone-long-stick","status":"publish","type":"product","link":"https:\/\/glareone.eu\/de\/product\/glareone-long-stick\/","title":{"rendered":"GlareOne Long Stick"},"content":{"rendered":"<h3>Anwendung<\/h3>\n<p>Der Long Stick ist eine Erg\u00e4nzung f\u00fcr das Arsenal jedes Fotografen und Filmemachers. Er ist so konzipiert, dass er als handgehaltener Verl\u00e4ngerungsarm f\u00fcr Lichtlampen mit einem Baldachin oder kleinen Softboxen dient. Der Long Stick ist die ideale L\u00f6sung, wenn Sie das Licht \u00fcber dem Set platzieren m\u00fcssen, insbesondere an schwer zug\u00e4nglichen Stellen oder dort, wo Sie kein herk\u00f6mmliches Stativ aufstellen k\u00f6nnen. Er kann auch als Mikrofonstativ verwendet werden.<\/p>\n<h3>Konstruktion<\/h3>\n<p>Der Long Stick besteht aus Rohren aus eloxiertem Aluminium, die leicht und dennoch stabil sind. Die Abschnittsklemmen und der Kopf, der den Pfosten kr\u00f6nt, bestehen ebenfalls aus Aluminium, was eine hohe Festigkeit und Tragf\u00e4higkeit gew\u00e4hrleistet. Der erste Abschnitt ist mit zwei Neopren-Futtern ausgestattet, die einen bequemen und sicheren Griff bieten. Der Pfosten ist mit einem Gummifu\u00df ausgestattet.<\/p>\n<h3>Produktmerkmale:<\/h3>\n<ul>\n<li>Erm\u00f6glicht es Ihnen, die Lampe hoch \u00fcber dem Aufnahmeset zu platzieren<\/li>\n<li>Geeignet f\u00fcr leichte Lampen und kleine Softboxen (&lt;90cm Durchmesser)<\/li>\n<li>Kann auch als Mikrofonstativ verwendet werden<\/li>\n<li>Zwei mit Neopren gef\u00fctterte Griffe bieten einen bequemen und sicheren Griff<\/li>\n<li>Die L\u00e4nge kann von 75 bis 235 cm eingestellt werden<\/li>\n<li>Es hat einen Kopf, der sowohl parallele als auch senkrechte Montage erm\u00f6glicht<\/li>\n<li>Der Dorn hat zwei Gewinde: 1\/4 und 5\/8 Zoll<\/li>\n<li>Klemmen und Rohre sind aus Aluminium gefertigt<\/li>\n<li>Die maximale Tragf\u00e4higkeit betr\u00e4gt 3 kg<\/li>\n<li>Endet mit einem Gummifu\u00df<\/li>\n<\/ul>\n","protected":false},"excerpt":{"rendered":"<p>Anwendung Der Long Stick ist eine Erg\u00e4nzung f\u00fcr das Arsenal jedes Fotografen und Filmemachers. Er ist so konzipiert, dass er als handgehaltener Verl\u00e4ngerungsarm f\u00fcr Lichtlampen mit einem Baldachin oder kleinen Softboxen dient. Der Long Stick ist die ideale L\u00f6sung, wenn Sie das Licht \u00fcber dem Set platzieren m\u00fcssen, insbesondere an schwer zug\u00e4nglichen Stellen oder dort, [&hellip;]<\/p>\n","protected":false},"featured_media":8550,"template":"","meta":[],"product_brand":[],"product_cat":[445],"product_tag":[],"class_list":{"0":"post-8557","1":"product","2":"type-product","3":"status-publish","4":"has-post-thumbnail","6":"product_cat-zubehor-de","8":"first","9":"instock","10":"product-type-simple"},"yoast_head":"<!-- This site is optimized with the Yoast SEO plugin v27.2 - https:\/\/yoast.com\/product\/yoast-seo-wordpress\/ -->\n<title>GlareOne Long Stick - tyczka do lamp<\/title>\n<meta name=\"description\" content=\"GlareOne Long Stick - tyczka do lamp\" \/>\n<meta name=\"robots\" content=\"index, follow, max-snippet:-1, max-image-preview:large, max-video-preview:-1\" \/>\n<link rel=\"canonical\" href=\"https:\/\/glareone.eu\/de\/product\/glareone-long-stick\/\" \/>\n<meta property=\"og:locale\" content=\"de_DE\" \/>\n<meta property=\"og:type\" content=\"article\" \/>\n<meta property=\"og:title\" content=\"GlareOne Long Stick - tyczka do lamp\" \/>\n<meta property=\"og:description\" content=\"GlareOne Long Stick - tyczka do lamp\" \/>\n<meta property=\"og:url\" content=\"https:\/\/glareone.eu\/de\/product\/glareone-long-stick\/\" \/>\n<meta property=\"og:site_name\" content=\"GlareOne\" \/>\n<meta property=\"article:publisher\" content=\"https:\/\/www.facebook.com\/GlareOneLighting\" \/>\n<meta property=\"article:modified_time\" content=\"2024-05-13T07:34:43+00:00\" \/>\n<meta property=\"og:image\" content=\"https:\/\/glareone.eu\/wp-content\/uploads\/2024\/04\/GlareOne-Long-Stick-14.jpg\" \/>\n\t<meta property=\"og:image:width\" content=\"1200\" \/>\n\t<meta property=\"og:image:height\" content=\"1200\" \/>\n\t<meta property=\"og:image:type\" content=\"image\/jpeg\" \/>\n<meta name=\"twitter:card\" content=\"summary_large_image\" \/>\n<meta name=\"twitter:title\" content=\"GlareOne Long Stick - tyczka do lamp\" \/>\n<meta name=\"twitter:label1\" content=\"Gesch\u00e4tzte Lesezeit\" \/>\n\t<meta name=\"twitter:data1\" content=\"2\u00a0Minuten\" \/>\n<script type=\"application\/ld+json\" class=\"yoast-schema-graph\">{\"@context\":\"https:\/\/schema.org\",\"@graph\":[{\"@type\":\"WebPage\",\"@id\":\"https:\/\/glareone.eu\/de\/product\/glareone-long-stick\/\",\"url\":\"https:\/\/glareone.eu\/de\/product\/glareone-long-stick\/\",\"name\":\"GlareOne Long Stick - tyczka do lamp\",\"isPartOf\":{\"@id\":\"https:\/\/glareone.eu\/de\/en\/#website\"},\"primaryImageOfPage\":{\"@id\":\"https:\/\/glareone.eu\/de\/product\/glareone-long-stick\/#primaryimage\"},\"image\":{\"@id\":\"https:\/\/glareone.eu\/de\/product\/glareone-long-stick\/#primaryimage\"},\"thumbnailUrl\":\"https:\/\/glareone.eu\/wp-content\/uploads\/2024\/04\/GlareOne-Long-Stick-14.jpg\",\"datePublished\":\"2024-04-18T19:26:27+00:00\",\"dateModified\":\"2024-05-13T07:34:43+00:00\",\"description\":\"GlareOne Long Stick - tyczka do lamp\",\"breadcrumb\":{\"@id\":\"https:\/\/glareone.eu\/de\/product\/glareone-long-stick\/#breadcrumb\"},\"inLanguage\":\"de\",\"potentialAction\":[{\"@type\":\"ReadAction\",\"target\":[\"https:\/\/glareone.eu\/de\/product\/glareone-long-stick\/\"]}]},{\"@type\":\"ImageObject\",\"inLanguage\":\"de\",\"@id\":\"https:\/\/glareone.eu\/de\/product\/glareone-long-stick\/#primaryimage\",\"url\":\"https:\/\/glareone.eu\/wp-content\/uploads\/2024\/04\/GlareOne-Long-Stick-14.jpg\",\"contentUrl\":\"https:\/\/glareone.eu\/wp-content\/uploads\/2024\/04\/GlareOne-Long-Stick-14.jpg\",\"width\":1200,\"height\":1200},{\"@type\":\"BreadcrumbList\",\"@id\":\"https:\/\/glareone.eu\/de\/product\/glareone-long-stick\/#breadcrumb\",\"itemListElement\":[{\"@type\":\"ListItem\",\"position\":1,\"name\":\"Strona g\u0142\u00f3wna\",\"item\":\"https:\/\/glareone.eu\/de\/\"},{\"@type\":\"ListItem\",\"position\":2,\"name\":\"Alle Produkte\",\"item\":\"https:\/\/glareone.eu\/de\/produkte\/alle-produkte\/\"},{\"@type\":\"ListItem\",\"position\":3,\"name\":\"GlareOne Long Stick\"}]},{\"@type\":\"WebSite\",\"@id\":\"https:\/\/glareone.eu\/de\/en\/#website\",\"url\":\"https:\/\/glareone.eu\/de\/en\/\",\"name\":\"GlareOne\",\"description\":\"Wyposa\u017cenie Studia\",\"publisher\":{\"@id\":\"https:\/\/glareone.eu\/de\/en\/#organization\"},\"potentialAction\":[{\"@type\":\"SearchAction\",\"target\":{\"@type\":\"EntryPoint\",\"urlTemplate\":\"https:\/\/glareone.eu\/de\/en\/?s={search_term_string}\"},\"query-input\":{\"@type\":\"PropertyValueSpecification\",\"valueRequired\":true,\"valueName\":\"search_term_string\"}}],\"inLanguage\":\"de\"},{\"@type\":\"Organization\",\"@id\":\"https:\/\/glareone.eu\/de\/en\/#organization\",\"name\":\"GlareOne\",\"url\":\"https:\/\/glareone.eu\/de\/en\/\",\"logo\":{\"@type\":\"ImageObject\",\"inLanguage\":\"de\",\"@id\":\"https:\/\/glareone.eu\/de\/en\/#\/schema\/logo\/image\/\",\"url\":\"http:\/\/glareone.eu\/wp-content\/uploads\/2024\/05\/glareone_logo2020_RGB-01-e1715773127189.png\",\"contentUrl\":\"http:\/\/glareone.eu\/wp-content\/uploads\/2024\/05\/glareone_logo2020_RGB-01-e1715773127189.png\",\"width\":1270,\"height\":321,\"caption\":\"GlareOne\"},\"image\":{\"@id\":\"https:\/\/glareone.eu\/de\/en\/#\/schema\/logo\/image\/\"},\"sameAs\":[\"https:\/\/www.facebook.com\/GlareOneLighting\",\"https:\/\/www.instagram.com\/glareonelighting\/\",\"https:\/\/www.youtube.com\/@GlareOneTV\"]}]}<\/script>\n<!-- \/ Yoast SEO plugin. -->","yoast_head_json":{"title":"GlareOne Long Stick - tyczka do lamp","description":"GlareOne Long Stick - tyczka do lamp","robots":{"index":"index","follow":"follow","max-snippet":"max-snippet:-1","max-image-preview":"max-image-preview:large","max-video-preview":"max-video-preview:-1"},"canonical":"https:\/\/glareone.eu\/de\/product\/glareone-long-stick\/","og_locale":"de_DE","og_type":"article","og_title":"GlareOne Long Stick - tyczka do lamp","og_description":"GlareOne Long Stick - tyczka do lamp","og_url":"https:\/\/glareone.eu\/de\/product\/glareone-long-stick\/","og_site_name":"GlareOne","article_publisher":"https:\/\/www.facebook.com\/GlareOneLighting","article_modified_time":"2024-05-13T07:34:43+00:00","og_image":[{"width":1200,"height":1200,"url":"https:\/\/glareone.eu\/wp-content\/uploads\/2024\/04\/GlareOne-Long-Stick-14.jpg","type":"image\/jpeg"}],"twitter_card":"summary_large_image","twitter_title":"GlareOne Long Stick - tyczka do lamp","twitter_misc":{"Gesch\u00e4tzte Lesezeit":"2\u00a0Minuten"},"schema":{"@context":"https:\/\/schema.org","@graph":[{"@type":"WebPage","@id":"https:\/\/glareone.eu\/de\/product\/glareone-long-stick\/","url":"https:\/\/glareone.eu\/de\/product\/glareone-long-stick\/","name":"GlareOne Long Stick - tyczka do lamp","isPartOf":{"@id":"https:\/\/glareone.eu\/de\/en\/#website"},"primaryImageOfPage":{"@id":"https:\/\/glareone.eu\/de\/product\/glareone-long-stick\/#primaryimage"},"image":{"@id":"https:\/\/glareone.eu\/de\/product\/glareone-long-stick\/#primaryimage"},"thumbnailUrl":"https:\/\/glareone.eu\/wp-content\/uploads\/2024\/04\/GlareOne-Long-Stick-14.jpg","datePublished":"2024-04-18T19:26:27+00:00","dateModified":"2024-05-13T07:34:43+00:00","description":"GlareOne Long Stick - tyczka do lamp","breadcrumb":{"@id":"https:\/\/glareone.eu\/de\/product\/glareone-long-stick\/#breadcrumb"},"inLanguage":"de","potentialAction":[{"@type":"ReadAction","target":["https:\/\/glareone.eu\/de\/product\/glareone-long-stick\/"]}]},{"@type":"ImageObject","inLanguage":"de","@id":"https:\/\/glareone.eu\/de\/product\/glareone-long-stick\/#primaryimage","url":"https:\/\/glareone.eu\/wp-content\/uploads\/2024\/04\/GlareOne-Long-Stick-14.jpg","contentUrl":"https:\/\/glareone.eu\/wp-content\/uploads\/2024\/04\/GlareOne-Long-Stick-14.jpg","width":1200,"height":1200},{"@type":"BreadcrumbList","@id":"https:\/\/glareone.eu\/de\/product\/glareone-long-stick\/#breadcrumb","itemListElement":[{"@type":"ListItem","position":1,"name":"Strona g\u0142\u00f3wna","item":"https:\/\/glareone.eu\/de\/"},{"@type":"ListItem","position":2,"name":"Alle Produkte","item":"https:\/\/glareone.eu\/de\/produkte\/alle-produkte\/"},{"@type":"ListItem","position":3,"name":"GlareOne Long Stick"}]},{"@type":"WebSite","@id":"https:\/\/glareone.eu\/de\/en\/#website","url":"https:\/\/glareone.eu\/de\/en\/","name":"GlareOne","description":"Wyposa\u017cenie Studia","publisher":{"@id":"https:\/\/glareone.eu\/de\/en\/#organization"},"potentialAction":[{"@type":"SearchAction","target":{"@type":"EntryPoint","urlTemplate":"https:\/\/glareone.eu\/de\/en\/?s={search_term_string}"},"query-input":{"@type":"PropertyValueSpecification","valueRequired":true,"valueName":"search_term_string"}}],"inLanguage":"de"},{"@type":"Organization","@id":"https:\/\/glareone.eu\/de\/en\/#organization","name":"GlareOne","url":"https:\/\/glareone.eu\/de\/en\/","logo":{"@type":"ImageObject","inLanguage":"de","@id":"https:\/\/glareone.eu\/de\/en\/#\/schema\/logo\/image\/","url":"http:\/\/glareone.eu\/wp-content\/uploads\/2024\/05\/glareone_logo2020_RGB-01-e1715773127189.png","contentUrl":"http:\/\/glareone.eu\/wp-content\/uploads\/2024\/05\/glareone_logo2020_RGB-01-e1715773127189.png","width":1270,"height":321,"caption":"GlareOne"},"image":{"@id":"https:\/\/glareone.eu\/de\/en\/#\/schema\/logo\/image\/"},"sameAs":["https:\/\/www.facebook.com\/GlareOneLighting","https:\/\/www.instagram.com\/glareonelighting\/","https:\/\/www.youtube.com\/@GlareOneTV"]}]}},"_links":{"self":[{"href":"https:\/\/glareone.eu\/de\/wp-json\/wp\/v2\/product\/8557","targetHints":{"allow":["GET"]}}],"collection":[{"href":"https:\/\/glareone.eu\/de\/wp-json\/wp\/v2\/product"}],"about":[{"href":"https:\/\/glareone.eu\/de\/wp-json\/wp\/v2\/types\/product"}],"wp:featuredmedia":[{"embeddable":true,"href":"https:\/\/glareone.eu\/de\/wp-json\/wp\/v2\/media\/8550"}],"wp:attachment":[{"href":"https:\/\/glareone.eu\/de\/wp-json\/wp\/v2\/media?parent=8557"}],"wp:term":[{"taxonomy":"product_brand","embeddable":true,"href":"https:\/\/glareone.eu\/de\/wp-json\/wp\/v2\/product_brand?post=8557"},{"taxonomy":"product_cat","embeddable":true,"href":"https:\/\/glareone.eu\/de\/wp-json\/wp\/v2\/product_cat?post=8557"},{"taxonomy":"product_tag","embeddable":true,"href":"https:\/\/glareone.eu\/de\/wp-json\/wp\/v2\/product_tag?post=8557"}],"curies":[{"name":"wp","href":"https:\/\/api.w.org\/{rel}","templated":true}]}}