{"id":8396,"date":"2024-04-18T19:26:29","date_gmt":"2024-04-18T19:26:29","guid":{"rendered":"http:\/\/glareone.eu\/produkt\/glareone-universal-clamp\/"},"modified":"2024-05-23T09:54:40","modified_gmt":"2024-05-23T09:54:40","slug":"glareone-universal-clamp","status":"publish","type":"product","link":"https:\/\/glareone.eu\/de\/product\/glareone-universal-clamp\/","title":{"rendered":"GlareOne Universal Clamp"},"content":{"rendered":"<p>GlareOne Universal Clamp ist eine solide federbelastete Mehrzweckklemme, die verwendet werden kann, um Gobos, Flags, Reflektoren oder andere kleine Gegenst\u00e4nde zu halten.<\/p>\n<p>Die Universal Clamp kann wie jede andere Klemme funktionieren und kann verwendet werden, um Gobo, Flagge, Reflektor, Hintergrund oder jeden anderen f\u00fcr Ihr Fotoshooting wesentlichen Gegenstand zu halten. Dar\u00fcber hinaus k\u00f6nnen Sie die Klemme direkt an Ihrem Studiost\u00e4nder montieren, ohne zus\u00e4tzliche K\u00f6pfe oder Halterungen. Sie k\u00f6nnen beispielsweise das Licht Ihres Speedlights vom Reflektor abprallen lassen, der am Stativ montiert ist, und das einzige, was Sie ben\u00f6tigen, ist eine Universal Clamp.<\/p>\n<p>Dank der Gummi-Auskleidungen der Backen rutscht der gehaltene Gegenstand nicht ab und wird nicht besch\u00e4digt. Die Klemme kann bis zu 3 kg halten.<\/p>\n<h3>Produkteigenschaften:<\/h3>\n<ul>\n<li>Einfach zu bedienende und vielseitige Klemme mit Klemme<\/li>\n<li>Ausgestattet mit einem Standard-5\/8&#8243;-Zapfen mit 3\/8&#8243;-Gewinde<\/li>\n<li>Am Ende der Klemme wurden rutschfeste Punkte angebracht<\/li>\n<li>Die maximale Klemm\u00f6ffnung betr\u00e4gt 50 mm<\/li>\n<li>Die Klemme ist vollst\u00e4ndig aus Metall gefertigt<\/li>\n<li>Die maximale Tragf\u00e4higkeit der Klemme betr\u00e4gt 3 kg<\/li>\n<\/ul>\n","protected":false},"excerpt":{"rendered":"<p>GlareOne Universal Clamp ist eine solide federbelastete Mehrzweckklemme, die verwendet werden kann, um Gobos, Flags, Reflektoren oder andere kleine Gegenst\u00e4nde zu halten. Die Universal Clamp kann wie jede andere Klemme funktionieren und kann verwendet werden, um Gobo, Flagge, Reflektor, Hintergrund oder jeden anderen f\u00fcr Ihr Fotoshooting wesentlichen Gegenstand zu halten. Dar\u00fcber hinaus k\u00f6nnen Sie die [&hellip;]<\/p>\n","protected":false},"featured_media":8377,"template":"","meta":[],"product_brand":[],"product_cat":[445],"product_tag":[],"class_list":{"0":"post-8396","1":"product","2":"type-product","3":"status-publish","4":"has-post-thumbnail","6":"product_cat-zubehor-de","8":"first","9":"instock","10":"product-type-simple"},"yoast_head":"<!-- This site is optimized with the Yoast SEO plugin v27.2 - https:\/\/yoast.com\/product\/yoast-seo-wordpress\/ -->\n<title>GlareOne Universal Clamp<\/title>\n<meta name=\"description\" content=\"Die GlareOne Universalklemme ist eine benutzerfreundliche, solide Klemme, mit der Sie einen Reflektor, eine Flagge oder einen Gobo greifen und auf einem Stativ befestigen k\u00f6nnen.\" \/>\n<meta name=\"robots\" content=\"index, follow, max-snippet:-1, max-image-preview:large, max-video-preview:-1\" \/>\n<link rel=\"canonical\" href=\"https:\/\/glareone.eu\/de\/product\/glareone-universal-clamp\/\" \/>\n<meta property=\"og:locale\" content=\"de_DE\" \/>\n<meta property=\"og:type\" content=\"article\" \/>\n<meta property=\"og:title\" content=\"GlareOne Universal Clamp\" \/>\n<meta property=\"og:description\" content=\"Die GlareOne Universalklemme ist eine benutzerfreundliche, solide Klemme, mit der Sie einen Reflektor, eine Flagge oder einen Gobo greifen und auf einem Stativ befestigen k\u00f6nnen.\" \/>\n<meta property=\"og:url\" content=\"https:\/\/glareone.eu\/de\/product\/glareone-universal-clamp\/\" \/>\n<meta property=\"og:site_name\" content=\"GlareOne\" \/>\n<meta property=\"article:publisher\" content=\"https:\/\/www.facebook.com\/GlareOneLighting\" \/>\n<meta property=\"article:modified_time\" content=\"2024-05-23T09:54:40+00:00\" \/>\n<meta property=\"og:image\" content=\"https:\/\/glareone.eu\/wp-content\/uploads\/2024\/04\/GlareOne-Universal-Clamp-01.jpg\" \/>\n\t<meta property=\"og:image:width\" content=\"1200\" \/>\n\t<meta property=\"og:image:height\" content=\"1200\" \/>\n\t<meta property=\"og:image:type\" content=\"image\/jpeg\" \/>\n<meta name=\"twitter:card\" content=\"summary_large_image\" \/>\n<meta name=\"twitter:title\" content=\"GlareOne Universal Clamp\" \/>\n<meta name=\"twitter:label1\" content=\"Gesch\u00e4tzte Lesezeit\" \/>\n\t<meta name=\"twitter:data1\" content=\"1\u00a0Minute\" \/>\n<script type=\"application\/ld+json\" class=\"yoast-schema-graph\">{\"@context\":\"https:\/\/schema.org\",\"@graph\":[{\"@type\":\"WebPage\",\"@id\":\"https:\/\/glareone.eu\/de\/product\/glareone-universal-clamp\/\",\"url\":\"https:\/\/glareone.eu\/de\/product\/glareone-universal-clamp\/\",\"name\":\"GlareOne Universal Clamp\",\"isPartOf\":{\"@id\":\"https:\/\/glareone.eu\/de\/en\/#website\"},\"primaryImageOfPage\":{\"@id\":\"https:\/\/glareone.eu\/de\/product\/glareone-universal-clamp\/#primaryimage\"},\"image\":{\"@id\":\"https:\/\/glareone.eu\/de\/product\/glareone-universal-clamp\/#primaryimage\"},\"thumbnailUrl\":\"https:\/\/glareone.eu\/wp-content\/uploads\/2024\/04\/GlareOne-Universal-Clamp-01.jpg\",\"datePublished\":\"2024-04-18T19:26:29+00:00\",\"dateModified\":\"2024-05-23T09:54:40+00:00\",\"description\":\"Die GlareOne Universalklemme ist eine benutzerfreundliche, solide Klemme, mit der Sie einen Reflektor, eine Flagge oder einen Gobo greifen und auf einem Stativ befestigen k\u00f6nnen.\",\"breadcrumb\":{\"@id\":\"https:\/\/glareone.eu\/de\/product\/glareone-universal-clamp\/#breadcrumb\"},\"inLanguage\":\"de\",\"potentialAction\":[{\"@type\":\"ReadAction\",\"target\":[\"https:\/\/glareone.eu\/de\/product\/glareone-universal-clamp\/\"]}]},{\"@type\":\"ImageObject\",\"inLanguage\":\"de\",\"@id\":\"https:\/\/glareone.eu\/de\/product\/glareone-universal-clamp\/#primaryimage\",\"url\":\"https:\/\/glareone.eu\/wp-content\/uploads\/2024\/04\/GlareOne-Universal-Clamp-01.jpg\",\"contentUrl\":\"https:\/\/glareone.eu\/wp-content\/uploads\/2024\/04\/GlareOne-Universal-Clamp-01.jpg\",\"width\":1200,\"height\":1200},{\"@type\":\"BreadcrumbList\",\"@id\":\"https:\/\/glareone.eu\/de\/product\/glareone-universal-clamp\/#breadcrumb\",\"itemListElement\":[{\"@type\":\"ListItem\",\"position\":1,\"name\":\"Strona g\u0142\u00f3wna\",\"item\":\"https:\/\/glareone.eu\/de\/\"},{\"@type\":\"ListItem\",\"position\":2,\"name\":\"Alle Produkte\",\"item\":\"https:\/\/glareone.eu\/de\/produkte\/alle-produkte\/\"},{\"@type\":\"ListItem\",\"position\":3,\"name\":\"GlareOne Universal Clamp\"}]},{\"@type\":\"WebSite\",\"@id\":\"https:\/\/glareone.eu\/de\/en\/#website\",\"url\":\"https:\/\/glareone.eu\/de\/en\/\",\"name\":\"GlareOne\",\"description\":\"Wyposa\u017cenie Studia\",\"publisher\":{\"@id\":\"https:\/\/glareone.eu\/de\/en\/#organization\"},\"potentialAction\":[{\"@type\":\"SearchAction\",\"target\":{\"@type\":\"EntryPoint\",\"urlTemplate\":\"https:\/\/glareone.eu\/de\/en\/?s={search_term_string}\"},\"query-input\":{\"@type\":\"PropertyValueSpecification\",\"valueRequired\":true,\"valueName\":\"search_term_string\"}}],\"inLanguage\":\"de\"},{\"@type\":\"Organization\",\"@id\":\"https:\/\/glareone.eu\/de\/en\/#organization\",\"name\":\"GlareOne\",\"url\":\"https:\/\/glareone.eu\/de\/en\/\",\"logo\":{\"@type\":\"ImageObject\",\"inLanguage\":\"de\",\"@id\":\"https:\/\/glareone.eu\/de\/en\/#\/schema\/logo\/image\/\",\"url\":\"http:\/\/glareone.eu\/wp-content\/uploads\/2024\/05\/glareone_logo2020_RGB-01-e1715773127189.png\",\"contentUrl\":\"http:\/\/glareone.eu\/wp-content\/uploads\/2024\/05\/glareone_logo2020_RGB-01-e1715773127189.png\",\"width\":1270,\"height\":321,\"caption\":\"GlareOne\"},\"image\":{\"@id\":\"https:\/\/glareone.eu\/de\/en\/#\/schema\/logo\/image\/\"},\"sameAs\":[\"https:\/\/www.facebook.com\/GlareOneLighting\",\"https:\/\/www.instagram.com\/glareonelighting\/\",\"https:\/\/www.youtube.com\/@GlareOneTV\"]}]}<\/script>\n<!-- \/ Yoast SEO plugin. -->","yoast_head_json":{"title":"GlareOne Universal Clamp","description":"Die GlareOne Universalklemme ist eine benutzerfreundliche, solide Klemme, mit der Sie einen Reflektor, eine Flagge oder einen Gobo greifen und auf einem Stativ befestigen k\u00f6nnen.","robots":{"index":"index","follow":"follow","max-snippet":"max-snippet:-1","max-image-preview":"max-image-preview:large","max-video-preview":"max-video-preview:-1"},"canonical":"https:\/\/glareone.eu\/de\/product\/glareone-universal-clamp\/","og_locale":"de_DE","og_type":"article","og_title":"GlareOne Universal Clamp","og_description":"Die GlareOne Universalklemme ist eine benutzerfreundliche, solide Klemme, mit der Sie einen Reflektor, eine Flagge oder einen Gobo greifen und auf einem Stativ befestigen k\u00f6nnen.","og_url":"https:\/\/glareone.eu\/de\/product\/glareone-universal-clamp\/","og_site_name":"GlareOne","article_publisher":"https:\/\/www.facebook.com\/GlareOneLighting","article_modified_time":"2024-05-23T09:54:40+00:00","og_image":[{"width":1200,"height":1200,"url":"https:\/\/glareone.eu\/wp-content\/uploads\/2024\/04\/GlareOne-Universal-Clamp-01.jpg","type":"image\/jpeg"}],"twitter_card":"summary_large_image","twitter_title":"GlareOne Universal Clamp","twitter_misc":{"Gesch\u00e4tzte Lesezeit":"1\u00a0Minute"},"schema":{"@context":"https:\/\/schema.org","@graph":[{"@type":"WebPage","@id":"https:\/\/glareone.eu\/de\/product\/glareone-universal-clamp\/","url":"https:\/\/glareone.eu\/de\/product\/glareone-universal-clamp\/","name":"GlareOne Universal Clamp","isPartOf":{"@id":"https:\/\/glareone.eu\/de\/en\/#website"},"primaryImageOfPage":{"@id":"https:\/\/glareone.eu\/de\/product\/glareone-universal-clamp\/#primaryimage"},"image":{"@id":"https:\/\/glareone.eu\/de\/product\/glareone-universal-clamp\/#primaryimage"},"thumbnailUrl":"https:\/\/glareone.eu\/wp-content\/uploads\/2024\/04\/GlareOne-Universal-Clamp-01.jpg","datePublished":"2024-04-18T19:26:29+00:00","dateModified":"2024-05-23T09:54:40+00:00","description":"Die GlareOne Universalklemme ist eine benutzerfreundliche, solide Klemme, mit der Sie einen Reflektor, eine Flagge oder einen Gobo greifen und auf einem Stativ befestigen k\u00f6nnen.","breadcrumb":{"@id":"https:\/\/glareone.eu\/de\/product\/glareone-universal-clamp\/#breadcrumb"},"inLanguage":"de","potentialAction":[{"@type":"ReadAction","target":["https:\/\/glareone.eu\/de\/product\/glareone-universal-clamp\/"]}]},{"@type":"ImageObject","inLanguage":"de","@id":"https:\/\/glareone.eu\/de\/product\/glareone-universal-clamp\/#primaryimage","url":"https:\/\/glareone.eu\/wp-content\/uploads\/2024\/04\/GlareOne-Universal-Clamp-01.jpg","contentUrl":"https:\/\/glareone.eu\/wp-content\/uploads\/2024\/04\/GlareOne-Universal-Clamp-01.jpg","width":1200,"height":1200},{"@type":"BreadcrumbList","@id":"https:\/\/glareone.eu\/de\/product\/glareone-universal-clamp\/#breadcrumb","itemListElement":[{"@type":"ListItem","position":1,"name":"Strona g\u0142\u00f3wna","item":"https:\/\/glareone.eu\/de\/"},{"@type":"ListItem","position":2,"name":"Alle Produkte","item":"https:\/\/glareone.eu\/de\/produkte\/alle-produkte\/"},{"@type":"ListItem","position":3,"name":"GlareOne Universal Clamp"}]},{"@type":"WebSite","@id":"https:\/\/glareone.eu\/de\/en\/#website","url":"https:\/\/glareone.eu\/de\/en\/","name":"GlareOne","description":"Wyposa\u017cenie Studia","publisher":{"@id":"https:\/\/glareone.eu\/de\/en\/#organization"},"potentialAction":[{"@type":"SearchAction","target":{"@type":"EntryPoint","urlTemplate":"https:\/\/glareone.eu\/de\/en\/?s={search_term_string}"},"query-input":{"@type":"PropertyValueSpecification","valueRequired":true,"valueName":"search_term_string"}}],"inLanguage":"de"},{"@type":"Organization","@id":"https:\/\/glareone.eu\/de\/en\/#organization","name":"GlareOne","url":"https:\/\/glareone.eu\/de\/en\/","logo":{"@type":"ImageObject","inLanguage":"de","@id":"https:\/\/glareone.eu\/de\/en\/#\/schema\/logo\/image\/","url":"http:\/\/glareone.eu\/wp-content\/uploads\/2024\/05\/glareone_logo2020_RGB-01-e1715773127189.png","contentUrl":"http:\/\/glareone.eu\/wp-content\/uploads\/2024\/05\/glareone_logo2020_RGB-01-e1715773127189.png","width":1270,"height":321,"caption":"GlareOne"},"image":{"@id":"https:\/\/glareone.eu\/de\/en\/#\/schema\/logo\/image\/"},"sameAs":["https:\/\/www.facebook.com\/GlareOneLighting","https:\/\/www.instagram.com\/glareonelighting\/","https:\/\/www.youtube.com\/@GlareOneTV"]}]}},"_links":{"self":[{"href":"https:\/\/glareone.eu\/de\/wp-json\/wp\/v2\/product\/8396","targetHints":{"allow":["GET"]}}],"collection":[{"href":"https:\/\/glareone.eu\/de\/wp-json\/wp\/v2\/product"}],"about":[{"href":"https:\/\/glareone.eu\/de\/wp-json\/wp\/v2\/types\/product"}],"wp:featuredmedia":[{"embeddable":true,"href":"https:\/\/glareone.eu\/de\/wp-json\/wp\/v2\/media\/8377"}],"wp:attachment":[{"href":"https:\/\/glareone.eu\/de\/wp-json\/wp\/v2\/media?parent=8396"}],"wp:term":[{"taxonomy":"product_brand","embeddable":true,"href":"https:\/\/glareone.eu\/de\/wp-json\/wp\/v2\/product_brand?post=8396"},{"taxonomy":"product_cat","embeddable":true,"href":"https:\/\/glareone.eu\/de\/wp-json\/wp\/v2\/product_cat?post=8396"},{"taxonomy":"product_tag","embeddable":true,"href":"https:\/\/glareone.eu\/de\/wp-json\/wp\/v2\/product_tag?post=8396"}],"curies":[{"name":"wp","href":"https:\/\/api.w.org\/{rel}","templated":true}]}}