{"id":8258,"date":"2024-04-18T19:26:14","date_gmt":"2024-04-18T19:26:14","guid":{"rendered":"http:\/\/glareone.eu\/produkt\/glareone-parasolka-softbox-90cm\/"},"modified":"2024-05-10T12:04:33","modified_gmt":"2024-05-10T12:04:33","slug":"glareone-softbox-schirm-90cm","status":"publish","type":"product","link":"https:\/\/glareone.eu\/de\/product\/glareone-softbox-schirm-90cm\/","title":{"rendered":"GlareOne Softbox-Schirm 90cm"},"content":{"rendered":"<p>Die GlareOne Softbox-Schirm ist genau das Richtige f\u00fcr Sie. Ihr geringes Gewicht, die kompakte Gr\u00f6\u00dfe und die einfache Montage, die identisch mit Standard-Schirmen ist, machen die Softbox-Schirm sowohl mit Studioblitzger\u00e4ten als auch mit Reportageblitzger\u00e4ten einfach zu verwenden.<\/p>\n<p>Vorteile des silberschirms mit GlareOne-diffusor:<\/p>\n<ul>\n<li>Empfohlen haupts\u00e4chlich f\u00fcr Blitze<\/li>\n<li>Hergestellt aus drei Stoffschichten: \u00e4u\u00dfere Schicht &#8211; verhindert das Entweichen von Licht, innere Schicht &#8211; metallisiert, mit hohem Reflexionsfaktor und halbdurchl\u00e4ssige reflektierende Schicht &#8211; sorgt f\u00fcr zus\u00e4tzliche Lichtstreuung<\/li>\n<li>Durch Platzierung der Blitzlichtquelle innerhalb des Schirms wird ein Effekt erzielt, der dem mit einem traditionellen Softbox erzielten \u00e4hnlich ist<\/li>\n<li>Durch \u00c4ndern der Einfallrichtung und Weichzeichnen des Lichts kann der Kontrast auf Fotos reduziert werden<\/li>\n<li>Die solide Konstruktion funktioniert auch unter schwierigen Au\u00dfenbedingungen einwandfrei<\/li>\n<li>Die verwendeten Stoffe garantieren eine gleichm\u00e4\u00dfige und konstante Farbtemperatur des modellierten Lichts<\/li>\n<li>Kompatibel mit den meisten Standardhalterungen und Lampenhalterungen auf dem Markt erh\u00e4ltlich<\/li>\n<\/ul>\n","protected":false},"excerpt":{"rendered":"<p>Die GlareOne Softbox-Schirm ist genau das Richtige f\u00fcr Sie. Ihr geringes Gewicht, die kompakte Gr\u00f6\u00dfe und die einfache Montage, die identisch mit Standard-Schirmen ist, machen die Softbox-Schirm sowohl mit Studioblitzger\u00e4ten als auch mit Reportageblitzger\u00e4ten einfach zu verwenden. Vorteile des silberschirms mit GlareOne-diffusor: Empfohlen haupts\u00e4chlich f\u00fcr Blitze Hergestellt aus drei Stoffschichten: \u00e4u\u00dfere Schicht &#8211; verhindert das [&hellip;]<\/p>\n","protected":false},"featured_media":8255,"template":"","meta":[],"product_brand":[],"product_cat":[497],"product_tag":[],"class_list":{"0":"post-8258","1":"product","2":"type-product","3":"status-publish","4":"has-post-thumbnail","6":"product_cat-ander-softboxen","8":"first","9":"instock","10":"product-type-simple"},"yoast_head":"<!-- This site is optimized with the Yoast SEO plugin v27.2 - https:\/\/yoast.com\/product\/yoast-seo-wordpress\/ -->\n<title>GlareOne Parasolka \u2013 softbox 90cm<\/title>\n<meta name=\"description\" content=\"GlareOne Parasolka \u2013 softbox 90cm\" \/>\n<meta name=\"robots\" content=\"index, follow, max-snippet:-1, max-image-preview:large, max-video-preview:-1\" \/>\n<link rel=\"canonical\" href=\"https:\/\/glareone.eu\/de\/product\/glareone-softbox-schirm-90cm\/\" \/>\n<meta property=\"og:locale\" content=\"de_DE\" \/>\n<meta property=\"og:type\" content=\"article\" \/>\n<meta property=\"og:title\" content=\"GlareOne Parasolka \u2013 softbox 90cm\" \/>\n<meta property=\"og:description\" content=\"GlareOne Parasolka \u2013 softbox 90cm\" \/>\n<meta property=\"og:url\" content=\"https:\/\/glareone.eu\/de\/product\/glareone-softbox-schirm-90cm\/\" \/>\n<meta property=\"og:site_name\" content=\"GlareOne\" \/>\n<meta property=\"article:publisher\" content=\"https:\/\/www.facebook.com\/GlareOneLighting\" \/>\n<meta property=\"article:modified_time\" content=\"2024-05-10T12:04:33+00:00\" \/>\n<meta property=\"og:image\" content=\"https:\/\/glareone.eu\/wp-content\/uploads\/2024\/04\/SUMBSOFT90.jpg\" \/>\n\t<meta property=\"og:image:width\" content=\"1000\" \/>\n\t<meta property=\"og:image:height\" content=\"1000\" \/>\n\t<meta property=\"og:image:type\" content=\"image\/jpeg\" \/>\n<meta name=\"twitter:card\" content=\"summary_large_image\" \/>\n<meta name=\"twitter:title\" content=\"GlareOne Parasolka \u2013 softbox 90cm\" \/>\n<meta name=\"twitter:label1\" content=\"Gesch\u00e4tzte Lesezeit\" \/>\n\t<meta name=\"twitter:data1\" content=\"1\u00a0Minute\" \/>\n<script type=\"application\/ld+json\" class=\"yoast-schema-graph\">{\"@context\":\"https:\/\/schema.org\",\"@graph\":[{\"@type\":\"WebPage\",\"@id\":\"https:\/\/glareone.eu\/de\/product\/glareone-softbox-schirm-90cm\/\",\"url\":\"https:\/\/glareone.eu\/de\/product\/glareone-softbox-schirm-90cm\/\",\"name\":\"GlareOne Parasolka \u2013 softbox 90cm\",\"isPartOf\":{\"@id\":\"https:\/\/glareone.eu\/de\/en\/#website\"},\"primaryImageOfPage\":{\"@id\":\"https:\/\/glareone.eu\/de\/product\/glareone-softbox-schirm-90cm\/#primaryimage\"},\"image\":{\"@id\":\"https:\/\/glareone.eu\/de\/product\/glareone-softbox-schirm-90cm\/#primaryimage\"},\"thumbnailUrl\":\"https:\/\/glareone.eu\/wp-content\/uploads\/2024\/04\/SUMBSOFT90.jpg\",\"datePublished\":\"2024-04-18T19:26:14+00:00\",\"dateModified\":\"2024-05-10T12:04:33+00:00\",\"description\":\"GlareOne Parasolka \u2013 softbox 90cm\",\"breadcrumb\":{\"@id\":\"https:\/\/glareone.eu\/de\/product\/glareone-softbox-schirm-90cm\/#breadcrumb\"},\"inLanguage\":\"de\",\"potentialAction\":[{\"@type\":\"ReadAction\",\"target\":[\"https:\/\/glareone.eu\/de\/product\/glareone-softbox-schirm-90cm\/\"]}]},{\"@type\":\"ImageObject\",\"inLanguage\":\"de\",\"@id\":\"https:\/\/glareone.eu\/de\/product\/glareone-softbox-schirm-90cm\/#primaryimage\",\"url\":\"https:\/\/glareone.eu\/wp-content\/uploads\/2024\/04\/SUMBSOFT90.jpg\",\"contentUrl\":\"https:\/\/glareone.eu\/wp-content\/uploads\/2024\/04\/SUMBSOFT90.jpg\",\"width\":1000,\"height\":1000},{\"@type\":\"BreadcrumbList\",\"@id\":\"https:\/\/glareone.eu\/de\/product\/glareone-softbox-schirm-90cm\/#breadcrumb\",\"itemListElement\":[{\"@type\":\"ListItem\",\"position\":1,\"name\":\"Strona g\u0142\u00f3wna\",\"item\":\"https:\/\/glareone.eu\/de\/\"},{\"@type\":\"ListItem\",\"position\":2,\"name\":\"Alle Produkte\",\"item\":\"https:\/\/glareone.eu\/de\/produkte\/alle-produkte\/\"},{\"@type\":\"ListItem\",\"position\":3,\"name\":\"GlareOne Softbox-Schirm 90cm\"}]},{\"@type\":\"WebSite\",\"@id\":\"https:\/\/glareone.eu\/de\/en\/#website\",\"url\":\"https:\/\/glareone.eu\/de\/en\/\",\"name\":\"GlareOne\",\"description\":\"Wyposa\u017cenie Studia\",\"publisher\":{\"@id\":\"https:\/\/glareone.eu\/de\/en\/#organization\"},\"potentialAction\":[{\"@type\":\"SearchAction\",\"target\":{\"@type\":\"EntryPoint\",\"urlTemplate\":\"https:\/\/glareone.eu\/de\/en\/?s={search_term_string}\"},\"query-input\":{\"@type\":\"PropertyValueSpecification\",\"valueRequired\":true,\"valueName\":\"search_term_string\"}}],\"inLanguage\":\"de\"},{\"@type\":\"Organization\",\"@id\":\"https:\/\/glareone.eu\/de\/en\/#organization\",\"name\":\"GlareOne\",\"url\":\"https:\/\/glareone.eu\/de\/en\/\",\"logo\":{\"@type\":\"ImageObject\",\"inLanguage\":\"de\",\"@id\":\"https:\/\/glareone.eu\/de\/en\/#\/schema\/logo\/image\/\",\"url\":\"http:\/\/glareone.eu\/wp-content\/uploads\/2024\/05\/glareone_logo2020_RGB-01-e1715773127189.png\",\"contentUrl\":\"http:\/\/glareone.eu\/wp-content\/uploads\/2024\/05\/glareone_logo2020_RGB-01-e1715773127189.png\",\"width\":1270,\"height\":321,\"caption\":\"GlareOne\"},\"image\":{\"@id\":\"https:\/\/glareone.eu\/de\/en\/#\/schema\/logo\/image\/\"},\"sameAs\":[\"https:\/\/www.facebook.com\/GlareOneLighting\",\"https:\/\/www.instagram.com\/glareonelighting\/\",\"https:\/\/www.youtube.com\/@GlareOneTV\"]}]}<\/script>\n<!-- \/ Yoast SEO plugin. -->","yoast_head_json":{"title":"GlareOne Parasolka \u2013 softbox 90cm","description":"GlareOne Parasolka \u2013 softbox 90cm","robots":{"index":"index","follow":"follow","max-snippet":"max-snippet:-1","max-image-preview":"max-image-preview:large","max-video-preview":"max-video-preview:-1"},"canonical":"https:\/\/glareone.eu\/de\/product\/glareone-softbox-schirm-90cm\/","og_locale":"de_DE","og_type":"article","og_title":"GlareOne Parasolka \u2013 softbox 90cm","og_description":"GlareOne Parasolka \u2013 softbox 90cm","og_url":"https:\/\/glareone.eu\/de\/product\/glareone-softbox-schirm-90cm\/","og_site_name":"GlareOne","article_publisher":"https:\/\/www.facebook.com\/GlareOneLighting","article_modified_time":"2024-05-10T12:04:33+00:00","og_image":[{"width":1000,"height":1000,"url":"https:\/\/glareone.eu\/wp-content\/uploads\/2024\/04\/SUMBSOFT90.jpg","type":"image\/jpeg"}],"twitter_card":"summary_large_image","twitter_title":"GlareOne Parasolka \u2013 softbox 90cm","twitter_misc":{"Gesch\u00e4tzte Lesezeit":"1\u00a0Minute"},"schema":{"@context":"https:\/\/schema.org","@graph":[{"@type":"WebPage","@id":"https:\/\/glareone.eu\/de\/product\/glareone-softbox-schirm-90cm\/","url":"https:\/\/glareone.eu\/de\/product\/glareone-softbox-schirm-90cm\/","name":"GlareOne Parasolka \u2013 softbox 90cm","isPartOf":{"@id":"https:\/\/glareone.eu\/de\/en\/#website"},"primaryImageOfPage":{"@id":"https:\/\/glareone.eu\/de\/product\/glareone-softbox-schirm-90cm\/#primaryimage"},"image":{"@id":"https:\/\/glareone.eu\/de\/product\/glareone-softbox-schirm-90cm\/#primaryimage"},"thumbnailUrl":"https:\/\/glareone.eu\/wp-content\/uploads\/2024\/04\/SUMBSOFT90.jpg","datePublished":"2024-04-18T19:26:14+00:00","dateModified":"2024-05-10T12:04:33+00:00","description":"GlareOne Parasolka \u2013 softbox 90cm","breadcrumb":{"@id":"https:\/\/glareone.eu\/de\/product\/glareone-softbox-schirm-90cm\/#breadcrumb"},"inLanguage":"de","potentialAction":[{"@type":"ReadAction","target":["https:\/\/glareone.eu\/de\/product\/glareone-softbox-schirm-90cm\/"]}]},{"@type":"ImageObject","inLanguage":"de","@id":"https:\/\/glareone.eu\/de\/product\/glareone-softbox-schirm-90cm\/#primaryimage","url":"https:\/\/glareone.eu\/wp-content\/uploads\/2024\/04\/SUMBSOFT90.jpg","contentUrl":"https:\/\/glareone.eu\/wp-content\/uploads\/2024\/04\/SUMBSOFT90.jpg","width":1000,"height":1000},{"@type":"BreadcrumbList","@id":"https:\/\/glareone.eu\/de\/product\/glareone-softbox-schirm-90cm\/#breadcrumb","itemListElement":[{"@type":"ListItem","position":1,"name":"Strona g\u0142\u00f3wna","item":"https:\/\/glareone.eu\/de\/"},{"@type":"ListItem","position":2,"name":"Alle Produkte","item":"https:\/\/glareone.eu\/de\/produkte\/alle-produkte\/"},{"@type":"ListItem","position":3,"name":"GlareOne Softbox-Schirm 90cm"}]},{"@type":"WebSite","@id":"https:\/\/glareone.eu\/de\/en\/#website","url":"https:\/\/glareone.eu\/de\/en\/","name":"GlareOne","description":"Wyposa\u017cenie Studia","publisher":{"@id":"https:\/\/glareone.eu\/de\/en\/#organization"},"potentialAction":[{"@type":"SearchAction","target":{"@type":"EntryPoint","urlTemplate":"https:\/\/glareone.eu\/de\/en\/?s={search_term_string}"},"query-input":{"@type":"PropertyValueSpecification","valueRequired":true,"valueName":"search_term_string"}}],"inLanguage":"de"},{"@type":"Organization","@id":"https:\/\/glareone.eu\/de\/en\/#organization","name":"GlareOne","url":"https:\/\/glareone.eu\/de\/en\/","logo":{"@type":"ImageObject","inLanguage":"de","@id":"https:\/\/glareone.eu\/de\/en\/#\/schema\/logo\/image\/","url":"http:\/\/glareone.eu\/wp-content\/uploads\/2024\/05\/glareone_logo2020_RGB-01-e1715773127189.png","contentUrl":"http:\/\/glareone.eu\/wp-content\/uploads\/2024\/05\/glareone_logo2020_RGB-01-e1715773127189.png","width":1270,"height":321,"caption":"GlareOne"},"image":{"@id":"https:\/\/glareone.eu\/de\/en\/#\/schema\/logo\/image\/"},"sameAs":["https:\/\/www.facebook.com\/GlareOneLighting","https:\/\/www.instagram.com\/glareonelighting\/","https:\/\/www.youtube.com\/@GlareOneTV"]}]}},"_links":{"self":[{"href":"https:\/\/glareone.eu\/de\/wp-json\/wp\/v2\/product\/8258","targetHints":{"allow":["GET"]}}],"collection":[{"href":"https:\/\/glareone.eu\/de\/wp-json\/wp\/v2\/product"}],"about":[{"href":"https:\/\/glareone.eu\/de\/wp-json\/wp\/v2\/types\/product"}],"wp:featuredmedia":[{"embeddable":true,"href":"https:\/\/glareone.eu\/de\/wp-json\/wp\/v2\/media\/8255"}],"wp:attachment":[{"href":"https:\/\/glareone.eu\/de\/wp-json\/wp\/v2\/media?parent=8258"}],"wp:term":[{"taxonomy":"product_brand","embeddable":true,"href":"https:\/\/glareone.eu\/de\/wp-json\/wp\/v2\/product_brand?post=8258"},{"taxonomy":"product_cat","embeddable":true,"href":"https:\/\/glareone.eu\/de\/wp-json\/wp\/v2\/product_cat?post=8258"},{"taxonomy":"product_tag","embeddable":true,"href":"https:\/\/glareone.eu\/de\/wp-json\/wp\/v2\/product_tag?post=8258"}],"curies":[{"name":"wp","href":"https:\/\/api.w.org\/{rel}","templated":true}]}}