{"id":8206,"date":"2024-04-18T19:26:14","date_gmt":"2024-04-18T19:26:14","guid":{"rendered":"http:\/\/glareone.eu\/produkt\/glareone-system-zawieszenia-tla-lancuszkowy-komplet-na-4-tla\/"},"modified":"2024-05-10T11:31:24","modified_gmt":"2024-05-10T11:31:24","slug":"glareone-background-support-system-set-for-4-backgrounds","status":"publish","type":"product","link":"https:\/\/glareone.eu\/de\/product\/glareone-background-support-system-set-for-4-backgrounds\/","title":{"rendered":"GlareOne Background Support System &#8211; set for 4 backgrounds"},"content":{"rendered":"<p>Das Kettenmontagesystem f\u00fcr Hintergr\u00fcnde ist f\u00fcr die Wand- oder Deckenmontage konzipiert. Es ist speziell f\u00fcr die Verwendung mit Hintergr\u00fcnden ausgelegt, die auf Karton- oder Aluminiumkerne mit Durchmessern von 4,5 cm bis 6,5 cm aufgewickelt sind. Das Set erm\u00f6glicht das Aufh\u00e4ngen von 1-4 Hintergr\u00fcnden. Jeder Hintergrund sollte auf einem Karton- oder Aluminiumkern mit dem erforderlichen Durchmesser aufgewickelt sein. Zur Montage des Hintergrunds am System werden Expanderspreizen verwendet. Es ist eine praktische L\u00f6sung, die Platz im Studio spart.<\/p>\n<h3>Beliebige Breite der Hintergr\u00fcnde<\/h3>\n<p>Das Kettenmontagesystem erm\u00f6glicht die Montage von Hintergr\u00fcnden beliebiger Breite. Dies wird durch Montagehalterungen erleichtert, die in beliebigem Abstand voneinander installiert werden k\u00f6nnen.<\/p>\n<h3>Wie montiert man einen Hintergrund am Kettenmontagesystem?<\/h3>\n<p>Zur Montage des Hintergrunds am System werden Expanderspreizen verwendet. Die ausgebreiteten Spreizen werden in die Kerne mit dem Hintergrund eingef\u00fchrt und durch Verdrehen wird ihr Durchmesser erh\u00f6ht, bis sie im Kern einrasten.<\/p>\n<p>In der Produktgalerie finden Sie ein Anleitungsbild. Bildlegenden:<\/p>\n<p>A &#8211; Einstellung der Spreizung der Expander,<\/p>\n<p>B &#8211; Einstellbereich von Haken zu Haken,<\/p>\n<p>C &#8211; Montageaussparung,<\/p>\n<p>D &#8211; Aluminiumh\u00fclse.<\/p>\n<p>Die Spreizen bilden einen vollst\u00e4ndigen Satz von Halterungen f\u00fcr Haken. Die linke Spreize erm\u00f6glicht die Einstellung der Breite zu den bereits aufgeh\u00e4ngten Haken innerhalb eines Bereichs von +\/-5 cm. An der rechten Spreize befestigen wir eine Kette zur Einstellung der L\u00e4nge des Hintergrunds. Hintergr\u00fcnde, die auf diese Weise mit Spreizen vorbereitet wurden, werden auf Haken\/Montagehalterungen platziert, die zuvor an der Wand oder Decke befestigt wurden. Auf dem Zahnrad in der rechten Spreize legen wir die mitgelieferte Einstellungskette mit einem Gewicht, um ihre korrekte Position w\u00e4hrend der Arbeit sicherzustellen. Wenn der Zugang zu den an den Halterungen befestigten Hintergr\u00fcnden schwierig ist, kann die Kette vor der Montage des Hintergrunds an der Halterung angebracht werden.<\/p>\n<p>Korrekt angebrachte Hintergr\u00fcnde mit Ketten erm\u00f6glichen das Hochziehen und Absenken des ausgew\u00e4hlten Hintergrunds in die gew\u00fcnschten Positionen.<\/p>\n<h3>Dinge, die Sie vor der Installation des Systems beachten sollten:<\/h3>\n<ul>\n<li>korrekte Planung des Abstands der montierten Halterungen\/Haken an der Wand\/Decke &#8211; er muss etwa 3 cm bis 8 cm breiter sein als die H\u00fclse mit dem aufgewickelten Hintergrund &#8211; die linke Spreize hilft, den Unterschied von 5 cm in der Breite zwischen dem Hintergrund mit Spreizen und der Wandhalterung auszugleichen<\/li>\n<li>Richtige Positionierung der linken und rechten Spreizen. So dass nur auf einer Seite, z.B. rechts, Spreizen mit Kettenverstellung vorhanden sind und auf der gegen\u00fcberliegenden Seite Montagespreizen mit Breitenverstellung von +\/- 5 cm.<\/li>\n<\/ul>\n<h3>Vorgeschlagene Montagereihenfolge:<\/h3>\n<ol>\n<li>Korrekte Installation der Spreize in der Hintergrundh\u00fclse, zusammen mit der Installation der Kette und des Gewichts &#8211; so dass der Anfang und das Ende des Spreizenteils in der H\u00fclse liegen<\/li>\n<li>Messen der Breite der ordnungsgem\u00e4\u00df befestigten Spreizen in der Hintergrundh\u00fclse<\/li>\n<li>Montage von Haken\/Haltern an der Wand oder Decke im Abstand zwischen den Haltern, der der Breite des Hintergrunds mit Spreizen + 4 cm entspricht<\/li>\n<li>Installation des Hintergrundsets mit H\u00fclse und Spreize am Griff\/Haken auf der rechten Seite<\/li>\n<li>Platzieren des Hintergrundsets mit H\u00fclse und Spreize auf dem Halter\/Haken auf der linken Seite, Ausgleich des vorhandenen Unterschieds durch Einstellung der Breite an der linken Spreize.<\/li>\n<\/ol>\n<h3>Im Set enthalten:<\/h3>\n<ul>\n<li>2 x Metall-Wandhalterungen f\u00fcr jeweils 4 Spreizen<\/li>\n<li>Montagestifte f\u00fcr Halterungen<\/li>\n<li>4 Paar Spreizen zur Befestigung der Kerne an Hintergr\u00fcnden: linke und rechte Spreize, Kette, Gewicht<\/li>\n<\/ul>\n","protected":false},"excerpt":{"rendered":"<p>Das Kettenmontagesystem f\u00fcr Hintergr\u00fcnde ist f\u00fcr die Wand- oder Deckenmontage konzipiert. Es ist speziell f\u00fcr die Verwendung mit Hintergr\u00fcnden ausgelegt, die auf Karton- oder Aluminiumkerne mit Durchmessern von 4,5 cm bis 6,5 cm aufgewickelt sind. Das Set erm\u00f6glicht das Aufh\u00e4ngen von 1-4 Hintergr\u00fcnden. Jeder Hintergrund sollte auf einem Karton- oder Aluminiumkern mit dem erforderlichen Durchmesser [&hellip;]<\/p>\n","protected":false},"featured_media":8203,"template":"","meta":[],"product_brand":[],"product_cat":[440],"product_tag":[],"class_list":{"0":"post-8206","1":"product","2":"type-product","3":"status-publish","4":"has-post-thumbnail","6":"product_cat-hintergrundstutzsysteme","8":"first","9":"instock","10":"product-type-simple"},"yoast_head":"<!-- This site is optimized with the Yoast SEO plugin v27.2 - https:\/\/yoast.com\/product\/yoast-seo-wordpress\/ -->\n<title>GlareOne System zawieszenia t\u0142a - \u0142a\u0144cuszkowy, komplet na 4 t\u0142a<\/title>\n<meta name=\"description\" content=\"GlareOne System zawieszenia t\u0142a - \u0142a\u0144cuszkowy, komplet na 4 t\u0142a\" \/>\n<meta name=\"robots\" content=\"index, follow, max-snippet:-1, max-image-preview:large, max-video-preview:-1\" \/>\n<link rel=\"canonical\" href=\"https:\/\/glareone.eu\/de\/product\/glareone-background-support-system-set-for-4-backgrounds\/\" \/>\n<meta property=\"og:locale\" content=\"de_DE\" \/>\n<meta property=\"og:type\" content=\"article\" \/>\n<meta property=\"og:title\" content=\"GlareOne System zawieszenia t\u0142a - \u0142a\u0144cuszkowy, komplet na 4 t\u0142a\" \/>\n<meta property=\"og:description\" content=\"GlareOne System zawieszenia t\u0142a - \u0142a\u0144cuszkowy, komplet na 4 t\u0142a\" \/>\n<meta property=\"og:url\" content=\"https:\/\/glareone.eu\/de\/product\/glareone-background-support-system-set-for-4-backgrounds\/\" \/>\n<meta property=\"og:site_name\" content=\"GlareOne\" \/>\n<meta property=\"article:publisher\" content=\"https:\/\/www.facebook.com\/GlareOneLighting\" \/>\n<meta property=\"article:modified_time\" content=\"2024-05-10T11:31:24+00:00\" \/>\n<meta property=\"og:image\" content=\"https:\/\/glareone.eu\/wp-content\/uploads\/2024\/04\/SBRX4_001.jpg\" \/>\n\t<meta property=\"og:image:width\" content=\"1000\" \/>\n\t<meta property=\"og:image:height\" content=\"1000\" \/>\n\t<meta property=\"og:image:type\" content=\"image\/jpeg\" \/>\n<meta name=\"twitter:card\" content=\"summary_large_image\" \/>\n<meta name=\"twitter:title\" content=\"GlareOne System zawieszenia t\u0142a - \u0142a\u0144cuszkowy, komplet na 4 t\u0142a\" \/>\n<meta name=\"twitter:label1\" content=\"Gesch\u00e4tzte Lesezeit\" \/>\n\t<meta name=\"twitter:data1\" content=\"3\u00a0Minuten\" \/>\n<script type=\"application\/ld+json\" class=\"yoast-schema-graph\">{\"@context\":\"https:\/\/schema.org\",\"@graph\":[{\"@type\":\"WebPage\",\"@id\":\"https:\/\/glareone.eu\/de\/product\/glareone-background-support-system-set-for-4-backgrounds\/\",\"url\":\"https:\/\/glareone.eu\/de\/product\/glareone-background-support-system-set-for-4-backgrounds\/\",\"name\":\"GlareOne System zawieszenia t\u0142a - \u0142a\u0144cuszkowy, komplet na 4 t\u0142a\",\"isPartOf\":{\"@id\":\"https:\/\/glareone.eu\/de\/en\/#website\"},\"primaryImageOfPage\":{\"@id\":\"https:\/\/glareone.eu\/de\/product\/glareone-background-support-system-set-for-4-backgrounds\/#primaryimage\"},\"image\":{\"@id\":\"https:\/\/glareone.eu\/de\/product\/glareone-background-support-system-set-for-4-backgrounds\/#primaryimage\"},\"thumbnailUrl\":\"https:\/\/glareone.eu\/wp-content\/uploads\/2024\/04\/SBRX4_001.jpg\",\"datePublished\":\"2024-04-18T19:26:14+00:00\",\"dateModified\":\"2024-05-10T11:31:24+00:00\",\"description\":\"GlareOne System zawieszenia t\u0142a - \u0142a\u0144cuszkowy, komplet na 4 t\u0142a\",\"breadcrumb\":{\"@id\":\"https:\/\/glareone.eu\/de\/product\/glareone-background-support-system-set-for-4-backgrounds\/#breadcrumb\"},\"inLanguage\":\"de\",\"potentialAction\":[{\"@type\":\"ReadAction\",\"target\":[\"https:\/\/glareone.eu\/de\/product\/glareone-background-support-system-set-for-4-backgrounds\/\"]}]},{\"@type\":\"ImageObject\",\"inLanguage\":\"de\",\"@id\":\"https:\/\/glareone.eu\/de\/product\/glareone-background-support-system-set-for-4-backgrounds\/#primaryimage\",\"url\":\"https:\/\/glareone.eu\/wp-content\/uploads\/2024\/04\/SBRX4_001.jpg\",\"contentUrl\":\"https:\/\/glareone.eu\/wp-content\/uploads\/2024\/04\/SBRX4_001.jpg\",\"width\":1000,\"height\":1000},{\"@type\":\"BreadcrumbList\",\"@id\":\"https:\/\/glareone.eu\/de\/product\/glareone-background-support-system-set-for-4-backgrounds\/#breadcrumb\",\"itemListElement\":[{\"@type\":\"ListItem\",\"position\":1,\"name\":\"Strona g\u0142\u00f3wna\",\"item\":\"https:\/\/glareone.eu\/de\/\"},{\"@type\":\"ListItem\",\"position\":2,\"name\":\"Alle Produkte\",\"item\":\"https:\/\/glareone.eu\/de\/produkte\/alle-produkte\/\"},{\"@type\":\"ListItem\",\"position\":3,\"name\":\"GlareOne Background Support System &#8211; set for 4 backgrounds\"}]},{\"@type\":\"WebSite\",\"@id\":\"https:\/\/glareone.eu\/de\/en\/#website\",\"url\":\"https:\/\/glareone.eu\/de\/en\/\",\"name\":\"GlareOne\",\"description\":\"Wyposa\u017cenie Studia\",\"publisher\":{\"@id\":\"https:\/\/glareone.eu\/de\/en\/#organization\"},\"potentialAction\":[{\"@type\":\"SearchAction\",\"target\":{\"@type\":\"EntryPoint\",\"urlTemplate\":\"https:\/\/glareone.eu\/de\/en\/?s={search_term_string}\"},\"query-input\":{\"@type\":\"PropertyValueSpecification\",\"valueRequired\":true,\"valueName\":\"search_term_string\"}}],\"inLanguage\":\"de\"},{\"@type\":\"Organization\",\"@id\":\"https:\/\/glareone.eu\/de\/en\/#organization\",\"name\":\"GlareOne\",\"url\":\"https:\/\/glareone.eu\/de\/en\/\",\"logo\":{\"@type\":\"ImageObject\",\"inLanguage\":\"de\",\"@id\":\"https:\/\/glareone.eu\/de\/en\/#\/schema\/logo\/image\/\",\"url\":\"http:\/\/glareone.eu\/wp-content\/uploads\/2024\/05\/glareone_logo2020_RGB-01-e1715773127189.png\",\"contentUrl\":\"http:\/\/glareone.eu\/wp-content\/uploads\/2024\/05\/glareone_logo2020_RGB-01-e1715773127189.png\",\"width\":1270,\"height\":321,\"caption\":\"GlareOne\"},\"image\":{\"@id\":\"https:\/\/glareone.eu\/de\/en\/#\/schema\/logo\/image\/\"},\"sameAs\":[\"https:\/\/www.facebook.com\/GlareOneLighting\",\"https:\/\/www.instagram.com\/glareonelighting\/\",\"https:\/\/www.youtube.com\/@GlareOneTV\"]}]}<\/script>\n<!-- \/ Yoast SEO plugin. -->","yoast_head_json":{"title":"GlareOne System zawieszenia t\u0142a - \u0142a\u0144cuszkowy, komplet na 4 t\u0142a","description":"GlareOne System zawieszenia t\u0142a - \u0142a\u0144cuszkowy, komplet na 4 t\u0142a","robots":{"index":"index","follow":"follow","max-snippet":"max-snippet:-1","max-image-preview":"max-image-preview:large","max-video-preview":"max-video-preview:-1"},"canonical":"https:\/\/glareone.eu\/de\/product\/glareone-background-support-system-set-for-4-backgrounds\/","og_locale":"de_DE","og_type":"article","og_title":"GlareOne System zawieszenia t\u0142a - \u0142a\u0144cuszkowy, komplet na 4 t\u0142a","og_description":"GlareOne System zawieszenia t\u0142a - \u0142a\u0144cuszkowy, komplet na 4 t\u0142a","og_url":"https:\/\/glareone.eu\/de\/product\/glareone-background-support-system-set-for-4-backgrounds\/","og_site_name":"GlareOne","article_publisher":"https:\/\/www.facebook.com\/GlareOneLighting","article_modified_time":"2024-05-10T11:31:24+00:00","og_image":[{"width":1000,"height":1000,"url":"https:\/\/glareone.eu\/wp-content\/uploads\/2024\/04\/SBRX4_001.jpg","type":"image\/jpeg"}],"twitter_card":"summary_large_image","twitter_title":"GlareOne System zawieszenia t\u0142a - \u0142a\u0144cuszkowy, komplet na 4 t\u0142a","twitter_misc":{"Gesch\u00e4tzte Lesezeit":"3\u00a0Minuten"},"schema":{"@context":"https:\/\/schema.org","@graph":[{"@type":"WebPage","@id":"https:\/\/glareone.eu\/de\/product\/glareone-background-support-system-set-for-4-backgrounds\/","url":"https:\/\/glareone.eu\/de\/product\/glareone-background-support-system-set-for-4-backgrounds\/","name":"GlareOne System zawieszenia t\u0142a - \u0142a\u0144cuszkowy, komplet na 4 t\u0142a","isPartOf":{"@id":"https:\/\/glareone.eu\/de\/en\/#website"},"primaryImageOfPage":{"@id":"https:\/\/glareone.eu\/de\/product\/glareone-background-support-system-set-for-4-backgrounds\/#primaryimage"},"image":{"@id":"https:\/\/glareone.eu\/de\/product\/glareone-background-support-system-set-for-4-backgrounds\/#primaryimage"},"thumbnailUrl":"https:\/\/glareone.eu\/wp-content\/uploads\/2024\/04\/SBRX4_001.jpg","datePublished":"2024-04-18T19:26:14+00:00","dateModified":"2024-05-10T11:31:24+00:00","description":"GlareOne System zawieszenia t\u0142a - \u0142a\u0144cuszkowy, komplet na 4 t\u0142a","breadcrumb":{"@id":"https:\/\/glareone.eu\/de\/product\/glareone-background-support-system-set-for-4-backgrounds\/#breadcrumb"},"inLanguage":"de","potentialAction":[{"@type":"ReadAction","target":["https:\/\/glareone.eu\/de\/product\/glareone-background-support-system-set-for-4-backgrounds\/"]}]},{"@type":"ImageObject","inLanguage":"de","@id":"https:\/\/glareone.eu\/de\/product\/glareone-background-support-system-set-for-4-backgrounds\/#primaryimage","url":"https:\/\/glareone.eu\/wp-content\/uploads\/2024\/04\/SBRX4_001.jpg","contentUrl":"https:\/\/glareone.eu\/wp-content\/uploads\/2024\/04\/SBRX4_001.jpg","width":1000,"height":1000},{"@type":"BreadcrumbList","@id":"https:\/\/glareone.eu\/de\/product\/glareone-background-support-system-set-for-4-backgrounds\/#breadcrumb","itemListElement":[{"@type":"ListItem","position":1,"name":"Strona g\u0142\u00f3wna","item":"https:\/\/glareone.eu\/de\/"},{"@type":"ListItem","position":2,"name":"Alle Produkte","item":"https:\/\/glareone.eu\/de\/produkte\/alle-produkte\/"},{"@type":"ListItem","position":3,"name":"GlareOne Background Support System &#8211; set for 4 backgrounds"}]},{"@type":"WebSite","@id":"https:\/\/glareone.eu\/de\/en\/#website","url":"https:\/\/glareone.eu\/de\/en\/","name":"GlareOne","description":"Wyposa\u017cenie Studia","publisher":{"@id":"https:\/\/glareone.eu\/de\/en\/#organization"},"potentialAction":[{"@type":"SearchAction","target":{"@type":"EntryPoint","urlTemplate":"https:\/\/glareone.eu\/de\/en\/?s={search_term_string}"},"query-input":{"@type":"PropertyValueSpecification","valueRequired":true,"valueName":"search_term_string"}}],"inLanguage":"de"},{"@type":"Organization","@id":"https:\/\/glareone.eu\/de\/en\/#organization","name":"GlareOne","url":"https:\/\/glareone.eu\/de\/en\/","logo":{"@type":"ImageObject","inLanguage":"de","@id":"https:\/\/glareone.eu\/de\/en\/#\/schema\/logo\/image\/","url":"http:\/\/glareone.eu\/wp-content\/uploads\/2024\/05\/glareone_logo2020_RGB-01-e1715773127189.png","contentUrl":"http:\/\/glareone.eu\/wp-content\/uploads\/2024\/05\/glareone_logo2020_RGB-01-e1715773127189.png","width":1270,"height":321,"caption":"GlareOne"},"image":{"@id":"https:\/\/glareone.eu\/de\/en\/#\/schema\/logo\/image\/"},"sameAs":["https:\/\/www.facebook.com\/GlareOneLighting","https:\/\/www.instagram.com\/glareonelighting\/","https:\/\/www.youtube.com\/@GlareOneTV"]}]}},"_links":{"self":[{"href":"https:\/\/glareone.eu\/de\/wp-json\/wp\/v2\/product\/8206","targetHints":{"allow":["GET"]}}],"collection":[{"href":"https:\/\/glareone.eu\/de\/wp-json\/wp\/v2\/product"}],"about":[{"href":"https:\/\/glareone.eu\/de\/wp-json\/wp\/v2\/types\/product"}],"wp:featuredmedia":[{"embeddable":true,"href":"https:\/\/glareone.eu\/de\/wp-json\/wp\/v2\/media\/8203"}],"wp:attachment":[{"href":"https:\/\/glareone.eu\/de\/wp-json\/wp\/v2\/media?parent=8206"}],"wp:term":[{"taxonomy":"product_brand","embeddable":true,"href":"https:\/\/glareone.eu\/de\/wp-json\/wp\/v2\/product_brand?post=8206"},{"taxonomy":"product_cat","embeddable":true,"href":"https:\/\/glareone.eu\/de\/wp-json\/wp\/v2\/product_cat?post=8206"},{"taxonomy":"product_tag","embeddable":true,"href":"https:\/\/glareone.eu\/de\/wp-json\/wp\/v2\/product_tag?post=8206"}],"curies":[{"name":"wp","href":"https:\/\/api.w.org\/{rel}","templated":true}]}}