{"id":8155,"date":"2024-04-18T19:26:14","date_gmt":"2024-04-18T19:26:14","guid":{"rendered":"http:\/\/glareone.eu\/produkt\/glareone-system-zawieszania-tla-z-pokrowcem-atelier-300x244cm\/"},"modified":"2024-05-10T10:58:31","modified_gmt":"2024-05-10T10:58:31","slug":"glareone-hintergrund-aufhaengesystem-atelier-300x244cm","status":"publish","type":"product","link":"https:\/\/glareone.eu\/de\/product\/glareone-hintergrund-aufhaengesystem-atelier-300x244cm\/","title":{"rendered":"GlareOne Hintergrund-Aufh\u00e4ngesystem, Atelier 300x244cm"},"content":{"rendered":"<p>Das zusammenklappbare Hintergrund-Aufh\u00e4ngesystem erm\u00f6glicht es Ihnen, einen Foto- oder Videohintergrund schnell und einfach aufzuh\u00e4ngen.<\/p>\n<p>Das System zeichnet sich durch eine einfache und intuitive Installation aus. Dank seiner einfachen Montage und der M\u00f6glichkeit, das gesamte System in Teile zu zerlegen, eignet es sich ideal f\u00fcr Outdoor- und Gelegenheitsaufnahmen, aber auch dort, wo wir nicht viel Platz f\u00fcr einen ausgeklappten Hintergrund haben und ihn gelegentlich verwenden.<\/p>\n<p>Dank des speziellen Designs der faltbaren Querstange kann sie in 3 verschiedenen Arbeitsbreiten zusammengebaut werden, sodass das Set sowohl f\u00fcr Fotosessions mit einer Gruppe von Personen &#8211; Breite 305 cm als auch f\u00fcr Produktfotografie von kleinen Objekten &#8211; Breite 155 cm n\u00fctzlich ist.<\/p>\n<h3>Das System besteht aus:<\/h3>\n<ul>\n<li>2 x Beleuchtungsstativ, teleskopisch, mit Spannfixierschmetterlingen.<\/li>\n<li>eine aus 4 Elementen gefaltete Querstange, die das Falten auf die Breite: 155 cm, 230 cm oder 305 cm erm\u00f6glicht.<\/li>\n<li>Transporttasche, die einen bequemen Transport des gesamten zusammengeklappten Sets erm\u00f6glicht.<\/li>\n<\/ul>\n","protected":false},"excerpt":{"rendered":"<p>Das zusammenklappbare Hintergrund-Aufh\u00e4ngesystem erm\u00f6glicht es Ihnen, einen Foto- oder Videohintergrund schnell und einfach aufzuh\u00e4ngen. Das System zeichnet sich durch eine einfache und intuitive Installation aus. Dank seiner einfachen Montage und der M\u00f6glichkeit, das gesamte System in Teile zu zerlegen, eignet es sich ideal f\u00fcr Outdoor- und Gelegenheitsaufnahmen, aber auch dort, wo wir nicht viel Platz [&hellip;]<\/p>\n","protected":false},"featured_media":8144,"template":"","meta":[],"product_brand":[],"product_cat":[440],"product_tag":[],"class_list":{"0":"post-8155","1":"product","2":"type-product","3":"status-publish","4":"has-post-thumbnail","6":"product_cat-hintergrundstutzsysteme","8":"first","9":"instock","10":"product-type-simple"},"yoast_head":"<!-- This site is optimized with the Yoast SEO plugin v27.2 - https:\/\/yoast.com\/product\/yoast-seo-wordpress\/ -->\n<title>GlareOne System zawieszania t\u0142a z pokrowcem, Atelier 300x244cm<\/title>\n<meta name=\"description\" content=\"GlareOne System zawieszania t\u0142a z pokrowcem, Atelier 300x244cm\" \/>\n<meta name=\"robots\" content=\"index, follow, max-snippet:-1, max-image-preview:large, max-video-preview:-1\" \/>\n<link rel=\"canonical\" href=\"https:\/\/glareone.eu\/de\/product\/glareone-hintergrund-aufhaengesystem-atelier-300x244cm\/\" \/>\n<meta property=\"og:locale\" content=\"de_DE\" \/>\n<meta property=\"og:type\" content=\"article\" \/>\n<meta property=\"og:title\" content=\"GlareOne System zawieszania t\u0142a z pokrowcem, Atelier 300x244cm\" \/>\n<meta property=\"og:description\" content=\"GlareOne System zawieszania t\u0142a z pokrowcem, Atelier 300x244cm\" \/>\n<meta property=\"og:url\" content=\"https:\/\/glareone.eu\/de\/product\/glareone-hintergrund-aufhaengesystem-atelier-300x244cm\/\" \/>\n<meta property=\"og:site_name\" content=\"GlareOne\" \/>\n<meta property=\"article:publisher\" content=\"https:\/\/www.facebook.com\/GlareOneLighting\" \/>\n<meta property=\"article:modified_time\" content=\"2024-05-10T10:58:31+00:00\" \/>\n<meta property=\"og:image\" content=\"https:\/\/glareone.eu\/wp-content\/uploads\/2024\/04\/SBS300H244_001.jpg\" \/>\n\t<meta property=\"og:image:width\" content=\"1000\" \/>\n\t<meta property=\"og:image:height\" content=\"1000\" \/>\n\t<meta property=\"og:image:type\" content=\"image\/jpeg\" \/>\n<meta name=\"twitter:card\" content=\"summary_large_image\" \/>\n<meta name=\"twitter:title\" content=\"GlareOne System zawieszania t\u0142a z pokrowcem, Atelier 300x244cm\" \/>\n<meta name=\"twitter:label1\" content=\"Gesch\u00e4tzte Lesezeit\" \/>\n\t<meta name=\"twitter:data1\" content=\"1\u00a0Minute\" \/>\n<script type=\"application\/ld+json\" class=\"yoast-schema-graph\">{\"@context\":\"https:\/\/schema.org\",\"@graph\":[{\"@type\":\"WebPage\",\"@id\":\"https:\/\/glareone.eu\/de\/product\/glareone-hintergrund-aufhaengesystem-atelier-300x244cm\/\",\"url\":\"https:\/\/glareone.eu\/de\/product\/glareone-hintergrund-aufhaengesystem-atelier-300x244cm\/\",\"name\":\"GlareOne System zawieszania t\u0142a z pokrowcem, Atelier 300x244cm\",\"isPartOf\":{\"@id\":\"https:\/\/glareone.eu\/de\/en\/#website\"},\"primaryImageOfPage\":{\"@id\":\"https:\/\/glareone.eu\/de\/product\/glareone-hintergrund-aufhaengesystem-atelier-300x244cm\/#primaryimage\"},\"image\":{\"@id\":\"https:\/\/glareone.eu\/de\/product\/glareone-hintergrund-aufhaengesystem-atelier-300x244cm\/#primaryimage\"},\"thumbnailUrl\":\"https:\/\/glareone.eu\/wp-content\/uploads\/2024\/04\/SBS300H244_001.jpg\",\"datePublished\":\"2024-04-18T19:26:14+00:00\",\"dateModified\":\"2024-05-10T10:58:31+00:00\",\"description\":\"GlareOne System zawieszania t\u0142a z pokrowcem, Atelier 300x244cm\",\"breadcrumb\":{\"@id\":\"https:\/\/glareone.eu\/de\/product\/glareone-hintergrund-aufhaengesystem-atelier-300x244cm\/#breadcrumb\"},\"inLanguage\":\"de\",\"potentialAction\":[{\"@type\":\"ReadAction\",\"target\":[\"https:\/\/glareone.eu\/de\/product\/glareone-hintergrund-aufhaengesystem-atelier-300x244cm\/\"]}]},{\"@type\":\"ImageObject\",\"inLanguage\":\"de\",\"@id\":\"https:\/\/glareone.eu\/de\/product\/glareone-hintergrund-aufhaengesystem-atelier-300x244cm\/#primaryimage\",\"url\":\"https:\/\/glareone.eu\/wp-content\/uploads\/2024\/04\/SBS300H244_001.jpg\",\"contentUrl\":\"https:\/\/glareone.eu\/wp-content\/uploads\/2024\/04\/SBS300H244_001.jpg\",\"width\":1000,\"height\":1000},{\"@type\":\"BreadcrumbList\",\"@id\":\"https:\/\/glareone.eu\/de\/product\/glareone-hintergrund-aufhaengesystem-atelier-300x244cm\/#breadcrumb\",\"itemListElement\":[{\"@type\":\"ListItem\",\"position\":1,\"name\":\"Strona g\u0142\u00f3wna\",\"item\":\"https:\/\/glareone.eu\/de\/\"},{\"@type\":\"ListItem\",\"position\":2,\"name\":\"Alle Produkte\",\"item\":\"https:\/\/glareone.eu\/de\/produkte\/alle-produkte\/\"},{\"@type\":\"ListItem\",\"position\":3,\"name\":\"GlareOne Hintergrund-Aufh\u00e4ngesystem, Atelier 300x244cm\"}]},{\"@type\":\"WebSite\",\"@id\":\"https:\/\/glareone.eu\/de\/en\/#website\",\"url\":\"https:\/\/glareone.eu\/de\/en\/\",\"name\":\"GlareOne\",\"description\":\"Wyposa\u017cenie Studia\",\"publisher\":{\"@id\":\"https:\/\/glareone.eu\/de\/en\/#organization\"},\"potentialAction\":[{\"@type\":\"SearchAction\",\"target\":{\"@type\":\"EntryPoint\",\"urlTemplate\":\"https:\/\/glareone.eu\/de\/en\/?s={search_term_string}\"},\"query-input\":{\"@type\":\"PropertyValueSpecification\",\"valueRequired\":true,\"valueName\":\"search_term_string\"}}],\"inLanguage\":\"de\"},{\"@type\":\"Organization\",\"@id\":\"https:\/\/glareone.eu\/de\/en\/#organization\",\"name\":\"GlareOne\",\"url\":\"https:\/\/glareone.eu\/de\/en\/\",\"logo\":{\"@type\":\"ImageObject\",\"inLanguage\":\"de\",\"@id\":\"https:\/\/glareone.eu\/de\/en\/#\/schema\/logo\/image\/\",\"url\":\"http:\/\/glareone.eu\/wp-content\/uploads\/2024\/05\/glareone_logo2020_RGB-01-e1715773127189.png\",\"contentUrl\":\"http:\/\/glareone.eu\/wp-content\/uploads\/2024\/05\/glareone_logo2020_RGB-01-e1715773127189.png\",\"width\":1270,\"height\":321,\"caption\":\"GlareOne\"},\"image\":{\"@id\":\"https:\/\/glareone.eu\/de\/en\/#\/schema\/logo\/image\/\"},\"sameAs\":[\"https:\/\/www.facebook.com\/GlareOneLighting\",\"https:\/\/www.instagram.com\/glareonelighting\/\",\"https:\/\/www.youtube.com\/@GlareOneTV\"]}]}<\/script>\n<!-- \/ Yoast SEO plugin. -->","yoast_head_json":{"title":"GlareOne System zawieszania t\u0142a z pokrowcem, Atelier 300x244cm","description":"GlareOne System zawieszania t\u0142a z pokrowcem, Atelier 300x244cm","robots":{"index":"index","follow":"follow","max-snippet":"max-snippet:-1","max-image-preview":"max-image-preview:large","max-video-preview":"max-video-preview:-1"},"canonical":"https:\/\/glareone.eu\/de\/product\/glareone-hintergrund-aufhaengesystem-atelier-300x244cm\/","og_locale":"de_DE","og_type":"article","og_title":"GlareOne System zawieszania t\u0142a z pokrowcem, Atelier 300x244cm","og_description":"GlareOne System zawieszania t\u0142a z pokrowcem, Atelier 300x244cm","og_url":"https:\/\/glareone.eu\/de\/product\/glareone-hintergrund-aufhaengesystem-atelier-300x244cm\/","og_site_name":"GlareOne","article_publisher":"https:\/\/www.facebook.com\/GlareOneLighting","article_modified_time":"2024-05-10T10:58:31+00:00","og_image":[{"width":1000,"height":1000,"url":"https:\/\/glareone.eu\/wp-content\/uploads\/2024\/04\/SBS300H244_001.jpg","type":"image\/jpeg"}],"twitter_card":"summary_large_image","twitter_title":"GlareOne System zawieszania t\u0142a z pokrowcem, Atelier 300x244cm","twitter_misc":{"Gesch\u00e4tzte Lesezeit":"1\u00a0Minute"},"schema":{"@context":"https:\/\/schema.org","@graph":[{"@type":"WebPage","@id":"https:\/\/glareone.eu\/de\/product\/glareone-hintergrund-aufhaengesystem-atelier-300x244cm\/","url":"https:\/\/glareone.eu\/de\/product\/glareone-hintergrund-aufhaengesystem-atelier-300x244cm\/","name":"GlareOne System zawieszania t\u0142a z pokrowcem, Atelier 300x244cm","isPartOf":{"@id":"https:\/\/glareone.eu\/de\/en\/#website"},"primaryImageOfPage":{"@id":"https:\/\/glareone.eu\/de\/product\/glareone-hintergrund-aufhaengesystem-atelier-300x244cm\/#primaryimage"},"image":{"@id":"https:\/\/glareone.eu\/de\/product\/glareone-hintergrund-aufhaengesystem-atelier-300x244cm\/#primaryimage"},"thumbnailUrl":"https:\/\/glareone.eu\/wp-content\/uploads\/2024\/04\/SBS300H244_001.jpg","datePublished":"2024-04-18T19:26:14+00:00","dateModified":"2024-05-10T10:58:31+00:00","description":"GlareOne System zawieszania t\u0142a z pokrowcem, Atelier 300x244cm","breadcrumb":{"@id":"https:\/\/glareone.eu\/de\/product\/glareone-hintergrund-aufhaengesystem-atelier-300x244cm\/#breadcrumb"},"inLanguage":"de","potentialAction":[{"@type":"ReadAction","target":["https:\/\/glareone.eu\/de\/product\/glareone-hintergrund-aufhaengesystem-atelier-300x244cm\/"]}]},{"@type":"ImageObject","inLanguage":"de","@id":"https:\/\/glareone.eu\/de\/product\/glareone-hintergrund-aufhaengesystem-atelier-300x244cm\/#primaryimage","url":"https:\/\/glareone.eu\/wp-content\/uploads\/2024\/04\/SBS300H244_001.jpg","contentUrl":"https:\/\/glareone.eu\/wp-content\/uploads\/2024\/04\/SBS300H244_001.jpg","width":1000,"height":1000},{"@type":"BreadcrumbList","@id":"https:\/\/glareone.eu\/de\/product\/glareone-hintergrund-aufhaengesystem-atelier-300x244cm\/#breadcrumb","itemListElement":[{"@type":"ListItem","position":1,"name":"Strona g\u0142\u00f3wna","item":"https:\/\/glareone.eu\/de\/"},{"@type":"ListItem","position":2,"name":"Alle Produkte","item":"https:\/\/glareone.eu\/de\/produkte\/alle-produkte\/"},{"@type":"ListItem","position":3,"name":"GlareOne Hintergrund-Aufh\u00e4ngesystem, Atelier 300x244cm"}]},{"@type":"WebSite","@id":"https:\/\/glareone.eu\/de\/en\/#website","url":"https:\/\/glareone.eu\/de\/en\/","name":"GlareOne","description":"Wyposa\u017cenie Studia","publisher":{"@id":"https:\/\/glareone.eu\/de\/en\/#organization"},"potentialAction":[{"@type":"SearchAction","target":{"@type":"EntryPoint","urlTemplate":"https:\/\/glareone.eu\/de\/en\/?s={search_term_string}"},"query-input":{"@type":"PropertyValueSpecification","valueRequired":true,"valueName":"search_term_string"}}],"inLanguage":"de"},{"@type":"Organization","@id":"https:\/\/glareone.eu\/de\/en\/#organization","name":"GlareOne","url":"https:\/\/glareone.eu\/de\/en\/","logo":{"@type":"ImageObject","inLanguage":"de","@id":"https:\/\/glareone.eu\/de\/en\/#\/schema\/logo\/image\/","url":"http:\/\/glareone.eu\/wp-content\/uploads\/2024\/05\/glareone_logo2020_RGB-01-e1715773127189.png","contentUrl":"http:\/\/glareone.eu\/wp-content\/uploads\/2024\/05\/glareone_logo2020_RGB-01-e1715773127189.png","width":1270,"height":321,"caption":"GlareOne"},"image":{"@id":"https:\/\/glareone.eu\/de\/en\/#\/schema\/logo\/image\/"},"sameAs":["https:\/\/www.facebook.com\/GlareOneLighting","https:\/\/www.instagram.com\/glareonelighting\/","https:\/\/www.youtube.com\/@GlareOneTV"]}]}},"_links":{"self":[{"href":"https:\/\/glareone.eu\/de\/wp-json\/wp\/v2\/product\/8155","targetHints":{"allow":["GET"]}}],"collection":[{"href":"https:\/\/glareone.eu\/de\/wp-json\/wp\/v2\/product"}],"about":[{"href":"https:\/\/glareone.eu\/de\/wp-json\/wp\/v2\/types\/product"}],"wp:featuredmedia":[{"embeddable":true,"href":"https:\/\/glareone.eu\/de\/wp-json\/wp\/v2\/media\/8144"}],"wp:attachment":[{"href":"https:\/\/glareone.eu\/de\/wp-json\/wp\/v2\/media?parent=8155"}],"wp:term":[{"taxonomy":"product_brand","embeddable":true,"href":"https:\/\/glareone.eu\/de\/wp-json\/wp\/v2\/product_brand?post=8155"},{"taxonomy":"product_cat","embeddable":true,"href":"https:\/\/glareone.eu\/de\/wp-json\/wp\/v2\/product_cat?post=8155"},{"taxonomy":"product_tag","embeddable":true,"href":"https:\/\/glareone.eu\/de\/wp-json\/wp\/v2\/product_tag?post=8155"}],"curies":[{"name":"wp","href":"https:\/\/api.w.org\/{rel}","templated":true}]}}