{"id":8024,"date":"2024-04-18T19:26:20","date_gmt":"2024-04-18T19:26:20","guid":{"rendered":"http:\/\/glareone.eu\/produkt\/glareone-wrota-z-plastrem-miodu-i-zestawem-filtrow-kolorowych-do-czasz-18-cm\/"},"modified":"2024-05-10T09:28:01","modified_gmt":"2024-05-10T09:28:01","slug":"glareone-barn-door-kit-met-grid-und-gels-fur-18cm-reflectors","status":"publish","type":"product","link":"https:\/\/glareone.eu\/de\/product\/glareone-barn-door-kit-met-grid-und-gels-fur-18cm-reflectors\/","title":{"rendered":"GlareOne Barn Door Kit met Grid und Gels f\u00fcr 18cm Reflectors"},"content":{"rendered":"<p>Die GlareOne Blenden sind an die 18 cm gro\u00dfen Flaggenmarkisen angepasst und dienen dazu, das einfallende Licht auf dem Set zu modellieren. Die Position der Fl\u00fcgel der Blenden kann eingestellt werden, was nicht nur dazu dient, das Licht zu modifizieren, sondern auch erm\u00f6glicht, den Effekt von Streulicht im Objektiv oder die Ausbreitung des Lichts auf Objekte, die Sie im Schatten lassen m\u00f6chten, zu begrenzen.<\/p>\n<p>Im Lieferumfang der Blenden befindet sich auch ein Wabengitter, um die Lichtkontrolle zu erh\u00f6hen, sowie ein Satz von vier Grundfarbfiltern (gelb, rot, gr\u00fcn, blau). Diese Filter werden auf Metallrahmen befestigt, die mit eingebauten Magneten leicht in den Blenden montiert werden k\u00f6nnen.<\/p>\n<h3>Produktmerkmale:<\/h3>\n<ul>\n<li>Passen auf nahezu jede Markise mit einem Durchmesser von 18 cm (7&#8243;)<\/li>\n<li>Set von Farbfiltern enthalten (gelb, rot, gr\u00fcn, blau)<\/li>\n<li>Mit 30\u00b0-Wabengitter geliefert, das eine pr\u00e4zisere Lichtkontrolle erm\u00f6glicht<\/li>\n<li>Vollst\u00e4ndig aus Metall hergestellt<\/li>\n<\/ul>\n","protected":false},"excerpt":{"rendered":"<p>Die GlareOne Blenden sind an die 18 cm gro\u00dfen Flaggenmarkisen angepasst und dienen dazu, das einfallende Licht auf dem Set zu modellieren. Die Position der Fl\u00fcgel der Blenden kann eingestellt werden, was nicht nur dazu dient, das Licht zu modifizieren, sondern auch erm\u00f6glicht, den Effekt von Streulicht im Objektiv oder die Ausbreitung des Lichts auf [&hellip;]<\/p>\n","protected":false},"featured_media":8021,"template":"","meta":[],"product_brand":[],"product_cat":[489],"product_tag":[],"class_list":{"0":"post-8024","1":"product","2":"type-product","3":"status-publish","4":"has-post-thumbnail","6":"product_cat-reflectors-de","8":"first","9":"instock","10":"product-type-simple"},"yoast_head":"<!-- This site is optimized with the Yoast SEO plugin v27.2 - https:\/\/yoast.com\/product\/yoast-seo-wordpress\/ -->\n<title>GlareOne Wrota z plastrem miodu i zestawem filtr\u00f3w kolorowych do czasz 18 cm<\/title>\n<meta name=\"description\" content=\"GlareOne Wrota z plastrem miodu i zestawem filtr\u00f3w kolorowych do czasz 18 cm\" \/>\n<meta name=\"robots\" content=\"index, follow, max-snippet:-1, max-image-preview:large, max-video-preview:-1\" \/>\n<link rel=\"canonical\" href=\"https:\/\/glareone.eu\/de\/product\/glareone-barn-door-kit-met-grid-und-gels-fur-18cm-reflectors\/\" \/>\n<meta property=\"og:locale\" content=\"de_DE\" \/>\n<meta property=\"og:type\" content=\"article\" \/>\n<meta property=\"og:title\" content=\"GlareOne Wrota z plastrem miodu i zestawem filtr\u00f3w kolorowych do czasz 18 cm\" \/>\n<meta property=\"og:description\" content=\"GlareOne Wrota z plastrem miodu i zestawem filtr\u00f3w kolorowych do czasz 18 cm\" \/>\n<meta property=\"og:url\" content=\"https:\/\/glareone.eu\/de\/product\/glareone-barn-door-kit-met-grid-und-gels-fur-18cm-reflectors\/\" \/>\n<meta property=\"og:site_name\" content=\"GlareOne\" \/>\n<meta property=\"article:publisher\" content=\"https:\/\/www.facebook.com\/GlareOneLighting\" \/>\n<meta property=\"article:modified_time\" content=\"2024-05-10T09:28:01+00:00\" \/>\n<meta property=\"og:image\" content=\"https:\/\/glareone.eu\/wp-content\/uploads\/2024\/04\/SBD65-10-B.jpg\" \/>\n\t<meta property=\"og:image:width\" content=\"1000\" \/>\n\t<meta property=\"og:image:height\" content=\"1000\" \/>\n\t<meta property=\"og:image:type\" content=\"image\/jpeg\" \/>\n<meta name=\"twitter:card\" content=\"summary_large_image\" \/>\n<meta name=\"twitter:title\" content=\"GlareOne Wrota z plastrem miodu i zestawem filtr\u00f3w kolorowych do czasz 18 cm\" \/>\n<meta name=\"twitter:label1\" content=\"Gesch\u00e4tzte Lesezeit\" \/>\n\t<meta name=\"twitter:data1\" content=\"1\u00a0Minute\" \/>\n<script type=\"application\/ld+json\" class=\"yoast-schema-graph\">{\"@context\":\"https:\/\/schema.org\",\"@graph\":[{\"@type\":\"WebPage\",\"@id\":\"https:\/\/glareone.eu\/de\/product\/glareone-barn-door-kit-met-grid-und-gels-fur-18cm-reflectors\/\",\"url\":\"https:\/\/glareone.eu\/de\/product\/glareone-barn-door-kit-met-grid-und-gels-fur-18cm-reflectors\/\",\"name\":\"GlareOne Wrota z plastrem miodu i zestawem filtr\u00f3w kolorowych do czasz 18 cm\",\"isPartOf\":{\"@id\":\"https:\/\/glareone.eu\/de\/en\/#website\"},\"primaryImageOfPage\":{\"@id\":\"https:\/\/glareone.eu\/de\/product\/glareone-barn-door-kit-met-grid-und-gels-fur-18cm-reflectors\/#primaryimage\"},\"image\":{\"@id\":\"https:\/\/glareone.eu\/de\/product\/glareone-barn-door-kit-met-grid-und-gels-fur-18cm-reflectors\/#primaryimage\"},\"thumbnailUrl\":\"https:\/\/glareone.eu\/wp-content\/uploads\/2024\/04\/SBD65-10-B.jpg\",\"datePublished\":\"2024-04-18T19:26:20+00:00\",\"dateModified\":\"2024-05-10T09:28:01+00:00\",\"description\":\"GlareOne Wrota z plastrem miodu i zestawem filtr\u00f3w kolorowych do czasz 18 cm\",\"breadcrumb\":{\"@id\":\"https:\/\/glareone.eu\/de\/product\/glareone-barn-door-kit-met-grid-und-gels-fur-18cm-reflectors\/#breadcrumb\"},\"inLanguage\":\"de\",\"potentialAction\":[{\"@type\":\"ReadAction\",\"target\":[\"https:\/\/glareone.eu\/de\/product\/glareone-barn-door-kit-met-grid-und-gels-fur-18cm-reflectors\/\"]}]},{\"@type\":\"ImageObject\",\"inLanguage\":\"de\",\"@id\":\"https:\/\/glareone.eu\/de\/product\/glareone-barn-door-kit-met-grid-und-gels-fur-18cm-reflectors\/#primaryimage\",\"url\":\"https:\/\/glareone.eu\/wp-content\/uploads\/2024\/04\/SBD65-10-B.jpg\",\"contentUrl\":\"https:\/\/glareone.eu\/wp-content\/uploads\/2024\/04\/SBD65-10-B.jpg\",\"width\":1000,\"height\":1000,\"caption\":\"PLATINSTUDIO.COM\"},{\"@type\":\"BreadcrumbList\",\"@id\":\"https:\/\/glareone.eu\/de\/product\/glareone-barn-door-kit-met-grid-und-gels-fur-18cm-reflectors\/#breadcrumb\",\"itemListElement\":[{\"@type\":\"ListItem\",\"position\":1,\"name\":\"Strona g\u0142\u00f3wna\",\"item\":\"https:\/\/glareone.eu\/de\/\"},{\"@type\":\"ListItem\",\"position\":2,\"name\":\"Alle Produkte\",\"item\":\"https:\/\/glareone.eu\/de\/produkte\/alle-produkte\/\"},{\"@type\":\"ListItem\",\"position\":3,\"name\":\"GlareOne Barn Door Kit met Grid und Gels f\u00fcr 18cm Reflectors\"}]},{\"@type\":\"WebSite\",\"@id\":\"https:\/\/glareone.eu\/de\/en\/#website\",\"url\":\"https:\/\/glareone.eu\/de\/en\/\",\"name\":\"GlareOne\",\"description\":\"Wyposa\u017cenie Studia\",\"publisher\":{\"@id\":\"https:\/\/glareone.eu\/de\/en\/#organization\"},\"potentialAction\":[{\"@type\":\"SearchAction\",\"target\":{\"@type\":\"EntryPoint\",\"urlTemplate\":\"https:\/\/glareone.eu\/de\/en\/?s={search_term_string}\"},\"query-input\":{\"@type\":\"PropertyValueSpecification\",\"valueRequired\":true,\"valueName\":\"search_term_string\"}}],\"inLanguage\":\"de\"},{\"@type\":\"Organization\",\"@id\":\"https:\/\/glareone.eu\/de\/en\/#organization\",\"name\":\"GlareOne\",\"url\":\"https:\/\/glareone.eu\/de\/en\/\",\"logo\":{\"@type\":\"ImageObject\",\"inLanguage\":\"de\",\"@id\":\"https:\/\/glareone.eu\/de\/en\/#\/schema\/logo\/image\/\",\"url\":\"http:\/\/glareone.eu\/wp-content\/uploads\/2024\/05\/glareone_logo2020_RGB-01-e1715773127189.png\",\"contentUrl\":\"http:\/\/glareone.eu\/wp-content\/uploads\/2024\/05\/glareone_logo2020_RGB-01-e1715773127189.png\",\"width\":1270,\"height\":321,\"caption\":\"GlareOne\"},\"image\":{\"@id\":\"https:\/\/glareone.eu\/de\/en\/#\/schema\/logo\/image\/\"},\"sameAs\":[\"https:\/\/www.facebook.com\/GlareOneLighting\",\"https:\/\/www.instagram.com\/glareonelighting\/\",\"https:\/\/www.youtube.com\/@GlareOneTV\"]}]}<\/script>\n<!-- \/ Yoast SEO plugin. -->","yoast_head_json":{"title":"GlareOne Wrota z plastrem miodu i zestawem filtr\u00f3w kolorowych do czasz 18 cm","description":"GlareOne Wrota z plastrem miodu i zestawem filtr\u00f3w kolorowych do czasz 18 cm","robots":{"index":"index","follow":"follow","max-snippet":"max-snippet:-1","max-image-preview":"max-image-preview:large","max-video-preview":"max-video-preview:-1"},"canonical":"https:\/\/glareone.eu\/de\/product\/glareone-barn-door-kit-met-grid-und-gels-fur-18cm-reflectors\/","og_locale":"de_DE","og_type":"article","og_title":"GlareOne Wrota z plastrem miodu i zestawem filtr\u00f3w kolorowych do czasz 18 cm","og_description":"GlareOne Wrota z plastrem miodu i zestawem filtr\u00f3w kolorowych do czasz 18 cm","og_url":"https:\/\/glareone.eu\/de\/product\/glareone-barn-door-kit-met-grid-und-gels-fur-18cm-reflectors\/","og_site_name":"GlareOne","article_publisher":"https:\/\/www.facebook.com\/GlareOneLighting","article_modified_time":"2024-05-10T09:28:01+00:00","og_image":[{"width":1000,"height":1000,"url":"https:\/\/glareone.eu\/wp-content\/uploads\/2024\/04\/SBD65-10-B.jpg","type":"image\/jpeg"}],"twitter_card":"summary_large_image","twitter_title":"GlareOne Wrota z plastrem miodu i zestawem filtr\u00f3w kolorowych do czasz 18 cm","twitter_misc":{"Gesch\u00e4tzte Lesezeit":"1\u00a0Minute"},"schema":{"@context":"https:\/\/schema.org","@graph":[{"@type":"WebPage","@id":"https:\/\/glareone.eu\/de\/product\/glareone-barn-door-kit-met-grid-und-gels-fur-18cm-reflectors\/","url":"https:\/\/glareone.eu\/de\/product\/glareone-barn-door-kit-met-grid-und-gels-fur-18cm-reflectors\/","name":"GlareOne Wrota z plastrem miodu i zestawem filtr\u00f3w kolorowych do czasz 18 cm","isPartOf":{"@id":"https:\/\/glareone.eu\/de\/en\/#website"},"primaryImageOfPage":{"@id":"https:\/\/glareone.eu\/de\/product\/glareone-barn-door-kit-met-grid-und-gels-fur-18cm-reflectors\/#primaryimage"},"image":{"@id":"https:\/\/glareone.eu\/de\/product\/glareone-barn-door-kit-met-grid-und-gels-fur-18cm-reflectors\/#primaryimage"},"thumbnailUrl":"https:\/\/glareone.eu\/wp-content\/uploads\/2024\/04\/SBD65-10-B.jpg","datePublished":"2024-04-18T19:26:20+00:00","dateModified":"2024-05-10T09:28:01+00:00","description":"GlareOne Wrota z plastrem miodu i zestawem filtr\u00f3w kolorowych do czasz 18 cm","breadcrumb":{"@id":"https:\/\/glareone.eu\/de\/product\/glareone-barn-door-kit-met-grid-und-gels-fur-18cm-reflectors\/#breadcrumb"},"inLanguage":"de","potentialAction":[{"@type":"ReadAction","target":["https:\/\/glareone.eu\/de\/product\/glareone-barn-door-kit-met-grid-und-gels-fur-18cm-reflectors\/"]}]},{"@type":"ImageObject","inLanguage":"de","@id":"https:\/\/glareone.eu\/de\/product\/glareone-barn-door-kit-met-grid-und-gels-fur-18cm-reflectors\/#primaryimage","url":"https:\/\/glareone.eu\/wp-content\/uploads\/2024\/04\/SBD65-10-B.jpg","contentUrl":"https:\/\/glareone.eu\/wp-content\/uploads\/2024\/04\/SBD65-10-B.jpg","width":1000,"height":1000,"caption":"PLATINSTUDIO.COM"},{"@type":"BreadcrumbList","@id":"https:\/\/glareone.eu\/de\/product\/glareone-barn-door-kit-met-grid-und-gels-fur-18cm-reflectors\/#breadcrumb","itemListElement":[{"@type":"ListItem","position":1,"name":"Strona g\u0142\u00f3wna","item":"https:\/\/glareone.eu\/de\/"},{"@type":"ListItem","position":2,"name":"Alle Produkte","item":"https:\/\/glareone.eu\/de\/produkte\/alle-produkte\/"},{"@type":"ListItem","position":3,"name":"GlareOne Barn Door Kit met Grid und Gels f\u00fcr 18cm Reflectors"}]},{"@type":"WebSite","@id":"https:\/\/glareone.eu\/de\/en\/#website","url":"https:\/\/glareone.eu\/de\/en\/","name":"GlareOne","description":"Wyposa\u017cenie Studia","publisher":{"@id":"https:\/\/glareone.eu\/de\/en\/#organization"},"potentialAction":[{"@type":"SearchAction","target":{"@type":"EntryPoint","urlTemplate":"https:\/\/glareone.eu\/de\/en\/?s={search_term_string}"},"query-input":{"@type":"PropertyValueSpecification","valueRequired":true,"valueName":"search_term_string"}}],"inLanguage":"de"},{"@type":"Organization","@id":"https:\/\/glareone.eu\/de\/en\/#organization","name":"GlareOne","url":"https:\/\/glareone.eu\/de\/en\/","logo":{"@type":"ImageObject","inLanguage":"de","@id":"https:\/\/glareone.eu\/de\/en\/#\/schema\/logo\/image\/","url":"http:\/\/glareone.eu\/wp-content\/uploads\/2024\/05\/glareone_logo2020_RGB-01-e1715773127189.png","contentUrl":"http:\/\/glareone.eu\/wp-content\/uploads\/2024\/05\/glareone_logo2020_RGB-01-e1715773127189.png","width":1270,"height":321,"caption":"GlareOne"},"image":{"@id":"https:\/\/glareone.eu\/de\/en\/#\/schema\/logo\/image\/"},"sameAs":["https:\/\/www.facebook.com\/GlareOneLighting","https:\/\/www.instagram.com\/glareonelighting\/","https:\/\/www.youtube.com\/@GlareOneTV"]}]}},"_links":{"self":[{"href":"https:\/\/glareone.eu\/de\/wp-json\/wp\/v2\/product\/8024","targetHints":{"allow":["GET"]}}],"collection":[{"href":"https:\/\/glareone.eu\/de\/wp-json\/wp\/v2\/product"}],"about":[{"href":"https:\/\/glareone.eu\/de\/wp-json\/wp\/v2\/types\/product"}],"wp:featuredmedia":[{"embeddable":true,"href":"https:\/\/glareone.eu\/de\/wp-json\/wp\/v2\/media\/8021"}],"wp:attachment":[{"href":"https:\/\/glareone.eu\/de\/wp-json\/wp\/v2\/media?parent=8024"}],"wp:term":[{"taxonomy":"product_brand","embeddable":true,"href":"https:\/\/glareone.eu\/de\/wp-json\/wp\/v2\/product_brand?post=8024"},{"taxonomy":"product_cat","embeddable":true,"href":"https:\/\/glareone.eu\/de\/wp-json\/wp\/v2\/product_cat?post=8024"},{"taxonomy":"product_tag","embeddable":true,"href":"https:\/\/glareone.eu\/de\/wp-json\/wp\/v2\/product_tag?post=8024"}],"curies":[{"name":"wp","href":"https:\/\/api.w.org\/{rel}","templated":true}]}}