{"id":7958,"date":"2024-04-18T19:26:24","date_gmt":"2024-04-18T19:26:24","guid":{"rendered":"http:\/\/glareone.eu\/produkt\/glareone-longbow-reflector\/"},"modified":"2024-05-10T08:49:36","modified_gmt":"2024-05-10T08:49:36","slug":"glareone-longbow-reflector","status":"publish","type":"product","link":"https:\/\/glareone.eu\/de\/product\/glareone-longbow-reflector\/","title":{"rendered":"GlareOne Longbow Reflector"},"content":{"rendered":"<h3>Pr\u00e4zision<\/h3>\n<p>Der Longbow ist ein Schirm, der entwickelt wurde, um das Licht der Lampe so pr\u00e4zise wie m\u00f6glich zu lenken, daher seine charakteristische Form. Die gro\u00dfe Tiefe in Kombination mit der silbernen Oberfl\u00e4che im Inneren macht den Longbow in der Lage, Licht \u00fcber gro\u00dfe Entfernungen auf pr\u00e4zise Weise zu projizieren. Der Beleuchtungswinkel des Schirms betr\u00e4gt etwa 45\u00b0, aber bei Bedarf kann ein zus\u00e4tzliches Honeycomb (Gitter) f\u00fcr einen Winkel von 15\u00b0 erworben werden, um Ihnen noch mehr Kontrolle \u00fcber die Richtung des Lichts zu geben.<\/p>\n<h3>Licht<\/h3>\n<p>Der Lichtpunkt, der durch ihn erzeugt werden kann, zeichnet sich dadurch aus, dass zwischen der Mitte und dem Rand der Lichtintensit\u00e4t ein geringer Abfall besteht. Dies erm\u00f6glicht es, ein Objekt gleichm\u00e4\u00dfig zu beleuchten, auch \u00fcber gro\u00dfe Entfernungen hinweg. Dank dieser Eigenschaft wird der Longbow ideal f\u00fcr Outdoor-Aufnahmen und in Situationen sein, in denen die Lampe vom Set entfernt platziert werden muss, wie z.B. f\u00fcr Aufnahmen in gro\u00dfen Arenen und Sportst\u00e4tten.<\/p>\n<h3>Produktmerkmale:<\/h3>\n<ul>\n<li>Gibt kr\u00e4ftiges und konzentriertes Licht ab<\/li>\n<li>Erm\u00f6glicht es Ihnen, das Licht des Blitzes zu lenken und zu kontrollieren<\/li>\n<li>Passend f\u00fcr Blitzger\u00e4te und Dauerlichter (einschlie\u00dflich LED)<\/li>\n<li>Kann mit einem zus\u00e4tzlichen Honeycomb (Gitter) ausgestattet werden<\/li>\n<li>Es besteht vollst\u00e4ndig aus Aluminium<\/li>\n<li>Es hat eine Bowens-typische Halterung<\/li>\n<\/ul>\n","protected":false},"excerpt":{"rendered":"<p>Pr\u00e4zision Der Longbow ist ein Schirm, der entwickelt wurde, um das Licht der Lampe so pr\u00e4zise wie m\u00f6glich zu lenken, daher seine charakteristische Form. Die gro\u00dfe Tiefe in Kombination mit der silbernen Oberfl\u00e4che im Inneren macht den Longbow in der Lage, Licht \u00fcber gro\u00dfe Entfernungen auf pr\u00e4zise Weise zu projizieren. Der Beleuchtungswinkel des Schirms betr\u00e4gt [&hellip;]<\/p>\n","protected":false},"featured_media":7947,"template":"","meta":[],"product_brand":[],"product_cat":[489],"product_tag":[],"class_list":{"0":"post-7958","1":"product","2":"type-product","3":"status-publish","4":"has-post-thumbnail","6":"product_cat-reflectors-de","8":"first","9":"instock","10":"product-type-simple"},"yoast_head":"<!-- This site is optimized with the Yoast SEO plugin v27.2 - https:\/\/yoast.com\/product\/yoast-seo-wordpress\/ -->\n<title>GlareOne Longbow Reflector - czasza w\u0105skok\u0105tna<\/title>\n<meta name=\"description\" content=\"GlareOne Longbow Reflector - czasza w\u0105skok\u0105tna\" \/>\n<meta name=\"robots\" content=\"index, follow, max-snippet:-1, max-image-preview:large, max-video-preview:-1\" \/>\n<link rel=\"canonical\" href=\"https:\/\/glareone.eu\/de\/product\/glareone-longbow-reflector\/\" \/>\n<meta property=\"og:locale\" content=\"de_DE\" \/>\n<meta property=\"og:type\" content=\"article\" \/>\n<meta property=\"og:title\" content=\"GlareOne Longbow Reflector - czasza w\u0105skok\u0105tna\" \/>\n<meta property=\"og:description\" content=\"GlareOne Longbow Reflector - czasza w\u0105skok\u0105tna\" \/>\n<meta property=\"og:url\" content=\"https:\/\/glareone.eu\/de\/product\/glareone-longbow-reflector\/\" \/>\n<meta property=\"og:site_name\" content=\"GlareOne\" \/>\n<meta property=\"article:publisher\" content=\"https:\/\/www.facebook.com\/GlareOneLighting\" \/>\n<meta property=\"article:modified_time\" content=\"2024-05-10T08:49:36+00:00\" \/>\n<meta property=\"og:image\" content=\"https:\/\/glareone.eu\/wp-content\/uploads\/2024\/04\/GlareOne-Longbow-01.jpg\" \/>\n\t<meta property=\"og:image:width\" content=\"1200\" \/>\n\t<meta property=\"og:image:height\" content=\"1200\" \/>\n\t<meta property=\"og:image:type\" content=\"image\/jpeg\" \/>\n<meta name=\"twitter:card\" content=\"summary_large_image\" \/>\n<meta name=\"twitter:title\" content=\"GlareOne Longbow Reflector - czasza w\u0105skok\u0105tna\" \/>\n<meta name=\"twitter:label1\" content=\"Gesch\u00e4tzte Lesezeit\" \/>\n\t<meta name=\"twitter:data1\" content=\"2\u00a0Minuten\" \/>\n<script type=\"application\/ld+json\" class=\"yoast-schema-graph\">{\"@context\":\"https:\/\/schema.org\",\"@graph\":[{\"@type\":\"WebPage\",\"@id\":\"https:\/\/glareone.eu\/de\/product\/glareone-longbow-reflector\/\",\"url\":\"https:\/\/glareone.eu\/de\/product\/glareone-longbow-reflector\/\",\"name\":\"GlareOne Longbow Reflector - czasza w\u0105skok\u0105tna\",\"isPartOf\":{\"@id\":\"https:\/\/glareone.eu\/de\/en\/#website\"},\"primaryImageOfPage\":{\"@id\":\"https:\/\/glareone.eu\/de\/product\/glareone-longbow-reflector\/#primaryimage\"},\"image\":{\"@id\":\"https:\/\/glareone.eu\/de\/product\/glareone-longbow-reflector\/#primaryimage\"},\"thumbnailUrl\":\"https:\/\/glareone.eu\/wp-content\/uploads\/2024\/04\/GlareOne-Longbow-01.jpg\",\"datePublished\":\"2024-04-18T19:26:24+00:00\",\"dateModified\":\"2024-05-10T08:49:36+00:00\",\"description\":\"GlareOne Longbow Reflector - czasza w\u0105skok\u0105tna\",\"breadcrumb\":{\"@id\":\"https:\/\/glareone.eu\/de\/product\/glareone-longbow-reflector\/#breadcrumb\"},\"inLanguage\":\"de\",\"potentialAction\":[{\"@type\":\"ReadAction\",\"target\":[\"https:\/\/glareone.eu\/de\/product\/glareone-longbow-reflector\/\"]}]},{\"@type\":\"ImageObject\",\"inLanguage\":\"de\",\"@id\":\"https:\/\/glareone.eu\/de\/product\/glareone-longbow-reflector\/#primaryimage\",\"url\":\"https:\/\/glareone.eu\/wp-content\/uploads\/2024\/04\/GlareOne-Longbow-01.jpg\",\"contentUrl\":\"https:\/\/glareone.eu\/wp-content\/uploads\/2024\/04\/GlareOne-Longbow-01.jpg\",\"width\":1200,\"height\":1200},{\"@type\":\"BreadcrumbList\",\"@id\":\"https:\/\/glareone.eu\/de\/product\/glareone-longbow-reflector\/#breadcrumb\",\"itemListElement\":[{\"@type\":\"ListItem\",\"position\":1,\"name\":\"Strona g\u0142\u00f3wna\",\"item\":\"https:\/\/glareone.eu\/de\/\"},{\"@type\":\"ListItem\",\"position\":2,\"name\":\"Alle Produkte\",\"item\":\"https:\/\/glareone.eu\/de\/produkte\/alle-produkte\/\"},{\"@type\":\"ListItem\",\"position\":3,\"name\":\"GlareOne Longbow Reflector\"}]},{\"@type\":\"WebSite\",\"@id\":\"https:\/\/glareone.eu\/de\/en\/#website\",\"url\":\"https:\/\/glareone.eu\/de\/en\/\",\"name\":\"GlareOne\",\"description\":\"Wyposa\u017cenie Studia\",\"publisher\":{\"@id\":\"https:\/\/glareone.eu\/de\/en\/#organization\"},\"potentialAction\":[{\"@type\":\"SearchAction\",\"target\":{\"@type\":\"EntryPoint\",\"urlTemplate\":\"https:\/\/glareone.eu\/de\/en\/?s={search_term_string}\"},\"query-input\":{\"@type\":\"PropertyValueSpecification\",\"valueRequired\":true,\"valueName\":\"search_term_string\"}}],\"inLanguage\":\"de\"},{\"@type\":\"Organization\",\"@id\":\"https:\/\/glareone.eu\/de\/en\/#organization\",\"name\":\"GlareOne\",\"url\":\"https:\/\/glareone.eu\/de\/en\/\",\"logo\":{\"@type\":\"ImageObject\",\"inLanguage\":\"de\",\"@id\":\"https:\/\/glareone.eu\/de\/en\/#\/schema\/logo\/image\/\",\"url\":\"http:\/\/glareone.eu\/wp-content\/uploads\/2024\/05\/glareone_logo2020_RGB-01-e1715773127189.png\",\"contentUrl\":\"http:\/\/glareone.eu\/wp-content\/uploads\/2024\/05\/glareone_logo2020_RGB-01-e1715773127189.png\",\"width\":1270,\"height\":321,\"caption\":\"GlareOne\"},\"image\":{\"@id\":\"https:\/\/glareone.eu\/de\/en\/#\/schema\/logo\/image\/\"},\"sameAs\":[\"https:\/\/www.facebook.com\/GlareOneLighting\",\"https:\/\/www.instagram.com\/glareonelighting\/\",\"https:\/\/www.youtube.com\/@GlareOneTV\"]}]}<\/script>\n<!-- \/ Yoast SEO plugin. -->","yoast_head_json":{"title":"GlareOne Longbow Reflector - czasza w\u0105skok\u0105tna","description":"GlareOne Longbow Reflector - czasza w\u0105skok\u0105tna","robots":{"index":"index","follow":"follow","max-snippet":"max-snippet:-1","max-image-preview":"max-image-preview:large","max-video-preview":"max-video-preview:-1"},"canonical":"https:\/\/glareone.eu\/de\/product\/glareone-longbow-reflector\/","og_locale":"de_DE","og_type":"article","og_title":"GlareOne Longbow Reflector - czasza w\u0105skok\u0105tna","og_description":"GlareOne Longbow Reflector - czasza w\u0105skok\u0105tna","og_url":"https:\/\/glareone.eu\/de\/product\/glareone-longbow-reflector\/","og_site_name":"GlareOne","article_publisher":"https:\/\/www.facebook.com\/GlareOneLighting","article_modified_time":"2024-05-10T08:49:36+00:00","og_image":[{"width":1200,"height":1200,"url":"https:\/\/glareone.eu\/wp-content\/uploads\/2024\/04\/GlareOne-Longbow-01.jpg","type":"image\/jpeg"}],"twitter_card":"summary_large_image","twitter_title":"GlareOne Longbow Reflector - czasza w\u0105skok\u0105tna","twitter_misc":{"Gesch\u00e4tzte Lesezeit":"2\u00a0Minuten"},"schema":{"@context":"https:\/\/schema.org","@graph":[{"@type":"WebPage","@id":"https:\/\/glareone.eu\/de\/product\/glareone-longbow-reflector\/","url":"https:\/\/glareone.eu\/de\/product\/glareone-longbow-reflector\/","name":"GlareOne Longbow Reflector - czasza w\u0105skok\u0105tna","isPartOf":{"@id":"https:\/\/glareone.eu\/de\/en\/#website"},"primaryImageOfPage":{"@id":"https:\/\/glareone.eu\/de\/product\/glareone-longbow-reflector\/#primaryimage"},"image":{"@id":"https:\/\/glareone.eu\/de\/product\/glareone-longbow-reflector\/#primaryimage"},"thumbnailUrl":"https:\/\/glareone.eu\/wp-content\/uploads\/2024\/04\/GlareOne-Longbow-01.jpg","datePublished":"2024-04-18T19:26:24+00:00","dateModified":"2024-05-10T08:49:36+00:00","description":"GlareOne Longbow Reflector - czasza w\u0105skok\u0105tna","breadcrumb":{"@id":"https:\/\/glareone.eu\/de\/product\/glareone-longbow-reflector\/#breadcrumb"},"inLanguage":"de","potentialAction":[{"@type":"ReadAction","target":["https:\/\/glareone.eu\/de\/product\/glareone-longbow-reflector\/"]}]},{"@type":"ImageObject","inLanguage":"de","@id":"https:\/\/glareone.eu\/de\/product\/glareone-longbow-reflector\/#primaryimage","url":"https:\/\/glareone.eu\/wp-content\/uploads\/2024\/04\/GlareOne-Longbow-01.jpg","contentUrl":"https:\/\/glareone.eu\/wp-content\/uploads\/2024\/04\/GlareOne-Longbow-01.jpg","width":1200,"height":1200},{"@type":"BreadcrumbList","@id":"https:\/\/glareone.eu\/de\/product\/glareone-longbow-reflector\/#breadcrumb","itemListElement":[{"@type":"ListItem","position":1,"name":"Strona g\u0142\u00f3wna","item":"https:\/\/glareone.eu\/de\/"},{"@type":"ListItem","position":2,"name":"Alle Produkte","item":"https:\/\/glareone.eu\/de\/produkte\/alle-produkte\/"},{"@type":"ListItem","position":3,"name":"GlareOne Longbow Reflector"}]},{"@type":"WebSite","@id":"https:\/\/glareone.eu\/de\/en\/#website","url":"https:\/\/glareone.eu\/de\/en\/","name":"GlareOne","description":"Wyposa\u017cenie Studia","publisher":{"@id":"https:\/\/glareone.eu\/de\/en\/#organization"},"potentialAction":[{"@type":"SearchAction","target":{"@type":"EntryPoint","urlTemplate":"https:\/\/glareone.eu\/de\/en\/?s={search_term_string}"},"query-input":{"@type":"PropertyValueSpecification","valueRequired":true,"valueName":"search_term_string"}}],"inLanguage":"de"},{"@type":"Organization","@id":"https:\/\/glareone.eu\/de\/en\/#organization","name":"GlareOne","url":"https:\/\/glareone.eu\/de\/en\/","logo":{"@type":"ImageObject","inLanguage":"de","@id":"https:\/\/glareone.eu\/de\/en\/#\/schema\/logo\/image\/","url":"http:\/\/glareone.eu\/wp-content\/uploads\/2024\/05\/glareone_logo2020_RGB-01-e1715773127189.png","contentUrl":"http:\/\/glareone.eu\/wp-content\/uploads\/2024\/05\/glareone_logo2020_RGB-01-e1715773127189.png","width":1270,"height":321,"caption":"GlareOne"},"image":{"@id":"https:\/\/glareone.eu\/de\/en\/#\/schema\/logo\/image\/"},"sameAs":["https:\/\/www.facebook.com\/GlareOneLighting","https:\/\/www.instagram.com\/glareonelighting\/","https:\/\/www.youtube.com\/@GlareOneTV"]}]}},"_links":{"self":[{"href":"https:\/\/glareone.eu\/de\/wp-json\/wp\/v2\/product\/7958","targetHints":{"allow":["GET"]}}],"collection":[{"href":"https:\/\/glareone.eu\/de\/wp-json\/wp\/v2\/product"}],"about":[{"href":"https:\/\/glareone.eu\/de\/wp-json\/wp\/v2\/types\/product"}],"wp:featuredmedia":[{"embeddable":true,"href":"https:\/\/glareone.eu\/de\/wp-json\/wp\/v2\/media\/7947"}],"wp:attachment":[{"href":"https:\/\/glareone.eu\/de\/wp-json\/wp\/v2\/media?parent=7958"}],"wp:term":[{"taxonomy":"product_brand","embeddable":true,"href":"https:\/\/glareone.eu\/de\/wp-json\/wp\/v2\/product_brand?post=7958"},{"taxonomy":"product_cat","embeddable":true,"href":"https:\/\/glareone.eu\/de\/wp-json\/wp\/v2\/product_cat?post=7958"},{"taxonomy":"product_tag","embeddable":true,"href":"https:\/\/glareone.eu\/de\/wp-json\/wp\/v2\/product_tag?post=7958"}],"curies":[{"name":"wp","href":"https:\/\/api.w.org\/{rel}","templated":true}]}}