{"id":7873,"date":"2024-04-18T19:26:29","date_gmt":"2024-04-18T19:26:29","guid":{"rendered":"http:\/\/glareone.eu\/produkt\/glareone-beauty-dish-50-softlight-czasza-50cm-biala\/"},"modified":"2024-05-10T08:13:01","modified_gmt":"2024-05-10T08:13:01","slug":"glareone-beauty-dish-50-softlight","status":"publish","type":"product","link":"https:\/\/glareone.eu\/de\/product\/glareone-beauty-dish-50-softlight\/","title":{"rendered":"GlareOne Beauty Dish 50 Softlight"},"content":{"rendered":"<h3>Beauty Dish<\/h3>\n<p>Diese Art von Kuppel ist eines der grundlegenden Werkzeuge bei der Arbeit von Fotografen, die sich mit Portr\u00e4ts und Mode besch\u00e4ftigen. Ihr charakteristisches Merkmal ist ein Reflektor im Inneren, der verhindert, dass das Licht direkt auf das beleuchtete Objekt f\u00e4llt und es zum wei\u00dfen Reflektor lenkt. Der Beauty Dish beleuchtet einen gro\u00dfen Bereich, erm\u00f6glicht aber gleichzeitig eine gute Kontrolle \u00fcber die Lichtverteilung am Set, insbesondere wenn er mit einem zus\u00e4tzlichen Wabenfilter ausgestattet ist.<\/p>\n<h3>Licht<\/h3>\n<p>Mit einem wei\u00dfen Innenfinish liefert die Kuppel Licht, das fokussiert und leicht diffus ist. Das charakteristische Merkmal der Softlight-Kuppel ist, dass die Schatten, die beim Beleuchten des Sets damit entstehen, umrissen und deutlich sichtbar sind, aber gleichzeitig mit Licht gef\u00fcllt sind, sodass sie nicht zu dunkle Flecken werden.<\/p>\n<h3>Bajonett<\/h3>\n<p>Die Kuppel ist in ihrer Grundkonfiguration mit einer Bownes-Typ-Halterung ausgestattet, die wir in GlareOne-Lampen sowie bei vielen anderen Herstellern von Beleuchtung f\u00fcr Film und Fotografie verwenden. Der Beauty Dish 50 Softlight verf\u00fcgt jedoch \u00fcber ein austauschbares Bajonett, sodass er mit Profoto-, Elinchrom- oder Broncolor-Lichtern verwendet werden kann.<\/p>\n<h3>Produktmerkmale:<\/h3>\n<ul>\n<li>Liefert Licht, das ideal f\u00fcr Portr\u00e4t- und Modefotografie ist<\/li>\n<li>Kann mit einem Wabenfilter ausgestattet werden<\/li>\n<li>Es hat ein Bowens-Typ-Bajonett (austauschbar mit Profoto, Elinchrom, Broncolor)<\/li>\n<li>Es besteht vollst\u00e4ndig aus Aluminium<\/li>\n<li>Wird komplett mit einem wei\u00dfen Diffusor geliefert<\/li>\n<\/ul>\n","protected":false},"excerpt":{"rendered":"<p>Beauty Dish Diese Art von Kuppel ist eines der grundlegenden Werkzeuge bei der Arbeit von Fotografen, die sich mit Portr\u00e4ts und Mode besch\u00e4ftigen. Ihr charakteristisches Merkmal ist ein Reflektor im Inneren, der verhindert, dass das Licht direkt auf das beleuchtete Objekt f\u00e4llt und es zum wei\u00dfen Reflektor lenkt. Der Beauty Dish beleuchtet einen gro\u00dfen Bereich, [&hellip;]<\/p>\n","protected":false},"featured_media":7861,"template":"","meta":[],"product_brand":[],"product_cat":[489],"product_tag":[],"class_list":{"0":"post-7873","1":"product","2":"type-product","3":"status-publish","4":"has-post-thumbnail","6":"product_cat-reflectors-de","8":"first","9":"instock","10":"product-type-simple"},"yoast_head":"<!-- This site is optimized with the Yoast SEO plugin v27.2 - https:\/\/yoast.com\/product\/yoast-seo-wordpress\/ -->\n<title>GlareOne Beauty Dish 50 Softlight - czasza 50cm (bia\u0142a)<\/title>\n<meta name=\"description\" content=\"GlareOne Beauty Dish 50 Softlight - czasza 50cm (bia\u0142a)\" \/>\n<meta name=\"robots\" content=\"index, follow, max-snippet:-1, max-image-preview:large, max-video-preview:-1\" \/>\n<link rel=\"canonical\" href=\"https:\/\/glareone.eu\/de\/product\/glareone-beauty-dish-50-softlight\/\" \/>\n<meta property=\"og:locale\" content=\"de_DE\" \/>\n<meta property=\"og:type\" content=\"article\" \/>\n<meta property=\"og:title\" content=\"GlareOne Beauty Dish 50 Softlight - czasza 50cm (bia\u0142a)\" \/>\n<meta property=\"og:description\" content=\"GlareOne Beauty Dish 50 Softlight - czasza 50cm (bia\u0142a)\" \/>\n<meta property=\"og:url\" content=\"https:\/\/glareone.eu\/de\/product\/glareone-beauty-dish-50-softlight\/\" \/>\n<meta property=\"og:site_name\" content=\"GlareOne\" \/>\n<meta property=\"article:publisher\" content=\"https:\/\/www.facebook.com\/GlareOneLighting\" \/>\n<meta property=\"article:modified_time\" content=\"2024-05-10T08:13:01+00:00\" \/>\n<meta property=\"og:image\" content=\"https:\/\/glareone.eu\/wp-content\/uploads\/2024\/04\/GlareOne-Beauty-Dish-50-01.jpg\" \/>\n\t<meta property=\"og:image:width\" content=\"1200\" \/>\n\t<meta property=\"og:image:height\" content=\"1200\" \/>\n\t<meta property=\"og:image:type\" content=\"image\/jpeg\" \/>\n<meta name=\"twitter:card\" content=\"summary_large_image\" \/>\n<meta name=\"twitter:title\" content=\"GlareOne Beauty Dish 50 Softlight - czasza 50cm (bia\u0142a)\" \/>\n<meta name=\"twitter:label1\" content=\"Gesch\u00e4tzte Lesezeit\" \/>\n\t<meta name=\"twitter:data1\" content=\"2\u00a0Minuten\" \/>\n<script type=\"application\/ld+json\" class=\"yoast-schema-graph\">{\"@context\":\"https:\/\/schema.org\",\"@graph\":[{\"@type\":\"WebPage\",\"@id\":\"https:\/\/glareone.eu\/de\/product\/glareone-beauty-dish-50-softlight\/\",\"url\":\"https:\/\/glareone.eu\/de\/product\/glareone-beauty-dish-50-softlight\/\",\"name\":\"GlareOne Beauty Dish 50 Softlight - czasza 50cm (bia\u0142a)\",\"isPartOf\":{\"@id\":\"https:\/\/glareone.eu\/de\/en\/#website\"},\"primaryImageOfPage\":{\"@id\":\"https:\/\/glareone.eu\/de\/product\/glareone-beauty-dish-50-softlight\/#primaryimage\"},\"image\":{\"@id\":\"https:\/\/glareone.eu\/de\/product\/glareone-beauty-dish-50-softlight\/#primaryimage\"},\"thumbnailUrl\":\"https:\/\/glareone.eu\/wp-content\/uploads\/2024\/04\/GlareOne-Beauty-Dish-50-01.jpg\",\"datePublished\":\"2024-04-18T19:26:29+00:00\",\"dateModified\":\"2024-05-10T08:13:01+00:00\",\"description\":\"GlareOne Beauty Dish 50 Softlight - czasza 50cm (bia\u0142a)\",\"breadcrumb\":{\"@id\":\"https:\/\/glareone.eu\/de\/product\/glareone-beauty-dish-50-softlight\/#breadcrumb\"},\"inLanguage\":\"de\",\"potentialAction\":[{\"@type\":\"ReadAction\",\"target\":[\"https:\/\/glareone.eu\/de\/product\/glareone-beauty-dish-50-softlight\/\"]}]},{\"@type\":\"ImageObject\",\"inLanguage\":\"de\",\"@id\":\"https:\/\/glareone.eu\/de\/product\/glareone-beauty-dish-50-softlight\/#primaryimage\",\"url\":\"https:\/\/glareone.eu\/wp-content\/uploads\/2024\/04\/GlareOne-Beauty-Dish-50-01.jpg\",\"contentUrl\":\"https:\/\/glareone.eu\/wp-content\/uploads\/2024\/04\/GlareOne-Beauty-Dish-50-01.jpg\",\"width\":1200,\"height\":1200},{\"@type\":\"BreadcrumbList\",\"@id\":\"https:\/\/glareone.eu\/de\/product\/glareone-beauty-dish-50-softlight\/#breadcrumb\",\"itemListElement\":[{\"@type\":\"ListItem\",\"position\":1,\"name\":\"Strona g\u0142\u00f3wna\",\"item\":\"https:\/\/glareone.eu\/de\/\"},{\"@type\":\"ListItem\",\"position\":2,\"name\":\"Alle Produkte\",\"item\":\"https:\/\/glareone.eu\/de\/produkte\/alle-produkte\/\"},{\"@type\":\"ListItem\",\"position\":3,\"name\":\"GlareOne Beauty Dish 50 Softlight\"}]},{\"@type\":\"WebSite\",\"@id\":\"https:\/\/glareone.eu\/de\/en\/#website\",\"url\":\"https:\/\/glareone.eu\/de\/en\/\",\"name\":\"GlareOne\",\"description\":\"Wyposa\u017cenie Studia\",\"publisher\":{\"@id\":\"https:\/\/glareone.eu\/de\/en\/#organization\"},\"potentialAction\":[{\"@type\":\"SearchAction\",\"target\":{\"@type\":\"EntryPoint\",\"urlTemplate\":\"https:\/\/glareone.eu\/de\/en\/?s={search_term_string}\"},\"query-input\":{\"@type\":\"PropertyValueSpecification\",\"valueRequired\":true,\"valueName\":\"search_term_string\"}}],\"inLanguage\":\"de\"},{\"@type\":\"Organization\",\"@id\":\"https:\/\/glareone.eu\/de\/en\/#organization\",\"name\":\"GlareOne\",\"url\":\"https:\/\/glareone.eu\/de\/en\/\",\"logo\":{\"@type\":\"ImageObject\",\"inLanguage\":\"de\",\"@id\":\"https:\/\/glareone.eu\/de\/en\/#\/schema\/logo\/image\/\",\"url\":\"http:\/\/glareone.eu\/wp-content\/uploads\/2024\/05\/glareone_logo2020_RGB-01-e1715773127189.png\",\"contentUrl\":\"http:\/\/glareone.eu\/wp-content\/uploads\/2024\/05\/glareone_logo2020_RGB-01-e1715773127189.png\",\"width\":1270,\"height\":321,\"caption\":\"GlareOne\"},\"image\":{\"@id\":\"https:\/\/glareone.eu\/de\/en\/#\/schema\/logo\/image\/\"},\"sameAs\":[\"https:\/\/www.facebook.com\/GlareOneLighting\",\"https:\/\/www.instagram.com\/glareonelighting\/\",\"https:\/\/www.youtube.com\/@GlareOneTV\"]}]}<\/script>\n<!-- \/ Yoast SEO plugin. -->","yoast_head_json":{"title":"GlareOne Beauty Dish 50 Softlight - czasza 50cm (bia\u0142a)","description":"GlareOne Beauty Dish 50 Softlight - czasza 50cm (bia\u0142a)","robots":{"index":"index","follow":"follow","max-snippet":"max-snippet:-1","max-image-preview":"max-image-preview:large","max-video-preview":"max-video-preview:-1"},"canonical":"https:\/\/glareone.eu\/de\/product\/glareone-beauty-dish-50-softlight\/","og_locale":"de_DE","og_type":"article","og_title":"GlareOne Beauty Dish 50 Softlight - czasza 50cm (bia\u0142a)","og_description":"GlareOne Beauty Dish 50 Softlight - czasza 50cm (bia\u0142a)","og_url":"https:\/\/glareone.eu\/de\/product\/glareone-beauty-dish-50-softlight\/","og_site_name":"GlareOne","article_publisher":"https:\/\/www.facebook.com\/GlareOneLighting","article_modified_time":"2024-05-10T08:13:01+00:00","og_image":[{"width":1200,"height":1200,"url":"https:\/\/glareone.eu\/wp-content\/uploads\/2024\/04\/GlareOne-Beauty-Dish-50-01.jpg","type":"image\/jpeg"}],"twitter_card":"summary_large_image","twitter_title":"GlareOne Beauty Dish 50 Softlight - czasza 50cm (bia\u0142a)","twitter_misc":{"Gesch\u00e4tzte Lesezeit":"2\u00a0Minuten"},"schema":{"@context":"https:\/\/schema.org","@graph":[{"@type":"WebPage","@id":"https:\/\/glareone.eu\/de\/product\/glareone-beauty-dish-50-softlight\/","url":"https:\/\/glareone.eu\/de\/product\/glareone-beauty-dish-50-softlight\/","name":"GlareOne Beauty Dish 50 Softlight - czasza 50cm (bia\u0142a)","isPartOf":{"@id":"https:\/\/glareone.eu\/de\/en\/#website"},"primaryImageOfPage":{"@id":"https:\/\/glareone.eu\/de\/product\/glareone-beauty-dish-50-softlight\/#primaryimage"},"image":{"@id":"https:\/\/glareone.eu\/de\/product\/glareone-beauty-dish-50-softlight\/#primaryimage"},"thumbnailUrl":"https:\/\/glareone.eu\/wp-content\/uploads\/2024\/04\/GlareOne-Beauty-Dish-50-01.jpg","datePublished":"2024-04-18T19:26:29+00:00","dateModified":"2024-05-10T08:13:01+00:00","description":"GlareOne Beauty Dish 50 Softlight - czasza 50cm (bia\u0142a)","breadcrumb":{"@id":"https:\/\/glareone.eu\/de\/product\/glareone-beauty-dish-50-softlight\/#breadcrumb"},"inLanguage":"de","potentialAction":[{"@type":"ReadAction","target":["https:\/\/glareone.eu\/de\/product\/glareone-beauty-dish-50-softlight\/"]}]},{"@type":"ImageObject","inLanguage":"de","@id":"https:\/\/glareone.eu\/de\/product\/glareone-beauty-dish-50-softlight\/#primaryimage","url":"https:\/\/glareone.eu\/wp-content\/uploads\/2024\/04\/GlareOne-Beauty-Dish-50-01.jpg","contentUrl":"https:\/\/glareone.eu\/wp-content\/uploads\/2024\/04\/GlareOne-Beauty-Dish-50-01.jpg","width":1200,"height":1200},{"@type":"BreadcrumbList","@id":"https:\/\/glareone.eu\/de\/product\/glareone-beauty-dish-50-softlight\/#breadcrumb","itemListElement":[{"@type":"ListItem","position":1,"name":"Strona g\u0142\u00f3wna","item":"https:\/\/glareone.eu\/de\/"},{"@type":"ListItem","position":2,"name":"Alle Produkte","item":"https:\/\/glareone.eu\/de\/produkte\/alle-produkte\/"},{"@type":"ListItem","position":3,"name":"GlareOne Beauty Dish 50 Softlight"}]},{"@type":"WebSite","@id":"https:\/\/glareone.eu\/de\/en\/#website","url":"https:\/\/glareone.eu\/de\/en\/","name":"GlareOne","description":"Wyposa\u017cenie Studia","publisher":{"@id":"https:\/\/glareone.eu\/de\/en\/#organization"},"potentialAction":[{"@type":"SearchAction","target":{"@type":"EntryPoint","urlTemplate":"https:\/\/glareone.eu\/de\/en\/?s={search_term_string}"},"query-input":{"@type":"PropertyValueSpecification","valueRequired":true,"valueName":"search_term_string"}}],"inLanguage":"de"},{"@type":"Organization","@id":"https:\/\/glareone.eu\/de\/en\/#organization","name":"GlareOne","url":"https:\/\/glareone.eu\/de\/en\/","logo":{"@type":"ImageObject","inLanguage":"de","@id":"https:\/\/glareone.eu\/de\/en\/#\/schema\/logo\/image\/","url":"http:\/\/glareone.eu\/wp-content\/uploads\/2024\/05\/glareone_logo2020_RGB-01-e1715773127189.png","contentUrl":"http:\/\/glareone.eu\/wp-content\/uploads\/2024\/05\/glareone_logo2020_RGB-01-e1715773127189.png","width":1270,"height":321,"caption":"GlareOne"},"image":{"@id":"https:\/\/glareone.eu\/de\/en\/#\/schema\/logo\/image\/"},"sameAs":["https:\/\/www.facebook.com\/GlareOneLighting","https:\/\/www.instagram.com\/glareonelighting\/","https:\/\/www.youtube.com\/@GlareOneTV"]}]}},"_links":{"self":[{"href":"https:\/\/glareone.eu\/de\/wp-json\/wp\/v2\/product\/7873","targetHints":{"allow":["GET"]}}],"collection":[{"href":"https:\/\/glareone.eu\/de\/wp-json\/wp\/v2\/product"}],"about":[{"href":"https:\/\/glareone.eu\/de\/wp-json\/wp\/v2\/types\/product"}],"wp:featuredmedia":[{"embeddable":true,"href":"https:\/\/glareone.eu\/de\/wp-json\/wp\/v2\/media\/7861"}],"wp:attachment":[{"href":"https:\/\/glareone.eu\/de\/wp-json\/wp\/v2\/media?parent=7873"}],"wp:term":[{"taxonomy":"product_brand","embeddable":true,"href":"https:\/\/glareone.eu\/de\/wp-json\/wp\/v2\/product_brand?post=7873"},{"taxonomy":"product_cat","embeddable":true,"href":"https:\/\/glareone.eu\/de\/wp-json\/wp\/v2\/product_cat?post=7873"},{"taxonomy":"product_tag","embeddable":true,"href":"https:\/\/glareone.eu\/de\/wp-json\/wp\/v2\/product_tag?post=7873"}],"curies":[{"name":"wp","href":"https:\/\/api.w.org\/{rel}","templated":true}]}}