{"id":7836,"date":"2024-04-18T19:26:20","date_gmt":"2024-04-18T19:26:20","guid":{"rendered":"http:\/\/glareone.eu\/produkt\/glareone-ledav-adapter-zasilania-z-akumulatorow-v-mount\/"},"modified":"2025-01-24T10:04:36","modified_gmt":"2025-01-24T10:04:36","slug":"glareone-ledav","status":"publish","type":"product","link":"https:\/\/glareone.eu\/de\/product\/glareone-ledav\/","title":{"rendered":"GlareOne LEDAV &#8211; V-Mount-Batterieadapter"},"content":{"rendered":"<p>Der GlareOne LEDAV ist ein V-Mount-Akkuadapter, der f\u00fcr GlareOne LED entwickelt wurde und die Nutzung des Lichts vor Ort, fernab vom Stromnetz, erm\u00f6glicht.<\/p>\n<h3>Flexibilit\u00e4t<\/h3>\n<p>Dank des LEDAV-Adapters kann der GlareOne LED-Kopf nicht nur in einem professionellen Foto-\/Videostudio verwendet werden, sondern auch fernab vom Stromnetz \u2013 sogar im Freien. Dies bietet Ihnen gro\u00dfe Freiheit und Flexibilit\u00e4t bei der Arbeit am Set und erm\u00f6glicht die Gestaltung der gew\u00fcnschten Beleuchtung an fast jedem Ort.<\/p>\n<h3>Stromversorgung<\/h3>\n<p>Je nach Art des LED und seinem maximalen Stromverbrauch sollten Sie ein oder zwei hochwertige V-Mount-Akkus verwenden. Zum Beispiel reicht ein 200Wh V-Mount-Akku aus, um den GlareOne LED 160 BiColor D bei voller Leistung f\u00fcr ca. eine Stunde zu betreiben. Mit zwei solchen Akkus k\u00f6nnen Sie sogar bis zu zwei Stunden ununterbrochen arbeiten. F\u00fcr beste Ergebnisse und eine lange Betriebsdauer wird empfohlen, zwei hochwertige V-Mount-Akkus mit einer Kapazit\u00e4t von nicht weniger als 200Wh zu verwenden. Die Verwendung von Akkus mit einer Kapazit\u00e4t von weniger als 200Wh kann die maximale Leistung des LED-Kopfs auf etwa 60% reduzieren oder dazu f\u00fchren, dass er \u00fcberhaupt nicht funktioniert.<\/p>\n<h3>Das Kit<\/h3>\n<p>Der GlareOne LEDAV-Adapter wird mit einer Klemme geliefert, um ihn direkt an dem Stativ zu befestigen, auf dem der Kopf platziert ist. Au\u00dferdem gibt es ein 2,5 m langes Kabel zum Anschluss des Adapters an den GlareOne LED. Die L\u00e4nge ist ausreichend, um den Adapter nahe am Boden zu platzieren, was die Sicherheit erh\u00f6ht (niedrigerer Schwerpunkt) und den einfachen Zugang zu den Akkus erm\u00f6glicht.<\/p>\n<h3>Eigenschaften des GlareOne LEDAV-Adapters:<\/h3>\n<ul>\n<li>Speziell entwickelt f\u00fcr GlareOne LED-K\u00f6pfe wie 160 BiColor D, LED 220 BiColor D und LED 300 BiColor DKompatibel mit allen V-Mount-Akkus<\/li>\n<li>Eingebaute zwei Plattenschlitze<\/li>\n<li>Ausgestattet mit einem Akku-Kapazit\u00e4tsanzeiger<\/li>\n<li>Wird mit einem 2,5 m langen Stromkabel und einer Stativklemme geliefert<\/li>\n<\/ul>\n","protected":false},"excerpt":{"rendered":"<p>Der GlareOne LEDAV ist ein V-Mount-Akkuadapter, der f\u00fcr GlareOne LED entwickelt wurde und die Nutzung des Lichts vor Ort, fernab vom Stromnetz, erm\u00f6glicht. Flexibilit\u00e4t Dank des LEDAV-Adapters kann der GlareOne LED-Kopf nicht nur in einem professionellen Foto-\/Videostudio verwendet werden, sondern auch fernab vom Stromnetz \u2013 sogar im Freien. Dies bietet Ihnen gro\u00dfe Freiheit und Flexibilit\u00e4t [&hellip;]<\/p>\n","protected":false},"featured_media":7829,"template":"","meta":[],"product_brand":[],"product_cat":[374],"product_tag":[],"class_list":{"0":"post-7836","1":"product","2":"type-product","3":"status-publish","4":"has-post-thumbnail","6":"product_cat-led-lampen-mit-bowens-montage","8":"first","9":"instock","10":"product-type-simple"},"yoast_head":"<!-- This site is optimized with the Yoast SEO plugin v27.2 - https:\/\/yoast.com\/product\/yoast-seo-wordpress\/ -->\n<title>GlareOne LEDAV adapter zasilania z akumulator\u00f3w V-mount<\/title>\n<meta name=\"description\" content=\"GlareOne LEDAV adapter zasilania z akumulator\u00f3w V-mount\" \/>\n<meta name=\"robots\" content=\"index, follow, max-snippet:-1, max-image-preview:large, max-video-preview:-1\" \/>\n<link rel=\"canonical\" href=\"https:\/\/glareone.eu\/de\/product\/glareone-ledav\/\" \/>\n<meta property=\"og:locale\" content=\"de_DE\" \/>\n<meta property=\"og:type\" content=\"article\" \/>\n<meta property=\"og:title\" content=\"GlareOne LEDAV adapter zasilania z akumulator\u00f3w V-mount\" \/>\n<meta property=\"og:description\" content=\"GlareOne LEDAV adapter zasilania z akumulator\u00f3w V-mount\" \/>\n<meta property=\"og:url\" content=\"https:\/\/glareone.eu\/de\/product\/glareone-ledav\/\" \/>\n<meta property=\"og:site_name\" content=\"GlareOne\" \/>\n<meta property=\"article:publisher\" content=\"https:\/\/www.facebook.com\/GlareOneLighting\" \/>\n<meta property=\"article:modified_time\" content=\"2025-01-24T10:04:36+00:00\" \/>\n<meta property=\"og:image\" content=\"https:\/\/glareone.eu\/wp-content\/uploads\/2024\/04\/GlareOne_LEDAV_adapter_01_2k.jpg\" \/>\n\t<meta property=\"og:image:width\" content=\"2000\" \/>\n\t<meta property=\"og:image:height\" content=\"1333\" \/>\n\t<meta property=\"og:image:type\" content=\"image\/jpeg\" \/>\n<meta name=\"twitter:card\" content=\"summary_large_image\" \/>\n<meta name=\"twitter:title\" content=\"GlareOne LEDAV adapter zasilania z akumulator\u00f3w V-mount\" \/>\n<meta name=\"twitter:label1\" content=\"Gesch\u00e4tzte Lesezeit\" \/>\n\t<meta name=\"twitter:data1\" content=\"2\u00a0Minuten\" \/>\n<script type=\"application\/ld+json\" class=\"yoast-schema-graph\">{\"@context\":\"https:\/\/schema.org\",\"@graph\":[{\"@type\":\"WebPage\",\"@id\":\"https:\/\/glareone.eu\/de\/product\/glareone-ledav\/\",\"url\":\"https:\/\/glareone.eu\/de\/product\/glareone-ledav\/\",\"name\":\"GlareOne LEDAV adapter zasilania z akumulator\u00f3w V-mount\",\"isPartOf\":{\"@id\":\"https:\/\/glareone.eu\/de\/en\/#website\"},\"primaryImageOfPage\":{\"@id\":\"https:\/\/glareone.eu\/de\/product\/glareone-ledav\/#primaryimage\"},\"image\":{\"@id\":\"https:\/\/glareone.eu\/de\/product\/glareone-ledav\/#primaryimage\"},\"thumbnailUrl\":\"https:\/\/glareone.eu\/wp-content\/uploads\/2024\/04\/GlareOne_LEDAV_adapter_01_2k.jpg\",\"datePublished\":\"2024-04-18T19:26:20+00:00\",\"dateModified\":\"2025-01-24T10:04:36+00:00\",\"description\":\"GlareOne LEDAV adapter zasilania z akumulator\u00f3w V-mount\",\"breadcrumb\":{\"@id\":\"https:\/\/glareone.eu\/de\/product\/glareone-ledav\/#breadcrumb\"},\"inLanguage\":\"de\",\"potentialAction\":[{\"@type\":\"ReadAction\",\"target\":[\"https:\/\/glareone.eu\/de\/product\/glareone-ledav\/\"]}]},{\"@type\":\"ImageObject\",\"inLanguage\":\"de\",\"@id\":\"https:\/\/glareone.eu\/de\/product\/glareone-ledav\/#primaryimage\",\"url\":\"https:\/\/glareone.eu\/wp-content\/uploads\/2024\/04\/GlareOne_LEDAV_adapter_01_2k.jpg\",\"contentUrl\":\"https:\/\/glareone.eu\/wp-content\/uploads\/2024\/04\/GlareOne_LEDAV_adapter_01_2k.jpg\",\"width\":2000,\"height\":1333},{\"@type\":\"BreadcrumbList\",\"@id\":\"https:\/\/glareone.eu\/de\/product\/glareone-ledav\/#breadcrumb\",\"itemListElement\":[{\"@type\":\"ListItem\",\"position\":1,\"name\":\"Strona g\u0142\u00f3wna\",\"item\":\"https:\/\/glareone.eu\/de\/\"},{\"@type\":\"ListItem\",\"position\":2,\"name\":\"Alle Produkte\",\"item\":\"https:\/\/glareone.eu\/de\/produkte\/alle-produkte\/\"},{\"@type\":\"ListItem\",\"position\":3,\"name\":\"GlareOne LEDAV &#8211; V-Mount-Batterieadapter\"}]},{\"@type\":\"WebSite\",\"@id\":\"https:\/\/glareone.eu\/de\/en\/#website\",\"url\":\"https:\/\/glareone.eu\/de\/en\/\",\"name\":\"GlareOne\",\"description\":\"Wyposa\u017cenie Studia\",\"publisher\":{\"@id\":\"https:\/\/glareone.eu\/de\/en\/#organization\"},\"potentialAction\":[{\"@type\":\"SearchAction\",\"target\":{\"@type\":\"EntryPoint\",\"urlTemplate\":\"https:\/\/glareone.eu\/de\/en\/?s={search_term_string}\"},\"query-input\":{\"@type\":\"PropertyValueSpecification\",\"valueRequired\":true,\"valueName\":\"search_term_string\"}}],\"inLanguage\":\"de\"},{\"@type\":\"Organization\",\"@id\":\"https:\/\/glareone.eu\/de\/en\/#organization\",\"name\":\"GlareOne\",\"url\":\"https:\/\/glareone.eu\/de\/en\/\",\"logo\":{\"@type\":\"ImageObject\",\"inLanguage\":\"de\",\"@id\":\"https:\/\/glareone.eu\/de\/en\/#\/schema\/logo\/image\/\",\"url\":\"http:\/\/glareone.eu\/wp-content\/uploads\/2024\/05\/glareone_logo2020_RGB-01-e1715773127189.png\",\"contentUrl\":\"http:\/\/glareone.eu\/wp-content\/uploads\/2024\/05\/glareone_logo2020_RGB-01-e1715773127189.png\",\"width\":1270,\"height\":321,\"caption\":\"GlareOne\"},\"image\":{\"@id\":\"https:\/\/glareone.eu\/de\/en\/#\/schema\/logo\/image\/\"},\"sameAs\":[\"https:\/\/www.facebook.com\/GlareOneLighting\",\"https:\/\/www.instagram.com\/glareonelighting\/\",\"https:\/\/www.youtube.com\/@GlareOneTV\"]}]}<\/script>\n<!-- \/ Yoast SEO plugin. -->","yoast_head_json":{"title":"GlareOne LEDAV adapter zasilania z akumulator\u00f3w V-mount","description":"GlareOne LEDAV adapter zasilania z akumulator\u00f3w V-mount","robots":{"index":"index","follow":"follow","max-snippet":"max-snippet:-1","max-image-preview":"max-image-preview:large","max-video-preview":"max-video-preview:-1"},"canonical":"https:\/\/glareone.eu\/de\/product\/glareone-ledav\/","og_locale":"de_DE","og_type":"article","og_title":"GlareOne LEDAV adapter zasilania z akumulator\u00f3w V-mount","og_description":"GlareOne LEDAV adapter zasilania z akumulator\u00f3w V-mount","og_url":"https:\/\/glareone.eu\/de\/product\/glareone-ledav\/","og_site_name":"GlareOne","article_publisher":"https:\/\/www.facebook.com\/GlareOneLighting","article_modified_time":"2025-01-24T10:04:36+00:00","og_image":[{"width":2000,"height":1333,"url":"https:\/\/glareone.eu\/wp-content\/uploads\/2024\/04\/GlareOne_LEDAV_adapter_01_2k.jpg","type":"image\/jpeg"}],"twitter_card":"summary_large_image","twitter_title":"GlareOne LEDAV adapter zasilania z akumulator\u00f3w V-mount","twitter_misc":{"Gesch\u00e4tzte Lesezeit":"2\u00a0Minuten"},"schema":{"@context":"https:\/\/schema.org","@graph":[{"@type":"WebPage","@id":"https:\/\/glareone.eu\/de\/product\/glareone-ledav\/","url":"https:\/\/glareone.eu\/de\/product\/glareone-ledav\/","name":"GlareOne LEDAV adapter zasilania z akumulator\u00f3w V-mount","isPartOf":{"@id":"https:\/\/glareone.eu\/de\/en\/#website"},"primaryImageOfPage":{"@id":"https:\/\/glareone.eu\/de\/product\/glareone-ledav\/#primaryimage"},"image":{"@id":"https:\/\/glareone.eu\/de\/product\/glareone-ledav\/#primaryimage"},"thumbnailUrl":"https:\/\/glareone.eu\/wp-content\/uploads\/2024\/04\/GlareOne_LEDAV_adapter_01_2k.jpg","datePublished":"2024-04-18T19:26:20+00:00","dateModified":"2025-01-24T10:04:36+00:00","description":"GlareOne LEDAV adapter zasilania z akumulator\u00f3w V-mount","breadcrumb":{"@id":"https:\/\/glareone.eu\/de\/product\/glareone-ledav\/#breadcrumb"},"inLanguage":"de","potentialAction":[{"@type":"ReadAction","target":["https:\/\/glareone.eu\/de\/product\/glareone-ledav\/"]}]},{"@type":"ImageObject","inLanguage":"de","@id":"https:\/\/glareone.eu\/de\/product\/glareone-ledav\/#primaryimage","url":"https:\/\/glareone.eu\/wp-content\/uploads\/2024\/04\/GlareOne_LEDAV_adapter_01_2k.jpg","contentUrl":"https:\/\/glareone.eu\/wp-content\/uploads\/2024\/04\/GlareOne_LEDAV_adapter_01_2k.jpg","width":2000,"height":1333},{"@type":"BreadcrumbList","@id":"https:\/\/glareone.eu\/de\/product\/glareone-ledav\/#breadcrumb","itemListElement":[{"@type":"ListItem","position":1,"name":"Strona g\u0142\u00f3wna","item":"https:\/\/glareone.eu\/de\/"},{"@type":"ListItem","position":2,"name":"Alle Produkte","item":"https:\/\/glareone.eu\/de\/produkte\/alle-produkte\/"},{"@type":"ListItem","position":3,"name":"GlareOne LEDAV &#8211; V-Mount-Batterieadapter"}]},{"@type":"WebSite","@id":"https:\/\/glareone.eu\/de\/en\/#website","url":"https:\/\/glareone.eu\/de\/en\/","name":"GlareOne","description":"Wyposa\u017cenie Studia","publisher":{"@id":"https:\/\/glareone.eu\/de\/en\/#organization"},"potentialAction":[{"@type":"SearchAction","target":{"@type":"EntryPoint","urlTemplate":"https:\/\/glareone.eu\/de\/en\/?s={search_term_string}"},"query-input":{"@type":"PropertyValueSpecification","valueRequired":true,"valueName":"search_term_string"}}],"inLanguage":"de"},{"@type":"Organization","@id":"https:\/\/glareone.eu\/de\/en\/#organization","name":"GlareOne","url":"https:\/\/glareone.eu\/de\/en\/","logo":{"@type":"ImageObject","inLanguage":"de","@id":"https:\/\/glareone.eu\/de\/en\/#\/schema\/logo\/image\/","url":"http:\/\/glareone.eu\/wp-content\/uploads\/2024\/05\/glareone_logo2020_RGB-01-e1715773127189.png","contentUrl":"http:\/\/glareone.eu\/wp-content\/uploads\/2024\/05\/glareone_logo2020_RGB-01-e1715773127189.png","width":1270,"height":321,"caption":"GlareOne"},"image":{"@id":"https:\/\/glareone.eu\/de\/en\/#\/schema\/logo\/image\/"},"sameAs":["https:\/\/www.facebook.com\/GlareOneLighting","https:\/\/www.instagram.com\/glareonelighting\/","https:\/\/www.youtube.com\/@GlareOneTV"]}]}},"_links":{"self":[{"href":"https:\/\/glareone.eu\/de\/wp-json\/wp\/v2\/product\/7836","targetHints":{"allow":["GET"]}}],"collection":[{"href":"https:\/\/glareone.eu\/de\/wp-json\/wp\/v2\/product"}],"about":[{"href":"https:\/\/glareone.eu\/de\/wp-json\/wp\/v2\/types\/product"}],"wp:featuredmedia":[{"embeddable":true,"href":"https:\/\/glareone.eu\/de\/wp-json\/wp\/v2\/media\/7829"}],"wp:attachment":[{"href":"https:\/\/glareone.eu\/de\/wp-json\/wp\/v2\/media?parent=7836"}],"wp:term":[{"taxonomy":"product_brand","embeddable":true,"href":"https:\/\/glareone.eu\/de\/wp-json\/wp\/v2\/product_brand?post=7836"},{"taxonomy":"product_cat","embeddable":true,"href":"https:\/\/glareone.eu\/de\/wp-json\/wp\/v2\/product_cat?post=7836"},{"taxonomy":"product_tag","embeddable":true,"href":"https:\/\/glareone.eu\/de\/wp-json\/wp\/v2\/product_tag?post=7836"}],"curies":[{"name":"wp","href":"https:\/\/api.w.org\/{rel}","templated":true}]}}