{"id":7781,"date":"2024-04-18T19:26:16","date_gmt":"2024-04-18T19:26:16","guid":{"rendered":"http:\/\/glareone.eu\/produkt\/glareone-stol-bezcieniowy-60x100-cm-szybki-montaz\/"},"modified":"2024-05-10T07:07:01","modified_gmt":"2024-05-10T07:07:01","slug":"glareone-light-table-60x100-cm-quick-mount","status":"publish","type":"product","link":"https:\/\/glareone.eu\/de\/product\/glareone-light-table-60x100-cm-quick-mount\/","title":{"rendered":"GlareOne Light Table 60&#215;100 cm, Quick Mount"},"content":{"rendered":"<p>Der GlareOne Lichttisch mit Schnellmontagefunktion verteilt das Licht effektiv und zeigt selbst die kleinsten Details des fotografierten Objekts. Er ist unverzichtbar f\u00fcr Produkt-, Technik- oder Werbefotografie.<\/p>\n<h3>Vorteile der GlareOne schattenlosen Tische:<\/h3>\n<ul>\n<li>verteilen das Licht effektiv und zeigen selbst die kleinsten Details des fotografierten Objekts<\/li>\n<li>unersetzlich f\u00fcr Produkt-, Technik- und Werbefotografie<\/li>\n<li>empfohlen sowohl f\u00fcr Profis als auch f\u00fcr Anf\u00e4nger<\/li>\n<li>dank der M\u00f6glichkeit, das Licht von der Seite oder von unten zu verwenden, liefern sie keine unerw\u00fcnschten Schatten und unsch\u00f6nen Reflexionen<\/li>\n<li>leichtgewichtige und robuste Aluminiumkonstruktion<\/li>\n<li>abnehmbare Arbeitsfl\u00e4che aus kratzfestem, halbdurchl\u00e4ssigem wei\u00dfem Acryl<\/li>\n<li>Universalhalterungen mit einem 16-mm-Stift und 1\/4-Zoll-Gewinde erm\u00f6glichen die Montage von Lampen, Kameras oder anderen fotografischen Zubeh\u00f6rteilen an jedem beliebigen Ort des Gestells<\/li>\n<li>verstellbarer Neigungswinkel der R\u00fcckseite des Tisches<\/li>\n<li>inklusive Abdeckung zum Schutz des schattenfreien Tisches w\u00e4hrend des Transports<\/li>\n<\/ul>\n<h3>Verf\u00fcgbare Versionen von GlareOne schattenlosen Tischen:<\/h3>\n<ul>\n<li>Schattenloser Tisch GLAREONE 60&#215;130 cm<\/li>\n<li>Schattenloser Tisch GLAREONE 100&#215;200 cm<\/li>\n<li>Schattenloser Tisch GLAREONE 60&#215;100 &#8211; Schnellmontage<\/li>\n<li>GLAREONE Schattenloser Tisch 60&#215;130 cm &#8211; Schnellmontage<\/li>\n<\/ul>\n","protected":false},"excerpt":{"rendered":"<p>Der GlareOne Lichttisch mit Schnellmontagefunktion verteilt das Licht effektiv und zeigt selbst die kleinsten Details des fotografierten Objekts. Er ist unverzichtbar f\u00fcr Produkt-, Technik- oder Werbefotografie. Vorteile der GlareOne schattenlosen Tische: verteilen das Licht effektiv und zeigen selbst die kleinsten Details des fotografierten Objekts unersetzlich f\u00fcr Produkt-, Technik- und Werbefotografie empfohlen sowohl f\u00fcr Profis als [&hellip;]<\/p>\n","protected":false},"featured_media":7774,"template":"","meta":[],"product_brand":[],"product_cat":[448],"product_tag":[],"class_list":{"0":"post-7781","1":"product","2":"type-product","3":"status-publish","4":"has-post-thumbnail","6":"product_cat-schattenlose-fotografie","8":"first","9":"instock","10":"product-type-simple"},"yoast_head":"<!-- This site is optimized with the Yoast SEO plugin v27.2 - https:\/\/yoast.com\/product\/yoast-seo-wordpress\/ -->\n<title>GlareOne St\u00f3\u0142 bezcieniowy 60x100 cm, szybki monta\u017c<\/title>\n<meta name=\"description\" content=\"GlareOne St\u00f3\u0142 bezcieniowy 60x100 cm, szybki monta\u017c\" \/>\n<meta name=\"robots\" content=\"index, follow, max-snippet:-1, max-image-preview:large, max-video-preview:-1\" \/>\n<link rel=\"canonical\" href=\"https:\/\/glareone.eu\/de\/product\/glareone-light-table-60x100-cm-quick-mount\/\" \/>\n<meta property=\"og:locale\" content=\"de_DE\" \/>\n<meta property=\"og:type\" content=\"article\" \/>\n<meta property=\"og:title\" content=\"GlareOne St\u00f3\u0142 bezcieniowy 60x100 cm, szybki monta\u017c\" \/>\n<meta property=\"og:description\" content=\"GlareOne St\u00f3\u0142 bezcieniowy 60x100 cm, szybki monta\u017c\" \/>\n<meta property=\"og:url\" content=\"https:\/\/glareone.eu\/de\/product\/glareone-light-table-60x100-cm-quick-mount\/\" \/>\n<meta property=\"og:site_name\" content=\"GlareOne\" \/>\n<meta property=\"article:publisher\" content=\"https:\/\/www.facebook.com\/GlareOneLighting\" \/>\n<meta property=\"article:modified_time\" content=\"2024-05-10T07:07:01+00:00\" \/>\n<meta property=\"og:image\" content=\"https:\/\/glareone.eu\/wp-content\/uploads\/2024\/04\/SST60X100_01.jpg\" \/>\n\t<meta property=\"og:image:width\" content=\"1000\" \/>\n\t<meta property=\"og:image:height\" content=\"1000\" \/>\n\t<meta property=\"og:image:type\" content=\"image\/jpeg\" \/>\n<meta name=\"twitter:card\" content=\"summary_large_image\" \/>\n<meta name=\"twitter:title\" content=\"GlareOne St\u00f3\u0142 bezcieniowy 60x100 cm, szybki monta\u017c\" \/>\n<meta name=\"twitter:label1\" content=\"Gesch\u00e4tzte Lesezeit\" \/>\n\t<meta name=\"twitter:data1\" content=\"1\u00a0Minute\" \/>\n<script type=\"application\/ld+json\" class=\"yoast-schema-graph\">{\"@context\":\"https:\/\/schema.org\",\"@graph\":[{\"@type\":\"WebPage\",\"@id\":\"https:\/\/glareone.eu\/de\/product\/glareone-light-table-60x100-cm-quick-mount\/\",\"url\":\"https:\/\/glareone.eu\/de\/product\/glareone-light-table-60x100-cm-quick-mount\/\",\"name\":\"GlareOne St\u00f3\u0142 bezcieniowy 60x100 cm, szybki monta\u017c\",\"isPartOf\":{\"@id\":\"https:\/\/glareone.eu\/de\/en\/#website\"},\"primaryImageOfPage\":{\"@id\":\"https:\/\/glareone.eu\/de\/product\/glareone-light-table-60x100-cm-quick-mount\/#primaryimage\"},\"image\":{\"@id\":\"https:\/\/glareone.eu\/de\/product\/glareone-light-table-60x100-cm-quick-mount\/#primaryimage\"},\"thumbnailUrl\":\"https:\/\/glareone.eu\/wp-content\/uploads\/2024\/04\/SST60X100_01.jpg\",\"datePublished\":\"2024-04-18T19:26:16+00:00\",\"dateModified\":\"2024-05-10T07:07:01+00:00\",\"description\":\"GlareOne St\u00f3\u0142 bezcieniowy 60x100 cm, szybki monta\u017c\",\"breadcrumb\":{\"@id\":\"https:\/\/glareone.eu\/de\/product\/glareone-light-table-60x100-cm-quick-mount\/#breadcrumb\"},\"inLanguage\":\"de\",\"potentialAction\":[{\"@type\":\"ReadAction\",\"target\":[\"https:\/\/glareone.eu\/de\/product\/glareone-light-table-60x100-cm-quick-mount\/\"]}]},{\"@type\":\"ImageObject\",\"inLanguage\":\"de\",\"@id\":\"https:\/\/glareone.eu\/de\/product\/glareone-light-table-60x100-cm-quick-mount\/#primaryimage\",\"url\":\"https:\/\/glareone.eu\/wp-content\/uploads\/2024\/04\/SST60X100_01.jpg\",\"contentUrl\":\"https:\/\/glareone.eu\/wp-content\/uploads\/2024\/04\/SST60X100_01.jpg\",\"width\":1000,\"height\":1000},{\"@type\":\"BreadcrumbList\",\"@id\":\"https:\/\/glareone.eu\/de\/product\/glareone-light-table-60x100-cm-quick-mount\/#breadcrumb\",\"itemListElement\":[{\"@type\":\"ListItem\",\"position\":1,\"name\":\"Strona g\u0142\u00f3wna\",\"item\":\"https:\/\/glareone.eu\/de\/\"},{\"@type\":\"ListItem\",\"position\":2,\"name\":\"Alle Produkte\",\"item\":\"https:\/\/glareone.eu\/de\/produkte\/alle-produkte\/\"},{\"@type\":\"ListItem\",\"position\":3,\"name\":\"GlareOne Light Table 60&#215;100 cm, Quick Mount\"}]},{\"@type\":\"WebSite\",\"@id\":\"https:\/\/glareone.eu\/de\/en\/#website\",\"url\":\"https:\/\/glareone.eu\/de\/en\/\",\"name\":\"GlareOne\",\"description\":\"Wyposa\u017cenie Studia\",\"publisher\":{\"@id\":\"https:\/\/glareone.eu\/de\/en\/#organization\"},\"potentialAction\":[{\"@type\":\"SearchAction\",\"target\":{\"@type\":\"EntryPoint\",\"urlTemplate\":\"https:\/\/glareone.eu\/de\/en\/?s={search_term_string}\"},\"query-input\":{\"@type\":\"PropertyValueSpecification\",\"valueRequired\":true,\"valueName\":\"search_term_string\"}}],\"inLanguage\":\"de\"},{\"@type\":\"Organization\",\"@id\":\"https:\/\/glareone.eu\/de\/en\/#organization\",\"name\":\"GlareOne\",\"url\":\"https:\/\/glareone.eu\/de\/en\/\",\"logo\":{\"@type\":\"ImageObject\",\"inLanguage\":\"de\",\"@id\":\"https:\/\/glareone.eu\/de\/en\/#\/schema\/logo\/image\/\",\"url\":\"http:\/\/glareone.eu\/wp-content\/uploads\/2024\/05\/glareone_logo2020_RGB-01-e1715773127189.png\",\"contentUrl\":\"http:\/\/glareone.eu\/wp-content\/uploads\/2024\/05\/glareone_logo2020_RGB-01-e1715773127189.png\",\"width\":1270,\"height\":321,\"caption\":\"GlareOne\"},\"image\":{\"@id\":\"https:\/\/glareone.eu\/de\/en\/#\/schema\/logo\/image\/\"},\"sameAs\":[\"https:\/\/www.facebook.com\/GlareOneLighting\",\"https:\/\/www.instagram.com\/glareonelighting\/\",\"https:\/\/www.youtube.com\/@GlareOneTV\"]}]}<\/script>\n<!-- \/ Yoast SEO plugin. -->","yoast_head_json":{"title":"GlareOne St\u00f3\u0142 bezcieniowy 60x100 cm, szybki monta\u017c","description":"GlareOne St\u00f3\u0142 bezcieniowy 60x100 cm, szybki monta\u017c","robots":{"index":"index","follow":"follow","max-snippet":"max-snippet:-1","max-image-preview":"max-image-preview:large","max-video-preview":"max-video-preview:-1"},"canonical":"https:\/\/glareone.eu\/de\/product\/glareone-light-table-60x100-cm-quick-mount\/","og_locale":"de_DE","og_type":"article","og_title":"GlareOne St\u00f3\u0142 bezcieniowy 60x100 cm, szybki monta\u017c","og_description":"GlareOne St\u00f3\u0142 bezcieniowy 60x100 cm, szybki monta\u017c","og_url":"https:\/\/glareone.eu\/de\/product\/glareone-light-table-60x100-cm-quick-mount\/","og_site_name":"GlareOne","article_publisher":"https:\/\/www.facebook.com\/GlareOneLighting","article_modified_time":"2024-05-10T07:07:01+00:00","og_image":[{"width":1000,"height":1000,"url":"https:\/\/glareone.eu\/wp-content\/uploads\/2024\/04\/SST60X100_01.jpg","type":"image\/jpeg"}],"twitter_card":"summary_large_image","twitter_title":"GlareOne St\u00f3\u0142 bezcieniowy 60x100 cm, szybki monta\u017c","twitter_misc":{"Gesch\u00e4tzte Lesezeit":"1\u00a0Minute"},"schema":{"@context":"https:\/\/schema.org","@graph":[{"@type":"WebPage","@id":"https:\/\/glareone.eu\/de\/product\/glareone-light-table-60x100-cm-quick-mount\/","url":"https:\/\/glareone.eu\/de\/product\/glareone-light-table-60x100-cm-quick-mount\/","name":"GlareOne St\u00f3\u0142 bezcieniowy 60x100 cm, szybki monta\u017c","isPartOf":{"@id":"https:\/\/glareone.eu\/de\/en\/#website"},"primaryImageOfPage":{"@id":"https:\/\/glareone.eu\/de\/product\/glareone-light-table-60x100-cm-quick-mount\/#primaryimage"},"image":{"@id":"https:\/\/glareone.eu\/de\/product\/glareone-light-table-60x100-cm-quick-mount\/#primaryimage"},"thumbnailUrl":"https:\/\/glareone.eu\/wp-content\/uploads\/2024\/04\/SST60X100_01.jpg","datePublished":"2024-04-18T19:26:16+00:00","dateModified":"2024-05-10T07:07:01+00:00","description":"GlareOne St\u00f3\u0142 bezcieniowy 60x100 cm, szybki monta\u017c","breadcrumb":{"@id":"https:\/\/glareone.eu\/de\/product\/glareone-light-table-60x100-cm-quick-mount\/#breadcrumb"},"inLanguage":"de","potentialAction":[{"@type":"ReadAction","target":["https:\/\/glareone.eu\/de\/product\/glareone-light-table-60x100-cm-quick-mount\/"]}]},{"@type":"ImageObject","inLanguage":"de","@id":"https:\/\/glareone.eu\/de\/product\/glareone-light-table-60x100-cm-quick-mount\/#primaryimage","url":"https:\/\/glareone.eu\/wp-content\/uploads\/2024\/04\/SST60X100_01.jpg","contentUrl":"https:\/\/glareone.eu\/wp-content\/uploads\/2024\/04\/SST60X100_01.jpg","width":1000,"height":1000},{"@type":"BreadcrumbList","@id":"https:\/\/glareone.eu\/de\/product\/glareone-light-table-60x100-cm-quick-mount\/#breadcrumb","itemListElement":[{"@type":"ListItem","position":1,"name":"Strona g\u0142\u00f3wna","item":"https:\/\/glareone.eu\/de\/"},{"@type":"ListItem","position":2,"name":"Alle Produkte","item":"https:\/\/glareone.eu\/de\/produkte\/alle-produkte\/"},{"@type":"ListItem","position":3,"name":"GlareOne Light Table 60&#215;100 cm, Quick Mount"}]},{"@type":"WebSite","@id":"https:\/\/glareone.eu\/de\/en\/#website","url":"https:\/\/glareone.eu\/de\/en\/","name":"GlareOne","description":"Wyposa\u017cenie Studia","publisher":{"@id":"https:\/\/glareone.eu\/de\/en\/#organization"},"potentialAction":[{"@type":"SearchAction","target":{"@type":"EntryPoint","urlTemplate":"https:\/\/glareone.eu\/de\/en\/?s={search_term_string}"},"query-input":{"@type":"PropertyValueSpecification","valueRequired":true,"valueName":"search_term_string"}}],"inLanguage":"de"},{"@type":"Organization","@id":"https:\/\/glareone.eu\/de\/en\/#organization","name":"GlareOne","url":"https:\/\/glareone.eu\/de\/en\/","logo":{"@type":"ImageObject","inLanguage":"de","@id":"https:\/\/glareone.eu\/de\/en\/#\/schema\/logo\/image\/","url":"http:\/\/glareone.eu\/wp-content\/uploads\/2024\/05\/glareone_logo2020_RGB-01-e1715773127189.png","contentUrl":"http:\/\/glareone.eu\/wp-content\/uploads\/2024\/05\/glareone_logo2020_RGB-01-e1715773127189.png","width":1270,"height":321,"caption":"GlareOne"},"image":{"@id":"https:\/\/glareone.eu\/de\/en\/#\/schema\/logo\/image\/"},"sameAs":["https:\/\/www.facebook.com\/GlareOneLighting","https:\/\/www.instagram.com\/glareonelighting\/","https:\/\/www.youtube.com\/@GlareOneTV"]}]}},"_links":{"self":[{"href":"https:\/\/glareone.eu\/de\/wp-json\/wp\/v2\/product\/7781","targetHints":{"allow":["GET"]}}],"collection":[{"href":"https:\/\/glareone.eu\/de\/wp-json\/wp\/v2\/product"}],"about":[{"href":"https:\/\/glareone.eu\/de\/wp-json\/wp\/v2\/types\/product"}],"wp:featuredmedia":[{"embeddable":true,"href":"https:\/\/glareone.eu\/de\/wp-json\/wp\/v2\/media\/7774"}],"wp:attachment":[{"href":"https:\/\/glareone.eu\/de\/wp-json\/wp\/v2\/media?parent=7781"}],"wp:term":[{"taxonomy":"product_brand","embeddable":true,"href":"https:\/\/glareone.eu\/de\/wp-json\/wp\/v2\/product_brand?post=7781"},{"taxonomy":"product_cat","embeddable":true,"href":"https:\/\/glareone.eu\/de\/wp-json\/wp\/v2\/product_cat?post=7781"},{"taxonomy":"product_tag","embeddable":true,"href":"https:\/\/glareone.eu\/de\/wp-json\/wp\/v2\/product_tag?post=7781"}],"curies":[{"name":"wp","href":"https:\/\/api.w.org\/{rel}","templated":true}]}}