{"id":6820,"date":"2024-04-18T19:26:14","date_gmt":"2024-04-18T19:26:14","guid":{"rendered":"http:\/\/glareone.eu\/produkt\/glareone-statyw-oswietleniowy-g-806\/"},"modified":"2024-05-07T13:13:11","modified_gmt":"2024-05-07T13:13:11","slug":"glareone-light-stand-g-806","status":"publish","type":"product","link":"https:\/\/glareone.eu\/de\/product\/glareone-light-stand-g-806\/","title":{"rendered":"GlareOne Light Stand G-806 240 cm"},"content":{"rendered":"<p>Der GlareOne G-806 Lichtstativ ist fantastisch f\u00fcr den Einsatz mit Lichtzelten, Beleuchtungsk\u00f6rpern und Blitzlampen geeignet.<\/p>\n<p><strong>Vorteile von GlareOne Stativen:<\/strong><\/p>\n<ul>\n<li>Unverzichtbar f\u00fcr Studioarbeit und Outdoor-Sessions<\/li>\n<li>Hergestellt aus hochwertigem, leichtem und mechanisch best\u00e4ndigem Aluminium<\/li>\n<li>Funktioniert hervorragend mit schattenfreien Tischen, Beleuchtungsk\u00f6rpern und Blitzger\u00e4ten<\/li>\n<li>Die reibungslose H\u00f6henverstellung erm\u00f6glicht es, die H\u00f6he des Stativs an die individuellen Bed\u00fcrfnisse des Fotografen anzupassen<\/li>\n<li>Das geringe Gewicht und die kompakte Gr\u00f6\u00dfe machen die GlareOne Stative auch f\u00fcr lange Reisen zu perfekten Begleitern<\/li>\n<li>Ausgestattet mit einer Standard-16-mm-Pfanne mit \u00bc-Zoll-Gewinde<\/li>\n<\/ul>\n<p><strong>Verf\u00fcgbare Versionen von GlareOne Lichtstativen:<\/strong><\/p>\n<ul>\n<li>G-801 Lichtstativ &#8211; 82 cm<\/li>\n<li>G-802 Lichtstativ &#8211; 100 cm mit einem Schaft<\/li>\n<li>Lichtstativ G-803 &#8211; 190 cm<\/li>\n<li>Lichtstativ G-806 &#8211; 240 cm<\/li>\n<\/ul>\n","protected":false},"excerpt":{"rendered":"<p>Der GlareOne G-806 Lichtstativ ist fantastisch f\u00fcr den Einsatz mit Lichtzelten, Beleuchtungsk\u00f6rpern und Blitzlampen geeignet. Vorteile von GlareOne Stativen: Unverzichtbar f\u00fcr Studioarbeit und Outdoor-Sessions Hergestellt aus hochwertigem, leichtem und mechanisch best\u00e4ndigem Aluminium Funktioniert hervorragend mit schattenfreien Tischen, Beleuchtungsk\u00f6rpern und Blitzger\u00e4ten Die reibungslose H\u00f6henverstellung erm\u00f6glicht es, die H\u00f6he des Stativs an die individuellen Bed\u00fcrfnisse des Fotografen [&hellip;]<\/p>\n","protected":false},"featured_media":6801,"template":"","meta":[],"product_brand":[],"product_cat":[482],"product_tag":[],"class_list":{"0":"post-6820","1":"product","2":"type-product","3":"status-publish","4":"has-post-thumbnail","6":"product_cat-ander-de","8":"first","9":"instock","10":"product-type-simple"},"yoast_head":"<!-- This site is optimized with the Yoast SEO plugin v27.2 - https:\/\/yoast.com\/product\/yoast-seo-wordpress\/ -->\n<title>GlareOne Statyw o\u015bwietleniowy G-806 240 cm<\/title>\n<meta name=\"description\" content=\"GlareOne Statyw o\u015bwietleniowy G-806 240 cm\" \/>\n<meta name=\"robots\" content=\"index, follow, max-snippet:-1, max-image-preview:large, max-video-preview:-1\" \/>\n<link rel=\"canonical\" href=\"https:\/\/glareone.eu\/de\/product\/glareone-light-stand-g-806\/\" \/>\n<meta property=\"og:locale\" content=\"de_DE\" \/>\n<meta property=\"og:type\" content=\"article\" \/>\n<meta property=\"og:title\" content=\"GlareOne Statyw o\u015bwietleniowy G-806 240 cm\" \/>\n<meta property=\"og:description\" content=\"GlareOne Statyw o\u015bwietleniowy G-806 240 cm\" \/>\n<meta property=\"og:url\" content=\"https:\/\/glareone.eu\/de\/product\/glareone-light-stand-g-806\/\" \/>\n<meta property=\"og:site_name\" content=\"GlareOne\" \/>\n<meta property=\"article:publisher\" content=\"https:\/\/www.facebook.com\/GlareOneLighting\" \/>\n<meta property=\"article:modified_time\" content=\"2024-05-07T13:13:11+00:00\" \/>\n<meta property=\"og:image\" content=\"https:\/\/glareone.eu\/wp-content\/uploads\/2024\/04\/SL250-806_1.jpg\" \/>\n\t<meta property=\"og:image:width\" content=\"1000\" \/>\n\t<meta property=\"og:image:height\" content=\"1000\" \/>\n\t<meta property=\"og:image:type\" content=\"image\/jpeg\" \/>\n<meta name=\"twitter:card\" content=\"summary_large_image\" \/>\n<meta name=\"twitter:title\" content=\"GlareOne Statyw o\u015bwietleniowy G-806 240 cm\" \/>\n<meta name=\"twitter:label1\" content=\"Gesch\u00e4tzte Lesezeit\" \/>\n\t<meta name=\"twitter:data1\" content=\"1\u00a0Minute\" \/>\n<script type=\"application\/ld+json\" class=\"yoast-schema-graph\">{\"@context\":\"https:\/\/schema.org\",\"@graph\":[{\"@type\":\"WebPage\",\"@id\":\"https:\/\/glareone.eu\/de\/product\/glareone-light-stand-g-806\/\",\"url\":\"https:\/\/glareone.eu\/de\/product\/glareone-light-stand-g-806\/\",\"name\":\"GlareOne Statyw o\u015bwietleniowy G-806 240 cm\",\"isPartOf\":{\"@id\":\"https:\/\/glareone.eu\/de\/en\/#website\"},\"primaryImageOfPage\":{\"@id\":\"https:\/\/glareone.eu\/de\/product\/glareone-light-stand-g-806\/#primaryimage\"},\"image\":{\"@id\":\"https:\/\/glareone.eu\/de\/product\/glareone-light-stand-g-806\/#primaryimage\"},\"thumbnailUrl\":\"https:\/\/glareone.eu\/wp-content\/uploads\/2024\/04\/SL250-806_1.jpg\",\"datePublished\":\"2024-04-18T19:26:14+00:00\",\"dateModified\":\"2024-05-07T13:13:11+00:00\",\"description\":\"GlareOne Statyw o\u015bwietleniowy G-806 240 cm\",\"breadcrumb\":{\"@id\":\"https:\/\/glareone.eu\/de\/product\/glareone-light-stand-g-806\/#breadcrumb\"},\"inLanguage\":\"de\",\"potentialAction\":[{\"@type\":\"ReadAction\",\"target\":[\"https:\/\/glareone.eu\/de\/product\/glareone-light-stand-g-806\/\"]}]},{\"@type\":\"ImageObject\",\"inLanguage\":\"de\",\"@id\":\"https:\/\/glareone.eu\/de\/product\/glareone-light-stand-g-806\/#primaryimage\",\"url\":\"https:\/\/glareone.eu\/wp-content\/uploads\/2024\/04\/SL250-806_1.jpg\",\"contentUrl\":\"https:\/\/glareone.eu\/wp-content\/uploads\/2024\/04\/SL250-806_1.jpg\",\"width\":1000,\"height\":1000},{\"@type\":\"BreadcrumbList\",\"@id\":\"https:\/\/glareone.eu\/de\/product\/glareone-light-stand-g-806\/#breadcrumb\",\"itemListElement\":[{\"@type\":\"ListItem\",\"position\":1,\"name\":\"Strona g\u0142\u00f3wna\",\"item\":\"https:\/\/glareone.eu\/de\/\"},{\"@type\":\"ListItem\",\"position\":2,\"name\":\"Alle Produkte\",\"item\":\"https:\/\/glareone.eu\/de\/produkte\/alle-produkte\/\"},{\"@type\":\"ListItem\",\"position\":3,\"name\":\"GlareOne Light Stand G-806 240 cm\"}]},{\"@type\":\"WebSite\",\"@id\":\"https:\/\/glareone.eu\/de\/en\/#website\",\"url\":\"https:\/\/glareone.eu\/de\/en\/\",\"name\":\"GlareOne\",\"description\":\"Wyposa\u017cenie Studia\",\"publisher\":{\"@id\":\"https:\/\/glareone.eu\/de\/en\/#organization\"},\"potentialAction\":[{\"@type\":\"SearchAction\",\"target\":{\"@type\":\"EntryPoint\",\"urlTemplate\":\"https:\/\/glareone.eu\/de\/en\/?s={search_term_string}\"},\"query-input\":{\"@type\":\"PropertyValueSpecification\",\"valueRequired\":true,\"valueName\":\"search_term_string\"}}],\"inLanguage\":\"de\"},{\"@type\":\"Organization\",\"@id\":\"https:\/\/glareone.eu\/de\/en\/#organization\",\"name\":\"GlareOne\",\"url\":\"https:\/\/glareone.eu\/de\/en\/\",\"logo\":{\"@type\":\"ImageObject\",\"inLanguage\":\"de\",\"@id\":\"https:\/\/glareone.eu\/de\/en\/#\/schema\/logo\/image\/\",\"url\":\"http:\/\/glareone.eu\/wp-content\/uploads\/2024\/05\/glareone_logo2020_RGB-01-e1715773127189.png\",\"contentUrl\":\"http:\/\/glareone.eu\/wp-content\/uploads\/2024\/05\/glareone_logo2020_RGB-01-e1715773127189.png\",\"width\":1270,\"height\":321,\"caption\":\"GlareOne\"},\"image\":{\"@id\":\"https:\/\/glareone.eu\/de\/en\/#\/schema\/logo\/image\/\"},\"sameAs\":[\"https:\/\/www.facebook.com\/GlareOneLighting\",\"https:\/\/www.instagram.com\/glareonelighting\/\",\"https:\/\/www.youtube.com\/@GlareOneTV\"]}]}<\/script>\n<!-- \/ Yoast SEO plugin. -->","yoast_head_json":{"title":"GlareOne Statyw o\u015bwietleniowy G-806 240 cm","description":"GlareOne Statyw o\u015bwietleniowy G-806 240 cm","robots":{"index":"index","follow":"follow","max-snippet":"max-snippet:-1","max-image-preview":"max-image-preview:large","max-video-preview":"max-video-preview:-1"},"canonical":"https:\/\/glareone.eu\/de\/product\/glareone-light-stand-g-806\/","og_locale":"de_DE","og_type":"article","og_title":"GlareOne Statyw o\u015bwietleniowy G-806 240 cm","og_description":"GlareOne Statyw o\u015bwietleniowy G-806 240 cm","og_url":"https:\/\/glareone.eu\/de\/product\/glareone-light-stand-g-806\/","og_site_name":"GlareOne","article_publisher":"https:\/\/www.facebook.com\/GlareOneLighting","article_modified_time":"2024-05-07T13:13:11+00:00","og_image":[{"width":1000,"height":1000,"url":"https:\/\/glareone.eu\/wp-content\/uploads\/2024\/04\/SL250-806_1.jpg","type":"image\/jpeg"}],"twitter_card":"summary_large_image","twitter_title":"GlareOne Statyw o\u015bwietleniowy G-806 240 cm","twitter_misc":{"Gesch\u00e4tzte Lesezeit":"1\u00a0Minute"},"schema":{"@context":"https:\/\/schema.org","@graph":[{"@type":"WebPage","@id":"https:\/\/glareone.eu\/de\/product\/glareone-light-stand-g-806\/","url":"https:\/\/glareone.eu\/de\/product\/glareone-light-stand-g-806\/","name":"GlareOne Statyw o\u015bwietleniowy G-806 240 cm","isPartOf":{"@id":"https:\/\/glareone.eu\/de\/en\/#website"},"primaryImageOfPage":{"@id":"https:\/\/glareone.eu\/de\/product\/glareone-light-stand-g-806\/#primaryimage"},"image":{"@id":"https:\/\/glareone.eu\/de\/product\/glareone-light-stand-g-806\/#primaryimage"},"thumbnailUrl":"https:\/\/glareone.eu\/wp-content\/uploads\/2024\/04\/SL250-806_1.jpg","datePublished":"2024-04-18T19:26:14+00:00","dateModified":"2024-05-07T13:13:11+00:00","description":"GlareOne Statyw o\u015bwietleniowy G-806 240 cm","breadcrumb":{"@id":"https:\/\/glareone.eu\/de\/product\/glareone-light-stand-g-806\/#breadcrumb"},"inLanguage":"de","potentialAction":[{"@type":"ReadAction","target":["https:\/\/glareone.eu\/de\/product\/glareone-light-stand-g-806\/"]}]},{"@type":"ImageObject","inLanguage":"de","@id":"https:\/\/glareone.eu\/de\/product\/glareone-light-stand-g-806\/#primaryimage","url":"https:\/\/glareone.eu\/wp-content\/uploads\/2024\/04\/SL250-806_1.jpg","contentUrl":"https:\/\/glareone.eu\/wp-content\/uploads\/2024\/04\/SL250-806_1.jpg","width":1000,"height":1000},{"@type":"BreadcrumbList","@id":"https:\/\/glareone.eu\/de\/product\/glareone-light-stand-g-806\/#breadcrumb","itemListElement":[{"@type":"ListItem","position":1,"name":"Strona g\u0142\u00f3wna","item":"https:\/\/glareone.eu\/de\/"},{"@type":"ListItem","position":2,"name":"Alle Produkte","item":"https:\/\/glareone.eu\/de\/produkte\/alle-produkte\/"},{"@type":"ListItem","position":3,"name":"GlareOne Light Stand G-806 240 cm"}]},{"@type":"WebSite","@id":"https:\/\/glareone.eu\/de\/en\/#website","url":"https:\/\/glareone.eu\/de\/en\/","name":"GlareOne","description":"Wyposa\u017cenie Studia","publisher":{"@id":"https:\/\/glareone.eu\/de\/en\/#organization"},"potentialAction":[{"@type":"SearchAction","target":{"@type":"EntryPoint","urlTemplate":"https:\/\/glareone.eu\/de\/en\/?s={search_term_string}"},"query-input":{"@type":"PropertyValueSpecification","valueRequired":true,"valueName":"search_term_string"}}],"inLanguage":"de"},{"@type":"Organization","@id":"https:\/\/glareone.eu\/de\/en\/#organization","name":"GlareOne","url":"https:\/\/glareone.eu\/de\/en\/","logo":{"@type":"ImageObject","inLanguage":"de","@id":"https:\/\/glareone.eu\/de\/en\/#\/schema\/logo\/image\/","url":"http:\/\/glareone.eu\/wp-content\/uploads\/2024\/05\/glareone_logo2020_RGB-01-e1715773127189.png","contentUrl":"http:\/\/glareone.eu\/wp-content\/uploads\/2024\/05\/glareone_logo2020_RGB-01-e1715773127189.png","width":1270,"height":321,"caption":"GlareOne"},"image":{"@id":"https:\/\/glareone.eu\/de\/en\/#\/schema\/logo\/image\/"},"sameAs":["https:\/\/www.facebook.com\/GlareOneLighting","https:\/\/www.instagram.com\/glareonelighting\/","https:\/\/www.youtube.com\/@GlareOneTV"]}]}},"_links":{"self":[{"href":"https:\/\/glareone.eu\/de\/wp-json\/wp\/v2\/product\/6820","targetHints":{"allow":["GET"]}}],"collection":[{"href":"https:\/\/glareone.eu\/de\/wp-json\/wp\/v2\/product"}],"about":[{"href":"https:\/\/glareone.eu\/de\/wp-json\/wp\/v2\/types\/product"}],"wp:featuredmedia":[{"embeddable":true,"href":"https:\/\/glareone.eu\/de\/wp-json\/wp\/v2\/media\/6801"}],"wp:attachment":[{"href":"https:\/\/glareone.eu\/de\/wp-json\/wp\/v2\/media?parent=6820"}],"wp:term":[{"taxonomy":"product_brand","embeddable":true,"href":"https:\/\/glareone.eu\/de\/wp-json\/wp\/v2\/product_brand?post=6820"},{"taxonomy":"product_cat","embeddable":true,"href":"https:\/\/glareone.eu\/de\/wp-json\/wp\/v2\/product_cat?post=6820"},{"taxonomy":"product_tag","embeddable":true,"href":"https:\/\/glareone.eu\/de\/wp-json\/wp\/v2\/product_tag?post=6820"}],"curies":[{"name":"wp","href":"https:\/\/api.w.org\/{rel}","templated":true}]}}