{"id":6719,"date":"2024-04-18T19:26:20","date_gmt":"2024-04-18T19:26:20","guid":{"rendered":"http:\/\/glareone.eu\/produkt\/glareone-alki-200\/"},"modified":"2024-05-07T12:43:00","modified_gmt":"2024-05-07T12:43:00","slug":"glareone-alki-200","status":"publish","type":"product","link":"https:\/\/glareone.eu\/de\/product\/glareone-alki-200\/","title":{"rendered":"GlareOne Alki 200 &#8211; kompaktes Lichtstativ"},"content":{"rendered":"<p>The Alki 200 ist perfekt, wenn geringes Gewicht, kompakte Gr\u00f6\u00dfe und maximale Nutzbarkeit wichtig sind. Dieses Stativ ist extrem kompakt zusammenklappbar (es misst nur 51 cm), dank seines umgekehrten Bein-Faltmechanismus. Gleichzeitig kann es dank seines viergeteilten Mittels\u00e4ulendesigns auf eine H\u00f6he von bis zu 200 cm ausgefahren werden. Das Stativ besteht fast ausschlie\u00dflich aus Metall. Die Beine sind aus Stahl gefertigt, um die h\u00f6chstm\u00f6gliche Stabilit\u00e4t und Langlebigkeit zu gew\u00e4hrleisten, w\u00e4hrend die Mittels\u00e4ulenelemente und die Beinverbindung aus Aluminium gefertigt sind, um das Gewicht niedrig zu halten.<\/p>\n<p>Die maximale Belastung, die das Alki 200 tragen kann, betr\u00e4gt 1,5 kg, was es als Basis f\u00fcr jeden Reporterblitz oder kleinen, batteriebetriebenen Studioblitz geeignet macht. Dar\u00fcber hinaus passt das Alki 200 perfekt zu allen GlareOne LED-Panelen, kann aber auch mit anderen kleinen LED-Leuchten anderer Hersteller verwendet werden.<\/p>\n<p>All dies macht das Alki 200 zu einem \u00e4u\u00dferst vielseitigen Stativ und wird jedem Fotografen, Videofilmer oder Vlogger n\u00fctzlich sein. Das Alki 200 kann sowohl im Freien als auch im Studio als Stativ verwendet werden. Es ist besonders n\u00fctzlich in einem kleinen Heimstudio, wo jeder Quadratzentimeter z\u00e4hlt. Wenn Sie eine Beleuchtung f\u00fcr eine Videokonferenz einrichten m\u00fcssen oder eine Lampe niedrig am Boden platzieren m\u00fcssen, um den Hintergrund zu beleuchten &#8211; das Alki 200 ist perfekt daf\u00fcr geeignet. Aber das ist noch nicht alles, denn die Mittels\u00e4ule kann von den Beinen getrennt und in einen Verl\u00e4ngerungsarm umgewandelt werden, mit dem wir oder unser Assistent die Lampe hoch \u00fcber unseren Kopf platzieren k\u00f6nnen.<\/p>\n<h3>Produkteigenschaften:<\/h3>\n<ul>\n<li>Robustes, vielseitiges und kompaktes Lampenstativ<\/li>\n<li>Ideal f\u00fcr Fotografen, Filmemacher und Vlogger sowohl im Studio als auch im Freien<\/li>\n<li>Verf\u00fcgt \u00fcber einen umgekehrten Faltmechanismus der Beine f\u00fcr au\u00dfergew\u00f6hnliche Mobilit\u00e4t<\/li>\n<li>Erreicht eine H\u00f6he von 200 cm, bleibt aber bei 51 cm L\u00e4nge zusammengeklappt<\/li>\n<li>Maximale Traglast von 1,5 kg macht es ideal f\u00fcr kleine LED-Panel und Reporterblitze<\/li>\n<li>Wiegt weniger als 1 kg<\/li>\n<li>Schnelles Aus- und Einklappen dank der Klemmen f\u00fcr die Mittels\u00e4ulensektionen<\/li>\n<li>Ausgestattet mit abnehmbaren Beinen, um es in einen Verl\u00e4ngerungsarm umzuwandeln<\/li>\n<li>Mit einer \u00bc&#8220;-Schraube zum Anbringen verschiedener Zubeh\u00f6rteile wie Blitzger\u00e4te und Mikrofone<\/li>\n<li>Die Mittels\u00e4ule und die Beine sind aus Metall gefertigt<\/li>\n<\/ul>\n","protected":false},"excerpt":{"rendered":"<p>The Alki 200 ist perfekt, wenn geringes Gewicht, kompakte Gr\u00f6\u00dfe und maximale Nutzbarkeit wichtig sind. Dieses Stativ ist extrem kompakt zusammenklappbar (es misst nur 51 cm), dank seines umgekehrten Bein-Faltmechanismus. Gleichzeitig kann es dank seines viergeteilten Mittels\u00e4ulendesigns auf eine H\u00f6he von bis zu 200 cm ausgefahren werden. Das Stativ besteht fast ausschlie\u00dflich aus Metall. Die [&hellip;]<\/p>\n","protected":false},"featured_media":6699,"template":"","meta":[],"product_brand":[],"product_cat":[482],"product_tag":[],"class_list":{"0":"post-6719","1":"product","2":"type-product","3":"status-publish","4":"has-post-thumbnail","6":"product_cat-ander-de","8":"first","9":"instock","10":"product-type-simple"},"yoast_head":"<!-- This site is optimized with the Yoast SEO plugin v27.2 - https:\/\/yoast.com\/product\/yoast-seo-wordpress\/ -->\n<title>GlareOne Alki 200 - statyw o\u015bwietleniowy<\/title>\n<meta name=\"description\" content=\"GlareOne Alki 200 - statyw o\u015bwietleniowy\" \/>\n<meta name=\"robots\" content=\"index, follow, max-snippet:-1, max-image-preview:large, max-video-preview:-1\" \/>\n<link rel=\"canonical\" href=\"https:\/\/glareone.eu\/de\/product\/glareone-alki-200\/\" \/>\n<meta property=\"og:locale\" content=\"de_DE\" \/>\n<meta property=\"og:type\" content=\"article\" \/>\n<meta property=\"og:title\" content=\"GlareOne Alki 200 - statyw o\u015bwietleniowy\" \/>\n<meta property=\"og:description\" content=\"GlareOne Alki 200 - statyw o\u015bwietleniowy\" \/>\n<meta property=\"og:url\" content=\"https:\/\/glareone.eu\/de\/product\/glareone-alki-200\/\" \/>\n<meta property=\"og:site_name\" content=\"GlareOne\" \/>\n<meta property=\"article:publisher\" content=\"https:\/\/www.facebook.com\/GlareOneLighting\" \/>\n<meta property=\"article:modified_time\" content=\"2024-05-07T12:43:00+00:00\" \/>\n<meta property=\"og:image\" content=\"https:\/\/glareone.eu\/wp-content\/uploads\/2024\/04\/SLSF200-GlareOne-Alki-200-002-scaled.jpg\" \/>\n\t<meta property=\"og:image:width\" content=\"2560\" \/>\n\t<meta property=\"og:image:height\" content=\"2560\" \/>\n\t<meta property=\"og:image:type\" content=\"image\/jpeg\" \/>\n<meta name=\"twitter:card\" content=\"summary_large_image\" \/>\n<meta name=\"twitter:title\" content=\"GlareOne Alki 200 - statyw o\u015bwietleniowy\" \/>\n<meta name=\"twitter:label1\" content=\"Gesch\u00e4tzte Lesezeit\" \/>\n\t<meta name=\"twitter:data1\" content=\"3\u00a0Minuten\" \/>\n<script type=\"application\/ld+json\" class=\"yoast-schema-graph\">{\"@context\":\"https:\/\/schema.org\",\"@graph\":[{\"@type\":\"WebPage\",\"@id\":\"https:\/\/glareone.eu\/de\/product\/glareone-alki-200\/\",\"url\":\"https:\/\/glareone.eu\/de\/product\/glareone-alki-200\/\",\"name\":\"GlareOne Alki 200 - statyw o\u015bwietleniowy\",\"isPartOf\":{\"@id\":\"https:\/\/glareone.eu\/de\/en\/#website\"},\"primaryImageOfPage\":{\"@id\":\"https:\/\/glareone.eu\/de\/product\/glareone-alki-200\/#primaryimage\"},\"image\":{\"@id\":\"https:\/\/glareone.eu\/de\/product\/glareone-alki-200\/#primaryimage\"},\"thumbnailUrl\":\"https:\/\/glareone.eu\/wp-content\/uploads\/2024\/04\/SLSF200-GlareOne-Alki-200-002-scaled.jpg\",\"datePublished\":\"2024-04-18T19:26:20+00:00\",\"dateModified\":\"2024-05-07T12:43:00+00:00\",\"description\":\"GlareOne Alki 200 - statyw o\u015bwietleniowy\",\"breadcrumb\":{\"@id\":\"https:\/\/glareone.eu\/de\/product\/glareone-alki-200\/#breadcrumb\"},\"inLanguage\":\"de\",\"potentialAction\":[{\"@type\":\"ReadAction\",\"target\":[\"https:\/\/glareone.eu\/de\/product\/glareone-alki-200\/\"]}]},{\"@type\":\"ImageObject\",\"inLanguage\":\"de\",\"@id\":\"https:\/\/glareone.eu\/de\/product\/glareone-alki-200\/#primaryimage\",\"url\":\"https:\/\/glareone.eu\/wp-content\/uploads\/2024\/04\/SLSF200-GlareOne-Alki-200-002-scaled.jpg\",\"contentUrl\":\"https:\/\/glareone.eu\/wp-content\/uploads\/2024\/04\/SLSF200-GlareOne-Alki-200-002-scaled.jpg\",\"width\":2560,\"height\":2560},{\"@type\":\"BreadcrumbList\",\"@id\":\"https:\/\/glareone.eu\/de\/product\/glareone-alki-200\/#breadcrumb\",\"itemListElement\":[{\"@type\":\"ListItem\",\"position\":1,\"name\":\"Strona g\u0142\u00f3wna\",\"item\":\"https:\/\/glareone.eu\/de\/\"},{\"@type\":\"ListItem\",\"position\":2,\"name\":\"Alle Produkte\",\"item\":\"https:\/\/glareone.eu\/de\/produkte\/alle-produkte\/\"},{\"@type\":\"ListItem\",\"position\":3,\"name\":\"GlareOne Alki 200 &#8211; kompaktes Lichtstativ\"}]},{\"@type\":\"WebSite\",\"@id\":\"https:\/\/glareone.eu\/de\/en\/#website\",\"url\":\"https:\/\/glareone.eu\/de\/en\/\",\"name\":\"GlareOne\",\"description\":\"Wyposa\u017cenie Studia\",\"publisher\":{\"@id\":\"https:\/\/glareone.eu\/de\/en\/#organization\"},\"potentialAction\":[{\"@type\":\"SearchAction\",\"target\":{\"@type\":\"EntryPoint\",\"urlTemplate\":\"https:\/\/glareone.eu\/de\/en\/?s={search_term_string}\"},\"query-input\":{\"@type\":\"PropertyValueSpecification\",\"valueRequired\":true,\"valueName\":\"search_term_string\"}}],\"inLanguage\":\"de\"},{\"@type\":\"Organization\",\"@id\":\"https:\/\/glareone.eu\/de\/en\/#organization\",\"name\":\"GlareOne\",\"url\":\"https:\/\/glareone.eu\/de\/en\/\",\"logo\":{\"@type\":\"ImageObject\",\"inLanguage\":\"de\",\"@id\":\"https:\/\/glareone.eu\/de\/en\/#\/schema\/logo\/image\/\",\"url\":\"http:\/\/glareone.eu\/wp-content\/uploads\/2024\/05\/glareone_logo2020_RGB-01-e1715773127189.png\",\"contentUrl\":\"http:\/\/glareone.eu\/wp-content\/uploads\/2024\/05\/glareone_logo2020_RGB-01-e1715773127189.png\",\"width\":1270,\"height\":321,\"caption\":\"GlareOne\"},\"image\":{\"@id\":\"https:\/\/glareone.eu\/de\/en\/#\/schema\/logo\/image\/\"},\"sameAs\":[\"https:\/\/www.facebook.com\/GlareOneLighting\",\"https:\/\/www.instagram.com\/glareonelighting\/\",\"https:\/\/www.youtube.com\/@GlareOneTV\"]}]}<\/script>\n<!-- \/ Yoast SEO plugin. -->","yoast_head_json":{"title":"GlareOne Alki 200 - statyw o\u015bwietleniowy","description":"GlareOne Alki 200 - statyw o\u015bwietleniowy","robots":{"index":"index","follow":"follow","max-snippet":"max-snippet:-1","max-image-preview":"max-image-preview:large","max-video-preview":"max-video-preview:-1"},"canonical":"https:\/\/glareone.eu\/de\/product\/glareone-alki-200\/","og_locale":"de_DE","og_type":"article","og_title":"GlareOne Alki 200 - statyw o\u015bwietleniowy","og_description":"GlareOne Alki 200 - statyw o\u015bwietleniowy","og_url":"https:\/\/glareone.eu\/de\/product\/glareone-alki-200\/","og_site_name":"GlareOne","article_publisher":"https:\/\/www.facebook.com\/GlareOneLighting","article_modified_time":"2024-05-07T12:43:00+00:00","og_image":[{"width":2560,"height":2560,"url":"https:\/\/glareone.eu\/wp-content\/uploads\/2024\/04\/SLSF200-GlareOne-Alki-200-002-scaled.jpg","type":"image\/jpeg"}],"twitter_card":"summary_large_image","twitter_title":"GlareOne Alki 200 - statyw o\u015bwietleniowy","twitter_misc":{"Gesch\u00e4tzte Lesezeit":"3\u00a0Minuten"},"schema":{"@context":"https:\/\/schema.org","@graph":[{"@type":"WebPage","@id":"https:\/\/glareone.eu\/de\/product\/glareone-alki-200\/","url":"https:\/\/glareone.eu\/de\/product\/glareone-alki-200\/","name":"GlareOne Alki 200 - statyw o\u015bwietleniowy","isPartOf":{"@id":"https:\/\/glareone.eu\/de\/en\/#website"},"primaryImageOfPage":{"@id":"https:\/\/glareone.eu\/de\/product\/glareone-alki-200\/#primaryimage"},"image":{"@id":"https:\/\/glareone.eu\/de\/product\/glareone-alki-200\/#primaryimage"},"thumbnailUrl":"https:\/\/glareone.eu\/wp-content\/uploads\/2024\/04\/SLSF200-GlareOne-Alki-200-002-scaled.jpg","datePublished":"2024-04-18T19:26:20+00:00","dateModified":"2024-05-07T12:43:00+00:00","description":"GlareOne Alki 200 - statyw o\u015bwietleniowy","breadcrumb":{"@id":"https:\/\/glareone.eu\/de\/product\/glareone-alki-200\/#breadcrumb"},"inLanguage":"de","potentialAction":[{"@type":"ReadAction","target":["https:\/\/glareone.eu\/de\/product\/glareone-alki-200\/"]}]},{"@type":"ImageObject","inLanguage":"de","@id":"https:\/\/glareone.eu\/de\/product\/glareone-alki-200\/#primaryimage","url":"https:\/\/glareone.eu\/wp-content\/uploads\/2024\/04\/SLSF200-GlareOne-Alki-200-002-scaled.jpg","contentUrl":"https:\/\/glareone.eu\/wp-content\/uploads\/2024\/04\/SLSF200-GlareOne-Alki-200-002-scaled.jpg","width":2560,"height":2560},{"@type":"BreadcrumbList","@id":"https:\/\/glareone.eu\/de\/product\/glareone-alki-200\/#breadcrumb","itemListElement":[{"@type":"ListItem","position":1,"name":"Strona g\u0142\u00f3wna","item":"https:\/\/glareone.eu\/de\/"},{"@type":"ListItem","position":2,"name":"Alle Produkte","item":"https:\/\/glareone.eu\/de\/produkte\/alle-produkte\/"},{"@type":"ListItem","position":3,"name":"GlareOne Alki 200 &#8211; kompaktes Lichtstativ"}]},{"@type":"WebSite","@id":"https:\/\/glareone.eu\/de\/en\/#website","url":"https:\/\/glareone.eu\/de\/en\/","name":"GlareOne","description":"Wyposa\u017cenie Studia","publisher":{"@id":"https:\/\/glareone.eu\/de\/en\/#organization"},"potentialAction":[{"@type":"SearchAction","target":{"@type":"EntryPoint","urlTemplate":"https:\/\/glareone.eu\/de\/en\/?s={search_term_string}"},"query-input":{"@type":"PropertyValueSpecification","valueRequired":true,"valueName":"search_term_string"}}],"inLanguage":"de"},{"@type":"Organization","@id":"https:\/\/glareone.eu\/de\/en\/#organization","name":"GlareOne","url":"https:\/\/glareone.eu\/de\/en\/","logo":{"@type":"ImageObject","inLanguage":"de","@id":"https:\/\/glareone.eu\/de\/en\/#\/schema\/logo\/image\/","url":"http:\/\/glareone.eu\/wp-content\/uploads\/2024\/05\/glareone_logo2020_RGB-01-e1715773127189.png","contentUrl":"http:\/\/glareone.eu\/wp-content\/uploads\/2024\/05\/glareone_logo2020_RGB-01-e1715773127189.png","width":1270,"height":321,"caption":"GlareOne"},"image":{"@id":"https:\/\/glareone.eu\/de\/en\/#\/schema\/logo\/image\/"},"sameAs":["https:\/\/www.facebook.com\/GlareOneLighting","https:\/\/www.instagram.com\/glareonelighting\/","https:\/\/www.youtube.com\/@GlareOneTV"]}]}},"_links":{"self":[{"href":"https:\/\/glareone.eu\/de\/wp-json\/wp\/v2\/product\/6719","targetHints":{"allow":["GET"]}}],"collection":[{"href":"https:\/\/glareone.eu\/de\/wp-json\/wp\/v2\/product"}],"about":[{"href":"https:\/\/glareone.eu\/de\/wp-json\/wp\/v2\/types\/product"}],"wp:featuredmedia":[{"embeddable":true,"href":"https:\/\/glareone.eu\/de\/wp-json\/wp\/v2\/media\/6699"}],"wp:attachment":[{"href":"https:\/\/glareone.eu\/de\/wp-json\/wp\/v2\/media?parent=6719"}],"wp:term":[{"taxonomy":"product_brand","embeddable":true,"href":"https:\/\/glareone.eu\/de\/wp-json\/wp\/v2\/product_brand?post=6719"},{"taxonomy":"product_cat","embeddable":true,"href":"https:\/\/glareone.eu\/de\/wp-json\/wp\/v2\/product_cat?post=6719"},{"taxonomy":"product_tag","embeddable":true,"href":"https:\/\/glareone.eu\/de\/wp-json\/wp\/v2\/product_tag?post=6719"}],"curies":[{"name":"wp","href":"https:\/\/api.w.org\/{rel}","templated":true}]}}