{"id":6647,"date":"2024-04-18T19:26:24","date_gmt":"2024-04-18T19:26:24","guid":{"rendered":"http:\/\/glareone.eu\/produkt\/glareone-hightower\/"},"modified":"2024-05-07T12:14:31","modified_gmt":"2024-05-07T12:14:31","slug":"glareone-hightower","status":"publish","type":"product","link":"https:\/\/glareone.eu\/de\/product\/glareone-hightower\/","title":{"rendered":"GlareOne Hightower Glide &#8211; Stahl-S\u00e4ulenstativ"},"content":{"rendered":"<h3>S\u00e4ule<\/h3>\n<p>Das gr\u00f6\u00dfte Plus des Hightower-Stativs ist sein Design, das auf der Verwendung einer einzigen, zentralen S\u00e4ule basiert, entlang derer Sie den Kopf schieben, der zum Montieren von Lampen und Zubeh\u00f6r verwendet wird. Dieses Design senkt den Schwerpunkt, was das Stativ sehr stabil macht. Au\u00dferdem nimmt es weniger Platz ein als regul\u00e4re Stativst\u00e4nder, was besonders in kleinen Studios von gro\u00dfer Bedeutung ist. Der wichtigste Vorteil des Hightower-Stativs ist, dass es eine sehr hohe Arbeits-H\u00f6henverstellung hat. Dank der M\u00f6glichkeit, den Kopf fast frei auf der zentralen S\u00e4ule zu bewegen, kann die Lampe in H\u00f6hen von 34 bis 222 Zentimetern \u00fcber dem Boden montiert werden.<\/p>\n<h3>Langlebigkeit<\/h3>\n<p>Die zentrale S\u00e4ule des Stativs besteht aus verchromten Stahlrohren mit einem Durchmesser von 35 mm, und das Gestell und der Kopf bestehen aus pulverbeschichtetem Stahl. Diese Materialien machen dieses Stativ sehr langlebig und langlebig.<\/p>\n<h3>Stabilit\u00e4t<\/h3>\n<p>Die S\u00e4ule ist auf einem Dreiradwagen montiert, was ihr einen sehr niedrigen Schwerpunkt verleiht. Die Rollen sind 55 cm von der Achse der S\u00e4ule entfernt, was dem Hightower eine breite Basis verleiht, die die Stabilit\u00e4t und Sicherheit verbessert. Die Rollen haben einen Durchmesser von 75 mm, was das Bewegen des Stativs, auch auf unebenem Gel\u00e4nde, erleichtert.<\/p>\n<h3>Tragf\u00e4higkeit<\/h3>\n<p>Der Hightower kann bis zu 15 kg tragen, bei einem Gewicht von etwas \u00fcber 9 kg. Dieses hohe Gewicht des Stativs ist auf die Verwendung von massiven Bauteilen aus Stahl zur\u00fcckzuf\u00fchren. Der mitgelieferte Kopf kann bis zu 6 kg tragen, was ausreicht, um eine leistungsstarke Lampe mit einem gro\u00dfen Lichtmodifikator zu montieren.<\/p>\n<h3>Kopf<\/h3>\n<p>Der Hightower wird mit einem Kopf geliefert, aber bei Bedarf k\u00f6nnen Sie einen zus\u00e4tzlichen kaufen, um zus\u00e4tzliche Lampen oder anderes Zubeh\u00f6r auf einem Stativ zu montieren. Der Kopf hat eine sehr charakteristische Pistolenform, und das Verriegeln seiner Position auf der zentralen S\u00e4ule \u00e4hnelt einer Ausl\u00f6serzunge. Die H\u00f6henverstellung ist weit (34~222 cm), sehr schnell und, was wichtig ist, stufenlos. Der 16 mm Durchmesser der Stange ist umkehrbar, abnehmbar und hat einen einzigen Montagepunkt mit einem 1\/4&#8243;-Gewinde, an dem Sie Ihre Kamera, Camcorder, Mikrofon usw. befestigen k\u00f6nnen.<\/p>\n<h3>Details<\/h3>\n<p>Fast alle Verbindungen im Stativ werden mit Schrauben anstelle von Nieten hergestellt, die in billigeren Stativen am h\u00e4ufigsten verwendet werden. Der Heavy Glide wird mit einem Satz Schraubenschl\u00fcssel geliefert, die ben\u00f6tigt werden, um die R\u00e4der anzubringen und die Schrauben bei Bedarf festzuziehen. Der Kippmechanismus des Arms ist mit einem gro\u00dfen Griff ausgestattet, der einen festen Griff garantiert, der f\u00fcr sicheres Arbeiten so wichtig ist. Das andere Ende des Arms ist mit einer Schlaufe zum Aufh\u00e4ngen des Gegengewichts ausgestattet. Die Rollen haben einen gro\u00dfen Durchmesser (10 mm) und sind mit Bremsen ausgestattet. Alle Abschnitte des Stativs sind durch Federn ged\u00e4mpft.<\/p>\n<h3>Produktmerkmale:<\/h3>\n<ul>\n<li>Vollst\u00e4ndig aus Stahl gefertigt<\/li>\n<li>Mit einem Pistolengriffkopf geliefert<\/li>\n<li>Breit einstellbare Kopfposition (34~222 cm)<\/li>\n<li>Kann als Kamera- oder Camcorder-Stativ verwendet werden<\/li>\n<li>Die H\u00f6henverstellung ist stufenlos und sehr schnell<\/li>\n<li>Ausgestattet mit einem 3\/8&#8243; (16 mm) und 1\/4&#8243;-Gewinde<\/li>\n<li>Mit R\u00e4dern mit gro\u00dfem Durchmesser ausgestattet<\/li>\n<li>Tr\u00e4gt bis zu 15 kg<\/li>\n<li>Wird mit dem f\u00fcr die Installation ben\u00f6tigten Schraubenschl\u00fcssel geliefert<\/li>\n<\/ul>\n","protected":false},"excerpt":{"rendered":"<p>S\u00e4ule Das gr\u00f6\u00dfte Plus des Hightower-Stativs ist sein Design, das auf der Verwendung einer einzigen, zentralen S\u00e4ule basiert, entlang derer Sie den Kopf schieben, der zum Montieren von Lampen und Zubeh\u00f6r verwendet wird. Dieses Design senkt den Schwerpunkt, was das Stativ sehr stabil macht. Au\u00dferdem nimmt es weniger Platz ein als regul\u00e4re Stativst\u00e4nder, was besonders [&hellip;]<\/p>\n","protected":false},"featured_media":6644,"template":"","meta":[],"product_brand":[],"product_cat":[413],"product_tag":[],"class_list":{"0":"post-6647","1":"product","2":"type-product","3":"status-publish","4":"has-post-thumbnail","6":"product_cat-glide-de","8":"first","9":"instock","10":"product-type-simple"},"yoast_head":"<!-- This site is optimized with the Yoast SEO plugin v27.2 - https:\/\/yoast.com\/product\/yoast-seo-wordpress\/ -->\n<title>GlareOne Hightower Glide - statyw kolumnowy<\/title>\n<meta name=\"description\" content=\"GlareOne Hightower Glide - statyw kolumnowy\" \/>\n<meta name=\"robots\" content=\"index, follow, max-snippet:-1, max-image-preview:large, max-video-preview:-1\" \/>\n<link rel=\"canonical\" href=\"https:\/\/glareone.eu\/de\/product\/glareone-hightower\/\" \/>\n<meta property=\"og:locale\" content=\"de_DE\" \/>\n<meta property=\"og:type\" content=\"article\" \/>\n<meta property=\"og:title\" content=\"GlareOne Hightower Glide - statyw kolumnowy\" \/>\n<meta property=\"og:description\" content=\"GlareOne Hightower Glide - statyw kolumnowy\" \/>\n<meta property=\"og:url\" content=\"https:\/\/glareone.eu\/de\/product\/glareone-hightower\/\" \/>\n<meta property=\"og:site_name\" content=\"GlareOne\" \/>\n<meta property=\"article:publisher\" content=\"https:\/\/www.facebook.com\/GlareOneLighting\" \/>\n<meta property=\"article:modified_time\" content=\"2024-05-07T12:14:31+00:00\" \/>\n<meta property=\"og:image\" content=\"https:\/\/glareone.eu\/wp-content\/uploads\/2024\/04\/GlareOne-Hightower-Glide-12.jpg\" \/>\n\t<meta property=\"og:image:width\" content=\"1200\" \/>\n\t<meta property=\"og:image:height\" content=\"1200\" \/>\n\t<meta property=\"og:image:type\" content=\"image\/jpeg\" \/>\n<meta name=\"twitter:card\" content=\"summary_large_image\" \/>\n<meta name=\"twitter:title\" content=\"GlareOne Hightower Glide - statyw kolumnowy\" \/>\n<script type=\"application\/ld+json\" class=\"yoast-schema-graph\">{\"@context\":\"https:\/\/schema.org\",\"@graph\":[{\"@type\":\"WebPage\",\"@id\":\"https:\/\/glareone.eu\/de\/product\/glareone-hightower\/\",\"url\":\"https:\/\/glareone.eu\/de\/product\/glareone-hightower\/\",\"name\":\"GlareOne Hightower Glide - statyw kolumnowy\",\"isPartOf\":{\"@id\":\"https:\/\/glareone.eu\/de\/en\/#website\"},\"primaryImageOfPage\":{\"@id\":\"https:\/\/glareone.eu\/de\/product\/glareone-hightower\/#primaryimage\"},\"image\":{\"@id\":\"https:\/\/glareone.eu\/de\/product\/glareone-hightower\/#primaryimage\"},\"thumbnailUrl\":\"https:\/\/glareone.eu\/wp-content\/uploads\/2024\/04\/GlareOne-Hightower-Glide-12.jpg\",\"datePublished\":\"2024-04-18T19:26:24+00:00\",\"dateModified\":\"2024-05-07T12:14:31+00:00\",\"description\":\"GlareOne Hightower Glide - statyw kolumnowy\",\"breadcrumb\":{\"@id\":\"https:\/\/glareone.eu\/de\/product\/glareone-hightower\/#breadcrumb\"},\"inLanguage\":\"de\",\"potentialAction\":[{\"@type\":\"ReadAction\",\"target\":[\"https:\/\/glareone.eu\/de\/product\/glareone-hightower\/\"]}]},{\"@type\":\"ImageObject\",\"inLanguage\":\"de\",\"@id\":\"https:\/\/glareone.eu\/de\/product\/glareone-hightower\/#primaryimage\",\"url\":\"https:\/\/glareone.eu\/wp-content\/uploads\/2024\/04\/GlareOne-Hightower-Glide-12.jpg\",\"contentUrl\":\"https:\/\/glareone.eu\/wp-content\/uploads\/2024\/04\/GlareOne-Hightower-Glide-12.jpg\",\"width\":1200,\"height\":1200},{\"@type\":\"BreadcrumbList\",\"@id\":\"https:\/\/glareone.eu\/de\/product\/glareone-hightower\/#breadcrumb\",\"itemListElement\":[{\"@type\":\"ListItem\",\"position\":1,\"name\":\"Strona g\u0142\u00f3wna\",\"item\":\"https:\/\/glareone.eu\/de\/\"},{\"@type\":\"ListItem\",\"position\":2,\"name\":\"Alle Produkte\",\"item\":\"https:\/\/glareone.eu\/de\/produkte\/alle-produkte\/\"},{\"@type\":\"ListItem\",\"position\":3,\"name\":\"GlareOne Hightower Glide &#8211; Stahl-S\u00e4ulenstativ\"}]},{\"@type\":\"WebSite\",\"@id\":\"https:\/\/glareone.eu\/de\/en\/#website\",\"url\":\"https:\/\/glareone.eu\/de\/en\/\",\"name\":\"GlareOne\",\"description\":\"Wyposa\u017cenie Studia\",\"publisher\":{\"@id\":\"https:\/\/glareone.eu\/de\/en\/#organization\"},\"potentialAction\":[{\"@type\":\"SearchAction\",\"target\":{\"@type\":\"EntryPoint\",\"urlTemplate\":\"https:\/\/glareone.eu\/de\/en\/?s={search_term_string}\"},\"query-input\":{\"@type\":\"PropertyValueSpecification\",\"valueRequired\":true,\"valueName\":\"search_term_string\"}}],\"inLanguage\":\"de\"},{\"@type\":\"Organization\",\"@id\":\"https:\/\/glareone.eu\/de\/en\/#organization\",\"name\":\"GlareOne\",\"url\":\"https:\/\/glareone.eu\/de\/en\/\",\"logo\":{\"@type\":\"ImageObject\",\"inLanguage\":\"de\",\"@id\":\"https:\/\/glareone.eu\/de\/en\/#\/schema\/logo\/image\/\",\"url\":\"http:\/\/glareone.eu\/wp-content\/uploads\/2024\/05\/glareone_logo2020_RGB-01-e1715773127189.png\",\"contentUrl\":\"http:\/\/glareone.eu\/wp-content\/uploads\/2024\/05\/glareone_logo2020_RGB-01-e1715773127189.png\",\"width\":1270,\"height\":321,\"caption\":\"GlareOne\"},\"image\":{\"@id\":\"https:\/\/glareone.eu\/de\/en\/#\/schema\/logo\/image\/\"},\"sameAs\":[\"https:\/\/www.facebook.com\/GlareOneLighting\",\"https:\/\/www.instagram.com\/glareonelighting\/\",\"https:\/\/www.youtube.com\/@GlareOneTV\"]}]}<\/script>\n<!-- \/ Yoast SEO plugin. -->","yoast_head_json":{"title":"GlareOne Hightower Glide - statyw kolumnowy","description":"GlareOne Hightower Glide - statyw kolumnowy","robots":{"index":"index","follow":"follow","max-snippet":"max-snippet:-1","max-image-preview":"max-image-preview:large","max-video-preview":"max-video-preview:-1"},"canonical":"https:\/\/glareone.eu\/de\/product\/glareone-hightower\/","og_locale":"de_DE","og_type":"article","og_title":"GlareOne Hightower Glide - statyw kolumnowy","og_description":"GlareOne Hightower Glide - statyw kolumnowy","og_url":"https:\/\/glareone.eu\/de\/product\/glareone-hightower\/","og_site_name":"GlareOne","article_publisher":"https:\/\/www.facebook.com\/GlareOneLighting","article_modified_time":"2024-05-07T12:14:31+00:00","og_image":[{"width":1200,"height":1200,"url":"https:\/\/glareone.eu\/wp-content\/uploads\/2024\/04\/GlareOne-Hightower-Glide-12.jpg","type":"image\/jpeg"}],"twitter_card":"summary_large_image","twitter_title":"GlareOne Hightower Glide - statyw kolumnowy","schema":{"@context":"https:\/\/schema.org","@graph":[{"@type":"WebPage","@id":"https:\/\/glareone.eu\/de\/product\/glareone-hightower\/","url":"https:\/\/glareone.eu\/de\/product\/glareone-hightower\/","name":"GlareOne Hightower Glide - statyw kolumnowy","isPartOf":{"@id":"https:\/\/glareone.eu\/de\/en\/#website"},"primaryImageOfPage":{"@id":"https:\/\/glareone.eu\/de\/product\/glareone-hightower\/#primaryimage"},"image":{"@id":"https:\/\/glareone.eu\/de\/product\/glareone-hightower\/#primaryimage"},"thumbnailUrl":"https:\/\/glareone.eu\/wp-content\/uploads\/2024\/04\/GlareOne-Hightower-Glide-12.jpg","datePublished":"2024-04-18T19:26:24+00:00","dateModified":"2024-05-07T12:14:31+00:00","description":"GlareOne Hightower Glide - statyw kolumnowy","breadcrumb":{"@id":"https:\/\/glareone.eu\/de\/product\/glareone-hightower\/#breadcrumb"},"inLanguage":"de","potentialAction":[{"@type":"ReadAction","target":["https:\/\/glareone.eu\/de\/product\/glareone-hightower\/"]}]},{"@type":"ImageObject","inLanguage":"de","@id":"https:\/\/glareone.eu\/de\/product\/glareone-hightower\/#primaryimage","url":"https:\/\/glareone.eu\/wp-content\/uploads\/2024\/04\/GlareOne-Hightower-Glide-12.jpg","contentUrl":"https:\/\/glareone.eu\/wp-content\/uploads\/2024\/04\/GlareOne-Hightower-Glide-12.jpg","width":1200,"height":1200},{"@type":"BreadcrumbList","@id":"https:\/\/glareone.eu\/de\/product\/glareone-hightower\/#breadcrumb","itemListElement":[{"@type":"ListItem","position":1,"name":"Strona g\u0142\u00f3wna","item":"https:\/\/glareone.eu\/de\/"},{"@type":"ListItem","position":2,"name":"Alle Produkte","item":"https:\/\/glareone.eu\/de\/produkte\/alle-produkte\/"},{"@type":"ListItem","position":3,"name":"GlareOne Hightower Glide &#8211; Stahl-S\u00e4ulenstativ"}]},{"@type":"WebSite","@id":"https:\/\/glareone.eu\/de\/en\/#website","url":"https:\/\/glareone.eu\/de\/en\/","name":"GlareOne","description":"Wyposa\u017cenie Studia","publisher":{"@id":"https:\/\/glareone.eu\/de\/en\/#organization"},"potentialAction":[{"@type":"SearchAction","target":{"@type":"EntryPoint","urlTemplate":"https:\/\/glareone.eu\/de\/en\/?s={search_term_string}"},"query-input":{"@type":"PropertyValueSpecification","valueRequired":true,"valueName":"search_term_string"}}],"inLanguage":"de"},{"@type":"Organization","@id":"https:\/\/glareone.eu\/de\/en\/#organization","name":"GlareOne","url":"https:\/\/glareone.eu\/de\/en\/","logo":{"@type":"ImageObject","inLanguage":"de","@id":"https:\/\/glareone.eu\/de\/en\/#\/schema\/logo\/image\/","url":"http:\/\/glareone.eu\/wp-content\/uploads\/2024\/05\/glareone_logo2020_RGB-01-e1715773127189.png","contentUrl":"http:\/\/glareone.eu\/wp-content\/uploads\/2024\/05\/glareone_logo2020_RGB-01-e1715773127189.png","width":1270,"height":321,"caption":"GlareOne"},"image":{"@id":"https:\/\/glareone.eu\/de\/en\/#\/schema\/logo\/image\/"},"sameAs":["https:\/\/www.facebook.com\/GlareOneLighting","https:\/\/www.instagram.com\/glareonelighting\/","https:\/\/www.youtube.com\/@GlareOneTV"]}]}},"_links":{"self":[{"href":"https:\/\/glareone.eu\/de\/wp-json\/wp\/v2\/product\/6647","targetHints":{"allow":["GET"]}}],"collection":[{"href":"https:\/\/glareone.eu\/de\/wp-json\/wp\/v2\/product"}],"about":[{"href":"https:\/\/glareone.eu\/de\/wp-json\/wp\/v2\/types\/product"}],"wp:featuredmedia":[{"embeddable":true,"href":"https:\/\/glareone.eu\/de\/wp-json\/wp\/v2\/media\/6644"}],"wp:attachment":[{"href":"https:\/\/glareone.eu\/de\/wp-json\/wp\/v2\/media?parent=6647"}],"wp:term":[{"taxonomy":"product_brand","embeddable":true,"href":"https:\/\/glareone.eu\/de\/wp-json\/wp\/v2\/product_brand?post=6647"},{"taxonomy":"product_cat","embeddable":true,"href":"https:\/\/glareone.eu\/de\/wp-json\/wp\/v2\/product_cat?post=6647"},{"taxonomy":"product_tag","embeddable":true,"href":"https:\/\/glareone.eu\/de\/wp-json\/wp\/v2\/product_tag?post=6647"}],"curies":[{"name":"wp","href":"https:\/\/api.w.org\/{rel}","templated":true}]}}