{"id":6625,"date":"2024-04-18T19:26:24","date_gmt":"2024-04-18T19:26:24","guid":{"rendered":"http:\/\/glareone.eu\/produkt\/glareone-prime-boom\/"},"modified":"2024-05-07T12:08:10","modified_gmt":"2024-05-07T12:08:10","slug":"glareone-prime-boom","status":"publish","type":"product","link":"https:\/\/glareone.eu\/de\/product\/glareone-prime-boom\/","title":{"rendered":"GlareOne Prime Boom"},"content":{"rendered":"<h3>Boom (Auslegerstativ)<\/h3>\n<p>Ein Auslegerstativ ist eines der grundlegenden Stative, die in jedem Fotografie- und Filmstudio vorhanden sein sollten. Sie werden am h\u00e4ufigsten verwendet, um Lampen \u00fcber einem Set f\u00fcr Deckenbeleuchtung zu platzieren. Der Ausleger ist auch n\u00fctzlich, wenn die Lampe \u00fcber der Kamera oder dem Camcorder platziert werden muss, was mit einem normalen Stativ umst\u00e4ndlich oder sogar unm\u00f6glich sein kann. Das Stativ wird mit einem 4 kg-Gegengewicht geliefert, um den Auslegerarm auszubalancieren.<\/p>\n<h3>Haltbarkeit<\/h3>\n<p>Das Prime Boom zeichnet sich durch einen gro\u00dfen Durchmesser des zentralen S\u00e4ulensegments und des Arms aus, was die hohe Steifigkeit der Konstruktion gew\u00e4hrleistet. Der Mechanismus zur Einstellung des Schwenks des Krans besteht vollst\u00e4ndig aus Metall, was seine betr\u00e4chtliche St\u00e4rke und lange Lebensdauer garantiert. Der Kuppler f\u00fcr Beine und zentrale S\u00e4ule, Segmentklemmen, Gegengewicht und der Kopf, der den Montagestift h\u00e4lt, sind ebenfalls komplett aus Metall gefertigt.<\/p>\n<h3>Details<\/h3>\n<p>Um zu verhindern, dass die am Kran montierte Lampe w\u00e4hrend des Betriebs rotiert, ist der Montagedorn geriffelt. Der Mechanismus zum Neigen des Arms ist mit einem gro\u00dfen Griff ausgestattet, der den sicheren Griff garantiert, der f\u00fcr sicheres Arbeiten so wichtig ist. Der Arm ist mit einem soliden Kopf versehen, der es erm\u00f6glicht, den Dorn senkrecht und parallel zu seiner Achse zu montieren. Das andere Ende des Arms ist mit einem Gummigriff ausgestattet, der es erleichtert, den Neigungswinkel einzustellen. Der Mechanismus zum Feststellen des Gegengewichts erm\u00f6glicht es, es entlang der Achse des Arms zu bewegen, was eine schnelle Balance des Lampengewichts erm\u00f6glicht. Das Stativ kann mit Rollen nachger\u00fcstet werden, was die Arbeit im Studio sehr erleichtert.<\/p>\n<h3>Produktmerkmale:<\/h3>\n<ul>\n<li>Perfekt f\u00fcr die Arbeit mit einer Studiolampe, mit einer kleinen Softbox<\/li>\n<li>Erreicht eine maximale H\u00f6he von 3 Metern<\/li>\n<li>Weiter Abstand zwischen den Beinen, was eine hohe Stabilit\u00e4t gew\u00e4hrleistet<\/li>\n<li>Segmentklemmen und Armmechanismus aus Metall<\/li>\n<li>Der Montagedorn ist umkehrbar und abnehmbar<\/li>\n<li>Die Klemmkn\u00f6pfe sind gro\u00df und ergonomisch geformt<\/li>\n<li>Die maximale Arml\u00e4nge betr\u00e4gt 220 cm<\/li>\n<li>Kann mit Rollen nachger\u00fcstet werden<\/li>\n<li>Kann bis zu 7 kg heben<\/li>\n<li>Wird mit einem vier Kilogramm Gegengewicht geliefert<\/li>\n<\/ul>\n","protected":false},"excerpt":{"rendered":"<p>Boom (Auslegerstativ) Ein Auslegerstativ ist eines der grundlegenden Stative, die in jedem Fotografie- und Filmstudio vorhanden sein sollten. Sie werden am h\u00e4ufigsten verwendet, um Lampen \u00fcber einem Set f\u00fcr Deckenbeleuchtung zu platzieren. Der Ausleger ist auch n\u00fctzlich, wenn die Lampe \u00fcber der Kamera oder dem Camcorder platziert werden muss, was mit einem normalen Stativ umst\u00e4ndlich [&hellip;]<\/p>\n","protected":false},"featured_media":6622,"template":"","meta":[],"product_brand":[],"product_cat":[474],"product_tag":[],"class_list":{"0":"post-6625","1":"product","2":"type-product","3":"status-publish","4":"has-post-thumbnail","6":"product_cat-klassische-stative","8":"first","9":"instock","10":"product-type-simple"},"yoast_head":"<!-- This site is optimized with the Yoast SEO plugin v27.2 - https:\/\/yoast.com\/product\/yoast-seo-wordpress\/ -->\n<title>GlareOne Prime Boom - statyw typu boom<\/title>\n<meta name=\"description\" content=\"GlareOne Prime Boom - statyw typu boom\" \/>\n<meta name=\"robots\" content=\"index, follow, max-snippet:-1, max-image-preview:large, max-video-preview:-1\" \/>\n<link rel=\"canonical\" href=\"https:\/\/glareone.eu\/de\/product\/glareone-prime-boom\/\" \/>\n<meta property=\"og:locale\" content=\"de_DE\" \/>\n<meta property=\"og:type\" content=\"article\" \/>\n<meta property=\"og:title\" content=\"GlareOne Prime Boom - statyw typu boom\" \/>\n<meta property=\"og:description\" content=\"GlareOne Prime Boom - statyw typu boom\" \/>\n<meta property=\"og:url\" content=\"https:\/\/glareone.eu\/de\/product\/glareone-prime-boom\/\" \/>\n<meta property=\"og:site_name\" content=\"GlareOne\" \/>\n<meta property=\"article:publisher\" content=\"https:\/\/www.facebook.com\/GlareOneLighting\" \/>\n<meta property=\"article:modified_time\" content=\"2024-05-07T12:08:10+00:00\" \/>\n<meta property=\"og:image\" content=\"https:\/\/glareone.eu\/wp-content\/uploads\/2024\/04\/GlareOne-Prime-Boom-11-5.jpg\" \/>\n\t<meta property=\"og:image:width\" content=\"1200\" \/>\n\t<meta property=\"og:image:height\" content=\"1200\" \/>\n\t<meta property=\"og:image:type\" content=\"image\/jpeg\" \/>\n<meta name=\"twitter:card\" content=\"summary_large_image\" \/>\n<meta name=\"twitter:title\" content=\"GlareOne Prime Boom - statyw typu boom\" \/>\n<meta name=\"twitter:label1\" content=\"Gesch\u00e4tzte Lesezeit\" \/>\n\t<meta name=\"twitter:data1\" content=\"2\u00a0Minuten\" \/>\n<script type=\"application\/ld+json\" class=\"yoast-schema-graph\">{\"@context\":\"https:\/\/schema.org\",\"@graph\":[{\"@type\":\"WebPage\",\"@id\":\"https:\/\/glareone.eu\/de\/product\/glareone-prime-boom\/\",\"url\":\"https:\/\/glareone.eu\/de\/product\/glareone-prime-boom\/\",\"name\":\"GlareOne Prime Boom - statyw typu boom\",\"isPartOf\":{\"@id\":\"https:\/\/glareone.eu\/de\/en\/#website\"},\"primaryImageOfPage\":{\"@id\":\"https:\/\/glareone.eu\/de\/product\/glareone-prime-boom\/#primaryimage\"},\"image\":{\"@id\":\"https:\/\/glareone.eu\/de\/product\/glareone-prime-boom\/#primaryimage\"},\"thumbnailUrl\":\"https:\/\/glareone.eu\/wp-content\/uploads\/2024\/04\/GlareOne-Prime-Boom-11-5.jpg\",\"datePublished\":\"2024-04-18T19:26:24+00:00\",\"dateModified\":\"2024-05-07T12:08:10+00:00\",\"description\":\"GlareOne Prime Boom - statyw typu boom\",\"breadcrumb\":{\"@id\":\"https:\/\/glareone.eu\/de\/product\/glareone-prime-boom\/#breadcrumb\"},\"inLanguage\":\"de\",\"potentialAction\":[{\"@type\":\"ReadAction\",\"target\":[\"https:\/\/glareone.eu\/de\/product\/glareone-prime-boom\/\"]}]},{\"@type\":\"ImageObject\",\"inLanguage\":\"de\",\"@id\":\"https:\/\/glareone.eu\/de\/product\/glareone-prime-boom\/#primaryimage\",\"url\":\"https:\/\/glareone.eu\/wp-content\/uploads\/2024\/04\/GlareOne-Prime-Boom-11-5.jpg\",\"contentUrl\":\"https:\/\/glareone.eu\/wp-content\/uploads\/2024\/04\/GlareOne-Prime-Boom-11-5.jpg\",\"width\":1200,\"height\":1200},{\"@type\":\"BreadcrumbList\",\"@id\":\"https:\/\/glareone.eu\/de\/product\/glareone-prime-boom\/#breadcrumb\",\"itemListElement\":[{\"@type\":\"ListItem\",\"position\":1,\"name\":\"Strona g\u0142\u00f3wna\",\"item\":\"https:\/\/glareone.eu\/de\/\"},{\"@type\":\"ListItem\",\"position\":2,\"name\":\"Alle Produkte\",\"item\":\"https:\/\/glareone.eu\/de\/produkte\/alle-produkte\/\"},{\"@type\":\"ListItem\",\"position\":3,\"name\":\"GlareOne Prime Boom\"}]},{\"@type\":\"WebSite\",\"@id\":\"https:\/\/glareone.eu\/de\/en\/#website\",\"url\":\"https:\/\/glareone.eu\/de\/en\/\",\"name\":\"GlareOne\",\"description\":\"Wyposa\u017cenie Studia\",\"publisher\":{\"@id\":\"https:\/\/glareone.eu\/de\/en\/#organization\"},\"potentialAction\":[{\"@type\":\"SearchAction\",\"target\":{\"@type\":\"EntryPoint\",\"urlTemplate\":\"https:\/\/glareone.eu\/de\/en\/?s={search_term_string}\"},\"query-input\":{\"@type\":\"PropertyValueSpecification\",\"valueRequired\":true,\"valueName\":\"search_term_string\"}}],\"inLanguage\":\"de\"},{\"@type\":\"Organization\",\"@id\":\"https:\/\/glareone.eu\/de\/en\/#organization\",\"name\":\"GlareOne\",\"url\":\"https:\/\/glareone.eu\/de\/en\/\",\"logo\":{\"@type\":\"ImageObject\",\"inLanguage\":\"de\",\"@id\":\"https:\/\/glareone.eu\/de\/en\/#\/schema\/logo\/image\/\",\"url\":\"http:\/\/glareone.eu\/wp-content\/uploads\/2024\/05\/glareone_logo2020_RGB-01-e1715773127189.png\",\"contentUrl\":\"http:\/\/glareone.eu\/wp-content\/uploads\/2024\/05\/glareone_logo2020_RGB-01-e1715773127189.png\",\"width\":1270,\"height\":321,\"caption\":\"GlareOne\"},\"image\":{\"@id\":\"https:\/\/glareone.eu\/de\/en\/#\/schema\/logo\/image\/\"},\"sameAs\":[\"https:\/\/www.facebook.com\/GlareOneLighting\",\"https:\/\/www.instagram.com\/glareonelighting\/\",\"https:\/\/www.youtube.com\/@GlareOneTV\"]}]}<\/script>\n<!-- \/ Yoast SEO plugin. -->","yoast_head_json":{"title":"GlareOne Prime Boom - statyw typu boom","description":"GlareOne Prime Boom - statyw typu boom","robots":{"index":"index","follow":"follow","max-snippet":"max-snippet:-1","max-image-preview":"max-image-preview:large","max-video-preview":"max-video-preview:-1"},"canonical":"https:\/\/glareone.eu\/de\/product\/glareone-prime-boom\/","og_locale":"de_DE","og_type":"article","og_title":"GlareOne Prime Boom - statyw typu boom","og_description":"GlareOne Prime Boom - statyw typu boom","og_url":"https:\/\/glareone.eu\/de\/product\/glareone-prime-boom\/","og_site_name":"GlareOne","article_publisher":"https:\/\/www.facebook.com\/GlareOneLighting","article_modified_time":"2024-05-07T12:08:10+00:00","og_image":[{"width":1200,"height":1200,"url":"https:\/\/glareone.eu\/wp-content\/uploads\/2024\/04\/GlareOne-Prime-Boom-11-5.jpg","type":"image\/jpeg"}],"twitter_card":"summary_large_image","twitter_title":"GlareOne Prime Boom - statyw typu boom","twitter_misc":{"Gesch\u00e4tzte Lesezeit":"2\u00a0Minuten"},"schema":{"@context":"https:\/\/schema.org","@graph":[{"@type":"WebPage","@id":"https:\/\/glareone.eu\/de\/product\/glareone-prime-boom\/","url":"https:\/\/glareone.eu\/de\/product\/glareone-prime-boom\/","name":"GlareOne Prime Boom - statyw typu boom","isPartOf":{"@id":"https:\/\/glareone.eu\/de\/en\/#website"},"primaryImageOfPage":{"@id":"https:\/\/glareone.eu\/de\/product\/glareone-prime-boom\/#primaryimage"},"image":{"@id":"https:\/\/glareone.eu\/de\/product\/glareone-prime-boom\/#primaryimage"},"thumbnailUrl":"https:\/\/glareone.eu\/wp-content\/uploads\/2024\/04\/GlareOne-Prime-Boom-11-5.jpg","datePublished":"2024-04-18T19:26:24+00:00","dateModified":"2024-05-07T12:08:10+00:00","description":"GlareOne Prime Boom - statyw typu boom","breadcrumb":{"@id":"https:\/\/glareone.eu\/de\/product\/glareone-prime-boom\/#breadcrumb"},"inLanguage":"de","potentialAction":[{"@type":"ReadAction","target":["https:\/\/glareone.eu\/de\/product\/glareone-prime-boom\/"]}]},{"@type":"ImageObject","inLanguage":"de","@id":"https:\/\/glareone.eu\/de\/product\/glareone-prime-boom\/#primaryimage","url":"https:\/\/glareone.eu\/wp-content\/uploads\/2024\/04\/GlareOne-Prime-Boom-11-5.jpg","contentUrl":"https:\/\/glareone.eu\/wp-content\/uploads\/2024\/04\/GlareOne-Prime-Boom-11-5.jpg","width":1200,"height":1200},{"@type":"BreadcrumbList","@id":"https:\/\/glareone.eu\/de\/product\/glareone-prime-boom\/#breadcrumb","itemListElement":[{"@type":"ListItem","position":1,"name":"Strona g\u0142\u00f3wna","item":"https:\/\/glareone.eu\/de\/"},{"@type":"ListItem","position":2,"name":"Alle Produkte","item":"https:\/\/glareone.eu\/de\/produkte\/alle-produkte\/"},{"@type":"ListItem","position":3,"name":"GlareOne Prime Boom"}]},{"@type":"WebSite","@id":"https:\/\/glareone.eu\/de\/en\/#website","url":"https:\/\/glareone.eu\/de\/en\/","name":"GlareOne","description":"Wyposa\u017cenie Studia","publisher":{"@id":"https:\/\/glareone.eu\/de\/en\/#organization"},"potentialAction":[{"@type":"SearchAction","target":{"@type":"EntryPoint","urlTemplate":"https:\/\/glareone.eu\/de\/en\/?s={search_term_string}"},"query-input":{"@type":"PropertyValueSpecification","valueRequired":true,"valueName":"search_term_string"}}],"inLanguage":"de"},{"@type":"Organization","@id":"https:\/\/glareone.eu\/de\/en\/#organization","name":"GlareOne","url":"https:\/\/glareone.eu\/de\/en\/","logo":{"@type":"ImageObject","inLanguage":"de","@id":"https:\/\/glareone.eu\/de\/en\/#\/schema\/logo\/image\/","url":"http:\/\/glareone.eu\/wp-content\/uploads\/2024\/05\/glareone_logo2020_RGB-01-e1715773127189.png","contentUrl":"http:\/\/glareone.eu\/wp-content\/uploads\/2024\/05\/glareone_logo2020_RGB-01-e1715773127189.png","width":1270,"height":321,"caption":"GlareOne"},"image":{"@id":"https:\/\/glareone.eu\/de\/en\/#\/schema\/logo\/image\/"},"sameAs":["https:\/\/www.facebook.com\/GlareOneLighting","https:\/\/www.instagram.com\/glareonelighting\/","https:\/\/www.youtube.com\/@GlareOneTV"]}]}},"_links":{"self":[{"href":"https:\/\/glareone.eu\/de\/wp-json\/wp\/v2\/product\/6625","targetHints":{"allow":["GET"]}}],"collection":[{"href":"https:\/\/glareone.eu\/de\/wp-json\/wp\/v2\/product"}],"about":[{"href":"https:\/\/glareone.eu\/de\/wp-json\/wp\/v2\/types\/product"}],"wp:featuredmedia":[{"embeddable":true,"href":"https:\/\/glareone.eu\/de\/wp-json\/wp\/v2\/media\/6622"}],"wp:attachment":[{"href":"https:\/\/glareone.eu\/de\/wp-json\/wp\/v2\/media?parent=6625"}],"wp:term":[{"taxonomy":"product_brand","embeddable":true,"href":"https:\/\/glareone.eu\/de\/wp-json\/wp\/v2\/product_brand?post=6625"},{"taxonomy":"product_cat","embeddable":true,"href":"https:\/\/glareone.eu\/de\/wp-json\/wp\/v2\/product_cat?post=6625"},{"taxonomy":"product_tag","embeddable":true,"href":"https:\/\/glareone.eu\/de\/wp-json\/wp\/v2\/product_tag?post=6625"}],"curies":[{"name":"wp","href":"https:\/\/api.w.org\/{rel}","templated":true}]}}