{"id":6602,"date":"2024-04-18T19:26:24","date_gmt":"2024-04-18T19:26:24","guid":{"rendered":"http:\/\/glareone.eu\/produkt\/glareone-combo-boom\/"},"modified":"2024-05-07T12:03:59","modified_gmt":"2024-05-07T12:03:59","slug":"glareone-combo-boom","status":"publish","type":"product","link":"https:\/\/glareone.eu\/de\/product\/glareone-combo-boom\/","title":{"rendered":"GlareOne Combo Boom"},"content":{"rendered":"<h3>Die echte 2-in-1<\/h3>\n<p>Der Combo Boom kann sowohl als Stativ in Fotostudios als auch auf Filmsets verwendet werden. Die maximale Traglast von 8 kg kann problemlos eine Lampe mit einem hexagonalen Softbox bis zu 120 cm Durchmesser unterst\u00fctzen. Dank des Mechanismus zum Falten der zentralen S\u00e4ule kann es schnell in ein Boom-Stativ mit einem extra langen Arm umgewandelt werden. In dieser Konfiguration kann es verwendet werden, um Licht und kleine Lampen oder LED-Panels \u00fcber dem Set zu montieren. Der abnehmbare, umkehrbare und mit zwei Befestigungspunkten (1\/4 und 3\/8 Zoll) versehene Stiel des Armendes macht den Combo Boom auch f\u00fcr die Verwendung als Mikrofonst\u00e4nder \u00fcber dem Set geeignet.<\/p>\n<h3>Haltbarkeit<\/h3>\n<p>Das Stativ besteht fast ausschlie\u00dflich aus Metallteilen, was seine Haltbarkeit extrem hoch macht. Die einzigen nichtmetallischen Teile sind die Halterungen f\u00fcr die Abschnittsverriegelungsschrauben und die Beinenden selbst. Alle anderen f\u00fcr die Haltbarkeit der Struktur wichtigen Teile bestehen aus Aluminium.<\/p>\n<h3>Details<\/h3>\n<p>Die Kn\u00f6pfe sind ergonomisch geformt und gro\u00df genug, um einen festen Griff zu bieten und ein Einklemmen der Finger w\u00e4hrend der H\u00f6henverstellung zu verhindern. Der Mechanismus zum Brechen der zentralen S\u00e4ule besteht zu 100% aus Metall und verf\u00fcgt \u00fcber einen extragro\u00dfen Griff mit Positionseinstellung. Die Beine sind lang, was eine breite Spannweite und damit eine hohe Stabilit\u00e4t erm\u00f6glicht. Der Arm des Stativs ist mit einem Kopf ausgestattet, der eine vertikale oder horizontale Montage des Stiels erm\u00f6glicht, und er ist so geformt, dass eine Drehung der Lampe, die \u00fcber dem Aufnahmeset h\u00e4ngt, verhindert wird. Das andere Ende des Arms ist mit einer Gegengewichtsschlaufe ausgestattet, die f\u00fcr die sichere Verwendung des Auslegers erforderlich ist. Die 22 mm durchmessenden Beine k\u00f6nnen mit zus\u00e4tzlichen Rollen versehen werden, um die Studioarbeit zu erleichtern, insbesondere bei gro\u00dfen Lichtmodifikatoren.<\/p>\n<h3>Produktmerkmale:<\/h3>\n<ul>\n<li>Leicht und langlebig, da aus Aluminium gefertigt<\/li>\n<li>Kann dank der klappbaren zentralen S\u00e4ule als Ausleger verwendet werden<\/li>\n<li>Erreicht eine maximale H\u00f6he von 4 Metern<\/li>\n<li>Breite Beinspanne f\u00fcr hohe Stabilit\u00e4t<\/li>\n<li>Metall-Sektionsklemmen und Mechanismus zum Brechen der zentralen S\u00e4ule<\/li>\n<li>Der Montagestiel ist umkehrbar und abnehmbar<\/li>\n<li>Die Klemmkn\u00f6pfe sind gro\u00df und ergonomisch geformt<\/li>\n<li>Der Auslegerarm ist sehr lang (bis zu 205 cm)<\/li>\n<li>Kann mit Rollen nachger\u00fcstet werden<\/li>\n<li>Kompakt im zusammengeklappten Zustand<\/li>\n<li>Wiegt bis zu 8 kg<\/li>\n<li>Wird mit einer Gegengewichtstasche geliefert<\/li>\n<\/ul>\n","protected":false},"excerpt":{"rendered":"<p>Die echte 2-in-1 Der Combo Boom kann sowohl als Stativ in Fotostudios als auch auf Filmsets verwendet werden. Die maximale Traglast von 8 kg kann problemlos eine Lampe mit einem hexagonalen Softbox bis zu 120 cm Durchmesser unterst\u00fctzen. Dank des Mechanismus zum Falten der zentralen S\u00e4ule kann es schnell in ein Boom-Stativ mit einem extra [&hellip;]<\/p>\n","protected":false},"featured_media":6587,"template":"","meta":[],"product_brand":[],"product_cat":[474],"product_tag":[],"class_list":{"0":"post-6602","1":"product","2":"type-product","3":"status-publish","4":"has-post-thumbnail","6":"product_cat-klassische-stative","8":"first","9":"instock","10":"product-type-simple"},"yoast_head":"<!-- This site is optimized with the Yoast SEO plugin v27.2 - https:\/\/yoast.com\/product\/yoast-seo-wordpress\/ -->\n<title>GlareOne Combo Boom - statyw typu boom<\/title>\n<meta name=\"description\" content=\"GlareOne Combo Boom - statyw typu boom\" \/>\n<meta name=\"robots\" content=\"index, follow, max-snippet:-1, max-image-preview:large, max-video-preview:-1\" \/>\n<link rel=\"canonical\" href=\"https:\/\/glareone.eu\/de\/product\/glareone-combo-boom\/\" \/>\n<meta property=\"og:locale\" content=\"de_DE\" \/>\n<meta property=\"og:type\" content=\"article\" \/>\n<meta property=\"og:title\" content=\"GlareOne Combo Boom - statyw typu boom\" \/>\n<meta property=\"og:description\" content=\"GlareOne Combo Boom - statyw typu boom\" \/>\n<meta property=\"og:url\" content=\"https:\/\/glareone.eu\/de\/product\/glareone-combo-boom\/\" \/>\n<meta property=\"og:site_name\" content=\"GlareOne\" \/>\n<meta property=\"article:publisher\" content=\"https:\/\/www.facebook.com\/GlareOneLighting\" \/>\n<meta property=\"article:modified_time\" content=\"2024-05-07T12:03:59+00:00\" \/>\n<meta property=\"og:image\" content=\"https:\/\/glareone.eu\/wp-content\/uploads\/2024\/04\/GlareOne-Combo-Boom-13-1.jpg\" \/>\n\t<meta property=\"og:image:width\" content=\"1200\" \/>\n\t<meta property=\"og:image:height\" content=\"1200\" \/>\n\t<meta property=\"og:image:type\" content=\"image\/jpeg\" \/>\n<meta name=\"twitter:card\" content=\"summary_large_image\" \/>\n<meta name=\"twitter:title\" content=\"GlareOne Combo Boom - statyw typu boom\" \/>\n<meta name=\"twitter:label1\" content=\"Gesch\u00e4tzte Lesezeit\" \/>\n\t<meta name=\"twitter:data1\" content=\"3\u00a0Minuten\" \/>\n<script type=\"application\/ld+json\" class=\"yoast-schema-graph\">{\"@context\":\"https:\/\/schema.org\",\"@graph\":[{\"@type\":\"WebPage\",\"@id\":\"https:\/\/glareone.eu\/de\/product\/glareone-combo-boom\/\",\"url\":\"https:\/\/glareone.eu\/de\/product\/glareone-combo-boom\/\",\"name\":\"GlareOne Combo Boom - statyw typu boom\",\"isPartOf\":{\"@id\":\"https:\/\/glareone.eu\/de\/en\/#website\"},\"primaryImageOfPage\":{\"@id\":\"https:\/\/glareone.eu\/de\/product\/glareone-combo-boom\/#primaryimage\"},\"image\":{\"@id\":\"https:\/\/glareone.eu\/de\/product\/glareone-combo-boom\/#primaryimage\"},\"thumbnailUrl\":\"https:\/\/glareone.eu\/wp-content\/uploads\/2024\/04\/GlareOne-Combo-Boom-13-1.jpg\",\"datePublished\":\"2024-04-18T19:26:24+00:00\",\"dateModified\":\"2024-05-07T12:03:59+00:00\",\"description\":\"GlareOne Combo Boom - statyw typu boom\",\"breadcrumb\":{\"@id\":\"https:\/\/glareone.eu\/de\/product\/glareone-combo-boom\/#breadcrumb\"},\"inLanguage\":\"de\",\"potentialAction\":[{\"@type\":\"ReadAction\",\"target\":[\"https:\/\/glareone.eu\/de\/product\/glareone-combo-boom\/\"]}]},{\"@type\":\"ImageObject\",\"inLanguage\":\"de\",\"@id\":\"https:\/\/glareone.eu\/de\/product\/glareone-combo-boom\/#primaryimage\",\"url\":\"https:\/\/glareone.eu\/wp-content\/uploads\/2024\/04\/GlareOne-Combo-Boom-13-1.jpg\",\"contentUrl\":\"https:\/\/glareone.eu\/wp-content\/uploads\/2024\/04\/GlareOne-Combo-Boom-13-1.jpg\",\"width\":1200,\"height\":1200},{\"@type\":\"BreadcrumbList\",\"@id\":\"https:\/\/glareone.eu\/de\/product\/glareone-combo-boom\/#breadcrumb\",\"itemListElement\":[{\"@type\":\"ListItem\",\"position\":1,\"name\":\"Strona g\u0142\u00f3wna\",\"item\":\"https:\/\/glareone.eu\/de\/\"},{\"@type\":\"ListItem\",\"position\":2,\"name\":\"Alle Produkte\",\"item\":\"https:\/\/glareone.eu\/de\/produkte\/alle-produkte\/\"},{\"@type\":\"ListItem\",\"position\":3,\"name\":\"GlareOne Combo Boom\"}]},{\"@type\":\"WebSite\",\"@id\":\"https:\/\/glareone.eu\/de\/en\/#website\",\"url\":\"https:\/\/glareone.eu\/de\/en\/\",\"name\":\"GlareOne\",\"description\":\"Wyposa\u017cenie Studia\",\"publisher\":{\"@id\":\"https:\/\/glareone.eu\/de\/en\/#organization\"},\"potentialAction\":[{\"@type\":\"SearchAction\",\"target\":{\"@type\":\"EntryPoint\",\"urlTemplate\":\"https:\/\/glareone.eu\/de\/en\/?s={search_term_string}\"},\"query-input\":{\"@type\":\"PropertyValueSpecification\",\"valueRequired\":true,\"valueName\":\"search_term_string\"}}],\"inLanguage\":\"de\"},{\"@type\":\"Organization\",\"@id\":\"https:\/\/glareone.eu\/de\/en\/#organization\",\"name\":\"GlareOne\",\"url\":\"https:\/\/glareone.eu\/de\/en\/\",\"logo\":{\"@type\":\"ImageObject\",\"inLanguage\":\"de\",\"@id\":\"https:\/\/glareone.eu\/de\/en\/#\/schema\/logo\/image\/\",\"url\":\"http:\/\/glareone.eu\/wp-content\/uploads\/2024\/05\/glareone_logo2020_RGB-01-e1715773127189.png\",\"contentUrl\":\"http:\/\/glareone.eu\/wp-content\/uploads\/2024\/05\/glareone_logo2020_RGB-01-e1715773127189.png\",\"width\":1270,\"height\":321,\"caption\":\"GlareOne\"},\"image\":{\"@id\":\"https:\/\/glareone.eu\/de\/en\/#\/schema\/logo\/image\/\"},\"sameAs\":[\"https:\/\/www.facebook.com\/GlareOneLighting\",\"https:\/\/www.instagram.com\/glareonelighting\/\",\"https:\/\/www.youtube.com\/@GlareOneTV\"]}]}<\/script>\n<!-- \/ Yoast SEO plugin. -->","yoast_head_json":{"title":"GlareOne Combo Boom - statyw typu boom","description":"GlareOne Combo Boom - statyw typu boom","robots":{"index":"index","follow":"follow","max-snippet":"max-snippet:-1","max-image-preview":"max-image-preview:large","max-video-preview":"max-video-preview:-1"},"canonical":"https:\/\/glareone.eu\/de\/product\/glareone-combo-boom\/","og_locale":"de_DE","og_type":"article","og_title":"GlareOne Combo Boom - statyw typu boom","og_description":"GlareOne Combo Boom - statyw typu boom","og_url":"https:\/\/glareone.eu\/de\/product\/glareone-combo-boom\/","og_site_name":"GlareOne","article_publisher":"https:\/\/www.facebook.com\/GlareOneLighting","article_modified_time":"2024-05-07T12:03:59+00:00","og_image":[{"width":1200,"height":1200,"url":"https:\/\/glareone.eu\/wp-content\/uploads\/2024\/04\/GlareOne-Combo-Boom-13-1.jpg","type":"image\/jpeg"}],"twitter_card":"summary_large_image","twitter_title":"GlareOne Combo Boom - statyw typu boom","twitter_misc":{"Gesch\u00e4tzte Lesezeit":"3\u00a0Minuten"},"schema":{"@context":"https:\/\/schema.org","@graph":[{"@type":"WebPage","@id":"https:\/\/glareone.eu\/de\/product\/glareone-combo-boom\/","url":"https:\/\/glareone.eu\/de\/product\/glareone-combo-boom\/","name":"GlareOne Combo Boom - statyw typu boom","isPartOf":{"@id":"https:\/\/glareone.eu\/de\/en\/#website"},"primaryImageOfPage":{"@id":"https:\/\/glareone.eu\/de\/product\/glareone-combo-boom\/#primaryimage"},"image":{"@id":"https:\/\/glareone.eu\/de\/product\/glareone-combo-boom\/#primaryimage"},"thumbnailUrl":"https:\/\/glareone.eu\/wp-content\/uploads\/2024\/04\/GlareOne-Combo-Boom-13-1.jpg","datePublished":"2024-04-18T19:26:24+00:00","dateModified":"2024-05-07T12:03:59+00:00","description":"GlareOne Combo Boom - statyw typu boom","breadcrumb":{"@id":"https:\/\/glareone.eu\/de\/product\/glareone-combo-boom\/#breadcrumb"},"inLanguage":"de","potentialAction":[{"@type":"ReadAction","target":["https:\/\/glareone.eu\/de\/product\/glareone-combo-boom\/"]}]},{"@type":"ImageObject","inLanguage":"de","@id":"https:\/\/glareone.eu\/de\/product\/glareone-combo-boom\/#primaryimage","url":"https:\/\/glareone.eu\/wp-content\/uploads\/2024\/04\/GlareOne-Combo-Boom-13-1.jpg","contentUrl":"https:\/\/glareone.eu\/wp-content\/uploads\/2024\/04\/GlareOne-Combo-Boom-13-1.jpg","width":1200,"height":1200},{"@type":"BreadcrumbList","@id":"https:\/\/glareone.eu\/de\/product\/glareone-combo-boom\/#breadcrumb","itemListElement":[{"@type":"ListItem","position":1,"name":"Strona g\u0142\u00f3wna","item":"https:\/\/glareone.eu\/de\/"},{"@type":"ListItem","position":2,"name":"Alle Produkte","item":"https:\/\/glareone.eu\/de\/produkte\/alle-produkte\/"},{"@type":"ListItem","position":3,"name":"GlareOne Combo Boom"}]},{"@type":"WebSite","@id":"https:\/\/glareone.eu\/de\/en\/#website","url":"https:\/\/glareone.eu\/de\/en\/","name":"GlareOne","description":"Wyposa\u017cenie Studia","publisher":{"@id":"https:\/\/glareone.eu\/de\/en\/#organization"},"potentialAction":[{"@type":"SearchAction","target":{"@type":"EntryPoint","urlTemplate":"https:\/\/glareone.eu\/de\/en\/?s={search_term_string}"},"query-input":{"@type":"PropertyValueSpecification","valueRequired":true,"valueName":"search_term_string"}}],"inLanguage":"de"},{"@type":"Organization","@id":"https:\/\/glareone.eu\/de\/en\/#organization","name":"GlareOne","url":"https:\/\/glareone.eu\/de\/en\/","logo":{"@type":"ImageObject","inLanguage":"de","@id":"https:\/\/glareone.eu\/de\/en\/#\/schema\/logo\/image\/","url":"http:\/\/glareone.eu\/wp-content\/uploads\/2024\/05\/glareone_logo2020_RGB-01-e1715773127189.png","contentUrl":"http:\/\/glareone.eu\/wp-content\/uploads\/2024\/05\/glareone_logo2020_RGB-01-e1715773127189.png","width":1270,"height":321,"caption":"GlareOne"},"image":{"@id":"https:\/\/glareone.eu\/de\/en\/#\/schema\/logo\/image\/"},"sameAs":["https:\/\/www.facebook.com\/GlareOneLighting","https:\/\/www.instagram.com\/glareonelighting\/","https:\/\/www.youtube.com\/@GlareOneTV"]}]}},"_links":{"self":[{"href":"https:\/\/glareone.eu\/de\/wp-json\/wp\/v2\/product\/6602","targetHints":{"allow":["GET"]}}],"collection":[{"href":"https:\/\/glareone.eu\/de\/wp-json\/wp\/v2\/product"}],"about":[{"href":"https:\/\/glareone.eu\/de\/wp-json\/wp\/v2\/types\/product"}],"wp:featuredmedia":[{"embeddable":true,"href":"https:\/\/glareone.eu\/de\/wp-json\/wp\/v2\/media\/6587"}],"wp:attachment":[{"href":"https:\/\/glareone.eu\/de\/wp-json\/wp\/v2\/media?parent=6602"}],"wp:term":[{"taxonomy":"product_brand","embeddable":true,"href":"https:\/\/glareone.eu\/de\/wp-json\/wp\/v2\/product_brand?post=6602"},{"taxonomy":"product_cat","embeddable":true,"href":"https:\/\/glareone.eu\/de\/wp-json\/wp\/v2\/product_cat?post=6602"},{"taxonomy":"product_tag","embeddable":true,"href":"https:\/\/glareone.eu\/de\/wp-json\/wp\/v2\/product_tag?post=6602"}],"curies":[{"name":"wp","href":"https:\/\/api.w.org\/{rel}","templated":true}]}}