{"id":6555,"date":"2024-04-18T19:26:20","date_gmt":"2024-04-18T19:26:20","guid":{"rendered":"http:\/\/glareone.eu\/produkt\/glareone-parasolka-orb-srebrna-135\/"},"modified":"2025-10-30T09:40:27","modified_gmt":"2025-10-30T09:40:27","slug":"glareone-orb-135-silber","status":"publish","type":"product","link":"https:\/\/glareone.eu\/de\/product\/glareone-orb-135-silber\/","title":{"rendered":"GlareOne ORB 135 Silber"},"content":{"rendered":"<p>Die GlareOne Orb 135 Silver ist ein Tiefschirm mit gro\u00dfem Durchmesser, der durch eine silberne reflektierende Oberfl\u00e4che und einen im Set enthaltenen Diffusor gekennzeichnet ist.<\/p>\n<h3>Vielseitig einsetzbar<\/h3>\n<p>Er findet Anwendung in vielen fotografischen Situationen, sowohl im Studio als auch im Freien. Die silberne reflektierende Oberfl\u00e4che erzeugt starkes und kontrastreiches Licht, das beispielsweise in der Modefotografie n\u00fctzlich ist. Nach dem Anbringen des Diffusors wird das Licht weich und diffus &#8211; perfekt f\u00fcr empfindliche Portr\u00e4ts. Dank seiner 16-teiligen Konstruktion ist die Form des Schirms nahezu kreisf\u00f6rmig und sorgt f\u00fcr nat\u00fcrliche Reflexionen in den Augen der fotografierten Personen.<\/p>\n<h3>Einfach zu bedienen<\/h3>\n<p>Entfalten Sie ihn einfach wie einen normalen Regenschirm und befestigen Sie ihn an der Lampe, passend f\u00fcr Blitz- und Dauerlichtquellen.<\/p>\n<h3>Tief<\/h3>\n<p>Die gro\u00dfe Tiefe des Schirms erleichtert die Kontrolle der Ausleuchtung der Szene und das Erreichen des gew\u00fcnschten Effekts. Der GlareOne Orb lenkt das Licht im Vergleich zu seinen flachen Gegenst\u00fccken signifikant.<\/p>\n<h3>Produktmerkmale:<\/h3>\n<ul>\n<li>Funktioniert sowohl im Studio als auch im Freien erfolgreich<\/li>\n<li>Erm\u00f6glicht die Erzielung von kontrastreicher Beleuchtung<\/li>\n<li>16-seitige Form sorgt f\u00fcr nat\u00fcrliche Reflexionen in den Augen der fotografierten Personen<\/li>\n<li>Bietet ausgezeichnete Lichtkontrolle dank seines tiefen Profils<\/li>\n<li>Ausgestattet mit einem zus\u00e4tzlichen Licht-Weichmacher-Diffusor<\/li>\n<li>Schnell auf- und abzubauen<\/li>\n<li>Tragbar, leicht und einfach zu transportieren<\/li>\n<li>Basierend auf einem Fiberglasrahmen<\/li>\n<li>Metallschaft passt zu fast jeder Studioleuchte<\/li>\n<li>Wird mit einer praktischen Tragetasche geliefert<\/li>\n<\/ul>\n","protected":false},"excerpt":{"rendered":"<p><span style=\"color: #ff0000;\">Archiviertes Produkt.<\/span><\/p>\n","protected":false},"featured_media":6539,"template":"","meta":[],"product_brand":[],"product_cat":[461],"product_tag":[],"class_list":{"0":"post-6555","1":"product","2":"type-product","3":"status-publish","4":"has-post-thumbnail","6":"product_cat-orb-de","8":"first","9":"instock","10":"product-type-simple"},"yoast_head":"<!-- This site is optimized with the Yoast SEO plugin v27.2 - https:\/\/yoast.com\/product\/yoast-seo-wordpress\/ -->\n<title>GlareOne Parasolka ORB srebrna 135 - g\u0142\u0119boki parasol z dyfuzorem<\/title>\n<meta name=\"description\" content=\"GlareOne Parasolka ORB srebrna 135 - g\u0142\u0119boki parasol z dyfuzorem\" \/>\n<meta name=\"robots\" content=\"index, follow, max-snippet:-1, max-image-preview:large, max-video-preview:-1\" \/>\n<link rel=\"canonical\" href=\"https:\/\/glareone.eu\/de\/product\/glareone-orb-135-silber\/\" \/>\n<meta property=\"og:locale\" content=\"de_DE\" \/>\n<meta property=\"og:type\" content=\"article\" \/>\n<meta property=\"og:title\" content=\"GlareOne Parasolka ORB srebrna 135 - g\u0142\u0119boki parasol z dyfuzorem\" \/>\n<meta property=\"og:description\" content=\"GlareOne Parasolka ORB srebrna 135 - g\u0142\u0119boki parasol z dyfuzorem\" \/>\n<meta property=\"og:url\" content=\"https:\/\/glareone.eu\/de\/product\/glareone-orb-135-silber\/\" \/>\n<meta property=\"og:site_name\" content=\"GlareOne\" \/>\n<meta property=\"article:publisher\" content=\"https:\/\/www.facebook.com\/GlareOneLighting\" \/>\n<meta property=\"article:modified_time\" content=\"2025-10-30T09:40:27+00:00\" \/>\n<meta property=\"og:image\" content=\"https:\/\/glareone.eu\/wp-content\/uploads\/2024\/04\/GlareOne-Orb-135-Silver-1_sm.jpg\" \/>\n\t<meta property=\"og:image:width\" content=\"1000\" \/>\n\t<meta property=\"og:image:height\" content=\"1000\" \/>\n\t<meta property=\"og:image:type\" content=\"image\/jpeg\" \/>\n<meta name=\"twitter:card\" content=\"summary_large_image\" \/>\n<meta name=\"twitter:title\" content=\"GlareOne Parasolka ORB srebrna 135 - g\u0142\u0119boki parasol z dyfuzorem\" \/>\n<meta name=\"twitter:label1\" content=\"Gesch\u00e4tzte Lesezeit\" \/>\n\t<meta name=\"twitter:data1\" content=\"1\u00a0Minute\" \/>\n<script type=\"application\/ld+json\" class=\"yoast-schema-graph\">{\"@context\":\"https:\/\/schema.org\",\"@graph\":[{\"@type\":\"WebPage\",\"@id\":\"https:\/\/glareone.eu\/de\/product\/glareone-orb-135-silber\/\",\"url\":\"https:\/\/glareone.eu\/de\/product\/glareone-orb-135-silber\/\",\"name\":\"GlareOne Parasolka ORB srebrna 135 - g\u0142\u0119boki parasol z dyfuzorem\",\"isPartOf\":{\"@id\":\"https:\/\/glareone.eu\/de\/en\/#website\"},\"primaryImageOfPage\":{\"@id\":\"https:\/\/glareone.eu\/de\/product\/glareone-orb-135-silber\/#primaryimage\"},\"image\":{\"@id\":\"https:\/\/glareone.eu\/de\/product\/glareone-orb-135-silber\/#primaryimage\"},\"thumbnailUrl\":\"https:\/\/glareone.eu\/wp-content\/uploads\/2024\/04\/GlareOne-Orb-135-Silver-1_sm.jpg\",\"datePublished\":\"2024-04-18T19:26:20+00:00\",\"dateModified\":\"2025-10-30T09:40:27+00:00\",\"description\":\"GlareOne Parasolka ORB srebrna 135 - g\u0142\u0119boki parasol z dyfuzorem\",\"breadcrumb\":{\"@id\":\"https:\/\/glareone.eu\/de\/product\/glareone-orb-135-silber\/#breadcrumb\"},\"inLanguage\":\"de\",\"potentialAction\":[{\"@type\":\"ReadAction\",\"target\":[\"https:\/\/glareone.eu\/de\/product\/glareone-orb-135-silber\/\"]}]},{\"@type\":\"ImageObject\",\"inLanguage\":\"de\",\"@id\":\"https:\/\/glareone.eu\/de\/product\/glareone-orb-135-silber\/#primaryimage\",\"url\":\"https:\/\/glareone.eu\/wp-content\/uploads\/2024\/04\/GlareOne-Orb-135-Silver-1_sm.jpg\",\"contentUrl\":\"https:\/\/glareone.eu\/wp-content\/uploads\/2024\/04\/GlareOne-Orb-135-Silver-1_sm.jpg\",\"width\":1000,\"height\":1000},{\"@type\":\"BreadcrumbList\",\"@id\":\"https:\/\/glareone.eu\/de\/product\/glareone-orb-135-silber\/#breadcrumb\",\"itemListElement\":[{\"@type\":\"ListItem\",\"position\":1,\"name\":\"Strona g\u0142\u00f3wna\",\"item\":\"https:\/\/glareone.eu\/de\/\"},{\"@type\":\"ListItem\",\"position\":2,\"name\":\"Alle Produkte\",\"item\":\"https:\/\/glareone.eu\/de\/produkte\/alle-produkte\/\"},{\"@type\":\"ListItem\",\"position\":3,\"name\":\"GlareOne ORB 135 Silber\"}]},{\"@type\":\"WebSite\",\"@id\":\"https:\/\/glareone.eu\/de\/en\/#website\",\"url\":\"https:\/\/glareone.eu\/de\/en\/\",\"name\":\"GlareOne\",\"description\":\"Wyposa\u017cenie Studia\",\"publisher\":{\"@id\":\"https:\/\/glareone.eu\/de\/en\/#organization\"},\"potentialAction\":[{\"@type\":\"SearchAction\",\"target\":{\"@type\":\"EntryPoint\",\"urlTemplate\":\"https:\/\/glareone.eu\/de\/en\/?s={search_term_string}\"},\"query-input\":{\"@type\":\"PropertyValueSpecification\",\"valueRequired\":true,\"valueName\":\"search_term_string\"}}],\"inLanguage\":\"de\"},{\"@type\":\"Organization\",\"@id\":\"https:\/\/glareone.eu\/de\/en\/#organization\",\"name\":\"GlareOne\",\"url\":\"https:\/\/glareone.eu\/de\/en\/\",\"logo\":{\"@type\":\"ImageObject\",\"inLanguage\":\"de\",\"@id\":\"https:\/\/glareone.eu\/de\/en\/#\/schema\/logo\/image\/\",\"url\":\"http:\/\/glareone.eu\/wp-content\/uploads\/2024\/05\/glareone_logo2020_RGB-01-e1715773127189.png\",\"contentUrl\":\"http:\/\/glareone.eu\/wp-content\/uploads\/2024\/05\/glareone_logo2020_RGB-01-e1715773127189.png\",\"width\":1270,\"height\":321,\"caption\":\"GlareOne\"},\"image\":{\"@id\":\"https:\/\/glareone.eu\/de\/en\/#\/schema\/logo\/image\/\"},\"sameAs\":[\"https:\/\/www.facebook.com\/GlareOneLighting\",\"https:\/\/www.instagram.com\/glareonelighting\/\",\"https:\/\/www.youtube.com\/@GlareOneTV\"]}]}<\/script>\n<!-- \/ Yoast SEO plugin. -->","yoast_head_json":{"title":"GlareOne Parasolka ORB srebrna 135 - g\u0142\u0119boki parasol z dyfuzorem","description":"GlareOne Parasolka ORB srebrna 135 - g\u0142\u0119boki parasol z dyfuzorem","robots":{"index":"index","follow":"follow","max-snippet":"max-snippet:-1","max-image-preview":"max-image-preview:large","max-video-preview":"max-video-preview:-1"},"canonical":"https:\/\/glareone.eu\/de\/product\/glareone-orb-135-silber\/","og_locale":"de_DE","og_type":"article","og_title":"GlareOne Parasolka ORB srebrna 135 - g\u0142\u0119boki parasol z dyfuzorem","og_description":"GlareOne Parasolka ORB srebrna 135 - g\u0142\u0119boki parasol z dyfuzorem","og_url":"https:\/\/glareone.eu\/de\/product\/glareone-orb-135-silber\/","og_site_name":"GlareOne","article_publisher":"https:\/\/www.facebook.com\/GlareOneLighting","article_modified_time":"2025-10-30T09:40:27+00:00","og_image":[{"width":1000,"height":1000,"url":"https:\/\/glareone.eu\/wp-content\/uploads\/2024\/04\/GlareOne-Orb-135-Silver-1_sm.jpg","type":"image\/jpeg"}],"twitter_card":"summary_large_image","twitter_title":"GlareOne Parasolka ORB srebrna 135 - g\u0142\u0119boki parasol z dyfuzorem","twitter_misc":{"Gesch\u00e4tzte Lesezeit":"1\u00a0Minute"},"schema":{"@context":"https:\/\/schema.org","@graph":[{"@type":"WebPage","@id":"https:\/\/glareone.eu\/de\/product\/glareone-orb-135-silber\/","url":"https:\/\/glareone.eu\/de\/product\/glareone-orb-135-silber\/","name":"GlareOne Parasolka ORB srebrna 135 - g\u0142\u0119boki parasol z dyfuzorem","isPartOf":{"@id":"https:\/\/glareone.eu\/de\/en\/#website"},"primaryImageOfPage":{"@id":"https:\/\/glareone.eu\/de\/product\/glareone-orb-135-silber\/#primaryimage"},"image":{"@id":"https:\/\/glareone.eu\/de\/product\/glareone-orb-135-silber\/#primaryimage"},"thumbnailUrl":"https:\/\/glareone.eu\/wp-content\/uploads\/2024\/04\/GlareOne-Orb-135-Silver-1_sm.jpg","datePublished":"2024-04-18T19:26:20+00:00","dateModified":"2025-10-30T09:40:27+00:00","description":"GlareOne Parasolka ORB srebrna 135 - g\u0142\u0119boki parasol z dyfuzorem","breadcrumb":{"@id":"https:\/\/glareone.eu\/de\/product\/glareone-orb-135-silber\/#breadcrumb"},"inLanguage":"de","potentialAction":[{"@type":"ReadAction","target":["https:\/\/glareone.eu\/de\/product\/glareone-orb-135-silber\/"]}]},{"@type":"ImageObject","inLanguage":"de","@id":"https:\/\/glareone.eu\/de\/product\/glareone-orb-135-silber\/#primaryimage","url":"https:\/\/glareone.eu\/wp-content\/uploads\/2024\/04\/GlareOne-Orb-135-Silver-1_sm.jpg","contentUrl":"https:\/\/glareone.eu\/wp-content\/uploads\/2024\/04\/GlareOne-Orb-135-Silver-1_sm.jpg","width":1000,"height":1000},{"@type":"BreadcrumbList","@id":"https:\/\/glareone.eu\/de\/product\/glareone-orb-135-silber\/#breadcrumb","itemListElement":[{"@type":"ListItem","position":1,"name":"Strona g\u0142\u00f3wna","item":"https:\/\/glareone.eu\/de\/"},{"@type":"ListItem","position":2,"name":"Alle Produkte","item":"https:\/\/glareone.eu\/de\/produkte\/alle-produkte\/"},{"@type":"ListItem","position":3,"name":"GlareOne ORB 135 Silber"}]},{"@type":"WebSite","@id":"https:\/\/glareone.eu\/de\/en\/#website","url":"https:\/\/glareone.eu\/de\/en\/","name":"GlareOne","description":"Wyposa\u017cenie Studia","publisher":{"@id":"https:\/\/glareone.eu\/de\/en\/#organization"},"potentialAction":[{"@type":"SearchAction","target":{"@type":"EntryPoint","urlTemplate":"https:\/\/glareone.eu\/de\/en\/?s={search_term_string}"},"query-input":{"@type":"PropertyValueSpecification","valueRequired":true,"valueName":"search_term_string"}}],"inLanguage":"de"},{"@type":"Organization","@id":"https:\/\/glareone.eu\/de\/en\/#organization","name":"GlareOne","url":"https:\/\/glareone.eu\/de\/en\/","logo":{"@type":"ImageObject","inLanguage":"de","@id":"https:\/\/glareone.eu\/de\/en\/#\/schema\/logo\/image\/","url":"http:\/\/glareone.eu\/wp-content\/uploads\/2024\/05\/glareone_logo2020_RGB-01-e1715773127189.png","contentUrl":"http:\/\/glareone.eu\/wp-content\/uploads\/2024\/05\/glareone_logo2020_RGB-01-e1715773127189.png","width":1270,"height":321,"caption":"GlareOne"},"image":{"@id":"https:\/\/glareone.eu\/de\/en\/#\/schema\/logo\/image\/"},"sameAs":["https:\/\/www.facebook.com\/GlareOneLighting","https:\/\/www.instagram.com\/glareonelighting\/","https:\/\/www.youtube.com\/@GlareOneTV"]}]}},"_links":{"self":[{"href":"https:\/\/glareone.eu\/de\/wp-json\/wp\/v2\/product\/6555","targetHints":{"allow":["GET"]}}],"collection":[{"href":"https:\/\/glareone.eu\/de\/wp-json\/wp\/v2\/product"}],"about":[{"href":"https:\/\/glareone.eu\/de\/wp-json\/wp\/v2\/types\/product"}],"wp:featuredmedia":[{"embeddable":true,"href":"https:\/\/glareone.eu\/de\/wp-json\/wp\/v2\/media\/6539"}],"wp:attachment":[{"href":"https:\/\/glareone.eu\/de\/wp-json\/wp\/v2\/media?parent=6555"}],"wp:term":[{"taxonomy":"product_brand","embeddable":true,"href":"https:\/\/glareone.eu\/de\/wp-json\/wp\/v2\/product_brand?post=6555"},{"taxonomy":"product_cat","embeddable":true,"href":"https:\/\/glareone.eu\/de\/wp-json\/wp\/v2\/product_cat?post=6555"},{"taxonomy":"product_tag","embeddable":true,"href":"https:\/\/glareone.eu\/de\/wp-json\/wp\/v2\/product_tag?post=6555"}],"curies":[{"name":"wp","href":"https:\/\/api.w.org\/{rel}","templated":true}]}}