{"id":6504,"date":"2024-04-18T19:26:20","date_gmt":"2024-04-18T19:26:20","guid":{"rendered":"http:\/\/glareone.eu\/produkt\/glareone-led-rc\/"},"modified":"2025-03-20T07:27:04","modified_gmt":"2025-03-20T07:27:04","slug":"glareone-led-rc","status":"publish","type":"product","link":"https:\/\/glareone.eu\/de\/product\/glareone-led-rc\/","title":{"rendered":"GlareOne LED RC"},"content":{"rendered":"<p>Taschengro\u00dfe Funkfernbedienung f\u00fcr alle GlareOne LED-Lampen, die eine drahtlose Steuerung der Helligkeit und Farbtemperatur erm\u00f6glicht.<\/p>\n<p>Die GlareOne LED RC ist mit einem LCD-Bildschirm und einer Reihe von Tasten ausgestattet, die verwendet werden, um auf alle grundlegenden Betriebsparameter zuzugreifen. Das Ger\u00e4t ist einfach zu bedienen, ergonomisch gestaltet und dank seiner geringen Gr\u00f6\u00dfe und seines Gewichts bequem zu tragen.<\/p>\n<p>Alle GlareOne LED-Lampen sind mit eingebauten Empf\u00e4ngern f\u00fcr LED RC ausgestattet, daher ist es m\u00f6glich, die Helligkeit und Farbtemperatur des Lichts aus der Ferne zu \u00e4ndern. Diese Funktion ist besonders n\u00fctzlich bei Mehrlicht-Setups, insbesondere wenn der Zugang zum Lichtbedienfeld eingeschr\u00e4nkt ist. Es stehen 16 Funkkan\u00e4le und 10 Gruppen zur Verf\u00fcgung, um einzelne Lichtquellen besser zu trennen und zu kontrollieren.<\/p>\n<h3>Eigenschaften der GlareOne LED RC<\/h3>\n<ul>\n<li>Taschengro\u00dfe drahtlose Fernbedienung f\u00fcr Helligkeit und Farbtemperatur<\/li>\n<li>Kompatibel mit allen GlareOne LED-Lampen<\/li>\n<li>Verwendung von 2,4-GHz-Funkfrequenz f\u00fcr eine Reichweite von bis zu 100 m<\/li>\n<li>Unterst\u00fctzt bis zu 16 Kan\u00e4le und 10 Gruppen f\u00fcr pr\u00e4zise Kontrolle \u00fcber einzelnes Licht<\/li>\n<li>Ausgestattet mit LCD-Bildschirm f\u00fcr schnelle Anzeige der Betriebsparameter<\/li>\n<li>Betrieben mit zwei AAA-Batterien<\/li>\n<\/ul>\n","protected":false},"excerpt":{"rendered":"<p>Taschengro\u00dfe Funkfernbedienung f\u00fcr alle GlareOne LED-Lampen, die eine drahtlose Steuerung der Helligkeit und Farbtemperatur erm\u00f6glicht. Die GlareOne LED RC ist mit einem LCD-Bildschirm und einer Reihe von Tasten ausgestattet, die verwendet werden, um auf alle grundlegenden Betriebsparameter zuzugreifen. Das Ger\u00e4t ist einfach zu bedienen, ergonomisch gestaltet und dank seiner geringen Gr\u00f6\u00dfe und seines Gewichts bequem [&hellip;]<\/p>\n","protected":false},"featured_media":6501,"template":"","meta":[],"product_brand":[],"product_cat":[374],"product_tag":[],"class_list":{"0":"post-6504","1":"product","2":"type-product","3":"status-publish","4":"has-post-thumbnail","6":"product_cat-led-lampen-mit-bowens-montage","8":"first","9":"instock","10":"product-type-simple"},"yoast_head":"<!-- This site is optimized with the Yoast SEO plugin v27.2 - https:\/\/yoast.com\/product\/yoast-seo-wordpress\/ -->\n<title>GlareOne LED RC<\/title>\n<meta name=\"description\" content=\"GlareOne LED RC ist eine Fernbedienung f\u00fcr GlareOne LED-Lampen. Bietet Fernbedienung \u00fcber die Helligkeit und Farbtemperatur des Lichts,\" \/>\n<meta name=\"robots\" content=\"index, follow, max-snippet:-1, max-image-preview:large, max-video-preview:-1\" \/>\n<link rel=\"canonical\" href=\"https:\/\/glareone.eu\/de\/product\/glareone-led-rc\/\" \/>\n<meta property=\"og:locale\" content=\"de_DE\" \/>\n<meta property=\"og:type\" content=\"article\" \/>\n<meta property=\"og:title\" content=\"GlareOne LED RC\" \/>\n<meta property=\"og:description\" content=\"GlareOne LED RC ist eine Fernbedienung f\u00fcr GlareOne LED-Lampen. Bietet Fernbedienung \u00fcber die Helligkeit und Farbtemperatur des Lichts,\" \/>\n<meta property=\"og:url\" content=\"https:\/\/glareone.eu\/de\/product\/glareone-led-rc\/\" \/>\n<meta property=\"og:site_name\" content=\"GlareOne\" \/>\n<meta property=\"article:publisher\" content=\"https:\/\/www.facebook.com\/GlareOneLighting\" \/>\n<meta property=\"article:modified_time\" content=\"2025-03-20T07:27:04+00:00\" \/>\n<meta property=\"og:image\" content=\"https:\/\/glareone.eu\/wp-content\/uploads\/2024\/04\/GlareOne-LED-RC-01.png\" \/>\n\t<meta property=\"og:image:width\" content=\"2000\" \/>\n\t<meta property=\"og:image:height\" content=\"2000\" \/>\n\t<meta property=\"og:image:type\" content=\"image\/png\" \/>\n<meta name=\"twitter:card\" content=\"summary_large_image\" \/>\n<meta name=\"twitter:title\" content=\"GlareOne LED RC\" \/>\n<meta name=\"twitter:label1\" content=\"Gesch\u00e4tzte Lesezeit\" \/>\n\t<meta name=\"twitter:data1\" content=\"1\u00a0Minute\" \/>\n<script type=\"application\/ld+json\" class=\"yoast-schema-graph\">{\"@context\":\"https:\/\/schema.org\",\"@graph\":[{\"@type\":\"WebPage\",\"@id\":\"https:\/\/glareone.eu\/de\/product\/glareone-led-rc\/\",\"url\":\"https:\/\/glareone.eu\/de\/product\/glareone-led-rc\/\",\"name\":\"GlareOne LED RC\",\"isPartOf\":{\"@id\":\"https:\/\/glareone.eu\/de\/en\/#website\"},\"primaryImageOfPage\":{\"@id\":\"https:\/\/glareone.eu\/de\/product\/glareone-led-rc\/#primaryimage\"},\"image\":{\"@id\":\"https:\/\/glareone.eu\/de\/product\/glareone-led-rc\/#primaryimage\"},\"thumbnailUrl\":\"https:\/\/glareone.eu\/wp-content\/uploads\/2024\/04\/GlareOne-LED-RC-01.png\",\"datePublished\":\"2024-04-18T19:26:20+00:00\",\"dateModified\":\"2025-03-20T07:27:04+00:00\",\"description\":\"GlareOne LED RC ist eine Fernbedienung f\u00fcr GlareOne LED-Lampen. Bietet Fernbedienung \u00fcber die Helligkeit und Farbtemperatur des Lichts,\",\"breadcrumb\":{\"@id\":\"https:\/\/glareone.eu\/de\/product\/glareone-led-rc\/#breadcrumb\"},\"inLanguage\":\"de\",\"potentialAction\":[{\"@type\":\"ReadAction\",\"target\":[\"https:\/\/glareone.eu\/de\/product\/glareone-led-rc\/\"]}]},{\"@type\":\"ImageObject\",\"inLanguage\":\"de\",\"@id\":\"https:\/\/glareone.eu\/de\/product\/glareone-led-rc\/#primaryimage\",\"url\":\"https:\/\/glareone.eu\/wp-content\/uploads\/2024\/04\/GlareOne-LED-RC-01.png\",\"contentUrl\":\"https:\/\/glareone.eu\/wp-content\/uploads\/2024\/04\/GlareOne-LED-RC-01.png\",\"width\":2000,\"height\":2000},{\"@type\":\"BreadcrumbList\",\"@id\":\"https:\/\/glareone.eu\/de\/product\/glareone-led-rc\/#breadcrumb\",\"itemListElement\":[{\"@type\":\"ListItem\",\"position\":1,\"name\":\"Strona g\u0142\u00f3wna\",\"item\":\"https:\/\/glareone.eu\/de\/\"},{\"@type\":\"ListItem\",\"position\":2,\"name\":\"Alle Produkte\",\"item\":\"https:\/\/glareone.eu\/de\/produkte\/alle-produkte\/\"},{\"@type\":\"ListItem\",\"position\":3,\"name\":\"GlareOne LED RC\"}]},{\"@type\":\"WebSite\",\"@id\":\"https:\/\/glareone.eu\/de\/en\/#website\",\"url\":\"https:\/\/glareone.eu\/de\/en\/\",\"name\":\"GlareOne\",\"description\":\"Wyposa\u017cenie Studia\",\"publisher\":{\"@id\":\"https:\/\/glareone.eu\/de\/en\/#organization\"},\"potentialAction\":[{\"@type\":\"SearchAction\",\"target\":{\"@type\":\"EntryPoint\",\"urlTemplate\":\"https:\/\/glareone.eu\/de\/en\/?s={search_term_string}\"},\"query-input\":{\"@type\":\"PropertyValueSpecification\",\"valueRequired\":true,\"valueName\":\"search_term_string\"}}],\"inLanguage\":\"de\"},{\"@type\":\"Organization\",\"@id\":\"https:\/\/glareone.eu\/de\/en\/#organization\",\"name\":\"GlareOne\",\"url\":\"https:\/\/glareone.eu\/de\/en\/\",\"logo\":{\"@type\":\"ImageObject\",\"inLanguage\":\"de\",\"@id\":\"https:\/\/glareone.eu\/de\/en\/#\/schema\/logo\/image\/\",\"url\":\"http:\/\/glareone.eu\/wp-content\/uploads\/2024\/05\/glareone_logo2020_RGB-01-e1715773127189.png\",\"contentUrl\":\"http:\/\/glareone.eu\/wp-content\/uploads\/2024\/05\/glareone_logo2020_RGB-01-e1715773127189.png\",\"width\":1270,\"height\":321,\"caption\":\"GlareOne\"},\"image\":{\"@id\":\"https:\/\/glareone.eu\/de\/en\/#\/schema\/logo\/image\/\"},\"sameAs\":[\"https:\/\/www.facebook.com\/GlareOneLighting\",\"https:\/\/www.instagram.com\/glareonelighting\/\",\"https:\/\/www.youtube.com\/@GlareOneTV\"]}]}<\/script>\n<!-- \/ Yoast SEO plugin. -->","yoast_head_json":{"title":"GlareOne LED RC","description":"GlareOne LED RC ist eine Fernbedienung f\u00fcr GlareOne LED-Lampen. Bietet Fernbedienung \u00fcber die Helligkeit und Farbtemperatur des Lichts,","robots":{"index":"index","follow":"follow","max-snippet":"max-snippet:-1","max-image-preview":"max-image-preview:large","max-video-preview":"max-video-preview:-1"},"canonical":"https:\/\/glareone.eu\/de\/product\/glareone-led-rc\/","og_locale":"de_DE","og_type":"article","og_title":"GlareOne LED RC","og_description":"GlareOne LED RC ist eine Fernbedienung f\u00fcr GlareOne LED-Lampen. Bietet Fernbedienung \u00fcber die Helligkeit und Farbtemperatur des Lichts,","og_url":"https:\/\/glareone.eu\/de\/product\/glareone-led-rc\/","og_site_name":"GlareOne","article_publisher":"https:\/\/www.facebook.com\/GlareOneLighting","article_modified_time":"2025-03-20T07:27:04+00:00","og_image":[{"width":2000,"height":2000,"url":"https:\/\/glareone.eu\/wp-content\/uploads\/2024\/04\/GlareOne-LED-RC-01.png","type":"image\/png"}],"twitter_card":"summary_large_image","twitter_title":"GlareOne LED RC","twitter_misc":{"Gesch\u00e4tzte Lesezeit":"1\u00a0Minute"},"schema":{"@context":"https:\/\/schema.org","@graph":[{"@type":"WebPage","@id":"https:\/\/glareone.eu\/de\/product\/glareone-led-rc\/","url":"https:\/\/glareone.eu\/de\/product\/glareone-led-rc\/","name":"GlareOne LED RC","isPartOf":{"@id":"https:\/\/glareone.eu\/de\/en\/#website"},"primaryImageOfPage":{"@id":"https:\/\/glareone.eu\/de\/product\/glareone-led-rc\/#primaryimage"},"image":{"@id":"https:\/\/glareone.eu\/de\/product\/glareone-led-rc\/#primaryimage"},"thumbnailUrl":"https:\/\/glareone.eu\/wp-content\/uploads\/2024\/04\/GlareOne-LED-RC-01.png","datePublished":"2024-04-18T19:26:20+00:00","dateModified":"2025-03-20T07:27:04+00:00","description":"GlareOne LED RC ist eine Fernbedienung f\u00fcr GlareOne LED-Lampen. Bietet Fernbedienung \u00fcber die Helligkeit und Farbtemperatur des Lichts,","breadcrumb":{"@id":"https:\/\/glareone.eu\/de\/product\/glareone-led-rc\/#breadcrumb"},"inLanguage":"de","potentialAction":[{"@type":"ReadAction","target":["https:\/\/glareone.eu\/de\/product\/glareone-led-rc\/"]}]},{"@type":"ImageObject","inLanguage":"de","@id":"https:\/\/glareone.eu\/de\/product\/glareone-led-rc\/#primaryimage","url":"https:\/\/glareone.eu\/wp-content\/uploads\/2024\/04\/GlareOne-LED-RC-01.png","contentUrl":"https:\/\/glareone.eu\/wp-content\/uploads\/2024\/04\/GlareOne-LED-RC-01.png","width":2000,"height":2000},{"@type":"BreadcrumbList","@id":"https:\/\/glareone.eu\/de\/product\/glareone-led-rc\/#breadcrumb","itemListElement":[{"@type":"ListItem","position":1,"name":"Strona g\u0142\u00f3wna","item":"https:\/\/glareone.eu\/de\/"},{"@type":"ListItem","position":2,"name":"Alle Produkte","item":"https:\/\/glareone.eu\/de\/produkte\/alle-produkte\/"},{"@type":"ListItem","position":3,"name":"GlareOne LED RC"}]},{"@type":"WebSite","@id":"https:\/\/glareone.eu\/de\/en\/#website","url":"https:\/\/glareone.eu\/de\/en\/","name":"GlareOne","description":"Wyposa\u017cenie Studia","publisher":{"@id":"https:\/\/glareone.eu\/de\/en\/#organization"},"potentialAction":[{"@type":"SearchAction","target":{"@type":"EntryPoint","urlTemplate":"https:\/\/glareone.eu\/de\/en\/?s={search_term_string}"},"query-input":{"@type":"PropertyValueSpecification","valueRequired":true,"valueName":"search_term_string"}}],"inLanguage":"de"},{"@type":"Organization","@id":"https:\/\/glareone.eu\/de\/en\/#organization","name":"GlareOne","url":"https:\/\/glareone.eu\/de\/en\/","logo":{"@type":"ImageObject","inLanguage":"de","@id":"https:\/\/glareone.eu\/de\/en\/#\/schema\/logo\/image\/","url":"http:\/\/glareone.eu\/wp-content\/uploads\/2024\/05\/glareone_logo2020_RGB-01-e1715773127189.png","contentUrl":"http:\/\/glareone.eu\/wp-content\/uploads\/2024\/05\/glareone_logo2020_RGB-01-e1715773127189.png","width":1270,"height":321,"caption":"GlareOne"},"image":{"@id":"https:\/\/glareone.eu\/de\/en\/#\/schema\/logo\/image\/"},"sameAs":["https:\/\/www.facebook.com\/GlareOneLighting","https:\/\/www.instagram.com\/glareonelighting\/","https:\/\/www.youtube.com\/@GlareOneTV"]}]}},"_links":{"self":[{"href":"https:\/\/glareone.eu\/de\/wp-json\/wp\/v2\/product\/6504","targetHints":{"allow":["GET"]}}],"collection":[{"href":"https:\/\/glareone.eu\/de\/wp-json\/wp\/v2\/product"}],"about":[{"href":"https:\/\/glareone.eu\/de\/wp-json\/wp\/v2\/types\/product"}],"wp:featuredmedia":[{"embeddable":true,"href":"https:\/\/glareone.eu\/de\/wp-json\/wp\/v2\/media\/6501"}],"wp:attachment":[{"href":"https:\/\/glareone.eu\/de\/wp-json\/wp\/v2\/media?parent=6504"}],"wp:term":[{"taxonomy":"product_brand","embeddable":true,"href":"https:\/\/glareone.eu\/de\/wp-json\/wp\/v2\/product_brand?post=6504"},{"taxonomy":"product_cat","embeddable":true,"href":"https:\/\/glareone.eu\/de\/wp-json\/wp\/v2\/product_cat?post=6504"},{"taxonomy":"product_tag","embeddable":true,"href":"https:\/\/glareone.eu\/de\/wp-json\/wp\/v2\/product_tag?post=6504"}],"curies":[{"name":"wp","href":"https:\/\/api.w.org\/{rel}","templated":true}]}}