{"id":6492,"date":"2024-04-18T19:26:20","date_gmt":"2024-04-18T19:26:20","guid":{"rendered":"http:\/\/glareone.eu\/produkt\/glareone-parasolka-orb-srebrna-110\/"},"modified":"2025-08-11T10:25:33","modified_gmt":"2025-08-11T10:25:33","slug":"glareone-orb-110-silber","status":"publish","type":"product","link":"https:\/\/glareone.eu\/de\/product\/glareone-orb-110-silber\/","title":{"rendered":"GlareOne ORB 110 Silber"},"content":{"rendered":"<h3>Multifunktional<\/h3>\n<p>Es kann in vielen Aufnahmesituationen sowohl im Studio als auch im Freien verwendet werden. Der silberne reflektierende Bildschirm macht das Licht stark und kontrastreich, was z. B. in der Modefotografie n\u00fctzlich ist. Nach dem Anbringen des Diffusors wird das Licht weich und diffus &#8211; perfekt f\u00fcr zarte Portr\u00e4ts. Dank der 16-wandigen Konstruktion ist die Form des Schirms \u00e4hnlich einem Kreis, was nat\u00fcrliche Reflexionen in den Augen der fotografierten Personen garantiert.<\/p>\n<h3>Einfach zu bedienen<\/h3>\n<p>Entfalten Sie es einfach wie einen normalen Regenschirm und befestigen Sie es an Ihrem Blitz, und es passt zu jedem Blitz oder Dauerlicht.<\/p>\n<h3>Tief<\/h3>\n<p>Die gro\u00dfe Tiefe des Schirms erleichtert die Steuerung der Ausleuchtung der Szene und erm\u00f6glicht es daher, den gew\u00fcnschten Effekt einfacher zu erzielen. Der GlareOne Orb lenkt das Licht viel besser als seine flachen Gegenst\u00fccke.<\/p>\n<h3>Produktmerkmale<\/h3>\n<ul>\n<li>funktioniert sowohl im Studio als auch im Freien gut<\/li>\n<li>Erm\u00f6glicht das Erzielen von kontrastierender Beleuchtung<\/li>\n<li>16-seitige Form bietet nat\u00fcrliche Reflexionen in den Augen der fotografierten Personen<\/li>\n<li>dank des tiefen Profils bietet es sehr gute Kontrolle \u00fcber das Licht<\/li>\n<li>mit einem zus\u00e4tzlichen Diffusor ausgestattet, der das Licht weicher macht<\/li>\n<li>kann schnell entfaltet und weggefaltet werden<\/li>\n<li>handlich, leicht und einfach zu transportieren<\/li>\n<li>basiert auf einem Fiberglasrahmen<\/li>\n<li>der Metallschaft passt zu fast jeder Studiolampe<\/li>\n<li>wird in einer praktischen Tragetasche geliefert<\/li>\n<\/ul>\n","protected":false},"excerpt":{"rendered":"<p>Multifunktional Es kann in vielen Aufnahmesituationen sowohl im Studio als auch im Freien verwendet werden. Der silberne reflektierende Bildschirm macht das Licht stark und kontrastreich, was z. B. in der Modefotografie n\u00fctzlich ist. Nach dem Anbringen des Diffusors wird das Licht weich und diffus &#8211; perfekt f\u00fcr zarte Portr\u00e4ts. Dank der 16-wandigen Konstruktion ist die [&hellip;]<\/p>\n","protected":false},"featured_media":6476,"template":"","meta":[],"product_brand":[],"product_cat":[461],"product_tag":[],"class_list":{"0":"post-6492","1":"product","2":"type-product","3":"status-publish","4":"has-post-thumbnail","6":"product_cat-orb-de","8":"first","9":"instock","10":"product-type-simple"},"yoast_head":"<!-- This site is optimized with the Yoast SEO plugin v27.2 - https:\/\/yoast.com\/product\/yoast-seo-wordpress\/ -->\n<title>GlareOne Parasolka ORB srebrna 110 - g\u0142\u0119boki parasol z dyfuzorem<\/title>\n<meta name=\"description\" content=\"GlareOne Parasolka ORB srebrna 110 - g\u0142\u0119boki parasol z dyfuzorem\" \/>\n<meta name=\"robots\" content=\"index, follow, max-snippet:-1, max-image-preview:large, max-video-preview:-1\" \/>\n<link rel=\"canonical\" href=\"https:\/\/glareone.eu\/de\/product\/glareone-orb-110-silber\/\" \/>\n<meta property=\"og:locale\" content=\"de_DE\" \/>\n<meta property=\"og:type\" content=\"article\" \/>\n<meta property=\"og:title\" content=\"GlareOne Parasolka ORB srebrna 110 - g\u0142\u0119boki parasol z dyfuzorem\" \/>\n<meta property=\"og:description\" content=\"GlareOne Parasolka ORB srebrna 110 - g\u0142\u0119boki parasol z dyfuzorem\" \/>\n<meta property=\"og:url\" content=\"https:\/\/glareone.eu\/de\/product\/glareone-orb-110-silber\/\" \/>\n<meta property=\"og:site_name\" content=\"GlareOne\" \/>\n<meta property=\"article:publisher\" content=\"https:\/\/www.facebook.com\/GlareOneLighting\" \/>\n<meta property=\"article:modified_time\" content=\"2025-08-11T10:25:33+00:00\" \/>\n<meta property=\"og:image\" content=\"https:\/\/glareone.eu\/wp-content\/uploads\/2024\/04\/GlareOne-Orb-110-Silver-1_2k.jpg\" \/>\n\t<meta property=\"og:image:width\" content=\"2000\" \/>\n\t<meta property=\"og:image:height\" content=\"2000\" \/>\n\t<meta property=\"og:image:type\" content=\"image\/jpeg\" \/>\n<meta name=\"twitter:card\" content=\"summary_large_image\" \/>\n<meta name=\"twitter:title\" content=\"GlareOne Parasolka ORB srebrna 110 - g\u0142\u0119boki parasol z dyfuzorem\" \/>\n<meta name=\"twitter:label1\" content=\"Gesch\u00e4tzte Lesezeit\" \/>\n\t<meta name=\"twitter:data1\" content=\"1\u00a0Minute\" \/>\n<script type=\"application\/ld+json\" class=\"yoast-schema-graph\">{\"@context\":\"https:\/\/schema.org\",\"@graph\":[{\"@type\":\"WebPage\",\"@id\":\"https:\/\/glareone.eu\/de\/product\/glareone-orb-110-silber\/\",\"url\":\"https:\/\/glareone.eu\/de\/product\/glareone-orb-110-silber\/\",\"name\":\"GlareOne Parasolka ORB srebrna 110 - g\u0142\u0119boki parasol z dyfuzorem\",\"isPartOf\":{\"@id\":\"https:\/\/glareone.eu\/de\/en\/#website\"},\"primaryImageOfPage\":{\"@id\":\"https:\/\/glareone.eu\/de\/product\/glareone-orb-110-silber\/#primaryimage\"},\"image\":{\"@id\":\"https:\/\/glareone.eu\/de\/product\/glareone-orb-110-silber\/#primaryimage\"},\"thumbnailUrl\":\"https:\/\/glareone.eu\/wp-content\/uploads\/2024\/04\/GlareOne-Orb-110-Silver-1_2k.jpg\",\"datePublished\":\"2024-04-18T19:26:20+00:00\",\"dateModified\":\"2025-08-11T10:25:33+00:00\",\"description\":\"GlareOne Parasolka ORB srebrna 110 - g\u0142\u0119boki parasol z dyfuzorem\",\"breadcrumb\":{\"@id\":\"https:\/\/glareone.eu\/de\/product\/glareone-orb-110-silber\/#breadcrumb\"},\"inLanguage\":\"de\",\"potentialAction\":[{\"@type\":\"ReadAction\",\"target\":[\"https:\/\/glareone.eu\/de\/product\/glareone-orb-110-silber\/\"]}]},{\"@type\":\"ImageObject\",\"inLanguage\":\"de\",\"@id\":\"https:\/\/glareone.eu\/de\/product\/glareone-orb-110-silber\/#primaryimage\",\"url\":\"https:\/\/glareone.eu\/wp-content\/uploads\/2024\/04\/GlareOne-Orb-110-Silver-1_2k.jpg\",\"contentUrl\":\"https:\/\/glareone.eu\/wp-content\/uploads\/2024\/04\/GlareOne-Orb-110-Silver-1_2k.jpg\",\"width\":2000,\"height\":2000},{\"@type\":\"BreadcrumbList\",\"@id\":\"https:\/\/glareone.eu\/de\/product\/glareone-orb-110-silber\/#breadcrumb\",\"itemListElement\":[{\"@type\":\"ListItem\",\"position\":1,\"name\":\"Strona g\u0142\u00f3wna\",\"item\":\"https:\/\/glareone.eu\/de\/\"},{\"@type\":\"ListItem\",\"position\":2,\"name\":\"Alle Produkte\",\"item\":\"https:\/\/glareone.eu\/de\/produkte\/alle-produkte\/\"},{\"@type\":\"ListItem\",\"position\":3,\"name\":\"GlareOne ORB 110 Silber\"}]},{\"@type\":\"WebSite\",\"@id\":\"https:\/\/glareone.eu\/de\/en\/#website\",\"url\":\"https:\/\/glareone.eu\/de\/en\/\",\"name\":\"GlareOne\",\"description\":\"Wyposa\u017cenie Studia\",\"publisher\":{\"@id\":\"https:\/\/glareone.eu\/de\/en\/#organization\"},\"potentialAction\":[{\"@type\":\"SearchAction\",\"target\":{\"@type\":\"EntryPoint\",\"urlTemplate\":\"https:\/\/glareone.eu\/de\/en\/?s={search_term_string}\"},\"query-input\":{\"@type\":\"PropertyValueSpecification\",\"valueRequired\":true,\"valueName\":\"search_term_string\"}}],\"inLanguage\":\"de\"},{\"@type\":\"Organization\",\"@id\":\"https:\/\/glareone.eu\/de\/en\/#organization\",\"name\":\"GlareOne\",\"url\":\"https:\/\/glareone.eu\/de\/en\/\",\"logo\":{\"@type\":\"ImageObject\",\"inLanguage\":\"de\",\"@id\":\"https:\/\/glareone.eu\/de\/en\/#\/schema\/logo\/image\/\",\"url\":\"http:\/\/glareone.eu\/wp-content\/uploads\/2024\/05\/glareone_logo2020_RGB-01-e1715773127189.png\",\"contentUrl\":\"http:\/\/glareone.eu\/wp-content\/uploads\/2024\/05\/glareone_logo2020_RGB-01-e1715773127189.png\",\"width\":1270,\"height\":321,\"caption\":\"GlareOne\"},\"image\":{\"@id\":\"https:\/\/glareone.eu\/de\/en\/#\/schema\/logo\/image\/\"},\"sameAs\":[\"https:\/\/www.facebook.com\/GlareOneLighting\",\"https:\/\/www.instagram.com\/glareonelighting\/\",\"https:\/\/www.youtube.com\/@GlareOneTV\"]}]}<\/script>\n<!-- \/ Yoast SEO plugin. -->","yoast_head_json":{"title":"GlareOne Parasolka ORB srebrna 110 - g\u0142\u0119boki parasol z dyfuzorem","description":"GlareOne Parasolka ORB srebrna 110 - g\u0142\u0119boki parasol z dyfuzorem","robots":{"index":"index","follow":"follow","max-snippet":"max-snippet:-1","max-image-preview":"max-image-preview:large","max-video-preview":"max-video-preview:-1"},"canonical":"https:\/\/glareone.eu\/de\/product\/glareone-orb-110-silber\/","og_locale":"de_DE","og_type":"article","og_title":"GlareOne Parasolka ORB srebrna 110 - g\u0142\u0119boki parasol z dyfuzorem","og_description":"GlareOne Parasolka ORB srebrna 110 - g\u0142\u0119boki parasol z dyfuzorem","og_url":"https:\/\/glareone.eu\/de\/product\/glareone-orb-110-silber\/","og_site_name":"GlareOne","article_publisher":"https:\/\/www.facebook.com\/GlareOneLighting","article_modified_time":"2025-08-11T10:25:33+00:00","og_image":[{"width":2000,"height":2000,"url":"https:\/\/glareone.eu\/wp-content\/uploads\/2024\/04\/GlareOne-Orb-110-Silver-1_2k.jpg","type":"image\/jpeg"}],"twitter_card":"summary_large_image","twitter_title":"GlareOne Parasolka ORB srebrna 110 - g\u0142\u0119boki parasol z dyfuzorem","twitter_misc":{"Gesch\u00e4tzte Lesezeit":"1\u00a0Minute"},"schema":{"@context":"https:\/\/schema.org","@graph":[{"@type":"WebPage","@id":"https:\/\/glareone.eu\/de\/product\/glareone-orb-110-silber\/","url":"https:\/\/glareone.eu\/de\/product\/glareone-orb-110-silber\/","name":"GlareOne Parasolka ORB srebrna 110 - g\u0142\u0119boki parasol z dyfuzorem","isPartOf":{"@id":"https:\/\/glareone.eu\/de\/en\/#website"},"primaryImageOfPage":{"@id":"https:\/\/glareone.eu\/de\/product\/glareone-orb-110-silber\/#primaryimage"},"image":{"@id":"https:\/\/glareone.eu\/de\/product\/glareone-orb-110-silber\/#primaryimage"},"thumbnailUrl":"https:\/\/glareone.eu\/wp-content\/uploads\/2024\/04\/GlareOne-Orb-110-Silver-1_2k.jpg","datePublished":"2024-04-18T19:26:20+00:00","dateModified":"2025-08-11T10:25:33+00:00","description":"GlareOne Parasolka ORB srebrna 110 - g\u0142\u0119boki parasol z dyfuzorem","breadcrumb":{"@id":"https:\/\/glareone.eu\/de\/product\/glareone-orb-110-silber\/#breadcrumb"},"inLanguage":"de","potentialAction":[{"@type":"ReadAction","target":["https:\/\/glareone.eu\/de\/product\/glareone-orb-110-silber\/"]}]},{"@type":"ImageObject","inLanguage":"de","@id":"https:\/\/glareone.eu\/de\/product\/glareone-orb-110-silber\/#primaryimage","url":"https:\/\/glareone.eu\/wp-content\/uploads\/2024\/04\/GlareOne-Orb-110-Silver-1_2k.jpg","contentUrl":"https:\/\/glareone.eu\/wp-content\/uploads\/2024\/04\/GlareOne-Orb-110-Silver-1_2k.jpg","width":2000,"height":2000},{"@type":"BreadcrumbList","@id":"https:\/\/glareone.eu\/de\/product\/glareone-orb-110-silber\/#breadcrumb","itemListElement":[{"@type":"ListItem","position":1,"name":"Strona g\u0142\u00f3wna","item":"https:\/\/glareone.eu\/de\/"},{"@type":"ListItem","position":2,"name":"Alle Produkte","item":"https:\/\/glareone.eu\/de\/produkte\/alle-produkte\/"},{"@type":"ListItem","position":3,"name":"GlareOne ORB 110 Silber"}]},{"@type":"WebSite","@id":"https:\/\/glareone.eu\/de\/en\/#website","url":"https:\/\/glareone.eu\/de\/en\/","name":"GlareOne","description":"Wyposa\u017cenie Studia","publisher":{"@id":"https:\/\/glareone.eu\/de\/en\/#organization"},"potentialAction":[{"@type":"SearchAction","target":{"@type":"EntryPoint","urlTemplate":"https:\/\/glareone.eu\/de\/en\/?s={search_term_string}"},"query-input":{"@type":"PropertyValueSpecification","valueRequired":true,"valueName":"search_term_string"}}],"inLanguage":"de"},{"@type":"Organization","@id":"https:\/\/glareone.eu\/de\/en\/#organization","name":"GlareOne","url":"https:\/\/glareone.eu\/de\/en\/","logo":{"@type":"ImageObject","inLanguage":"de","@id":"https:\/\/glareone.eu\/de\/en\/#\/schema\/logo\/image\/","url":"http:\/\/glareone.eu\/wp-content\/uploads\/2024\/05\/glareone_logo2020_RGB-01-e1715773127189.png","contentUrl":"http:\/\/glareone.eu\/wp-content\/uploads\/2024\/05\/glareone_logo2020_RGB-01-e1715773127189.png","width":1270,"height":321,"caption":"GlareOne"},"image":{"@id":"https:\/\/glareone.eu\/de\/en\/#\/schema\/logo\/image\/"},"sameAs":["https:\/\/www.facebook.com\/GlareOneLighting","https:\/\/www.instagram.com\/glareonelighting\/","https:\/\/www.youtube.com\/@GlareOneTV"]}]}},"_links":{"self":[{"href":"https:\/\/glareone.eu\/de\/wp-json\/wp\/v2\/product\/6492","targetHints":{"allow":["GET"]}}],"collection":[{"href":"https:\/\/glareone.eu\/de\/wp-json\/wp\/v2\/product"}],"about":[{"href":"https:\/\/glareone.eu\/de\/wp-json\/wp\/v2\/types\/product"}],"wp:featuredmedia":[{"embeddable":true,"href":"https:\/\/glareone.eu\/de\/wp-json\/wp\/v2\/media\/6476"}],"wp:attachment":[{"href":"https:\/\/glareone.eu\/de\/wp-json\/wp\/v2\/media?parent=6492"}],"wp:term":[{"taxonomy":"product_brand","embeddable":true,"href":"https:\/\/glareone.eu\/de\/wp-json\/wp\/v2\/product_brand?post=6492"},{"taxonomy":"product_cat","embeddable":true,"href":"https:\/\/glareone.eu\/de\/wp-json\/wp\/v2\/product_cat?post=6492"},{"taxonomy":"product_tag","embeddable":true,"href":"https:\/\/glareone.eu\/de\/wp-json\/wp\/v2\/product_tag?post=6492"}],"curies":[{"name":"wp","href":"https:\/\/api.w.org\/{rel}","templated":true}]}}