{"id":6441,"date":"2024-04-18T19:26:35","date_gmt":"2024-04-18T19:26:35","guid":{"rendered":"http:\/\/glareone.eu\/produkt\/glareone-led-1000-basic-kit\/"},"modified":"2024-08-27T07:31:20","modified_gmt":"2024-08-27T07:31:20","slug":"glareone-led-1000-basic-kit","status":"publish","type":"product","link":"https:\/\/glareone.eu\/de\/product\/glareone-led-1000-basic-kit\/","title":{"rendered":"GlareOne LED 1000 Basic Kit"},"content":{"rendered":"<p><span style=\"font-weight: 400;\">Set f\u00fcr Foto- und Filmaufnahmen mit 2 Scheinwerfern, 2 Stativen, Softbox 60&#215;90 cm und Softbox Octa 95 cm.<\/span><\/p>\n<h3>Setinhalt<\/h3>\n<p><span style=\"font-weight: 400;\">Das GlareOne LED 1000 Basic Kit ist ein komplettes Set, das es Ihnen erm\u00f6glicht, in die Welt der Studiofotografie einzusteigen. Es beinhaltet:<\/span><\/p>\n<ul>\n<li style=\"font-weight: 400;\" aria-level=\"1\"><span style=\"font-weight: 400;\">2 kompakte GlareOne LED 1000 Lampen mit jeweils 100 W Leistung (jede Lampe wird mit einem Reflektor und einem Netzkabel geliefert).<\/span><\/li>\n<li style=\"font-weight: 400;\" aria-level=\"1\"><span style=\"font-weight: 400;\">2 GlareOne Black 220 Stative mit einer maximalen H\u00f6he von 220 cm.<\/span><\/li>\n<li style=\"font-weight: 400;\" aria-level=\"1\"><span style=\"font-weight: 400;\">GlareOne Softbox 60&#215;90 cm.<\/span><\/li>\n<li style=\"font-weight: 400;\" aria-level=\"1\"><span style=\"font-weight: 400;\">GlareOne Softbox Octa 95 cm.<\/span><\/li>\n<li style=\"font-weight: 400;\" aria-level=\"1\"><span style=\"font-weight: 400;\">EU and UK cable.<\/span><\/li>\n<\/ul>\n<h3>Anwendung<\/h3>\n<p><span style=\"font-weight: 400;\">Das GlareOne LED 1000 Basic Kit ist ein hervorragendes Werkzeug f\u00fcr Studiofotografie und die Beleuchtung kleiner Filmsets. Das kontinuierliche LED-Licht erm\u00f6glicht es, die Szene in Echtzeit beleuchtet zu sehen. Das Set eignet sich hervorragend f\u00fcr den Einsatz in einem Heimstudio und bietet die M\u00f6glichkeit der Erweiterung mit verschiedenen Lichtformungsaccessoires wie Reflektoren oder Gittern. W\u00e4hrend der Fotografie erm\u00f6glicht das Set die Erstellung von Portr\u00e4ts mit weichem Licht, und w\u00e4hrend des Filmens beleuchtet es den Charakter, w\u00e4hrend Filme erstellt werden, beispielsweise f\u00fcr soziale Medien. Das LED Basic Kit ist eine ideale Wahl f\u00fcr den Heimgebrauch oder kleine Studios.<\/span><\/p>\n<h3>Eigenschaften des GlareOne LED 1000<\/h3>\n<ul>\n<li style=\"font-weight: 400;\" aria-level=\"1\"><span style=\"font-weight: 400;\">n\u00fctzlich f\u00fcr Fotografie und Filmmachen,<\/span><\/li>\n<li style=\"font-weight: 400;\" aria-level=\"1\"><span style=\"font-weight: 400;\">leicht, kompakt und einfach zu transportieren (wiegt nur 1,25 kg),<\/span><\/li>\n<li style=\"font-weight: 400;\" aria-level=\"1\"><span style=\"font-weight: 400;\">Licht entspricht der Tageslichtfarbtemperatur (5500\u00b1200 K),<\/span><\/li>\n<li style=\"font-weight: 400;\" aria-level=\"1\"><span style=\"font-weight: 400;\">ausgestattet mit einer Matrix von 143 COB-LED-Dioden mit einer Gesamtleistung von 100 W,<\/span><\/li>\n<li style=\"font-weight: 400;\" aria-level=\"1\"><span style=\"font-weight: 400;\">hohe Farbwiedergabeparameter (CRI &gt;96, TLCI &gt;98),<\/span><\/li>\n<li style=\"font-weight: 400;\" aria-level=\"1\"><span style=\"font-weight: 400;\">stufenlose Helligkeitsanpassung (0~100%),<\/span><\/li>\n<li style=\"font-weight: 400;\" aria-level=\"1\"><span style=\"font-weight: 400;\">Montage f\u00fcr Bowens-Typ Lichtmodifikatoren,<\/span><\/li>\n<li style=\"font-weight: 400;\" aria-level=\"1\"><span style=\"font-weight: 400;\">9 Beleuchtungseffekte, die unter anderem Blitz, TV-Bildschirm oder flackernde Gl\u00fchbirne simulieren,<\/span><\/li>\n<li style=\"font-weight: 400;\" aria-level=\"1\"><span style=\"font-weight: 400;\">leises und effizientes aktives K\u00fchlsystem (&lt;35 dB),<\/span><\/li>\n<li style=\"font-weight: 400;\" aria-level=\"1\"><span style=\"font-weight: 400;\">integrierter Schirmhalter,<\/span><\/li>\n<li style=\"font-weight: 400;\" aria-level=\"1\"><span style=\"font-weight: 400;\">ergonomisch gestalteter Griff zur Winkelverstellung,<\/span><\/li>\n<li style=\"font-weight: 400;\" aria-level=\"1\"><span style=\"font-weight: 400;\">geliefert mit Netzkabel, Reflektor und Schutzabdeckung.<\/span><\/li>\n<\/ul>\n","protected":false},"excerpt":{"rendered":"<p>Set f\u00fcr Foto- und Filmaufnahmen mit 2 Scheinwerfern, 2 Stativen, Softbox 60&#215;90 cm und Softbox Octa 95 cm. Setinhalt Das GlareOne LED 1000 Basic Kit ist ein komplettes Set, das es Ihnen erm\u00f6glicht, in die Welt der Studiofotografie einzusteigen. Es beinhaltet: 2 kompakte GlareOne LED 1000 Lampen mit jeweils 100 W Leistung (jede Lampe wird [&hellip;]<\/p>\n","protected":false},"featured_media":12547,"template":"","meta":[],"product_brand":[],"product_cat":[374],"product_tag":[],"class_list":{"0":"post-6441","1":"product","2":"type-product","3":"status-publish","4":"has-post-thumbnail","6":"product_cat-led-lampen-mit-bowens-montage","8":"first","9":"instock","10":"product-type-simple"},"yoast_head":"<!-- This site is optimized with the Yoast SEO plugin v27.2 - https:\/\/yoast.com\/product\/yoast-seo-wordpress\/ -->\n<title>GlareOne LED 1000 Basic Kit - Set f\u00fcr Foto- und Filmaufnahmen<\/title>\n<meta name=\"description\" content=\"GlareOne LED 1000 Basic Kit - Set f\u00fcr Foto- und Filmaufnahmen. Das LED Basic Kit ist eine ideale Wahl f\u00fcr den Heimgebrauch oder kleine Studios.\" \/>\n<meta name=\"robots\" content=\"index, follow, max-snippet:-1, max-image-preview:large, max-video-preview:-1\" \/>\n<link rel=\"canonical\" href=\"https:\/\/glareone.eu\/de\/product\/glareone-led-1000-basic-kit\/\" \/>\n<meta property=\"og:locale\" content=\"de_DE\" \/>\n<meta property=\"og:type\" content=\"article\" \/>\n<meta property=\"og:title\" content=\"GlareOne LED 1000 Basic Kit - zestaw o\u015bwietlenia studyjnego\" \/>\n<meta property=\"og:description\" content=\"GlareOne LED 1000 Basic Kit - Set f\u00fcr Foto- und Filmaufnahmen. Das LED Basic Kit ist eine ideale Wahl f\u00fcr den Heimgebrauch oder kleine Studios.\" \/>\n<meta property=\"og:url\" content=\"https:\/\/glareone.eu\/de\/product\/glareone-led-1000-basic-kit\/\" \/>\n<meta property=\"og:site_name\" content=\"GlareOne\" \/>\n<meta property=\"article:publisher\" content=\"https:\/\/www.facebook.com\/GlareOneLighting\" \/>\n<meta property=\"article:modified_time\" content=\"2024-08-27T07:31:20+00:00\" \/>\n<meta property=\"og:image\" content=\"https:\/\/glareone.eu\/wp-content\/uploads\/2024\/04\/SLED1000KITB_01-min.jpg\" \/>\n\t<meta property=\"og:image:width\" content=\"1200\" \/>\n\t<meta property=\"og:image:height\" content=\"1200\" \/>\n\t<meta property=\"og:image:type\" content=\"image\/jpeg\" \/>\n<meta name=\"twitter:card\" content=\"summary_large_image\" \/>\n<meta name=\"twitter:title\" content=\"GlareOne LED 1000 Basic Kit - zestaw o\u015bwietlenia studyjnego\" \/>\n<meta name=\"twitter:label1\" content=\"Gesch\u00e4tzte Lesezeit\" \/>\n\t<meta name=\"twitter:data1\" content=\"2\u00a0Minuten\" \/>\n<script type=\"application\/ld+json\" class=\"yoast-schema-graph\">{\"@context\":\"https:\/\/schema.org\",\"@graph\":[{\"@type\":\"WebPage\",\"@id\":\"https:\/\/glareone.eu\/de\/product\/glareone-led-1000-basic-kit\/\",\"url\":\"https:\/\/glareone.eu\/de\/product\/glareone-led-1000-basic-kit\/\",\"name\":\"GlareOne LED 1000 Basic Kit - Set f\u00fcr Foto- und Filmaufnahmen\",\"isPartOf\":{\"@id\":\"https:\/\/glareone.eu\/de\/en\/#website\"},\"primaryImageOfPage\":{\"@id\":\"https:\/\/glareone.eu\/de\/product\/glareone-led-1000-basic-kit\/#primaryimage\"},\"image\":{\"@id\":\"https:\/\/glareone.eu\/de\/product\/glareone-led-1000-basic-kit\/#primaryimage\"},\"thumbnailUrl\":\"https:\/\/glareone.eu\/wp-content\/uploads\/2024\/04\/SLED1000KITB_01-min.jpg\",\"datePublished\":\"2024-04-18T19:26:35+00:00\",\"dateModified\":\"2024-08-27T07:31:20+00:00\",\"description\":\"GlareOne LED 1000 Basic Kit - Set f\u00fcr Foto- und Filmaufnahmen. Das LED Basic Kit ist eine ideale Wahl f\u00fcr den Heimgebrauch oder kleine Studios.\",\"breadcrumb\":{\"@id\":\"https:\/\/glareone.eu\/de\/product\/glareone-led-1000-basic-kit\/#breadcrumb\"},\"inLanguage\":\"de\",\"potentialAction\":[{\"@type\":\"ReadAction\",\"target\":[\"https:\/\/glareone.eu\/de\/product\/glareone-led-1000-basic-kit\/\"]}]},{\"@type\":\"ImageObject\",\"inLanguage\":\"de\",\"@id\":\"https:\/\/glareone.eu\/de\/product\/glareone-led-1000-basic-kit\/#primaryimage\",\"url\":\"https:\/\/glareone.eu\/wp-content\/uploads\/2024\/04\/SLED1000KITB_01-min.jpg\",\"contentUrl\":\"https:\/\/glareone.eu\/wp-content\/uploads\/2024\/04\/SLED1000KITB_01-min.jpg\",\"width\":1200,\"height\":1200},{\"@type\":\"BreadcrumbList\",\"@id\":\"https:\/\/glareone.eu\/de\/product\/glareone-led-1000-basic-kit\/#breadcrumb\",\"itemListElement\":[{\"@type\":\"ListItem\",\"position\":1,\"name\":\"Strona g\u0142\u00f3wna\",\"item\":\"https:\/\/glareone.eu\/de\/\"},{\"@type\":\"ListItem\",\"position\":2,\"name\":\"Alle Produkte\",\"item\":\"https:\/\/glareone.eu\/de\/produkte\/alle-produkte\/\"},{\"@type\":\"ListItem\",\"position\":3,\"name\":\"GlareOne LED 1000 Basic Kit\"}]},{\"@type\":\"WebSite\",\"@id\":\"https:\/\/glareone.eu\/de\/en\/#website\",\"url\":\"https:\/\/glareone.eu\/de\/en\/\",\"name\":\"GlareOne\",\"description\":\"Wyposa\u017cenie Studia\",\"publisher\":{\"@id\":\"https:\/\/glareone.eu\/de\/en\/#organization\"},\"potentialAction\":[{\"@type\":\"SearchAction\",\"target\":{\"@type\":\"EntryPoint\",\"urlTemplate\":\"https:\/\/glareone.eu\/de\/en\/?s={search_term_string}\"},\"query-input\":{\"@type\":\"PropertyValueSpecification\",\"valueRequired\":true,\"valueName\":\"search_term_string\"}}],\"inLanguage\":\"de\"},{\"@type\":\"Organization\",\"@id\":\"https:\/\/glareone.eu\/de\/en\/#organization\",\"name\":\"GlareOne\",\"url\":\"https:\/\/glareone.eu\/de\/en\/\",\"logo\":{\"@type\":\"ImageObject\",\"inLanguage\":\"de\",\"@id\":\"https:\/\/glareone.eu\/de\/en\/#\/schema\/logo\/image\/\",\"url\":\"http:\/\/glareone.eu\/wp-content\/uploads\/2024\/05\/glareone_logo2020_RGB-01-e1715773127189.png\",\"contentUrl\":\"http:\/\/glareone.eu\/wp-content\/uploads\/2024\/05\/glareone_logo2020_RGB-01-e1715773127189.png\",\"width\":1270,\"height\":321,\"caption\":\"GlareOne\"},\"image\":{\"@id\":\"https:\/\/glareone.eu\/de\/en\/#\/schema\/logo\/image\/\"},\"sameAs\":[\"https:\/\/www.facebook.com\/GlareOneLighting\",\"https:\/\/www.instagram.com\/glareonelighting\/\",\"https:\/\/www.youtube.com\/@GlareOneTV\"]}]}<\/script>\n<!-- \/ Yoast SEO plugin. -->","yoast_head_json":{"title":"GlareOne LED 1000 Basic Kit - Set f\u00fcr Foto- und Filmaufnahmen","description":"GlareOne LED 1000 Basic Kit - Set f\u00fcr Foto- und Filmaufnahmen. Das LED Basic Kit ist eine ideale Wahl f\u00fcr den Heimgebrauch oder kleine Studios.","robots":{"index":"index","follow":"follow","max-snippet":"max-snippet:-1","max-image-preview":"max-image-preview:large","max-video-preview":"max-video-preview:-1"},"canonical":"https:\/\/glareone.eu\/de\/product\/glareone-led-1000-basic-kit\/","og_locale":"de_DE","og_type":"article","og_title":"GlareOne LED 1000 Basic Kit - zestaw o\u015bwietlenia studyjnego","og_description":"GlareOne LED 1000 Basic Kit - Set f\u00fcr Foto- und Filmaufnahmen. Das LED Basic Kit ist eine ideale Wahl f\u00fcr den Heimgebrauch oder kleine Studios.","og_url":"https:\/\/glareone.eu\/de\/product\/glareone-led-1000-basic-kit\/","og_site_name":"GlareOne","article_publisher":"https:\/\/www.facebook.com\/GlareOneLighting","article_modified_time":"2024-08-27T07:31:20+00:00","og_image":[{"width":1200,"height":1200,"url":"https:\/\/glareone.eu\/wp-content\/uploads\/2024\/04\/SLED1000KITB_01-min.jpg","type":"image\/jpeg"}],"twitter_card":"summary_large_image","twitter_title":"GlareOne LED 1000 Basic Kit - zestaw o\u015bwietlenia studyjnego","twitter_misc":{"Gesch\u00e4tzte Lesezeit":"2\u00a0Minuten"},"schema":{"@context":"https:\/\/schema.org","@graph":[{"@type":"WebPage","@id":"https:\/\/glareone.eu\/de\/product\/glareone-led-1000-basic-kit\/","url":"https:\/\/glareone.eu\/de\/product\/glareone-led-1000-basic-kit\/","name":"GlareOne LED 1000 Basic Kit - Set f\u00fcr Foto- und Filmaufnahmen","isPartOf":{"@id":"https:\/\/glareone.eu\/de\/en\/#website"},"primaryImageOfPage":{"@id":"https:\/\/glareone.eu\/de\/product\/glareone-led-1000-basic-kit\/#primaryimage"},"image":{"@id":"https:\/\/glareone.eu\/de\/product\/glareone-led-1000-basic-kit\/#primaryimage"},"thumbnailUrl":"https:\/\/glareone.eu\/wp-content\/uploads\/2024\/04\/SLED1000KITB_01-min.jpg","datePublished":"2024-04-18T19:26:35+00:00","dateModified":"2024-08-27T07:31:20+00:00","description":"GlareOne LED 1000 Basic Kit - Set f\u00fcr Foto- und Filmaufnahmen. Das LED Basic Kit ist eine ideale Wahl f\u00fcr den Heimgebrauch oder kleine Studios.","breadcrumb":{"@id":"https:\/\/glareone.eu\/de\/product\/glareone-led-1000-basic-kit\/#breadcrumb"},"inLanguage":"de","potentialAction":[{"@type":"ReadAction","target":["https:\/\/glareone.eu\/de\/product\/glareone-led-1000-basic-kit\/"]}]},{"@type":"ImageObject","inLanguage":"de","@id":"https:\/\/glareone.eu\/de\/product\/glareone-led-1000-basic-kit\/#primaryimage","url":"https:\/\/glareone.eu\/wp-content\/uploads\/2024\/04\/SLED1000KITB_01-min.jpg","contentUrl":"https:\/\/glareone.eu\/wp-content\/uploads\/2024\/04\/SLED1000KITB_01-min.jpg","width":1200,"height":1200},{"@type":"BreadcrumbList","@id":"https:\/\/glareone.eu\/de\/product\/glareone-led-1000-basic-kit\/#breadcrumb","itemListElement":[{"@type":"ListItem","position":1,"name":"Strona g\u0142\u00f3wna","item":"https:\/\/glareone.eu\/de\/"},{"@type":"ListItem","position":2,"name":"Alle Produkte","item":"https:\/\/glareone.eu\/de\/produkte\/alle-produkte\/"},{"@type":"ListItem","position":3,"name":"GlareOne LED 1000 Basic Kit"}]},{"@type":"WebSite","@id":"https:\/\/glareone.eu\/de\/en\/#website","url":"https:\/\/glareone.eu\/de\/en\/","name":"GlareOne","description":"Wyposa\u017cenie Studia","publisher":{"@id":"https:\/\/glareone.eu\/de\/en\/#organization"},"potentialAction":[{"@type":"SearchAction","target":{"@type":"EntryPoint","urlTemplate":"https:\/\/glareone.eu\/de\/en\/?s={search_term_string}"},"query-input":{"@type":"PropertyValueSpecification","valueRequired":true,"valueName":"search_term_string"}}],"inLanguage":"de"},{"@type":"Organization","@id":"https:\/\/glareone.eu\/de\/en\/#organization","name":"GlareOne","url":"https:\/\/glareone.eu\/de\/en\/","logo":{"@type":"ImageObject","inLanguage":"de","@id":"https:\/\/glareone.eu\/de\/en\/#\/schema\/logo\/image\/","url":"http:\/\/glareone.eu\/wp-content\/uploads\/2024\/05\/glareone_logo2020_RGB-01-e1715773127189.png","contentUrl":"http:\/\/glareone.eu\/wp-content\/uploads\/2024\/05\/glareone_logo2020_RGB-01-e1715773127189.png","width":1270,"height":321,"caption":"GlareOne"},"image":{"@id":"https:\/\/glareone.eu\/de\/en\/#\/schema\/logo\/image\/"},"sameAs":["https:\/\/www.facebook.com\/GlareOneLighting","https:\/\/www.instagram.com\/glareonelighting\/","https:\/\/www.youtube.com\/@GlareOneTV"]}]}},"_links":{"self":[{"href":"https:\/\/glareone.eu\/de\/wp-json\/wp\/v2\/product\/6441","targetHints":{"allow":["GET"]}}],"collection":[{"href":"https:\/\/glareone.eu\/de\/wp-json\/wp\/v2\/product"}],"about":[{"href":"https:\/\/glareone.eu\/de\/wp-json\/wp\/v2\/types\/product"}],"wp:featuredmedia":[{"embeddable":true,"href":"https:\/\/glareone.eu\/de\/wp-json\/wp\/v2\/media\/12547"}],"wp:attachment":[{"href":"https:\/\/glareone.eu\/de\/wp-json\/wp\/v2\/media?parent=6441"}],"wp:term":[{"taxonomy":"product_brand","embeddable":true,"href":"https:\/\/glareone.eu\/de\/wp-json\/wp\/v2\/product_brand?post=6441"},{"taxonomy":"product_cat","embeddable":true,"href":"https:\/\/glareone.eu\/de\/wp-json\/wp\/v2\/product_cat?post=6441"},{"taxonomy":"product_tag","embeddable":true,"href":"https:\/\/glareone.eu\/de\/wp-json\/wp\/v2\/product_tag?post=6441"}],"curies":[{"name":"wp","href":"https:\/\/api.w.org\/{rel}","templated":true}]}}