{"id":6414,"date":"2024-04-18T19:26:20","date_gmt":"2024-04-18T19:26:20","guid":{"rendered":"http:\/\/glareone.eu\/produkt\/glareone-flash-ur\/"},"modified":"2025-12-12T10:51:29","modified_gmt":"2025-12-12T10:51:29","slug":"glareone-flash-ur","status":"publish","type":"product","link":"https:\/\/glareone.eu\/de\/product\/glareone-flash-ur\/","title":{"rendered":"GlareOne Flash UR &#8211; Universeller Empf\u00e4nger"},"content":{"rendered":"<h3>Kompatibel mit jeder Lampe<\/h3>\n<p>Der Empf\u00e4nger ist mit einem Standard-3,5-mm-Klinkenstecker ausgestattet. Daher kann er mit nahezu jedem Studio-Blitzger\u00e4t verwendet werden, unabh\u00e4ngig von der Marke, solange das Ger\u00e4t \u00fcber die passende Buchse verf\u00fcgt, was in der Regel der Fall ist.<\/p>\n<h3>Kabellos<\/h3>\n<p>Der GlareOne Flash RC-Sender verwendet eine 2,4-GHz-Funkfrequenz, um mit dem Blitz zu kommunizieren, was eine schnelle und stabile \u00dcbertragung von Informationen mit einer Reichweite von bis zu 300 Metern erm\u00f6glicht.<\/p>\n<h3>Einfach zu bedienen<\/h3>\n<p>Der Flash UR kann problemlos an Blitze angeschlossen und sehr einfach eingerichtet werden. Dank des integrierten LCD-Bildschirms k\u00f6nnen Sie auf einen Blick erkennen, welchem Kanal der Empf\u00e4nger zugeordnet ist. Die \u00c4nderung der Betriebsparameter erfolgt \u00fcber drei gro\u00dfe Tasten.<\/p>\n<h3>Stabile Stromversorgung<\/h3>\n<p>Der Empf\u00e4nger ist mit einem eingebauten Lithium-Ionen-Akku mit einer Kapazit\u00e4t von 500 mAh ausgestattet, der f\u00fcr \u00fcber 100 Stunden Betrieb ausreicht. Er wird \u00fcber den USB-C-Anschluss am Geh\u00e4use des Ger\u00e4ts aufgeladen.<\/p>\n<h3>Merkmale GlareOne Flash UR<\/h3>\n<ul>\n<li>Kann mit Lampen verwendet werden, die \u00fcber einen Sync-Anschluss verf\u00fcgen<\/li>\n<li>Ist kompatibel mit dem GlareOne Flash RC-Sender<\/li>\n<li>Erm\u00f6glicht die Fernausl\u00f6sung von Blitzen anderer Marken<\/li>\n<li>Verf\u00fcgt \u00fcber einen eingebauten wiederaufladbaren Akku, der \u00fcber USB-C aufgeladen wird<\/li>\n<li>Reichweite bis zu 300 m<\/li>\n<li>2,4-GHz-Funkfrequenz<\/li>\n<li>Eingebauter wiederaufladbarer Akku<\/li>\n<li>Wird \u00fcber USB-C-Anschluss aufgeladen<\/li>\n<\/ul>\n","protected":false},"excerpt":{"rendered":"<p>Kompatibel mit jeder Lampe Der Empf\u00e4nger ist mit einem Standard-3,5-mm-Klinkenstecker ausgestattet. Daher kann er mit nahezu jedem Studio-Blitzger\u00e4t verwendet werden, unabh\u00e4ngig von der Marke, solange das Ger\u00e4t \u00fcber die passende Buchse verf\u00fcgt, was in der Regel der Fall ist. Kabellos Der GlareOne Flash RC-Sender verwendet eine 2,4-GHz-Funkfrequenz, um mit dem Blitz zu kommunizieren, was eine [&hellip;]<\/p>\n","protected":false},"featured_media":6411,"template":"","meta":[],"product_brand":[],"product_cat":[380,356],"product_tag":[],"class_list":{"0":"post-6414","1":"product","2":"type-product","3":"status-publish","4":"has-post-thumbnail","6":"product_cat-antares-de","7":"product_cat-vega-de","9":"first","10":"instock","11":"product-type-simple"},"yoast_head":"<!-- This site is optimized with the Yoast SEO plugin v27.2 - https:\/\/yoast.com\/product\/yoast-seo-wordpress\/ -->\n<title>GlareOne Flash UR - odbiornik uniwersalny<\/title>\n<meta name=\"description\" content=\"GlareOne Flash UR - odbiornik uniwersalny\" \/>\n<meta name=\"robots\" content=\"index, follow, max-snippet:-1, max-image-preview:large, max-video-preview:-1\" \/>\n<link rel=\"canonical\" href=\"https:\/\/glareone.eu\/de\/product\/glareone-flash-ur\/\" \/>\n<meta property=\"og:locale\" content=\"de_DE\" \/>\n<meta property=\"og:type\" content=\"article\" \/>\n<meta property=\"og:title\" content=\"GlareOne Flash UR - odbiornik uniwersalny\" \/>\n<meta property=\"og:description\" content=\"GlareOne Flash UR - odbiornik uniwersalny\" \/>\n<meta property=\"og:url\" content=\"https:\/\/glareone.eu\/de\/product\/glareone-flash-ur\/\" \/>\n<meta property=\"og:site_name\" content=\"GlareOne\" \/>\n<meta property=\"article:publisher\" content=\"https:\/\/www.facebook.com\/GlareOneLighting\" \/>\n<meta property=\"article:modified_time\" content=\"2025-12-12T10:51:29+00:00\" \/>\n<meta property=\"og:image\" content=\"https:\/\/glareone.eu\/wp-content\/uploads\/2024\/04\/GlareOne-Flash-UR-odbiornik-uniwersalny.png\" \/>\n\t<meta property=\"og:image:width\" content=\"1487\" \/>\n\t<meta property=\"og:image:height\" content=\"1288\" \/>\n\t<meta property=\"og:image:type\" content=\"image\/png\" \/>\n<meta name=\"twitter:card\" content=\"summary_large_image\" \/>\n<meta name=\"twitter:title\" content=\"GlareOne Flash UR - odbiornik uniwersalny\" \/>\n<meta name=\"twitter:label1\" content=\"Gesch\u00e4tzte Lesezeit\" \/>\n\t<meta name=\"twitter:data1\" content=\"1\u00a0Minute\" \/>\n<script type=\"application\/ld+json\" class=\"yoast-schema-graph\">{\"@context\":\"https:\/\/schema.org\",\"@graph\":[{\"@type\":\"WebPage\",\"@id\":\"https:\/\/glareone.eu\/de\/product\/glareone-flash-ur\/\",\"url\":\"https:\/\/glareone.eu\/de\/product\/glareone-flash-ur\/\",\"name\":\"GlareOne Flash UR - odbiornik uniwersalny\",\"isPartOf\":{\"@id\":\"https:\/\/glareone.eu\/de\/en\/#website\"},\"primaryImageOfPage\":{\"@id\":\"https:\/\/glareone.eu\/de\/product\/glareone-flash-ur\/#primaryimage\"},\"image\":{\"@id\":\"https:\/\/glareone.eu\/de\/product\/glareone-flash-ur\/#primaryimage\"},\"thumbnailUrl\":\"https:\/\/glareone.eu\/wp-content\/uploads\/2024\/04\/GlareOne-Flash-UR-odbiornik-uniwersalny.png\",\"datePublished\":\"2024-04-18T19:26:20+00:00\",\"dateModified\":\"2025-12-12T10:51:29+00:00\",\"description\":\"GlareOne Flash UR - odbiornik uniwersalny\",\"breadcrumb\":{\"@id\":\"https:\/\/glareone.eu\/de\/product\/glareone-flash-ur\/#breadcrumb\"},\"inLanguage\":\"de\",\"potentialAction\":[{\"@type\":\"ReadAction\",\"target\":[\"https:\/\/glareone.eu\/de\/product\/glareone-flash-ur\/\"]}]},{\"@type\":\"ImageObject\",\"inLanguage\":\"de\",\"@id\":\"https:\/\/glareone.eu\/de\/product\/glareone-flash-ur\/#primaryimage\",\"url\":\"https:\/\/glareone.eu\/wp-content\/uploads\/2024\/04\/GlareOne-Flash-UR-odbiornik-uniwersalny.png\",\"contentUrl\":\"https:\/\/glareone.eu\/wp-content\/uploads\/2024\/04\/GlareOne-Flash-UR-odbiornik-uniwersalny.png\",\"width\":1487,\"height\":1288},{\"@type\":\"BreadcrumbList\",\"@id\":\"https:\/\/glareone.eu\/de\/product\/glareone-flash-ur\/#breadcrumb\",\"itemListElement\":[{\"@type\":\"ListItem\",\"position\":1,\"name\":\"Strona g\u0142\u00f3wna\",\"item\":\"https:\/\/glareone.eu\/de\/\"},{\"@type\":\"ListItem\",\"position\":2,\"name\":\"Alle Produkte\",\"item\":\"https:\/\/glareone.eu\/de\/produkte\/alle-produkte\/\"},{\"@type\":\"ListItem\",\"position\":3,\"name\":\"GlareOne Flash UR &#8211; Universeller Empf\u00e4nger\"}]},{\"@type\":\"WebSite\",\"@id\":\"https:\/\/glareone.eu\/de\/en\/#website\",\"url\":\"https:\/\/glareone.eu\/de\/en\/\",\"name\":\"GlareOne\",\"description\":\"Wyposa\u017cenie Studia\",\"publisher\":{\"@id\":\"https:\/\/glareone.eu\/de\/en\/#organization\"},\"potentialAction\":[{\"@type\":\"SearchAction\",\"target\":{\"@type\":\"EntryPoint\",\"urlTemplate\":\"https:\/\/glareone.eu\/de\/en\/?s={search_term_string}\"},\"query-input\":{\"@type\":\"PropertyValueSpecification\",\"valueRequired\":true,\"valueName\":\"search_term_string\"}}],\"inLanguage\":\"de\"},{\"@type\":\"Organization\",\"@id\":\"https:\/\/glareone.eu\/de\/en\/#organization\",\"name\":\"GlareOne\",\"url\":\"https:\/\/glareone.eu\/de\/en\/\",\"logo\":{\"@type\":\"ImageObject\",\"inLanguage\":\"de\",\"@id\":\"https:\/\/glareone.eu\/de\/en\/#\/schema\/logo\/image\/\",\"url\":\"http:\/\/glareone.eu\/wp-content\/uploads\/2024\/05\/glareone_logo2020_RGB-01-e1715773127189.png\",\"contentUrl\":\"http:\/\/glareone.eu\/wp-content\/uploads\/2024\/05\/glareone_logo2020_RGB-01-e1715773127189.png\",\"width\":1270,\"height\":321,\"caption\":\"GlareOne\"},\"image\":{\"@id\":\"https:\/\/glareone.eu\/de\/en\/#\/schema\/logo\/image\/\"},\"sameAs\":[\"https:\/\/www.facebook.com\/GlareOneLighting\",\"https:\/\/www.instagram.com\/glareonelighting\/\",\"https:\/\/www.youtube.com\/@GlareOneTV\"]}]}<\/script>\n<!-- \/ Yoast SEO plugin. -->","yoast_head_json":{"title":"GlareOne Flash UR - odbiornik uniwersalny","description":"GlareOne Flash UR - odbiornik uniwersalny","robots":{"index":"index","follow":"follow","max-snippet":"max-snippet:-1","max-image-preview":"max-image-preview:large","max-video-preview":"max-video-preview:-1"},"canonical":"https:\/\/glareone.eu\/de\/product\/glareone-flash-ur\/","og_locale":"de_DE","og_type":"article","og_title":"GlareOne Flash UR - odbiornik uniwersalny","og_description":"GlareOne Flash UR - odbiornik uniwersalny","og_url":"https:\/\/glareone.eu\/de\/product\/glareone-flash-ur\/","og_site_name":"GlareOne","article_publisher":"https:\/\/www.facebook.com\/GlareOneLighting","article_modified_time":"2025-12-12T10:51:29+00:00","og_image":[{"width":1487,"height":1288,"url":"https:\/\/glareone.eu\/wp-content\/uploads\/2024\/04\/GlareOne-Flash-UR-odbiornik-uniwersalny.png","type":"image\/png"}],"twitter_card":"summary_large_image","twitter_title":"GlareOne Flash UR - odbiornik uniwersalny","twitter_misc":{"Gesch\u00e4tzte Lesezeit":"1\u00a0Minute"},"schema":{"@context":"https:\/\/schema.org","@graph":[{"@type":"WebPage","@id":"https:\/\/glareone.eu\/de\/product\/glareone-flash-ur\/","url":"https:\/\/glareone.eu\/de\/product\/glareone-flash-ur\/","name":"GlareOne Flash UR - odbiornik uniwersalny","isPartOf":{"@id":"https:\/\/glareone.eu\/de\/en\/#website"},"primaryImageOfPage":{"@id":"https:\/\/glareone.eu\/de\/product\/glareone-flash-ur\/#primaryimage"},"image":{"@id":"https:\/\/glareone.eu\/de\/product\/glareone-flash-ur\/#primaryimage"},"thumbnailUrl":"https:\/\/glareone.eu\/wp-content\/uploads\/2024\/04\/GlareOne-Flash-UR-odbiornik-uniwersalny.png","datePublished":"2024-04-18T19:26:20+00:00","dateModified":"2025-12-12T10:51:29+00:00","description":"GlareOne Flash UR - odbiornik uniwersalny","breadcrumb":{"@id":"https:\/\/glareone.eu\/de\/product\/glareone-flash-ur\/#breadcrumb"},"inLanguage":"de","potentialAction":[{"@type":"ReadAction","target":["https:\/\/glareone.eu\/de\/product\/glareone-flash-ur\/"]}]},{"@type":"ImageObject","inLanguage":"de","@id":"https:\/\/glareone.eu\/de\/product\/glareone-flash-ur\/#primaryimage","url":"https:\/\/glareone.eu\/wp-content\/uploads\/2024\/04\/GlareOne-Flash-UR-odbiornik-uniwersalny.png","contentUrl":"https:\/\/glareone.eu\/wp-content\/uploads\/2024\/04\/GlareOne-Flash-UR-odbiornik-uniwersalny.png","width":1487,"height":1288},{"@type":"BreadcrumbList","@id":"https:\/\/glareone.eu\/de\/product\/glareone-flash-ur\/#breadcrumb","itemListElement":[{"@type":"ListItem","position":1,"name":"Strona g\u0142\u00f3wna","item":"https:\/\/glareone.eu\/de\/"},{"@type":"ListItem","position":2,"name":"Alle Produkte","item":"https:\/\/glareone.eu\/de\/produkte\/alle-produkte\/"},{"@type":"ListItem","position":3,"name":"GlareOne Flash UR &#8211; Universeller Empf\u00e4nger"}]},{"@type":"WebSite","@id":"https:\/\/glareone.eu\/de\/en\/#website","url":"https:\/\/glareone.eu\/de\/en\/","name":"GlareOne","description":"Wyposa\u017cenie Studia","publisher":{"@id":"https:\/\/glareone.eu\/de\/en\/#organization"},"potentialAction":[{"@type":"SearchAction","target":{"@type":"EntryPoint","urlTemplate":"https:\/\/glareone.eu\/de\/en\/?s={search_term_string}"},"query-input":{"@type":"PropertyValueSpecification","valueRequired":true,"valueName":"search_term_string"}}],"inLanguage":"de"},{"@type":"Organization","@id":"https:\/\/glareone.eu\/de\/en\/#organization","name":"GlareOne","url":"https:\/\/glareone.eu\/de\/en\/","logo":{"@type":"ImageObject","inLanguage":"de","@id":"https:\/\/glareone.eu\/de\/en\/#\/schema\/logo\/image\/","url":"http:\/\/glareone.eu\/wp-content\/uploads\/2024\/05\/glareone_logo2020_RGB-01-e1715773127189.png","contentUrl":"http:\/\/glareone.eu\/wp-content\/uploads\/2024\/05\/glareone_logo2020_RGB-01-e1715773127189.png","width":1270,"height":321,"caption":"GlareOne"},"image":{"@id":"https:\/\/glareone.eu\/de\/en\/#\/schema\/logo\/image\/"},"sameAs":["https:\/\/www.facebook.com\/GlareOneLighting","https:\/\/www.instagram.com\/glareonelighting\/","https:\/\/www.youtube.com\/@GlareOneTV"]}]}},"_links":{"self":[{"href":"https:\/\/glareone.eu\/de\/wp-json\/wp\/v2\/product\/6414","targetHints":{"allow":["GET"]}}],"collection":[{"href":"https:\/\/glareone.eu\/de\/wp-json\/wp\/v2\/product"}],"about":[{"href":"https:\/\/glareone.eu\/de\/wp-json\/wp\/v2\/types\/product"}],"wp:featuredmedia":[{"embeddable":true,"href":"https:\/\/glareone.eu\/de\/wp-json\/wp\/v2\/media\/6411"}],"wp:attachment":[{"href":"https:\/\/glareone.eu\/de\/wp-json\/wp\/v2\/media?parent=6414"}],"wp:term":[{"taxonomy":"product_brand","embeddable":true,"href":"https:\/\/glareone.eu\/de\/wp-json\/wp\/v2\/product_brand?post=6414"},{"taxonomy":"product_cat","embeddable":true,"href":"https:\/\/glareone.eu\/de\/wp-json\/wp\/v2\/product_cat?post=6414"},{"taxonomy":"product_tag","embeddable":true,"href":"https:\/\/glareone.eu\/de\/wp-json\/wp\/v2\/product_tag?post=6414"}],"curies":[{"name":"wp","href":"https:\/\/api.w.org\/{rel}","templated":true}]}}