{"id":6399,"date":"2024-04-18T19:26:20","date_gmt":"2024-04-18T19:26:20","guid":{"rendered":"http:\/\/glareone.eu\/produkt\/glareone-flash-rc\/"},"modified":"2024-05-07T10:47:11","modified_gmt":"2024-05-07T10:47:11","slug":"glareone-flash-rc","status":"publish","type":"product","link":"https:\/\/glareone.eu\/de\/product\/glareone-flash-rc\/","title":{"rendered":"GlareOne Flash RC &#8211; Kabelloser Funkfernbedienung"},"content":{"rendered":"<h3>Kompatibel mit allen Kameras<\/h3>\n<p>Der Trigger ist mit einem ISO-Blitzschuh ausgestattet und kann mit praktisch jeder Kameramarke verwendet werden, um den Vega 400 Studio-Blitz auszul\u00f6sen, einschlie\u00dflich digitaler Kameras (DSLR und spiegelloser Kameras) sowie klassischer Analogkameras.<\/p>\n<h3>Kabellos<\/h3>\n<p>Der Flash RC verwendet eine 2,4-GHz-Funkfrequenz, um Befehle an die Lichter ohne Verz\u00f6gerungen und mit einer Reichweite von bis zu 300 m zu \u00fcbertragen.<\/p>\n<h3>Einfach zu bedienen<\/h3>\n<p>Keine zus\u00e4tzlichen Dongles, Kabel oder Adapter erforderlich, da alle GlareOne Vega-Blitze mit eingebauten Empf\u00e4ngern ausgestattet sind. Stellen Sie einfach denselben Kommunikationskanal auf Flash RC und Vega-Blitz ein und das war&#8217;s &#8211; Sie sind bereit zum Fotografieren!<\/p>\n<h3>Funktional<\/h3>\n<p>Es ist m\u00f6glich, bis zu 16 separate Gruppen von Blitzen in 16 Kommunikationskan\u00e4len ohne St\u00f6rungen durch andere Fotografen zu steuern. Die Blitzleistung kann \u00fcber die Trigger-Schnittstelle manuell gesteuert werden, und die maximale Synchronisierungsgeschwindigkeit betr\u00e4gt 1\/250 s.<\/p>\n<h3>Intelligentes Design<\/h3>\n<p>Der Flash RC zeichnet sich durch sein unglaublich geringes Gewicht und sein kompaktes Design aus, ist jedoch mit einem hellen und gut lesbaren LCD, gro\u00dfen und leicht zu dr\u00fcckenden Tasten und einer schnellen Verriegelung des Blitzschuhs ausgestattet, was die Arbeit sicherer und viel einfacher macht.<\/p>\n<h3>Merkmale des GlareOne Flash RC:<\/h3>\n<ul>\n<li>Kabelloser Controller f\u00fcr GlareOne Vega Studio-Blitze<\/li>\n<li>Kompatibel mit allen Kameras mit ISO-Blitzschuh (Canon, Nikon, Sony, Olympus, Panasonic, Fujifilm, Pentax usw.)<\/li>\n<li>Verwendung von 2,4-GHz-Funkfrequenz f\u00fcr eine Reichweite von bis zu 300 m<\/li>\n<li>Unterst\u00fctzt bis zu 16 Kan\u00e4le und 10 Gruppen f\u00fcr eine pr\u00e4zise Steuerung einzelner Lichter<\/li>\n<li>Benutzerfreundliche Benutzeroberfl\u00e4che<\/li>\n<li>Ausgestattet mit gro\u00dfem und hellem LCD-Bildschirm f\u00fcr schnelle Anzeige der Betriebsparameter<\/li>\n<li>Ausgestattet mit einem Schnellverschluss-Blitzschuh<\/li>\n<li>Betrieben mit zwei AAA-Batterien<\/li>\n<\/ul>\n","protected":false},"excerpt":{"rendered":"<p>Kompatibel mit allen Kameras Der Trigger ist mit einem ISO-Blitzschuh ausgestattet und kann mit praktisch jeder Kameramarke verwendet werden, um den Vega 400 Studio-Blitz auszul\u00f6sen, einschlie\u00dflich digitaler Kameras (DSLR und spiegelloser Kameras) sowie klassischer Analogkameras. Kabellos Der Flash RC verwendet eine 2,4-GHz-Funkfrequenz, um Befehle an die Lichter ohne Verz\u00f6gerungen und mit einer Reichweite von bis [&hellip;]<\/p>\n","protected":false},"featured_media":6380,"template":"","meta":[],"product_brand":[],"product_cat":[380,356],"product_tag":[],"class_list":{"0":"post-6399","1":"product","2":"type-product","3":"status-publish","4":"has-post-thumbnail","6":"product_cat-antares-de","7":"product_cat-vega-de","9":"first","10":"instock","11":"product-type-simple"},"yoast_head":"<!-- This site is optimized with the Yoast SEO plugin v27.2 - https:\/\/yoast.com\/product\/yoast-seo-wordpress\/ -->\n<title>GlareOne Flash RC - wyzwalacz<\/title>\n<meta name=\"description\" content=\"GlareOne Flash RC - wyzwalacz\" \/>\n<meta name=\"robots\" content=\"index, follow, max-snippet:-1, max-image-preview:large, max-video-preview:-1\" \/>\n<link rel=\"canonical\" href=\"https:\/\/glareone.eu\/de\/product\/glareone-flash-rc\/\" \/>\n<meta property=\"og:locale\" content=\"de_DE\" \/>\n<meta property=\"og:type\" content=\"article\" \/>\n<meta property=\"og:title\" content=\"GlareOne Flash RC - wyzwalacz\" \/>\n<meta property=\"og:description\" content=\"GlareOne Flash RC - wyzwalacz\" \/>\n<meta property=\"og:url\" content=\"https:\/\/glareone.eu\/de\/product\/glareone-flash-rc\/\" \/>\n<meta property=\"og:site_name\" content=\"GlareOne\" \/>\n<meta property=\"article:publisher\" content=\"https:\/\/www.facebook.com\/GlareOneLighting\" \/>\n<meta property=\"article:modified_time\" content=\"2024-05-07T10:47:11+00:00\" \/>\n<meta property=\"og:image\" content=\"https:\/\/glareone.eu\/wp-content\/uploads\/2024\/04\/SFLASHRC-GlareOne-Flash-RC-1_tn.jpg\" \/>\n\t<meta property=\"og:image:width\" content=\"2000\" \/>\n\t<meta property=\"og:image:height\" content=\"2000\" \/>\n\t<meta property=\"og:image:type\" content=\"image\/jpeg\" \/>\n<meta name=\"twitter:card\" content=\"summary_large_image\" \/>\n<meta name=\"twitter:title\" content=\"GlareOne Flash RC - wyzwalacz\" \/>\n<meta name=\"twitter:label1\" content=\"Gesch\u00e4tzte Lesezeit\" \/>\n\t<meta name=\"twitter:data1\" content=\"2\u00a0Minuten\" \/>\n<script type=\"application\/ld+json\" class=\"yoast-schema-graph\">{\"@context\":\"https:\/\/schema.org\",\"@graph\":[{\"@type\":\"WebPage\",\"@id\":\"https:\/\/glareone.eu\/de\/product\/glareone-flash-rc\/\",\"url\":\"https:\/\/glareone.eu\/de\/product\/glareone-flash-rc\/\",\"name\":\"GlareOne Flash RC - wyzwalacz\",\"isPartOf\":{\"@id\":\"https:\/\/glareone.eu\/de\/en\/#website\"},\"primaryImageOfPage\":{\"@id\":\"https:\/\/glareone.eu\/de\/product\/glareone-flash-rc\/#primaryimage\"},\"image\":{\"@id\":\"https:\/\/glareone.eu\/de\/product\/glareone-flash-rc\/#primaryimage\"},\"thumbnailUrl\":\"https:\/\/glareone.eu\/wp-content\/uploads\/2024\/04\/SFLASHRC-GlareOne-Flash-RC-1_tn.jpg\",\"datePublished\":\"2024-04-18T19:26:20+00:00\",\"dateModified\":\"2024-05-07T10:47:11+00:00\",\"description\":\"GlareOne Flash RC - wyzwalacz\",\"breadcrumb\":{\"@id\":\"https:\/\/glareone.eu\/de\/product\/glareone-flash-rc\/#breadcrumb\"},\"inLanguage\":\"de\",\"potentialAction\":[{\"@type\":\"ReadAction\",\"target\":[\"https:\/\/glareone.eu\/de\/product\/glareone-flash-rc\/\"]}]},{\"@type\":\"ImageObject\",\"inLanguage\":\"de\",\"@id\":\"https:\/\/glareone.eu\/de\/product\/glareone-flash-rc\/#primaryimage\",\"url\":\"https:\/\/glareone.eu\/wp-content\/uploads\/2024\/04\/SFLASHRC-GlareOne-Flash-RC-1_tn.jpg\",\"contentUrl\":\"https:\/\/glareone.eu\/wp-content\/uploads\/2024\/04\/SFLASHRC-GlareOne-Flash-RC-1_tn.jpg\",\"width\":2000,\"height\":2000},{\"@type\":\"BreadcrumbList\",\"@id\":\"https:\/\/glareone.eu\/de\/product\/glareone-flash-rc\/#breadcrumb\",\"itemListElement\":[{\"@type\":\"ListItem\",\"position\":1,\"name\":\"Strona g\u0142\u00f3wna\",\"item\":\"https:\/\/glareone.eu\/de\/\"},{\"@type\":\"ListItem\",\"position\":2,\"name\":\"Alle Produkte\",\"item\":\"https:\/\/glareone.eu\/de\/produkte\/alle-produkte\/\"},{\"@type\":\"ListItem\",\"position\":3,\"name\":\"GlareOne Flash RC &#8211; Kabelloser Funkfernbedienung\"}]},{\"@type\":\"WebSite\",\"@id\":\"https:\/\/glareone.eu\/de\/en\/#website\",\"url\":\"https:\/\/glareone.eu\/de\/en\/\",\"name\":\"GlareOne\",\"description\":\"Wyposa\u017cenie Studia\",\"publisher\":{\"@id\":\"https:\/\/glareone.eu\/de\/en\/#organization\"},\"potentialAction\":[{\"@type\":\"SearchAction\",\"target\":{\"@type\":\"EntryPoint\",\"urlTemplate\":\"https:\/\/glareone.eu\/de\/en\/?s={search_term_string}\"},\"query-input\":{\"@type\":\"PropertyValueSpecification\",\"valueRequired\":true,\"valueName\":\"search_term_string\"}}],\"inLanguage\":\"de\"},{\"@type\":\"Organization\",\"@id\":\"https:\/\/glareone.eu\/de\/en\/#organization\",\"name\":\"GlareOne\",\"url\":\"https:\/\/glareone.eu\/de\/en\/\",\"logo\":{\"@type\":\"ImageObject\",\"inLanguage\":\"de\",\"@id\":\"https:\/\/glareone.eu\/de\/en\/#\/schema\/logo\/image\/\",\"url\":\"http:\/\/glareone.eu\/wp-content\/uploads\/2024\/05\/glareone_logo2020_RGB-01-e1715773127189.png\",\"contentUrl\":\"http:\/\/glareone.eu\/wp-content\/uploads\/2024\/05\/glareone_logo2020_RGB-01-e1715773127189.png\",\"width\":1270,\"height\":321,\"caption\":\"GlareOne\"},\"image\":{\"@id\":\"https:\/\/glareone.eu\/de\/en\/#\/schema\/logo\/image\/\"},\"sameAs\":[\"https:\/\/www.facebook.com\/GlareOneLighting\",\"https:\/\/www.instagram.com\/glareonelighting\/\",\"https:\/\/www.youtube.com\/@GlareOneTV\"]}]}<\/script>\n<!-- \/ Yoast SEO plugin. -->","yoast_head_json":{"title":"GlareOne Flash RC - wyzwalacz","description":"GlareOne Flash RC - wyzwalacz","robots":{"index":"index","follow":"follow","max-snippet":"max-snippet:-1","max-image-preview":"max-image-preview:large","max-video-preview":"max-video-preview:-1"},"canonical":"https:\/\/glareone.eu\/de\/product\/glareone-flash-rc\/","og_locale":"de_DE","og_type":"article","og_title":"GlareOne Flash RC - wyzwalacz","og_description":"GlareOne Flash RC - wyzwalacz","og_url":"https:\/\/glareone.eu\/de\/product\/glareone-flash-rc\/","og_site_name":"GlareOne","article_publisher":"https:\/\/www.facebook.com\/GlareOneLighting","article_modified_time":"2024-05-07T10:47:11+00:00","og_image":[{"width":2000,"height":2000,"url":"https:\/\/glareone.eu\/wp-content\/uploads\/2024\/04\/SFLASHRC-GlareOne-Flash-RC-1_tn.jpg","type":"image\/jpeg"}],"twitter_card":"summary_large_image","twitter_title":"GlareOne Flash RC - wyzwalacz","twitter_misc":{"Gesch\u00e4tzte Lesezeit":"2\u00a0Minuten"},"schema":{"@context":"https:\/\/schema.org","@graph":[{"@type":"WebPage","@id":"https:\/\/glareone.eu\/de\/product\/glareone-flash-rc\/","url":"https:\/\/glareone.eu\/de\/product\/glareone-flash-rc\/","name":"GlareOne Flash RC - wyzwalacz","isPartOf":{"@id":"https:\/\/glareone.eu\/de\/en\/#website"},"primaryImageOfPage":{"@id":"https:\/\/glareone.eu\/de\/product\/glareone-flash-rc\/#primaryimage"},"image":{"@id":"https:\/\/glareone.eu\/de\/product\/glareone-flash-rc\/#primaryimage"},"thumbnailUrl":"https:\/\/glareone.eu\/wp-content\/uploads\/2024\/04\/SFLASHRC-GlareOne-Flash-RC-1_tn.jpg","datePublished":"2024-04-18T19:26:20+00:00","dateModified":"2024-05-07T10:47:11+00:00","description":"GlareOne Flash RC - wyzwalacz","breadcrumb":{"@id":"https:\/\/glareone.eu\/de\/product\/glareone-flash-rc\/#breadcrumb"},"inLanguage":"de","potentialAction":[{"@type":"ReadAction","target":["https:\/\/glareone.eu\/de\/product\/glareone-flash-rc\/"]}]},{"@type":"ImageObject","inLanguage":"de","@id":"https:\/\/glareone.eu\/de\/product\/glareone-flash-rc\/#primaryimage","url":"https:\/\/glareone.eu\/wp-content\/uploads\/2024\/04\/SFLASHRC-GlareOne-Flash-RC-1_tn.jpg","contentUrl":"https:\/\/glareone.eu\/wp-content\/uploads\/2024\/04\/SFLASHRC-GlareOne-Flash-RC-1_tn.jpg","width":2000,"height":2000},{"@type":"BreadcrumbList","@id":"https:\/\/glareone.eu\/de\/product\/glareone-flash-rc\/#breadcrumb","itemListElement":[{"@type":"ListItem","position":1,"name":"Strona g\u0142\u00f3wna","item":"https:\/\/glareone.eu\/de\/"},{"@type":"ListItem","position":2,"name":"Alle Produkte","item":"https:\/\/glareone.eu\/de\/produkte\/alle-produkte\/"},{"@type":"ListItem","position":3,"name":"GlareOne Flash RC &#8211; Kabelloser Funkfernbedienung"}]},{"@type":"WebSite","@id":"https:\/\/glareone.eu\/de\/en\/#website","url":"https:\/\/glareone.eu\/de\/en\/","name":"GlareOne","description":"Wyposa\u017cenie Studia","publisher":{"@id":"https:\/\/glareone.eu\/de\/en\/#organization"},"potentialAction":[{"@type":"SearchAction","target":{"@type":"EntryPoint","urlTemplate":"https:\/\/glareone.eu\/de\/en\/?s={search_term_string}"},"query-input":{"@type":"PropertyValueSpecification","valueRequired":true,"valueName":"search_term_string"}}],"inLanguage":"de"},{"@type":"Organization","@id":"https:\/\/glareone.eu\/de\/en\/#organization","name":"GlareOne","url":"https:\/\/glareone.eu\/de\/en\/","logo":{"@type":"ImageObject","inLanguage":"de","@id":"https:\/\/glareone.eu\/de\/en\/#\/schema\/logo\/image\/","url":"http:\/\/glareone.eu\/wp-content\/uploads\/2024\/05\/glareone_logo2020_RGB-01-e1715773127189.png","contentUrl":"http:\/\/glareone.eu\/wp-content\/uploads\/2024\/05\/glareone_logo2020_RGB-01-e1715773127189.png","width":1270,"height":321,"caption":"GlareOne"},"image":{"@id":"https:\/\/glareone.eu\/de\/en\/#\/schema\/logo\/image\/"},"sameAs":["https:\/\/www.facebook.com\/GlareOneLighting","https:\/\/www.instagram.com\/glareonelighting\/","https:\/\/www.youtube.com\/@GlareOneTV"]}]}},"_links":{"self":[{"href":"https:\/\/glareone.eu\/de\/wp-json\/wp\/v2\/product\/6399","targetHints":{"allow":["GET"]}}],"collection":[{"href":"https:\/\/glareone.eu\/de\/wp-json\/wp\/v2\/product"}],"about":[{"href":"https:\/\/glareone.eu\/de\/wp-json\/wp\/v2\/types\/product"}],"wp:featuredmedia":[{"embeddable":true,"href":"https:\/\/glareone.eu\/de\/wp-json\/wp\/v2\/media\/6380"}],"wp:attachment":[{"href":"https:\/\/glareone.eu\/de\/wp-json\/wp\/v2\/media?parent=6399"}],"wp:term":[{"taxonomy":"product_brand","embeddable":true,"href":"https:\/\/glareone.eu\/de\/wp-json\/wp\/v2\/product_brand?post=6399"},{"taxonomy":"product_cat","embeddable":true,"href":"https:\/\/glareone.eu\/de\/wp-json\/wp\/v2\/product_cat?post=6399"},{"taxonomy":"product_tag","embeddable":true,"href":"https:\/\/glareone.eu\/de\/wp-json\/wp\/v2\/product_tag?post=6399"}],"curies":[{"name":"wp","href":"https:\/\/api.w.org\/{rel}","templated":true}]}}