{"id":6281,"date":"2024-04-18T19:26:18","date_gmt":"2024-04-18T19:26:18","guid":{"rendered":"http:\/\/glareone.eu\/produkt\/glareone-softbox-grid-60x90\/"},"modified":"2024-05-07T09:59:26","modified_gmt":"2024-05-07T09:59:26","slug":"glareone-softbox-grid-60x90","status":"publish","type":"product","link":"https:\/\/glareone.eu\/de\/product\/glareone-softbox-grid-60x90\/","title":{"rendered":"GlareOne Softbox grid 60&#215;90"},"content":{"rendered":"<p>Honeycomb f\u00fcr GlareOne 60&#215;90 Softboxen.<\/p>\n<h3>Steuerung<\/h3>\n<p>Wenn am Softbox angebracht, erm\u00f6glicht das Honeycomb eine bessere Kontrolle dar\u00fcber, wie das Licht \u00fcber Ihr Motiv und das gesamte Set verteilt wird. Das Honeycomb begrenzt die seitliche Ausbreitung des Lichts, was es einfacher macht, das Licht bewusst zu steuern.<\/p>\n<h3>Dichte<\/h3>\n<p>Ein einzelnes Raster misst 5 x 5 cm und hat eine Tiefe von 3 cm.<\/p>\n<h3>Produktmerkmale:<\/h3>\n<ul>\n<li>Erm\u00f6glicht die Reduzierung des Winkels der Softboxen<\/li>\n<li>Bietet bessere Lichtkontrolle<\/li>\n<li>Erh\u00f6ht leicht den Lichtkontrast<\/li>\n<li>Mit Patches k\u00f6nnen Sie Blendungen mit Gegenlicht reduzieren<\/li>\n<li>Ausgestattet mit Klettverschluss f\u00fcr schnelle Installation und Entfernung<\/li>\n<\/ul>\n","protected":false},"excerpt":{"rendered":"<p>Honeycomb f\u00fcr GlareOne 60&#215;90 Softboxen. Steuerung Wenn am Softbox angebracht, erm\u00f6glicht das Honeycomb eine bessere Kontrolle dar\u00fcber, wie das Licht \u00fcber Ihr Motiv und das gesamte Set verteilt wird. Das Honeycomb begrenzt die seitliche Ausbreitung des Lichts, was es einfacher macht, das Licht bewusst zu steuern. Dichte Ein einzelnes Raster misst 5 x 5 cm [&hellip;]<\/p>\n","protected":false},"featured_media":6278,"template":"","meta":[],"product_brand":[],"product_cat":[470],"product_tag":[],"class_list":{"0":"post-6281","1":"product","2":"type-product","3":"status-publish","4":"has-post-thumbnail","6":"product_cat-grids-de","8":"first","9":"instock","10":"product-type-simple"},"yoast_head":"<!-- This site is optimized with the Yoast SEO plugin v27.2 - https:\/\/yoast.com\/product\/yoast-seo-wordpress\/ -->\n<title>GlareOne Grid do softbox\u00f3w 60x90<\/title>\n<meta name=\"description\" content=\"GlareOne Grid do softbox\u00f3w 60x90\" \/>\n<meta name=\"robots\" content=\"index, follow, max-snippet:-1, max-image-preview:large, max-video-preview:-1\" \/>\n<link rel=\"canonical\" href=\"https:\/\/glareone.eu\/de\/product\/glareone-softbox-grid-60x90\/\" \/>\n<meta property=\"og:locale\" content=\"de_DE\" \/>\n<meta property=\"og:type\" content=\"article\" \/>\n<meta property=\"og:title\" content=\"GlareOne Grid do softbox\u00f3w 60x90\" \/>\n<meta property=\"og:description\" content=\"GlareOne Grid do softbox\u00f3w 60x90\" \/>\n<meta property=\"og:url\" content=\"https:\/\/glareone.eu\/de\/product\/glareone-softbox-grid-60x90\/\" \/>\n<meta property=\"og:site_name\" content=\"GlareOne\" \/>\n<meta property=\"article:publisher\" content=\"https:\/\/www.facebook.com\/GlareOneLighting\" \/>\n<meta property=\"article:modified_time\" content=\"2024-05-07T09:59:26+00:00\" \/>\n<meta property=\"og:image\" content=\"https:\/\/glareone.eu\/wp-content\/uploads\/2024\/04\/SHG60X90.jpg\" \/>\n\t<meta property=\"og:image:width\" content=\"1400\" \/>\n\t<meta property=\"og:image:height\" content=\"1400\" \/>\n\t<meta property=\"og:image:type\" content=\"image\/jpeg\" \/>\n<meta name=\"twitter:card\" content=\"summary_large_image\" \/>\n<meta name=\"twitter:title\" content=\"GlareOne Grid do softbox\u00f3w 60x90\" \/>\n<script type=\"application\/ld+json\" class=\"yoast-schema-graph\">{\"@context\":\"https:\/\/schema.org\",\"@graph\":[{\"@type\":\"WebPage\",\"@id\":\"https:\/\/glareone.eu\/de\/product\/glareone-softbox-grid-60x90\/\",\"url\":\"https:\/\/glareone.eu\/de\/product\/glareone-softbox-grid-60x90\/\",\"name\":\"GlareOne Grid do softbox\u00f3w 60x90\",\"isPartOf\":{\"@id\":\"https:\/\/glareone.eu\/de\/en\/#website\"},\"primaryImageOfPage\":{\"@id\":\"https:\/\/glareone.eu\/de\/product\/glareone-softbox-grid-60x90\/#primaryimage\"},\"image\":{\"@id\":\"https:\/\/glareone.eu\/de\/product\/glareone-softbox-grid-60x90\/#primaryimage\"},\"thumbnailUrl\":\"https:\/\/glareone.eu\/wp-content\/uploads\/2024\/04\/SHG60X90.jpg\",\"datePublished\":\"2024-04-18T19:26:18+00:00\",\"dateModified\":\"2024-05-07T09:59:26+00:00\",\"description\":\"GlareOne Grid do softbox\u00f3w 60x90\",\"breadcrumb\":{\"@id\":\"https:\/\/glareone.eu\/de\/product\/glareone-softbox-grid-60x90\/#breadcrumb\"},\"inLanguage\":\"de\",\"potentialAction\":[{\"@type\":\"ReadAction\",\"target\":[\"https:\/\/glareone.eu\/de\/product\/glareone-softbox-grid-60x90\/\"]}]},{\"@type\":\"ImageObject\",\"inLanguage\":\"de\",\"@id\":\"https:\/\/glareone.eu\/de\/product\/glareone-softbox-grid-60x90\/#primaryimage\",\"url\":\"https:\/\/glareone.eu\/wp-content\/uploads\/2024\/04\/SHG60X90.jpg\",\"contentUrl\":\"https:\/\/glareone.eu\/wp-content\/uploads\/2024\/04\/SHG60X90.jpg\",\"width\":1400,\"height\":1400},{\"@type\":\"BreadcrumbList\",\"@id\":\"https:\/\/glareone.eu\/de\/product\/glareone-softbox-grid-60x90\/#breadcrumb\",\"itemListElement\":[{\"@type\":\"ListItem\",\"position\":1,\"name\":\"Strona g\u0142\u00f3wna\",\"item\":\"https:\/\/glareone.eu\/de\/\"},{\"@type\":\"ListItem\",\"position\":2,\"name\":\"Alle Produkte\",\"item\":\"https:\/\/glareone.eu\/de\/produkte\/alle-produkte\/\"},{\"@type\":\"ListItem\",\"position\":3,\"name\":\"GlareOne Softbox grid 60&#215;90\"}]},{\"@type\":\"WebSite\",\"@id\":\"https:\/\/glareone.eu\/de\/en\/#website\",\"url\":\"https:\/\/glareone.eu\/de\/en\/\",\"name\":\"GlareOne\",\"description\":\"Wyposa\u017cenie Studia\",\"publisher\":{\"@id\":\"https:\/\/glareone.eu\/de\/en\/#organization\"},\"potentialAction\":[{\"@type\":\"SearchAction\",\"target\":{\"@type\":\"EntryPoint\",\"urlTemplate\":\"https:\/\/glareone.eu\/de\/en\/?s={search_term_string}\"},\"query-input\":{\"@type\":\"PropertyValueSpecification\",\"valueRequired\":true,\"valueName\":\"search_term_string\"}}],\"inLanguage\":\"de\"},{\"@type\":\"Organization\",\"@id\":\"https:\/\/glareone.eu\/de\/en\/#organization\",\"name\":\"GlareOne\",\"url\":\"https:\/\/glareone.eu\/de\/en\/\",\"logo\":{\"@type\":\"ImageObject\",\"inLanguage\":\"de\",\"@id\":\"https:\/\/glareone.eu\/de\/en\/#\/schema\/logo\/image\/\",\"url\":\"http:\/\/glareone.eu\/wp-content\/uploads\/2024\/05\/glareone_logo2020_RGB-01-e1715773127189.png\",\"contentUrl\":\"http:\/\/glareone.eu\/wp-content\/uploads\/2024\/05\/glareone_logo2020_RGB-01-e1715773127189.png\",\"width\":1270,\"height\":321,\"caption\":\"GlareOne\"},\"image\":{\"@id\":\"https:\/\/glareone.eu\/de\/en\/#\/schema\/logo\/image\/\"},\"sameAs\":[\"https:\/\/www.facebook.com\/GlareOneLighting\",\"https:\/\/www.instagram.com\/glareonelighting\/\",\"https:\/\/www.youtube.com\/@GlareOneTV\"]}]}<\/script>\n<!-- \/ Yoast SEO plugin. -->","yoast_head_json":{"title":"GlareOne Grid do softbox\u00f3w 60x90","description":"GlareOne Grid do softbox\u00f3w 60x90","robots":{"index":"index","follow":"follow","max-snippet":"max-snippet:-1","max-image-preview":"max-image-preview:large","max-video-preview":"max-video-preview:-1"},"canonical":"https:\/\/glareone.eu\/de\/product\/glareone-softbox-grid-60x90\/","og_locale":"de_DE","og_type":"article","og_title":"GlareOne Grid do softbox\u00f3w 60x90","og_description":"GlareOne Grid do softbox\u00f3w 60x90","og_url":"https:\/\/glareone.eu\/de\/product\/glareone-softbox-grid-60x90\/","og_site_name":"GlareOne","article_publisher":"https:\/\/www.facebook.com\/GlareOneLighting","article_modified_time":"2024-05-07T09:59:26+00:00","og_image":[{"width":1400,"height":1400,"url":"https:\/\/glareone.eu\/wp-content\/uploads\/2024\/04\/SHG60X90.jpg","type":"image\/jpeg"}],"twitter_card":"summary_large_image","twitter_title":"GlareOne Grid do softbox\u00f3w 60x90","schema":{"@context":"https:\/\/schema.org","@graph":[{"@type":"WebPage","@id":"https:\/\/glareone.eu\/de\/product\/glareone-softbox-grid-60x90\/","url":"https:\/\/glareone.eu\/de\/product\/glareone-softbox-grid-60x90\/","name":"GlareOne Grid do softbox\u00f3w 60x90","isPartOf":{"@id":"https:\/\/glareone.eu\/de\/en\/#website"},"primaryImageOfPage":{"@id":"https:\/\/glareone.eu\/de\/product\/glareone-softbox-grid-60x90\/#primaryimage"},"image":{"@id":"https:\/\/glareone.eu\/de\/product\/glareone-softbox-grid-60x90\/#primaryimage"},"thumbnailUrl":"https:\/\/glareone.eu\/wp-content\/uploads\/2024\/04\/SHG60X90.jpg","datePublished":"2024-04-18T19:26:18+00:00","dateModified":"2024-05-07T09:59:26+00:00","description":"GlareOne Grid do softbox\u00f3w 60x90","breadcrumb":{"@id":"https:\/\/glareone.eu\/de\/product\/glareone-softbox-grid-60x90\/#breadcrumb"},"inLanguage":"de","potentialAction":[{"@type":"ReadAction","target":["https:\/\/glareone.eu\/de\/product\/glareone-softbox-grid-60x90\/"]}]},{"@type":"ImageObject","inLanguage":"de","@id":"https:\/\/glareone.eu\/de\/product\/glareone-softbox-grid-60x90\/#primaryimage","url":"https:\/\/glareone.eu\/wp-content\/uploads\/2024\/04\/SHG60X90.jpg","contentUrl":"https:\/\/glareone.eu\/wp-content\/uploads\/2024\/04\/SHG60X90.jpg","width":1400,"height":1400},{"@type":"BreadcrumbList","@id":"https:\/\/glareone.eu\/de\/product\/glareone-softbox-grid-60x90\/#breadcrumb","itemListElement":[{"@type":"ListItem","position":1,"name":"Strona g\u0142\u00f3wna","item":"https:\/\/glareone.eu\/de\/"},{"@type":"ListItem","position":2,"name":"Alle Produkte","item":"https:\/\/glareone.eu\/de\/produkte\/alle-produkte\/"},{"@type":"ListItem","position":3,"name":"GlareOne Softbox grid 60&#215;90"}]},{"@type":"WebSite","@id":"https:\/\/glareone.eu\/de\/en\/#website","url":"https:\/\/glareone.eu\/de\/en\/","name":"GlareOne","description":"Wyposa\u017cenie Studia","publisher":{"@id":"https:\/\/glareone.eu\/de\/en\/#organization"},"potentialAction":[{"@type":"SearchAction","target":{"@type":"EntryPoint","urlTemplate":"https:\/\/glareone.eu\/de\/en\/?s={search_term_string}"},"query-input":{"@type":"PropertyValueSpecification","valueRequired":true,"valueName":"search_term_string"}}],"inLanguage":"de"},{"@type":"Organization","@id":"https:\/\/glareone.eu\/de\/en\/#organization","name":"GlareOne","url":"https:\/\/glareone.eu\/de\/en\/","logo":{"@type":"ImageObject","inLanguage":"de","@id":"https:\/\/glareone.eu\/de\/en\/#\/schema\/logo\/image\/","url":"http:\/\/glareone.eu\/wp-content\/uploads\/2024\/05\/glareone_logo2020_RGB-01-e1715773127189.png","contentUrl":"http:\/\/glareone.eu\/wp-content\/uploads\/2024\/05\/glareone_logo2020_RGB-01-e1715773127189.png","width":1270,"height":321,"caption":"GlareOne"},"image":{"@id":"https:\/\/glareone.eu\/de\/en\/#\/schema\/logo\/image\/"},"sameAs":["https:\/\/www.facebook.com\/GlareOneLighting","https:\/\/www.instagram.com\/glareonelighting\/","https:\/\/www.youtube.com\/@GlareOneTV"]}]}},"_links":{"self":[{"href":"https:\/\/glareone.eu\/de\/wp-json\/wp\/v2\/product\/6281","targetHints":{"allow":["GET"]}}],"collection":[{"href":"https:\/\/glareone.eu\/de\/wp-json\/wp\/v2\/product"}],"about":[{"href":"https:\/\/glareone.eu\/de\/wp-json\/wp\/v2\/types\/product"}],"wp:featuredmedia":[{"embeddable":true,"href":"https:\/\/glareone.eu\/de\/wp-json\/wp\/v2\/media\/6278"}],"wp:attachment":[{"href":"https:\/\/glareone.eu\/de\/wp-json\/wp\/v2\/media?parent=6281"}],"wp:term":[{"taxonomy":"product_brand","embeddable":true,"href":"https:\/\/glareone.eu\/de\/wp-json\/wp\/v2\/product_brand?post=6281"},{"taxonomy":"product_cat","embeddable":true,"href":"https:\/\/glareone.eu\/de\/wp-json\/wp\/v2\/product_cat?post=6281"},{"taxonomy":"product_tag","embeddable":true,"href":"https:\/\/glareone.eu\/de\/wp-json\/wp\/v2\/product_tag?post=6281"}],"curies":[{"name":"wp","href":"https:\/\/api.w.org\/{rel}","templated":true}]}}