{"id":6224,"date":"2024-04-18T19:26:33","date_gmt":"2024-04-18T19:26:33","guid":{"rendered":"http:\/\/glareone.eu\/produkt\/glareone-vega-200-basic-kit\/"},"modified":"2025-10-30T09:49:44","modified_gmt":"2025-10-30T09:49:44","slug":"glareone-vega-200-basic-kit","status":"publish","type":"product","link":"https:\/\/glareone.eu\/de\/product\/glareone-vega-200-basic-kit\/","title":{"rendered":"GlareOne Vega 200 Basic Kit"},"content":{"rendered":"<p>Grundlegendes Studio-Fotografie-Set bestehend aus 2 Lampen, 2 St\u00e4ndern, einem durchscheinenden Schirm, einem Softbox-Schirm und einem Funkausl\u00f6ser.<\/p>\n<h3>Inhalt des Sets<\/h3>\n<p>Das GlareOne Vega 200 Basic Kit ist ein komplettes Set, das es Ihnen erm\u00f6glicht, in die Welt der Studiofotografie einzusteigen. Es beinhaltet:<\/p>\n<ul>\n<li>2 kompakte GlareOne Vega 200 Lampen mit jeweils 200 Ws Leistung (jede Lampe wird mit einem Reflektor und einem Netzkabel geliefert).<\/li>\n<li>GlareOne Flash RC Sender erm\u00f6glicht die Fernsteuerung und Ausl\u00f6sung der Vega Lampen.<\/li>\n<li>2 GlareOne G-803 St\u00e4nder mit einer maximalen H\u00f6he von 190 cm.<\/li>\n<li>Softbox-Schirm mit einem Durchmesser von 90 cm.<\/li>\n<li>Durchscheinender Schirm (wei\u00df) mit einem Durchmesser von 90 cm.<\/li>\n<\/ul>\n<h3>Anwendung<\/h3>\n<p>Das GlareOne Vega 200 Basic Kit erm\u00f6glicht Ihnen einen einfachen Einstieg in die Welt der Studiofotografie. Es eignet sich hervorragend f\u00fcr den Einsatz in einem Heimstudio und bietet die M\u00f6glichkeit zur Erweiterung mit verschiedenen Lichtformungsaccessoires wie Reflektoren oder Gittern. Dieses Set erm\u00f6glicht die Erstellung von Portr\u00e4ts mit weichem Licht, das Fotografieren von Stillleben und das Fotografieren von Produktfotos.<\/p>\n<p>Im Set enthalten ist der GlareOne Vega 200 Studioblitz, der \u00fcber 6 Blendenstufen verf\u00fcgt. Dies bedeutet, dass Sie w\u00e4hrend der Portr\u00e4taufnahmen mit geringer Tiefensch\u00e4rfe eine niedrige Blitzleistung einstellen k\u00f6nnen und bei Bedarf die Lampe gen\u00fcgend Licht erzeugen kann, um geschlossene Blenden f\u00fcr eine gr\u00f6\u00dfere Tiefensch\u00e4rfe zu verwenden.<\/p>\n<p>Wenn Sie gerade erst Ihre Reise mit der Studiobeleuchtung beginnen und sich nicht sicher sind, welche Arten von Fotografie Sie am meisten interessieren, ist das Vega Basic Kit eine ideale Wahl f\u00fcr Anf\u00e4nger.<\/p>\n<h3>Eigenschaften des GlareOne VEGA 200:<\/h3>\n<ul>\n<li>Einfach zu bedienender und vielseitiger Studioblitz mit einer Leistung von 200 Ws.<\/li>\n<li>Leicht, extrem kompakt und einfach zu transportieren.<\/li>\n<li>Stabile Farbtemperatur (5500\u00b1200 K) im gesamten Bereich der Blitzenergieeinstellung.<\/li>\n<li>Leistungseinstellungsbereich von 6 Blendenstufen (1\/1~1\/32).<\/li>\n<li>Sehr kurze Ladezeit &#8211; nur 0,9 s bei voller Leistung.<\/li>\n<li>Ausgestattet mit einer 15 W LED-Modellierlampe (entspricht etwa einer 150 W Halogenlampe).<\/li>\n<li>Montage f\u00fcr Bowens-Typ Lichtmodifikatoren.<\/li>\n<li>Eingebauter Funkempf\u00e4nger kompatibel mit dem GlareOne Flash RC Trigger (separat erh\u00e4ltlich).<\/li>\n<li>Kann einer von 16 Lampengruppen in 32 Kommunikationskan\u00e4len zugewiesen werden.<\/li>\n<li>Ausgestattet mit einer Fotodiode und einem Standard 3,5 mm Synchronanschluss.<\/li>\n<li>Effizientes aktives K\u00fchlsystem und Temperatursicherung.<\/li>\n<li>Integrierter Schirmhalter in der Stativhalterung.<\/li>\n<li>Ergonomisch gestalteter Griff zur Winkelverstellung.<\/li>\n<li>Lieferumfang: Netzkabel, Schutzabdeckung und Bedienungsanleitung.<\/li>\n<\/ul>\n","protected":false},"excerpt":{"rendered":"<p><span style=\"color: #ff0000;\">Archiviertes Produkt.<\/span><\/p>\n","protected":false},"featured_media":6201,"template":"","meta":[],"product_brand":[],"product_cat":[356],"product_tag":[],"class_list":{"0":"post-6224","1":"product","2":"type-product","3":"status-publish","4":"has-post-thumbnail","6":"product_cat-vega-de","8":"first","9":"instock","10":"product-type-simple"},"yoast_head":"<!-- This site is optimized with the Yoast SEO plugin v27.2 - https:\/\/yoast.com\/product\/yoast-seo-wordpress\/ -->\n<title>GlareOne Vega 200 Basic Kit - zestaw o\u015bwietlenia studyjnego<\/title>\n<meta name=\"description\" content=\"GlareOne Vega 200 Basic Kit - zestaw o\u015bwietlenia studyjnego\" \/>\n<meta name=\"robots\" content=\"index, follow, max-snippet:-1, max-image-preview:large, max-video-preview:-1\" \/>\n<link rel=\"canonical\" href=\"https:\/\/glareone.eu\/de\/product\/glareone-vega-200-basic-kit\/\" \/>\n<meta property=\"og:locale\" content=\"de_DE\" \/>\n<meta property=\"og:type\" content=\"article\" \/>\n<meta property=\"og:title\" content=\"GlareOne Vega 200 Basic Kit - zestaw o\u015bwietlenia studyjnego\" \/>\n<meta property=\"og:description\" content=\"GlareOne Vega 200 Basic Kit - zestaw o\u015bwietlenia studyjnego\" \/>\n<meta property=\"og:url\" content=\"https:\/\/glareone.eu\/de\/product\/glareone-vega-200-basic-kit\/\" \/>\n<meta property=\"og:site_name\" content=\"GlareOne\" \/>\n<meta property=\"article:publisher\" content=\"https:\/\/www.facebook.com\/GlareOneLighting\" \/>\n<meta property=\"article:modified_time\" content=\"2025-10-30T09:49:44+00:00\" \/>\n<meta property=\"og:image\" content=\"https:\/\/glareone.eu\/wp-content\/uploads\/2024\/04\/SVEGA200KITB-GlareOne-Vega-200-Basic-Kit-studio-lighting-kit.jpg\" \/>\n\t<meta property=\"og:image:width\" content=\"1500\" \/>\n\t<meta property=\"og:image:height\" content=\"1500\" \/>\n\t<meta property=\"og:image:type\" content=\"image\/jpeg\" \/>\n<meta name=\"twitter:card\" content=\"summary_large_image\" \/>\n<meta name=\"twitter:title\" content=\"GlareOne Vega 200 Basic Kit - zestaw o\u015bwietlenia studyjnego\" \/>\n<meta name=\"twitter:label1\" content=\"Gesch\u00e4tzte Lesezeit\" \/>\n\t<meta name=\"twitter:data1\" content=\"2\u00a0Minuten\" \/>\n<script type=\"application\/ld+json\" class=\"yoast-schema-graph\">{\"@context\":\"https:\/\/schema.org\",\"@graph\":[{\"@type\":\"WebPage\",\"@id\":\"https:\/\/glareone.eu\/de\/product\/glareone-vega-200-basic-kit\/\",\"url\":\"https:\/\/glareone.eu\/de\/product\/glareone-vega-200-basic-kit\/\",\"name\":\"GlareOne Vega 200 Basic Kit - zestaw o\u015bwietlenia studyjnego\",\"isPartOf\":{\"@id\":\"https:\/\/glareone.eu\/de\/en\/#website\"},\"primaryImageOfPage\":{\"@id\":\"https:\/\/glareone.eu\/de\/product\/glareone-vega-200-basic-kit\/#primaryimage\"},\"image\":{\"@id\":\"https:\/\/glareone.eu\/de\/product\/glareone-vega-200-basic-kit\/#primaryimage\"},\"thumbnailUrl\":\"https:\/\/glareone.eu\/wp-content\/uploads\/2024\/04\/SVEGA200KITB-GlareOne-Vega-200-Basic-Kit-studio-lighting-kit.jpg\",\"datePublished\":\"2024-04-18T19:26:33+00:00\",\"dateModified\":\"2025-10-30T09:49:44+00:00\",\"description\":\"GlareOne Vega 200 Basic Kit - zestaw o\u015bwietlenia studyjnego\",\"breadcrumb\":{\"@id\":\"https:\/\/glareone.eu\/de\/product\/glareone-vega-200-basic-kit\/#breadcrumb\"},\"inLanguage\":\"de\",\"potentialAction\":[{\"@type\":\"ReadAction\",\"target\":[\"https:\/\/glareone.eu\/de\/product\/glareone-vega-200-basic-kit\/\"]}]},{\"@type\":\"ImageObject\",\"inLanguage\":\"de\",\"@id\":\"https:\/\/glareone.eu\/de\/product\/glareone-vega-200-basic-kit\/#primaryimage\",\"url\":\"https:\/\/glareone.eu\/wp-content\/uploads\/2024\/04\/SVEGA200KITB-GlareOne-Vega-200-Basic-Kit-studio-lighting-kit.jpg\",\"contentUrl\":\"https:\/\/glareone.eu\/wp-content\/uploads\/2024\/04\/SVEGA200KITB-GlareOne-Vega-200-Basic-Kit-studio-lighting-kit.jpg\",\"width\":1500,\"height\":1500},{\"@type\":\"BreadcrumbList\",\"@id\":\"https:\/\/glareone.eu\/de\/product\/glareone-vega-200-basic-kit\/#breadcrumb\",\"itemListElement\":[{\"@type\":\"ListItem\",\"position\":1,\"name\":\"Strona g\u0142\u00f3wna\",\"item\":\"https:\/\/glareone.eu\/de\/\"},{\"@type\":\"ListItem\",\"position\":2,\"name\":\"Alle Produkte\",\"item\":\"https:\/\/glareone.eu\/de\/produkte\/alle-produkte\/\"},{\"@type\":\"ListItem\",\"position\":3,\"name\":\"GlareOne Vega 200 Basic Kit\"}]},{\"@type\":\"WebSite\",\"@id\":\"https:\/\/glareone.eu\/de\/en\/#website\",\"url\":\"https:\/\/glareone.eu\/de\/en\/\",\"name\":\"GlareOne\",\"description\":\"Wyposa\u017cenie Studia\",\"publisher\":{\"@id\":\"https:\/\/glareone.eu\/de\/en\/#organization\"},\"potentialAction\":[{\"@type\":\"SearchAction\",\"target\":{\"@type\":\"EntryPoint\",\"urlTemplate\":\"https:\/\/glareone.eu\/de\/en\/?s={search_term_string}\"},\"query-input\":{\"@type\":\"PropertyValueSpecification\",\"valueRequired\":true,\"valueName\":\"search_term_string\"}}],\"inLanguage\":\"de\"},{\"@type\":\"Organization\",\"@id\":\"https:\/\/glareone.eu\/de\/en\/#organization\",\"name\":\"GlareOne\",\"url\":\"https:\/\/glareone.eu\/de\/en\/\",\"logo\":{\"@type\":\"ImageObject\",\"inLanguage\":\"de\",\"@id\":\"https:\/\/glareone.eu\/de\/en\/#\/schema\/logo\/image\/\",\"url\":\"http:\/\/glareone.eu\/wp-content\/uploads\/2024\/05\/glareone_logo2020_RGB-01-e1715773127189.png\",\"contentUrl\":\"http:\/\/glareone.eu\/wp-content\/uploads\/2024\/05\/glareone_logo2020_RGB-01-e1715773127189.png\",\"width\":1270,\"height\":321,\"caption\":\"GlareOne\"},\"image\":{\"@id\":\"https:\/\/glareone.eu\/de\/en\/#\/schema\/logo\/image\/\"},\"sameAs\":[\"https:\/\/www.facebook.com\/GlareOneLighting\",\"https:\/\/www.instagram.com\/glareonelighting\/\",\"https:\/\/www.youtube.com\/@GlareOneTV\"]}]}<\/script>\n<!-- \/ Yoast SEO plugin. -->","yoast_head_json":{"title":"GlareOne Vega 200 Basic Kit - zestaw o\u015bwietlenia studyjnego","description":"GlareOne Vega 200 Basic Kit - zestaw o\u015bwietlenia studyjnego","robots":{"index":"index","follow":"follow","max-snippet":"max-snippet:-1","max-image-preview":"max-image-preview:large","max-video-preview":"max-video-preview:-1"},"canonical":"https:\/\/glareone.eu\/de\/product\/glareone-vega-200-basic-kit\/","og_locale":"de_DE","og_type":"article","og_title":"GlareOne Vega 200 Basic Kit - zestaw o\u015bwietlenia studyjnego","og_description":"GlareOne Vega 200 Basic Kit - zestaw o\u015bwietlenia studyjnego","og_url":"https:\/\/glareone.eu\/de\/product\/glareone-vega-200-basic-kit\/","og_site_name":"GlareOne","article_publisher":"https:\/\/www.facebook.com\/GlareOneLighting","article_modified_time":"2025-10-30T09:49:44+00:00","og_image":[{"width":1500,"height":1500,"url":"https:\/\/glareone.eu\/wp-content\/uploads\/2024\/04\/SVEGA200KITB-GlareOne-Vega-200-Basic-Kit-studio-lighting-kit.jpg","type":"image\/jpeg"}],"twitter_card":"summary_large_image","twitter_title":"GlareOne Vega 200 Basic Kit - zestaw o\u015bwietlenia studyjnego","twitter_misc":{"Gesch\u00e4tzte Lesezeit":"2\u00a0Minuten"},"schema":{"@context":"https:\/\/schema.org","@graph":[{"@type":"WebPage","@id":"https:\/\/glareone.eu\/de\/product\/glareone-vega-200-basic-kit\/","url":"https:\/\/glareone.eu\/de\/product\/glareone-vega-200-basic-kit\/","name":"GlareOne Vega 200 Basic Kit - zestaw o\u015bwietlenia studyjnego","isPartOf":{"@id":"https:\/\/glareone.eu\/de\/en\/#website"},"primaryImageOfPage":{"@id":"https:\/\/glareone.eu\/de\/product\/glareone-vega-200-basic-kit\/#primaryimage"},"image":{"@id":"https:\/\/glareone.eu\/de\/product\/glareone-vega-200-basic-kit\/#primaryimage"},"thumbnailUrl":"https:\/\/glareone.eu\/wp-content\/uploads\/2024\/04\/SVEGA200KITB-GlareOne-Vega-200-Basic-Kit-studio-lighting-kit.jpg","datePublished":"2024-04-18T19:26:33+00:00","dateModified":"2025-10-30T09:49:44+00:00","description":"GlareOne Vega 200 Basic Kit - zestaw o\u015bwietlenia studyjnego","breadcrumb":{"@id":"https:\/\/glareone.eu\/de\/product\/glareone-vega-200-basic-kit\/#breadcrumb"},"inLanguage":"de","potentialAction":[{"@type":"ReadAction","target":["https:\/\/glareone.eu\/de\/product\/glareone-vega-200-basic-kit\/"]}]},{"@type":"ImageObject","inLanguage":"de","@id":"https:\/\/glareone.eu\/de\/product\/glareone-vega-200-basic-kit\/#primaryimage","url":"https:\/\/glareone.eu\/wp-content\/uploads\/2024\/04\/SVEGA200KITB-GlareOne-Vega-200-Basic-Kit-studio-lighting-kit.jpg","contentUrl":"https:\/\/glareone.eu\/wp-content\/uploads\/2024\/04\/SVEGA200KITB-GlareOne-Vega-200-Basic-Kit-studio-lighting-kit.jpg","width":1500,"height":1500},{"@type":"BreadcrumbList","@id":"https:\/\/glareone.eu\/de\/product\/glareone-vega-200-basic-kit\/#breadcrumb","itemListElement":[{"@type":"ListItem","position":1,"name":"Strona g\u0142\u00f3wna","item":"https:\/\/glareone.eu\/de\/"},{"@type":"ListItem","position":2,"name":"Alle Produkte","item":"https:\/\/glareone.eu\/de\/produkte\/alle-produkte\/"},{"@type":"ListItem","position":3,"name":"GlareOne Vega 200 Basic Kit"}]},{"@type":"WebSite","@id":"https:\/\/glareone.eu\/de\/en\/#website","url":"https:\/\/glareone.eu\/de\/en\/","name":"GlareOne","description":"Wyposa\u017cenie Studia","publisher":{"@id":"https:\/\/glareone.eu\/de\/en\/#organization"},"potentialAction":[{"@type":"SearchAction","target":{"@type":"EntryPoint","urlTemplate":"https:\/\/glareone.eu\/de\/en\/?s={search_term_string}"},"query-input":{"@type":"PropertyValueSpecification","valueRequired":true,"valueName":"search_term_string"}}],"inLanguage":"de"},{"@type":"Organization","@id":"https:\/\/glareone.eu\/de\/en\/#organization","name":"GlareOne","url":"https:\/\/glareone.eu\/de\/en\/","logo":{"@type":"ImageObject","inLanguage":"de","@id":"https:\/\/glareone.eu\/de\/en\/#\/schema\/logo\/image\/","url":"http:\/\/glareone.eu\/wp-content\/uploads\/2024\/05\/glareone_logo2020_RGB-01-e1715773127189.png","contentUrl":"http:\/\/glareone.eu\/wp-content\/uploads\/2024\/05\/glareone_logo2020_RGB-01-e1715773127189.png","width":1270,"height":321,"caption":"GlareOne"},"image":{"@id":"https:\/\/glareone.eu\/de\/en\/#\/schema\/logo\/image\/"},"sameAs":["https:\/\/www.facebook.com\/GlareOneLighting","https:\/\/www.instagram.com\/glareonelighting\/","https:\/\/www.youtube.com\/@GlareOneTV"]}]}},"_links":{"self":[{"href":"https:\/\/glareone.eu\/de\/wp-json\/wp\/v2\/product\/6224","targetHints":{"allow":["GET"]}}],"collection":[{"href":"https:\/\/glareone.eu\/de\/wp-json\/wp\/v2\/product"}],"about":[{"href":"https:\/\/glareone.eu\/de\/wp-json\/wp\/v2\/types\/product"}],"wp:featuredmedia":[{"embeddable":true,"href":"https:\/\/glareone.eu\/de\/wp-json\/wp\/v2\/media\/6201"}],"wp:attachment":[{"href":"https:\/\/glareone.eu\/de\/wp-json\/wp\/v2\/media?parent=6224"}],"wp:term":[{"taxonomy":"product_brand","embeddable":true,"href":"https:\/\/glareone.eu\/de\/wp-json\/wp\/v2\/product_brand?post=6224"},{"taxonomy":"product_cat","embeddable":true,"href":"https:\/\/glareone.eu\/de\/wp-json\/wp\/v2\/product_cat?post=6224"},{"taxonomy":"product_tag","embeddable":true,"href":"https:\/\/glareone.eu\/de\/wp-json\/wp\/v2\/product_tag?post=6224"}],"curies":[{"name":"wp","href":"https:\/\/api.w.org\/{rel}","templated":true}]}}