{"id":6120,"date":"2024-04-18T19:26:16","date_gmt":"2024-04-18T19:26:16","guid":{"rendered":"http:\/\/glareone.eu\/produkt\/glareone-parasolka-srebrna-76-cm\/"},"modified":"2024-05-07T08:52:00","modified_gmt":"2024-05-07T08:52:00","slug":"glareone-silberner-schirm-76-cm","status":"publish","type":"product","link":"https:\/\/glareone.eu\/de\/product\/glareone-silberner-schirm-76-cm\/","title":{"rendered":"GlareOne Silberner Schirm 76 cm"},"content":{"rendered":"<p>Ein 76 cm gro\u00dfer Silberreflektor wirft das Licht effektiv zur\u00fcck, beleuchtet und sch\u00e4rft die Konturen des fotografierten Objekts.<\/p>\n<h3>Vorteile von GlareOne silber-reflektions-Regenschirmen:<\/h3>\n<ul>\n<li>Empfohlen f\u00fcr Blitze und kontinuierliche Beleuchtung<\/li>\n<li>Reflektieren das Licht effektiv, beleuchten und sch\u00e4rfen die Konturen des fotografierten Motivs<\/li>\n<li>Erm\u00f6glichen die Erzielung von gut gerichtetem, starkem Licht mit einem k\u00fchlen Farbton<\/li>\n<li>Je nach Durchmesser und Montagemethode erm\u00f6glichen sie verschiedene Lichtintensit\u00e4ten<\/li>\n<li>Die solide Konstruktion funktioniert auch unter schwierigen Au\u00dfenbedingungen perfekt<\/li>\n<li>Die silberne reflektierende Schicht sorgt f\u00fcr Gleichm\u00e4\u00dfigkeit und konstante Farbtemperatur des reflektierten Lichts<\/li>\n<li>Auf fotografischen Stativen montiert, kompatibel mit den meisten g\u00e4ngigen Halterungen und Lampenhaltern auf dem Markt erh\u00e4ltlich<\/li>\n<\/ul>\n<p>GlareOne Silberregenschirme sind in vier Gr\u00f6\u00dfen erh\u00e4ltlich: 76cm, 90cm, 100cm und 110cm.<\/p>\n","protected":false},"excerpt":{"rendered":"<p>Ein 76 cm gro\u00dfer Silberreflektor wirft das Licht effektiv zur\u00fcck, beleuchtet und sch\u00e4rft die Konturen des fotografierten Objekts. Vorteile von GlareOne silber-reflektions-Regenschirmen: Empfohlen f\u00fcr Blitze und kontinuierliche Beleuchtung Reflektieren das Licht effektiv, beleuchten und sch\u00e4rfen die Konturen des fotografierten Motivs Erm\u00f6glichen die Erzielung von gut gerichtetem, starkem Licht mit einem k\u00fchlen Farbton Je nach Durchmesser [&hellip;]<\/p>\n","protected":false},"featured_media":6117,"template":"","meta":[],"product_brand":[],"product_cat":[465],"product_tag":[],"class_list":{"0":"post-6120","1":"product","2":"type-product","3":"status-publish","4":"has-post-thumbnail","6":"product_cat-klassische-schirme","8":"first","9":"instock","10":"product-type-simple"},"yoast_head":"<!-- This site is optimized with the Yoast SEO plugin v27.2 - https:\/\/yoast.com\/product\/yoast-seo-wordpress\/ -->\n<title>GlareOne Parasolka srebrna 76 cm<\/title>\n<meta name=\"description\" content=\"GlareOne Parasolka srebrna 76 cm\" \/>\n<meta name=\"robots\" content=\"index, follow, max-snippet:-1, max-image-preview:large, max-video-preview:-1\" \/>\n<link rel=\"canonical\" href=\"https:\/\/glareone.eu\/de\/product\/glareone-silberner-schirm-76-cm\/\" \/>\n<meta property=\"og:locale\" content=\"de_DE\" \/>\n<meta property=\"og:type\" content=\"article\" \/>\n<meta property=\"og:title\" content=\"GlareOne Parasolka srebrna 76 cm\" \/>\n<meta property=\"og:description\" content=\"GlareOne Parasolka srebrna 76 cm\" \/>\n<meta property=\"og:url\" content=\"https:\/\/glareone.eu\/de\/product\/glareone-silberner-schirm-76-cm\/\" \/>\n<meta property=\"og:site_name\" content=\"GlareOne\" \/>\n<meta property=\"article:publisher\" content=\"https:\/\/www.facebook.com\/GlareOneLighting\" \/>\n<meta property=\"article:modified_time\" content=\"2024-05-07T08:52:00+00:00\" \/>\n<meta property=\"og:image\" content=\"https:\/\/glareone.eu\/wp-content\/uploads\/2024\/04\/SUMBS76.jpg\" \/>\n\t<meta property=\"og:image:width\" content=\"1000\" \/>\n\t<meta property=\"og:image:height\" content=\"1000\" \/>\n\t<meta property=\"og:image:type\" content=\"image\/jpeg\" \/>\n<meta name=\"twitter:card\" content=\"summary_large_image\" \/>\n<meta name=\"twitter:title\" content=\"GlareOne Parasolka srebrna 76 cm\" \/>\n<meta name=\"twitter:label1\" content=\"Gesch\u00e4tzte Lesezeit\" \/>\n\t<meta name=\"twitter:data1\" content=\"1\u00a0Minute\" \/>\n<script type=\"application\/ld+json\" class=\"yoast-schema-graph\">{\"@context\":\"https:\/\/schema.org\",\"@graph\":[{\"@type\":\"WebPage\",\"@id\":\"https:\/\/glareone.eu\/de\/product\/glareone-silberner-schirm-76-cm\/\",\"url\":\"https:\/\/glareone.eu\/de\/product\/glareone-silberner-schirm-76-cm\/\",\"name\":\"GlareOne Parasolka srebrna 76 cm\",\"isPartOf\":{\"@id\":\"https:\/\/glareone.eu\/de\/en\/#website\"},\"primaryImageOfPage\":{\"@id\":\"https:\/\/glareone.eu\/de\/product\/glareone-silberner-schirm-76-cm\/#primaryimage\"},\"image\":{\"@id\":\"https:\/\/glareone.eu\/de\/product\/glareone-silberner-schirm-76-cm\/#primaryimage\"},\"thumbnailUrl\":\"https:\/\/glareone.eu\/wp-content\/uploads\/2024\/04\/SUMBS76.jpg\",\"datePublished\":\"2024-04-18T19:26:16+00:00\",\"dateModified\":\"2024-05-07T08:52:00+00:00\",\"description\":\"GlareOne Parasolka srebrna 76 cm\",\"breadcrumb\":{\"@id\":\"https:\/\/glareone.eu\/de\/product\/glareone-silberner-schirm-76-cm\/#breadcrumb\"},\"inLanguage\":\"de\",\"potentialAction\":[{\"@type\":\"ReadAction\",\"target\":[\"https:\/\/glareone.eu\/de\/product\/glareone-silberner-schirm-76-cm\/\"]}]},{\"@type\":\"ImageObject\",\"inLanguage\":\"de\",\"@id\":\"https:\/\/glareone.eu\/de\/product\/glareone-silberner-schirm-76-cm\/#primaryimage\",\"url\":\"https:\/\/glareone.eu\/wp-content\/uploads\/2024\/04\/SUMBS76.jpg\",\"contentUrl\":\"https:\/\/glareone.eu\/wp-content\/uploads\/2024\/04\/SUMBS76.jpg\",\"width\":1000,\"height\":1000},{\"@type\":\"BreadcrumbList\",\"@id\":\"https:\/\/glareone.eu\/de\/product\/glareone-silberner-schirm-76-cm\/#breadcrumb\",\"itemListElement\":[{\"@type\":\"ListItem\",\"position\":1,\"name\":\"Strona g\u0142\u00f3wna\",\"item\":\"https:\/\/glareone.eu\/de\/\"},{\"@type\":\"ListItem\",\"position\":2,\"name\":\"Alle Produkte\",\"item\":\"https:\/\/glareone.eu\/de\/produkte\/alle-produkte\/\"},{\"@type\":\"ListItem\",\"position\":3,\"name\":\"GlareOne Silberner Schirm 76 cm\"}]},{\"@type\":\"WebSite\",\"@id\":\"https:\/\/glareone.eu\/de\/en\/#website\",\"url\":\"https:\/\/glareone.eu\/de\/en\/\",\"name\":\"GlareOne\",\"description\":\"Wyposa\u017cenie Studia\",\"publisher\":{\"@id\":\"https:\/\/glareone.eu\/de\/en\/#organization\"},\"potentialAction\":[{\"@type\":\"SearchAction\",\"target\":{\"@type\":\"EntryPoint\",\"urlTemplate\":\"https:\/\/glareone.eu\/de\/en\/?s={search_term_string}\"},\"query-input\":{\"@type\":\"PropertyValueSpecification\",\"valueRequired\":true,\"valueName\":\"search_term_string\"}}],\"inLanguage\":\"de\"},{\"@type\":\"Organization\",\"@id\":\"https:\/\/glareone.eu\/de\/en\/#organization\",\"name\":\"GlareOne\",\"url\":\"https:\/\/glareone.eu\/de\/en\/\",\"logo\":{\"@type\":\"ImageObject\",\"inLanguage\":\"de\",\"@id\":\"https:\/\/glareone.eu\/de\/en\/#\/schema\/logo\/image\/\",\"url\":\"http:\/\/glareone.eu\/wp-content\/uploads\/2024\/05\/glareone_logo2020_RGB-01-e1715773127189.png\",\"contentUrl\":\"http:\/\/glareone.eu\/wp-content\/uploads\/2024\/05\/glareone_logo2020_RGB-01-e1715773127189.png\",\"width\":1270,\"height\":321,\"caption\":\"GlareOne\"},\"image\":{\"@id\":\"https:\/\/glareone.eu\/de\/en\/#\/schema\/logo\/image\/\"},\"sameAs\":[\"https:\/\/www.facebook.com\/GlareOneLighting\",\"https:\/\/www.instagram.com\/glareonelighting\/\",\"https:\/\/www.youtube.com\/@GlareOneTV\"]}]}<\/script>\n<!-- \/ Yoast SEO plugin. -->","yoast_head_json":{"title":"GlareOne Parasolka srebrna 76 cm","description":"GlareOne Parasolka srebrna 76 cm","robots":{"index":"index","follow":"follow","max-snippet":"max-snippet:-1","max-image-preview":"max-image-preview:large","max-video-preview":"max-video-preview:-1"},"canonical":"https:\/\/glareone.eu\/de\/product\/glareone-silberner-schirm-76-cm\/","og_locale":"de_DE","og_type":"article","og_title":"GlareOne Parasolka srebrna 76 cm","og_description":"GlareOne Parasolka srebrna 76 cm","og_url":"https:\/\/glareone.eu\/de\/product\/glareone-silberner-schirm-76-cm\/","og_site_name":"GlareOne","article_publisher":"https:\/\/www.facebook.com\/GlareOneLighting","article_modified_time":"2024-05-07T08:52:00+00:00","og_image":[{"width":1000,"height":1000,"url":"https:\/\/glareone.eu\/wp-content\/uploads\/2024\/04\/SUMBS76.jpg","type":"image\/jpeg"}],"twitter_card":"summary_large_image","twitter_title":"GlareOne Parasolka srebrna 76 cm","twitter_misc":{"Gesch\u00e4tzte Lesezeit":"1\u00a0Minute"},"schema":{"@context":"https:\/\/schema.org","@graph":[{"@type":"WebPage","@id":"https:\/\/glareone.eu\/de\/product\/glareone-silberner-schirm-76-cm\/","url":"https:\/\/glareone.eu\/de\/product\/glareone-silberner-schirm-76-cm\/","name":"GlareOne Parasolka srebrna 76 cm","isPartOf":{"@id":"https:\/\/glareone.eu\/de\/en\/#website"},"primaryImageOfPage":{"@id":"https:\/\/glareone.eu\/de\/product\/glareone-silberner-schirm-76-cm\/#primaryimage"},"image":{"@id":"https:\/\/glareone.eu\/de\/product\/glareone-silberner-schirm-76-cm\/#primaryimage"},"thumbnailUrl":"https:\/\/glareone.eu\/wp-content\/uploads\/2024\/04\/SUMBS76.jpg","datePublished":"2024-04-18T19:26:16+00:00","dateModified":"2024-05-07T08:52:00+00:00","description":"GlareOne Parasolka srebrna 76 cm","breadcrumb":{"@id":"https:\/\/glareone.eu\/de\/product\/glareone-silberner-schirm-76-cm\/#breadcrumb"},"inLanguage":"de","potentialAction":[{"@type":"ReadAction","target":["https:\/\/glareone.eu\/de\/product\/glareone-silberner-schirm-76-cm\/"]}]},{"@type":"ImageObject","inLanguage":"de","@id":"https:\/\/glareone.eu\/de\/product\/glareone-silberner-schirm-76-cm\/#primaryimage","url":"https:\/\/glareone.eu\/wp-content\/uploads\/2024\/04\/SUMBS76.jpg","contentUrl":"https:\/\/glareone.eu\/wp-content\/uploads\/2024\/04\/SUMBS76.jpg","width":1000,"height":1000},{"@type":"BreadcrumbList","@id":"https:\/\/glareone.eu\/de\/product\/glareone-silberner-schirm-76-cm\/#breadcrumb","itemListElement":[{"@type":"ListItem","position":1,"name":"Strona g\u0142\u00f3wna","item":"https:\/\/glareone.eu\/de\/"},{"@type":"ListItem","position":2,"name":"Alle Produkte","item":"https:\/\/glareone.eu\/de\/produkte\/alle-produkte\/"},{"@type":"ListItem","position":3,"name":"GlareOne Silberner Schirm 76 cm"}]},{"@type":"WebSite","@id":"https:\/\/glareone.eu\/de\/en\/#website","url":"https:\/\/glareone.eu\/de\/en\/","name":"GlareOne","description":"Wyposa\u017cenie Studia","publisher":{"@id":"https:\/\/glareone.eu\/de\/en\/#organization"},"potentialAction":[{"@type":"SearchAction","target":{"@type":"EntryPoint","urlTemplate":"https:\/\/glareone.eu\/de\/en\/?s={search_term_string}"},"query-input":{"@type":"PropertyValueSpecification","valueRequired":true,"valueName":"search_term_string"}}],"inLanguage":"de"},{"@type":"Organization","@id":"https:\/\/glareone.eu\/de\/en\/#organization","name":"GlareOne","url":"https:\/\/glareone.eu\/de\/en\/","logo":{"@type":"ImageObject","inLanguage":"de","@id":"https:\/\/glareone.eu\/de\/en\/#\/schema\/logo\/image\/","url":"http:\/\/glareone.eu\/wp-content\/uploads\/2024\/05\/glareone_logo2020_RGB-01-e1715773127189.png","contentUrl":"http:\/\/glareone.eu\/wp-content\/uploads\/2024\/05\/glareone_logo2020_RGB-01-e1715773127189.png","width":1270,"height":321,"caption":"GlareOne"},"image":{"@id":"https:\/\/glareone.eu\/de\/en\/#\/schema\/logo\/image\/"},"sameAs":["https:\/\/www.facebook.com\/GlareOneLighting","https:\/\/www.instagram.com\/glareonelighting\/","https:\/\/www.youtube.com\/@GlareOneTV"]}]}},"_links":{"self":[{"href":"https:\/\/glareone.eu\/de\/wp-json\/wp\/v2\/product\/6120","targetHints":{"allow":["GET"]}}],"collection":[{"href":"https:\/\/glareone.eu\/de\/wp-json\/wp\/v2\/product"}],"about":[{"href":"https:\/\/glareone.eu\/de\/wp-json\/wp\/v2\/types\/product"}],"wp:featuredmedia":[{"embeddable":true,"href":"https:\/\/glareone.eu\/de\/wp-json\/wp\/v2\/media\/6117"}],"wp:attachment":[{"href":"https:\/\/glareone.eu\/de\/wp-json\/wp\/v2\/media?parent=6120"}],"wp:term":[{"taxonomy":"product_brand","embeddable":true,"href":"https:\/\/glareone.eu\/de\/wp-json\/wp\/v2\/product_brand?post=6120"},{"taxonomy":"product_cat","embeddable":true,"href":"https:\/\/glareone.eu\/de\/wp-json\/wp\/v2\/product_cat?post=6120"},{"taxonomy":"product_tag","embeddable":true,"href":"https:\/\/glareone.eu\/de\/wp-json\/wp\/v2\/product_tag?post=6120"}],"curies":[{"name":"wp","href":"https:\/\/api.w.org\/{rel}","templated":true}]}}