{"id":6042,"date":"2024-04-18T19:26:29","date_gmt":"2024-04-18T19:26:29","guid":{"rendered":"http:\/\/glareone.eu\/produkt\/glareone-mini-glide\/"},"modified":"2024-05-07T08:02:27","modified_gmt":"2024-05-07T08:02:27","slug":"glareone-mini-glide","status":"publish","type":"product","link":"https:\/\/glareone.eu\/de\/product\/glareone-mini-glide\/","title":{"rendered":"GlareOne Mini Glide &#8211; Studio St\u00e4nder"},"content":{"rendered":"<p>Low Stand mit abnehmbarer Mittels\u00e4ule.<\/p>\n<h3>Du brauchst es<\/h3>\n<p>Der Mini Glide ist ein unverzichtbares Werkzeug in jedem Studio. Dank dieses kleinen St\u00e4nders kannst du dein Licht nah am Boden platzieren und viele einzigartige M\u00f6glichkeiten beim Einrichten der gesamten Szene nutzen. Der Mini Glide kann dein Hintergrundlicht hinter dem Motiv verstecken oder F\u00fclllicht direkt unterhalb des Objektiv-Sichtfelds bei Portr\u00e4taufnahmen platzieren.<\/p>\n<h3>Details<\/h3>\n<p>Der Mini Glide ist mit 40 mm Rollen ausgestattet, die es einfach machen, den St\u00e4nder mit dem Licht und dem Softbox zu bewegen. Du kannst die eingebaute Bremse verwenden, um ihn gegen unbeabsichtigte Bewegungen zu sichern. Der Zapfen hat zwei Befestigungspunkte: 1\/4\u201d und 3\/8\u201d und kann in vertikaler und horizontaler Position montiert werden. Du kannst eines der Beine nach oben und unten neigen, um den Winkel des gesamten St\u00e4nders zu \u00e4ndern und ihn in aufrechter Position zu halten.<\/p>\n<h3>Robust<\/h3>\n<p>Die Beine, Gelenke und Rohre bestehen aus Metall, um Haltbarkeit, Steifigkeit und lange Lebensdauer zu gew\u00e4hrleisten. Die einzigen nicht-metallischen Teile sind die Schraubgriffe, die die Position der Abschnitte fixieren, und die R\u00e4der.<\/p>\n<h3>Produktmerkmale:<\/h3>\n<ul>\n<li>Mittels\u00e4ule verstellbar von 68~48 cm<\/li>\n<li>Breiter Beinst\u00fctzpunkt und niedriger Schwerpunkt<\/li>\n<li>Beine und ihr Verbinder sind aus Stahl gefertigt<\/li>\n<li>Ein Bein erm\u00f6glicht die Einstellung des Standwinkels<\/li>\n<li>Der Montagezapfen ist umkehrbar und abnehmbar<\/li>\n<li>Die Mindesth\u00f6he betr\u00e4gt 19 cm (ohne Mittels\u00e4ule)<\/li>\n<li>Set von R\u00e4dern inklusive<\/li>\n<li>Tragf\u00e4higkeit von bis zu 6 kg<\/li>\n<\/ul>\n","protected":false},"excerpt":{"rendered":"<p>Low Stand mit abnehmbarer Mittels\u00e4ule. Du brauchst es Der Mini Glide ist ein unverzichtbares Werkzeug in jedem Studio. Dank dieses kleinen St\u00e4nders kannst du dein Licht nah am Boden platzieren und viele einzigartige M\u00f6glichkeiten beim Einrichten der gesamten Szene nutzen. Der Mini Glide kann dein Hintergrundlicht hinter dem Motiv verstecken oder F\u00fclllicht direkt unterhalb des [&hellip;]<\/p>\n","protected":false},"featured_media":6023,"template":"","meta":[],"product_brand":[],"product_cat":[413],"product_tag":[],"class_list":{"0":"post-6042","1":"product","2":"type-product","3":"status-publish","4":"has-post-thumbnail","6":"product_cat-glide-de","8":"first","9":"instock","10":"product-type-simple"},"yoast_head":"<!-- This site is optimized with the Yoast SEO plugin v27.2 - https:\/\/yoast.com\/product\/yoast-seo-wordpress\/ -->\n<title>GlareOne Mini Glide - niski statyw o\u015bwietleniowy<\/title>\n<meta name=\"description\" content=\"GlareOne Mini Glide - niski statyw o\u015bwietleniowy\" \/>\n<meta name=\"robots\" content=\"index, follow, max-snippet:-1, max-image-preview:large, max-video-preview:-1\" \/>\n<link rel=\"canonical\" href=\"https:\/\/glareone.eu\/de\/product\/glareone-mini-glide\/\" \/>\n<meta property=\"og:locale\" content=\"de_DE\" \/>\n<meta property=\"og:type\" content=\"article\" \/>\n<meta property=\"og:title\" content=\"GlareOne Mini Glide - niski statyw o\u015bwietleniowy\" \/>\n<meta property=\"og:description\" content=\"GlareOne Mini Glide - niski statyw o\u015bwietleniowy\" \/>\n<meta property=\"og:url\" content=\"https:\/\/glareone.eu\/de\/product\/glareone-mini-glide\/\" \/>\n<meta property=\"og:site_name\" content=\"GlareOne\" \/>\n<meta property=\"article:publisher\" content=\"https:\/\/www.facebook.com\/GlareOneLighting\" \/>\n<meta property=\"article:modified_time\" content=\"2024-05-07T08:02:27+00:00\" \/>\n<meta property=\"og:image\" content=\"https:\/\/glareone.eu\/wp-content\/uploads\/2024\/04\/GlareOne-Mini-Glide-01.jpg\" \/>\n\t<meta property=\"og:image:width\" content=\"1200\" \/>\n\t<meta property=\"og:image:height\" content=\"1200\" \/>\n\t<meta property=\"og:image:type\" content=\"image\/jpeg\" \/>\n<meta name=\"twitter:card\" content=\"summary_large_image\" \/>\n<meta name=\"twitter:title\" content=\"GlareOne Mini Glide - niski statyw o\u015bwietleniowy\" \/>\n<meta name=\"twitter:label1\" content=\"Gesch\u00e4tzte Lesezeit\" \/>\n\t<meta name=\"twitter:data1\" content=\"2\u00a0Minuten\" \/>\n<script type=\"application\/ld+json\" class=\"yoast-schema-graph\">{\"@context\":\"https:\/\/schema.org\",\"@graph\":[{\"@type\":\"WebPage\",\"@id\":\"https:\/\/glareone.eu\/de\/product\/glareone-mini-glide\/\",\"url\":\"https:\/\/glareone.eu\/de\/product\/glareone-mini-glide\/\",\"name\":\"GlareOne Mini Glide - niski statyw o\u015bwietleniowy\",\"isPartOf\":{\"@id\":\"https:\/\/glareone.eu\/de\/en\/#website\"},\"primaryImageOfPage\":{\"@id\":\"https:\/\/glareone.eu\/de\/product\/glareone-mini-glide\/#primaryimage\"},\"image\":{\"@id\":\"https:\/\/glareone.eu\/de\/product\/glareone-mini-glide\/#primaryimage\"},\"thumbnailUrl\":\"https:\/\/glareone.eu\/wp-content\/uploads\/2024\/04\/GlareOne-Mini-Glide-01.jpg\",\"datePublished\":\"2024-04-18T19:26:29+00:00\",\"dateModified\":\"2024-05-07T08:02:27+00:00\",\"description\":\"GlareOne Mini Glide - niski statyw o\u015bwietleniowy\",\"breadcrumb\":{\"@id\":\"https:\/\/glareone.eu\/de\/product\/glareone-mini-glide\/#breadcrumb\"},\"inLanguage\":\"de\",\"potentialAction\":[{\"@type\":\"ReadAction\",\"target\":[\"https:\/\/glareone.eu\/de\/product\/glareone-mini-glide\/\"]}]},{\"@type\":\"ImageObject\",\"inLanguage\":\"de\",\"@id\":\"https:\/\/glareone.eu\/de\/product\/glareone-mini-glide\/#primaryimage\",\"url\":\"https:\/\/glareone.eu\/wp-content\/uploads\/2024\/04\/GlareOne-Mini-Glide-01.jpg\",\"contentUrl\":\"https:\/\/glareone.eu\/wp-content\/uploads\/2024\/04\/GlareOne-Mini-Glide-01.jpg\",\"width\":1200,\"height\":1200},{\"@type\":\"BreadcrumbList\",\"@id\":\"https:\/\/glareone.eu\/de\/product\/glareone-mini-glide\/#breadcrumb\",\"itemListElement\":[{\"@type\":\"ListItem\",\"position\":1,\"name\":\"Strona g\u0142\u00f3wna\",\"item\":\"https:\/\/glareone.eu\/de\/\"},{\"@type\":\"ListItem\",\"position\":2,\"name\":\"Alle Produkte\",\"item\":\"https:\/\/glareone.eu\/de\/produkte\/alle-produkte\/\"},{\"@type\":\"ListItem\",\"position\":3,\"name\":\"GlareOne Mini Glide &#8211; Studio St\u00e4nder\"}]},{\"@type\":\"WebSite\",\"@id\":\"https:\/\/glareone.eu\/de\/en\/#website\",\"url\":\"https:\/\/glareone.eu\/de\/en\/\",\"name\":\"GlareOne\",\"description\":\"Wyposa\u017cenie Studia\",\"publisher\":{\"@id\":\"https:\/\/glareone.eu\/de\/en\/#organization\"},\"potentialAction\":[{\"@type\":\"SearchAction\",\"target\":{\"@type\":\"EntryPoint\",\"urlTemplate\":\"https:\/\/glareone.eu\/de\/en\/?s={search_term_string}\"},\"query-input\":{\"@type\":\"PropertyValueSpecification\",\"valueRequired\":true,\"valueName\":\"search_term_string\"}}],\"inLanguage\":\"de\"},{\"@type\":\"Organization\",\"@id\":\"https:\/\/glareone.eu\/de\/en\/#organization\",\"name\":\"GlareOne\",\"url\":\"https:\/\/glareone.eu\/de\/en\/\",\"logo\":{\"@type\":\"ImageObject\",\"inLanguage\":\"de\",\"@id\":\"https:\/\/glareone.eu\/de\/en\/#\/schema\/logo\/image\/\",\"url\":\"http:\/\/glareone.eu\/wp-content\/uploads\/2024\/05\/glareone_logo2020_RGB-01-e1715773127189.png\",\"contentUrl\":\"http:\/\/glareone.eu\/wp-content\/uploads\/2024\/05\/glareone_logo2020_RGB-01-e1715773127189.png\",\"width\":1270,\"height\":321,\"caption\":\"GlareOne\"},\"image\":{\"@id\":\"https:\/\/glareone.eu\/de\/en\/#\/schema\/logo\/image\/\"},\"sameAs\":[\"https:\/\/www.facebook.com\/GlareOneLighting\",\"https:\/\/www.instagram.com\/glareonelighting\/\",\"https:\/\/www.youtube.com\/@GlareOneTV\"]}]}<\/script>\n<!-- \/ Yoast SEO plugin. -->","yoast_head_json":{"title":"GlareOne Mini Glide - niski statyw o\u015bwietleniowy","description":"GlareOne Mini Glide - niski statyw o\u015bwietleniowy","robots":{"index":"index","follow":"follow","max-snippet":"max-snippet:-1","max-image-preview":"max-image-preview:large","max-video-preview":"max-video-preview:-1"},"canonical":"https:\/\/glareone.eu\/de\/product\/glareone-mini-glide\/","og_locale":"de_DE","og_type":"article","og_title":"GlareOne Mini Glide - niski statyw o\u015bwietleniowy","og_description":"GlareOne Mini Glide - niski statyw o\u015bwietleniowy","og_url":"https:\/\/glareone.eu\/de\/product\/glareone-mini-glide\/","og_site_name":"GlareOne","article_publisher":"https:\/\/www.facebook.com\/GlareOneLighting","article_modified_time":"2024-05-07T08:02:27+00:00","og_image":[{"width":1200,"height":1200,"url":"https:\/\/glareone.eu\/wp-content\/uploads\/2024\/04\/GlareOne-Mini-Glide-01.jpg","type":"image\/jpeg"}],"twitter_card":"summary_large_image","twitter_title":"GlareOne Mini Glide - niski statyw o\u015bwietleniowy","twitter_misc":{"Gesch\u00e4tzte Lesezeit":"2\u00a0Minuten"},"schema":{"@context":"https:\/\/schema.org","@graph":[{"@type":"WebPage","@id":"https:\/\/glareone.eu\/de\/product\/glareone-mini-glide\/","url":"https:\/\/glareone.eu\/de\/product\/glareone-mini-glide\/","name":"GlareOne Mini Glide - niski statyw o\u015bwietleniowy","isPartOf":{"@id":"https:\/\/glareone.eu\/de\/en\/#website"},"primaryImageOfPage":{"@id":"https:\/\/glareone.eu\/de\/product\/glareone-mini-glide\/#primaryimage"},"image":{"@id":"https:\/\/glareone.eu\/de\/product\/glareone-mini-glide\/#primaryimage"},"thumbnailUrl":"https:\/\/glareone.eu\/wp-content\/uploads\/2024\/04\/GlareOne-Mini-Glide-01.jpg","datePublished":"2024-04-18T19:26:29+00:00","dateModified":"2024-05-07T08:02:27+00:00","description":"GlareOne Mini Glide - niski statyw o\u015bwietleniowy","breadcrumb":{"@id":"https:\/\/glareone.eu\/de\/product\/glareone-mini-glide\/#breadcrumb"},"inLanguage":"de","potentialAction":[{"@type":"ReadAction","target":["https:\/\/glareone.eu\/de\/product\/glareone-mini-glide\/"]}]},{"@type":"ImageObject","inLanguage":"de","@id":"https:\/\/glareone.eu\/de\/product\/glareone-mini-glide\/#primaryimage","url":"https:\/\/glareone.eu\/wp-content\/uploads\/2024\/04\/GlareOne-Mini-Glide-01.jpg","contentUrl":"https:\/\/glareone.eu\/wp-content\/uploads\/2024\/04\/GlareOne-Mini-Glide-01.jpg","width":1200,"height":1200},{"@type":"BreadcrumbList","@id":"https:\/\/glareone.eu\/de\/product\/glareone-mini-glide\/#breadcrumb","itemListElement":[{"@type":"ListItem","position":1,"name":"Strona g\u0142\u00f3wna","item":"https:\/\/glareone.eu\/de\/"},{"@type":"ListItem","position":2,"name":"Alle Produkte","item":"https:\/\/glareone.eu\/de\/produkte\/alle-produkte\/"},{"@type":"ListItem","position":3,"name":"GlareOne Mini Glide &#8211; Studio St\u00e4nder"}]},{"@type":"WebSite","@id":"https:\/\/glareone.eu\/de\/en\/#website","url":"https:\/\/glareone.eu\/de\/en\/","name":"GlareOne","description":"Wyposa\u017cenie Studia","publisher":{"@id":"https:\/\/glareone.eu\/de\/en\/#organization"},"potentialAction":[{"@type":"SearchAction","target":{"@type":"EntryPoint","urlTemplate":"https:\/\/glareone.eu\/de\/en\/?s={search_term_string}"},"query-input":{"@type":"PropertyValueSpecification","valueRequired":true,"valueName":"search_term_string"}}],"inLanguage":"de"},{"@type":"Organization","@id":"https:\/\/glareone.eu\/de\/en\/#organization","name":"GlareOne","url":"https:\/\/glareone.eu\/de\/en\/","logo":{"@type":"ImageObject","inLanguage":"de","@id":"https:\/\/glareone.eu\/de\/en\/#\/schema\/logo\/image\/","url":"http:\/\/glareone.eu\/wp-content\/uploads\/2024\/05\/glareone_logo2020_RGB-01-e1715773127189.png","contentUrl":"http:\/\/glareone.eu\/wp-content\/uploads\/2024\/05\/glareone_logo2020_RGB-01-e1715773127189.png","width":1270,"height":321,"caption":"GlareOne"},"image":{"@id":"https:\/\/glareone.eu\/de\/en\/#\/schema\/logo\/image\/"},"sameAs":["https:\/\/www.facebook.com\/GlareOneLighting","https:\/\/www.instagram.com\/glareonelighting\/","https:\/\/www.youtube.com\/@GlareOneTV"]}]}},"_links":{"self":[{"href":"https:\/\/glareone.eu\/de\/wp-json\/wp\/v2\/product\/6042","targetHints":{"allow":["GET"]}}],"collection":[{"href":"https:\/\/glareone.eu\/de\/wp-json\/wp\/v2\/product"}],"about":[{"href":"https:\/\/glareone.eu\/de\/wp-json\/wp\/v2\/types\/product"}],"wp:featuredmedia":[{"embeddable":true,"href":"https:\/\/glareone.eu\/de\/wp-json\/wp\/v2\/media\/6023"}],"wp:attachment":[{"href":"https:\/\/glareone.eu\/de\/wp-json\/wp\/v2\/media?parent=6042"}],"wp:term":[{"taxonomy":"product_brand","embeddable":true,"href":"https:\/\/glareone.eu\/de\/wp-json\/wp\/v2\/product_brand?post=6042"},{"taxonomy":"product_cat","embeddable":true,"href":"https:\/\/glareone.eu\/de\/wp-json\/wp\/v2\/product_cat?post=6042"},{"taxonomy":"product_tag","embeddable":true,"href":"https:\/\/glareone.eu\/de\/wp-json\/wp\/v2\/product_tag?post=6042"}],"curies":[{"name":"wp","href":"https:\/\/api.w.org\/{rel}","templated":true}]}}