{"id":5960,"date":"2024-04-18T19:26:22","date_gmt":"2024-04-18T19:26:22","guid":{"rendered":"http:\/\/glareone.eu\/produkt\/glareone-canvas-08\/"},"modified":"2024-05-07T07:28:54","modified_gmt":"2024-05-07T07:28:54","slug":"glareone-canvas-08","status":"publish","type":"product","link":"https:\/\/glareone.eu\/de\/product\/glareone-canvas-08\/","title":{"rendered":"GlareOne Canvas 08 &#8211; Stoffhintergrund 2,8&#215;2,6 m"},"content":{"rendered":"<p>GlareOne Canvas ist ein farbiges Hintergrundtuch aus 100 g\/m\u00b2 Baumwolle mit einem \u00c4rmel zur einfachen Befestigung an Hintergrund-Aufh\u00e4ngesystemen mit Querstange.<\/p>\n<h3><strong>Produktmerkmale:<\/strong><\/h3>\n<ul>\n<li>Hergestellt aus Baumwolle mit einem Gewicht von 100 g\/m\u00b2<\/li>\n<li>Gekennzeichnet durch sehr gute F\u00e4rbung des Materials<\/li>\n<li>Verursacht keine Lichtreflexionen<\/li>\n<li>Ausgestattet mit einem \u00c4rmel zur Befestigung an der Querstange<\/li>\n<li>Hat ges\u00e4umte Kanten<\/li>\n<li>Kann von Hand oder in der Maschine gewaschen und geb\u00fcgelt werden<\/li>\n<\/ul>\n","protected":false},"excerpt":{"rendered":"<p>GlareOne Canvas ist ein farbiges Hintergrundtuch aus 100 g\/m\u00b2 Baumwolle mit einem \u00c4rmel zur einfachen Befestigung an Hintergrund-Aufh\u00e4ngesystemen mit Querstange. Produktmerkmale: Hergestellt aus Baumwolle mit einem Gewicht von 100 g\/m\u00b2 Gekennzeichnet durch sehr gute F\u00e4rbung des Materials Verursacht keine Lichtreflexionen Ausgestattet mit einem \u00c4rmel zur Befestigung an der Querstange Hat ges\u00e4umte Kanten Kann von Hand [&hellip;]<\/p>\n","protected":false},"featured_media":13262,"template":"","meta":[],"product_brand":[],"product_cat":[436],"product_tag":[],"class_list":{"0":"post-5960","1":"product","2":"type-product","3":"status-publish","4":"has-post-thumbnail","6":"product_cat-backdrops-und-hintergrundstutzsysteme","8":"first","9":"instock","10":"product-type-simple"},"yoast_head":"<!-- This site is optimized with the Yoast SEO plugin v27.2 - https:\/\/yoast.com\/product\/yoast-seo-wordpress\/ -->\n<title>GlareOne Canvas 08 - t\u0142o materia\u0142owe 2,8x2,6 m<\/title>\n<meta name=\"description\" content=\"GlareOne Canvas 08 - t\u0142o materia\u0142owe 2,8x2,6 m\" \/>\n<meta name=\"robots\" content=\"index, follow, max-snippet:-1, max-image-preview:large, max-video-preview:-1\" \/>\n<link rel=\"canonical\" href=\"https:\/\/glareone.eu\/de\/product\/glareone-canvas-08\/\" \/>\n<meta property=\"og:locale\" content=\"de_DE\" \/>\n<meta property=\"og:type\" content=\"article\" \/>\n<meta property=\"og:title\" content=\"GlareOne Canvas 08 - t\u0142o materia\u0142owe 2,8x2,6 m\" \/>\n<meta property=\"og:description\" content=\"GlareOne Canvas 08 - t\u0142o materia\u0142owe 2,8x2,6 m\" \/>\n<meta property=\"og:url\" content=\"https:\/\/glareone.eu\/de\/product\/glareone-canvas-08\/\" \/>\n<meta property=\"og:site_name\" content=\"GlareOne\" \/>\n<meta property=\"article:publisher\" content=\"https:\/\/www.facebook.com\/GlareOneLighting\" \/>\n<meta property=\"article:modified_time\" content=\"2024-05-07T07:28:54+00:00\" \/>\n<meta property=\"og:image\" content=\"https:\/\/glareone.eu\/wp-content\/uploads\/2024\/04\/SBACAN08-01_tn-1.jpg\" \/>\n\t<meta property=\"og:image:width\" content=\"1200\" \/>\n\t<meta property=\"og:image:height\" content=\"1200\" \/>\n\t<meta property=\"og:image:type\" content=\"image\/jpeg\" \/>\n<meta name=\"twitter:card\" content=\"summary_large_image\" \/>\n<meta name=\"twitter:title\" content=\"GlareOne Canvas 08 - t\u0142o materia\u0142owe 2,8x2,6 m\" \/>\n<meta name=\"twitter:label1\" content=\"Gesch\u00e4tzte Lesezeit\" \/>\n\t<meta name=\"twitter:data1\" content=\"1\u00a0Minute\" \/>\n<script type=\"application\/ld+json\" class=\"yoast-schema-graph\">{\"@context\":\"https:\/\/schema.org\",\"@graph\":[{\"@type\":\"WebPage\",\"@id\":\"https:\/\/glareone.eu\/de\/product\/glareone-canvas-08\/\",\"url\":\"https:\/\/glareone.eu\/de\/product\/glareone-canvas-08\/\",\"name\":\"GlareOne Canvas 08 - t\u0142o materia\u0142owe 2,8x2,6 m\",\"isPartOf\":{\"@id\":\"https:\/\/glareone.eu\/de\/en\/#website\"},\"primaryImageOfPage\":{\"@id\":\"https:\/\/glareone.eu\/de\/product\/glareone-canvas-08\/#primaryimage\"},\"image\":{\"@id\":\"https:\/\/glareone.eu\/de\/product\/glareone-canvas-08\/#primaryimage\"},\"thumbnailUrl\":\"https:\/\/glareone.eu\/wp-content\/uploads\/2024\/04\/SBACAN08-01_tn-1.jpg\",\"datePublished\":\"2024-04-18T19:26:22+00:00\",\"dateModified\":\"2024-05-07T07:28:54+00:00\",\"description\":\"GlareOne Canvas 08 - t\u0142o materia\u0142owe 2,8x2,6 m\",\"breadcrumb\":{\"@id\":\"https:\/\/glareone.eu\/de\/product\/glareone-canvas-08\/#breadcrumb\"},\"inLanguage\":\"de\",\"potentialAction\":[{\"@type\":\"ReadAction\",\"target\":[\"https:\/\/glareone.eu\/de\/product\/glareone-canvas-08\/\"]}]},{\"@type\":\"ImageObject\",\"inLanguage\":\"de\",\"@id\":\"https:\/\/glareone.eu\/de\/product\/glareone-canvas-08\/#primaryimage\",\"url\":\"https:\/\/glareone.eu\/wp-content\/uploads\/2024\/04\/SBACAN08-01_tn-1.jpg\",\"contentUrl\":\"https:\/\/glareone.eu\/wp-content\/uploads\/2024\/04\/SBACAN08-01_tn-1.jpg\",\"width\":1200,\"height\":1200},{\"@type\":\"BreadcrumbList\",\"@id\":\"https:\/\/glareone.eu\/de\/product\/glareone-canvas-08\/#breadcrumb\",\"itemListElement\":[{\"@type\":\"ListItem\",\"position\":1,\"name\":\"Strona g\u0142\u00f3wna\",\"item\":\"https:\/\/glareone.eu\/de\/\"},{\"@type\":\"ListItem\",\"position\":2,\"name\":\"Alle Produkte\",\"item\":\"https:\/\/glareone.eu\/de\/produkte\/alle-produkte\/\"},{\"@type\":\"ListItem\",\"position\":3,\"name\":\"GlareOne Canvas 08 &#8211; Stoffhintergrund 2,8&#215;2,6 m\"}]},{\"@type\":\"WebSite\",\"@id\":\"https:\/\/glareone.eu\/de\/en\/#website\",\"url\":\"https:\/\/glareone.eu\/de\/en\/\",\"name\":\"GlareOne\",\"description\":\"Wyposa\u017cenie Studia\",\"publisher\":{\"@id\":\"https:\/\/glareone.eu\/de\/en\/#organization\"},\"potentialAction\":[{\"@type\":\"SearchAction\",\"target\":{\"@type\":\"EntryPoint\",\"urlTemplate\":\"https:\/\/glareone.eu\/de\/en\/?s={search_term_string}\"},\"query-input\":{\"@type\":\"PropertyValueSpecification\",\"valueRequired\":true,\"valueName\":\"search_term_string\"}}],\"inLanguage\":\"de\"},{\"@type\":\"Organization\",\"@id\":\"https:\/\/glareone.eu\/de\/en\/#organization\",\"name\":\"GlareOne\",\"url\":\"https:\/\/glareone.eu\/de\/en\/\",\"logo\":{\"@type\":\"ImageObject\",\"inLanguage\":\"de\",\"@id\":\"https:\/\/glareone.eu\/de\/en\/#\/schema\/logo\/image\/\",\"url\":\"http:\/\/glareone.eu\/wp-content\/uploads\/2024\/05\/glareone_logo2020_RGB-01-e1715773127189.png\",\"contentUrl\":\"http:\/\/glareone.eu\/wp-content\/uploads\/2024\/05\/glareone_logo2020_RGB-01-e1715773127189.png\",\"width\":1270,\"height\":321,\"caption\":\"GlareOne\"},\"image\":{\"@id\":\"https:\/\/glareone.eu\/de\/en\/#\/schema\/logo\/image\/\"},\"sameAs\":[\"https:\/\/www.facebook.com\/GlareOneLighting\",\"https:\/\/www.instagram.com\/glareonelighting\/\",\"https:\/\/www.youtube.com\/@GlareOneTV\"]}]}<\/script>\n<!-- \/ Yoast SEO plugin. -->","yoast_head_json":{"title":"GlareOne Canvas 08 - t\u0142o materia\u0142owe 2,8x2,6 m","description":"GlareOne Canvas 08 - t\u0142o materia\u0142owe 2,8x2,6 m","robots":{"index":"index","follow":"follow","max-snippet":"max-snippet:-1","max-image-preview":"max-image-preview:large","max-video-preview":"max-video-preview:-1"},"canonical":"https:\/\/glareone.eu\/de\/product\/glareone-canvas-08\/","og_locale":"de_DE","og_type":"article","og_title":"GlareOne Canvas 08 - t\u0142o materia\u0142owe 2,8x2,6 m","og_description":"GlareOne Canvas 08 - t\u0142o materia\u0142owe 2,8x2,6 m","og_url":"https:\/\/glareone.eu\/de\/product\/glareone-canvas-08\/","og_site_name":"GlareOne","article_publisher":"https:\/\/www.facebook.com\/GlareOneLighting","article_modified_time":"2024-05-07T07:28:54+00:00","og_image":[{"width":1200,"height":1200,"url":"https:\/\/glareone.eu\/wp-content\/uploads\/2024\/04\/SBACAN08-01_tn-1.jpg","type":"image\/jpeg"}],"twitter_card":"summary_large_image","twitter_title":"GlareOne Canvas 08 - t\u0142o materia\u0142owe 2,8x2,6 m","twitter_misc":{"Gesch\u00e4tzte Lesezeit":"1\u00a0Minute"},"schema":{"@context":"https:\/\/schema.org","@graph":[{"@type":"WebPage","@id":"https:\/\/glareone.eu\/de\/product\/glareone-canvas-08\/","url":"https:\/\/glareone.eu\/de\/product\/glareone-canvas-08\/","name":"GlareOne Canvas 08 - t\u0142o materia\u0142owe 2,8x2,6 m","isPartOf":{"@id":"https:\/\/glareone.eu\/de\/en\/#website"},"primaryImageOfPage":{"@id":"https:\/\/glareone.eu\/de\/product\/glareone-canvas-08\/#primaryimage"},"image":{"@id":"https:\/\/glareone.eu\/de\/product\/glareone-canvas-08\/#primaryimage"},"thumbnailUrl":"https:\/\/glareone.eu\/wp-content\/uploads\/2024\/04\/SBACAN08-01_tn-1.jpg","datePublished":"2024-04-18T19:26:22+00:00","dateModified":"2024-05-07T07:28:54+00:00","description":"GlareOne Canvas 08 - t\u0142o materia\u0142owe 2,8x2,6 m","breadcrumb":{"@id":"https:\/\/glareone.eu\/de\/product\/glareone-canvas-08\/#breadcrumb"},"inLanguage":"de","potentialAction":[{"@type":"ReadAction","target":["https:\/\/glareone.eu\/de\/product\/glareone-canvas-08\/"]}]},{"@type":"ImageObject","inLanguage":"de","@id":"https:\/\/glareone.eu\/de\/product\/glareone-canvas-08\/#primaryimage","url":"https:\/\/glareone.eu\/wp-content\/uploads\/2024\/04\/SBACAN08-01_tn-1.jpg","contentUrl":"https:\/\/glareone.eu\/wp-content\/uploads\/2024\/04\/SBACAN08-01_tn-1.jpg","width":1200,"height":1200},{"@type":"BreadcrumbList","@id":"https:\/\/glareone.eu\/de\/product\/glareone-canvas-08\/#breadcrumb","itemListElement":[{"@type":"ListItem","position":1,"name":"Strona g\u0142\u00f3wna","item":"https:\/\/glareone.eu\/de\/"},{"@type":"ListItem","position":2,"name":"Alle Produkte","item":"https:\/\/glareone.eu\/de\/produkte\/alle-produkte\/"},{"@type":"ListItem","position":3,"name":"GlareOne Canvas 08 &#8211; Stoffhintergrund 2,8&#215;2,6 m"}]},{"@type":"WebSite","@id":"https:\/\/glareone.eu\/de\/en\/#website","url":"https:\/\/glareone.eu\/de\/en\/","name":"GlareOne","description":"Wyposa\u017cenie Studia","publisher":{"@id":"https:\/\/glareone.eu\/de\/en\/#organization"},"potentialAction":[{"@type":"SearchAction","target":{"@type":"EntryPoint","urlTemplate":"https:\/\/glareone.eu\/de\/en\/?s={search_term_string}"},"query-input":{"@type":"PropertyValueSpecification","valueRequired":true,"valueName":"search_term_string"}}],"inLanguage":"de"},{"@type":"Organization","@id":"https:\/\/glareone.eu\/de\/en\/#organization","name":"GlareOne","url":"https:\/\/glareone.eu\/de\/en\/","logo":{"@type":"ImageObject","inLanguage":"de","@id":"https:\/\/glareone.eu\/de\/en\/#\/schema\/logo\/image\/","url":"http:\/\/glareone.eu\/wp-content\/uploads\/2024\/05\/glareone_logo2020_RGB-01-e1715773127189.png","contentUrl":"http:\/\/glareone.eu\/wp-content\/uploads\/2024\/05\/glareone_logo2020_RGB-01-e1715773127189.png","width":1270,"height":321,"caption":"GlareOne"},"image":{"@id":"https:\/\/glareone.eu\/de\/en\/#\/schema\/logo\/image\/"},"sameAs":["https:\/\/www.facebook.com\/GlareOneLighting","https:\/\/www.instagram.com\/glareonelighting\/","https:\/\/www.youtube.com\/@GlareOneTV"]}]}},"_links":{"self":[{"href":"https:\/\/glareone.eu\/de\/wp-json\/wp\/v2\/product\/5960","targetHints":{"allow":["GET"]}}],"collection":[{"href":"https:\/\/glareone.eu\/de\/wp-json\/wp\/v2\/product"}],"about":[{"href":"https:\/\/glareone.eu\/de\/wp-json\/wp\/v2\/types\/product"}],"wp:featuredmedia":[{"embeddable":true,"href":"https:\/\/glareone.eu\/de\/wp-json\/wp\/v2\/media\/13262"}],"wp:attachment":[{"href":"https:\/\/glareone.eu\/de\/wp-json\/wp\/v2\/media?parent=5960"}],"wp:term":[{"taxonomy":"product_brand","embeddable":true,"href":"https:\/\/glareone.eu\/de\/wp-json\/wp\/v2\/product_brand?post=5960"},{"taxonomy":"product_cat","embeddable":true,"href":"https:\/\/glareone.eu\/de\/wp-json\/wp\/v2\/product_cat?post=5960"},{"taxonomy":"product_tag","embeddable":true,"href":"https:\/\/glareone.eu\/de\/wp-json\/wp\/v2\/product_tag?post=5960"}],"curies":[{"name":"wp","href":"https:\/\/api.w.org\/{rel}","templated":true}]}}