{"id":5797,"date":"2024-04-18T19:26:14","date_gmt":"2024-04-18T19:26:14","guid":{"rendered":"http:\/\/glareone.eu\/produkt\/glareone-namiot-bezcieniowy-80-cm\/"},"modified":"2024-05-07T06:47:14","modified_gmt":"2024-05-07T06:47:14","slug":"glareone-light-tent-80-cm","status":"publish","type":"product","link":"https:\/\/glareone.eu\/de\/product\/glareone-light-tent-80-cm\/","title":{"rendered":"GlareOne Light Tent 80 cm"},"content":{"rendered":"<p>Das GlareOne-Lichtzelt ist ein unverzichtbares Werkzeug f\u00fcr die Produktfotografie. Es erm\u00f6glicht eine gleichm\u00e4\u00dfige Beleuchtung des fotografierten Objekts &#8211; das verwendete Streumaterial gew\u00e4hrleistet eine gleichm\u00e4\u00dfige Lichtstreuung, stabile Farbtemperatur und eliminiert Schatten und Reflexionen.<\/p>\n<h3>Vorteile von GlareOne-Lichtzelten:<\/h3>\n<ul>\n<li>Empfohlen f\u00fcr kontinuierliche und Blitzlichtquellen.<\/li>\n<li>Das abnehmbare Frontpanel erm\u00f6glicht einen bequemen Zugang und erm\u00f6glicht weite Aufnahmewinkel. Bei Befestigung erm\u00f6glicht es das Fotografieren von stark reflektierenden Produkten &#8211; es hat ein Loch f\u00fcr das Objektiv.<\/li>\n<li>Wird mit 4 Hintergr\u00fcnden geliefert, die mit Klettverschluss befestigt sind: wei\u00df, schwarz, rot und blau.<\/li>\n<li>Einfacher und schneller Auf- und Abbau (\u00e4hnlich wie bei fotografischen Reflektoren).<\/li>\n<li>Die kompakte Gr\u00f6\u00dfe im zusammengeklappten Zustand erleichtert die Lagerung von GlareOne-Lichtzelten, selbst bei sehr begrenztem Platz.<\/li>\n<li>Eine breite Auswahl an Gr\u00f6\u00dfen erm\u00f6glicht die Auswahl des GlareOne-Lichtzelts entsprechend den individuellen Bed\u00fcrfnissen und der Gr\u00f6\u00dfe der fotografierten Produkte.<\/li>\n<li>Enth\u00e4lt eine Schutzh\u00fclle f\u00fcr den Transport, die auch zur Aufbewahrung des ungenutzten Zeltes empfohlen wird, um es vor Verschmutzung oder Staub zu sch\u00fctzen.<\/li>\n<\/ul>\n<h3>Verf\u00fcgbare Versionen von GlareOne-Lichtzelten:<\/h3>\n<ul>\n<li>50 cm Lichtzelt<\/li>\n<li>60 cm Lichtzelt<\/li>\n<li>80 cm Lichtzelt<\/li>\n<li>100 cm Lichtzelt<\/li>\n<li>120 cm Lichtzelt<\/li>\n<li>150 cm Lichtzelt<\/li>\n<\/ul>\n","protected":false},"excerpt":{"rendered":"<p>Das GlareOne-Lichtzelt ist ein unverzichtbares Werkzeug f\u00fcr die Produktfotografie. Es erm\u00f6glicht eine gleichm\u00e4\u00dfige Beleuchtung des fotografierten Objekts &#8211; das verwendete Streumaterial gew\u00e4hrleistet eine gleichm\u00e4\u00dfige Lichtstreuung, stabile Farbtemperatur und eliminiert Schatten und Reflexionen. Vorteile von GlareOne-Lichtzelten: Empfohlen f\u00fcr kontinuierliche und Blitzlichtquellen. Das abnehmbare Frontpanel erm\u00f6glicht einen bequemen Zugang und erm\u00f6glicht weite Aufnahmewinkel. Bei Befestigung erm\u00f6glicht es [&hellip;]<\/p>\n","protected":false},"featured_media":5794,"template":"","meta":[],"product_brand":[],"product_cat":[448],"product_tag":[],"class_list":{"0":"post-5797","1":"product","2":"type-product","3":"status-publish","4":"has-post-thumbnail","6":"product_cat-schattenlose-fotografie","8":"first","9":"instock","10":"product-type-simple"},"yoast_head":"<!-- This site is optimized with the Yoast SEO plugin v27.2 - https:\/\/yoast.com\/product\/yoast-seo-wordpress\/ -->\n<title>GlareOne Namiot bezcieniowy 80 cm<\/title>\n<meta name=\"description\" content=\"GlareOne Namiot bezcieniowy 80 cm\" \/>\n<meta name=\"robots\" content=\"index, follow, max-snippet:-1, max-image-preview:large, max-video-preview:-1\" \/>\n<link rel=\"canonical\" href=\"https:\/\/glareone.eu\/de\/product\/glareone-light-tent-80-cm\/\" \/>\n<meta property=\"og:locale\" content=\"de_DE\" \/>\n<meta property=\"og:type\" content=\"article\" \/>\n<meta property=\"og:title\" content=\"GlareOne Namiot bezcieniowy 80 cm\" \/>\n<meta property=\"og:description\" content=\"GlareOne Namiot bezcieniowy 80 cm\" \/>\n<meta property=\"og:url\" content=\"https:\/\/glareone.eu\/de\/product\/glareone-light-tent-80-cm\/\" \/>\n<meta property=\"og:site_name\" content=\"GlareOne\" \/>\n<meta property=\"article:publisher\" content=\"https:\/\/www.facebook.com\/GlareOneLighting\" \/>\n<meta property=\"article:modified_time\" content=\"2024-05-07T06:47:14+00:00\" \/>\n<meta property=\"og:image\" content=\"https:\/\/glareone.eu\/wp-content\/uploads\/2024\/04\/SLT80_001.jpg\" \/>\n\t<meta property=\"og:image:width\" content=\"1000\" \/>\n\t<meta property=\"og:image:height\" content=\"1000\" \/>\n\t<meta property=\"og:image:type\" content=\"image\/jpeg\" \/>\n<meta name=\"twitter:card\" content=\"summary_large_image\" \/>\n<meta name=\"twitter:title\" content=\"GlareOne Namiot bezcieniowy 80 cm\" \/>\n<meta name=\"twitter:label1\" content=\"Gesch\u00e4tzte Lesezeit\" \/>\n\t<meta name=\"twitter:data1\" content=\"2\u00a0Minuten\" \/>\n<script type=\"application\/ld+json\" class=\"yoast-schema-graph\">{\"@context\":\"https:\/\/schema.org\",\"@graph\":[{\"@type\":\"WebPage\",\"@id\":\"https:\/\/glareone.eu\/de\/product\/glareone-light-tent-80-cm\/\",\"url\":\"https:\/\/glareone.eu\/de\/product\/glareone-light-tent-80-cm\/\",\"name\":\"GlareOne Namiot bezcieniowy 80 cm\",\"isPartOf\":{\"@id\":\"https:\/\/glareone.eu\/de\/en\/#website\"},\"primaryImageOfPage\":{\"@id\":\"https:\/\/glareone.eu\/de\/product\/glareone-light-tent-80-cm\/#primaryimage\"},\"image\":{\"@id\":\"https:\/\/glareone.eu\/de\/product\/glareone-light-tent-80-cm\/#primaryimage\"},\"thumbnailUrl\":\"https:\/\/glareone.eu\/wp-content\/uploads\/2024\/04\/SLT80_001.jpg\",\"datePublished\":\"2024-04-18T19:26:14+00:00\",\"dateModified\":\"2024-05-07T06:47:14+00:00\",\"description\":\"GlareOne Namiot bezcieniowy 80 cm\",\"breadcrumb\":{\"@id\":\"https:\/\/glareone.eu\/de\/product\/glareone-light-tent-80-cm\/#breadcrumb\"},\"inLanguage\":\"de\",\"potentialAction\":[{\"@type\":\"ReadAction\",\"target\":[\"https:\/\/glareone.eu\/de\/product\/glareone-light-tent-80-cm\/\"]}]},{\"@type\":\"ImageObject\",\"inLanguage\":\"de\",\"@id\":\"https:\/\/glareone.eu\/de\/product\/glareone-light-tent-80-cm\/#primaryimage\",\"url\":\"https:\/\/glareone.eu\/wp-content\/uploads\/2024\/04\/SLT80_001.jpg\",\"contentUrl\":\"https:\/\/glareone.eu\/wp-content\/uploads\/2024\/04\/SLT80_001.jpg\",\"width\":1000,\"height\":1000},{\"@type\":\"BreadcrumbList\",\"@id\":\"https:\/\/glareone.eu\/de\/product\/glareone-light-tent-80-cm\/#breadcrumb\",\"itemListElement\":[{\"@type\":\"ListItem\",\"position\":1,\"name\":\"Strona g\u0142\u00f3wna\",\"item\":\"https:\/\/glareone.eu\/de\/\"},{\"@type\":\"ListItem\",\"position\":2,\"name\":\"Alle Produkte\",\"item\":\"https:\/\/glareone.eu\/de\/produkte\/alle-produkte\/\"},{\"@type\":\"ListItem\",\"position\":3,\"name\":\"GlareOne Light Tent 80 cm\"}]},{\"@type\":\"WebSite\",\"@id\":\"https:\/\/glareone.eu\/de\/en\/#website\",\"url\":\"https:\/\/glareone.eu\/de\/en\/\",\"name\":\"GlareOne\",\"description\":\"Wyposa\u017cenie Studia\",\"publisher\":{\"@id\":\"https:\/\/glareone.eu\/de\/en\/#organization\"},\"potentialAction\":[{\"@type\":\"SearchAction\",\"target\":{\"@type\":\"EntryPoint\",\"urlTemplate\":\"https:\/\/glareone.eu\/de\/en\/?s={search_term_string}\"},\"query-input\":{\"@type\":\"PropertyValueSpecification\",\"valueRequired\":true,\"valueName\":\"search_term_string\"}}],\"inLanguage\":\"de\"},{\"@type\":\"Organization\",\"@id\":\"https:\/\/glareone.eu\/de\/en\/#organization\",\"name\":\"GlareOne\",\"url\":\"https:\/\/glareone.eu\/de\/en\/\",\"logo\":{\"@type\":\"ImageObject\",\"inLanguage\":\"de\",\"@id\":\"https:\/\/glareone.eu\/de\/en\/#\/schema\/logo\/image\/\",\"url\":\"http:\/\/glareone.eu\/wp-content\/uploads\/2024\/05\/glareone_logo2020_RGB-01-e1715773127189.png\",\"contentUrl\":\"http:\/\/glareone.eu\/wp-content\/uploads\/2024\/05\/glareone_logo2020_RGB-01-e1715773127189.png\",\"width\":1270,\"height\":321,\"caption\":\"GlareOne\"},\"image\":{\"@id\":\"https:\/\/glareone.eu\/de\/en\/#\/schema\/logo\/image\/\"},\"sameAs\":[\"https:\/\/www.facebook.com\/GlareOneLighting\",\"https:\/\/www.instagram.com\/glareonelighting\/\",\"https:\/\/www.youtube.com\/@GlareOneTV\"]}]}<\/script>\n<!-- \/ Yoast SEO plugin. -->","yoast_head_json":{"title":"GlareOne Namiot bezcieniowy 80 cm","description":"GlareOne Namiot bezcieniowy 80 cm","robots":{"index":"index","follow":"follow","max-snippet":"max-snippet:-1","max-image-preview":"max-image-preview:large","max-video-preview":"max-video-preview:-1"},"canonical":"https:\/\/glareone.eu\/de\/product\/glareone-light-tent-80-cm\/","og_locale":"de_DE","og_type":"article","og_title":"GlareOne Namiot bezcieniowy 80 cm","og_description":"GlareOne Namiot bezcieniowy 80 cm","og_url":"https:\/\/glareone.eu\/de\/product\/glareone-light-tent-80-cm\/","og_site_name":"GlareOne","article_publisher":"https:\/\/www.facebook.com\/GlareOneLighting","article_modified_time":"2024-05-07T06:47:14+00:00","og_image":[{"width":1000,"height":1000,"url":"https:\/\/glareone.eu\/wp-content\/uploads\/2024\/04\/SLT80_001.jpg","type":"image\/jpeg"}],"twitter_card":"summary_large_image","twitter_title":"GlareOne Namiot bezcieniowy 80 cm","twitter_misc":{"Gesch\u00e4tzte Lesezeit":"2\u00a0Minuten"},"schema":{"@context":"https:\/\/schema.org","@graph":[{"@type":"WebPage","@id":"https:\/\/glareone.eu\/de\/product\/glareone-light-tent-80-cm\/","url":"https:\/\/glareone.eu\/de\/product\/glareone-light-tent-80-cm\/","name":"GlareOne Namiot bezcieniowy 80 cm","isPartOf":{"@id":"https:\/\/glareone.eu\/de\/en\/#website"},"primaryImageOfPage":{"@id":"https:\/\/glareone.eu\/de\/product\/glareone-light-tent-80-cm\/#primaryimage"},"image":{"@id":"https:\/\/glareone.eu\/de\/product\/glareone-light-tent-80-cm\/#primaryimage"},"thumbnailUrl":"https:\/\/glareone.eu\/wp-content\/uploads\/2024\/04\/SLT80_001.jpg","datePublished":"2024-04-18T19:26:14+00:00","dateModified":"2024-05-07T06:47:14+00:00","description":"GlareOne Namiot bezcieniowy 80 cm","breadcrumb":{"@id":"https:\/\/glareone.eu\/de\/product\/glareone-light-tent-80-cm\/#breadcrumb"},"inLanguage":"de","potentialAction":[{"@type":"ReadAction","target":["https:\/\/glareone.eu\/de\/product\/glareone-light-tent-80-cm\/"]}]},{"@type":"ImageObject","inLanguage":"de","@id":"https:\/\/glareone.eu\/de\/product\/glareone-light-tent-80-cm\/#primaryimage","url":"https:\/\/glareone.eu\/wp-content\/uploads\/2024\/04\/SLT80_001.jpg","contentUrl":"https:\/\/glareone.eu\/wp-content\/uploads\/2024\/04\/SLT80_001.jpg","width":1000,"height":1000},{"@type":"BreadcrumbList","@id":"https:\/\/glareone.eu\/de\/product\/glareone-light-tent-80-cm\/#breadcrumb","itemListElement":[{"@type":"ListItem","position":1,"name":"Strona g\u0142\u00f3wna","item":"https:\/\/glareone.eu\/de\/"},{"@type":"ListItem","position":2,"name":"Alle Produkte","item":"https:\/\/glareone.eu\/de\/produkte\/alle-produkte\/"},{"@type":"ListItem","position":3,"name":"GlareOne Light Tent 80 cm"}]},{"@type":"WebSite","@id":"https:\/\/glareone.eu\/de\/en\/#website","url":"https:\/\/glareone.eu\/de\/en\/","name":"GlareOne","description":"Wyposa\u017cenie Studia","publisher":{"@id":"https:\/\/glareone.eu\/de\/en\/#organization"},"potentialAction":[{"@type":"SearchAction","target":{"@type":"EntryPoint","urlTemplate":"https:\/\/glareone.eu\/de\/en\/?s={search_term_string}"},"query-input":{"@type":"PropertyValueSpecification","valueRequired":true,"valueName":"search_term_string"}}],"inLanguage":"de"},{"@type":"Organization","@id":"https:\/\/glareone.eu\/de\/en\/#organization","name":"GlareOne","url":"https:\/\/glareone.eu\/de\/en\/","logo":{"@type":"ImageObject","inLanguage":"de","@id":"https:\/\/glareone.eu\/de\/en\/#\/schema\/logo\/image\/","url":"http:\/\/glareone.eu\/wp-content\/uploads\/2024\/05\/glareone_logo2020_RGB-01-e1715773127189.png","contentUrl":"http:\/\/glareone.eu\/wp-content\/uploads\/2024\/05\/glareone_logo2020_RGB-01-e1715773127189.png","width":1270,"height":321,"caption":"GlareOne"},"image":{"@id":"https:\/\/glareone.eu\/de\/en\/#\/schema\/logo\/image\/"},"sameAs":["https:\/\/www.facebook.com\/GlareOneLighting","https:\/\/www.instagram.com\/glareonelighting\/","https:\/\/www.youtube.com\/@GlareOneTV"]}]}},"_links":{"self":[{"href":"https:\/\/glareone.eu\/de\/wp-json\/wp\/v2\/product\/5797","targetHints":{"allow":["GET"]}}],"collection":[{"href":"https:\/\/glareone.eu\/de\/wp-json\/wp\/v2\/product"}],"about":[{"href":"https:\/\/glareone.eu\/de\/wp-json\/wp\/v2\/types\/product"}],"wp:featuredmedia":[{"embeddable":true,"href":"https:\/\/glareone.eu\/de\/wp-json\/wp\/v2\/media\/5794"}],"wp:attachment":[{"href":"https:\/\/glareone.eu\/de\/wp-json\/wp\/v2\/media?parent=5797"}],"wp:term":[{"taxonomy":"product_brand","embeddable":true,"href":"https:\/\/glareone.eu\/de\/wp-json\/wp\/v2\/product_brand?post=5797"},{"taxonomy":"product_cat","embeddable":true,"href":"https:\/\/glareone.eu\/de\/wp-json\/wp\/v2\/product_cat?post=5797"},{"taxonomy":"product_tag","embeddable":true,"href":"https:\/\/glareone.eu\/de\/wp-json\/wp\/v2\/product_tag?post=5797"}],"curies":[{"name":"wp","href":"https:\/\/api.w.org\/{rel}","templated":true}]}}