{"id":5639,"date":"2024-04-18T19:26:11","date_gmt":"2024-04-18T19:26:11","guid":{"rendered":"http:\/\/glareone.eu\/produkt\/glareone-fb1520-chromakey-tlo-skladane-zielone-niebieskie-150x200-cm\/"},"modified":"2024-05-06T12:15:06","modified_gmt":"2024-05-06T12:15:06","slug":"glareone-fb1520-chromakey-faltbarer-fotohintergrund-blau-und-gruen-150x200-cm","status":"publish","type":"product","link":"https:\/\/glareone.eu\/de\/product\/glareone-fb1520-chromakey-faltbarer-fotohintergrund-blau-und-gruen-150x200-cm\/","title":{"rendered":"GlareOne FB1520 Chromakey &#8211; Faltbarer Fotohintergrund, blau und gr\u00fcn 150&#215;200 cm"},"content":{"rendered":"<p>Faltbarer Fotohintergrund auf einem Stretchrahmen, 150 x 200 cm, blau und gr\u00fcn. Die Konstruktion ist wie fotografische Reflektoren gefaltet, nach dem Falten betr\u00e4gt die Gr\u00f6\u00dfe: \u00f867 x 5 cm. Perfekt als Hintergrund f\u00fcr Filmaufnahmen, die gr\u00fcne und blaue Farbe k\u00f6nnen jeweils als Greenscreen oder Bluescreen verwendet werden.<\/p>\n<h3>2 verschillende Beschichtungen des GlareOne-Hintergrunds:<\/h3>\n<ol>\n<li>Gr\u00fcn &#8211; kann als Greenscreen verwendet werden<\/li>\n<li>Blau &#8211; kann als Bluescreen verwendet werden<\/li>\n<\/ol>\n<h3>Vorteile der 2-in-1 GlareOne gr\u00fcnen und blauen Hintergr\u00fcnde:<\/h3>\n<ul>\n<li>perfekte L\u00f6sung f\u00fcr kleine Studios f\u00fcr Vlogger, Youtuber.<\/li>\n<li>zwei verschiedene Bildschirme f\u00fcr unterschiedliche Effekte<\/li>\n<li>Flexibles Design erm\u00f6glicht es, den Hintergrund nach Belieben zu biegen<\/li>\n<li>solide Konstruktion funktioniert auch bei schwierigen Au\u00dfenbedingungen gut<\/li>\n<li>der Hintergrund kann an einer speziellen Schlaufe aufgeh\u00e4ngt werden<\/li>\n<li>robuster, flexibler Rahmen garantiert sicheres Falten und Entfalten des Hintergrunds, ohne sich um Risse, Absplitterungen oder Biegungen k\u00fcmmern zu m\u00fcssen<\/li>\n<li>Das Set enth\u00e4lt eine Abdeckung zum Schutz des Hintergrunds vor Besch\u00e4digungen w\u00e4hrend des Transports.<\/li>\n<\/ul>\n","protected":false},"excerpt":{"rendered":"<p>Faltbarer Fotohintergrund auf einem Stretchrahmen, 150 x 200 cm, blau und gr\u00fcn. Die Konstruktion ist wie fotografische Reflektoren gefaltet, nach dem Falten betr\u00e4gt die Gr\u00f6\u00dfe: \u00f867 x 5 cm. Perfekt als Hintergrund f\u00fcr Filmaufnahmen, die gr\u00fcne und blaue Farbe k\u00f6nnen jeweils als Greenscreen oder Bluescreen verwendet werden. 2 verschillende Beschichtungen des GlareOne-Hintergrunds: Gr\u00fcn &#8211; kann [&hellip;]<\/p>\n","protected":false},"featured_media":5628,"template":"","meta":[],"product_brand":[],"product_cat":[436],"product_tag":[],"class_list":{"0":"post-5639","1":"product","2":"type-product","3":"status-publish","4":"has-post-thumbnail","6":"product_cat-backdrops-und-hintergrundstutzsysteme","8":"first","9":"instock","10":"product-type-simple"},"yoast_head":"<!-- This site is optimized with the Yoast SEO plugin v27.2 - https:\/\/yoast.com\/product\/yoast-seo-wordpress\/ -->\n<title>GlareOne FB1520 Chromakey - t\u0142o sk\u0142adane zielone\/niebieskie 150x200 cm<\/title>\n<meta name=\"description\" content=\"GlareOne FB1520 Chromakey - t\u0142o sk\u0142adane zielone\/niebieskie 150x200 cm\" \/>\n<meta name=\"robots\" content=\"index, follow, max-snippet:-1, max-image-preview:large, max-video-preview:-1\" \/>\n<link rel=\"canonical\" href=\"https:\/\/glareone.eu\/de\/product\/glareone-fb1520-chromakey-faltbarer-fotohintergrund-blau-und-gruen-150x200-cm\/\" \/>\n<meta property=\"og:locale\" content=\"de_DE\" \/>\n<meta property=\"og:type\" content=\"article\" \/>\n<meta property=\"og:title\" content=\"GlareOne FB1520 Chromakey - t\u0142o sk\u0142adane zielone\/niebieskie 150x200 cm\" \/>\n<meta property=\"og:description\" content=\"GlareOne FB1520 Chromakey - t\u0142o sk\u0142adane zielone\/niebieskie 150x200 cm\" \/>\n<meta property=\"og:url\" content=\"https:\/\/glareone.eu\/de\/product\/glareone-fb1520-chromakey-faltbarer-fotohintergrund-blau-und-gruen-150x200-cm\/\" \/>\n<meta property=\"og:site_name\" content=\"GlareOne\" \/>\n<meta property=\"article:publisher\" content=\"https:\/\/www.facebook.com\/GlareOneLighting\" \/>\n<meta property=\"article:modified_time\" content=\"2024-05-06T12:15:06+00:00\" \/>\n<meta property=\"og:image\" content=\"https:\/\/glareone.eu\/wp-content\/uploads\/2024\/04\/SBRGBO150X200_001.jpg\" \/>\n\t<meta property=\"og:image:width\" content=\"1000\" \/>\n\t<meta property=\"og:image:height\" content=\"1000\" \/>\n\t<meta property=\"og:image:type\" content=\"image\/jpeg\" \/>\n<meta name=\"twitter:card\" content=\"summary_large_image\" \/>\n<meta name=\"twitter:title\" content=\"GlareOne FB1520 Chromakey - t\u0142o sk\u0142adane zielone\/niebieskie 150x200 cm\" \/>\n<meta name=\"twitter:label1\" content=\"Gesch\u00e4tzte Lesezeit\" \/>\n\t<meta name=\"twitter:data1\" content=\"1\u00a0Minute\" \/>\n<script type=\"application\/ld+json\" class=\"yoast-schema-graph\">{\"@context\":\"https:\/\/schema.org\",\"@graph\":[{\"@type\":\"WebPage\",\"@id\":\"https:\/\/glareone.eu\/de\/product\/glareone-fb1520-chromakey-faltbarer-fotohintergrund-blau-und-gruen-150x200-cm\/\",\"url\":\"https:\/\/glareone.eu\/de\/product\/glareone-fb1520-chromakey-faltbarer-fotohintergrund-blau-und-gruen-150x200-cm\/\",\"name\":\"GlareOne FB1520 Chromakey - t\u0142o sk\u0142adane zielone\/niebieskie 150x200 cm\",\"isPartOf\":{\"@id\":\"https:\/\/glareone.eu\/de\/en\/#website\"},\"primaryImageOfPage\":{\"@id\":\"https:\/\/glareone.eu\/de\/product\/glareone-fb1520-chromakey-faltbarer-fotohintergrund-blau-und-gruen-150x200-cm\/#primaryimage\"},\"image\":{\"@id\":\"https:\/\/glareone.eu\/de\/product\/glareone-fb1520-chromakey-faltbarer-fotohintergrund-blau-und-gruen-150x200-cm\/#primaryimage\"},\"thumbnailUrl\":\"https:\/\/glareone.eu\/wp-content\/uploads\/2024\/04\/SBRGBO150X200_001.jpg\",\"datePublished\":\"2024-04-18T19:26:11+00:00\",\"dateModified\":\"2024-05-06T12:15:06+00:00\",\"description\":\"GlareOne FB1520 Chromakey - t\u0142o sk\u0142adane zielone\/niebieskie 150x200 cm\",\"breadcrumb\":{\"@id\":\"https:\/\/glareone.eu\/de\/product\/glareone-fb1520-chromakey-faltbarer-fotohintergrund-blau-und-gruen-150x200-cm\/#breadcrumb\"},\"inLanguage\":\"de\",\"potentialAction\":[{\"@type\":\"ReadAction\",\"target\":[\"https:\/\/glareone.eu\/de\/product\/glareone-fb1520-chromakey-faltbarer-fotohintergrund-blau-und-gruen-150x200-cm\/\"]}]},{\"@type\":\"ImageObject\",\"inLanguage\":\"de\",\"@id\":\"https:\/\/glareone.eu\/de\/product\/glareone-fb1520-chromakey-faltbarer-fotohintergrund-blau-und-gruen-150x200-cm\/#primaryimage\",\"url\":\"https:\/\/glareone.eu\/wp-content\/uploads\/2024\/04\/SBRGBO150X200_001.jpg\",\"contentUrl\":\"https:\/\/glareone.eu\/wp-content\/uploads\/2024\/04\/SBRGBO150X200_001.jpg\",\"width\":1000,\"height\":1000},{\"@type\":\"BreadcrumbList\",\"@id\":\"https:\/\/glareone.eu\/de\/product\/glareone-fb1520-chromakey-faltbarer-fotohintergrund-blau-und-gruen-150x200-cm\/#breadcrumb\",\"itemListElement\":[{\"@type\":\"ListItem\",\"position\":1,\"name\":\"Strona g\u0142\u00f3wna\",\"item\":\"https:\/\/glareone.eu\/de\/\"},{\"@type\":\"ListItem\",\"position\":2,\"name\":\"Alle Produkte\",\"item\":\"https:\/\/glareone.eu\/de\/produkte\/alle-produkte\/\"},{\"@type\":\"ListItem\",\"position\":3,\"name\":\"GlareOne FB1520 Chromakey &#8211; Faltbarer Fotohintergrund, blau und gr\u00fcn 150&#215;200 cm\"}]},{\"@type\":\"WebSite\",\"@id\":\"https:\/\/glareone.eu\/de\/en\/#website\",\"url\":\"https:\/\/glareone.eu\/de\/en\/\",\"name\":\"GlareOne\",\"description\":\"Wyposa\u017cenie Studia\",\"publisher\":{\"@id\":\"https:\/\/glareone.eu\/de\/en\/#organization\"},\"potentialAction\":[{\"@type\":\"SearchAction\",\"target\":{\"@type\":\"EntryPoint\",\"urlTemplate\":\"https:\/\/glareone.eu\/de\/en\/?s={search_term_string}\"},\"query-input\":{\"@type\":\"PropertyValueSpecification\",\"valueRequired\":true,\"valueName\":\"search_term_string\"}}],\"inLanguage\":\"de\"},{\"@type\":\"Organization\",\"@id\":\"https:\/\/glareone.eu\/de\/en\/#organization\",\"name\":\"GlareOne\",\"url\":\"https:\/\/glareone.eu\/de\/en\/\",\"logo\":{\"@type\":\"ImageObject\",\"inLanguage\":\"de\",\"@id\":\"https:\/\/glareone.eu\/de\/en\/#\/schema\/logo\/image\/\",\"url\":\"http:\/\/glareone.eu\/wp-content\/uploads\/2024\/05\/glareone_logo2020_RGB-01-e1715773127189.png\",\"contentUrl\":\"http:\/\/glareone.eu\/wp-content\/uploads\/2024\/05\/glareone_logo2020_RGB-01-e1715773127189.png\",\"width\":1270,\"height\":321,\"caption\":\"GlareOne\"},\"image\":{\"@id\":\"https:\/\/glareone.eu\/de\/en\/#\/schema\/logo\/image\/\"},\"sameAs\":[\"https:\/\/www.facebook.com\/GlareOneLighting\",\"https:\/\/www.instagram.com\/glareonelighting\/\",\"https:\/\/www.youtube.com\/@GlareOneTV\"]}]}<\/script>\n<!-- \/ Yoast SEO plugin. -->","yoast_head_json":{"title":"GlareOne FB1520 Chromakey - t\u0142o sk\u0142adane zielone\/niebieskie 150x200 cm","description":"GlareOne FB1520 Chromakey - t\u0142o sk\u0142adane zielone\/niebieskie 150x200 cm","robots":{"index":"index","follow":"follow","max-snippet":"max-snippet:-1","max-image-preview":"max-image-preview:large","max-video-preview":"max-video-preview:-1"},"canonical":"https:\/\/glareone.eu\/de\/product\/glareone-fb1520-chromakey-faltbarer-fotohintergrund-blau-und-gruen-150x200-cm\/","og_locale":"de_DE","og_type":"article","og_title":"GlareOne FB1520 Chromakey - t\u0142o sk\u0142adane zielone\/niebieskie 150x200 cm","og_description":"GlareOne FB1520 Chromakey - t\u0142o sk\u0142adane zielone\/niebieskie 150x200 cm","og_url":"https:\/\/glareone.eu\/de\/product\/glareone-fb1520-chromakey-faltbarer-fotohintergrund-blau-und-gruen-150x200-cm\/","og_site_name":"GlareOne","article_publisher":"https:\/\/www.facebook.com\/GlareOneLighting","article_modified_time":"2024-05-06T12:15:06+00:00","og_image":[{"width":1000,"height":1000,"url":"https:\/\/glareone.eu\/wp-content\/uploads\/2024\/04\/SBRGBO150X200_001.jpg","type":"image\/jpeg"}],"twitter_card":"summary_large_image","twitter_title":"GlareOne FB1520 Chromakey - t\u0142o sk\u0142adane zielone\/niebieskie 150x200 cm","twitter_misc":{"Gesch\u00e4tzte Lesezeit":"1\u00a0Minute"},"schema":{"@context":"https:\/\/schema.org","@graph":[{"@type":"WebPage","@id":"https:\/\/glareone.eu\/de\/product\/glareone-fb1520-chromakey-faltbarer-fotohintergrund-blau-und-gruen-150x200-cm\/","url":"https:\/\/glareone.eu\/de\/product\/glareone-fb1520-chromakey-faltbarer-fotohintergrund-blau-und-gruen-150x200-cm\/","name":"GlareOne FB1520 Chromakey - t\u0142o sk\u0142adane zielone\/niebieskie 150x200 cm","isPartOf":{"@id":"https:\/\/glareone.eu\/de\/en\/#website"},"primaryImageOfPage":{"@id":"https:\/\/glareone.eu\/de\/product\/glareone-fb1520-chromakey-faltbarer-fotohintergrund-blau-und-gruen-150x200-cm\/#primaryimage"},"image":{"@id":"https:\/\/glareone.eu\/de\/product\/glareone-fb1520-chromakey-faltbarer-fotohintergrund-blau-und-gruen-150x200-cm\/#primaryimage"},"thumbnailUrl":"https:\/\/glareone.eu\/wp-content\/uploads\/2024\/04\/SBRGBO150X200_001.jpg","datePublished":"2024-04-18T19:26:11+00:00","dateModified":"2024-05-06T12:15:06+00:00","description":"GlareOne FB1520 Chromakey - t\u0142o sk\u0142adane zielone\/niebieskie 150x200 cm","breadcrumb":{"@id":"https:\/\/glareone.eu\/de\/product\/glareone-fb1520-chromakey-faltbarer-fotohintergrund-blau-und-gruen-150x200-cm\/#breadcrumb"},"inLanguage":"de","potentialAction":[{"@type":"ReadAction","target":["https:\/\/glareone.eu\/de\/product\/glareone-fb1520-chromakey-faltbarer-fotohintergrund-blau-und-gruen-150x200-cm\/"]}]},{"@type":"ImageObject","inLanguage":"de","@id":"https:\/\/glareone.eu\/de\/product\/glareone-fb1520-chromakey-faltbarer-fotohintergrund-blau-und-gruen-150x200-cm\/#primaryimage","url":"https:\/\/glareone.eu\/wp-content\/uploads\/2024\/04\/SBRGBO150X200_001.jpg","contentUrl":"https:\/\/glareone.eu\/wp-content\/uploads\/2024\/04\/SBRGBO150X200_001.jpg","width":1000,"height":1000},{"@type":"BreadcrumbList","@id":"https:\/\/glareone.eu\/de\/product\/glareone-fb1520-chromakey-faltbarer-fotohintergrund-blau-und-gruen-150x200-cm\/#breadcrumb","itemListElement":[{"@type":"ListItem","position":1,"name":"Strona g\u0142\u00f3wna","item":"https:\/\/glareone.eu\/de\/"},{"@type":"ListItem","position":2,"name":"Alle Produkte","item":"https:\/\/glareone.eu\/de\/produkte\/alle-produkte\/"},{"@type":"ListItem","position":3,"name":"GlareOne FB1520 Chromakey &#8211; Faltbarer Fotohintergrund, blau und gr\u00fcn 150&#215;200 cm"}]},{"@type":"WebSite","@id":"https:\/\/glareone.eu\/de\/en\/#website","url":"https:\/\/glareone.eu\/de\/en\/","name":"GlareOne","description":"Wyposa\u017cenie Studia","publisher":{"@id":"https:\/\/glareone.eu\/de\/en\/#organization"},"potentialAction":[{"@type":"SearchAction","target":{"@type":"EntryPoint","urlTemplate":"https:\/\/glareone.eu\/de\/en\/?s={search_term_string}"},"query-input":{"@type":"PropertyValueSpecification","valueRequired":true,"valueName":"search_term_string"}}],"inLanguage":"de"},{"@type":"Organization","@id":"https:\/\/glareone.eu\/de\/en\/#organization","name":"GlareOne","url":"https:\/\/glareone.eu\/de\/en\/","logo":{"@type":"ImageObject","inLanguage":"de","@id":"https:\/\/glareone.eu\/de\/en\/#\/schema\/logo\/image\/","url":"http:\/\/glareone.eu\/wp-content\/uploads\/2024\/05\/glareone_logo2020_RGB-01-e1715773127189.png","contentUrl":"http:\/\/glareone.eu\/wp-content\/uploads\/2024\/05\/glareone_logo2020_RGB-01-e1715773127189.png","width":1270,"height":321,"caption":"GlareOne"},"image":{"@id":"https:\/\/glareone.eu\/de\/en\/#\/schema\/logo\/image\/"},"sameAs":["https:\/\/www.facebook.com\/GlareOneLighting","https:\/\/www.instagram.com\/glareonelighting\/","https:\/\/www.youtube.com\/@GlareOneTV"]}]}},"_links":{"self":[{"href":"https:\/\/glareone.eu\/de\/wp-json\/wp\/v2\/product\/5639","targetHints":{"allow":["GET"]}}],"collection":[{"href":"https:\/\/glareone.eu\/de\/wp-json\/wp\/v2\/product"}],"about":[{"href":"https:\/\/glareone.eu\/de\/wp-json\/wp\/v2\/types\/product"}],"wp:featuredmedia":[{"embeddable":true,"href":"https:\/\/glareone.eu\/de\/wp-json\/wp\/v2\/media\/5628"}],"wp:attachment":[{"href":"https:\/\/glareone.eu\/de\/wp-json\/wp\/v2\/media?parent=5639"}],"wp:term":[{"taxonomy":"product_brand","embeddable":true,"href":"https:\/\/glareone.eu\/de\/wp-json\/wp\/v2\/product_brand?post=5639"},{"taxonomy":"product_cat","embeddable":true,"href":"https:\/\/glareone.eu\/de\/wp-json\/wp\/v2\/product_cat?post=5639"},{"taxonomy":"product_tag","embeddable":true,"href":"https:\/\/glareone.eu\/de\/wp-json\/wp\/v2\/product_tag?post=5639"}],"curies":[{"name":"wp","href":"https:\/\/api.w.org\/{rel}","templated":true}]}}