{"id":5399,"date":"2024-04-18T19:26:29","date_gmt":"2024-04-18T19:26:29","guid":{"rendered":"http:\/\/glareone.eu\/produkt\/glareone-led-cube-40-namiot-bezcieniowy-z-oswietleniem-led\/"},"modified":"2024-05-06T11:14:48","modified_gmt":"2024-05-06T11:14:48","slug":"glareone-led-cube-40-zelt-mit-led-beleuchtung","status":"publish","type":"product","link":"https:\/\/glareone.eu\/de\/product\/glareone-led-cube-40-zelt-mit-led-beleuchtung\/","title":{"rendered":"GlareOne LED Cube 40 &#8211; Zelt mit LED-Beleuchtung"},"content":{"rendered":"<h3>Leicht zu bedienen<\/h3>\n<p>Der LED Cube ist ein komplettes Set f\u00fcr die Produktfotografie von kleinen Objekten, das es einfach macht, klare und gut belichtete Fotos zu erhalten. Das Zelt verf\u00fcgt \u00fcber integrierte LED-Beleuchtung, sodass es nahtlos mit Kameras oder Smartphones verwendet werden kann. Keine zus\u00e4tzlichen Lichter oder Diffusoren sind erforderlich, da alle notwendigen Komponenten im Set enthalten sind. Die W\u00e4nde des Zeltes sind in die dauerhaften Rahmenstangen eingen\u00e4ht, und das Ganze verbindet sich mit Klettverschluss, sodass Sie den LED Cube innerhalb von Sekunden einsatzbereit machen k\u00f6nnen.<\/p>\n<h3>Handlich<\/h3>\n<p>Der LED Cube ist so konzipiert, dass er leicht und schnell in k\u00fcrzester Zeit auf- und abgebaut werden kann. Der Rahmen wurde so gestaltet, dass er sich wie ein Briefumschlag zusammenfaltet, nachdem der Klettverschluss entfernt wurde, sodass er w\u00e4hrend des Transports sehr wenig Platz einnimmt. Die Zeltabdeckung ist in den Tragegriff eingen\u00e4ht und verf\u00fcgt \u00fcber eine Netzinnentasche f\u00fcr Stromversorgung und Netzkabel.<\/p>\n<h3>N\u00fctzlich<\/h3>\n<p>Dank der Tatsache, dass der LED Cube zwei Fenster hat, durch die Fotos aufgenommen werden k\u00f6nnen (von der Seite und von oben), ist es m\u00f6glich, nicht nur gut beleuchtete Fotos, sondern auch deren Vielfalt zu erhalten. Das Innere ist mit einem reflektierenden Silberbildschirm bedeckt, sodass das Motiv von allen Seiten gleichm\u00e4\u00dfig beleuchtet wird. Die mitgelieferten Hintergr\u00fcnde sind aus Acryl gefertigt, was sie langlebig, einfach zu lagern und wasserdicht macht, und sie werden im Inneren des LED Cube mit Klettverschluss befestigt. Ein wei\u00dfer Diffusor ist ebenfalls im Set enthalten, der unter den Lichtquellen montiert werden kann, um sie bei Bedarf weiter zu diffundieren und zu erweichen.<\/p>\n<h3>Produktmerkmale:<\/h3>\n<ul>\n<li>Perfekt zur Beleuchtung kleiner Objekte<\/li>\n<li>Sehr einfach und schnell zu installieren<\/li>\n<li>Integrierte LED-Beleuchtung<\/li>\n<li>Einstellbare Lichtleistung<\/li>\n<li>Vier Acrylhintergr\u00fcnde im Lieferumfang enthalten<\/li>\n<li>Kompakte Gr\u00f6\u00dfe im zusammengefalteten Zustand<\/li>\n<\/ul>\n","protected":false},"excerpt":{"rendered":"<p>Leicht zu bedienen Der LED Cube ist ein komplettes Set f\u00fcr die Produktfotografie von kleinen Objekten, das es einfach macht, klare und gut belichtete Fotos zu erhalten. Das Zelt verf\u00fcgt \u00fcber integrierte LED-Beleuchtung, sodass es nahtlos mit Kameras oder Smartphones verwendet werden kann. Keine zus\u00e4tzlichen Lichter oder Diffusoren sind erforderlich, da alle notwendigen Komponenten im [&hellip;]<\/p>\n","protected":false},"featured_media":5376,"template":"","meta":[],"product_brand":[],"product_cat":[448],"product_tag":[],"class_list":{"0":"post-5399","1":"product","2":"type-product","3":"status-publish","4":"has-post-thumbnail","6":"product_cat-schattenlose-fotografie","8":"first","9":"instock","10":"product-type-simple"},"yoast_head":"<!-- This site is optimized with the Yoast SEO plugin v27.2 - https:\/\/yoast.com\/product\/yoast-seo-wordpress\/ -->\n<title>GlareOne LED Cube 40 - namiot bezcieniowy z o\u015bwietleniem LED<\/title>\n<meta name=\"description\" content=\"GlareOne LED Cube 40 - namiot bezcieniowy z o\u015bwietleniem LED\" \/>\n<meta name=\"robots\" content=\"index, follow, max-snippet:-1, max-image-preview:large, max-video-preview:-1\" \/>\n<link rel=\"canonical\" href=\"https:\/\/glareone.eu\/de\/product\/glareone-led-cube-40-zelt-mit-led-beleuchtung\/\" \/>\n<meta property=\"og:locale\" content=\"de_DE\" \/>\n<meta property=\"og:type\" content=\"article\" \/>\n<meta property=\"og:title\" content=\"GlareOne LED Cube 40 - namiot bezcieniowy z o\u015bwietleniem LED\" \/>\n<meta property=\"og:description\" content=\"GlareOne LED Cube 40 - namiot bezcieniowy z o\u015bwietleniem LED\" \/>\n<meta property=\"og:url\" content=\"https:\/\/glareone.eu\/de\/product\/glareone-led-cube-40-zelt-mit-led-beleuchtung\/\" \/>\n<meta property=\"og:site_name\" content=\"GlareOne\" \/>\n<meta property=\"article:publisher\" content=\"https:\/\/www.facebook.com\/GlareOneLighting\" \/>\n<meta property=\"article:modified_time\" content=\"2024-05-06T11:14:48+00:00\" \/>\n<meta property=\"og:image\" content=\"https:\/\/glareone.eu\/wp-content\/uploads\/2024\/04\/GlareOne-LED-Cube-40-01.jpg\" \/>\n\t<meta property=\"og:image:width\" content=\"1200\" \/>\n\t<meta property=\"og:image:height\" content=\"1200\" \/>\n\t<meta property=\"og:image:type\" content=\"image\/jpeg\" \/>\n<meta name=\"twitter:card\" content=\"summary_large_image\" \/>\n<meta name=\"twitter:title\" content=\"GlareOne LED Cube 40 - namiot bezcieniowy z o\u015bwietleniem LED\" \/>\n<meta name=\"twitter:label1\" content=\"Gesch\u00e4tzte Lesezeit\" \/>\n\t<meta name=\"twitter:data1\" content=\"2\u00a0Minuten\" \/>\n<script type=\"application\/ld+json\" class=\"yoast-schema-graph\">{\"@context\":\"https:\/\/schema.org\",\"@graph\":[{\"@type\":\"WebPage\",\"@id\":\"https:\/\/glareone.eu\/de\/product\/glareone-led-cube-40-zelt-mit-led-beleuchtung\/\",\"url\":\"https:\/\/glareone.eu\/de\/product\/glareone-led-cube-40-zelt-mit-led-beleuchtung\/\",\"name\":\"GlareOne LED Cube 40 - namiot bezcieniowy z o\u015bwietleniem LED\",\"isPartOf\":{\"@id\":\"https:\/\/glareone.eu\/de\/en\/#website\"},\"primaryImageOfPage\":{\"@id\":\"https:\/\/glareone.eu\/de\/product\/glareone-led-cube-40-zelt-mit-led-beleuchtung\/#primaryimage\"},\"image\":{\"@id\":\"https:\/\/glareone.eu\/de\/product\/glareone-led-cube-40-zelt-mit-led-beleuchtung\/#primaryimage\"},\"thumbnailUrl\":\"https:\/\/glareone.eu\/wp-content\/uploads\/2024\/04\/GlareOne-LED-Cube-40-01.jpg\",\"datePublished\":\"2024-04-18T19:26:29+00:00\",\"dateModified\":\"2024-05-06T11:14:48+00:00\",\"description\":\"GlareOne LED Cube 40 - namiot bezcieniowy z o\u015bwietleniem LED\",\"breadcrumb\":{\"@id\":\"https:\/\/glareone.eu\/de\/product\/glareone-led-cube-40-zelt-mit-led-beleuchtung\/#breadcrumb\"},\"inLanguage\":\"de\",\"potentialAction\":[{\"@type\":\"ReadAction\",\"target\":[\"https:\/\/glareone.eu\/de\/product\/glareone-led-cube-40-zelt-mit-led-beleuchtung\/\"]}]},{\"@type\":\"ImageObject\",\"inLanguage\":\"de\",\"@id\":\"https:\/\/glareone.eu\/de\/product\/glareone-led-cube-40-zelt-mit-led-beleuchtung\/#primaryimage\",\"url\":\"https:\/\/glareone.eu\/wp-content\/uploads\/2024\/04\/GlareOne-LED-Cube-40-01.jpg\",\"contentUrl\":\"https:\/\/glareone.eu\/wp-content\/uploads\/2024\/04\/GlareOne-LED-Cube-40-01.jpg\",\"width\":1200,\"height\":1200},{\"@type\":\"BreadcrumbList\",\"@id\":\"https:\/\/glareone.eu\/de\/product\/glareone-led-cube-40-zelt-mit-led-beleuchtung\/#breadcrumb\",\"itemListElement\":[{\"@type\":\"ListItem\",\"position\":1,\"name\":\"Strona g\u0142\u00f3wna\",\"item\":\"https:\/\/glareone.eu\/de\/\"},{\"@type\":\"ListItem\",\"position\":2,\"name\":\"Alle Produkte\",\"item\":\"https:\/\/glareone.eu\/de\/produkte\/alle-produkte\/\"},{\"@type\":\"ListItem\",\"position\":3,\"name\":\"GlareOne LED Cube 40 &#8211; Zelt mit LED-Beleuchtung\"}]},{\"@type\":\"WebSite\",\"@id\":\"https:\/\/glareone.eu\/de\/en\/#website\",\"url\":\"https:\/\/glareone.eu\/de\/en\/\",\"name\":\"GlareOne\",\"description\":\"Wyposa\u017cenie Studia\",\"publisher\":{\"@id\":\"https:\/\/glareone.eu\/de\/en\/#organization\"},\"potentialAction\":[{\"@type\":\"SearchAction\",\"target\":{\"@type\":\"EntryPoint\",\"urlTemplate\":\"https:\/\/glareone.eu\/de\/en\/?s={search_term_string}\"},\"query-input\":{\"@type\":\"PropertyValueSpecification\",\"valueRequired\":true,\"valueName\":\"search_term_string\"}}],\"inLanguage\":\"de\"},{\"@type\":\"Organization\",\"@id\":\"https:\/\/glareone.eu\/de\/en\/#organization\",\"name\":\"GlareOne\",\"url\":\"https:\/\/glareone.eu\/de\/en\/\",\"logo\":{\"@type\":\"ImageObject\",\"inLanguage\":\"de\",\"@id\":\"https:\/\/glareone.eu\/de\/en\/#\/schema\/logo\/image\/\",\"url\":\"http:\/\/glareone.eu\/wp-content\/uploads\/2024\/05\/glareone_logo2020_RGB-01-e1715773127189.png\",\"contentUrl\":\"http:\/\/glareone.eu\/wp-content\/uploads\/2024\/05\/glareone_logo2020_RGB-01-e1715773127189.png\",\"width\":1270,\"height\":321,\"caption\":\"GlareOne\"},\"image\":{\"@id\":\"https:\/\/glareone.eu\/de\/en\/#\/schema\/logo\/image\/\"},\"sameAs\":[\"https:\/\/www.facebook.com\/GlareOneLighting\",\"https:\/\/www.instagram.com\/glareonelighting\/\",\"https:\/\/www.youtube.com\/@GlareOneTV\"]}]}<\/script>\n<!-- \/ Yoast SEO plugin. -->","yoast_head_json":{"title":"GlareOne LED Cube 40 - namiot bezcieniowy z o\u015bwietleniem LED","description":"GlareOne LED Cube 40 - namiot bezcieniowy z o\u015bwietleniem LED","robots":{"index":"index","follow":"follow","max-snippet":"max-snippet:-1","max-image-preview":"max-image-preview:large","max-video-preview":"max-video-preview:-1"},"canonical":"https:\/\/glareone.eu\/de\/product\/glareone-led-cube-40-zelt-mit-led-beleuchtung\/","og_locale":"de_DE","og_type":"article","og_title":"GlareOne LED Cube 40 - namiot bezcieniowy z o\u015bwietleniem LED","og_description":"GlareOne LED Cube 40 - namiot bezcieniowy z o\u015bwietleniem LED","og_url":"https:\/\/glareone.eu\/de\/product\/glareone-led-cube-40-zelt-mit-led-beleuchtung\/","og_site_name":"GlareOne","article_publisher":"https:\/\/www.facebook.com\/GlareOneLighting","article_modified_time":"2024-05-06T11:14:48+00:00","og_image":[{"width":1200,"height":1200,"url":"https:\/\/glareone.eu\/wp-content\/uploads\/2024\/04\/GlareOne-LED-Cube-40-01.jpg","type":"image\/jpeg"}],"twitter_card":"summary_large_image","twitter_title":"GlareOne LED Cube 40 - namiot bezcieniowy z o\u015bwietleniem LED","twitter_misc":{"Gesch\u00e4tzte Lesezeit":"2\u00a0Minuten"},"schema":{"@context":"https:\/\/schema.org","@graph":[{"@type":"WebPage","@id":"https:\/\/glareone.eu\/de\/product\/glareone-led-cube-40-zelt-mit-led-beleuchtung\/","url":"https:\/\/glareone.eu\/de\/product\/glareone-led-cube-40-zelt-mit-led-beleuchtung\/","name":"GlareOne LED Cube 40 - namiot bezcieniowy z o\u015bwietleniem LED","isPartOf":{"@id":"https:\/\/glareone.eu\/de\/en\/#website"},"primaryImageOfPage":{"@id":"https:\/\/glareone.eu\/de\/product\/glareone-led-cube-40-zelt-mit-led-beleuchtung\/#primaryimage"},"image":{"@id":"https:\/\/glareone.eu\/de\/product\/glareone-led-cube-40-zelt-mit-led-beleuchtung\/#primaryimage"},"thumbnailUrl":"https:\/\/glareone.eu\/wp-content\/uploads\/2024\/04\/GlareOne-LED-Cube-40-01.jpg","datePublished":"2024-04-18T19:26:29+00:00","dateModified":"2024-05-06T11:14:48+00:00","description":"GlareOne LED Cube 40 - namiot bezcieniowy z o\u015bwietleniem LED","breadcrumb":{"@id":"https:\/\/glareone.eu\/de\/product\/glareone-led-cube-40-zelt-mit-led-beleuchtung\/#breadcrumb"},"inLanguage":"de","potentialAction":[{"@type":"ReadAction","target":["https:\/\/glareone.eu\/de\/product\/glareone-led-cube-40-zelt-mit-led-beleuchtung\/"]}]},{"@type":"ImageObject","inLanguage":"de","@id":"https:\/\/glareone.eu\/de\/product\/glareone-led-cube-40-zelt-mit-led-beleuchtung\/#primaryimage","url":"https:\/\/glareone.eu\/wp-content\/uploads\/2024\/04\/GlareOne-LED-Cube-40-01.jpg","contentUrl":"https:\/\/glareone.eu\/wp-content\/uploads\/2024\/04\/GlareOne-LED-Cube-40-01.jpg","width":1200,"height":1200},{"@type":"BreadcrumbList","@id":"https:\/\/glareone.eu\/de\/product\/glareone-led-cube-40-zelt-mit-led-beleuchtung\/#breadcrumb","itemListElement":[{"@type":"ListItem","position":1,"name":"Strona g\u0142\u00f3wna","item":"https:\/\/glareone.eu\/de\/"},{"@type":"ListItem","position":2,"name":"Alle Produkte","item":"https:\/\/glareone.eu\/de\/produkte\/alle-produkte\/"},{"@type":"ListItem","position":3,"name":"GlareOne LED Cube 40 &#8211; Zelt mit LED-Beleuchtung"}]},{"@type":"WebSite","@id":"https:\/\/glareone.eu\/de\/en\/#website","url":"https:\/\/glareone.eu\/de\/en\/","name":"GlareOne","description":"Wyposa\u017cenie Studia","publisher":{"@id":"https:\/\/glareone.eu\/de\/en\/#organization"},"potentialAction":[{"@type":"SearchAction","target":{"@type":"EntryPoint","urlTemplate":"https:\/\/glareone.eu\/de\/en\/?s={search_term_string}"},"query-input":{"@type":"PropertyValueSpecification","valueRequired":true,"valueName":"search_term_string"}}],"inLanguage":"de"},{"@type":"Organization","@id":"https:\/\/glareone.eu\/de\/en\/#organization","name":"GlareOne","url":"https:\/\/glareone.eu\/de\/en\/","logo":{"@type":"ImageObject","inLanguage":"de","@id":"https:\/\/glareone.eu\/de\/en\/#\/schema\/logo\/image\/","url":"http:\/\/glareone.eu\/wp-content\/uploads\/2024\/05\/glareone_logo2020_RGB-01-e1715773127189.png","contentUrl":"http:\/\/glareone.eu\/wp-content\/uploads\/2024\/05\/glareone_logo2020_RGB-01-e1715773127189.png","width":1270,"height":321,"caption":"GlareOne"},"image":{"@id":"https:\/\/glareone.eu\/de\/en\/#\/schema\/logo\/image\/"},"sameAs":["https:\/\/www.facebook.com\/GlareOneLighting","https:\/\/www.instagram.com\/glareonelighting\/","https:\/\/www.youtube.com\/@GlareOneTV"]}]}},"_links":{"self":[{"href":"https:\/\/glareone.eu\/de\/wp-json\/wp\/v2\/product\/5399","targetHints":{"allow":["GET"]}}],"collection":[{"href":"https:\/\/glareone.eu\/de\/wp-json\/wp\/v2\/product"}],"about":[{"href":"https:\/\/glareone.eu\/de\/wp-json\/wp\/v2\/types\/product"}],"wp:featuredmedia":[{"embeddable":true,"href":"https:\/\/glareone.eu\/de\/wp-json\/wp\/v2\/media\/5376"}],"wp:attachment":[{"href":"https:\/\/glareone.eu\/de\/wp-json\/wp\/v2\/media?parent=5399"}],"wp:term":[{"taxonomy":"product_brand","embeddable":true,"href":"https:\/\/glareone.eu\/de\/wp-json\/wp\/v2\/product_brand?post=5399"},{"taxonomy":"product_cat","embeddable":true,"href":"https:\/\/glareone.eu\/de\/wp-json\/wp\/v2\/product_cat?post=5399"},{"taxonomy":"product_tag","embeddable":true,"href":"https:\/\/glareone.eu\/de\/wp-json\/wp\/v2\/product_tag?post=5399"}],"curies":[{"name":"wp","href":"https:\/\/api.w.org\/{rel}","templated":true}]}}